{"id":2471,"date":"2025-02-17T10:40:34","date_gmt":"2025-02-17T10:40:34","guid":{"rendered":"https:\/\/globe-europe.nl\/?page_id=2471"},"modified":"2025-02-24T13:54:09","modified_gmt":"2025-02-24T13:54:09","slug":"handlerinformationen","status":"publish","type":"page","link":"https:\/\/globe-europe.nl\/de\/dealer-informatie\/","title":{"rendered":"H\u00c4NDLERINFORMATIONEN"},"content":{"rendered":"\n<div class=\"wp-block-columns is-layout-flex wp-container-core-columns-is-layout-28f84493 wp-block-columns-is-layout-flex\">\n<div class=\"wp-block-column is-layout-flow wp-block-column-is-layout-flow\">\n<h2 class=\"wp-block-heading\">Dealer worden?<\/h2>\n\n\n\n<p>Wilt u dealer worden van \u00e9\u00e9n of meerdere van onze merken? Wij bieden hoogwaardige producten en uitgebreide ondersteuning voor onze partners. Neem contact met ons op en ontdek de mogelijkheden!<\/p>\n\n\n<div class=\"wpforms-container wpforms-container-full wpforms-block wpforms-block-caa9ea41-a2e0-41af-ae41-04ea2d7120b8 wpforms-render-modern\" id=\"wpforms-2468\"><form id=\"wpforms-form-2468\" class=\"wpforms-validate wpforms-form wpforms-ajax-form\" data-formid=\"2468\" method=\"post\" enctype=\"multipart\/form-data\" action=\"\/de\/wp-json\/wp\/v2\/pages\/2471\" data-token=\"642f23e7929c6aa4c20ed5ea54f4ef60\" data-token-time=\"1777740879\"><noscript class=\"wpforms-error-noscript\">Bitte aktivieren Sie JavaScript in Ihrem Browser, um dieses Formular fertigzustellen.<\/noscript><div id=\"wpforms-error-noscript\" style=\"display: none;\">Bitte aktivieren Sie JavaScript in Ihrem Browser, um dieses Formular fertigzustellen.<\/div><div class=\"wpforms-field-container\"><div id=\"wpforms-2468-field_4-container\" class=\"wpforms-field wpforms-field-text\" data-field-id=\"4\"><label class=\"wpforms-field-label\" for=\"wpforms-2468-field_4\">Bedrijfsnaam <span class=\"wpforms-required-label\" aria-hidden=\"true\">*<\/span><\/label><input type=\"text\" id=\"wpforms-2468-field_4\" class=\"wpforms-field-large wpforms-field-required\" name=\"wpforms[fields][4]\" aria-errormessage=\"wpforms-2468-field_4-error\" required><\/div><div id=\"wpforms-2468-field_1-container\" class=\"wpforms-field wpforms-field-name\" data-field-id=\"1\"><fieldset><legend class=\"wpforms-field-label\">Naam <span class=\"wpforms-required-label\" aria-hidden=\"true\">*<\/span><\/legend><div class=\"wpforms-field-row wpforms-field-large\"><div class=\"wpforms-field-row-block wpforms-first wpforms-one-half\"><input type=\"text\" id=\"wpforms-2468-field_1\" class=\"wpforms-field-name-first wpforms-field-required\" name=\"wpforms[fields][1][first]\" aria-errormessage=\"wpforms-2468-field_1-error\" required><label for=\"wpforms-2468-field_1\" class=\"wpforms-field-sublabel after\">Vorname<\/label><\/div><div class=\"wpforms-field-row-block wpforms-one-half\"><input type=\"text\" id=\"wpforms-2468-field_1-last\" class=\"wpforms-field-name-last wpforms-field-required\" name=\"wpforms[fields][1][last]\" aria-errormessage=\"wpforms-2468-field_1-last-error\" required><label for=\"wpforms-2468-field_1-last\" class=\"wpforms-field-sublabel after\">Nachname<\/label><\/div><\/div><\/fieldset><\/div><div id=\"wpforms-2468-field_5-container\" class=\"wpforms-field wpforms-field-email\" data-field-id=\"5\"><label class=\"wpforms-field-label\" for=\"wpforms-2468-field_5\">E-mail <span class=\"wpforms-required-label\" aria-hidden=\"true\">*<\/span><\/label><input type=\"email\" id=\"wpforms-2468-field_5\" class=\"wpforms-field-large wpforms-field-required\" name=\"wpforms[fields][5]\" spellcheck=\"false\" aria-errormessage=\"wpforms-2468-field_5-error\" required><\/div><div id=\"wpforms-2468-field_7-container\" class=\"wpforms-field wpforms-field-text\" data-field-id=\"7\"><label class=\"wpforms-field-label\" for=\"wpforms-2468-field_7\">Telefoonnummer: <span class=\"wpforms-required-label\" aria-hidden=\"true\">*<\/span><\/label><input type=\"text\" id=\"wpforms-2468-field_7\" class=\"wpforms-field-large wpforms-field-required\" name=\"wpforms[fields][7]\" aria-errormessage=\"wpforms-2468-field_7-error\" required><\/div>\t\t<div id=\"wpforms-2468-field_2-container\"\n\t\t\tclass=\"wpforms-field wpforms-field-text\"\n\t\t\tdata-field-type=\"text\"\n\t\t\tdata-field-id=\"2\"\n\t\t\t>\n\t\t\t<label class=\"wpforms-field-label\" for=\"wpforms-2468-field_2\" >Dealer Naam Telefoonnummer:<\/label>\n\t\t\t<input type=\"text\" id=\"wpforms-2468-field_2\" class=\"wpforms-field-medium\" name=\"wpforms[fields][2]\" >\n\t\t<\/div>\n\t\t<div id=\"wpforms-2468-field_3-container\" class=\"wpforms-field wpforms-field-checkbox\" data-field-id=\"3\"><fieldset><legend class=\"wpforms-field-label\">Dealer worden van: <span class=\"wpforms-required-label\" aria-hidden=\"true\">*<\/span><\/legend><ul id=\"wpforms-2468-field_3\" class=\"wpforms-field-required\"><li class=\"choice-1 depth-1\"><input type=\"checkbox\" id=\"wpforms-2468-field_3_1\" name=\"wpforms[fields][3][]\" value=\"EGGENBERG\" aria-errormessage=\"wpforms-2468-field_3_1-error\" required ><label class=\"wpforms-field-label-inline\" for=\"wpforms-2468-field_3_1\">EGGENBERG<\/label><\/li><li class=\"choice-2 depth-1\"><input type=\"checkbox\" id=\"wpforms-2468-field_3_2\" name=\"wpforms[fields][3][]\" value=\"GEKA\" aria-errormessage=\"wpforms-2468-field_3_2-error\" required ><label class=\"wpforms-field-label-inline\" for=\"wpforms-2468-field_3_2\">GEKA<\/label><\/li><li class=\"choice-3 depth-1\"><input type=\"checkbox\" id=\"wpforms-2468-field_3_3\" name=\"wpforms[fields][3][]\" value=\"GLOBE\" aria-errormessage=\"wpforms-2468-field_3_3-error\" required ><label class=\"wpforms-field-label-inline\" for=\"wpforms-2468-field_3_3\">GLOBE<\/label><\/li><li class=\"choice-4 depth-1\"><input type=\"checkbox\" id=\"wpforms-2468-field_3_4\" name=\"wpforms[fields][3][]\" value=\"KRINO\" aria-errormessage=\"wpforms-2468-field_3_4-error\" required ><label class=\"wpforms-field-label-inline\" for=\"wpforms-2468-field_3_4\">KRINO<\/label><\/li><li class=\"choice-5 depth-1\"><input type=\"checkbox\" id=\"wpforms-2468-field_3_5\" name=\"wpforms[fields][3][]\" value=\"LENOX\" aria-errormessage=\"wpforms-2468-field_3_5-error\" required ><label class=\"wpforms-field-label-inline\" for=\"wpforms-2468-field_3_5\">LENOX<\/label><\/li><li class=\"choice-6 depth-1\"><input type=\"checkbox\" id=\"wpforms-2468-field_3_6\" name=\"wpforms[fields][3][]\" value=\"PATON\" aria-errormessage=\"wpforms-2468-field_3_6-error\" required ><label class=\"wpforms-field-label-inline\" for=\"wpforms-2468-field_3_6\">PATON<\/label><\/li><li class=\"choice-7 depth-1\"><input type=\"checkbox\" id=\"wpforms-2468-field_3_7\" name=\"wpforms[fields][3][]\" value=\"R\u00d6NTGEN\" aria-errormessage=\"wpforms-2468-field_3_7-error\" required ><label class=\"wpforms-field-label-inline\" for=\"wpforms-2468-field_3_7\">R\u00d6NTGEN<\/label><\/li><li class=\"choice-8 depth-1\"><input type=\"checkbox\" id=\"wpforms-2468-field_3_8\" name=\"wpforms[fields][3][]\" value=\"URKO\" aria-errormessage=\"wpforms-2468-field_3_8-error\" required ><label class=\"wpforms-field-label-inline\" for=\"wpforms-2468-field_3_8\">URKO<\/label><\/li><\/ul><\/fieldset><\/div><div id=\"wpforms-2468-field_6-container\" class=\"wpforms-field wpforms-field-textarea\" data-field-id=\"6\"><label class=\"wpforms-field-label\" for=\"wpforms-2468-field_6\">Toelichting: <span class=\"wpforms-required-label\" aria-hidden=\"true\">*<\/span><\/label><textarea id=\"wpforms-2468-field_6\" class=\"wpforms-field-medium wpforms-field-required\" name=\"wpforms[fields][6]\" aria-errormessage=\"wpforms-2468-field_6-error\" required><\/textarea><\/div><script>\n\t\t\t\t( function() {\n\t\t\t\t\tconst style = document.createElement( 'style' );\n\t\t\t\t\tstyle.appendChild( document.createTextNode( '#wpforms-2468-field_2-container { position: absolute !important; overflow: hidden !important; display: inline !important; height: 1px !important; width: 1px !important; z-index: -1000 !important; padding: 0 !important; } #wpforms-2468-field_2-container input { visibility: hidden; } #wpforms-conversational-form-page #wpforms-2468-field_2-container label { counter-increment: none; }' ) );\n\t\t\t\t\tdocument.head.appendChild( style );\n\t\t\t\t\tdocument.currentScript?.remove();\n\t\t\t\t} )();\n\t\t\t<\/script><\/div><!-- .wpforms-field-container --><div class=\"wpforms-submit-container\" ><input type=\"hidden\" name=\"wpforms[id]\" value=\"2468\"><input type=\"hidden\" name=\"page_title\" value=\"\"><input type=\"hidden\" name=\"page_url\" value=\"https:\/\/globe-europe.nl\/de\/wp-json\/wp\/v2\/pages\/2471\"><input type=\"hidden\" name=\"url_referer\" value=\"\"><button type=\"submit\" name=\"wpforms[submit]\" id=\"wpforms-submit-2468\" class=\"wpforms-submit\" data-alt-text=\"Verzenden...\" data-submit-text=\"Verzend\" aria-live=\"assertive\" value=\"wpforms-submit\">Verzend<\/button><img loading=\"lazy\" decoding=\"async\" src=\"https:\/\/globe-europe.nl\/wp-content\/plugins\/wpforms-lite\/assets\/images\/submit-spin.svg\" class=\"wpforms-submit-spinner\" style=\"display: none;\" width=\"26\" height=\"26\" alt=\"Wird geladen\"><\/div><\/form><\/div>  <!-- .wpforms-container --><\/div>\n\n\n\n<div class=\"wp-block-column is-layout-flow wp-block-column-is-layout-flow\"><style>\r\n\t#wpsl-stores .wpsl-store-thumb {height:45px !important; width:45px !important;}\r\n\t#wpsl-stores, #wpsl-direction-details, #wpsl-gmap {height:650px !important;}\r\n\t#wpsl-gmap .wpsl-info-window {max-width:225px !important;}\r\n\t.wpsl-input label, #wpsl-radius label, #wpsl-category label {width:95px;}\r\n\t#wpsl-search-input  {width:179px;}\r\n<\/style>\r\n<div id=\"wpsl-wrap\">\r\n\t<div class=\"wpsl-search wpsl-clearfix wpsl-checkboxes-enabled\">\r\n\t\t<div id=\"wpsl-search-wrap\">\r\n\t\t\t<form autocomplete=\"off\">\r\n\t\t\t<div class=\"wpsl-input\">\r\n\t\t\t\t<div><label for=\"wpsl-search-input\">Uw locatie<\/label><\/div>\r\n\t\t\t\t<input id=\"wpsl-search-input\" type=\"text\" value=\"\" name=\"wpsl-search-input\" placeholder=\"\" aria-required=\"true\" \/>\r\n\t\t\t<\/div>\r\n<ul id=\"wpsl-checkbox-filter\" class=\"wpsl-checkbox-3-columns\"><li><label><input type=\"checkbox\" value=\"444\"  \/>EGGENBERG<\/label><\/li><li><label><input type=\"checkbox\" value=\"445\"  \/>GEKA<\/label><\/li><li><label><input type=\"checkbox\" value=\"446\"  \/>GLOBE<\/label><\/li><li><label><input type=\"checkbox\" value=\"447\"  \/>KRINO<\/label><\/li><li><label><input type=\"checkbox\" value=\"448\"  \/>LENOX<\/label><\/li><li><label><input type=\"checkbox\" value=\"449\"  \/>PATON<\/label><\/li><li><label><input type=\"checkbox\" value=\"450\"  \/>R\u00d6NTGEN<\/label><\/li><li><label><input type=\"checkbox\" value=\"451\"  \/>URKO<\/label><\/li><\/ul>\t\t\t\t<div class=\"wpsl-search-btn-wrap\"><input id=\"wpsl-search-btn\" type=\"submit\" value=\"Zoek\"><\/div>\r\n\t\t<\/form>\r\n\t\t<\/div>\r\n\t<\/div>\r\n\t<div id=\"wpsl-gmap\" class=\"wpsl-gmap-canvas\"><\/div>\r\n\t<div id=\"wpsl-result-list\">\r\n\t\t<div id=\"wpsl-stores\" >\r\n\t\t\t<ul><\/ul>\r\n\t\t<\/div>\r\n\t\t<div id=\"wpsl-direction-details\">\r\n\t\t\t<ul><\/ul>\r\n\t\t<\/div>\r\n\t<\/div>\r\n<\/div>\r\n\n<\/div>\n<\/div>\n","protected":false},"excerpt":{"rendered":"<p>H\u00e4ndler werden? M\u00f6chten Sie H\u00e4ndler einer oder mehrerer unserer Marken werden? Wir bieten unseren Partnern hochwertige Produkte und umfassende Unterst\u00fctzung. Nehmen Sie Kontakt mit uns auf und entdecken Sie die M\u00f6glichkeiten!<\/p>","protected":false},"author":1,"featured_media":0,"parent":0,"menu_order":0,"comment_status":"closed","ping_status":"closed","template":"","meta":{"footnotes":""},"class_list":["post-2471","page","type-page","status-publish","hentry"],"blocksy_meta":[],"yoast_head":"<!-- This site is optimized with the Yoast SEO plugin v27.5 - https:\/\/yoast.com\/product\/yoast-seo-wordpress\/ -->\n<title>DEALER INFORMATIE - Globe Europe<\/title>\n<meta name=\"robots\" content=\"index, follow, max-snippet:-1, max-image-preview:large, max-video-preview:-1\" \/>\n<link rel=\"canonical\" href=\"https:\/\/globe-europe.nl\/de\/handlerinformationen\/\" \/>\n<meta property=\"og:locale\" content=\"de_DE\" \/>\n<meta property=\"og:type\" content=\"article\" \/>\n<meta property=\"og:title\" content=\"DEALER INFORMATIE - Globe Europe\" \/>\n<meta property=\"og:description\" content=\"Dealer worden? Wilt u dealer worden van \u00e9\u00e9n of meerdere van onze merken? Wij bieden hoogwaardige producten en uitgebreide ondersteuning voor onze partners. Neem contact met ons op en ontdek de mogelijkheden!\" \/>\n<meta property=\"og:url\" content=\"https:\/\/globe-europe.nl\/de\/handlerinformationen\/\" \/>\n<meta property=\"og:site_name\" content=\"Globe Europe\" \/>\n<meta property=\"article:modified_time\" content=\"2025-02-24T13:54:09+00:00\" \/>\n<meta name=\"twitter:card\" content=\"summary_large_image\" \/>\n<meta name=\"twitter:label1\" content=\"Gesch\u00e4tzte Lesezeit\" \/>\n\t<meta name=\"twitter:data1\" content=\"1\u00a0Minute\" \/>\n<script type=\"application\/ld+json\" class=\"yoast-schema-graph\">{\"@context\":\"https:\\\/\\\/schema.org\",\"@graph\":[{\"@type\":\"WebPage\",\"@id\":\"https:\\\/\\\/globe-europe.nl\\\/dealer-informatie\\\/\",\"url\":\"https:\\\/\\\/globe-europe.nl\\\/dealer-informatie\\\/\",\"name\":\"DEALER INFORMATIE - Globe Europe\",\"isPartOf\":{\"@id\":\"https:\\\/\\\/globe-europe.nl\\\/#website\"},\"datePublished\":\"2025-02-17T10:40:34+00:00\",\"dateModified\":\"2025-02-24T13:54:09+00:00\",\"breadcrumb\":{\"@id\":\"https:\\\/\\\/globe-europe.nl\\\/dealer-informatie\\\/#breadcrumb\"},\"inLanguage\":\"de\",\"potentialAction\":[{\"@type\":\"ReadAction\",\"target\":[\"https:\\\/\\\/globe-europe.nl\\\/dealer-informatie\\\/\"]}]},{\"@type\":\"BreadcrumbList\",\"@id\":\"https:\\\/\\\/globe-europe.nl\\\/dealer-informatie\\\/#breadcrumb\",\"itemListElement\":[{\"@type\":\"ListItem\",\"position\":1,\"name\":\"Home\",\"item\":\"https:\\\/\\\/globe-europe.nl\\\/\"},{\"@type\":\"ListItem\",\"position\":2,\"name\":\"DEALER INFORMATIE\"}]},{\"@type\":\"WebSite\",\"@id\":\"https:\\\/\\\/globe-europe.nl\\\/#website\",\"url\":\"https:\\\/\\\/globe-europe.nl\\\/\",\"name\":\"Globe Europe\",\"description\":\"\",\"publisher\":{\"@id\":\"https:\\\/\\\/globe-europe.nl\\\/#organization\"},\"potentialAction\":[{\"@type\":\"SearchAction\",\"target\":{\"@type\":\"EntryPoint\",\"urlTemplate\":\"https:\\\/\\\/globe-europe.nl\\\/?s={search_term_string}\"},\"query-input\":{\"@type\":\"PropertyValueSpecification\",\"valueRequired\":true,\"valueName\":\"search_term_string\"}}],\"inLanguage\":\"de\"},{\"@type\":\"Organization\",\"@id\":\"https:\\\/\\\/globe-europe.nl\\\/#organization\",\"name\":\"Globe Europe\",\"url\":\"https:\\\/\\\/globe-europe.nl\\\/\",\"logo\":{\"@type\":\"ImageObject\",\"inLanguage\":\"de\",\"@id\":\"https:\\\/\\\/globe-europe.nl\\\/#\\\/schema\\\/logo\\\/image\\\/\",\"url\":\"https:\\\/\\\/globe-europe.nl\\\/wp-content\\\/uploads\\\/2025\\\/02\\\/GLOBE-LOGO-WEB-GROOT.png\",\"contentUrl\":\"https:\\\/\\\/globe-europe.nl\\\/wp-content\\\/uploads\\\/2025\\\/02\\\/GLOBE-LOGO-WEB-GROOT.png\",\"width\":938,\"height\":404,\"caption\":\"Globe Europe\"},\"image\":{\"@id\":\"https:\\\/\\\/globe-europe.nl\\\/#\\\/schema\\\/logo\\\/image\\\/\"}}]}<\/script>\n<!-- \/ Yoast SEO plugin. -->","yoast_head_json":{"title":"H\u00c4NDLERINFORMATIONEN - Globus Europa","robots":{"index":"index","follow":"follow","max-snippet":"max-snippet:-1","max-image-preview":"max-image-preview:large","max-video-preview":"max-video-preview:-1"},"canonical":"https:\/\/globe-europe.nl\/de\/handlerinformationen\/","og_locale":"de_DE","og_type":"article","og_title":"DEALER INFORMATIE - Globe Europe","og_description":"Dealer worden? Wilt u dealer worden van \u00e9\u00e9n of meerdere van onze merken? Wij bieden hoogwaardige producten en uitgebreide ondersteuning voor onze partners. Neem contact met ons op en ontdek de mogelijkheden!","og_url":"https:\/\/globe-europe.nl\/de\/handlerinformationen\/","og_site_name":"Globe Europe","article_modified_time":"2025-02-24T13:54:09+00:00","twitter_card":"summary_large_image","twitter_misc":{"Gesch\u00e4tzte Lesezeit":"1\u00a0Minute"},"schema":{"@context":"https:\/\/schema.org","@graph":[{"@type":"WebPage","@id":"https:\/\/globe-europe.nl\/dealer-informatie\/","url":"https:\/\/globe-europe.nl\/dealer-informatie\/","name":"H\u00c4NDLERINFORMATIONEN - Globus Europa","isPartOf":{"@id":"https:\/\/globe-europe.nl\/#website"},"datePublished":"2025-02-17T10:40:34+00:00","dateModified":"2025-02-24T13:54:09+00:00","breadcrumb":{"@id":"https:\/\/globe-europe.nl\/dealer-informatie\/#breadcrumb"},"inLanguage":"de","potentialAction":[{"@type":"ReadAction","target":["https:\/\/globe-europe.nl\/dealer-informatie\/"]}]},{"@type":"BreadcrumbList","@id":"https:\/\/globe-europe.nl\/dealer-informatie\/#breadcrumb","itemListElement":[{"@type":"ListItem","position":1,"name":"Home","item":"https:\/\/globe-europe.nl\/"},{"@type":"ListItem","position":2,"name":"DEALER INFORMATIE"}]},{"@type":"WebSite","@id":"https:\/\/globe-europe.nl\/#website","url":"https:\/\/globe-europe.nl\/","name":"Globe Europe","description":"","publisher":{"@id":"https:\/\/globe-europe.nl\/#organization"},"potentialAction":[{"@type":"SearchAction","target":{"@type":"EntryPoint","urlTemplate":"https:\/\/globe-europe.nl\/?s={search_term_string}"},"query-input":{"@type":"PropertyValueSpecification","valueRequired":true,"valueName":"search_term_string"}}],"inLanguage":"de"},{"@type":"Organization","@id":"https:\/\/globe-europe.nl\/#organization","name":"Globe Europe","url":"https:\/\/globe-europe.nl\/","logo":{"@type":"ImageObject","inLanguage":"de","@id":"https:\/\/globe-europe.nl\/#\/schema\/logo\/image\/","url":"https:\/\/globe-europe.nl\/wp-content\/uploads\/2025\/02\/GLOBE-LOGO-WEB-GROOT.png","contentUrl":"https:\/\/globe-europe.nl\/wp-content\/uploads\/2025\/02\/GLOBE-LOGO-WEB-GROOT.png","width":938,"height":404,"caption":"Globe Europe"},"image":{"@id":"https:\/\/globe-europe.nl\/#\/schema\/logo\/image\/"}}]}},"_links":{"self":[{"href":"https:\/\/globe-europe.nl\/de\/wp-json\/wp\/v2\/pages\/2471","targetHints":{"allow":["GET"]}}],"collection":[{"href":"https:\/\/globe-europe.nl\/de\/wp-json\/wp\/v2\/pages"}],"about":[{"href":"https:\/\/globe-europe.nl\/de\/wp-json\/wp\/v2\/types\/page"}],"author":[{"embeddable":true,"href":"https:\/\/globe-europe.nl\/de\/wp-json\/wp\/v2\/users\/1"}],"replies":[{"embeddable":true,"href":"https:\/\/globe-europe.nl\/de\/wp-json\/wp\/v2\/comments?post=2471"}],"version-history":[{"count":4,"href":"https:\/\/globe-europe.nl\/de\/wp-json\/wp\/v2\/pages\/2471\/revisions"}],"predecessor-version":[{"id":2871,"href":"https:\/\/globe-europe.nl\/de\/wp-json\/wp\/v2\/pages\/2471\/revisions\/2871"}],"wp:attachment":[{"href":"https:\/\/globe-europe.nl\/de\/wp-json\/wp\/v2\/media?parent=2471"}],"curies":[{"name":"wp","href":"https:\/\/api.w.org\/{rel}","templated":true}]}}