{"id":1101,"date":"2025-02-04T11:10:22","date_gmt":"2025-02-04T11:10:22","guid":{"rendered":"https:\/\/globe-europe.nl\/product\/globe-g0125-afbraamschijf-180x7x222mm-25-stuks\/"},"modified":"2025-03-07T09:33:48","modified_gmt":"2025-03-07T09:33:48","slug":"globe-g0125-schruppscheibe-180x7x222mm-25stk","status":"publish","type":"product","link":"https:\/\/globe-europe.nl\/de\/product\/globe-g0125-afbraamschijf-180x7x222mm-25-stuks\/","title":{"rendered":"Globus G0125 Schleifscheibe 180x7x22,2mm 25 St\u00fcck"},"content":{"rendered":"<div class=\"woo-short-description\">\n<p>Sehr gute Schleifleistung. F\u00fcr schwere Arbeiten wie zackige Kanten oder scharfe Ecken von Eisenmetallen.<\/p>\n<\/div>\n<div class=\"product_meta\">\n<p>Entgraten mit Winkelschleifern: Schleifscheiben mit vertieftem Kern.<\/p>\n<p>Globe bietet eine breite Palette von Standard-Flachtrennscheiben von 2,5 mm bis 4,8 mm Dicke f\u00fcr Winkelschleifer an. Verschiedene Arten von Schleifmitteln, Bindemitteln und H\u00e4rten bilden die Grundlage, um die h\u00f6chstm\u00f6gliche Leistung der Scheiben f\u00fcr jede Anwendung zu erzielen. Die Qualit\u00e4t der Globe-Schleifscheiben erh\u00f6ht die Effizienz, was in Muster- und Labortests nachgewiesen wurde. Globe-Schleifscheiben werden unter strengen Unwuchtbedingungen hergestellt, um die w\u00e4hrend des Gebrauchs auftretenden Vibrationen zu minimieren.<\/p>\n<p><strong>Eigenschaften Globe G0125 Trennscheibe 180x7x22,2mm 25St.<\/strong><\/p>\n<ul>\n<li>Sehr gute Schleifleistung<\/li>\n<li>F\u00fcr schwere Arbeiten wie zackige Kanten oder scharfe Ecken von Eisenmetallen<\/li>\n<li>Globe-Schleifscheiben werden unter strengen Unwuchtbedingungen hergestellt, um w\u00e4hrend des Einsatzes so wenig Vibrationen wie m\u00f6glich zu erzeugen.<\/li>\n<\/ul>\n<p><strong>Technische Daten<\/strong><\/p>\n<ul>\n<li>Anwendung - Stahl<\/li>\n<li>Abmessungen - 180x7mm<\/li>\n<li>Einlass - 22,2 mm<\/li>\n<li>Typ - flach<\/li>\n<li>Verpackungseinheit - 25 St\u00fcck<\/li>\n<\/ul>\n<p><strong>Umfang der Lieferung<\/strong><\/p>\n<ul>\n<li>Globus G0125 Trimmscheibe 180x7x22,2mm 25St.<\/li>\n<\/ul>\n<\/div>","protected":false},"excerpt":{"rendered":"<p><span style=\"color: #cc0000;\"><strong><span style=\"color: #333333;\">Versenkter Kern | Typ: 27<\/span><\/strong><em><br \/>\n<\/em><\/span><\/p>\n<p>Sehr gute Schleifleistung. F\u00fcr schwere Arbeiten wie zackige Kanten oder scharfe Ecken von Eisenmetallen.<\/p>","protected":false},"featured_media":1100,"comment_status":"open","ping_status":"closed","template":"","meta":[],"product_brand":[323],"product_cat":[40,37,41],"product_tag":[],"class_list":{"0":"post-1101","1":"product","2":"type-product","3":"status-publish","4":"has-post-thumbnail","6":"product_brand-globe","7":"product_cat-afbraamschijf","8":"product_cat-schuur-slijpmiddelen","9":"product_cat-verbruiksartikelen","11":"first","12":"instock","13":"shipping-taxable","14":"product-type-simple"},"ct_brands":[{"id":323,"name":"GLOBE","slug":"weltkugel"}],"yoast_head":"<!-- This site is optimized with the Yoast SEO plugin v27.6 - https:\/\/yoast.com\/product\/yoast-seo-wordpress\/ -->\n<title>Globe G0125 Afbraamschijf | Krachtig &amp; Trillingsvrij voor IJzer - Globe Europe<\/title>\n<meta name=\"description\" content=\"Globe G0125 afbraamschijf (180x7x22,2mm) \u2013 set van 25 stuks. Hoge schuurcapaciteit, ideaal voor gekartelde randen en scherpe hoeken van ijzerhoudend metaal.\" \/>\n<meta name=\"robots\" content=\"index, follow, max-snippet:-1, max-image-preview:large, max-video-preview:-1\" \/>\n<link rel=\"canonical\" href=\"https:\/\/globe-europe.nl\/de\/produkt\/globe-g0125-schruppscheibe-180x7x222mm-25stk\/\" \/>\n<meta property=\"og:locale\" content=\"de_DE\" \/>\n<meta property=\"og:type\" content=\"article\" \/>\n<meta property=\"og:title\" content=\"Globe G0125 Afbraamschijf | Krachtig &amp; Trillingsvrij voor IJzer - Globe Europe\" \/>\n<meta property=\"og:description\" content=\"Globe G0125 afbraamschijf (180x7x22,2mm) \u2013 set van 25 stuks. Hoge schuurcapaciteit, ideaal voor gekartelde randen en scherpe hoeken van ijzerhoudend metaal.\" \/>\n<meta property=\"og:url\" content=\"https:\/\/globe-europe.nl\/de\/produkt\/globe-g0125-schruppscheibe-180x7x222mm-25stk\/\" \/>\n<meta property=\"og:site_name\" content=\"Globe Europe\" \/>\n<meta property=\"article:modified_time\" content=\"2025-03-07T09:33:48+00:00\" \/>\n<meta property=\"og:image\" content=\"https:\/\/globe-europe.nl\/wp-content\/uploads\/2025\/02\/Globe-A243036RBF.jpg\" \/>\n\t<meta property=\"og:image:width\" content=\"700\" \/>\n\t<meta property=\"og:image:height\" content=\"700\" \/>\n\t<meta property=\"og:image:type\" content=\"image\/jpeg\" \/>\n<meta name=\"twitter:card\" content=\"summary_large_image\" \/>\n<meta name=\"twitter:label1\" content=\"Gesch\u00e4tzte Lesezeit\" \/>\n\t<meta name=\"twitter:data1\" content=\"2\u00a0Minuten\" \/>\n<script type=\"application\/ld+json\" class=\"yoast-schema-graph\">{\"@context\":\"https:\\\/\\\/schema.org\",\"@graph\":[{\"@type\":\"WebPage\",\"@id\":\"https:\\\/\\\/globe-europe.nl\\\/product\\\/globe-g0125-afbraamschijf-180x7x222mm-25-stuks\\\/\",\"url\":\"https:\\\/\\\/globe-europe.nl\\\/product\\\/globe-g0125-afbraamschijf-180x7x222mm-25-stuks\\\/\",\"name\":\"Globe G0125 Afbraamschijf | Krachtig & Trillingsvrij voor IJzer - Globe Europe\",\"isPartOf\":{\"@id\":\"https:\\\/\\\/globe-europe.nl\\\/#website\"},\"primaryImageOfPage\":{\"@id\":\"https:\\\/\\\/globe-europe.nl\\\/product\\\/globe-g0125-afbraamschijf-180x7x222mm-25-stuks\\\/#primaryimage\"},\"image\":{\"@id\":\"https:\\\/\\\/globe-europe.nl\\\/product\\\/globe-g0125-afbraamschijf-180x7x222mm-25-stuks\\\/#primaryimage\"},\"thumbnailUrl\":\"https:\\\/\\\/globe-europe.nl\\\/wp-content\\\/uploads\\\/2025\\\/02\\\/Globe-A243036RBF.jpg\",\"datePublished\":\"2025-02-04T11:10:22+00:00\",\"dateModified\":\"2025-03-07T09:33:48+00:00\",\"description\":\"Globe G0125 afbraamschijf (180x7x22,2mm) \u2013 set van 25 stuks. Hoge schuurcapaciteit, ideaal voor gekartelde randen en scherpe hoeken van ijzerhoudend metaal.\",\"breadcrumb\":{\"@id\":\"https:\\\/\\\/globe-europe.nl\\\/product\\\/globe-g0125-afbraamschijf-180x7x222mm-25-stuks\\\/#breadcrumb\"},\"inLanguage\":\"de\",\"potentialAction\":[{\"@type\":\"ReadAction\",\"target\":[\"https:\\\/\\\/globe-europe.nl\\\/product\\\/globe-g0125-afbraamschijf-180x7x222mm-25-stuks\\\/\"]}]},{\"@type\":\"ImageObject\",\"inLanguage\":\"de\",\"@id\":\"https:\\\/\\\/globe-europe.nl\\\/product\\\/globe-g0125-afbraamschijf-180x7x222mm-25-stuks\\\/#primaryimage\",\"url\":\"https:\\\/\\\/globe-europe.nl\\\/wp-content\\\/uploads\\\/2025\\\/02\\\/Globe-A243036RBF.jpg\",\"contentUrl\":\"https:\\\/\\\/globe-europe.nl\\\/wp-content\\\/uploads\\\/2025\\\/02\\\/Globe-A243036RBF.jpg\",\"width\":700,\"height\":700},{\"@type\":\"BreadcrumbList\",\"@id\":\"https:\\\/\\\/globe-europe.nl\\\/product\\\/globe-g0125-afbraamschijf-180x7x222mm-25-stuks\\\/#breadcrumb\",\"itemListElement\":[{\"@type\":\"ListItem\",\"position\":1,\"name\":\"Home\",\"item\":\"https:\\\/\\\/globe-europe.nl\\\/\"},{\"@type\":\"ListItem\",\"position\":2,\"name\":\"Winkel\",\"item\":\"https:\\\/\\\/globe-europe.nl\\\/winkel\\\/\"},{\"@type\":\"ListItem\",\"position\":3,\"name\":\"Globe G0125 Afbraamschijf 180x7x22,2mm 25 stuks\"}]},{\"@type\":\"WebSite\",\"@id\":\"https:\\\/\\\/globe-europe.nl\\\/#website\",\"url\":\"https:\\\/\\\/globe-europe.nl\\\/\",\"name\":\"Globe Europe\",\"description\":\"\",\"publisher\":{\"@id\":\"https:\\\/\\\/globe-europe.nl\\\/#organization\"},\"potentialAction\":[{\"@type\":\"SearchAction\",\"target\":{\"@type\":\"EntryPoint\",\"urlTemplate\":\"https:\\\/\\\/globe-europe.nl\\\/?s={search_term_string}\"},\"query-input\":{\"@type\":\"PropertyValueSpecification\",\"valueRequired\":true,\"valueName\":\"search_term_string\"}}],\"inLanguage\":\"de\"},{\"@type\":\"Organization\",\"@id\":\"https:\\\/\\\/globe-europe.nl\\\/#organization\",\"name\":\"Globe Europe\",\"url\":\"https:\\\/\\\/globe-europe.nl\\\/\",\"logo\":{\"@type\":\"ImageObject\",\"inLanguage\":\"de\",\"@id\":\"https:\\\/\\\/globe-europe.nl\\\/#\\\/schema\\\/logo\\\/image\\\/\",\"url\":\"https:\\\/\\\/globe-europe.nl\\\/wp-content\\\/uploads\\\/2025\\\/02\\\/GLOBE-LOGO-WEB-GROOT.png\",\"contentUrl\":\"https:\\\/\\\/globe-europe.nl\\\/wp-content\\\/uploads\\\/2025\\\/02\\\/GLOBE-LOGO-WEB-GROOT.png\",\"width\":938,\"height\":404,\"caption\":\"Globe Europe\"},\"image\":{\"@id\":\"https:\\\/\\\/globe-europe.nl\\\/#\\\/schema\\\/logo\\\/image\\\/\"}}]}<\/script>\n<!-- \/ Yoast SEO plugin. -->","yoast_head_json":{"title":"Globe G0125 Trennscheibe | Kraftvoll &amp; vibrationsfrei f\u00fcr Eisen - Globe Europe","description":"Globe G0125 Entgratungsscheibe (180x7x22,2mm) - Satz mit 25 St\u00fcck. Hohe Schleifleistung, ideal f\u00fcr zackige Kanten und scharfe Ecken von Eisenmetallen.","robots":{"index":"index","follow":"follow","max-snippet":"max-snippet:-1","max-image-preview":"max-image-preview:large","max-video-preview":"max-video-preview:-1"},"canonical":"https:\/\/globe-europe.nl\/de\/produkt\/globe-g0125-schruppscheibe-180x7x222mm-25stk\/","og_locale":"de_DE","og_type":"article","og_title":"Globe G0125 Afbraamschijf | Krachtig & Trillingsvrij voor IJzer - Globe Europe","og_description":"Globe G0125 afbraamschijf (180x7x22,2mm) \u2013 set van 25 stuks. Hoge schuurcapaciteit, ideaal voor gekartelde randen en scherpe hoeken van ijzerhoudend metaal.","og_url":"https:\/\/globe-europe.nl\/de\/produkt\/globe-g0125-schruppscheibe-180x7x222mm-25stk\/","og_site_name":"Globe Europe","article_modified_time":"2025-03-07T09:33:48+00:00","og_image":[{"width":700,"height":700,"url":"https:\/\/globe-europe.nl\/wp-content\/uploads\/2025\/02\/Globe-A243036RBF.jpg","type":"image\/jpeg"}],"twitter_card":"summary_large_image","twitter_misc":{"Gesch\u00e4tzte Lesezeit":"2\u00a0Minuten"},"schema":{"@context":"https:\/\/schema.org","@graph":[{"@type":"WebPage","@id":"https:\/\/globe-europe.nl\/product\/globe-g0125-afbraamschijf-180x7x222mm-25-stuks\/","url":"https:\/\/globe-europe.nl\/product\/globe-g0125-afbraamschijf-180x7x222mm-25-stuks\/","name":"Globe G0125 Trennscheibe | Kraftvoll &amp; vibrationsfrei f\u00fcr Eisen - Globe Europe","isPartOf":{"@id":"https:\/\/globe-europe.nl\/#website"},"primaryImageOfPage":{"@id":"https:\/\/globe-europe.nl\/product\/globe-g0125-afbraamschijf-180x7x222mm-25-stuks\/#primaryimage"},"image":{"@id":"https:\/\/globe-europe.nl\/product\/globe-g0125-afbraamschijf-180x7x222mm-25-stuks\/#primaryimage"},"thumbnailUrl":"https:\/\/globe-europe.nl\/wp-content\/uploads\/2025\/02\/Globe-A243036RBF.jpg","datePublished":"2025-02-04T11:10:22+00:00","dateModified":"2025-03-07T09:33:48+00:00","description":"Globe G0125 Entgratungsscheibe (180x7x22,2mm) - Satz mit 25 St\u00fcck. Hohe Schleifleistung, ideal f\u00fcr zackige Kanten und scharfe Ecken von Eisenmetallen.","breadcrumb":{"@id":"https:\/\/globe-europe.nl\/product\/globe-g0125-afbraamschijf-180x7x222mm-25-stuks\/#breadcrumb"},"inLanguage":"de","potentialAction":[{"@type":"ReadAction","target":["https:\/\/globe-europe.nl\/product\/globe-g0125-afbraamschijf-180x7x222mm-25-stuks\/"]}]},{"@type":"ImageObject","inLanguage":"de","@id":"https:\/\/globe-europe.nl\/product\/globe-g0125-afbraamschijf-180x7x222mm-25-stuks\/#primaryimage","url":"https:\/\/globe-europe.nl\/wp-content\/uploads\/2025\/02\/Globe-A243036RBF.jpg","contentUrl":"https:\/\/globe-europe.nl\/wp-content\/uploads\/2025\/02\/Globe-A243036RBF.jpg","width":700,"height":700},{"@type":"BreadcrumbList","@id":"https:\/\/globe-europe.nl\/product\/globe-g0125-afbraamschijf-180x7x222mm-25-stuks\/#breadcrumb","itemListElement":[{"@type":"ListItem","position":1,"name":"Home","item":"https:\/\/globe-europe.nl\/"},{"@type":"ListItem","position":2,"name":"Winkel","item":"https:\/\/globe-europe.nl\/winkel\/"},{"@type":"ListItem","position":3,"name":"Globe G0125 Afbraamschijf 180x7x22,2mm 25 stuks"}]},{"@type":"WebSite","@id":"https:\/\/globe-europe.nl\/#website","url":"https:\/\/globe-europe.nl\/","name":"Globe Europe","description":"","publisher":{"@id":"https:\/\/globe-europe.nl\/#organization"},"potentialAction":[{"@type":"SearchAction","target":{"@type":"EntryPoint","urlTemplate":"https:\/\/globe-europe.nl\/?s={search_term_string}"},"query-input":{"@type":"PropertyValueSpecification","valueRequired":true,"valueName":"search_term_string"}}],"inLanguage":"de"},{"@type":"Organization","@id":"https:\/\/globe-europe.nl\/#organization","name":"Globe Europe","url":"https:\/\/globe-europe.nl\/","logo":{"@type":"ImageObject","inLanguage":"de","@id":"https:\/\/globe-europe.nl\/#\/schema\/logo\/image\/","url":"https:\/\/globe-europe.nl\/wp-content\/uploads\/2025\/02\/GLOBE-LOGO-WEB-GROOT.png","contentUrl":"https:\/\/globe-europe.nl\/wp-content\/uploads\/2025\/02\/GLOBE-LOGO-WEB-GROOT.png","width":938,"height":404,"caption":"Globe Europe"},"image":{"@id":"https:\/\/globe-europe.nl\/#\/schema\/logo\/image\/"}}]}},"_links":{"self":[{"href":"https:\/\/globe-europe.nl\/de\/wp-json\/wp\/v2\/product\/1101","targetHints":{"allow":["GET"]}}],"collection":[{"href":"https:\/\/globe-europe.nl\/de\/wp-json\/wp\/v2\/product"}],"about":[{"href":"https:\/\/globe-europe.nl\/de\/wp-json\/wp\/v2\/types\/product"}],"replies":[{"embeddable":true,"href":"https:\/\/globe-europe.nl\/de\/wp-json\/wp\/v2\/comments?post=1101"}],"wp:featuredmedia":[{"embeddable":true,"href":"https:\/\/globe-europe.nl\/de\/wp-json\/wp\/v2\/media\/1100"}],"wp:attachment":[{"href":"https:\/\/globe-europe.nl\/de\/wp-json\/wp\/v2\/media?parent=1101"}],"wp:term":[{"taxonomy":"product_brand","embeddable":true,"href":"https:\/\/globe-europe.nl\/de\/wp-json\/wp\/v2\/product_brand?post=1101"},{"taxonomy":"product_cat","embeddable":true,"href":"https:\/\/globe-europe.nl\/de\/wp-json\/wp\/v2\/product_cat?post=1101"},{"taxonomy":"product_tag","embeddable":true,"href":"https:\/\/globe-europe.nl\/de\/wp-json\/wp\/v2\/product_tag?post=1101"}],"curies":[{"name":"wp","href":"https:\/\/api.w.org\/{rel}","templated":true}]}}