{"id":1103,"date":"2025-02-04T11:10:23","date_gmt":"2025-02-04T11:10:23","guid":{"rendered":"https:\/\/globe-europe.nl\/product\/globe-g1425-doorslijpschijf-vlak-230x25x222mm-50-stuks\/"},"modified":"2025-03-07T09:34:37","modified_gmt":"2025-03-07T09:34:37","slug":"globe-g1425-flache-trennscheibe-230x2-5x222mm-50stk","status":"publish","type":"product","link":"https:\/\/globe-europe.nl\/de\/product\/globe-g1425-doorslijpschijf-vlak-230x25x222mm-50-stuks\/","title":{"rendered":"Globus G1425 Trennscheibe flach 230\u00d72,5\u00d722,2mm 50 St\u00fcck"},"content":{"rendered":"<p>Globe bietet eine gro\u00dfe Auswahl an 2,5-mm-Standard-Trennscheiben f\u00fcr tragbare Schleifmaschinen. Es ist wichtig, f\u00fcr jede Arbeit die richtige Schleifscheibe zu verwenden. Verschiedene Arten von Schleifmaterialien, unterschiedliche Zusammensetzungen und H\u00e4rten sind die Grundlage, um die beste Arbeit zu leisten. Die verschiedenen Kombinationen, die Globe anbietet, enthalten immer das beste Produkt, um die Arbeit zu erledigen.<\/p>\n<p>Die breite Produktpalette bietet verschiedene L\u00f6sungen, so dass die Benutzer immer das richtige Produkt f\u00fcr die jeweilige Aufgabe finden. Globe-Produkte werden ausgiebig getestet, um Unwucht zu vermeiden und Vibrationen zu minimieren. Qualit\u00e4ts- und Laborkontrollen erh\u00f6hen die Langlebigkeit der Globe-Produkte.<\/p>\n<p><strong>Eigenschaften Globe G1425 Trennscheibe Flach 230\u00d72,5\u00d722,2mm 50 St\u00fcck<\/strong><\/p>\n<ul>\n<li>Geeignet zum Schleifen von Eisen und Stahl<\/li>\n<li>Kombiniert hohe Kapazit\u00e4t mit langer Nutzungsdauer<\/li>\n<\/ul>\n<p><strong>Technische Daten<\/strong><\/p>\n<ul>\n<li>Anwendung - Stahl<\/li>\n<li>Gr\u00f6\u00dfe - 230<\/li>\n<li>Einlass - 22,2 mm<\/li>\n<li>Typ - flach<\/li>\n<li>Verpackungseinheit - 50 St\u00fcck<\/li>\n<\/ul>\n<p><strong>Umfang der Lieferung<\/strong><\/p>\n<ul>\n<li>Globus G1425 Trennscheibe flach 230\u00d72,5\u00d722,2mm 50 St\u00fcck<\/li>\n<\/ul>","protected":false},"excerpt":{"rendered":"<p>&nbsp;<\/p>\n<p><strong>Versenkter Kern | Typ: 42<span style=\"color: #cc0000;\"><br \/>\n<\/span><\/strong><br \/>\nGeeignet zum Schleifen von Eisen und Stahl. Kombiniert hohe Leistung mit langer Standzeit.<\/p>","protected":false},"featured_media":1102,"comment_status":"open","ping_status":"closed","template":"","meta":[],"product_brand":[323],"product_cat":[38,37,41],"product_tag":[],"class_list":{"0":"post-1103","1":"product","2":"type-product","3":"status-publish","4":"has-post-thumbnail","6":"product_brand-globe","7":"product_cat-doorslijpschijf","8":"product_cat-schuur-slijpmiddelen","9":"product_cat-verbruiksartikelen","11":"first","12":"instock","13":"shipping-taxable","14":"product-type-simple"},"ct_brands":[{"id":323,"name":"GLOBE","slug":"weltkugel"}],"yoast_head":"<!-- This site is optimized with the Yoast SEO plugin v27.3 - https:\/\/yoast.com\/product\/yoast-seo-wordpress\/ -->\n<title>Globe G1425 Doorslijpschijf | Vlak &amp; Duurzaam voor IJzer &amp; Staal - Globe Europe<\/title>\n<meta name=\"description\" content=\"Globe G1425 doorslijpschijf (230x2,5x22,2mm) \u2013 set van 50 stuks. Hoge capaciteit, lange standtijd en minimale vibratie. Ideaal voor ijzer en staal.\" \/>\n<meta name=\"robots\" content=\"index, follow, max-snippet:-1, max-image-preview:large, max-video-preview:-1\" \/>\n<link rel=\"canonical\" href=\"https:\/\/globe-europe.nl\/de\/produkt\/globe-g1425-flache-trennscheibe-230x2-5x222mm-50stk\/\" \/>\n<meta property=\"og:locale\" content=\"de_DE\" \/>\n<meta property=\"og:type\" content=\"article\" \/>\n<meta property=\"og:title\" content=\"Globe G1425 Doorslijpschijf | Vlak &amp; Duurzaam voor IJzer &amp; Staal - Globe Europe\" \/>\n<meta property=\"og:description\" content=\"Globe G1425 doorslijpschijf (230x2,5x22,2mm) \u2013 set van 50 stuks. Hoge capaciteit, lange standtijd en minimale vibratie. Ideaal voor ijzer en staal.\" \/>\n<meta property=\"og:url\" content=\"https:\/\/globe-europe.nl\/de\/produkt\/globe-g1425-flache-trennscheibe-230x2-5x222mm-50stk\/\" \/>\n<meta property=\"og:site_name\" content=\"Globe Europe\" \/>\n<meta property=\"article:modified_time\" content=\"2025-03-07T09:34:37+00:00\" \/>\n<meta property=\"og:image\" content=\"https:\/\/globe-europe.nl\/wp-content\/uploads\/2025\/02\/Globe-A3036RBF-EN-Type41.jpg\" \/>\n\t<meta property=\"og:image:width\" content=\"700\" \/>\n\t<meta property=\"og:image:height\" content=\"700\" \/>\n\t<meta property=\"og:image:type\" content=\"image\/jpeg\" \/>\n<meta name=\"twitter:card\" content=\"summary_large_image\" \/>\n<meta name=\"twitter:label1\" content=\"Gesch\u00e4tzte Lesezeit\" \/>\n\t<meta name=\"twitter:data1\" content=\"1\u00a0Minute\" \/>\n<script type=\"application\/ld+json\" class=\"yoast-schema-graph\">{\"@context\":\"https:\\\/\\\/schema.org\",\"@graph\":[{\"@type\":\"WebPage\",\"@id\":\"https:\\\/\\\/globe-europe.nl\\\/product\\\/globe-g1425-doorslijpschijf-vlak-230x25x222mm-50-stuks\\\/\",\"url\":\"https:\\\/\\\/globe-europe.nl\\\/product\\\/globe-g1425-doorslijpschijf-vlak-230x25x222mm-50-stuks\\\/\",\"name\":\"Globe G1425 Doorslijpschijf | Vlak & Duurzaam voor IJzer & Staal - Globe Europe\",\"isPartOf\":{\"@id\":\"https:\\\/\\\/globe-europe.nl\\\/#website\"},\"primaryImageOfPage\":{\"@id\":\"https:\\\/\\\/globe-europe.nl\\\/product\\\/globe-g1425-doorslijpschijf-vlak-230x25x222mm-50-stuks\\\/#primaryimage\"},\"image\":{\"@id\":\"https:\\\/\\\/globe-europe.nl\\\/product\\\/globe-g1425-doorslijpschijf-vlak-230x25x222mm-50-stuks\\\/#primaryimage\"},\"thumbnailUrl\":\"https:\\\/\\\/globe-europe.nl\\\/wp-content\\\/uploads\\\/2025\\\/02\\\/Globe-A3036RBF-EN-Type41.jpg\",\"datePublished\":\"2025-02-04T11:10:23+00:00\",\"dateModified\":\"2025-03-07T09:34:37+00:00\",\"description\":\"Globe G1425 doorslijpschijf (230x2,5x22,2mm) \u2013 set van 50 stuks. Hoge capaciteit, lange standtijd en minimale vibratie. Ideaal voor ijzer en staal.\",\"breadcrumb\":{\"@id\":\"https:\\\/\\\/globe-europe.nl\\\/product\\\/globe-g1425-doorslijpschijf-vlak-230x25x222mm-50-stuks\\\/#breadcrumb\"},\"inLanguage\":\"de\",\"potentialAction\":[{\"@type\":\"ReadAction\",\"target\":[\"https:\\\/\\\/globe-europe.nl\\\/product\\\/globe-g1425-doorslijpschijf-vlak-230x25x222mm-50-stuks\\\/\"]}]},{\"@type\":\"ImageObject\",\"inLanguage\":\"de\",\"@id\":\"https:\\\/\\\/globe-europe.nl\\\/product\\\/globe-g1425-doorslijpschijf-vlak-230x25x222mm-50-stuks\\\/#primaryimage\",\"url\":\"https:\\\/\\\/globe-europe.nl\\\/wp-content\\\/uploads\\\/2025\\\/02\\\/Globe-A3036RBF-EN-Type41.jpg\",\"contentUrl\":\"https:\\\/\\\/globe-europe.nl\\\/wp-content\\\/uploads\\\/2025\\\/02\\\/Globe-A3036RBF-EN-Type41.jpg\",\"width\":700,\"height\":700},{\"@type\":\"BreadcrumbList\",\"@id\":\"https:\\\/\\\/globe-europe.nl\\\/product\\\/globe-g1425-doorslijpschijf-vlak-230x25x222mm-50-stuks\\\/#breadcrumb\",\"itemListElement\":[{\"@type\":\"ListItem\",\"position\":1,\"name\":\"Home\",\"item\":\"https:\\\/\\\/globe-europe.nl\\\/\"},{\"@type\":\"ListItem\",\"position\":2,\"name\":\"Winkel\",\"item\":\"https:\\\/\\\/globe-europe.nl\\\/winkel\\\/\"},{\"@type\":\"ListItem\",\"position\":3,\"name\":\"Globe G1425 Doorslijpschijf Vlak 230&#215;2,5&#215;22,2mm 50 stuks\"}]},{\"@type\":\"WebSite\",\"@id\":\"https:\\\/\\\/globe-europe.nl\\\/#website\",\"url\":\"https:\\\/\\\/globe-europe.nl\\\/\",\"name\":\"Globe Europe\",\"description\":\"\",\"publisher\":{\"@id\":\"https:\\\/\\\/globe-europe.nl\\\/#organization\"},\"potentialAction\":[{\"@type\":\"SearchAction\",\"target\":{\"@type\":\"EntryPoint\",\"urlTemplate\":\"https:\\\/\\\/globe-europe.nl\\\/?s={search_term_string}\"},\"query-input\":{\"@type\":\"PropertyValueSpecification\",\"valueRequired\":true,\"valueName\":\"search_term_string\"}}],\"inLanguage\":\"de\"},{\"@type\":\"Organization\",\"@id\":\"https:\\\/\\\/globe-europe.nl\\\/#organization\",\"name\":\"Globe Europe\",\"url\":\"https:\\\/\\\/globe-europe.nl\\\/\",\"logo\":{\"@type\":\"ImageObject\",\"inLanguage\":\"de\",\"@id\":\"https:\\\/\\\/globe-europe.nl\\\/#\\\/schema\\\/logo\\\/image\\\/\",\"url\":\"https:\\\/\\\/globe-europe.nl\\\/wp-content\\\/uploads\\\/2025\\\/02\\\/GLOBE-LOGO-WEB-GROOT.png\",\"contentUrl\":\"https:\\\/\\\/globe-europe.nl\\\/wp-content\\\/uploads\\\/2025\\\/02\\\/GLOBE-LOGO-WEB-GROOT.png\",\"width\":938,\"height\":404,\"caption\":\"Globe Europe\"},\"image\":{\"@id\":\"https:\\\/\\\/globe-europe.nl\\\/#\\\/schema\\\/logo\\\/image\\\/\"}}]}<\/script>\n<!-- \/ Yoast SEO plugin. -->","yoast_head_json":{"title":"Globe G1425 Trennscheibe | Flach und langlebig f\u00fcr Eisen und Stahl - Globe Europe","description":"Globe G1425 Trennscheibe (230x2,5x22,2mm) - Satz mit 50 St\u00fcck. Hohe Leistung, lange Standzeit und minimale Vibration. Ideal f\u00fcr Eisen und Stahl.","robots":{"index":"index","follow":"follow","max-snippet":"max-snippet:-1","max-image-preview":"max-image-preview:large","max-video-preview":"max-video-preview:-1"},"canonical":"https:\/\/globe-europe.nl\/de\/produkt\/globe-g1425-flache-trennscheibe-230x2-5x222mm-50stk\/","og_locale":"de_DE","og_type":"article","og_title":"Globe G1425 Doorslijpschijf | Vlak & Duurzaam voor IJzer & Staal - Globe Europe","og_description":"Globe G1425 doorslijpschijf (230x2,5x22,2mm) \u2013 set van 50 stuks. Hoge capaciteit, lange standtijd en minimale vibratie. Ideaal voor ijzer en staal.","og_url":"https:\/\/globe-europe.nl\/de\/produkt\/globe-g1425-flache-trennscheibe-230x2-5x222mm-50stk\/","og_site_name":"Globe Europe","article_modified_time":"2025-03-07T09:34:37+00:00","og_image":[{"width":700,"height":700,"url":"https:\/\/globe-europe.nl\/wp-content\/uploads\/2025\/02\/Globe-A3036RBF-EN-Type41.jpg","type":"image\/jpeg"}],"twitter_card":"summary_large_image","twitter_misc":{"Gesch\u00e4tzte Lesezeit":"1\u00a0Minute"},"schema":{"@context":"https:\/\/schema.org","@graph":[{"@type":"WebPage","@id":"https:\/\/globe-europe.nl\/product\/globe-g1425-doorslijpschijf-vlak-230x25x222mm-50-stuks\/","url":"https:\/\/globe-europe.nl\/product\/globe-g1425-doorslijpschijf-vlak-230x25x222mm-50-stuks\/","name":"Globe G1425 Trennscheibe | Flach und langlebig f\u00fcr Eisen und Stahl - Globe Europe","isPartOf":{"@id":"https:\/\/globe-europe.nl\/#website"},"primaryImageOfPage":{"@id":"https:\/\/globe-europe.nl\/product\/globe-g1425-doorslijpschijf-vlak-230x25x222mm-50-stuks\/#primaryimage"},"image":{"@id":"https:\/\/globe-europe.nl\/product\/globe-g1425-doorslijpschijf-vlak-230x25x222mm-50-stuks\/#primaryimage"},"thumbnailUrl":"https:\/\/globe-europe.nl\/wp-content\/uploads\/2025\/02\/Globe-A3036RBF-EN-Type41.jpg","datePublished":"2025-02-04T11:10:23+00:00","dateModified":"2025-03-07T09:34:37+00:00","description":"Globe G1425 Trennscheibe (230x2,5x22,2mm) - Satz mit 50 St\u00fcck. Hohe Leistung, lange Standzeit und minimale Vibration. Ideal f\u00fcr Eisen und Stahl.","breadcrumb":{"@id":"https:\/\/globe-europe.nl\/product\/globe-g1425-doorslijpschijf-vlak-230x25x222mm-50-stuks\/#breadcrumb"},"inLanguage":"de","potentialAction":[{"@type":"ReadAction","target":["https:\/\/globe-europe.nl\/product\/globe-g1425-doorslijpschijf-vlak-230x25x222mm-50-stuks\/"]}]},{"@type":"ImageObject","inLanguage":"de","@id":"https:\/\/globe-europe.nl\/product\/globe-g1425-doorslijpschijf-vlak-230x25x222mm-50-stuks\/#primaryimage","url":"https:\/\/globe-europe.nl\/wp-content\/uploads\/2025\/02\/Globe-A3036RBF-EN-Type41.jpg","contentUrl":"https:\/\/globe-europe.nl\/wp-content\/uploads\/2025\/02\/Globe-A3036RBF-EN-Type41.jpg","width":700,"height":700},{"@type":"BreadcrumbList","@id":"https:\/\/globe-europe.nl\/product\/globe-g1425-doorslijpschijf-vlak-230x25x222mm-50-stuks\/#breadcrumb","itemListElement":[{"@type":"ListItem","position":1,"name":"Home","item":"https:\/\/globe-europe.nl\/"},{"@type":"ListItem","position":2,"name":"Winkel","item":"https:\/\/globe-europe.nl\/winkel\/"},{"@type":"ListItem","position":3,"name":"Globe G1425 Doorslijpschijf Vlak 230&#215;2,5&#215;22,2mm 50 stuks"}]},{"@type":"WebSite","@id":"https:\/\/globe-europe.nl\/#website","url":"https:\/\/globe-europe.nl\/","name":"Globe Europe","description":"","publisher":{"@id":"https:\/\/globe-europe.nl\/#organization"},"potentialAction":[{"@type":"SearchAction","target":{"@type":"EntryPoint","urlTemplate":"https:\/\/globe-europe.nl\/?s={search_term_string}"},"query-input":{"@type":"PropertyValueSpecification","valueRequired":true,"valueName":"search_term_string"}}],"inLanguage":"de"},{"@type":"Organization","@id":"https:\/\/globe-europe.nl\/#organization","name":"Globe Europe","url":"https:\/\/globe-europe.nl\/","logo":{"@type":"ImageObject","inLanguage":"de","@id":"https:\/\/globe-europe.nl\/#\/schema\/logo\/image\/","url":"https:\/\/globe-europe.nl\/wp-content\/uploads\/2025\/02\/GLOBE-LOGO-WEB-GROOT.png","contentUrl":"https:\/\/globe-europe.nl\/wp-content\/uploads\/2025\/02\/GLOBE-LOGO-WEB-GROOT.png","width":938,"height":404,"caption":"Globe Europe"},"image":{"@id":"https:\/\/globe-europe.nl\/#\/schema\/logo\/image\/"}}]}},"_links":{"self":[{"href":"https:\/\/globe-europe.nl\/de\/wp-json\/wp\/v2\/product\/1103","targetHints":{"allow":["GET"]}}],"collection":[{"href":"https:\/\/globe-europe.nl\/de\/wp-json\/wp\/v2\/product"}],"about":[{"href":"https:\/\/globe-europe.nl\/de\/wp-json\/wp\/v2\/types\/product"}],"replies":[{"embeddable":true,"href":"https:\/\/globe-europe.nl\/de\/wp-json\/wp\/v2\/comments?post=1103"}],"wp:featuredmedia":[{"embeddable":true,"href":"https:\/\/globe-europe.nl\/de\/wp-json\/wp\/v2\/media\/1102"}],"wp:attachment":[{"href":"https:\/\/globe-europe.nl\/de\/wp-json\/wp\/v2\/media?parent=1103"}],"wp:term":[{"taxonomy":"product_brand","embeddable":true,"href":"https:\/\/globe-europe.nl\/de\/wp-json\/wp\/v2\/product_brand?post=1103"},{"taxonomy":"product_cat","embeddable":true,"href":"https:\/\/globe-europe.nl\/de\/wp-json\/wp\/v2\/product_cat?post=1103"},{"taxonomy":"product_tag","embeddable":true,"href":"https:\/\/globe-europe.nl\/de\/wp-json\/wp\/v2\/product_tag?post=1103"}],"curies":[{"name":"wp","href":"https:\/\/api.w.org\/{rel}","templated":true}]}}