{"id":1105,"date":"2025-02-04T11:10:23","date_gmt":"2025-02-04T11:10:23","guid":{"rendered":"https:\/\/globe-europe.nl\/product\/globe-g1443-platte-doorslijpschijf-z-30-36-sx\/"},"modified":"2025-03-07T09:34:45","modified_gmt":"2025-03-07T09:34:45","slug":"globe-g1443-flache-trennscheibe-z-30-36-sx","status":"publish","type":"product","link":"https:\/\/globe-europe.nl\/de\/product\/globe-g1443-platte-doorslijpschijf-z-30-36-sx\/","title":{"rendered":"Globe G1443 Flach-Trennscheibe Z-30\/36-SX"},"content":{"rendered":"<div class=\"woo-short-description\">\n<p>Diese Scheibe enth\u00e4lt Aluminium-Zirkonium zur Verwendung auf legierten Metallen und rostfreiem Stahl. Frei von Schwefel, Eisen und Chlor.<\/p>\n<p>Globe bietet eine gro\u00dfe Auswahl an 2,5-mm-Standard-Trennscheiben f\u00fcr tragbare Schleifmaschinen. Es ist wichtig, f\u00fcr jede Arbeit die richtige Schleifscheibe zu verwenden. Verschiedene Arten von Schleifmaterialien, unterschiedliche Zusammensetzungen und H\u00e4rten sind die Grundlage, um die beste Arbeit zu leisten. Die verschiedenen Kombinationen, die Globe anbietet, enthalten immer das beste Produkt, um die Arbeit zu erledigen.<\/p>\n<p>Die breite Produktpalette bietet verschiedene L\u00f6sungen, so dass die Benutzer immer das richtige Produkt f\u00fcr die jeweilige Aufgabe finden. Globe-Produkte werden ausgiebig getestet, um Unwucht zu vermeiden und Vibrationen zu minimieren. Qualit\u00e4ts- und Laborkontrollen erh\u00f6hen die Langlebigkeit der Globe-Produkte.<\/p>\n<\/div>\n<div class=\"product_meta\"><strong>Eigenschaften Globe G1443 Trennscheibe Flach 125\u00d72.5\u00d722.2mm 50 St\u00fcck<\/strong><\/div>\n<ul>\n<li>Diese Scheibe enth\u00e4lt Aluminium-Zirkonium zur Verwendung auf legierten Metallen und rostfreiem Stahl<\/li>\n<li>Frei von Schwefel, Eisen und Chlor<\/li>\n<\/ul>\n<p><strong>Technische Daten<\/strong><\/p>\n<ul>\n<li>Anwendung - rostfreier Stahl<\/li>\n<li>Abmessungen - 125 Durchmesser<\/li>\n<li>Einlass - 22,2 mm<\/li>\n<li>Typ - Flach<\/li>\n<li>Verpackungseinheit - 50 St\u00fcck<\/li>\n<\/ul>\n<p><strong>Umfang der Lieferung <\/strong><\/p>\n<ul>\n<li>Globe G1443 Trennscheibe flach 125\u00d72,5\u00d722,2mm 50 St\u00fcck<\/li>\n<\/ul>","protected":false},"excerpt":{"rendered":"<p style=\"text-align: left;\"><span style=\"color: #000000;\"><strong>Versenkter Kern | Typ: 41<\/strong><\/span><\/p>\n<p>Diese Scheibe enth\u00e4lt Aluminium-Zirkonium zur Verwendung auf legierten Metallen und rostfreiem Stahl. Frei von Schwefel, Eisen und Chlor.<\/p>","protected":false},"featured_media":1104,"comment_status":"open","ping_status":"closed","template":"","meta":[],"product_brand":[323],"product_cat":[38,37,41],"product_tag":[],"class_list":{"0":"post-1105","1":"product","2":"type-product","3":"status-publish","4":"has-post-thumbnail","6":"product_brand-globe","7":"product_cat-doorslijpschijf","8":"product_cat-schuur-slijpmiddelen","9":"product_cat-verbruiksartikelen","11":"first","12":"instock","13":"shipping-taxable","14":"product-type-simple"},"ct_brands":[{"id":323,"name":"GLOBE","slug":"weltkugel"}],"yoast_head":"<!-- This site is optimized with the Yoast SEO plugin v27.3 - https:\/\/yoast.com\/product\/yoast-seo-wordpress\/ -->\n<title>Globe G1443 Doorslijpschijf | Aluminium Zirkonium voor RVS &amp; Legeringen - Globe Europe<\/title>\n<meta name=\"description\" content=\"Globe G1443 doorslijpschijf (125x2,5x22,2mm) \u2013 set van 50 stuks. IJzer-, zwavel- en chloorvrij. Ideaal voor RVS en gelegerde metalen. Lage vibratie.\" \/>\n<meta name=\"robots\" content=\"index, follow, max-snippet:-1, max-image-preview:large, max-video-preview:-1\" \/>\n<link rel=\"canonical\" href=\"https:\/\/globe-europe.nl\/de\/produkt\/globe-g1443-flache-trennscheibe-z-30-36-sx\/\" \/>\n<meta property=\"og:locale\" content=\"de_DE\" \/>\n<meta property=\"og:type\" content=\"article\" \/>\n<meta property=\"og:title\" content=\"Globe G1443 Doorslijpschijf | Aluminium Zirkonium voor RVS &amp; Legeringen - Globe Europe\" \/>\n<meta property=\"og:description\" content=\"Globe G1443 doorslijpschijf (125x2,5x22,2mm) \u2013 set van 50 stuks. IJzer-, zwavel- en chloorvrij. Ideaal voor RVS en gelegerde metalen. Lage vibratie.\" \/>\n<meta property=\"og:url\" content=\"https:\/\/globe-europe.nl\/de\/produkt\/globe-g1443-flache-trennscheibe-z-30-36-sx\/\" \/>\n<meta property=\"og:site_name\" content=\"Globe Europe\" \/>\n<meta property=\"article:modified_time\" content=\"2025-03-07T09:34:45+00:00\" \/>\n<meta property=\"og:image\" content=\"https:\/\/globe-europe.nl\/wp-content\/uploads\/2025\/02\/Globe-Z3036SXBF.jpg\" \/>\n\t<meta property=\"og:image:width\" content=\"700\" \/>\n\t<meta property=\"og:image:height\" content=\"700\" \/>\n\t<meta property=\"og:image:type\" content=\"image\/jpeg\" \/>\n<meta name=\"twitter:card\" content=\"summary_large_image\" \/>\n<meta name=\"twitter:label1\" content=\"Gesch\u00e4tzte Lesezeit\" \/>\n\t<meta name=\"twitter:data1\" content=\"2\u00a0Minuten\" \/>\n<script type=\"application\/ld+json\" class=\"yoast-schema-graph\">{\"@context\":\"https:\\\/\\\/schema.org\",\"@graph\":[{\"@type\":\"WebPage\",\"@id\":\"https:\\\/\\\/globe-europe.nl\\\/product\\\/globe-g1443-platte-doorslijpschijf-z-30-36-sx\\\/\",\"url\":\"https:\\\/\\\/globe-europe.nl\\\/product\\\/globe-g1443-platte-doorslijpschijf-z-30-36-sx\\\/\",\"name\":\"Globe G1443 Doorslijpschijf | Aluminium Zirkonium voor RVS & Legeringen - Globe Europe\",\"isPartOf\":{\"@id\":\"https:\\\/\\\/globe-europe.nl\\\/#website\"},\"primaryImageOfPage\":{\"@id\":\"https:\\\/\\\/globe-europe.nl\\\/product\\\/globe-g1443-platte-doorslijpschijf-z-30-36-sx\\\/#primaryimage\"},\"image\":{\"@id\":\"https:\\\/\\\/globe-europe.nl\\\/product\\\/globe-g1443-platte-doorslijpschijf-z-30-36-sx\\\/#primaryimage\"},\"thumbnailUrl\":\"https:\\\/\\\/globe-europe.nl\\\/wp-content\\\/uploads\\\/2025\\\/02\\\/Globe-Z3036SXBF.jpg\",\"datePublished\":\"2025-02-04T11:10:23+00:00\",\"dateModified\":\"2025-03-07T09:34:45+00:00\",\"description\":\"Globe G1443 doorslijpschijf (125x2,5x22,2mm) \u2013 set van 50 stuks. IJzer-, zwavel- en chloorvrij. Ideaal voor RVS en gelegerde metalen. Lage vibratie.\",\"breadcrumb\":{\"@id\":\"https:\\\/\\\/globe-europe.nl\\\/product\\\/globe-g1443-platte-doorslijpschijf-z-30-36-sx\\\/#breadcrumb\"},\"inLanguage\":\"de\",\"potentialAction\":[{\"@type\":\"ReadAction\",\"target\":[\"https:\\\/\\\/globe-europe.nl\\\/product\\\/globe-g1443-platte-doorslijpschijf-z-30-36-sx\\\/\"]}]},{\"@type\":\"ImageObject\",\"inLanguage\":\"de\",\"@id\":\"https:\\\/\\\/globe-europe.nl\\\/product\\\/globe-g1443-platte-doorslijpschijf-z-30-36-sx\\\/#primaryimage\",\"url\":\"https:\\\/\\\/globe-europe.nl\\\/wp-content\\\/uploads\\\/2025\\\/02\\\/Globe-Z3036SXBF.jpg\",\"contentUrl\":\"https:\\\/\\\/globe-europe.nl\\\/wp-content\\\/uploads\\\/2025\\\/02\\\/Globe-Z3036SXBF.jpg\",\"width\":700,\"height\":700},{\"@type\":\"BreadcrumbList\",\"@id\":\"https:\\\/\\\/globe-europe.nl\\\/product\\\/globe-g1443-platte-doorslijpschijf-z-30-36-sx\\\/#breadcrumb\",\"itemListElement\":[{\"@type\":\"ListItem\",\"position\":1,\"name\":\"Home\",\"item\":\"https:\\\/\\\/globe-europe.nl\\\/\"},{\"@type\":\"ListItem\",\"position\":2,\"name\":\"Winkel\",\"item\":\"https:\\\/\\\/globe-europe.nl\\\/winkel\\\/\"},{\"@type\":\"ListItem\",\"position\":3,\"name\":\"Globe G1443 Platte doorslijpschijf Z-30\\\/36-SX\"}]},{\"@type\":\"WebSite\",\"@id\":\"https:\\\/\\\/globe-europe.nl\\\/#website\",\"url\":\"https:\\\/\\\/globe-europe.nl\\\/\",\"name\":\"Globe Europe\",\"description\":\"\",\"publisher\":{\"@id\":\"https:\\\/\\\/globe-europe.nl\\\/#organization\"},\"potentialAction\":[{\"@type\":\"SearchAction\",\"target\":{\"@type\":\"EntryPoint\",\"urlTemplate\":\"https:\\\/\\\/globe-europe.nl\\\/?s={search_term_string}\"},\"query-input\":{\"@type\":\"PropertyValueSpecification\",\"valueRequired\":true,\"valueName\":\"search_term_string\"}}],\"inLanguage\":\"de\"},{\"@type\":\"Organization\",\"@id\":\"https:\\\/\\\/globe-europe.nl\\\/#organization\",\"name\":\"Globe Europe\",\"url\":\"https:\\\/\\\/globe-europe.nl\\\/\",\"logo\":{\"@type\":\"ImageObject\",\"inLanguage\":\"de\",\"@id\":\"https:\\\/\\\/globe-europe.nl\\\/#\\\/schema\\\/logo\\\/image\\\/\",\"url\":\"https:\\\/\\\/globe-europe.nl\\\/wp-content\\\/uploads\\\/2025\\\/02\\\/GLOBE-LOGO-WEB-GROOT.png\",\"contentUrl\":\"https:\\\/\\\/globe-europe.nl\\\/wp-content\\\/uploads\\\/2025\\\/02\\\/GLOBE-LOGO-WEB-GROOT.png\",\"width\":938,\"height\":404,\"caption\":\"Globe Europe\"},\"image\":{\"@id\":\"https:\\\/\\\/globe-europe.nl\\\/#\\\/schema\\\/logo\\\/image\\\/\"}}]}<\/script>\n<!-- \/ Yoast SEO plugin. -->","yoast_head_json":{"title":"Globe G1443 Trennscheibe | Aluminium-Zirkonium f\u00fcr Edelstahl und Legierungen - Globe Europe","description":"Globe G1443 Trennscheibe (125x2,5x22,2mm) - Satz mit 50 St\u00fcck. Eisen-, schwefel- und chlorfrei. Ideal f\u00fcr rostfreien Stahl und legierte Metalle. Geringe Vibration.","robots":{"index":"index","follow":"follow","max-snippet":"max-snippet:-1","max-image-preview":"max-image-preview:large","max-video-preview":"max-video-preview:-1"},"canonical":"https:\/\/globe-europe.nl\/de\/produkt\/globe-g1443-flache-trennscheibe-z-30-36-sx\/","og_locale":"de_DE","og_type":"article","og_title":"Globe G1443 Doorslijpschijf | Aluminium Zirkonium voor RVS & Legeringen - Globe Europe","og_description":"Globe G1443 doorslijpschijf (125x2,5x22,2mm) \u2013 set van 50 stuks. IJzer-, zwavel- en chloorvrij. Ideaal voor RVS en gelegerde metalen. Lage vibratie.","og_url":"https:\/\/globe-europe.nl\/de\/produkt\/globe-g1443-flache-trennscheibe-z-30-36-sx\/","og_site_name":"Globe Europe","article_modified_time":"2025-03-07T09:34:45+00:00","og_image":[{"width":700,"height":700,"url":"https:\/\/globe-europe.nl\/wp-content\/uploads\/2025\/02\/Globe-Z3036SXBF.jpg","type":"image\/jpeg"}],"twitter_card":"summary_large_image","twitter_misc":{"Gesch\u00e4tzte Lesezeit":"2\u00a0Minuten"},"schema":{"@context":"https:\/\/schema.org","@graph":[{"@type":"WebPage","@id":"https:\/\/globe-europe.nl\/product\/globe-g1443-platte-doorslijpschijf-z-30-36-sx\/","url":"https:\/\/globe-europe.nl\/product\/globe-g1443-platte-doorslijpschijf-z-30-36-sx\/","name":"Globe G1443 Trennscheibe | Aluminium-Zirkonium f\u00fcr Edelstahl und Legierungen - Globe Europe","isPartOf":{"@id":"https:\/\/globe-europe.nl\/#website"},"primaryImageOfPage":{"@id":"https:\/\/globe-europe.nl\/product\/globe-g1443-platte-doorslijpschijf-z-30-36-sx\/#primaryimage"},"image":{"@id":"https:\/\/globe-europe.nl\/product\/globe-g1443-platte-doorslijpschijf-z-30-36-sx\/#primaryimage"},"thumbnailUrl":"https:\/\/globe-europe.nl\/wp-content\/uploads\/2025\/02\/Globe-Z3036SXBF.jpg","datePublished":"2025-02-04T11:10:23+00:00","dateModified":"2025-03-07T09:34:45+00:00","description":"Globe G1443 Trennscheibe (125x2,5x22,2mm) - Satz mit 50 St\u00fcck. Eisen-, schwefel- und chlorfrei. Ideal f\u00fcr rostfreien Stahl und legierte Metalle. Geringe Vibration.","breadcrumb":{"@id":"https:\/\/globe-europe.nl\/product\/globe-g1443-platte-doorslijpschijf-z-30-36-sx\/#breadcrumb"},"inLanguage":"de","potentialAction":[{"@type":"ReadAction","target":["https:\/\/globe-europe.nl\/product\/globe-g1443-platte-doorslijpschijf-z-30-36-sx\/"]}]},{"@type":"ImageObject","inLanguage":"de","@id":"https:\/\/globe-europe.nl\/product\/globe-g1443-platte-doorslijpschijf-z-30-36-sx\/#primaryimage","url":"https:\/\/globe-europe.nl\/wp-content\/uploads\/2025\/02\/Globe-Z3036SXBF.jpg","contentUrl":"https:\/\/globe-europe.nl\/wp-content\/uploads\/2025\/02\/Globe-Z3036SXBF.jpg","width":700,"height":700},{"@type":"BreadcrumbList","@id":"https:\/\/globe-europe.nl\/product\/globe-g1443-platte-doorslijpschijf-z-30-36-sx\/#breadcrumb","itemListElement":[{"@type":"ListItem","position":1,"name":"Home","item":"https:\/\/globe-europe.nl\/"},{"@type":"ListItem","position":2,"name":"Winkel","item":"https:\/\/globe-europe.nl\/winkel\/"},{"@type":"ListItem","position":3,"name":"Globe G1443 Platte doorslijpschijf Z-30\/36-SX"}]},{"@type":"WebSite","@id":"https:\/\/globe-europe.nl\/#website","url":"https:\/\/globe-europe.nl\/","name":"Globe Europe","description":"","publisher":{"@id":"https:\/\/globe-europe.nl\/#organization"},"potentialAction":[{"@type":"SearchAction","target":{"@type":"EntryPoint","urlTemplate":"https:\/\/globe-europe.nl\/?s={search_term_string}"},"query-input":{"@type":"PropertyValueSpecification","valueRequired":true,"valueName":"search_term_string"}}],"inLanguage":"de"},{"@type":"Organization","@id":"https:\/\/globe-europe.nl\/#organization","name":"Globe Europe","url":"https:\/\/globe-europe.nl\/","logo":{"@type":"ImageObject","inLanguage":"de","@id":"https:\/\/globe-europe.nl\/#\/schema\/logo\/image\/","url":"https:\/\/globe-europe.nl\/wp-content\/uploads\/2025\/02\/GLOBE-LOGO-WEB-GROOT.png","contentUrl":"https:\/\/globe-europe.nl\/wp-content\/uploads\/2025\/02\/GLOBE-LOGO-WEB-GROOT.png","width":938,"height":404,"caption":"Globe Europe"},"image":{"@id":"https:\/\/globe-europe.nl\/#\/schema\/logo\/image\/"}}]}},"_links":{"self":[{"href":"https:\/\/globe-europe.nl\/de\/wp-json\/wp\/v2\/product\/1105","targetHints":{"allow":["GET"]}}],"collection":[{"href":"https:\/\/globe-europe.nl\/de\/wp-json\/wp\/v2\/product"}],"about":[{"href":"https:\/\/globe-europe.nl\/de\/wp-json\/wp\/v2\/types\/product"}],"replies":[{"embeddable":true,"href":"https:\/\/globe-europe.nl\/de\/wp-json\/wp\/v2\/comments?post=1105"}],"wp:featuredmedia":[{"embeddable":true,"href":"https:\/\/globe-europe.nl\/de\/wp-json\/wp\/v2\/media\/1104"}],"wp:attachment":[{"href":"https:\/\/globe-europe.nl\/de\/wp-json\/wp\/v2\/media?parent=1105"}],"wp:term":[{"taxonomy":"product_brand","embeddable":true,"href":"https:\/\/globe-europe.nl\/de\/wp-json\/wp\/v2\/product_brand?post=1105"},{"taxonomy":"product_cat","embeddable":true,"href":"https:\/\/globe-europe.nl\/de\/wp-json\/wp\/v2\/product_cat?post=1105"},{"taxonomy":"product_tag","embeddable":true,"href":"https:\/\/globe-europe.nl\/de\/wp-json\/wp\/v2\/product_tag?post=1105"}],"curies":[{"name":"wp","href":"https:\/\/api.w.org\/{rel}","templated":true}]}}