{"id":1107,"date":"2025-02-04T11:10:24","date_gmt":"2025-02-04T11:10:24","guid":{"rendered":"https:\/\/globe-europe.nl\/product\/globe-g1041-combinatieschijf-125x2x222mm-50-stuks\/"},"modified":"2025-03-07T09:34:13","modified_gmt":"2025-03-07T09:34:13","slug":"globe-g1041-kombischeibe-125x2x222mm-50stk","status":"publish","type":"product","link":"https:\/\/globe-europe.nl\/de\/product\/globe-g1041-combinatieschijf-125x2x222mm-50-stuks\/","title":{"rendered":"Kugel G1041 Kombischeibe 125x2x22,2mm 50 St\u00fcck"},"content":{"rendered":"<p>Speziell entwickelt mit einer Dicke von 2,0 mm f\u00fcr hohe Kapazit\u00e4t und sicheres Arbeiten. Die Scheibe ist eisen-, schwefel- und chlorfrei und somit auch f\u00fcr Edelstahl geeignet.<\/p>\n<p>Die Combi Speed Disc ist die Weiterentwicklung der Combi Disc. Mit einer Dicke von nur 2,0 mm und einer 2-lagigen Struktur mit 3 Verst\u00e4rkungsmaterialien bietet diese Scheibe die perfekte Kombination aus hoher Schleifleistung und hohen Sicherheitsstandards. Die Sicherheit und Widerstandsf\u00e4higkeit der Combi-Scheiben ist von der MPA zertifiziert und wird durch Bruch- und Seitendrucktests \u00fcberpr\u00fcft.<\/p>\n<p><strong>Eigenschaften Globe G1041 Kombi-Scheibe 125x2x22,2mm 50 St\u00fcck<\/strong><\/p>\n<ul>\n<li>Verwenden Sie nur 1 Produkt zum Schleifen und Entgraten<\/li>\n<li>Hohe Schleifgeschwindigkeit<\/li>\n<li>Sehr gute Schleifqualit\u00e4t und Pr\u00e4zision<\/li>\n<li>Geringe Gratbildung beim Schleifen<\/li>\n<li>Gute Entgratungsleistung<\/li>\n<li>Sehr hohes Sicherheitsniveau<\/li>\n<li>Effizientes Arbeiten<\/li>\n<li>Lange Lebensdauer<\/li>\n<\/ul>\n<p><strong>Technische Daten<\/strong><\/p>\n<ul>\n<li>Anwendung - Stahl und rostfreier Stahl<\/li>\n<li>Abmessungen - 125 Durchmesser<\/li>\n<li>Einlass - 22,2 mm<\/li>\n<li>Verpackungseinheit - 50 St\u00fcck<\/li>\n<\/ul>\n<p><strong>Umfang der Lieferung<\/strong><\/p>\n<ul>\n<li>Kugel G1041 Kombischeibe 125x2x22,2mm 50 St\u00fcck<\/li>\n<\/ul>","protected":false},"excerpt":{"rendered":"<p><strong>\u00a0Kombi | Typ: 27 + 41<\/strong><\/p>\n<p>Speziell entwickelt mit einer Dicke von 2,0 mm f\u00fcr hohe Kapazit\u00e4t und sicheres Arbeiten. Die Scheibe ist eisen-, schwefel- und chlorfrei und somit auch f\u00fcr Edelstahl geeignet.<\/p>","protected":false},"featured_media":1106,"comment_status":"open","ping_status":"closed","template":"","meta":[],"product_brand":[323],"product_cat":[40,38,37,41],"product_tag":[],"class_list":{"0":"post-1107","1":"product","2":"type-product","3":"status-publish","4":"has-post-thumbnail","6":"product_brand-globe","7":"product_cat-afbraamschijf","8":"product_cat-doorslijpschijf","9":"product_cat-schuur-slijpmiddelen","10":"product_cat-verbruiksartikelen","12":"first","13":"instock","14":"shipping-taxable","15":"product-type-simple"},"ct_brands":[{"id":323,"name":"GLOBE","slug":"weltkugel"}],"yoast_head":"<!-- This site is optimized with the Yoast SEO plugin v27.5 - https:\/\/yoast.com\/product\/yoast-seo-wordpress\/ -->\n<title>Globe G1041 Combinatieschijf | Slijpen &amp; Afbramen in 1 - Globe Europe<\/title>\n<meta name=\"description\" content=\"Globe G1041 combinatieschijf (125x2x22,2mm) \u2013 set van 50 stuks. Hoge slijpsnelheid, precisie en lange standtijd. Veilig en effici\u00ebnt voor RVS &amp; metaal.\" \/>\n<meta name=\"robots\" content=\"index, follow, max-snippet:-1, max-image-preview:large, max-video-preview:-1\" \/>\n<link rel=\"canonical\" href=\"https:\/\/globe-europe.nl\/de\/produkt\/globe-g1041-kombischeibe-125x2x222mm-50stk\/\" \/>\n<meta property=\"og:locale\" content=\"de_DE\" \/>\n<meta property=\"og:type\" content=\"article\" \/>\n<meta property=\"og:title\" content=\"Globe G1041 Combinatieschijf | Slijpen &amp; Afbramen in 1 - Globe Europe\" \/>\n<meta property=\"og:description\" content=\"Globe G1041 combinatieschijf (125x2x22,2mm) \u2013 set van 50 stuks. Hoge slijpsnelheid, precisie en lange standtijd. Veilig en effici\u00ebnt voor RVS &amp; metaal.\" \/>\n<meta property=\"og:url\" content=\"https:\/\/globe-europe.nl\/de\/produkt\/globe-g1041-kombischeibe-125x2x222mm-50stk\/\" \/>\n<meta property=\"og:site_name\" content=\"Globe Europe\" \/>\n<meta property=\"article:modified_time\" content=\"2025-03-07T09:34:13+00:00\" \/>\n<meta property=\"og:image\" content=\"https:\/\/globe-europe.nl\/wp-content\/uploads\/2025\/02\/Globe-A60SXBF.jpg\" \/>\n\t<meta property=\"og:image:width\" content=\"700\" \/>\n\t<meta property=\"og:image:height\" content=\"700\" \/>\n\t<meta property=\"og:image:type\" content=\"image\/jpeg\" \/>\n<meta name=\"twitter:card\" content=\"summary_large_image\" \/>\n<meta name=\"twitter:label1\" content=\"Gesch\u00e4tzte Lesezeit\" \/>\n\t<meta name=\"twitter:data1\" content=\"1\u00a0Minute\" \/>\n<script type=\"application\/ld+json\" class=\"yoast-schema-graph\">{\"@context\":\"https:\\\/\\\/schema.org\",\"@graph\":[{\"@type\":\"WebPage\",\"@id\":\"https:\\\/\\\/globe-europe.nl\\\/product\\\/globe-g1041-combinatieschijf-125x2x222mm-50-stuks\\\/\",\"url\":\"https:\\\/\\\/globe-europe.nl\\\/product\\\/globe-g1041-combinatieschijf-125x2x222mm-50-stuks\\\/\",\"name\":\"Globe G1041 Combinatieschijf | Slijpen & Afbramen in 1 - Globe Europe\",\"isPartOf\":{\"@id\":\"https:\\\/\\\/globe-europe.nl\\\/#website\"},\"primaryImageOfPage\":{\"@id\":\"https:\\\/\\\/globe-europe.nl\\\/product\\\/globe-g1041-combinatieschijf-125x2x222mm-50-stuks\\\/#primaryimage\"},\"image\":{\"@id\":\"https:\\\/\\\/globe-europe.nl\\\/product\\\/globe-g1041-combinatieschijf-125x2x222mm-50-stuks\\\/#primaryimage\"},\"thumbnailUrl\":\"https:\\\/\\\/globe-europe.nl\\\/wp-content\\\/uploads\\\/2025\\\/02\\\/Globe-A60SXBF.jpg\",\"datePublished\":\"2025-02-04T11:10:24+00:00\",\"dateModified\":\"2025-03-07T09:34:13+00:00\",\"description\":\"Globe G1041 combinatieschijf (125x2x22,2mm) \u2013 set van 50 stuks. Hoge slijpsnelheid, precisie en lange standtijd. Veilig en effici\u00ebnt voor RVS & metaal.\",\"breadcrumb\":{\"@id\":\"https:\\\/\\\/globe-europe.nl\\\/product\\\/globe-g1041-combinatieschijf-125x2x222mm-50-stuks\\\/#breadcrumb\"},\"inLanguage\":\"de\",\"potentialAction\":[{\"@type\":\"ReadAction\",\"target\":[\"https:\\\/\\\/globe-europe.nl\\\/product\\\/globe-g1041-combinatieschijf-125x2x222mm-50-stuks\\\/\"]}]},{\"@type\":\"ImageObject\",\"inLanguage\":\"de\",\"@id\":\"https:\\\/\\\/globe-europe.nl\\\/product\\\/globe-g1041-combinatieschijf-125x2x222mm-50-stuks\\\/#primaryimage\",\"url\":\"https:\\\/\\\/globe-europe.nl\\\/wp-content\\\/uploads\\\/2025\\\/02\\\/Globe-A60SXBF.jpg\",\"contentUrl\":\"https:\\\/\\\/globe-europe.nl\\\/wp-content\\\/uploads\\\/2025\\\/02\\\/Globe-A60SXBF.jpg\",\"width\":700,\"height\":700},{\"@type\":\"BreadcrumbList\",\"@id\":\"https:\\\/\\\/globe-europe.nl\\\/product\\\/globe-g1041-combinatieschijf-125x2x222mm-50-stuks\\\/#breadcrumb\",\"itemListElement\":[{\"@type\":\"ListItem\",\"position\":1,\"name\":\"Home\",\"item\":\"https:\\\/\\\/globe-europe.nl\\\/\"},{\"@type\":\"ListItem\",\"position\":2,\"name\":\"Winkel\",\"item\":\"https:\\\/\\\/globe-europe.nl\\\/winkel\\\/\"},{\"@type\":\"ListItem\",\"position\":3,\"name\":\"Globe G1041 Combinatieschijf 125x2x22,2mm 50 stuks\"}]},{\"@type\":\"WebSite\",\"@id\":\"https:\\\/\\\/globe-europe.nl\\\/#website\",\"url\":\"https:\\\/\\\/globe-europe.nl\\\/\",\"name\":\"Globe Europe\",\"description\":\"\",\"publisher\":{\"@id\":\"https:\\\/\\\/globe-europe.nl\\\/#organization\"},\"potentialAction\":[{\"@type\":\"SearchAction\",\"target\":{\"@type\":\"EntryPoint\",\"urlTemplate\":\"https:\\\/\\\/globe-europe.nl\\\/?s={search_term_string}\"},\"query-input\":{\"@type\":\"PropertyValueSpecification\",\"valueRequired\":true,\"valueName\":\"search_term_string\"}}],\"inLanguage\":\"de\"},{\"@type\":\"Organization\",\"@id\":\"https:\\\/\\\/globe-europe.nl\\\/#organization\",\"name\":\"Globe Europe\",\"url\":\"https:\\\/\\\/globe-europe.nl\\\/\",\"logo\":{\"@type\":\"ImageObject\",\"inLanguage\":\"de\",\"@id\":\"https:\\\/\\\/globe-europe.nl\\\/#\\\/schema\\\/logo\\\/image\\\/\",\"url\":\"https:\\\/\\\/globe-europe.nl\\\/wp-content\\\/uploads\\\/2025\\\/02\\\/GLOBE-LOGO-WEB-GROOT.png\",\"contentUrl\":\"https:\\\/\\\/globe-europe.nl\\\/wp-content\\\/uploads\\\/2025\\\/02\\\/GLOBE-LOGO-WEB-GROOT.png\",\"width\":938,\"height\":404,\"caption\":\"Globe Europe\"},\"image\":{\"@id\":\"https:\\\/\\\/globe-europe.nl\\\/#\\\/schema\\\/logo\\\/image\\\/\"}}]}<\/script>\n<!-- \/ Yoast SEO plugin. -->","yoast_head_json":{"title":"Globe G1041 Kombischeibe | Schleifen &amp; Entgraten in 1 - Globe Europe","description":"Globe G1041 Kombinationsscheibe (125x2x22,2mm) - Satz zu 50 St\u00fcck. Hohe Schleifgeschwindigkeit, Pr\u00e4zision und lange Standzeit. Sicher und effizient f\u00fcr rostfreien Stahl und Metall.","robots":{"index":"index","follow":"follow","max-snippet":"max-snippet:-1","max-image-preview":"max-image-preview:large","max-video-preview":"max-video-preview:-1"},"canonical":"https:\/\/globe-europe.nl\/de\/produkt\/globe-g1041-kombischeibe-125x2x222mm-50stk\/","og_locale":"de_DE","og_type":"article","og_title":"Globe G1041 Combinatieschijf | Slijpen & Afbramen in 1 - Globe Europe","og_description":"Globe G1041 combinatieschijf (125x2x22,2mm) \u2013 set van 50 stuks. Hoge slijpsnelheid, precisie en lange standtijd. Veilig en effici\u00ebnt voor RVS & metaal.","og_url":"https:\/\/globe-europe.nl\/de\/produkt\/globe-g1041-kombischeibe-125x2x222mm-50stk\/","og_site_name":"Globe Europe","article_modified_time":"2025-03-07T09:34:13+00:00","og_image":[{"width":700,"height":700,"url":"https:\/\/globe-europe.nl\/wp-content\/uploads\/2025\/02\/Globe-A60SXBF.jpg","type":"image\/jpeg"}],"twitter_card":"summary_large_image","twitter_misc":{"Gesch\u00e4tzte Lesezeit":"1\u00a0Minute"},"schema":{"@context":"https:\/\/schema.org","@graph":[{"@type":"WebPage","@id":"https:\/\/globe-europe.nl\/product\/globe-g1041-combinatieschijf-125x2x222mm-50-stuks\/","url":"https:\/\/globe-europe.nl\/product\/globe-g1041-combinatieschijf-125x2x222mm-50-stuks\/","name":"Globe G1041 Kombischeibe | Schleifen &amp; Entgraten in 1 - Globe Europe","isPartOf":{"@id":"https:\/\/globe-europe.nl\/#website"},"primaryImageOfPage":{"@id":"https:\/\/globe-europe.nl\/product\/globe-g1041-combinatieschijf-125x2x222mm-50-stuks\/#primaryimage"},"image":{"@id":"https:\/\/globe-europe.nl\/product\/globe-g1041-combinatieschijf-125x2x222mm-50-stuks\/#primaryimage"},"thumbnailUrl":"https:\/\/globe-europe.nl\/wp-content\/uploads\/2025\/02\/Globe-A60SXBF.jpg","datePublished":"2025-02-04T11:10:24+00:00","dateModified":"2025-03-07T09:34:13+00:00","description":"Globe G1041 Kombinationsscheibe (125x2x22,2mm) - Satz zu 50 St\u00fcck. Hohe Schleifgeschwindigkeit, Pr\u00e4zision und lange Standzeit. Sicher und effizient f\u00fcr rostfreien Stahl und Metall.","breadcrumb":{"@id":"https:\/\/globe-europe.nl\/product\/globe-g1041-combinatieschijf-125x2x222mm-50-stuks\/#breadcrumb"},"inLanguage":"de","potentialAction":[{"@type":"ReadAction","target":["https:\/\/globe-europe.nl\/product\/globe-g1041-combinatieschijf-125x2x222mm-50-stuks\/"]}]},{"@type":"ImageObject","inLanguage":"de","@id":"https:\/\/globe-europe.nl\/product\/globe-g1041-combinatieschijf-125x2x222mm-50-stuks\/#primaryimage","url":"https:\/\/globe-europe.nl\/wp-content\/uploads\/2025\/02\/Globe-A60SXBF.jpg","contentUrl":"https:\/\/globe-europe.nl\/wp-content\/uploads\/2025\/02\/Globe-A60SXBF.jpg","width":700,"height":700},{"@type":"BreadcrumbList","@id":"https:\/\/globe-europe.nl\/product\/globe-g1041-combinatieschijf-125x2x222mm-50-stuks\/#breadcrumb","itemListElement":[{"@type":"ListItem","position":1,"name":"Home","item":"https:\/\/globe-europe.nl\/"},{"@type":"ListItem","position":2,"name":"Winkel","item":"https:\/\/globe-europe.nl\/winkel\/"},{"@type":"ListItem","position":3,"name":"Globe G1041 Combinatieschijf 125x2x22,2mm 50 stuks"}]},{"@type":"WebSite","@id":"https:\/\/globe-europe.nl\/#website","url":"https:\/\/globe-europe.nl\/","name":"Globe Europe","description":"","publisher":{"@id":"https:\/\/globe-europe.nl\/#organization"},"potentialAction":[{"@type":"SearchAction","target":{"@type":"EntryPoint","urlTemplate":"https:\/\/globe-europe.nl\/?s={search_term_string}"},"query-input":{"@type":"PropertyValueSpecification","valueRequired":true,"valueName":"search_term_string"}}],"inLanguage":"de"},{"@type":"Organization","@id":"https:\/\/globe-europe.nl\/#organization","name":"Globe Europe","url":"https:\/\/globe-europe.nl\/","logo":{"@type":"ImageObject","inLanguage":"de","@id":"https:\/\/globe-europe.nl\/#\/schema\/logo\/image\/","url":"https:\/\/globe-europe.nl\/wp-content\/uploads\/2025\/02\/GLOBE-LOGO-WEB-GROOT.png","contentUrl":"https:\/\/globe-europe.nl\/wp-content\/uploads\/2025\/02\/GLOBE-LOGO-WEB-GROOT.png","width":938,"height":404,"caption":"Globe Europe"},"image":{"@id":"https:\/\/globe-europe.nl\/#\/schema\/logo\/image\/"}}]}},"_links":{"self":[{"href":"https:\/\/globe-europe.nl\/de\/wp-json\/wp\/v2\/product\/1107","targetHints":{"allow":["GET"]}}],"collection":[{"href":"https:\/\/globe-europe.nl\/de\/wp-json\/wp\/v2\/product"}],"about":[{"href":"https:\/\/globe-europe.nl\/de\/wp-json\/wp\/v2\/types\/product"}],"replies":[{"embeddable":true,"href":"https:\/\/globe-europe.nl\/de\/wp-json\/wp\/v2\/comments?post=1107"}],"wp:featuredmedia":[{"embeddable":true,"href":"https:\/\/globe-europe.nl\/de\/wp-json\/wp\/v2\/media\/1106"}],"wp:attachment":[{"href":"https:\/\/globe-europe.nl\/de\/wp-json\/wp\/v2\/media?parent=1107"}],"wp:term":[{"taxonomy":"product_brand","embeddable":true,"href":"https:\/\/globe-europe.nl\/de\/wp-json\/wp\/v2\/product_brand?post=1107"},{"taxonomy":"product_cat","embeddable":true,"href":"https:\/\/globe-europe.nl\/de\/wp-json\/wp\/v2\/product_cat?post=1107"},{"taxonomy":"product_tag","embeddable":true,"href":"https:\/\/globe-europe.nl\/de\/wp-json\/wp\/v2\/product_tag?post=1107"}],"curies":[{"name":"wp","href":"https:\/\/api.w.org\/{rel}","templated":true}]}}