{"id":1111,"date":"2025-02-04T11:10:25","date_gmt":"2025-02-04T11:10:25","guid":{"rendered":"https:\/\/globe-europe.nl\/product\/globe-g1536-doorslijpschijf-vlak-230x2x222mm-50-stuks\/"},"modified":"2025-03-07T09:34:56","modified_gmt":"2025-03-07T09:34:56","slug":"globe-g1536-flache-trennscheibe-230x2x222mm-50stk","status":"publish","type":"product","link":"https:\/\/globe-europe.nl\/de\/product\/globe-g1536-doorslijpschijf-vlak-230x2x222mm-50-stuks\/","title":{"rendered":"Globus G1536 Trennscheibe Flach 230x2x22,2mm 50 St\u00fcck"},"content":{"rendered":"<p>Das effektivste und schnellste Schleifwerkzeug. Die geringe Dicke halbiert die Schleifzeit im Vergleich zu Standard-Schriften. ZAC-Scheiben sind an den Seiten verst\u00e4rkt. Sie sollten niemals zum Entgraten oder f\u00fcr Schleifarbeiten verwendet werden, bei denen sich die Scheibe biegt. Das patentierte schraubenf\u00f6rmige Muster an der Seite der Scheibe sorgt f\u00fcr geringere Reibung, geringere W\u00e4rmeentwicklung und einen schnelleren Schnitt.<\/p>\n<p><strong>Eigenschaften Globe G1536 Trennscheibe Flach 230x2x22,2mm 50 St\u00fcck<\/strong><\/p>\n<ul>\n<li>Geringe Dicke halbiert die Schleifzeit im Vergleich zum Standardschreiben<\/li>\n<li>Geeignet zum Schleifen von Eisen und Stahl. Hart und hohe Kapazit\u00e4t.<\/li>\n<\/ul>\n<p><strong>Technische Daten<\/strong><\/p>\n<ul>\n<li>Anwendung - Eisen und Stahl<\/li>\n<li>Gr\u00f6\u00dfe - 230\u00d72.0<\/li>\n<li>Einlass - 22,2 mm<\/li>\n<li>Typ - flach<\/li>\n<li>Verpackungseinheit - 50 St\u00fcck<\/li>\n<\/ul>\n<p><strong>Umfang der Lieferung<\/strong><\/p>\n<ul>\n<li>Globus G1536 Trennscheibe Flach 230x2x22,2mm 50 St\u00fcck<\/li>\n<\/ul>","protected":false},"excerpt":{"rendered":"<p>&nbsp;<\/p>\n<p style=\"text-align: left;\"><strong>Versenkter Kern | Typ: 42<\/strong><\/p>\n<p style=\"text-align: left;\">Geeignet zum Schleifen von Eisen und Stahl. Hart und hohe Kapazit\u00e4t.<\/p>","protected":false},"featured_media":1110,"comment_status":"open","ping_status":"closed","template":"","meta":[],"product_brand":[323],"product_cat":[38,37,41],"product_tag":[],"class_list":{"0":"post-1111","1":"product","2":"type-product","3":"status-publish","4":"has-post-thumbnail","6":"product_brand-globe","7":"product_cat-doorslijpschijf","8":"product_cat-schuur-slijpmiddelen","9":"product_cat-verbruiksartikelen","11":"first","12":"instock","13":"shipping-taxable","14":"product-type-simple"},"ct_brands":[{"id":323,"name":"GLOBE","slug":"weltkugel"}],"yoast_head":"<!-- This site is optimized with the Yoast SEO plugin v27.6 - https:\/\/yoast.com\/product\/yoast-seo-wordpress\/ -->\n<title>Globe G1536 Doorslijpschijf | Vlak &amp; Effici\u00ebnt voor IJzer &amp; Staal - Globe Europe<\/title>\n<meta name=\"description\" content=\"Globe G1536 doorslijpschijf (230x2x22,2mm) \u2013 set van 50 stuks. Snelle snede, lage frictie en hitteproductie. Geschikt voor ijzer en staal.\" \/>\n<meta name=\"robots\" content=\"index, follow, max-snippet:-1, max-image-preview:large, max-video-preview:-1\" \/>\n<link rel=\"canonical\" href=\"https:\/\/globe-europe.nl\/de\/produkt\/globe-g1536-flache-trennscheibe-230x2x222mm-50stk\/\" \/>\n<meta property=\"og:locale\" content=\"de_DE\" \/>\n<meta property=\"og:type\" content=\"article\" \/>\n<meta property=\"og:title\" content=\"Globe G1536 Doorslijpschijf | Vlak &amp; Effici\u00ebnt voor IJzer &amp; Staal - Globe Europe\" \/>\n<meta property=\"og:description\" content=\"Globe G1536 doorslijpschijf (230x2x22,2mm) \u2013 set van 50 stuks. Snelle snede, lage frictie en hitteproductie. Geschikt voor ijzer en staal.\" \/>\n<meta property=\"og:url\" content=\"https:\/\/globe-europe.nl\/de\/produkt\/globe-g1536-flache-trennscheibe-230x2x222mm-50stk\/\" \/>\n<meta property=\"og:site_name\" content=\"Globe Europe\" \/>\n<meta property=\"article:modified_time\" content=\"2025-03-07T09:34:56+00:00\" \/>\n<meta property=\"og:image\" content=\"https:\/\/globe-europe.nl\/wp-content\/uploads\/2025\/02\/Globe-A60SBF-2.jpg\" \/>\n\t<meta property=\"og:image:width\" content=\"700\" \/>\n\t<meta property=\"og:image:height\" content=\"700\" \/>\n\t<meta property=\"og:image:type\" content=\"image\/jpeg\" \/>\n<meta name=\"twitter:card\" content=\"summary_large_image\" \/>\n<meta name=\"twitter:label1\" content=\"Gesch\u00e4tzte Lesezeit\" \/>\n\t<meta name=\"twitter:data1\" content=\"1\u00a0Minute\" \/>\n<script type=\"application\/ld+json\" class=\"yoast-schema-graph\">{\"@context\":\"https:\\\/\\\/schema.org\",\"@graph\":[{\"@type\":\"WebPage\",\"@id\":\"https:\\\/\\\/globe-europe.nl\\\/product\\\/globe-g1536-doorslijpschijf-vlak-230x2x222mm-50-stuks\\\/\",\"url\":\"https:\\\/\\\/globe-europe.nl\\\/product\\\/globe-g1536-doorslijpschijf-vlak-230x2x222mm-50-stuks\\\/\",\"name\":\"Globe G1536 Doorslijpschijf | Vlak & Effici\u00ebnt voor IJzer & Staal - Globe Europe\",\"isPartOf\":{\"@id\":\"https:\\\/\\\/globe-europe.nl\\\/#website\"},\"primaryImageOfPage\":{\"@id\":\"https:\\\/\\\/globe-europe.nl\\\/product\\\/globe-g1536-doorslijpschijf-vlak-230x2x222mm-50-stuks\\\/#primaryimage\"},\"image\":{\"@id\":\"https:\\\/\\\/globe-europe.nl\\\/product\\\/globe-g1536-doorslijpschijf-vlak-230x2x222mm-50-stuks\\\/#primaryimage\"},\"thumbnailUrl\":\"https:\\\/\\\/globe-europe.nl\\\/wp-content\\\/uploads\\\/2025\\\/02\\\/Globe-A60SBF-2.jpg\",\"datePublished\":\"2025-02-04T11:10:25+00:00\",\"dateModified\":\"2025-03-07T09:34:56+00:00\",\"description\":\"Globe G1536 doorslijpschijf (230x2x22,2mm) \u2013 set van 50 stuks. Snelle snede, lage frictie en hitteproductie. Geschikt voor ijzer en staal.\",\"breadcrumb\":{\"@id\":\"https:\\\/\\\/globe-europe.nl\\\/product\\\/globe-g1536-doorslijpschijf-vlak-230x2x222mm-50-stuks\\\/#breadcrumb\"},\"inLanguage\":\"de\",\"potentialAction\":[{\"@type\":\"ReadAction\",\"target\":[\"https:\\\/\\\/globe-europe.nl\\\/product\\\/globe-g1536-doorslijpschijf-vlak-230x2x222mm-50-stuks\\\/\"]}]},{\"@type\":\"ImageObject\",\"inLanguage\":\"de\",\"@id\":\"https:\\\/\\\/globe-europe.nl\\\/product\\\/globe-g1536-doorslijpschijf-vlak-230x2x222mm-50-stuks\\\/#primaryimage\",\"url\":\"https:\\\/\\\/globe-europe.nl\\\/wp-content\\\/uploads\\\/2025\\\/02\\\/Globe-A60SBF-2.jpg\",\"contentUrl\":\"https:\\\/\\\/globe-europe.nl\\\/wp-content\\\/uploads\\\/2025\\\/02\\\/Globe-A60SBF-2.jpg\",\"width\":700,\"height\":700},{\"@type\":\"BreadcrumbList\",\"@id\":\"https:\\\/\\\/globe-europe.nl\\\/product\\\/globe-g1536-doorslijpschijf-vlak-230x2x222mm-50-stuks\\\/#breadcrumb\",\"itemListElement\":[{\"@type\":\"ListItem\",\"position\":1,\"name\":\"Home\",\"item\":\"https:\\\/\\\/globe-europe.nl\\\/\"},{\"@type\":\"ListItem\",\"position\":2,\"name\":\"Winkel\",\"item\":\"https:\\\/\\\/globe-europe.nl\\\/winkel\\\/\"},{\"@type\":\"ListItem\",\"position\":3,\"name\":\"Globe G1536 Doorslijpschijf Vlak 230x2x22,2mm 50 stuks\"}]},{\"@type\":\"WebSite\",\"@id\":\"https:\\\/\\\/globe-europe.nl\\\/#website\",\"url\":\"https:\\\/\\\/globe-europe.nl\\\/\",\"name\":\"Globe Europe\",\"description\":\"\",\"publisher\":{\"@id\":\"https:\\\/\\\/globe-europe.nl\\\/#organization\"},\"potentialAction\":[{\"@type\":\"SearchAction\",\"target\":{\"@type\":\"EntryPoint\",\"urlTemplate\":\"https:\\\/\\\/globe-europe.nl\\\/?s={search_term_string}\"},\"query-input\":{\"@type\":\"PropertyValueSpecification\",\"valueRequired\":true,\"valueName\":\"search_term_string\"}}],\"inLanguage\":\"de\"},{\"@type\":\"Organization\",\"@id\":\"https:\\\/\\\/globe-europe.nl\\\/#organization\",\"name\":\"Globe Europe\",\"url\":\"https:\\\/\\\/globe-europe.nl\\\/\",\"logo\":{\"@type\":\"ImageObject\",\"inLanguage\":\"de\",\"@id\":\"https:\\\/\\\/globe-europe.nl\\\/#\\\/schema\\\/logo\\\/image\\\/\",\"url\":\"https:\\\/\\\/globe-europe.nl\\\/wp-content\\\/uploads\\\/2025\\\/02\\\/GLOBE-LOGO-WEB-GROOT.png\",\"contentUrl\":\"https:\\\/\\\/globe-europe.nl\\\/wp-content\\\/uploads\\\/2025\\\/02\\\/GLOBE-LOGO-WEB-GROOT.png\",\"width\":938,\"height\":404,\"caption\":\"Globe Europe\"},\"image\":{\"@id\":\"https:\\\/\\\/globe-europe.nl\\\/#\\\/schema\\\/logo\\\/image\\\/\"}}]}<\/script>\n<!-- \/ Yoast SEO plugin. -->","yoast_head_json":{"title":"Globe G1536 Trennscheibe | Flach &amp; Effizient f\u00fcr Eisen &amp; Stahl - Globe Europe","description":"Globe G1536 Trennscheibe (230x2x22,2mm) - Satz mit 50 St\u00fcck. Schnelles Trennen, geringe Reibung und W\u00e4rmeentwicklung. Geeignet f\u00fcr Eisen und Stahl.","robots":{"index":"index","follow":"follow","max-snippet":"max-snippet:-1","max-image-preview":"max-image-preview:large","max-video-preview":"max-video-preview:-1"},"canonical":"https:\/\/globe-europe.nl\/de\/produkt\/globe-g1536-flache-trennscheibe-230x2x222mm-50stk\/","og_locale":"de_DE","og_type":"article","og_title":"Globe G1536 Doorslijpschijf | Vlak & Effici\u00ebnt voor IJzer & Staal - Globe Europe","og_description":"Globe G1536 doorslijpschijf (230x2x22,2mm) \u2013 set van 50 stuks. Snelle snede, lage frictie en hitteproductie. Geschikt voor ijzer en staal.","og_url":"https:\/\/globe-europe.nl\/de\/produkt\/globe-g1536-flache-trennscheibe-230x2x222mm-50stk\/","og_site_name":"Globe Europe","article_modified_time":"2025-03-07T09:34:56+00:00","og_image":[{"width":700,"height":700,"url":"https:\/\/globe-europe.nl\/wp-content\/uploads\/2025\/02\/Globe-A60SBF-2.jpg","type":"image\/jpeg"}],"twitter_card":"summary_large_image","twitter_misc":{"Gesch\u00e4tzte Lesezeit":"1\u00a0Minute"},"schema":{"@context":"https:\/\/schema.org","@graph":[{"@type":"WebPage","@id":"https:\/\/globe-europe.nl\/product\/globe-g1536-doorslijpschijf-vlak-230x2x222mm-50-stuks\/","url":"https:\/\/globe-europe.nl\/product\/globe-g1536-doorslijpschijf-vlak-230x2x222mm-50-stuks\/","name":"Globe G1536 Trennscheibe | Flach &amp; Effizient f\u00fcr Eisen &amp; Stahl - Globe Europe","isPartOf":{"@id":"https:\/\/globe-europe.nl\/#website"},"primaryImageOfPage":{"@id":"https:\/\/globe-europe.nl\/product\/globe-g1536-doorslijpschijf-vlak-230x2x222mm-50-stuks\/#primaryimage"},"image":{"@id":"https:\/\/globe-europe.nl\/product\/globe-g1536-doorslijpschijf-vlak-230x2x222mm-50-stuks\/#primaryimage"},"thumbnailUrl":"https:\/\/globe-europe.nl\/wp-content\/uploads\/2025\/02\/Globe-A60SBF-2.jpg","datePublished":"2025-02-04T11:10:25+00:00","dateModified":"2025-03-07T09:34:56+00:00","description":"Globe G1536 Trennscheibe (230x2x22,2mm) - Satz mit 50 St\u00fcck. Schnelles Trennen, geringe Reibung und W\u00e4rmeentwicklung. Geeignet f\u00fcr Eisen und Stahl.","breadcrumb":{"@id":"https:\/\/globe-europe.nl\/product\/globe-g1536-doorslijpschijf-vlak-230x2x222mm-50-stuks\/#breadcrumb"},"inLanguage":"de","potentialAction":[{"@type":"ReadAction","target":["https:\/\/globe-europe.nl\/product\/globe-g1536-doorslijpschijf-vlak-230x2x222mm-50-stuks\/"]}]},{"@type":"ImageObject","inLanguage":"de","@id":"https:\/\/globe-europe.nl\/product\/globe-g1536-doorslijpschijf-vlak-230x2x222mm-50-stuks\/#primaryimage","url":"https:\/\/globe-europe.nl\/wp-content\/uploads\/2025\/02\/Globe-A60SBF-2.jpg","contentUrl":"https:\/\/globe-europe.nl\/wp-content\/uploads\/2025\/02\/Globe-A60SBF-2.jpg","width":700,"height":700},{"@type":"BreadcrumbList","@id":"https:\/\/globe-europe.nl\/product\/globe-g1536-doorslijpschijf-vlak-230x2x222mm-50-stuks\/#breadcrumb","itemListElement":[{"@type":"ListItem","position":1,"name":"Home","item":"https:\/\/globe-europe.nl\/"},{"@type":"ListItem","position":2,"name":"Winkel","item":"https:\/\/globe-europe.nl\/winkel\/"},{"@type":"ListItem","position":3,"name":"Globe G1536 Doorslijpschijf Vlak 230x2x22,2mm 50 stuks"}]},{"@type":"WebSite","@id":"https:\/\/globe-europe.nl\/#website","url":"https:\/\/globe-europe.nl\/","name":"Globe Europe","description":"","publisher":{"@id":"https:\/\/globe-europe.nl\/#organization"},"potentialAction":[{"@type":"SearchAction","target":{"@type":"EntryPoint","urlTemplate":"https:\/\/globe-europe.nl\/?s={search_term_string}"},"query-input":{"@type":"PropertyValueSpecification","valueRequired":true,"valueName":"search_term_string"}}],"inLanguage":"de"},{"@type":"Organization","@id":"https:\/\/globe-europe.nl\/#organization","name":"Globe Europe","url":"https:\/\/globe-europe.nl\/","logo":{"@type":"ImageObject","inLanguage":"de","@id":"https:\/\/globe-europe.nl\/#\/schema\/logo\/image\/","url":"https:\/\/globe-europe.nl\/wp-content\/uploads\/2025\/02\/GLOBE-LOGO-WEB-GROOT.png","contentUrl":"https:\/\/globe-europe.nl\/wp-content\/uploads\/2025\/02\/GLOBE-LOGO-WEB-GROOT.png","width":938,"height":404,"caption":"Globe Europe"},"image":{"@id":"https:\/\/globe-europe.nl\/#\/schema\/logo\/image\/"}}]}},"_links":{"self":[{"href":"https:\/\/globe-europe.nl\/de\/wp-json\/wp\/v2\/product\/1111","targetHints":{"allow":["GET"]}}],"collection":[{"href":"https:\/\/globe-europe.nl\/de\/wp-json\/wp\/v2\/product"}],"about":[{"href":"https:\/\/globe-europe.nl\/de\/wp-json\/wp\/v2\/types\/product"}],"replies":[{"embeddable":true,"href":"https:\/\/globe-europe.nl\/de\/wp-json\/wp\/v2\/comments?post=1111"}],"wp:featuredmedia":[{"embeddable":true,"href":"https:\/\/globe-europe.nl\/de\/wp-json\/wp\/v2\/media\/1110"}],"wp:attachment":[{"href":"https:\/\/globe-europe.nl\/de\/wp-json\/wp\/v2\/media?parent=1111"}],"wp:term":[{"taxonomy":"product_brand","embeddable":true,"href":"https:\/\/globe-europe.nl\/de\/wp-json\/wp\/v2\/product_brand?post=1111"},{"taxonomy":"product_cat","embeddable":true,"href":"https:\/\/globe-europe.nl\/de\/wp-json\/wp\/v2\/product_cat?post=1111"},{"taxonomy":"product_tag","embeddable":true,"href":"https:\/\/globe-europe.nl\/de\/wp-json\/wp\/v2\/product_tag?post=1111"}],"curies":[{"name":"wp","href":"https:\/\/api.w.org\/{rel}","templated":true}]}}