{"id":1113,"date":"2025-02-04T11:10:26","date_gmt":"2025-02-04T11:10:26","guid":{"rendered":"https:\/\/globe-europe.nl\/product\/globe-g1615-doorslijpschijf-vlak-115x13x222mm-25-stuks\/"},"modified":"2025-03-07T09:35:11","modified_gmt":"2025-03-07T09:35:11","slug":"globe-g1615-flache-trennscheibe-115x1-3x222mm-25stk","status":"publish","type":"product","link":"https:\/\/globe-europe.nl\/de\/product\/globe-g1615-doorslijpschijf-vlak-115x13x222mm-25-stuks\/","title":{"rendered":"Globus G1615 Trennscheibe flach 115\u00d71,3\u00d722,2mm 25 St\u00fcck"},"content":{"rendered":"<div class=\"woo-short-description\">\n<p>Zum Schneiden von Aluminium und anderen weichen Nichteisenwerkstoffen (Kupfer, Messing). F\u00fcr schnelle, geschmierte Schnitte dank seiner speziellen Zusammensetzung.<\/p>\n<\/div>\n<div class=\"product_meta\">\n<p>Das effektivste und schnellste Schleifwerkzeug. Die geringe Dicke halbiert die Schleifzeit im Vergleich zu Standard-Schriften. ZAC-Scheiben sind an den Seiten verst\u00e4rkt. Sie sollten niemals zum Entgraten oder f\u00fcr Schleifarbeiten verwendet werden, bei denen sich die Scheibe biegt. Das patentierte schraubenf\u00f6rmige Muster an der Seite der Scheibe sorgt f\u00fcr geringere Reibung, geringere W\u00e4rmeentwicklung und einen schnelleren Schnitt.<\/p>\n<p><strong>Eigenschaften Globe G1615 Trennscheibe Flach 115\u00d71,3\u00d722,2mm 25 St\u00fcck<\/strong><\/p>\n<ul>\n<li>Schneller, geschmierter Schnitt dank der speziellen Zusammensetzung<\/li>\n<li>Zum Schneiden von Aluminium und anderen weichen Nichteisenwerkstoffen (Kupfer, Messing)<\/li>\n<li>Geringe Dicke halbiert die Schleifzeit im Vergleich zum Standardschreiben<\/li>\n<li>Das patentierte schraubenf\u00f6rmige Muster an der Seite der Scheibe sorgt f\u00fcr geringere Reibung<\/li>\n<\/ul>\n<p><strong>Technische Daten<\/strong><\/p>\n<ul>\n<li>Anwendung - Stahl und Eisen<\/li>\n<li>Abmessungen - 115 Durchmesser<\/li>\n<li>Einlass - 22,2 mm<\/li>\n<li>Typ - Flach<\/li>\n<li>Verpackungseinheit - 25 St\u00fcck<\/li>\n<\/ul>\n<p><strong>Umfang der Lieferung\u00a0<\/strong><\/p>\n<ul>\n<li>Globus G1615 Trennscheibe flach 115\u00d71,3\u00d722,2mm 25 St\u00fcck<\/li>\n<\/ul>\n<\/div>","protected":false},"excerpt":{"rendered":"<p>&nbsp;<\/p>\n<p><span style=\"color: #cc0000;\"><strong><span style=\"color: #000000;\">Versenkter Kern | Typ: 41<\/span><\/strong><em><br \/>\n<\/em><\/span><br \/>\nZum Schneiden von Aluminium und anderen weichen Nichteisenwerkstoffen (Kupfer, Messing). F\u00fcr schnelle, geschmierte Schnitte dank seiner speziellen Zusammensetzung.<\/p>","protected":false},"featured_media":1112,"comment_status":"open","ping_status":"closed","template":"","meta":[],"product_brand":[323],"product_cat":[38,37,41],"product_tag":[],"class_list":{"0":"post-1113","1":"product","2":"type-product","3":"status-publish","4":"has-post-thumbnail","6":"product_brand-globe","7":"product_cat-doorslijpschijf","8":"product_cat-schuur-slijpmiddelen","9":"product_cat-verbruiksartikelen","11":"first","12":"instock","13":"shipping-taxable","14":"product-type-simple"},"ct_brands":[{"id":323,"name":"GLOBE","slug":"weltkugel"}],"yoast_head":"<!-- This site is optimized with the Yoast SEO plugin v27.6 - https:\/\/yoast.com\/product\/yoast-seo-wordpress\/ -->\n<title>Globe G1615 Doorslijpschijf | Vlak &amp; Snel voor Aluminium &amp; Koper - Globe Europe<\/title>\n<meta name=\"description\" content=\"Globe G1615 doorslijpschijf (115x1,3x22,2mm) \u2013 set van 25 stuks. Snelle, gesmeerde snede voor aluminium, koper en messing. Verminderde frictie en hitte.\" \/>\n<meta name=\"robots\" content=\"index, follow, max-snippet:-1, max-image-preview:large, max-video-preview:-1\" \/>\n<link rel=\"canonical\" href=\"https:\/\/globe-europe.nl\/de\/produkt\/globe-g1615-flache-trennscheibe-115x1-3x222mm-25stk\/\" \/>\n<meta property=\"og:locale\" content=\"de_DE\" \/>\n<meta property=\"og:type\" content=\"article\" \/>\n<meta property=\"og:title\" content=\"Globe G1615 Doorslijpschijf | Vlak &amp; Snel voor Aluminium &amp; Koper - Globe Europe\" \/>\n<meta property=\"og:description\" content=\"Globe G1615 doorslijpschijf (115x1,3x22,2mm) \u2013 set van 25 stuks. Snelle, gesmeerde snede voor aluminium, koper en messing. Verminderde frictie en hitte.\" \/>\n<meta property=\"og:url\" content=\"https:\/\/globe-europe.nl\/de\/produkt\/globe-g1615-flache-trennscheibe-115x1-3x222mm-25stk\/\" \/>\n<meta property=\"og:site_name\" content=\"Globe Europe\" \/>\n<meta property=\"article:modified_time\" content=\"2025-03-07T09:35:11+00:00\" \/>\n<meta property=\"og:image\" content=\"https:\/\/globe-europe.nl\/wp-content\/uploads\/2025\/02\/Globe-A60SBF-1.jpg\" \/>\n\t<meta property=\"og:image:width\" content=\"700\" \/>\n\t<meta property=\"og:image:height\" content=\"700\" \/>\n\t<meta property=\"og:image:type\" content=\"image\/jpeg\" \/>\n<meta name=\"twitter:card\" content=\"summary_large_image\" \/>\n<meta name=\"twitter:label1\" content=\"Gesch\u00e4tzte Lesezeit\" \/>\n\t<meta name=\"twitter:data1\" content=\"1\u00a0Minute\" \/>\n<script type=\"application\/ld+json\" class=\"yoast-schema-graph\">{\"@context\":\"https:\\\/\\\/schema.org\",\"@graph\":[{\"@type\":\"WebPage\",\"@id\":\"https:\\\/\\\/globe-europe.nl\\\/product\\\/globe-g1615-doorslijpschijf-vlak-115x13x222mm-25-stuks\\\/\",\"url\":\"https:\\\/\\\/globe-europe.nl\\\/product\\\/globe-g1615-doorslijpschijf-vlak-115x13x222mm-25-stuks\\\/\",\"name\":\"Globe G1615 Doorslijpschijf | Vlak & Snel voor Aluminium & Koper - Globe Europe\",\"isPartOf\":{\"@id\":\"https:\\\/\\\/globe-europe.nl\\\/#website\"},\"primaryImageOfPage\":{\"@id\":\"https:\\\/\\\/globe-europe.nl\\\/product\\\/globe-g1615-doorslijpschijf-vlak-115x13x222mm-25-stuks\\\/#primaryimage\"},\"image\":{\"@id\":\"https:\\\/\\\/globe-europe.nl\\\/product\\\/globe-g1615-doorslijpschijf-vlak-115x13x222mm-25-stuks\\\/#primaryimage\"},\"thumbnailUrl\":\"https:\\\/\\\/globe-europe.nl\\\/wp-content\\\/uploads\\\/2025\\\/02\\\/Globe-A60SBF-1.jpg\",\"datePublished\":\"2025-02-04T11:10:26+00:00\",\"dateModified\":\"2025-03-07T09:35:11+00:00\",\"description\":\"Globe G1615 doorslijpschijf (115x1,3x22,2mm) \u2013 set van 25 stuks. Snelle, gesmeerde snede voor aluminium, koper en messing. Verminderde frictie en hitte.\",\"breadcrumb\":{\"@id\":\"https:\\\/\\\/globe-europe.nl\\\/product\\\/globe-g1615-doorslijpschijf-vlak-115x13x222mm-25-stuks\\\/#breadcrumb\"},\"inLanguage\":\"de\",\"potentialAction\":[{\"@type\":\"ReadAction\",\"target\":[\"https:\\\/\\\/globe-europe.nl\\\/product\\\/globe-g1615-doorslijpschijf-vlak-115x13x222mm-25-stuks\\\/\"]}]},{\"@type\":\"ImageObject\",\"inLanguage\":\"de\",\"@id\":\"https:\\\/\\\/globe-europe.nl\\\/product\\\/globe-g1615-doorslijpschijf-vlak-115x13x222mm-25-stuks\\\/#primaryimage\",\"url\":\"https:\\\/\\\/globe-europe.nl\\\/wp-content\\\/uploads\\\/2025\\\/02\\\/Globe-A60SBF-1.jpg\",\"contentUrl\":\"https:\\\/\\\/globe-europe.nl\\\/wp-content\\\/uploads\\\/2025\\\/02\\\/Globe-A60SBF-1.jpg\",\"width\":700,\"height\":700},{\"@type\":\"BreadcrumbList\",\"@id\":\"https:\\\/\\\/globe-europe.nl\\\/product\\\/globe-g1615-doorslijpschijf-vlak-115x13x222mm-25-stuks\\\/#breadcrumb\",\"itemListElement\":[{\"@type\":\"ListItem\",\"position\":1,\"name\":\"Home\",\"item\":\"https:\\\/\\\/globe-europe.nl\\\/\"},{\"@type\":\"ListItem\",\"position\":2,\"name\":\"Winkel\",\"item\":\"https:\\\/\\\/globe-europe.nl\\\/winkel\\\/\"},{\"@type\":\"ListItem\",\"position\":3,\"name\":\"Globe G1615 Doorslijpschijf Vlak 115&#215;1,3&#215;22,2mm 25 stuks\"}]},{\"@type\":\"WebSite\",\"@id\":\"https:\\\/\\\/globe-europe.nl\\\/#website\",\"url\":\"https:\\\/\\\/globe-europe.nl\\\/\",\"name\":\"Globe Europe\",\"description\":\"\",\"publisher\":{\"@id\":\"https:\\\/\\\/globe-europe.nl\\\/#organization\"},\"potentialAction\":[{\"@type\":\"SearchAction\",\"target\":{\"@type\":\"EntryPoint\",\"urlTemplate\":\"https:\\\/\\\/globe-europe.nl\\\/?s={search_term_string}\"},\"query-input\":{\"@type\":\"PropertyValueSpecification\",\"valueRequired\":true,\"valueName\":\"search_term_string\"}}],\"inLanguage\":\"de\"},{\"@type\":\"Organization\",\"@id\":\"https:\\\/\\\/globe-europe.nl\\\/#organization\",\"name\":\"Globe Europe\",\"url\":\"https:\\\/\\\/globe-europe.nl\\\/\",\"logo\":{\"@type\":\"ImageObject\",\"inLanguage\":\"de\",\"@id\":\"https:\\\/\\\/globe-europe.nl\\\/#\\\/schema\\\/logo\\\/image\\\/\",\"url\":\"https:\\\/\\\/globe-europe.nl\\\/wp-content\\\/uploads\\\/2025\\\/02\\\/GLOBE-LOGO-WEB-GROOT.png\",\"contentUrl\":\"https:\\\/\\\/globe-europe.nl\\\/wp-content\\\/uploads\\\/2025\\\/02\\\/GLOBE-LOGO-WEB-GROOT.png\",\"width\":938,\"height\":404,\"caption\":\"Globe Europe\"},\"image\":{\"@id\":\"https:\\\/\\\/globe-europe.nl\\\/#\\\/schema\\\/logo\\\/image\\\/\"}}]}<\/script>\n<!-- \/ Yoast SEO plugin. -->","yoast_head_json":{"title":"Globe G1615 Trennscheibe | Flach &amp; Schnell f\u00fcr Aluminium &amp; Kupfer - Globe Europe","description":"Globe G1615 Trennscheibe (115x1,3x22,2mm) - Satz mit 25 St\u00fcck. Schneller, geschmierter Schnitt f\u00fcr Aluminium, Kupfer und Messing. Reduziert Reibung und Hitze.","robots":{"index":"index","follow":"follow","max-snippet":"max-snippet:-1","max-image-preview":"max-image-preview:large","max-video-preview":"max-video-preview:-1"},"canonical":"https:\/\/globe-europe.nl\/de\/produkt\/globe-g1615-flache-trennscheibe-115x1-3x222mm-25stk\/","og_locale":"de_DE","og_type":"article","og_title":"Globe G1615 Doorslijpschijf | Vlak & Snel voor Aluminium & Koper - Globe Europe","og_description":"Globe G1615 doorslijpschijf (115x1,3x22,2mm) \u2013 set van 25 stuks. Snelle, gesmeerde snede voor aluminium, koper en messing. Verminderde frictie en hitte.","og_url":"https:\/\/globe-europe.nl\/de\/produkt\/globe-g1615-flache-trennscheibe-115x1-3x222mm-25stk\/","og_site_name":"Globe Europe","article_modified_time":"2025-03-07T09:35:11+00:00","og_image":[{"width":700,"height":700,"url":"https:\/\/globe-europe.nl\/wp-content\/uploads\/2025\/02\/Globe-A60SBF-1.jpg","type":"image\/jpeg"}],"twitter_card":"summary_large_image","twitter_misc":{"Gesch\u00e4tzte Lesezeit":"1\u00a0Minute"},"schema":{"@context":"https:\/\/schema.org","@graph":[{"@type":"WebPage","@id":"https:\/\/globe-europe.nl\/product\/globe-g1615-doorslijpschijf-vlak-115x13x222mm-25-stuks\/","url":"https:\/\/globe-europe.nl\/product\/globe-g1615-doorslijpschijf-vlak-115x13x222mm-25-stuks\/","name":"Globe G1615 Trennscheibe | Flach &amp; Schnell f\u00fcr Aluminium &amp; Kupfer - Globe Europe","isPartOf":{"@id":"https:\/\/globe-europe.nl\/#website"},"primaryImageOfPage":{"@id":"https:\/\/globe-europe.nl\/product\/globe-g1615-doorslijpschijf-vlak-115x13x222mm-25-stuks\/#primaryimage"},"image":{"@id":"https:\/\/globe-europe.nl\/product\/globe-g1615-doorslijpschijf-vlak-115x13x222mm-25-stuks\/#primaryimage"},"thumbnailUrl":"https:\/\/globe-europe.nl\/wp-content\/uploads\/2025\/02\/Globe-A60SBF-1.jpg","datePublished":"2025-02-04T11:10:26+00:00","dateModified":"2025-03-07T09:35:11+00:00","description":"Globe G1615 Trennscheibe (115x1,3x22,2mm) - Satz mit 25 St\u00fcck. Schneller, geschmierter Schnitt f\u00fcr Aluminium, Kupfer und Messing. Reduziert Reibung und Hitze.","breadcrumb":{"@id":"https:\/\/globe-europe.nl\/product\/globe-g1615-doorslijpschijf-vlak-115x13x222mm-25-stuks\/#breadcrumb"},"inLanguage":"de","potentialAction":[{"@type":"ReadAction","target":["https:\/\/globe-europe.nl\/product\/globe-g1615-doorslijpschijf-vlak-115x13x222mm-25-stuks\/"]}]},{"@type":"ImageObject","inLanguage":"de","@id":"https:\/\/globe-europe.nl\/product\/globe-g1615-doorslijpschijf-vlak-115x13x222mm-25-stuks\/#primaryimage","url":"https:\/\/globe-europe.nl\/wp-content\/uploads\/2025\/02\/Globe-A60SBF-1.jpg","contentUrl":"https:\/\/globe-europe.nl\/wp-content\/uploads\/2025\/02\/Globe-A60SBF-1.jpg","width":700,"height":700},{"@type":"BreadcrumbList","@id":"https:\/\/globe-europe.nl\/product\/globe-g1615-doorslijpschijf-vlak-115x13x222mm-25-stuks\/#breadcrumb","itemListElement":[{"@type":"ListItem","position":1,"name":"Home","item":"https:\/\/globe-europe.nl\/"},{"@type":"ListItem","position":2,"name":"Winkel","item":"https:\/\/globe-europe.nl\/winkel\/"},{"@type":"ListItem","position":3,"name":"Globe G1615 Doorslijpschijf Vlak 115&#215;1,3&#215;22,2mm 25 stuks"}]},{"@type":"WebSite","@id":"https:\/\/globe-europe.nl\/#website","url":"https:\/\/globe-europe.nl\/","name":"Globe Europe","description":"","publisher":{"@id":"https:\/\/globe-europe.nl\/#organization"},"potentialAction":[{"@type":"SearchAction","target":{"@type":"EntryPoint","urlTemplate":"https:\/\/globe-europe.nl\/?s={search_term_string}"},"query-input":{"@type":"PropertyValueSpecification","valueRequired":true,"valueName":"search_term_string"}}],"inLanguage":"de"},{"@type":"Organization","@id":"https:\/\/globe-europe.nl\/#organization","name":"Globe Europe","url":"https:\/\/globe-europe.nl\/","logo":{"@type":"ImageObject","inLanguage":"de","@id":"https:\/\/globe-europe.nl\/#\/schema\/logo\/image\/","url":"https:\/\/globe-europe.nl\/wp-content\/uploads\/2025\/02\/GLOBE-LOGO-WEB-GROOT.png","contentUrl":"https:\/\/globe-europe.nl\/wp-content\/uploads\/2025\/02\/GLOBE-LOGO-WEB-GROOT.png","width":938,"height":404,"caption":"Globe Europe"},"image":{"@id":"https:\/\/globe-europe.nl\/#\/schema\/logo\/image\/"}}]}},"_links":{"self":[{"href":"https:\/\/globe-europe.nl\/de\/wp-json\/wp\/v2\/product\/1113","targetHints":{"allow":["GET"]}}],"collection":[{"href":"https:\/\/globe-europe.nl\/de\/wp-json\/wp\/v2\/product"}],"about":[{"href":"https:\/\/globe-europe.nl\/de\/wp-json\/wp\/v2\/types\/product"}],"replies":[{"embeddable":true,"href":"https:\/\/globe-europe.nl\/de\/wp-json\/wp\/v2\/comments?post=1113"}],"wp:featuredmedia":[{"embeddable":true,"href":"https:\/\/globe-europe.nl\/de\/wp-json\/wp\/v2\/media\/1112"}],"wp:attachment":[{"href":"https:\/\/globe-europe.nl\/de\/wp-json\/wp\/v2\/media?parent=1113"}],"wp:term":[{"taxonomy":"product_brand","embeddable":true,"href":"https:\/\/globe-europe.nl\/de\/wp-json\/wp\/v2\/product_brand?post=1113"},{"taxonomy":"product_cat","embeddable":true,"href":"https:\/\/globe-europe.nl\/de\/wp-json\/wp\/v2\/product_cat?post=1113"},{"taxonomy":"product_tag","embeddable":true,"href":"https:\/\/globe-europe.nl\/de\/wp-json\/wp\/v2\/product_tag?post=1113"}],"curies":[{"name":"wp","href":"https:\/\/api.w.org\/{rel}","templated":true}]}}