{"id":1120,"date":"2025-02-04T11:10:29","date_gmt":"2025-02-04T11:10:29","guid":{"rendered":"https:\/\/globe-europe.nl\/product\/globe-g1742-doorslijpschijf-125x13x222mm-25-stuks\/"},"modified":"2025-03-07T09:46:43","modified_gmt":"2025-03-07T09:46:43","slug":"globe-g1742-trennscheibe-125x1-3x222mm-25stk","status":"publish","type":"product","link":"https:\/\/globe-europe.nl\/de\/product\/globe-g1742-doorslijpschijf-125x13x222mm-25-stuks\/","title":{"rendered":"Globus G1742 Trennscheibe 125\u00d71,3\u00d722,2mm 25 St\u00fcck"},"content":{"rendered":"<div class=\"woo-short-description\">\n<p>Zac - Langlebigkeit, Pr\u00e4zision und hohe Qualit\u00e4t in Kombination mit dem patentierten spiralf\u00f6rmigen Design sorgen daf\u00fcr, dass das Material beim Schleifen weniger hei\u00df wird.<\/p>\n<\/div>\n<div class=\"product_meta\">Trennscheibe mit einem schraubenf\u00f6rmigen System, das das Material weniger Hitze aussetzt. Au\u00dferdem erzeugt diese Scheibe aufgrund ihres d\u00fcnnen Designs fast die H\u00e4lfte der W\u00e4rme. Mittels einer fortschrittlichen Presse wird ein spiralf\u00f6rmiges Muster in beide Seiten der Scheibe gepresst, wodurch die ZAC ihre W\u00e4rme besser abgeben kann. Dank dieser Technologie haben Sie nicht nur weniger Hitze, sondern auch weniger Reibung, eine h\u00f6here Schleifgeschwindigkeit, mehr Steifigkeit, eine h\u00f6here Kapazit\u00e4t und eine sehr lange Lebensdauer der Werkzeuge.<\/div>\n<div><\/div>\n<div><strong>Eigenschaften Globe G1742 Trennscheibe 125\u00d71,3\u00d722,2mm 25 St\u00fcck<\/strong><\/div>\n<ul>\n<li>Au\u00dfergew\u00f6hnliche Standzeit<\/li>\n<li>Schnelleres Schleifen<\/li>\n<li>Sehr d\u00fcnn<\/li>\n<li>Pr\u00e4zises und einfaches Schleifen<\/li>\n<li>Hohe Steifigkeit<\/li>\n<\/ul>\n<p><strong>Technische Daten<\/strong><\/p>\n<ul>\n<li>Anwendung - Aluminium<\/li>\n<li>Gr\u00f6\u00dfe - 125\u00d71,3<\/li>\n<li>Einlass - 22,2 mm<\/li>\n<li>Verpackungseinheit - 25 St\u00fcck<\/li>\n<\/ul>\n<p><strong>Umfang der Lieferung<\/strong><\/p>\n<ul>\n<li>Globus G1742 Trennscheibe 125\u00d71,3\u00d722,2mm 25 St\u00fcck<\/li>\n<\/ul>","protected":false},"excerpt":{"rendered":"<p style=\"text-align: left;\"><span style=\"color: #cc0000;\"><strong><span style=\"color: #000000;\">Versenkter Kern | Typ: 42<\/span><\/strong><em><br \/>\n<\/em><\/span><br \/>\nZac - Langlebigkeit, Pr\u00e4zision und hohe Qualit\u00e4t in Kombination mit dem patentierten spiralf\u00f6rmigen Design sorgen daf\u00fcr, dass das Material beim Schleifen weniger hei\u00df wird.<\/p>","protected":false},"featured_media":1266,"comment_status":"open","ping_status":"closed","template":"","meta":[],"product_brand":[323],"product_cat":[38,37,41],"product_tag":[],"class_list":{"0":"post-1120","1":"product","2":"type-product","3":"status-publish","4":"has-post-thumbnail","6":"product_brand-globe","7":"product_cat-doorslijpschijf","8":"product_cat-schuur-slijpmiddelen","9":"product_cat-verbruiksartikelen","11":"first","12":"instock","13":"shipping-taxable","14":"product-type-simple"},"ct_brands":[{"id":323,"name":"GLOBE","slug":"weltkugel"}],"yoast_head":"<!-- This site is optimized with the Yoast SEO plugin v27.4 - https:\/\/yoast.com\/product\/yoast-seo-wordpress\/ -->\n<title>Globe G1742 Doorslijpschijf | Dun &amp; Hittebestendig | Precisiewerk - Globe Europe<\/title>\n<meta name=\"description\" content=\"Globe G1742 doorslijpschijf (125x1,3x22,2mm) \u2013 set van 25 stuks. Hittebestendig helico\u00efdaal ontwerp voor snel, precies en effici\u00ebnt slijpen.\" \/>\n<meta name=\"robots\" content=\"index, follow, max-snippet:-1, max-image-preview:large, max-video-preview:-1\" \/>\n<link rel=\"canonical\" href=\"https:\/\/globe-europe.nl\/de\/produkt\/globe-g1742-trennscheibe-125x1-3x222mm-25stk\/\" \/>\n<meta property=\"og:locale\" content=\"de_DE\" \/>\n<meta property=\"og:type\" content=\"article\" \/>\n<meta property=\"og:title\" content=\"Globe G1742 Doorslijpschijf | Dun &amp; Hittebestendig | Precisiewerk - Globe Europe\" \/>\n<meta property=\"og:description\" content=\"Globe G1742 doorslijpschijf (125x1,3x22,2mm) \u2013 set van 25 stuks. Hittebestendig helico\u00efdaal ontwerp voor snel, precies en effici\u00ebnt slijpen.\" \/>\n<meta property=\"og:url\" content=\"https:\/\/globe-europe.nl\/de\/produkt\/globe-g1742-trennscheibe-125x1-3x222mm-25stk\/\" \/>\n<meta property=\"og:site_name\" content=\"Globe Europe\" \/>\n<meta property=\"article:modified_time\" content=\"2025-03-07T09:46:43+00:00\" \/>\n<meta property=\"og:image\" content=\"https:\/\/globe-europe.nl\/wp-content\/uploads\/2025\/02\/Globe-G1742-Doorslijpschijf.png\" \/>\n\t<meta property=\"og:image:width\" content=\"700\" \/>\n\t<meta property=\"og:image:height\" content=\"700\" \/>\n\t<meta property=\"og:image:type\" content=\"image\/png\" \/>\n<meta name=\"twitter:card\" content=\"summary_large_image\" \/>\n<meta name=\"twitter:label1\" content=\"Gesch\u00e4tzte Lesezeit\" \/>\n\t<meta name=\"twitter:data1\" content=\"1\u00a0Minute\" \/>\n<script type=\"application\/ld+json\" class=\"yoast-schema-graph\">{\"@context\":\"https:\\\/\\\/schema.org\",\"@graph\":[{\"@type\":\"WebPage\",\"@id\":\"https:\\\/\\\/globe-europe.nl\\\/product\\\/globe-g1742-doorslijpschijf-125x13x222mm-25-stuks\\\/\",\"url\":\"https:\\\/\\\/globe-europe.nl\\\/product\\\/globe-g1742-doorslijpschijf-125x13x222mm-25-stuks\\\/\",\"name\":\"Globe G1742 Doorslijpschijf | Dun & Hittebestendig | Precisiewerk - Globe Europe\",\"isPartOf\":{\"@id\":\"https:\\\/\\\/globe-europe.nl\\\/#website\"},\"primaryImageOfPage\":{\"@id\":\"https:\\\/\\\/globe-europe.nl\\\/product\\\/globe-g1742-doorslijpschijf-125x13x222mm-25-stuks\\\/#primaryimage\"},\"image\":{\"@id\":\"https:\\\/\\\/globe-europe.nl\\\/product\\\/globe-g1742-doorslijpschijf-125x13x222mm-25-stuks\\\/#primaryimage\"},\"thumbnailUrl\":\"https:\\\/\\\/globe-europe.nl\\\/wp-content\\\/uploads\\\/2025\\\/02\\\/Globe-G1742-Doorslijpschijf.png\",\"datePublished\":\"2025-02-04T11:10:29+00:00\",\"dateModified\":\"2025-03-07T09:46:43+00:00\",\"description\":\"Globe G1742 doorslijpschijf (125x1,3x22,2mm) \u2013 set van 25 stuks. Hittebestendig helico\u00efdaal ontwerp voor snel, precies en effici\u00ebnt slijpen.\",\"breadcrumb\":{\"@id\":\"https:\\\/\\\/globe-europe.nl\\\/product\\\/globe-g1742-doorslijpschijf-125x13x222mm-25-stuks\\\/#breadcrumb\"},\"inLanguage\":\"de\",\"potentialAction\":[{\"@type\":\"ReadAction\",\"target\":[\"https:\\\/\\\/globe-europe.nl\\\/product\\\/globe-g1742-doorslijpschijf-125x13x222mm-25-stuks\\\/\"]}]},{\"@type\":\"ImageObject\",\"inLanguage\":\"de\",\"@id\":\"https:\\\/\\\/globe-europe.nl\\\/product\\\/globe-g1742-doorslijpschijf-125x13x222mm-25-stuks\\\/#primaryimage\",\"url\":\"https:\\\/\\\/globe-europe.nl\\\/wp-content\\\/uploads\\\/2025\\\/02\\\/Globe-G1742-Doorslijpschijf.png\",\"contentUrl\":\"https:\\\/\\\/globe-europe.nl\\\/wp-content\\\/uploads\\\/2025\\\/02\\\/Globe-G1742-Doorslijpschijf.png\",\"width\":700,\"height\":700,\"caption\":\"Globe G1742 Doorslijpschijf\"},{\"@type\":\"BreadcrumbList\",\"@id\":\"https:\\\/\\\/globe-europe.nl\\\/product\\\/globe-g1742-doorslijpschijf-125x13x222mm-25-stuks\\\/#breadcrumb\",\"itemListElement\":[{\"@type\":\"ListItem\",\"position\":1,\"name\":\"Home\",\"item\":\"https:\\\/\\\/globe-europe.nl\\\/\"},{\"@type\":\"ListItem\",\"position\":2,\"name\":\"Winkel\",\"item\":\"https:\\\/\\\/globe-europe.nl\\\/winkel\\\/\"},{\"@type\":\"ListItem\",\"position\":3,\"name\":\"Globe G1742 Doorslijpschijf 125&#215;1,3&#215;22,2mm 25 stuks\"}]},{\"@type\":\"WebSite\",\"@id\":\"https:\\\/\\\/globe-europe.nl\\\/#website\",\"url\":\"https:\\\/\\\/globe-europe.nl\\\/\",\"name\":\"Globe Europe\",\"description\":\"\",\"publisher\":{\"@id\":\"https:\\\/\\\/globe-europe.nl\\\/#organization\"},\"potentialAction\":[{\"@type\":\"SearchAction\",\"target\":{\"@type\":\"EntryPoint\",\"urlTemplate\":\"https:\\\/\\\/globe-europe.nl\\\/?s={search_term_string}\"},\"query-input\":{\"@type\":\"PropertyValueSpecification\",\"valueRequired\":true,\"valueName\":\"search_term_string\"}}],\"inLanguage\":\"de\"},{\"@type\":\"Organization\",\"@id\":\"https:\\\/\\\/globe-europe.nl\\\/#organization\",\"name\":\"Globe Europe\",\"url\":\"https:\\\/\\\/globe-europe.nl\\\/\",\"logo\":{\"@type\":\"ImageObject\",\"inLanguage\":\"de\",\"@id\":\"https:\\\/\\\/globe-europe.nl\\\/#\\\/schema\\\/logo\\\/image\\\/\",\"url\":\"https:\\\/\\\/globe-europe.nl\\\/wp-content\\\/uploads\\\/2025\\\/02\\\/GLOBE-LOGO-WEB-GROOT.png\",\"contentUrl\":\"https:\\\/\\\/globe-europe.nl\\\/wp-content\\\/uploads\\\/2025\\\/02\\\/GLOBE-LOGO-WEB-GROOT.png\",\"width\":938,\"height\":404,\"caption\":\"Globe Europe\"},\"image\":{\"@id\":\"https:\\\/\\\/globe-europe.nl\\\/#\\\/schema\\\/logo\\\/image\\\/\"}}]}<\/script>\n<!-- \/ Yoast SEO plugin. -->","yoast_head_json":{"title":"Globe G1742 Trennscheibe | D\u00fcnn &amp; Hitzebest\u00e4ndig | Pr\u00e4zisionsarbeit - Globe Europe","description":"Globe G1742 Trennscheibe (125x1,3x22,2mm) - Satz mit 25 St\u00fcck. Hitzebest\u00e4ndiges, schraubenf\u00f6rmiges Design f\u00fcr schnelles, pr\u00e4zises und effizientes Schleifen.","robots":{"index":"index","follow":"follow","max-snippet":"max-snippet:-1","max-image-preview":"max-image-preview:large","max-video-preview":"max-video-preview:-1"},"canonical":"https:\/\/globe-europe.nl\/de\/produkt\/globe-g1742-trennscheibe-125x1-3x222mm-25stk\/","og_locale":"de_DE","og_type":"article","og_title":"Globe G1742 Doorslijpschijf | Dun & Hittebestendig | Precisiewerk - Globe Europe","og_description":"Globe G1742 doorslijpschijf (125x1,3x22,2mm) \u2013 set van 25 stuks. Hittebestendig helico\u00efdaal ontwerp voor snel, precies en effici\u00ebnt slijpen.","og_url":"https:\/\/globe-europe.nl\/de\/produkt\/globe-g1742-trennscheibe-125x1-3x222mm-25stk\/","og_site_name":"Globe Europe","article_modified_time":"2025-03-07T09:46:43+00:00","og_image":[{"width":700,"height":700,"url":"https:\/\/globe-europe.nl\/wp-content\/uploads\/2025\/02\/Globe-G1742-Doorslijpschijf.png","type":"image\/png"}],"twitter_card":"summary_large_image","twitter_misc":{"Gesch\u00e4tzte Lesezeit":"1\u00a0Minute"},"schema":{"@context":"https:\/\/schema.org","@graph":[{"@type":"WebPage","@id":"https:\/\/globe-europe.nl\/product\/globe-g1742-doorslijpschijf-125x13x222mm-25-stuks\/","url":"https:\/\/globe-europe.nl\/product\/globe-g1742-doorslijpschijf-125x13x222mm-25-stuks\/","name":"Globe G1742 Trennscheibe | D\u00fcnn &amp; Hitzebest\u00e4ndig | Pr\u00e4zisionsarbeit - Globe Europe","isPartOf":{"@id":"https:\/\/globe-europe.nl\/#website"},"primaryImageOfPage":{"@id":"https:\/\/globe-europe.nl\/product\/globe-g1742-doorslijpschijf-125x13x222mm-25-stuks\/#primaryimage"},"image":{"@id":"https:\/\/globe-europe.nl\/product\/globe-g1742-doorslijpschijf-125x13x222mm-25-stuks\/#primaryimage"},"thumbnailUrl":"https:\/\/globe-europe.nl\/wp-content\/uploads\/2025\/02\/Globe-G1742-Doorslijpschijf.png","datePublished":"2025-02-04T11:10:29+00:00","dateModified":"2025-03-07T09:46:43+00:00","description":"Globe G1742 Trennscheibe (125x1,3x22,2mm) - Satz mit 25 St\u00fcck. Hitzebest\u00e4ndiges, schraubenf\u00f6rmiges Design f\u00fcr schnelles, pr\u00e4zises und effizientes Schleifen.","breadcrumb":{"@id":"https:\/\/globe-europe.nl\/product\/globe-g1742-doorslijpschijf-125x13x222mm-25-stuks\/#breadcrumb"},"inLanguage":"de","potentialAction":[{"@type":"ReadAction","target":["https:\/\/globe-europe.nl\/product\/globe-g1742-doorslijpschijf-125x13x222mm-25-stuks\/"]}]},{"@type":"ImageObject","inLanguage":"de","@id":"https:\/\/globe-europe.nl\/product\/globe-g1742-doorslijpschijf-125x13x222mm-25-stuks\/#primaryimage","url":"https:\/\/globe-europe.nl\/wp-content\/uploads\/2025\/02\/Globe-G1742-Doorslijpschijf.png","contentUrl":"https:\/\/globe-europe.nl\/wp-content\/uploads\/2025\/02\/Globe-G1742-Doorslijpschijf.png","width":700,"height":700,"caption":"Globe G1742 Doorslijpschijf"},{"@type":"BreadcrumbList","@id":"https:\/\/globe-europe.nl\/product\/globe-g1742-doorslijpschijf-125x13x222mm-25-stuks\/#breadcrumb","itemListElement":[{"@type":"ListItem","position":1,"name":"Home","item":"https:\/\/globe-europe.nl\/"},{"@type":"ListItem","position":2,"name":"Winkel","item":"https:\/\/globe-europe.nl\/winkel\/"},{"@type":"ListItem","position":3,"name":"Globe G1742 Doorslijpschijf 125&#215;1,3&#215;22,2mm 25 stuks"}]},{"@type":"WebSite","@id":"https:\/\/globe-europe.nl\/#website","url":"https:\/\/globe-europe.nl\/","name":"Globe Europe","description":"","publisher":{"@id":"https:\/\/globe-europe.nl\/#organization"},"potentialAction":[{"@type":"SearchAction","target":{"@type":"EntryPoint","urlTemplate":"https:\/\/globe-europe.nl\/?s={search_term_string}"},"query-input":{"@type":"PropertyValueSpecification","valueRequired":true,"valueName":"search_term_string"}}],"inLanguage":"de"},{"@type":"Organization","@id":"https:\/\/globe-europe.nl\/#organization","name":"Globe Europe","url":"https:\/\/globe-europe.nl\/","logo":{"@type":"ImageObject","inLanguage":"de","@id":"https:\/\/globe-europe.nl\/#\/schema\/logo\/image\/","url":"https:\/\/globe-europe.nl\/wp-content\/uploads\/2025\/02\/GLOBE-LOGO-WEB-GROOT.png","contentUrl":"https:\/\/globe-europe.nl\/wp-content\/uploads\/2025\/02\/GLOBE-LOGO-WEB-GROOT.png","width":938,"height":404,"caption":"Globe Europe"},"image":{"@id":"https:\/\/globe-europe.nl\/#\/schema\/logo\/image\/"}}]}},"_links":{"self":[{"href":"https:\/\/globe-europe.nl\/de\/wp-json\/wp\/v2\/product\/1120","targetHints":{"allow":["GET"]}}],"collection":[{"href":"https:\/\/globe-europe.nl\/de\/wp-json\/wp\/v2\/product"}],"about":[{"href":"https:\/\/globe-europe.nl\/de\/wp-json\/wp\/v2\/types\/product"}],"replies":[{"embeddable":true,"href":"https:\/\/globe-europe.nl\/de\/wp-json\/wp\/v2\/comments?post=1120"}],"wp:featuredmedia":[{"embeddable":true,"href":"https:\/\/globe-europe.nl\/de\/wp-json\/wp\/v2\/media\/1266"}],"wp:attachment":[{"href":"https:\/\/globe-europe.nl\/de\/wp-json\/wp\/v2\/media?parent=1120"}],"wp:term":[{"taxonomy":"product_brand","embeddable":true,"href":"https:\/\/globe-europe.nl\/de\/wp-json\/wp\/v2\/product_brand?post=1120"},{"taxonomy":"product_cat","embeddable":true,"href":"https:\/\/globe-europe.nl\/de\/wp-json\/wp\/v2\/product_cat?post=1120"},{"taxonomy":"product_tag","embeddable":true,"href":"https:\/\/globe-europe.nl\/de\/wp-json\/wp\/v2\/product_tag?post=1120"}],"curies":[{"name":"wp","href":"https:\/\/api.w.org\/{rel}","templated":true}]}}