{"id":1125,"date":"2025-02-04T11:10:34","date_gmt":"2025-02-04T11:10:34","guid":{"rendered":"https:\/\/globe-europe.nl\/product\/globe-g2824-lamellenschijf-vlak-125x222mm-20-stuks\/"},"modified":"2025-03-07T09:42:22","modified_gmt":"2025-03-07T09:42:22","slug":"globe-g2824-flache-lamellenscheibe-125x222mm-20stk","status":"publish","type":"product","link":"https:\/\/globe-europe.nl\/de\/product\/globe-g2824-lamellenschijf-vlak-125x222mm-20-stuks\/","title":{"rendered":"Globe G2824 F\u00e4cherscheibe flach 125\u00d722,2mm - 20 St\u00fcck"},"content":{"rendered":"<div class=\"woo-short-description\">\n<p>Dieser Scheibentyp hat alle Vorteile der HT-Scheiben mit Glasfasertr\u00e4ger (gleichm\u00e4\u00dfiger und vollst\u00e4ndiger Staubabrieb, h\u00f6here Abtragsgeschwindigkeit, konstanter Abtrag \u00fcber die gesamte Lebensdauer der Scheibe), ist aber steifer als eine Glasfaserscheibe. Dieser Scheibentyp sollte mit einer leistungsstarken Maschine (mindestens 1000 W) verwendet werden, um seine volle Kapazit\u00e4t zu nutzen.<\/p>\n<\/div>\n<div class=\"product_meta\">\n<p>Globe bietet eine breite Palette von F\u00e4cherschleifern an. Dank des Glasfasertr\u00e4gers wird das Werkst\u00fcck nicht verschmutzt, wie es bei Scheiben mit Nylontr\u00e4ger der Fall ist. Die speziellen Aluminium-Zirkonium-Verbindungen eignen sich zum Entgraten und Finishen aller Arten von Stahl (einschlie\u00dflich Legierungen). Globe-Scheiben werden nach europ\u00e4ischen Normen und Vorschriften getestet, wobei der h\u00f6chstm\u00f6gliche Sicherheitsstandard im Vordergrund steht (EN13743).<\/p>\n<p>Die Qualit\u00e4t der Materialien ist von hohem Standard. Sie nutzen sich gleichm\u00e4\u00dfig ab und liefern \u00fcber ihre gesamte Lebensdauer gute Ergebnisse. Die Struktur der Lamellen ist in HT-Anordnung (schmal) und in traditioneller Anordnung mit breiten Lamellen erh\u00e4ltlich. Die Lamellen werden mit gro\u00dfer Sorgfalt so angeordnet, dass die Scheibe perfekt rund, vibrationsfrei und nicht \u00fcberhitzt ist, was einen optimalen Arbeitskomfort gew\u00e4hrleistet.  F\u00fcr spezielle Anwendungen sind die Lamellenscheiben mit einem kleineren Durchmesser des Tr\u00e4gers erh\u00e4ltlich, w\u00e4hrend die Lamellen l\u00e4nger sind, um mehr Weichheit und Elastizit\u00e4t zu bieten.<\/p>\n<p>Die Metallbuchse im Auge der Scheibe sorgt f\u00fcr mehr Widerstand auf der Spannmutter und mehr Sicherheit.<\/p>\n<p><strong>Eigenschaften Globe G2824 F\u00e4cherscheibe flach 125\u00d722,2mm - 20 St\u00fcck<\/strong><\/p>\n<ul>\n<li>Dank des Glasfasertr\u00e4gers wird die Arbeit nicht verschmutzt, wie es bei nylonbeschichteten Scheiben der Fall ist.<\/li>\n<li>Die speziellen Aluminium-Zirkonium-Verbindungen eignen sich zum Entgraten und Finishen aller Arten von Stahl (einschlie\u00dflich Legierungen)<\/li>\n<li>Sie verschlei\u00dfen gleichm\u00e4\u00dfig und liefern w\u00e4hrend ihrer gesamten Lebensdauer gute Ergebnisse.<\/li>\n<li>Perfekt rund und vibrationsfrei und ohne \u00dcberhitzung, f\u00fcr optimalen Arbeitskomfort.<\/li>\n<\/ul>\n<p><strong>Technische Daten<\/strong><\/p>\n<ul>\n<li>Anwendung - Stahl und rostfreier Stahl<\/li>\n<li>Abmessungen - 125 Durchmesser<\/li>\n<li>Einlass - 22,2 mm<\/li>\n<li>Typ - Flach<\/li>\n<li>Verpackungsmenge - 20 St\u00fcck<\/li>\n<\/ul>\n<p><strong>Umfang der Lieferung<\/strong><\/p>\n<ul>\n<li>Globe G2824 F\u00e4cherscheibe flach 125\u00d722,2mm - 20 St\u00fcck<\/li>\n<\/ul>\n<\/div>","protected":false},"excerpt":{"rendered":"<p><img decoding=\"async\" class=\"alignnone size-full wp-image-1828\" src=\"http:\/\/www.globeabrasives.eu\/wp-content\/uploads\/2016\/12\/Type30.png\" alt=\"\" \/><span style=\"color: #cc0000;\"><em>F\u00e4cherscheibe | Konisch<br \/>\n<\/em><\/span><\/p>\n<p>Dieser Scheibentyp hat alle Vorteile der HT-Scheiben mit Glasfasertr\u00e4ger (gleichm\u00e4\u00dfiger und vollst\u00e4ndiger Staubabrieb, h\u00f6here Abtragsgeschwindigkeit, konstanter Abtrag \u00fcber die gesamte Lebensdauer der Scheibe), ist aber steifer als eine Glasfaserscheibe. Dieser Scheibentyp sollte mit einer leistungsstarken Maschine (mindestens 1000 W) verwendet werden, um seine volle Kapazit\u00e4t zu nutzen.<\/p>","protected":false},"featured_media":1124,"comment_status":"open","ping_status":"closed","template":"","meta":[],"product_brand":[323],"product_cat":[39,37,41],"product_tag":[],"class_list":{"0":"post-1125","1":"product","2":"type-product","3":"status-publish","4":"has-post-thumbnail","6":"product_brand-globe","7":"product_cat-lamellenschijf","8":"product_cat-schuur-slijpmiddelen","9":"product_cat-verbruiksartikelen","11":"first","12":"instock","13":"shipping-taxable","14":"product-type-simple"},"ct_brands":[{"id":323,"name":"GLOBE","slug":"weltkugel"}],"yoast_head":"<!-- This site is optimized with the Yoast SEO plugin v27.3 - https:\/\/yoast.com\/product\/yoast-seo-wordpress\/ -->\n<title>Globe G2824 Lamellenschijf | Vlak &amp; Aluminium Zirkonium - Globe Europe<\/title>\n<meta name=\"description\" content=\"Globe G2824 lamellenschijf (125x22,2mm) 20st. met fiberglas achterzijde. Ideaal voor afbramen en afwerken van staal &amp; legeringen. Trillingvrij en slijtvast.\" \/>\n<meta name=\"robots\" content=\"index, follow, max-snippet:-1, max-image-preview:large, max-video-preview:-1\" \/>\n<link rel=\"canonical\" href=\"https:\/\/globe-europe.nl\/de\/produkt\/globe-g2824-flache-lamellenscheibe-125x222mm-20stk\/\" \/>\n<meta property=\"og:locale\" content=\"de_DE\" \/>\n<meta property=\"og:type\" content=\"article\" \/>\n<meta property=\"og:title\" content=\"Globe G2824 Lamellenschijf | Vlak &amp; Aluminium Zirkonium - Globe Europe\" \/>\n<meta property=\"og:description\" content=\"Globe G2824 lamellenschijf (125x22,2mm) 20st. met fiberglas achterzijde. Ideaal voor afbramen en afwerken van staal &amp; legeringen. Trillingvrij en slijtvast.\" \/>\n<meta property=\"og:url\" content=\"https:\/\/globe-europe.nl\/de\/produkt\/globe-g2824-flache-lamellenscheibe-125x222mm-20stk\/\" \/>\n<meta property=\"og:site_name\" content=\"Globe Europe\" \/>\n<meta property=\"article:modified_time\" content=\"2025-03-07T09:42:22+00:00\" \/>\n<meta property=\"og:image\" content=\"https:\/\/globe-europe.nl\/wp-content\/uploads\/2025\/02\/flat1.jpg\" \/>\n\t<meta property=\"og:image:width\" content=\"700\" \/>\n\t<meta property=\"og:image:height\" content=\"700\" \/>\n\t<meta property=\"og:image:type\" content=\"image\/jpeg\" \/>\n<meta name=\"twitter:card\" content=\"summary_large_image\" \/>\n<meta name=\"twitter:label1\" content=\"Gesch\u00e4tzte Lesezeit\" \/>\n\t<meta name=\"twitter:data1\" content=\"2\u00a0Minuten\" \/>\n<script type=\"application\/ld+json\" class=\"yoast-schema-graph\">{\"@context\":\"https:\\\/\\\/schema.org\",\"@graph\":[{\"@type\":\"WebPage\",\"@id\":\"https:\\\/\\\/globe-europe.nl\\\/product\\\/globe-g2824-lamellenschijf-vlak-125x222mm-20-stuks\\\/\",\"url\":\"https:\\\/\\\/globe-europe.nl\\\/product\\\/globe-g2824-lamellenschijf-vlak-125x222mm-20-stuks\\\/\",\"name\":\"Globe G2824 Lamellenschijf | Vlak & Aluminium Zirkonium - Globe Europe\",\"isPartOf\":{\"@id\":\"https:\\\/\\\/globe-europe.nl\\\/#website\"},\"primaryImageOfPage\":{\"@id\":\"https:\\\/\\\/globe-europe.nl\\\/product\\\/globe-g2824-lamellenschijf-vlak-125x222mm-20-stuks\\\/#primaryimage\"},\"image\":{\"@id\":\"https:\\\/\\\/globe-europe.nl\\\/product\\\/globe-g2824-lamellenschijf-vlak-125x222mm-20-stuks\\\/#primaryimage\"},\"thumbnailUrl\":\"https:\\\/\\\/globe-europe.nl\\\/wp-content\\\/uploads\\\/2025\\\/02\\\/flat1.jpg\",\"datePublished\":\"2025-02-04T11:10:34+00:00\",\"dateModified\":\"2025-03-07T09:42:22+00:00\",\"description\":\"Globe G2824 lamellenschijf (125x22,2mm) 20st. met fiberglas achterzijde. Ideaal voor afbramen en afwerken van staal & legeringen. Trillingvrij en slijtvast.\",\"breadcrumb\":{\"@id\":\"https:\\\/\\\/globe-europe.nl\\\/product\\\/globe-g2824-lamellenschijf-vlak-125x222mm-20-stuks\\\/#breadcrumb\"},\"inLanguage\":\"de\",\"potentialAction\":[{\"@type\":\"ReadAction\",\"target\":[\"https:\\\/\\\/globe-europe.nl\\\/product\\\/globe-g2824-lamellenschijf-vlak-125x222mm-20-stuks\\\/\"]}]},{\"@type\":\"ImageObject\",\"inLanguage\":\"de\",\"@id\":\"https:\\\/\\\/globe-europe.nl\\\/product\\\/globe-g2824-lamellenschijf-vlak-125x222mm-20-stuks\\\/#primaryimage\",\"url\":\"https:\\\/\\\/globe-europe.nl\\\/wp-content\\\/uploads\\\/2025\\\/02\\\/flat1.jpg\",\"contentUrl\":\"https:\\\/\\\/globe-europe.nl\\\/wp-content\\\/uploads\\\/2025\\\/02\\\/flat1.jpg\",\"width\":700,\"height\":700},{\"@type\":\"BreadcrumbList\",\"@id\":\"https:\\\/\\\/globe-europe.nl\\\/product\\\/globe-g2824-lamellenschijf-vlak-125x222mm-20-stuks\\\/#breadcrumb\",\"itemListElement\":[{\"@type\":\"ListItem\",\"position\":1,\"name\":\"Home\",\"item\":\"https:\\\/\\\/globe-europe.nl\\\/\"},{\"@type\":\"ListItem\",\"position\":2,\"name\":\"Winkel\",\"item\":\"https:\\\/\\\/globe-europe.nl\\\/winkel\\\/\"},{\"@type\":\"ListItem\",\"position\":3,\"name\":\"Globe G2824 Lamellenschijf Vlak 125&#215;22,2mm &#8211; 20 stuks\"}]},{\"@type\":\"WebSite\",\"@id\":\"https:\\\/\\\/globe-europe.nl\\\/#website\",\"url\":\"https:\\\/\\\/globe-europe.nl\\\/\",\"name\":\"Globe Europe\",\"description\":\"\",\"publisher\":{\"@id\":\"https:\\\/\\\/globe-europe.nl\\\/#organization\"},\"potentialAction\":[{\"@type\":\"SearchAction\",\"target\":{\"@type\":\"EntryPoint\",\"urlTemplate\":\"https:\\\/\\\/globe-europe.nl\\\/?s={search_term_string}\"},\"query-input\":{\"@type\":\"PropertyValueSpecification\",\"valueRequired\":true,\"valueName\":\"search_term_string\"}}],\"inLanguage\":\"de\"},{\"@type\":\"Organization\",\"@id\":\"https:\\\/\\\/globe-europe.nl\\\/#organization\",\"name\":\"Globe Europe\",\"url\":\"https:\\\/\\\/globe-europe.nl\\\/\",\"logo\":{\"@type\":\"ImageObject\",\"inLanguage\":\"de\",\"@id\":\"https:\\\/\\\/globe-europe.nl\\\/#\\\/schema\\\/logo\\\/image\\\/\",\"url\":\"https:\\\/\\\/globe-europe.nl\\\/wp-content\\\/uploads\\\/2025\\\/02\\\/GLOBE-LOGO-WEB-GROOT.png\",\"contentUrl\":\"https:\\\/\\\/globe-europe.nl\\\/wp-content\\\/uploads\\\/2025\\\/02\\\/GLOBE-LOGO-WEB-GROOT.png\",\"width\":938,\"height\":404,\"caption\":\"Globe Europe\"},\"image\":{\"@id\":\"https:\\\/\\\/globe-europe.nl\\\/#\\\/schema\\\/logo\\\/image\\\/\"}}]}<\/script>\n<!-- \/ Yoast SEO plugin. -->","yoast_head_json":{"title":"Globe G2824 F\u00e4cherscheibe | Flach &amp; Aluminium Zirkonium - Globe Europe","description":"Globe G2824 F\u00e4cherscheibe (125x22,2mm) 20 St\u00fcck mit Glasfasertr\u00e4ger. Ideal zum Entgraten und Finishen von Stahl und Legierungen. Vibrationsfrei und verschlei\u00dffest.","robots":{"index":"index","follow":"follow","max-snippet":"max-snippet:-1","max-image-preview":"max-image-preview:large","max-video-preview":"max-video-preview:-1"},"canonical":"https:\/\/globe-europe.nl\/de\/produkt\/globe-g2824-flache-lamellenscheibe-125x222mm-20stk\/","og_locale":"de_DE","og_type":"article","og_title":"Globe G2824 Lamellenschijf | Vlak & Aluminium Zirkonium - Globe Europe","og_description":"Globe G2824 lamellenschijf (125x22,2mm) 20st. met fiberglas achterzijde. Ideaal voor afbramen en afwerken van staal & legeringen. Trillingvrij en slijtvast.","og_url":"https:\/\/globe-europe.nl\/de\/produkt\/globe-g2824-flache-lamellenscheibe-125x222mm-20stk\/","og_site_name":"Globe Europe","article_modified_time":"2025-03-07T09:42:22+00:00","og_image":[{"width":700,"height":700,"url":"https:\/\/globe-europe.nl\/wp-content\/uploads\/2025\/02\/flat1.jpg","type":"image\/jpeg"}],"twitter_card":"summary_large_image","twitter_misc":{"Gesch\u00e4tzte Lesezeit":"2\u00a0Minuten"},"schema":{"@context":"https:\/\/schema.org","@graph":[{"@type":"WebPage","@id":"https:\/\/globe-europe.nl\/product\/globe-g2824-lamellenschijf-vlak-125x222mm-20-stuks\/","url":"https:\/\/globe-europe.nl\/product\/globe-g2824-lamellenschijf-vlak-125x222mm-20-stuks\/","name":"Globe G2824 F\u00e4cherscheibe | Flach &amp; Aluminium Zirkonium - Globe Europe","isPartOf":{"@id":"https:\/\/globe-europe.nl\/#website"},"primaryImageOfPage":{"@id":"https:\/\/globe-europe.nl\/product\/globe-g2824-lamellenschijf-vlak-125x222mm-20-stuks\/#primaryimage"},"image":{"@id":"https:\/\/globe-europe.nl\/product\/globe-g2824-lamellenschijf-vlak-125x222mm-20-stuks\/#primaryimage"},"thumbnailUrl":"https:\/\/globe-europe.nl\/wp-content\/uploads\/2025\/02\/flat1.jpg","datePublished":"2025-02-04T11:10:34+00:00","dateModified":"2025-03-07T09:42:22+00:00","description":"Globe G2824 F\u00e4cherscheibe (125x22,2mm) 20 St\u00fcck mit Glasfasertr\u00e4ger. Ideal zum Entgraten und Finishen von Stahl und Legierungen. Vibrationsfrei und verschlei\u00dffest.","breadcrumb":{"@id":"https:\/\/globe-europe.nl\/product\/globe-g2824-lamellenschijf-vlak-125x222mm-20-stuks\/#breadcrumb"},"inLanguage":"de","potentialAction":[{"@type":"ReadAction","target":["https:\/\/globe-europe.nl\/product\/globe-g2824-lamellenschijf-vlak-125x222mm-20-stuks\/"]}]},{"@type":"ImageObject","inLanguage":"de","@id":"https:\/\/globe-europe.nl\/product\/globe-g2824-lamellenschijf-vlak-125x222mm-20-stuks\/#primaryimage","url":"https:\/\/globe-europe.nl\/wp-content\/uploads\/2025\/02\/flat1.jpg","contentUrl":"https:\/\/globe-europe.nl\/wp-content\/uploads\/2025\/02\/flat1.jpg","width":700,"height":700},{"@type":"BreadcrumbList","@id":"https:\/\/globe-europe.nl\/product\/globe-g2824-lamellenschijf-vlak-125x222mm-20-stuks\/#breadcrumb","itemListElement":[{"@type":"ListItem","position":1,"name":"Home","item":"https:\/\/globe-europe.nl\/"},{"@type":"ListItem","position":2,"name":"Winkel","item":"https:\/\/globe-europe.nl\/winkel\/"},{"@type":"ListItem","position":3,"name":"Globe G2824 Lamellenschijf Vlak 125&#215;22,2mm &#8211; 20 stuks"}]},{"@type":"WebSite","@id":"https:\/\/globe-europe.nl\/#website","url":"https:\/\/globe-europe.nl\/","name":"Globe Europe","description":"","publisher":{"@id":"https:\/\/globe-europe.nl\/#organization"},"potentialAction":[{"@type":"SearchAction","target":{"@type":"EntryPoint","urlTemplate":"https:\/\/globe-europe.nl\/?s={search_term_string}"},"query-input":{"@type":"PropertyValueSpecification","valueRequired":true,"valueName":"search_term_string"}}],"inLanguage":"de"},{"@type":"Organization","@id":"https:\/\/globe-europe.nl\/#organization","name":"Globe Europe","url":"https:\/\/globe-europe.nl\/","logo":{"@type":"ImageObject","inLanguage":"de","@id":"https:\/\/globe-europe.nl\/#\/schema\/logo\/image\/","url":"https:\/\/globe-europe.nl\/wp-content\/uploads\/2025\/02\/GLOBE-LOGO-WEB-GROOT.png","contentUrl":"https:\/\/globe-europe.nl\/wp-content\/uploads\/2025\/02\/GLOBE-LOGO-WEB-GROOT.png","width":938,"height":404,"caption":"Globe Europe"},"image":{"@id":"https:\/\/globe-europe.nl\/#\/schema\/logo\/image\/"}}]}},"_links":{"self":[{"href":"https:\/\/globe-europe.nl\/de\/wp-json\/wp\/v2\/product\/1125","targetHints":{"allow":["GET"]}}],"collection":[{"href":"https:\/\/globe-europe.nl\/de\/wp-json\/wp\/v2\/product"}],"about":[{"href":"https:\/\/globe-europe.nl\/de\/wp-json\/wp\/v2\/types\/product"}],"replies":[{"embeddable":true,"href":"https:\/\/globe-europe.nl\/de\/wp-json\/wp\/v2\/comments?post=1125"}],"wp:featuredmedia":[{"embeddable":true,"href":"https:\/\/globe-europe.nl\/de\/wp-json\/wp\/v2\/media\/1124"}],"wp:attachment":[{"href":"https:\/\/globe-europe.nl\/de\/wp-json\/wp\/v2\/media?parent=1125"}],"wp:term":[{"taxonomy":"product_brand","embeddable":true,"href":"https:\/\/globe-europe.nl\/de\/wp-json\/wp\/v2\/product_brand?post=1125"},{"taxonomy":"product_cat","embeddable":true,"href":"https:\/\/globe-europe.nl\/de\/wp-json\/wp\/v2\/product_cat?post=1125"},{"taxonomy":"product_tag","embeddable":true,"href":"https:\/\/globe-europe.nl\/de\/wp-json\/wp\/v2\/product_tag?post=1125"}],"curies":[{"name":"wp","href":"https:\/\/api.w.org\/{rel}","templated":true}]}}