{"id":113,"date":"2025-02-04T08:26:05","date_gmt":"2025-02-04T08:26:05","guid":{"rendered":"https:\/\/globe-europe.nl\/product\/eggenberg-ebs2750-stationaire-bandzaagmachine-255mm-400v\/"},"modified":"2026-02-27T10:24:54","modified_gmt":"2026-02-27T10:24:54","slug":"eggenberg-ebs2750-stationare-bandsage-255mm-400v","status":"publish","type":"product","link":"https:\/\/globe-europe.nl\/de\/product\/eggenberg-ebs2750-stationaire-bandzaagmachine-255mm-400v\/","title":{"rendered":"Eggenberg EBS2750 Station\u00e4re Bands\u00e4gemaschine | 255mm | 400V"},"content":{"rendered":"<p><strong>Eigenschaften Eggenberg EBS2750 Station\u00e4re Bands\u00e4ge 255mm 400V<\/strong><\/p>\n<p>Sind Sie auf der Suche nach einem Produkt mit nicht zu viel \"Brimborium\" und mit einem guten Preis-Leistungs-Verh\u00e4ltnis? Dann ist diese Eggenberg Station\u00e4re Bands\u00e4ge mit einer Reichweite von 255 mm die richtige Wahl! Eggenberg ist eine junge Marke mit ausgezeichneter Qualit\u00e4t. Einige wichtige Merkmale sind:<\/p>\n<ul>\n<li>Die Eggenberg Bands\u00e4ge EBS2750 ist eine manuelle Bands\u00e4ge zum Schneiden von Eisen und Stahl zwischen 0\u00b0 und 60\u00b0 auf der rechten Seite.<\/li>\n<li>Doppelgehrung L 0\u00b0 bis 45\u00b0 &amp; R 0\u00b0 bis 60\u00b0<\/li>\n<li>Dieses Ger\u00e4t ist mit einer K\u00fchlpumpe und einem automatischen Absacksystem ausgestattet.<\/li>\n<li>Zwei Schnittgeschwindigkeiten (einphasig 1 Geschwindigkeit)<\/li>\n<li>Er hat eine Schnellverschlussklemme und einen Reifendruckmesser<\/li>\n<li>S\u00e4gebandf\u00fchrung mit Lagern und Bandreinigungsb\u00fcrste<\/li>\n<li>Im Folgenden werden die wichtigsten technischen Merkmale dieses Modells dargestellt<\/li>\n<\/ul>\n<table class=\"table table-bordered text-center no-margin\" style=\"height: 196px;\" width=\"1083\">\n<thead>\n<tr>\n<th style=\"text-align: center;\"><\/th>\n<th style=\"text-align: center;\"><img decoding=\"async\" class=\"\" src=\"https:\/\/www.femi.it\/assets\/img\/icon-larghezza-massima.png\" data-no-retina=\"\" \/><\/th>\n<th style=\"text-align: center;\"><img decoding=\"async\" class=\"\" src=\"https:\/\/www.femi.it\/assets\/img\/icon-larghezza-massima-circle.png\" data-no-retina=\"\" \/><\/th>\n<th style=\"text-align: center;\"><img decoding=\"async\" class=\"\" src=\"https:\/\/www.femi.it\/assets\/img\/icon-larghezza-massima-square.png\" data-no-retina=\"\" \/><\/th>\n<\/tr>\n<\/thead>\n<tbody>\n<tr>\n<th style=\"text-align: center;\" scope=\"row\">0\u00b0<\/th>\n<td style=\"text-align: center;\">160\u00d7310 mm<\/td>\n<td style=\"text-align: center;\">255 mm<\/td>\n<td style=\"text-align: center;\">255\u00d7255 mm<\/td>\n<\/tr>\n<tr>\n<th style=\"text-align: center;\" scope=\"row\">45\u00b0<\/th>\n<td style=\"text-align: center;\">L 220\u00d7140 mm \/ R 230\u00d7170 mm<\/td>\n<td style=\"text-align: center;\">L 180 mm \/ R 185 mm<\/td>\n<td style=\"text-align: center;\">L 170\u00d7170 mm \/ R 180\u00d7180 mm<\/td>\n<\/tr>\n<tr>\n<th style=\"text-align: center;\" scope=\"row\">60\u00b0<\/th>\n<td style=\"text-align: center;\">160\u00d7110 mm<\/td>\n<td style=\"text-align: center;\">115 mm<\/td>\n<td style=\"text-align: center;\">115\u00d7115 mm<\/td>\n<\/tr>\n<\/tbody>\n<\/table>\n<p><strong>Technische Daten<\/strong><\/p>\n<ul>\n<li>Spannung - 400 V<\/li>\n<li>Leistung - 1100-1500 W<\/li>\n<li>Motor - 1,5\/2 HP Motor<\/li>\n<li>Abmessungen des S\u00e4geblatts - 2750 x 27 x 0,90 mm<\/li>\n<li>Schnittgeschwindigkeit - 35-70 Mt\/min<\/li>\n<li>Abmessungen (lxbxh) - 1730 x 730 x 1100 mm<\/li>\n<li>Gewicht - 430 kg<\/li>\n<\/ul>\n<p><strong>Dokumente<br \/>\n<\/strong><br \/>\n<img decoding=\"async\" src=\"https:\/\/bjctools.nl\/wp-content\/uploads\/2018\/07\/pdf.png\" \/><span style=\"color: #000;\"><br \/>\n<a href=\"https:\/\/bjctools.nl\/wp-content\/uploads\/2020\/06\/EBS2750-Handleiding.pdf\">EBS2750 Benutzerhandbuch<\/a><br \/>\n<\/span><\/p>\n<p><strong>Umfang der Lieferung<\/strong><\/p>\n<ul>\n<li>Eggenberg EBS2750 Station\u00e4re Bands\u00e4ge 400V<\/li>\n<\/ul>","protected":false},"excerpt":{"rendered":"<ul>\n<li><strong>Leistungsstarker 1500W Motor (2HP)<\/strong> - geeignet zum Schneiden von Eisen und Stahl<\/li>\n<li><strong>Doppelgehrungss\u00e4gen<\/strong> - einstellbar von <strong>0\u00b0 bis 45\u00b0 links und 0\u00b0 bis 60\u00b0 rechts<\/strong><\/li>\n<li><strong>Fortschrittliches Spannsystem<\/strong> - Schnellspannvorrichtung und S\u00e4geblattspannung mit Manometer<\/li>\n<li><strong>Zwei einstellbare Schnittgeschwindigkeiten<\/strong> - f\u00fcr optimale Leistung bei unterschiedlichen Materialien<\/li>\n<li><strong>Langlebige und stabile Konstruktion<\/strong> - gusseiserner Rahmen und robustes Fahrwerk f\u00fcr h\u00f6chste Pr\u00e4zision<\/li>\n<\/ul>","protected":false},"featured_media":112,"comment_status":"open","ping_status":"closed","template":"","meta":[],"product_brand":[22],"product_cat":[16,17,18],"product_tag":[],"class_list":{"0":"post-113","1":"product","2":"type-product","3":"status-publish","4":"has-post-thumbnail","6":"product_brand-eggenberg","7":"product_cat-bandzaagmachine","8":"product_cat-bandzaagmachine-stationair","9":"product_cat-machines","11":"first","12":"instock","13":"shipping-taxable","14":"product-type-simple"},"ct_brands":[{"id":22,"name":"EGGENBERG","slug":"eggenberg"}],"yoast_head":"<!-- This site is optimized with the Yoast SEO plugin v27.3 - https:\/\/yoast.com\/product\/yoast-seo-wordpress\/ -->\n<title>Eggenberg EBS2750 Stationaire Bandzaagmachine | 255mm | Globe Europe<\/title>\n<meta name=\"description\" content=\"Eggenberg EBS2750 Stationaire Bandzaagmachine met 255mm zaagcapaciteit &amp; 400V. Dubbel verstek en krachtige 1500W motor voor nauwkeurig zagen.\" \/>\n<meta name=\"robots\" content=\"index, follow, max-snippet:-1, max-image-preview:large, max-video-preview:-1\" \/>\n<link rel=\"canonical\" href=\"https:\/\/globe-europe.nl\/de\/produkt\/eggenberg-ebs2750-stationare-bandsage-255mm-400v\/\" \/>\n<meta property=\"og:locale\" content=\"de_DE\" \/>\n<meta property=\"og:type\" content=\"article\" \/>\n<meta property=\"og:title\" content=\"Eggenberg EBS2750 Stationaire Bandzaagmachine | 255mm | Globe Europe\" \/>\n<meta property=\"og:description\" content=\"Eggenberg EBS2750 Stationaire Bandzaagmachine met 255mm zaagcapaciteit &amp; 400V. Dubbel verstek en krachtige 1500W motor voor nauwkeurig zagen.\" \/>\n<meta property=\"og:url\" content=\"https:\/\/globe-europe.nl\/de\/produkt\/eggenberg-ebs2750-stationare-bandsage-255mm-400v\/\" \/>\n<meta property=\"og:site_name\" content=\"Globe Europe\" \/>\n<meta property=\"article:modified_time\" content=\"2026-02-27T10:24:54+00:00\" \/>\n<meta property=\"og:image\" content=\"https:\/\/globe-europe.nl\/wp-content\/uploads\/2025\/02\/BS2750_1.png\" \/>\n\t<meta property=\"og:image:width\" content=\"700\" \/>\n\t<meta property=\"og:image:height\" content=\"700\" \/>\n\t<meta property=\"og:image:type\" content=\"image\/png\" \/>\n<meta name=\"twitter:card\" content=\"summary_large_image\" \/>\n<meta name=\"twitter:label1\" content=\"Gesch\u00e4tzte Lesezeit\" \/>\n\t<meta name=\"twitter:data1\" content=\"2\u00a0Minuten\" \/>\n<script type=\"application\/ld+json\" class=\"yoast-schema-graph\">{\"@context\":\"https:\\\/\\\/schema.org\",\"@graph\":[{\"@type\":\"WebPage\",\"@id\":\"https:\\\/\\\/globe-europe.nl\\\/product\\\/eggenberg-ebs2750-stationaire-bandzaagmachine-255mm-400v\\\/\",\"url\":\"https:\\\/\\\/globe-europe.nl\\\/product\\\/eggenberg-ebs2750-stationaire-bandzaagmachine-255mm-400v\\\/\",\"name\":\"Eggenberg EBS2750 Stationaire Bandzaagmachine | 255mm | Globe Europe\",\"isPartOf\":{\"@id\":\"https:\\\/\\\/globe-europe.nl\\\/#website\"},\"primaryImageOfPage\":{\"@id\":\"https:\\\/\\\/globe-europe.nl\\\/product\\\/eggenberg-ebs2750-stationaire-bandzaagmachine-255mm-400v\\\/#primaryimage\"},\"image\":{\"@id\":\"https:\\\/\\\/globe-europe.nl\\\/product\\\/eggenberg-ebs2750-stationaire-bandzaagmachine-255mm-400v\\\/#primaryimage\"},\"thumbnailUrl\":\"https:\\\/\\\/globe-europe.nl\\\/wp-content\\\/uploads\\\/2025\\\/02\\\/BS2750_1.png\",\"datePublished\":\"2025-02-04T08:26:05+00:00\",\"dateModified\":\"2026-02-27T10:24:54+00:00\",\"description\":\"Eggenberg EBS2750 Stationaire Bandzaagmachine met 255mm zaagcapaciteit & 400V. Dubbel verstek en krachtige 1500W motor voor nauwkeurig zagen.\",\"breadcrumb\":{\"@id\":\"https:\\\/\\\/globe-europe.nl\\\/product\\\/eggenberg-ebs2750-stationaire-bandzaagmachine-255mm-400v\\\/#breadcrumb\"},\"inLanguage\":\"de\",\"potentialAction\":[{\"@type\":\"ReadAction\",\"target\":[\"https:\\\/\\\/globe-europe.nl\\\/product\\\/eggenberg-ebs2750-stationaire-bandzaagmachine-255mm-400v\\\/\"]}]},{\"@type\":\"ImageObject\",\"inLanguage\":\"de\",\"@id\":\"https:\\\/\\\/globe-europe.nl\\\/product\\\/eggenberg-ebs2750-stationaire-bandzaagmachine-255mm-400v\\\/#primaryimage\",\"url\":\"https:\\\/\\\/globe-europe.nl\\\/wp-content\\\/uploads\\\/2025\\\/02\\\/BS2750_1.png\",\"contentUrl\":\"https:\\\/\\\/globe-europe.nl\\\/wp-content\\\/uploads\\\/2025\\\/02\\\/BS2750_1.png\",\"width\":700,\"height\":700,\"caption\":\"\u2705 SEO-titel: Eggenberg EBS2750 Stationaire Bandzaagmachine | 255mm | 400V\"},{\"@type\":\"BreadcrumbList\",\"@id\":\"https:\\\/\\\/globe-europe.nl\\\/product\\\/eggenberg-ebs2750-stationaire-bandzaagmachine-255mm-400v\\\/#breadcrumb\",\"itemListElement\":[{\"@type\":\"ListItem\",\"position\":1,\"name\":\"Home\",\"item\":\"https:\\\/\\\/globe-europe.nl\\\/\"},{\"@type\":\"ListItem\",\"position\":2,\"name\":\"Winkel\",\"item\":\"https:\\\/\\\/globe-europe.nl\\\/winkel\\\/\"},{\"@type\":\"ListItem\",\"position\":3,\"name\":\"Eggenberg EBS2750 Stationaire Bandzaagmachine | 255mm | 400V\"}]},{\"@type\":\"WebSite\",\"@id\":\"https:\\\/\\\/globe-europe.nl\\\/#website\",\"url\":\"https:\\\/\\\/globe-europe.nl\\\/\",\"name\":\"Globe Europe\",\"description\":\"\",\"publisher\":{\"@id\":\"https:\\\/\\\/globe-europe.nl\\\/#organization\"},\"potentialAction\":[{\"@type\":\"SearchAction\",\"target\":{\"@type\":\"EntryPoint\",\"urlTemplate\":\"https:\\\/\\\/globe-europe.nl\\\/?s={search_term_string}\"},\"query-input\":{\"@type\":\"PropertyValueSpecification\",\"valueRequired\":true,\"valueName\":\"search_term_string\"}}],\"inLanguage\":\"de\"},{\"@type\":\"Organization\",\"@id\":\"https:\\\/\\\/globe-europe.nl\\\/#organization\",\"name\":\"Globe Europe\",\"url\":\"https:\\\/\\\/globe-europe.nl\\\/\",\"logo\":{\"@type\":\"ImageObject\",\"inLanguage\":\"de\",\"@id\":\"https:\\\/\\\/globe-europe.nl\\\/#\\\/schema\\\/logo\\\/image\\\/\",\"url\":\"https:\\\/\\\/globe-europe.nl\\\/wp-content\\\/uploads\\\/2025\\\/02\\\/GLOBE-LOGO-WEB-GROOT.png\",\"contentUrl\":\"https:\\\/\\\/globe-europe.nl\\\/wp-content\\\/uploads\\\/2025\\\/02\\\/GLOBE-LOGO-WEB-GROOT.png\",\"width\":938,\"height\":404,\"caption\":\"Globe Europe\"},\"image\":{\"@id\":\"https:\\\/\\\/globe-europe.nl\\\/#\\\/schema\\\/logo\\\/image\\\/\"}}]}<\/script>\n<!-- \/ Yoast SEO plugin. -->","yoast_head_json":{"title":"Eggenberg EBS2750 Station\u00e4re Bands\u00e4gemaschine | 255mm | Globe Europe","description":"Eggenberg EBS2750 Station\u00e4re Bands\u00e4ge mit 255mm Schnittleistung &amp; 400V. Doppelte Gehrung und leistungsstarker 1500W Motor f\u00fcr pr\u00e4zise Schnitte.","robots":{"index":"index","follow":"follow","max-snippet":"max-snippet:-1","max-image-preview":"max-image-preview:large","max-video-preview":"max-video-preview:-1"},"canonical":"https:\/\/globe-europe.nl\/de\/produkt\/eggenberg-ebs2750-stationare-bandsage-255mm-400v\/","og_locale":"de_DE","og_type":"article","og_title":"Eggenberg EBS2750 Stationaire Bandzaagmachine | 255mm | Globe Europe","og_description":"Eggenberg EBS2750 Stationaire Bandzaagmachine met 255mm zaagcapaciteit & 400V. Dubbel verstek en krachtige 1500W motor voor nauwkeurig zagen.","og_url":"https:\/\/globe-europe.nl\/de\/produkt\/eggenberg-ebs2750-stationare-bandsage-255mm-400v\/","og_site_name":"Globe Europe","article_modified_time":"2026-02-27T10:24:54+00:00","og_image":[{"width":700,"height":700,"url":"https:\/\/globe-europe.nl\/wp-content\/uploads\/2025\/02\/BS2750_1.png","type":"image\/png"}],"twitter_card":"summary_large_image","twitter_misc":{"Gesch\u00e4tzte Lesezeit":"2\u00a0Minuten"},"schema":{"@context":"https:\/\/schema.org","@graph":[{"@type":"WebPage","@id":"https:\/\/globe-europe.nl\/product\/eggenberg-ebs2750-stationaire-bandzaagmachine-255mm-400v\/","url":"https:\/\/globe-europe.nl\/product\/eggenberg-ebs2750-stationaire-bandzaagmachine-255mm-400v\/","name":"Eggenberg EBS2750 Station\u00e4re Bands\u00e4gemaschine | 255mm | Globe Europe","isPartOf":{"@id":"https:\/\/globe-europe.nl\/#website"},"primaryImageOfPage":{"@id":"https:\/\/globe-europe.nl\/product\/eggenberg-ebs2750-stationaire-bandzaagmachine-255mm-400v\/#primaryimage"},"image":{"@id":"https:\/\/globe-europe.nl\/product\/eggenberg-ebs2750-stationaire-bandzaagmachine-255mm-400v\/#primaryimage"},"thumbnailUrl":"https:\/\/globe-europe.nl\/wp-content\/uploads\/2025\/02\/BS2750_1.png","datePublished":"2025-02-04T08:26:05+00:00","dateModified":"2026-02-27T10:24:54+00:00","description":"Eggenberg EBS2750 Station\u00e4re Bands\u00e4ge mit 255mm Schnittleistung &amp; 400V. Doppelte Gehrung und leistungsstarker 1500W Motor f\u00fcr pr\u00e4zise Schnitte.","breadcrumb":{"@id":"https:\/\/globe-europe.nl\/product\/eggenberg-ebs2750-stationaire-bandzaagmachine-255mm-400v\/#breadcrumb"},"inLanguage":"de","potentialAction":[{"@type":"ReadAction","target":["https:\/\/globe-europe.nl\/product\/eggenberg-ebs2750-stationaire-bandzaagmachine-255mm-400v\/"]}]},{"@type":"ImageObject","inLanguage":"de","@id":"https:\/\/globe-europe.nl\/product\/eggenberg-ebs2750-stationaire-bandzaagmachine-255mm-400v\/#primaryimage","url":"https:\/\/globe-europe.nl\/wp-content\/uploads\/2025\/02\/BS2750_1.png","contentUrl":"https:\/\/globe-europe.nl\/wp-content\/uploads\/2025\/02\/BS2750_1.png","width":700,"height":700,"caption":"\u2705 SEO-titel: Eggenberg EBS2750 Stationaire Bandzaagmachine | 255mm | 400V"},{"@type":"BreadcrumbList","@id":"https:\/\/globe-europe.nl\/product\/eggenberg-ebs2750-stationaire-bandzaagmachine-255mm-400v\/#breadcrumb","itemListElement":[{"@type":"ListItem","position":1,"name":"Home","item":"https:\/\/globe-europe.nl\/"},{"@type":"ListItem","position":2,"name":"Winkel","item":"https:\/\/globe-europe.nl\/winkel\/"},{"@type":"ListItem","position":3,"name":"Eggenberg EBS2750 Stationaire Bandzaagmachine | 255mm | 400V"}]},{"@type":"WebSite","@id":"https:\/\/globe-europe.nl\/#website","url":"https:\/\/globe-europe.nl\/","name":"Globe Europe","description":"","publisher":{"@id":"https:\/\/globe-europe.nl\/#organization"},"potentialAction":[{"@type":"SearchAction","target":{"@type":"EntryPoint","urlTemplate":"https:\/\/globe-europe.nl\/?s={search_term_string}"},"query-input":{"@type":"PropertyValueSpecification","valueRequired":true,"valueName":"search_term_string"}}],"inLanguage":"de"},{"@type":"Organization","@id":"https:\/\/globe-europe.nl\/#organization","name":"Globe Europe","url":"https:\/\/globe-europe.nl\/","logo":{"@type":"ImageObject","inLanguage":"de","@id":"https:\/\/globe-europe.nl\/#\/schema\/logo\/image\/","url":"https:\/\/globe-europe.nl\/wp-content\/uploads\/2025\/02\/GLOBE-LOGO-WEB-GROOT.png","contentUrl":"https:\/\/globe-europe.nl\/wp-content\/uploads\/2025\/02\/GLOBE-LOGO-WEB-GROOT.png","width":938,"height":404,"caption":"Globe Europe"},"image":{"@id":"https:\/\/globe-europe.nl\/#\/schema\/logo\/image\/"}}]}},"_links":{"self":[{"href":"https:\/\/globe-europe.nl\/de\/wp-json\/wp\/v2\/product\/113","targetHints":{"allow":["GET"]}}],"collection":[{"href":"https:\/\/globe-europe.nl\/de\/wp-json\/wp\/v2\/product"}],"about":[{"href":"https:\/\/globe-europe.nl\/de\/wp-json\/wp\/v2\/types\/product"}],"replies":[{"embeddable":true,"href":"https:\/\/globe-europe.nl\/de\/wp-json\/wp\/v2\/comments?post=113"}],"wp:featuredmedia":[{"embeddable":true,"href":"https:\/\/globe-europe.nl\/de\/wp-json\/wp\/v2\/media\/112"}],"wp:attachment":[{"href":"https:\/\/globe-europe.nl\/de\/wp-json\/wp\/v2\/media?parent=113"}],"wp:term":[{"taxonomy":"product_brand","embeddable":true,"href":"https:\/\/globe-europe.nl\/de\/wp-json\/wp\/v2\/product_brand?post=113"},{"taxonomy":"product_cat","embeddable":true,"href":"https:\/\/globe-europe.nl\/de\/wp-json\/wp\/v2\/product_cat?post=113"},{"taxonomy":"product_tag","embeddable":true,"href":"https:\/\/globe-europe.nl\/de\/wp-json\/wp\/v2\/product_tag?post=113"}],"curies":[{"name":"wp","href":"https:\/\/api.w.org\/{rel}","templated":true}]}}