{"id":1136,"date":"2025-02-04T11:10:37","date_gmt":"2025-02-04T11:10:37","guid":{"rendered":"https:\/\/globe-europe.nl\/product\/urko-4021-h-lijmklem-met-ijzeren-spindel\/"},"modified":"2025-02-19T07:27:28","modified_gmt":"2025-02-19T07:27:28","slug":"urko-4021-h-schraubzwinge-mit-eisenspindel","status":"publish","type":"product","link":"https:\/\/globe-europe.nl\/de\/product\/urko-4021-h-lijmklem-met-ijzeren-spindel\/","title":{"rendered":"Urko - 4021-H - Leimzwinge mit Eisenspindel"},"content":{"rendered":"<p><span style=\"color: #000000;\"><strong>Eigenschaften Urko - 4021-H - Leimzwinge mit Eisenspindel<br \/>\n<\/strong><\/span><\/p>\n<ul>\n<li>Mit Eisenspindel<\/li>\n<li>Teile aus Gusseisen<\/li>\n<li>Extrem starke Stahl-Zahnspannf\u00fchrung mit Bremse<\/li>\n<li>Feste Stahlklemmkappe (dreht sich nicht, wenn sie befestigt ist, was Sch\u00e4den verhindert)<\/li>\n<li>Integrierte Bremse<\/li>\n<\/ul>\n<p>Gr\u00f6\u00dfen<\/p>\n<p>18x7mm - 60mm(a) - 12cm(b)<\/p>\n<p>18x7mm - 60mm(a) - 15cm(b)<\/p>\n<p>18x7mm - 60mm(a) - 20cm(b)<\/p>\n<p>18x7mm - 60mm(a) - 25cm(b)<\/p>\n<p>18x7mm - 60mm(a) - 30cm(b)<\/p>","protected":false},"excerpt":{"rendered":"<p>Kenmerken Urko &#8211; 4021-H &#8211; Lijmklem met ijzeren spindel Met ijzeren spindel Gietijzeren delen Extreem sterke stalen getande klemgeleider met rem Vaste stalen klemdop (draait niet mee bij fixeren wat beschadigingen helpt voorkomen) Ge\u00efntegreerde rem Maten 18x7mm \u2013 60mm(a) \u2013 12cm(b) 18x7mm \u2013 60mm(a) \u2013 15cm(b) 18x7mm \u2013 60mm(a) \u2013 20cm(b) 18x7mm \u2013 60mm(a) \u2013 [&hellip;]<\/p>\n","protected":false},"featured_media":1135,"comment_status":"open","ping_status":"closed","template":"","meta":[],"product_brand":[329],"product_cat":[50,51,52],"product_tag":[],"class_list":{"0":"post-1136","1":"product","2":"type-product","3":"status-publish","4":"has-post-thumbnail","6":"product_brand-urko","7":"product_cat-handgereedschap","8":"product_cat-lijmklem","9":"product_cat-lijmklem-met-spindel","11":"first","12":"instock","13":"shipping-taxable","14":"product-type-simple"},"ct_brands":[{"id":329,"name":"URKO","slug":"urko"}],"yoast_head":"<!-- This site is optimized with the Yoast SEO plugin v27.5 - https:\/\/yoast.com\/product\/yoast-seo-wordpress\/ -->\n<title>Urko 4021-H Lijmklem | Met IJzeren Spindel &amp; Gietijzeren Delen - Globe Europe<\/title>\n<meta name=\"description\" content=\"Urko 4021-H lijmklem met ijzeren spindel, stalen klemgeleider en vaste klemdop. Robuust en betrouwbaar, verkrijgbaar in diverse maten.\" \/>\n<meta name=\"robots\" content=\"index, follow, max-snippet:-1, max-image-preview:large, max-video-preview:-1\" \/>\n<link rel=\"canonical\" href=\"https:\/\/globe-europe.nl\/de\/produkt\/urko-4021-h-schraubzwinge-mit-eisenspindel\/\" \/>\n<meta property=\"og:locale\" content=\"de_DE\" \/>\n<meta property=\"og:type\" content=\"article\" \/>\n<meta property=\"og:title\" content=\"Urko 4021-H Lijmklem | Met IJzeren Spindel &amp; Gietijzeren Delen - Globe Europe\" \/>\n<meta property=\"og:description\" content=\"Urko 4021-H lijmklem met ijzeren spindel, stalen klemgeleider en vaste klemdop. Robuust en betrouwbaar, verkrijgbaar in diverse maten.\" \/>\n<meta property=\"og:url\" content=\"https:\/\/globe-europe.nl\/de\/produkt\/urko-4021-h-schraubzwinge-mit-eisenspindel\/\" \/>\n<meta property=\"og:site_name\" content=\"Globe Europe\" \/>\n<meta property=\"article:modified_time\" content=\"2025-02-19T07:27:28+00:00\" \/>\n<meta property=\"og:image\" content=\"https:\/\/globe-europe.nl\/wp-content\/uploads\/2025\/02\/Urko-4021-H-Lijmklem.jpg\" \/>\n\t<meta property=\"og:image:width\" content=\"700\" \/>\n\t<meta property=\"og:image:height\" content=\"700\" \/>\n\t<meta property=\"og:image:type\" content=\"image\/jpeg\" \/>\n<meta name=\"twitter:card\" content=\"summary_large_image\" \/>\n<meta name=\"twitter:label1\" content=\"Gesch\u00e4tzte Lesezeit\" \/>\n\t<meta name=\"twitter:data1\" content=\"1\u00a0Minute\" \/>\n<script type=\"application\/ld+json\" class=\"yoast-schema-graph\">{\"@context\":\"https:\\\/\\\/schema.org\",\"@graph\":[{\"@type\":\"WebPage\",\"@id\":\"https:\\\/\\\/globe-europe.nl\\\/product\\\/urko-4021-h-lijmklem-met-ijzeren-spindel\\\/\",\"url\":\"https:\\\/\\\/globe-europe.nl\\\/product\\\/urko-4021-h-lijmklem-met-ijzeren-spindel\\\/\",\"name\":\"Urko 4021-H Lijmklem | Met IJzeren Spindel & Gietijzeren Delen - Globe Europe\",\"isPartOf\":{\"@id\":\"https:\\\/\\\/globe-europe.nl\\\/#website\"},\"primaryImageOfPage\":{\"@id\":\"https:\\\/\\\/globe-europe.nl\\\/product\\\/urko-4021-h-lijmklem-met-ijzeren-spindel\\\/#primaryimage\"},\"image\":{\"@id\":\"https:\\\/\\\/globe-europe.nl\\\/product\\\/urko-4021-h-lijmklem-met-ijzeren-spindel\\\/#primaryimage\"},\"thumbnailUrl\":\"https:\\\/\\\/globe-europe.nl\\\/wp-content\\\/uploads\\\/2025\\\/02\\\/Urko-4021-H-Lijmklem.jpg\",\"datePublished\":\"2025-02-04T11:10:37+00:00\",\"dateModified\":\"2025-02-19T07:27:28+00:00\",\"description\":\"Urko 4021-H lijmklem met ijzeren spindel, stalen klemgeleider en vaste klemdop. Robuust en betrouwbaar, verkrijgbaar in diverse maten.\",\"breadcrumb\":{\"@id\":\"https:\\\/\\\/globe-europe.nl\\\/product\\\/urko-4021-h-lijmklem-met-ijzeren-spindel\\\/#breadcrumb\"},\"inLanguage\":\"de\",\"potentialAction\":[{\"@type\":\"ReadAction\",\"target\":[\"https:\\\/\\\/globe-europe.nl\\\/product\\\/urko-4021-h-lijmklem-met-ijzeren-spindel\\\/\"]}]},{\"@type\":\"ImageObject\",\"inLanguage\":\"de\",\"@id\":\"https:\\\/\\\/globe-europe.nl\\\/product\\\/urko-4021-h-lijmklem-met-ijzeren-spindel\\\/#primaryimage\",\"url\":\"https:\\\/\\\/globe-europe.nl\\\/wp-content\\\/uploads\\\/2025\\\/02\\\/Urko-4021-H-Lijmklem.jpg\",\"contentUrl\":\"https:\\\/\\\/globe-europe.nl\\\/wp-content\\\/uploads\\\/2025\\\/02\\\/Urko-4021-H-Lijmklem.jpg\",\"width\":700,\"height\":700},{\"@type\":\"BreadcrumbList\",\"@id\":\"https:\\\/\\\/globe-europe.nl\\\/product\\\/urko-4021-h-lijmklem-met-ijzeren-spindel\\\/#breadcrumb\",\"itemListElement\":[{\"@type\":\"ListItem\",\"position\":1,\"name\":\"Home\",\"item\":\"https:\\\/\\\/globe-europe.nl\\\/\"},{\"@type\":\"ListItem\",\"position\":2,\"name\":\"Winkel\",\"item\":\"https:\\\/\\\/globe-europe.nl\\\/winkel\\\/\"},{\"@type\":\"ListItem\",\"position\":3,\"name\":\"Urko &#8211; 4021-H &#8211; Lijmklem met ijzeren spindel\"}]},{\"@type\":\"WebSite\",\"@id\":\"https:\\\/\\\/globe-europe.nl\\\/#website\",\"url\":\"https:\\\/\\\/globe-europe.nl\\\/\",\"name\":\"Globe Europe\",\"description\":\"\",\"publisher\":{\"@id\":\"https:\\\/\\\/globe-europe.nl\\\/#organization\"},\"potentialAction\":[{\"@type\":\"SearchAction\",\"target\":{\"@type\":\"EntryPoint\",\"urlTemplate\":\"https:\\\/\\\/globe-europe.nl\\\/?s={search_term_string}\"},\"query-input\":{\"@type\":\"PropertyValueSpecification\",\"valueRequired\":true,\"valueName\":\"search_term_string\"}}],\"inLanguage\":\"de\"},{\"@type\":\"Organization\",\"@id\":\"https:\\\/\\\/globe-europe.nl\\\/#organization\",\"name\":\"Globe Europe\",\"url\":\"https:\\\/\\\/globe-europe.nl\\\/\",\"logo\":{\"@type\":\"ImageObject\",\"inLanguage\":\"de\",\"@id\":\"https:\\\/\\\/globe-europe.nl\\\/#\\\/schema\\\/logo\\\/image\\\/\",\"url\":\"https:\\\/\\\/globe-europe.nl\\\/wp-content\\\/uploads\\\/2025\\\/02\\\/GLOBE-LOGO-WEB-GROOT.png\",\"contentUrl\":\"https:\\\/\\\/globe-europe.nl\\\/wp-content\\\/uploads\\\/2025\\\/02\\\/GLOBE-LOGO-WEB-GROOT.png\",\"width\":938,\"height\":404,\"caption\":\"Globe Europe\"},\"image\":{\"@id\":\"https:\\\/\\\/globe-europe.nl\\\/#\\\/schema\\\/logo\\\/image\\\/\"}}]}<\/script>\n<!-- \/ Yoast SEO plugin. -->","yoast_head_json":{"title":"Urko 4021-H Leimzwinge | mit Eisenspindel und Gusseisenteilen - Globe Europe","description":"Urko 4021-H Leimzwinge mit Eisenspindel, Stahlklemmf\u00fchrung und fester Klemmkappe. Robust und zuverl\u00e4ssig, in verschiedenen Gr\u00f6\u00dfen erh\u00e4ltlich.","robots":{"index":"index","follow":"follow","max-snippet":"max-snippet:-1","max-image-preview":"max-image-preview:large","max-video-preview":"max-video-preview:-1"},"canonical":"https:\/\/globe-europe.nl\/de\/produkt\/urko-4021-h-schraubzwinge-mit-eisenspindel\/","og_locale":"de_DE","og_type":"article","og_title":"Urko 4021-H Lijmklem | Met IJzeren Spindel & Gietijzeren Delen - Globe Europe","og_description":"Urko 4021-H lijmklem met ijzeren spindel, stalen klemgeleider en vaste klemdop. Robuust en betrouwbaar, verkrijgbaar in diverse maten.","og_url":"https:\/\/globe-europe.nl\/de\/produkt\/urko-4021-h-schraubzwinge-mit-eisenspindel\/","og_site_name":"Globe Europe","article_modified_time":"2025-02-19T07:27:28+00:00","og_image":[{"width":700,"height":700,"url":"https:\/\/globe-europe.nl\/wp-content\/uploads\/2025\/02\/Urko-4021-H-Lijmklem.jpg","type":"image\/jpeg"}],"twitter_card":"summary_large_image","twitter_misc":{"Gesch\u00e4tzte Lesezeit":"1\u00a0Minute"},"schema":{"@context":"https:\/\/schema.org","@graph":[{"@type":"WebPage","@id":"https:\/\/globe-europe.nl\/product\/urko-4021-h-lijmklem-met-ijzeren-spindel\/","url":"https:\/\/globe-europe.nl\/product\/urko-4021-h-lijmklem-met-ijzeren-spindel\/","name":"Urko 4021-H Leimzwinge | mit Eisenspindel und Gusseisenteilen - Globe Europe","isPartOf":{"@id":"https:\/\/globe-europe.nl\/#website"},"primaryImageOfPage":{"@id":"https:\/\/globe-europe.nl\/product\/urko-4021-h-lijmklem-met-ijzeren-spindel\/#primaryimage"},"image":{"@id":"https:\/\/globe-europe.nl\/product\/urko-4021-h-lijmklem-met-ijzeren-spindel\/#primaryimage"},"thumbnailUrl":"https:\/\/globe-europe.nl\/wp-content\/uploads\/2025\/02\/Urko-4021-H-Lijmklem.jpg","datePublished":"2025-02-04T11:10:37+00:00","dateModified":"2025-02-19T07:27:28+00:00","description":"Urko 4021-H Leimzwinge mit Eisenspindel, Stahlklemmf\u00fchrung und fester Klemmkappe. Robust und zuverl\u00e4ssig, in verschiedenen Gr\u00f6\u00dfen erh\u00e4ltlich.","breadcrumb":{"@id":"https:\/\/globe-europe.nl\/product\/urko-4021-h-lijmklem-met-ijzeren-spindel\/#breadcrumb"},"inLanguage":"de","potentialAction":[{"@type":"ReadAction","target":["https:\/\/globe-europe.nl\/product\/urko-4021-h-lijmklem-met-ijzeren-spindel\/"]}]},{"@type":"ImageObject","inLanguage":"de","@id":"https:\/\/globe-europe.nl\/product\/urko-4021-h-lijmklem-met-ijzeren-spindel\/#primaryimage","url":"https:\/\/globe-europe.nl\/wp-content\/uploads\/2025\/02\/Urko-4021-H-Lijmklem.jpg","contentUrl":"https:\/\/globe-europe.nl\/wp-content\/uploads\/2025\/02\/Urko-4021-H-Lijmklem.jpg","width":700,"height":700},{"@type":"BreadcrumbList","@id":"https:\/\/globe-europe.nl\/product\/urko-4021-h-lijmklem-met-ijzeren-spindel\/#breadcrumb","itemListElement":[{"@type":"ListItem","position":1,"name":"Home","item":"https:\/\/globe-europe.nl\/"},{"@type":"ListItem","position":2,"name":"Winkel","item":"https:\/\/globe-europe.nl\/winkel\/"},{"@type":"ListItem","position":3,"name":"Urko &#8211; 4021-H &#8211; Lijmklem met ijzeren spindel"}]},{"@type":"WebSite","@id":"https:\/\/globe-europe.nl\/#website","url":"https:\/\/globe-europe.nl\/","name":"Globe Europe","description":"","publisher":{"@id":"https:\/\/globe-europe.nl\/#organization"},"potentialAction":[{"@type":"SearchAction","target":{"@type":"EntryPoint","urlTemplate":"https:\/\/globe-europe.nl\/?s={search_term_string}"},"query-input":{"@type":"PropertyValueSpecification","valueRequired":true,"valueName":"search_term_string"}}],"inLanguage":"de"},{"@type":"Organization","@id":"https:\/\/globe-europe.nl\/#organization","name":"Globe Europe","url":"https:\/\/globe-europe.nl\/","logo":{"@type":"ImageObject","inLanguage":"de","@id":"https:\/\/globe-europe.nl\/#\/schema\/logo\/image\/","url":"https:\/\/globe-europe.nl\/wp-content\/uploads\/2025\/02\/GLOBE-LOGO-WEB-GROOT.png","contentUrl":"https:\/\/globe-europe.nl\/wp-content\/uploads\/2025\/02\/GLOBE-LOGO-WEB-GROOT.png","width":938,"height":404,"caption":"Globe Europe"},"image":{"@id":"https:\/\/globe-europe.nl\/#\/schema\/logo\/image\/"}}]}},"_links":{"self":[{"href":"https:\/\/globe-europe.nl\/de\/wp-json\/wp\/v2\/product\/1136","targetHints":{"allow":["GET"]}}],"collection":[{"href":"https:\/\/globe-europe.nl\/de\/wp-json\/wp\/v2\/product"}],"about":[{"href":"https:\/\/globe-europe.nl\/de\/wp-json\/wp\/v2\/types\/product"}],"replies":[{"embeddable":true,"href":"https:\/\/globe-europe.nl\/de\/wp-json\/wp\/v2\/comments?post=1136"}],"wp:featuredmedia":[{"embeddable":true,"href":"https:\/\/globe-europe.nl\/de\/wp-json\/wp\/v2\/media\/1135"}],"wp:attachment":[{"href":"https:\/\/globe-europe.nl\/de\/wp-json\/wp\/v2\/media?parent=1136"}],"wp:term":[{"taxonomy":"product_brand","embeddable":true,"href":"https:\/\/globe-europe.nl\/de\/wp-json\/wp\/v2\/product_brand?post=1136"},{"taxonomy":"product_cat","embeddable":true,"href":"https:\/\/globe-europe.nl\/de\/wp-json\/wp\/v2\/product_cat?post=1136"},{"taxonomy":"product_tag","embeddable":true,"href":"https:\/\/globe-europe.nl\/de\/wp-json\/wp\/v2\/product_tag?post=1136"}],"curies":[{"name":"wp","href":"https:\/\/api.w.org\/{rel}","templated":true}]}}