{"id":1256,"date":"2025-02-04T11:10:53","date_gmt":"2025-02-04T11:10:53","guid":{"rendered":"https:\/\/globe-europe.nl\/product\/eggenberg-top-lamellenschijf-conisch-zirkonium-125mm-inox-staal-k40-60-80-3\/"},"modified":"2026-02-27T10:24:53","modified_gmt":"2026-02-27T10:24:53","slug":"eggenberg-top-lamellenscheibe-konisch-zirkon-125mm-inox-stahl-k40-60-80","status":"publish","type":"product","link":"https:\/\/globe-europe.nl\/de\/product\/eggenberg-top-lamellenschijf-conisch-zirkonium-125mm-inox-staal-k40-60-80-3\/","title":{"rendered":"Eggenberg TOP F\u00e4cherscheibe konisch Zirkon 125mm INOX\/Stahl - K40\/60\/80"},"content":{"rendered":"<p><strong>Merkmale Eggenberg TOP F\u00e4cherscheibe Konisch Zirkon 125mm INOX\/Stahl - K40\/60\/80<\/strong><\/p>\n<p>Die Eggenberg Industrial inox Scheibe ist die perfekte Einstiegsscheibe f\u00fcr die Bearbeitung von rostfreiem Stahl. Dank des speziell entwickelten flexiblen Leinens erreicht diese Scheibe sofort und auch bei geringeren Dr\u00fccken eine hohe Effizienz. In Kombination mit dem hochwertigen Zirkonkorn 100% sorgt die Industrial inox Scheibe f\u00fcr beste Effizienz bei niedrigem Druck und weniger leistungsstarken 750-Watt-Maschinen. In unserer Zirkoniumdioxid-Linie ist diese TOP-Scheibe eine Scheibe mit einem ausgezeichneten Qualit\u00e4ts-Preis-Verh\u00e4ltnis, die alle Materialien schleifen kann, nur dass diese Scheibe besser abhebt und l\u00e4nger aggressiv bleibt als unsere\u00a0<a href=\"https:\/\/globe-europe.nl\/de\/produkt\/eggenberg-eco-lamellenschijf-conisch-zirkonium-125mm-inox-staal-k40-60-80\/\"><strong>Eggenberg ECO-Linie<\/strong><\/a>.<\/p>\n<p>F\u00e4cherschleifscheibe 125 mm geeignet f\u00fcr rostfreien Stahl. Die Eggenberg F\u00e4cherscheibe Zirkon aus der TOP-Linie ist eine Schleifscheibe, die f\u00fcr Edelstahlanwendungen entwickelt wurde, aber auch f\u00fcr Stahl verwendet werden kann. Die F\u00e4cherscheibe hat einen Durchmesser von 125 mm und einen Innendurchmesser von 22,23 mm.\u00a0<strong>Die konische Eggenberg Zirkonium-F\u00e4cherscheibe wurde speziell f\u00fcr den Einsatz in Edelstahl entwickelt. Das Korn der F\u00e4cherscheibe besteht aus Zirkonium, einer Mischung aus Aluminiumoxid und Zirkoniumoxid<\/strong>. Diese Mischung hat eine besonders hohe Korrosionsbest\u00e4ndigkeit und verleiht der F\u00e4cherschleifscheibe die abrasive Wirkung.<\/p>\n<p>Die F\u00e4cherschleifscheibe eignet sich ideal zum Abschleifen von Schwei\u00dfn\u00e4hten und zum Feinschliff von Werkst\u00fccken durch die Wahl der verschiedenen Korngr\u00f6ssen. Die TOP-line F\u00e4cherscheibe ist in 125 mm in den K\u00f6rnungen P40, P60 und P80 erh\u00e4ltlich. Die Schleifleistung der F\u00e4cherschleifscheibe wurde erh\u00f6ht, so dass sie gegen\u00fcber allen bekannten europ\u00e4ischen Marken sehr wettbewerbsf\u00e4hig ist.<\/p>\n<ul>\n<li>Perfektes Qualit\u00e4tsrad f\u00fcr Stahl\/inox<\/li>\n<li>Ausgezeichnetes Preis-Leistungs-Verh\u00e4ltnis<\/li>\n<li>Beste Leistung mit Normaldruck- und Winkelschleifern tm 1500 Watt<\/li>\n<\/ul>\n<p><strong>Technische Daten<\/strong><\/p>\n<p><img loading=\"lazy\" decoding=\"async\" class=\"alignright wp-image-394378\" src=\"https:\/\/bjctools.nl\/wp-content\/uploads\/2022\/03\/CONISCH-2.png\" alt=\"\" width=\"296\" height=\"192\" \/><\/p>\n<ul>\n<li>Modell - TOP-line<\/li>\n<li>Durchmesser - 125 mm<\/li>\n<li>Einlass - 22,23 mm<\/li>\n<li>Geeignet f\u00fcr - rostfreien Stahl\/Stahl<\/li>\n<li>K\u00f6rnung - 40\/60\/80<\/li>\n<\/ul>\n<p><strong>Umfang der Lieferung<\/strong><\/p>\n<ul>\n<li>Eggenberg TOP F\u00e4cherscheibe konisch Zirkon 125mm INOX\/Stahl - K40\/60\/80<\/li>\n<\/ul>\n<p>&nbsp;<\/p>\n<p><img loading=\"lazy\" decoding=\"async\" class=\"alignnone wp-image-6223 size-full\" src=\"https:\/\/www.globe-europe.nl\/wp-content\/uploads\/2022\/04\/Visual-Lamellenschijven-Egg3.png\" alt=\"\" width=\"1175\" height=\"734\" \/><\/p>","protected":false},"excerpt":{"rendered":"<p><img loading=\"lazy\" decoding=\"async\" class=\"alignnone wp-image-6205 size-large\" src=\"https:\/\/www.globe-europe.nl\/wp-content\/uploads\/2022\/04\/CONISCH-1024x397.png\" alt=\"\" width=\"1024\" height=\"397\" \/><\/p>","protected":false},"featured_media":601,"comment_status":"open","ping_status":"closed","template":"","meta":[],"product_brand":[22],"product_cat":[39,37,41],"product_tag":[],"class_list":{"0":"post-1256","1":"product","2":"type-product","3":"status-publish","4":"has-post-thumbnail","6":"product_brand-eggenberg","7":"product_cat-lamellenschijf","8":"product_cat-schuur-slijpmiddelen","9":"product_cat-verbruiksartikelen","11":"first","12":"instock","13":"shipping-taxable","14":"product-type-simple"},"ct_brands":[{"id":22,"name":"EGGENBERG","slug":"eggenberg"}],"yoast_head":"<!-- This site is optimized with the Yoast SEO plugin v27.3 - https:\/\/yoast.com\/product\/yoast-seo-wordpress\/ -->\n<title>Eggenberg TOP Lamellenschijf Conisch | INOX &amp; Staal | K40\/60\/80 - Globe Europe<\/title>\n<meta name=\"description\" content=\"Eggenberg TOP conische lamellenschijf 125mm met zirkonium korrel. Ideaal voor RVS en staal. Hoge standtijd, agressieve schuurkracht. In K40, K60 &amp; K80.\" \/>\n<meta name=\"robots\" content=\"index, follow, max-snippet:-1, max-image-preview:large, max-video-preview:-1\" \/>\n<link rel=\"canonical\" href=\"https:\/\/globe-europe.nl\/de\/produkt\/eggenberg-top-lamellenscheibe-konisch-zirkon-125mm-inox-stahl-k40-60-80\/\" \/>\n<meta property=\"og:locale\" content=\"de_DE\" \/>\n<meta property=\"og:type\" content=\"article\" \/>\n<meta property=\"og:title\" content=\"Eggenberg TOP Lamellenschijf Conisch | INOX &amp; Staal | K40\/60\/80 - Globe Europe\" \/>\n<meta property=\"og:description\" content=\"Eggenberg TOP conische lamellenschijf 125mm met zirkonium korrel. Ideaal voor RVS en staal. Hoge standtijd, agressieve schuurkracht. In K40, K60 &amp; K80.\" \/>\n<meta property=\"og:url\" content=\"https:\/\/globe-europe.nl\/de\/produkt\/eggenberg-top-lamellenscheibe-konisch-zirkon-125mm-inox-stahl-k40-60-80\/\" \/>\n<meta property=\"og:site_name\" content=\"Globe Europe\" \/>\n<meta property=\"article:modified_time\" content=\"2026-02-27T10:24:53+00:00\" \/>\n<meta property=\"og:image\" content=\"https:\/\/globe-europe.nl\/wp-content\/uploads\/2025\/02\/EGGENBERG-TOP-CON2.png\" \/>\n\t<meta property=\"og:image:width\" content=\"700\" \/>\n\t<meta property=\"og:image:height\" content=\"700\" \/>\n\t<meta property=\"og:image:type\" content=\"image\/png\" \/>\n<meta name=\"twitter:card\" content=\"summary_large_image\" \/>\n<meta name=\"twitter:label1\" content=\"Gesch\u00e4tzte Lesezeit\" \/>\n\t<meta name=\"twitter:data1\" content=\"3\u00a0Minuten\" \/>\n<script type=\"application\/ld+json\" class=\"yoast-schema-graph\">{\"@context\":\"https:\\\/\\\/schema.org\",\"@graph\":[{\"@type\":\"WebPage\",\"@id\":\"https:\\\/\\\/globe-europe.nl\\\/product\\\/eggenberg-top-lamellenschijf-conisch-zirkonium-125mm-inox-staal-k40-60-80-3\\\/\",\"url\":\"https:\\\/\\\/globe-europe.nl\\\/product\\\/eggenberg-top-lamellenschijf-conisch-zirkonium-125mm-inox-staal-k40-60-80-3\\\/\",\"name\":\"Eggenberg TOP Lamellenschijf Conisch | INOX & Staal | K40\\\/60\\\/80 - Globe Europe\",\"isPartOf\":{\"@id\":\"https:\\\/\\\/globe-europe.nl\\\/#website\"},\"primaryImageOfPage\":{\"@id\":\"https:\\\/\\\/globe-europe.nl\\\/product\\\/eggenberg-top-lamellenschijf-conisch-zirkonium-125mm-inox-staal-k40-60-80-3\\\/#primaryimage\"},\"image\":{\"@id\":\"https:\\\/\\\/globe-europe.nl\\\/product\\\/eggenberg-top-lamellenschijf-conisch-zirkonium-125mm-inox-staal-k40-60-80-3\\\/#primaryimage\"},\"thumbnailUrl\":\"https:\\\/\\\/globe-europe.nl\\\/wp-content\\\/uploads\\\/2025\\\/02\\\/EGGENBERG-TOP-CON2.png\",\"datePublished\":\"2025-02-04T11:10:53+00:00\",\"dateModified\":\"2026-02-27T10:24:53+00:00\",\"description\":\"Eggenberg TOP conische lamellenschijf 125mm met zirkonium korrel. Ideaal voor RVS en staal. Hoge standtijd, agressieve schuurkracht. In K40, K60 & K80.\",\"breadcrumb\":{\"@id\":\"https:\\\/\\\/globe-europe.nl\\\/product\\\/eggenberg-top-lamellenschijf-conisch-zirkonium-125mm-inox-staal-k40-60-80-3\\\/#breadcrumb\"},\"inLanguage\":\"de\",\"potentialAction\":[{\"@type\":\"ReadAction\",\"target\":[\"https:\\\/\\\/globe-europe.nl\\\/product\\\/eggenberg-top-lamellenschijf-conisch-zirkonium-125mm-inox-staal-k40-60-80-3\\\/\"]}]},{\"@type\":\"ImageObject\",\"inLanguage\":\"de\",\"@id\":\"https:\\\/\\\/globe-europe.nl\\\/product\\\/eggenberg-top-lamellenschijf-conisch-zirkonium-125mm-inox-staal-k40-60-80-3\\\/#primaryimage\",\"url\":\"https:\\\/\\\/globe-europe.nl\\\/wp-content\\\/uploads\\\/2025\\\/02\\\/EGGENBERG-TOP-CON2.png\",\"contentUrl\":\"https:\\\/\\\/globe-europe.nl\\\/wp-content\\\/uploads\\\/2025\\\/02\\\/EGGENBERG-TOP-CON2.png\",\"width\":700,\"height\":700},{\"@type\":\"BreadcrumbList\",\"@id\":\"https:\\\/\\\/globe-europe.nl\\\/product\\\/eggenberg-top-lamellenschijf-conisch-zirkonium-125mm-inox-staal-k40-60-80-3\\\/#breadcrumb\",\"itemListElement\":[{\"@type\":\"ListItem\",\"position\":1,\"name\":\"Home\",\"item\":\"https:\\\/\\\/globe-europe.nl\\\/\"},{\"@type\":\"ListItem\",\"position\":2,\"name\":\"Winkel\",\"item\":\"https:\\\/\\\/globe-europe.nl\\\/winkel\\\/\"},{\"@type\":\"ListItem\",\"position\":3,\"name\":\"Eggenberg TOP Lamellenschijf Conisch Zirkonium 125mm INOX\\\/Staal \u2013 K40\\\/60\\\/80\"}]},{\"@type\":\"WebSite\",\"@id\":\"https:\\\/\\\/globe-europe.nl\\\/#website\",\"url\":\"https:\\\/\\\/globe-europe.nl\\\/\",\"name\":\"Globe Europe\",\"description\":\"\",\"publisher\":{\"@id\":\"https:\\\/\\\/globe-europe.nl\\\/#organization\"},\"potentialAction\":[{\"@type\":\"SearchAction\",\"target\":{\"@type\":\"EntryPoint\",\"urlTemplate\":\"https:\\\/\\\/globe-europe.nl\\\/?s={search_term_string}\"},\"query-input\":{\"@type\":\"PropertyValueSpecification\",\"valueRequired\":true,\"valueName\":\"search_term_string\"}}],\"inLanguage\":\"de\"},{\"@type\":\"Organization\",\"@id\":\"https:\\\/\\\/globe-europe.nl\\\/#organization\",\"name\":\"Globe Europe\",\"url\":\"https:\\\/\\\/globe-europe.nl\\\/\",\"logo\":{\"@type\":\"ImageObject\",\"inLanguage\":\"de\",\"@id\":\"https:\\\/\\\/globe-europe.nl\\\/#\\\/schema\\\/logo\\\/image\\\/\",\"url\":\"https:\\\/\\\/globe-europe.nl\\\/wp-content\\\/uploads\\\/2025\\\/02\\\/GLOBE-LOGO-WEB-GROOT.png\",\"contentUrl\":\"https:\\\/\\\/globe-europe.nl\\\/wp-content\\\/uploads\\\/2025\\\/02\\\/GLOBE-LOGO-WEB-GROOT.png\",\"width\":938,\"height\":404,\"caption\":\"Globe Europe\"},\"image\":{\"@id\":\"https:\\\/\\\/globe-europe.nl\\\/#\\\/schema\\\/logo\\\/image\\\/\"}}]}<\/script>\n<!-- \/ Yoast SEO plugin. -->","yoast_head_json":{"title":"Eggenberg TOP F\u00e4cherscheibe konisch | INOX &amp; Stahl | K40\/60\/80 - Globe Europe","description":"Eggenberg TOP konische F\u00e4cherscheibe 125mm mit Zirkonkorn. Ideal f\u00fcr Edelstahl und Stahl. Hohe Standzeit, aggressive Schleifleistung. In K40, K60 &amp; K80.","robots":{"index":"index","follow":"follow","max-snippet":"max-snippet:-1","max-image-preview":"max-image-preview:large","max-video-preview":"max-video-preview:-1"},"canonical":"https:\/\/globe-europe.nl\/de\/produkt\/eggenberg-top-lamellenscheibe-konisch-zirkon-125mm-inox-stahl-k40-60-80\/","og_locale":"de_DE","og_type":"article","og_title":"Eggenberg TOP Lamellenschijf Conisch | INOX & Staal | K40\/60\/80 - Globe Europe","og_description":"Eggenberg TOP conische lamellenschijf 125mm met zirkonium korrel. Ideaal voor RVS en staal. Hoge standtijd, agressieve schuurkracht. In K40, K60 & K80.","og_url":"https:\/\/globe-europe.nl\/de\/produkt\/eggenberg-top-lamellenscheibe-konisch-zirkon-125mm-inox-stahl-k40-60-80\/","og_site_name":"Globe Europe","article_modified_time":"2026-02-27T10:24:53+00:00","og_image":[{"width":700,"height":700,"url":"https:\/\/globe-europe.nl\/wp-content\/uploads\/2025\/02\/EGGENBERG-TOP-CON2.png","type":"image\/png"}],"twitter_card":"summary_large_image","twitter_misc":{"Gesch\u00e4tzte Lesezeit":"3\u00a0Minuten"},"schema":{"@context":"https:\/\/schema.org","@graph":[{"@type":"WebPage","@id":"https:\/\/globe-europe.nl\/product\/eggenberg-top-lamellenschijf-conisch-zirkonium-125mm-inox-staal-k40-60-80-3\/","url":"https:\/\/globe-europe.nl\/product\/eggenberg-top-lamellenschijf-conisch-zirkonium-125mm-inox-staal-k40-60-80-3\/","name":"Eggenberg TOP F\u00e4cherscheibe konisch | INOX &amp; Stahl | K40\/60\/80 - Globe Europe","isPartOf":{"@id":"https:\/\/globe-europe.nl\/#website"},"primaryImageOfPage":{"@id":"https:\/\/globe-europe.nl\/product\/eggenberg-top-lamellenschijf-conisch-zirkonium-125mm-inox-staal-k40-60-80-3\/#primaryimage"},"image":{"@id":"https:\/\/globe-europe.nl\/product\/eggenberg-top-lamellenschijf-conisch-zirkonium-125mm-inox-staal-k40-60-80-3\/#primaryimage"},"thumbnailUrl":"https:\/\/globe-europe.nl\/wp-content\/uploads\/2025\/02\/EGGENBERG-TOP-CON2.png","datePublished":"2025-02-04T11:10:53+00:00","dateModified":"2026-02-27T10:24:53+00:00","description":"Eggenberg TOP konische F\u00e4cherscheibe 125mm mit Zirkonkorn. Ideal f\u00fcr Edelstahl und Stahl. Hohe Standzeit, aggressive Schleifleistung. In K40, K60 &amp; K80.","breadcrumb":{"@id":"https:\/\/globe-europe.nl\/product\/eggenberg-top-lamellenschijf-conisch-zirkonium-125mm-inox-staal-k40-60-80-3\/#breadcrumb"},"inLanguage":"de","potentialAction":[{"@type":"ReadAction","target":["https:\/\/globe-europe.nl\/product\/eggenberg-top-lamellenschijf-conisch-zirkonium-125mm-inox-staal-k40-60-80-3\/"]}]},{"@type":"ImageObject","inLanguage":"de","@id":"https:\/\/globe-europe.nl\/product\/eggenberg-top-lamellenschijf-conisch-zirkonium-125mm-inox-staal-k40-60-80-3\/#primaryimage","url":"https:\/\/globe-europe.nl\/wp-content\/uploads\/2025\/02\/EGGENBERG-TOP-CON2.png","contentUrl":"https:\/\/globe-europe.nl\/wp-content\/uploads\/2025\/02\/EGGENBERG-TOP-CON2.png","width":700,"height":700},{"@type":"BreadcrumbList","@id":"https:\/\/globe-europe.nl\/product\/eggenberg-top-lamellenschijf-conisch-zirkonium-125mm-inox-staal-k40-60-80-3\/#breadcrumb","itemListElement":[{"@type":"ListItem","position":1,"name":"Home","item":"https:\/\/globe-europe.nl\/"},{"@type":"ListItem","position":2,"name":"Winkel","item":"https:\/\/globe-europe.nl\/winkel\/"},{"@type":"ListItem","position":3,"name":"Eggenberg TOP Lamellenschijf Conisch Zirkonium 125mm INOX\/Staal \u2013 K40\/60\/80"}]},{"@type":"WebSite","@id":"https:\/\/globe-europe.nl\/#website","url":"https:\/\/globe-europe.nl\/","name":"Globe Europe","description":"","publisher":{"@id":"https:\/\/globe-europe.nl\/#organization"},"potentialAction":[{"@type":"SearchAction","target":{"@type":"EntryPoint","urlTemplate":"https:\/\/globe-europe.nl\/?s={search_term_string}"},"query-input":{"@type":"PropertyValueSpecification","valueRequired":true,"valueName":"search_term_string"}}],"inLanguage":"de"},{"@type":"Organization","@id":"https:\/\/globe-europe.nl\/#organization","name":"Globe Europe","url":"https:\/\/globe-europe.nl\/","logo":{"@type":"ImageObject","inLanguage":"de","@id":"https:\/\/globe-europe.nl\/#\/schema\/logo\/image\/","url":"https:\/\/globe-europe.nl\/wp-content\/uploads\/2025\/02\/GLOBE-LOGO-WEB-GROOT.png","contentUrl":"https:\/\/globe-europe.nl\/wp-content\/uploads\/2025\/02\/GLOBE-LOGO-WEB-GROOT.png","width":938,"height":404,"caption":"Globe Europe"},"image":{"@id":"https:\/\/globe-europe.nl\/#\/schema\/logo\/image\/"}}]}},"_links":{"self":[{"href":"https:\/\/globe-europe.nl\/de\/wp-json\/wp\/v2\/product\/1256","targetHints":{"allow":["GET"]}}],"collection":[{"href":"https:\/\/globe-europe.nl\/de\/wp-json\/wp\/v2\/product"}],"about":[{"href":"https:\/\/globe-europe.nl\/de\/wp-json\/wp\/v2\/types\/product"}],"replies":[{"embeddable":true,"href":"https:\/\/globe-europe.nl\/de\/wp-json\/wp\/v2\/comments?post=1256"}],"wp:featuredmedia":[{"embeddable":true,"href":"https:\/\/globe-europe.nl\/de\/wp-json\/wp\/v2\/media\/601"}],"wp:attachment":[{"href":"https:\/\/globe-europe.nl\/de\/wp-json\/wp\/v2\/media?parent=1256"}],"wp:term":[{"taxonomy":"product_brand","embeddable":true,"href":"https:\/\/globe-europe.nl\/de\/wp-json\/wp\/v2\/product_brand?post=1256"},{"taxonomy":"product_cat","embeddable":true,"href":"https:\/\/globe-europe.nl\/de\/wp-json\/wp\/v2\/product_cat?post=1256"},{"taxonomy":"product_tag","embeddable":true,"href":"https:\/\/globe-europe.nl\/de\/wp-json\/wp\/v2\/product_tag?post=1256"}],"curies":[{"name":"wp","href":"https:\/\/api.w.org\/{rel}","templated":true}]}}