{"id":156,"date":"2025-02-04T08:49:52","date_gmt":"2025-02-04T08:49:52","guid":{"rendered":"https:\/\/globe-europe.nl\/product\/eggenberg-ibs75-bandschuurmachine-industriele-75x2000mm-3000w-400v\/"},"modified":"2026-04-06T20:18:58","modified_gmt":"2026-04-06T20:18:58","slug":"eggenberg-ibs75-bandschleifer-industriell-75x2000mm-3000w-400v","status":"publish","type":"product","link":"https:\/\/globe-europe.nl\/de\/product\/eggenberg-ibs75-bandschuurmachine-industriele-75x2000mm-3000w-400v\/","title":{"rendered":"Eggenberg IBS75 Bandschleifmaschine | Industrie | 75x2000mm | 3000W | 400V"},"content":{"rendered":"<h2><span style=\"font-size: 21px;\"><strong>Eigenschaften Eggenberg IBS75 Bandschleifmaschine Industrie - 75x2000mm - 3000W - 400V<\/strong><\/span><\/h2>\n<p>Der Eggenberg Bandschleifer IBS75 ist von hervorragender Qualit\u00e4t, so dass Sie sich \u00fcber Qualit\u00e4ts- und\/oder Sicherheitsprobleme absolut keine Sorgen machen m\u00fcssen. So verf\u00fcgt der Eggenberg Bandschleifer \u00fcber einen Schutz an rotierenden Teilen, ist aus hochwertigen Komponenten gefertigt, verf\u00fcgt \u00fcber einen Not-Aus-Schalter und andere unverzichtbare und dar\u00fcber hinaus obligatorische Einstellungen, um Ihren Arbeitsplatz sicher zu halten.<\/p>\n<ul>\n<li><strong>\"Schnelles Umsteigen\"<\/strong>-System f\u00fcr einfachen und schnellen Reifenwechsel<\/li>\n<li>Kontaktscheibe mit vulkanisiertem Gummibelag<\/li>\n<li>Stufenlos einstellbarer\/kippbarer Schleifbandmechanismus<\/li>\n<li>Transparenter Schutz gegen Funkenflug<\/li>\n<li>Ausrichtmechanismus zur Zentrierung des Schleifbandes<\/li>\n<li>Leistungsstarker und leiser Induktionsmotor<\/li>\n<li>Erf\u00fcllt CE-Normen<\/li>\n<li>Herausnehmbare Auffangschale<\/li>\n<li>Robustes und zuverl\u00e4ssiges Riemenspannsystem<\/li>\n<li>START-STOP-Schalter mit Anti-Reset-Funktion mit abschlie\u00dfbarem Pilzknopf<\/li>\n<li>Obere Schleiffl\u00e4che durch Klappe abschlie\u00dfbar f\u00fcr optimale Sicherheit<\/li>\n<li>Stecker 400V 16A mit Phasenwechsler<\/li>\n<\/ul>\n<p><span style=\"text-decoration: underline;\"><em>Vorteile der Eggenberg Bandschleifmaschine IBS75 gegen\u00fcber der Konkurrenz:<\/em><\/span><\/p>\n<ul>\n<li>Not-Aus auf Knopfdruck!<br \/>\nIn vielen F\u00e4llen ist er weiter vom Benutzer entfernt, so dass die Maschine m\u00f6glicherweise zu einem sp\u00e4teren Zeitpunkt als n\u00f6tig zum Stillstand kommt.<\/li>\n<li>Metallzifferblatt zum Einstellen der Position des Gurtes. Wettbewerber verwenden Kunststoffteile, die leicht brechen.<\/li>\n<li>Antriebsrad aus Aluminium mit Qualit\u00e4tslagern.<\/li>\n<li>Ausgestattet mit einer Dunstabzugshaube an der Vorderseite und einem Dunstabzug an der R\u00fcckseite.<br \/>\nDurch die M\u00fcndungen kann diese Einheit an eine Absauganlage angeschlossen werden<\/li>\n<li>Eggenberg ist st\u00e4ndig auf der Suche nach den richtigen Komponenten, um dem Anwender auch weiterhin einen fairen &amp; richtigen Preis zu bieten.<\/li>\n<\/ul>\n<h3><strong>Technische Daten<\/strong><\/h3>\n<ul>\n<li>Leistung - 3000 Watt<\/li>\n<li>Spannung - 400 V<\/li>\n<li>Drehzahl - 2800 U\/min<\/li>\n<li>Bandgeschwindigkeit - 30 m\/sec<\/li>\n<li>Bandgr\u00f6\u00dfe - 75 \u00d7 2000 mm<\/li>\n<li>Schleiffl\u00e4che des Tisches - 460 \u00d7 75 mm<\/li>\n<li>Abmessungen (LxBxH) - 1000 x 480 x 580 mm<\/li>\n<li>Durchmesser der Extraktion - 60-100 mm<\/li>\n<li>Gewicht - 79 kg<\/li>\n<\/ul>\n<h3><strong>Umfang der Lieferung<\/strong><\/h3>\n<ul>\n<li>Eggenberg IBS75 Bandschleifmaschine Industrie - 75x2000mm - 3000W - 400V<\/li>\n<li>Inkl.\u00a0<strong>2x<\/strong>\u00a0Zirkoniumdioxid-Schleifband -\u00a0<strong>K60 &amp; K80<\/strong><\/li>\n<\/ul>","protected":false},"excerpt":{"rendered":"<ul>\n<li><strong>Leistungsstarker 3000W Induktionsmotor<\/strong> - robust, leise und zuverl\u00e4ssig f\u00fcr den industriellen Einsatz<\/li>\n<li><strong>Schnelle und einfache Umstellung<\/strong> - \"Quick Change\"-System f\u00fcr einen effizienten Reifenwechsel<\/li>\n<li><strong>Einstellbarer Schleifbandmechanismus<\/strong> - Stufenlos kippbar f\u00fcr Flexibilit\u00e4t bei der Verarbeitung<\/li>\n<li><strong>Ergonomisch optimiert<\/strong> - verbesserte Stabilit\u00e4t und geringere Belastung f\u00fcr den Benutzer<\/li>\n<li><strong>Optimale Sicherheit<\/strong> - Not-Aus in Griffn\u00e4he und transparente Funkenkappe<\/li>\n<li><strong>Auszugsbereit<\/strong> - Absaugstutzen an der Vorder- und R\u00fcckseite f\u00fcr staubfreies Arbeiten<\/li>\n<\/ul>","protected":false},"featured_media":155,"comment_status":"open","ping_status":"closed","template":"","meta":[],"product_brand":[22],"product_cat":[21,18],"product_tag":[],"class_list":{"0":"post-156","1":"product","2":"type-product","3":"status-publish","4":"has-post-thumbnail","6":"product_brand-eggenberg","7":"product_cat-bandschuurmachine","8":"product_cat-machines","10":"first","11":"instock","12":"shipping-taxable","13":"product-type-simple"},"ct_brands":[{"id":22,"name":"EGGENBERG","slug":"eggenberg"}],"yoast_head":"<!-- This site is optimized with the Yoast SEO plugin v27.3 - https:\/\/yoast.com\/product\/yoast-seo-wordpress\/ -->\n<title>Eggenberg IBS75 Bandschuurmachine | Industrieel | 400V - Globe Europe<\/title>\n<meta name=\"description\" content=\"Eggenberg IBS75 Bandschuurmachine met krachtige 3000W motor. Traploos verstelbaar en ergonomisch ontworpen voor minimale belasting.\" \/>\n<meta name=\"robots\" content=\"index, follow, max-snippet:-1, max-image-preview:large, max-video-preview:-1\" \/>\n<link rel=\"canonical\" href=\"https:\/\/globe-europe.nl\/de\/produkt\/eggenberg-ibs75-bandschleifer-industriell-75x2000mm-3000w-400v\/\" \/>\n<meta property=\"og:locale\" content=\"de_DE\" \/>\n<meta property=\"og:type\" content=\"article\" \/>\n<meta property=\"og:title\" content=\"Eggenberg IBS75 Bandschuurmachine | Industrieel | 400V - Globe Europe\" \/>\n<meta property=\"og:description\" content=\"Eggenberg IBS75 Bandschuurmachine met krachtige 3000W motor. Traploos verstelbaar en ergonomisch ontworpen voor minimale belasting.\" \/>\n<meta property=\"og:url\" content=\"https:\/\/globe-europe.nl\/de\/produkt\/eggenberg-ibs75-bandschleifer-industriell-75x2000mm-3000w-400v\/\" \/>\n<meta property=\"og:site_name\" content=\"Globe Europe\" \/>\n<meta property=\"article:modified_time\" content=\"2026-04-06T20:18:58+00:00\" \/>\n<meta property=\"og:image\" content=\"https:\/\/globe-europe.nl\/wp-content\/uploads\/2025\/02\/Artboard-4.png\" \/>\n\t<meta property=\"og:image:width\" content=\"700\" \/>\n\t<meta property=\"og:image:height\" content=\"700\" \/>\n\t<meta property=\"og:image:type\" content=\"image\/png\" \/>\n<meta name=\"twitter:card\" content=\"summary_large_image\" \/>\n<meta name=\"twitter:label1\" content=\"Gesch\u00e4tzte Lesezeit\" \/>\n\t<meta name=\"twitter:data1\" content=\"2\u00a0Minuten\" \/>\n<script type=\"application\/ld+json\" class=\"yoast-schema-graph\">{\"@context\":\"https:\\\/\\\/schema.org\",\"@graph\":[{\"@type\":\"WebPage\",\"@id\":\"https:\\\/\\\/globe-europe.nl\\\/product\\\/eggenberg-ibs75-bandschuurmachine-industriele-75x2000mm-3000w-400v\\\/\",\"url\":\"https:\\\/\\\/globe-europe.nl\\\/product\\\/eggenberg-ibs75-bandschuurmachine-industriele-75x2000mm-3000w-400v\\\/\",\"name\":\"Eggenberg IBS75 Bandschuurmachine | Industrieel | 400V - Globe Europe\",\"isPartOf\":{\"@id\":\"https:\\\/\\\/globe-europe.nl\\\/#website\"},\"primaryImageOfPage\":{\"@id\":\"https:\\\/\\\/globe-europe.nl\\\/product\\\/eggenberg-ibs75-bandschuurmachine-industriele-75x2000mm-3000w-400v\\\/#primaryimage\"},\"image\":{\"@id\":\"https:\\\/\\\/globe-europe.nl\\\/product\\\/eggenberg-ibs75-bandschuurmachine-industriele-75x2000mm-3000w-400v\\\/#primaryimage\"},\"thumbnailUrl\":\"https:\\\/\\\/globe-europe.nl\\\/wp-content\\\/uploads\\\/2025\\\/02\\\/Artboard-4.png\",\"datePublished\":\"2025-02-04T08:49:52+00:00\",\"dateModified\":\"2026-04-06T20:18:58+00:00\",\"description\":\"Eggenberg IBS75 Bandschuurmachine met krachtige 3000W motor. Traploos verstelbaar en ergonomisch ontworpen voor minimale belasting.\",\"breadcrumb\":{\"@id\":\"https:\\\/\\\/globe-europe.nl\\\/product\\\/eggenberg-ibs75-bandschuurmachine-industriele-75x2000mm-3000w-400v\\\/#breadcrumb\"},\"inLanguage\":\"de\",\"potentialAction\":[{\"@type\":\"ReadAction\",\"target\":[\"https:\\\/\\\/globe-europe.nl\\\/product\\\/eggenberg-ibs75-bandschuurmachine-industriele-75x2000mm-3000w-400v\\\/\"]}]},{\"@type\":\"ImageObject\",\"inLanguage\":\"de\",\"@id\":\"https:\\\/\\\/globe-europe.nl\\\/product\\\/eggenberg-ibs75-bandschuurmachine-industriele-75x2000mm-3000w-400v\\\/#primaryimage\",\"url\":\"https:\\\/\\\/globe-europe.nl\\\/wp-content\\\/uploads\\\/2025\\\/02\\\/Artboard-4.png\",\"contentUrl\":\"https:\\\/\\\/globe-europe.nl\\\/wp-content\\\/uploads\\\/2025\\\/02\\\/Artboard-4.png\",\"width\":700,\"height\":700},{\"@type\":\"BreadcrumbList\",\"@id\":\"https:\\\/\\\/globe-europe.nl\\\/product\\\/eggenberg-ibs75-bandschuurmachine-industriele-75x2000mm-3000w-400v\\\/#breadcrumb\",\"itemListElement\":[{\"@type\":\"ListItem\",\"position\":1,\"name\":\"Home\",\"item\":\"https:\\\/\\\/globe-europe.nl\\\/\"},{\"@type\":\"ListItem\",\"position\":2,\"name\":\"Winkel\",\"item\":\"https:\\\/\\\/globe-europe.nl\\\/winkel\\\/\"},{\"@type\":\"ListItem\",\"position\":3,\"name\":\"Eggenberg IBS75 Bandschuurmachine | Industrieel | 75x2000mm | 3000W | 400V\"}]},{\"@type\":\"WebSite\",\"@id\":\"https:\\\/\\\/globe-europe.nl\\\/#website\",\"url\":\"https:\\\/\\\/globe-europe.nl\\\/\",\"name\":\"Globe Europe\",\"description\":\"\",\"publisher\":{\"@id\":\"https:\\\/\\\/globe-europe.nl\\\/#organization\"},\"potentialAction\":[{\"@type\":\"SearchAction\",\"target\":{\"@type\":\"EntryPoint\",\"urlTemplate\":\"https:\\\/\\\/globe-europe.nl\\\/?s={search_term_string}\"},\"query-input\":{\"@type\":\"PropertyValueSpecification\",\"valueRequired\":true,\"valueName\":\"search_term_string\"}}],\"inLanguage\":\"de\"},{\"@type\":\"Organization\",\"@id\":\"https:\\\/\\\/globe-europe.nl\\\/#organization\",\"name\":\"Globe Europe\",\"url\":\"https:\\\/\\\/globe-europe.nl\\\/\",\"logo\":{\"@type\":\"ImageObject\",\"inLanguage\":\"de\",\"@id\":\"https:\\\/\\\/globe-europe.nl\\\/#\\\/schema\\\/logo\\\/image\\\/\",\"url\":\"https:\\\/\\\/globe-europe.nl\\\/wp-content\\\/uploads\\\/2025\\\/02\\\/GLOBE-LOGO-WEB-GROOT.png\",\"contentUrl\":\"https:\\\/\\\/globe-europe.nl\\\/wp-content\\\/uploads\\\/2025\\\/02\\\/GLOBE-LOGO-WEB-GROOT.png\",\"width\":938,\"height\":404,\"caption\":\"Globe Europe\"},\"image\":{\"@id\":\"https:\\\/\\\/globe-europe.nl\\\/#\\\/schema\\\/logo\\\/image\\\/\"}}]}<\/script>\n<!-- \/ Yoast SEO plugin. -->","yoast_head_json":{"title":"Eggenberg IBS75 Bandschleifmaschine | Industrie | 400V - Globe Europe","description":"Eggenberg Bandschleifer IBS75 mit leistungsstarkem 3000W Motor. Stufenlos einstellbar und ergonomisch gestaltet f\u00fcr minimale Belastung.","robots":{"index":"index","follow":"follow","max-snippet":"max-snippet:-1","max-image-preview":"max-image-preview:large","max-video-preview":"max-video-preview:-1"},"canonical":"https:\/\/globe-europe.nl\/de\/produkt\/eggenberg-ibs75-bandschleifer-industriell-75x2000mm-3000w-400v\/","og_locale":"de_DE","og_type":"article","og_title":"Eggenberg IBS75 Bandschuurmachine | Industrieel | 400V - Globe Europe","og_description":"Eggenberg IBS75 Bandschuurmachine met krachtige 3000W motor. Traploos verstelbaar en ergonomisch ontworpen voor minimale belasting.","og_url":"https:\/\/globe-europe.nl\/de\/produkt\/eggenberg-ibs75-bandschleifer-industriell-75x2000mm-3000w-400v\/","og_site_name":"Globe Europe","article_modified_time":"2026-04-06T20:18:58+00:00","og_image":[{"width":700,"height":700,"url":"https:\/\/globe-europe.nl\/wp-content\/uploads\/2025\/02\/Artboard-4.png","type":"image\/png"}],"twitter_card":"summary_large_image","twitter_misc":{"Gesch\u00e4tzte Lesezeit":"2\u00a0Minuten"},"schema":{"@context":"https:\/\/schema.org","@graph":[{"@type":"WebPage","@id":"https:\/\/globe-europe.nl\/product\/eggenberg-ibs75-bandschuurmachine-industriele-75x2000mm-3000w-400v\/","url":"https:\/\/globe-europe.nl\/product\/eggenberg-ibs75-bandschuurmachine-industriele-75x2000mm-3000w-400v\/","name":"Eggenberg IBS75 Bandschleifmaschine | Industrie | 400V - Globe Europe","isPartOf":{"@id":"https:\/\/globe-europe.nl\/#website"},"primaryImageOfPage":{"@id":"https:\/\/globe-europe.nl\/product\/eggenberg-ibs75-bandschuurmachine-industriele-75x2000mm-3000w-400v\/#primaryimage"},"image":{"@id":"https:\/\/globe-europe.nl\/product\/eggenberg-ibs75-bandschuurmachine-industriele-75x2000mm-3000w-400v\/#primaryimage"},"thumbnailUrl":"https:\/\/globe-europe.nl\/wp-content\/uploads\/2025\/02\/Artboard-4.png","datePublished":"2025-02-04T08:49:52+00:00","dateModified":"2026-04-06T20:18:58+00:00","description":"Eggenberg Bandschleifer IBS75 mit leistungsstarkem 3000W Motor. Stufenlos einstellbar und ergonomisch gestaltet f\u00fcr minimale Belastung.","breadcrumb":{"@id":"https:\/\/globe-europe.nl\/product\/eggenberg-ibs75-bandschuurmachine-industriele-75x2000mm-3000w-400v\/#breadcrumb"},"inLanguage":"de","potentialAction":[{"@type":"ReadAction","target":["https:\/\/globe-europe.nl\/product\/eggenberg-ibs75-bandschuurmachine-industriele-75x2000mm-3000w-400v\/"]}]},{"@type":"ImageObject","inLanguage":"de","@id":"https:\/\/globe-europe.nl\/product\/eggenberg-ibs75-bandschuurmachine-industriele-75x2000mm-3000w-400v\/#primaryimage","url":"https:\/\/globe-europe.nl\/wp-content\/uploads\/2025\/02\/Artboard-4.png","contentUrl":"https:\/\/globe-europe.nl\/wp-content\/uploads\/2025\/02\/Artboard-4.png","width":700,"height":700},{"@type":"BreadcrumbList","@id":"https:\/\/globe-europe.nl\/product\/eggenberg-ibs75-bandschuurmachine-industriele-75x2000mm-3000w-400v\/#breadcrumb","itemListElement":[{"@type":"ListItem","position":1,"name":"Home","item":"https:\/\/globe-europe.nl\/"},{"@type":"ListItem","position":2,"name":"Winkel","item":"https:\/\/globe-europe.nl\/winkel\/"},{"@type":"ListItem","position":3,"name":"Eggenberg IBS75 Bandschuurmachine | Industrieel | 75x2000mm | 3000W | 400V"}]},{"@type":"WebSite","@id":"https:\/\/globe-europe.nl\/#website","url":"https:\/\/globe-europe.nl\/","name":"Globe Europe","description":"","publisher":{"@id":"https:\/\/globe-europe.nl\/#organization"},"potentialAction":[{"@type":"SearchAction","target":{"@type":"EntryPoint","urlTemplate":"https:\/\/globe-europe.nl\/?s={search_term_string}"},"query-input":{"@type":"PropertyValueSpecification","valueRequired":true,"valueName":"search_term_string"}}],"inLanguage":"de"},{"@type":"Organization","@id":"https:\/\/globe-europe.nl\/#organization","name":"Globe Europe","url":"https:\/\/globe-europe.nl\/","logo":{"@type":"ImageObject","inLanguage":"de","@id":"https:\/\/globe-europe.nl\/#\/schema\/logo\/image\/","url":"https:\/\/globe-europe.nl\/wp-content\/uploads\/2025\/02\/GLOBE-LOGO-WEB-GROOT.png","contentUrl":"https:\/\/globe-europe.nl\/wp-content\/uploads\/2025\/02\/GLOBE-LOGO-WEB-GROOT.png","width":938,"height":404,"caption":"Globe Europe"},"image":{"@id":"https:\/\/globe-europe.nl\/#\/schema\/logo\/image\/"}}]}},"_links":{"self":[{"href":"https:\/\/globe-europe.nl\/de\/wp-json\/wp\/v2\/product\/156","targetHints":{"allow":["GET"]}}],"collection":[{"href":"https:\/\/globe-europe.nl\/de\/wp-json\/wp\/v2\/product"}],"about":[{"href":"https:\/\/globe-europe.nl\/de\/wp-json\/wp\/v2\/types\/product"}],"replies":[{"embeddable":true,"href":"https:\/\/globe-europe.nl\/de\/wp-json\/wp\/v2\/comments?post=156"}],"wp:featuredmedia":[{"embeddable":true,"href":"https:\/\/globe-europe.nl\/de\/wp-json\/wp\/v2\/media\/155"}],"wp:attachment":[{"href":"https:\/\/globe-europe.nl\/de\/wp-json\/wp\/v2\/media?parent=156"}],"wp:term":[{"taxonomy":"product_brand","embeddable":true,"href":"https:\/\/globe-europe.nl\/de\/wp-json\/wp\/v2\/product_brand?post=156"},{"taxonomy":"product_cat","embeddable":true,"href":"https:\/\/globe-europe.nl\/de\/wp-json\/wp\/v2\/product_cat?post=156"},{"taxonomy":"product_tag","embeddable":true,"href":"https:\/\/globe-europe.nl\/de\/wp-json\/wp\/v2\/product_tag?post=156"}],"curies":[{"name":"wp","href":"https:\/\/api.w.org\/{rel}","templated":true}]}}