{"id":1637,"date":"2025-02-06T09:47:03","date_gmt":"2025-02-06T09:47:03","guid":{"rendered":"https:\/\/globe-europe.nl\/product\/geka-elit-e-6013-laselektrode-350-mm-25-kg-per-koker\/"},"modified":"2025-02-18T10:24:21","modified_gmt":"2025-02-18T10:24:21","slug":"geka-elit-e6013-schweisselektrode-350mm-2-5kg-pro-rohr","status":"publish","type":"product","link":"https:\/\/globe-europe.nl\/de\/product\/geka-elit-e-6013-laselektrode-350-mm-25-kg-per-koker\/","title":{"rendered":"GeKa ELIT-E 6013 Schwei\u00dfelektrode 350 mm - 2,5 Kg pro Rohr"},"content":{"rendered":"<h2><strong><span style=\"font-size: 20px;\">Eigenschaften GeKa ELIT-E 6013 Schwei\u00dfelektrode 350 mm - 2,5 kg pro H\u00fclse<\/span><\/strong><\/h2>\n<p><strong>Verwendung und Funktionen<\/strong><\/p>\n<ul>\n<li>Die ELIT-Schwei\u00dfelektrode ist einfach zu schwei\u00dfen<\/li>\n<li>Der h\u00e4ufigste Typ unter den Rutilelektroden<\/li>\n<li>Geringf\u00fcgiges Spritzen und Rauchen<\/li>\n<li>Universeller Schwei\u00dfauftrag, geeignet f\u00fcr eine Vielzahl von Schwei\u00dfaufgaben<\/li>\n<li>Die ELIT-Elektrode ist dick beschichtet<\/li>\n<\/ul>\n<p><strong>Schwei\u00dfbare Materialklassen<\/strong><\/p>\n<ul class=\"g_list\">\n<li>S235JR, S275JR, S235J2G3-S355J2G3, S235JRS1 - S235J2S1, S235JRS2 - S235J2S2, S235JRS1 - S235J2S1, S235JRS2 - S235J2S2<\/li>\n<li>P235GH, P265GH, P255NH, P235T1 - P355T1, P235T2 - P355T2, P235G1TH, P255G1TH<\/li>\n<li>L210 - L360NB<\/li>\n<\/ul>\n<h3><strong>Technische Daten<\/strong><\/h3>\n<p><strong>Normen<\/strong><\/p>\n<table class=\"table table-bordered table-striped table-hover\" border=\"0\">\n<tbody>\n<tr>\n<th>TS UND ISO 2560-A<\/th>\n<td>E 42 0 RR 1 2<\/td>\n<\/tr>\n<tr>\n<th>EN ISO 2560-A<\/th>\n<td>E 42 0 RR 1 2<\/td>\n<\/tr>\n<tr>\n<th>AWS A5.1<\/th>\n<td>E6013<\/td>\n<\/tr>\n<\/tbody>\n<\/table>\n<p>&nbsp;<\/p>\n<p><strong>Chemische Zusammensetzung von Schwei\u00dfdraht %<\/strong><\/p>\n<table class=\"table table-bordered table-striped table-hover\" border=\"0\">\n<tbody>\n<tr>\n<th>C<\/th>\n<td>0,07<\/td>\n<\/tr>\n<tr>\n<th>Si<\/th>\n<td>0,3<\/td>\n<\/tr>\n<tr>\n<th>Mn<\/th>\n<td>0,5<\/td>\n<\/tr>\n<\/tbody>\n<\/table>\n<p>&nbsp;<\/p>\n<p><strong>Mechanische Eigenschaften<\/strong><\/p>\n<table class=\"table table-bordered table-striped table-hover\" border=\"0\" width=\"100%\">\n<tbody>\n<tr>\n<th>Streckgrenze (N\/mm\u00b2)<\/th>\n<th>Zugfestigkeit (N\/mm\u00b2)<\/th>\n<th>Schlagfestigkeit (ISO-V\/ 0\u00b0C)<\/th>\n<th>Erweiterung ((Lo=5do) (%))<\/th>\n<\/tr>\n<tr>\n<td>min. 420<\/td>\n<td>510-610<\/td>\n<td>min. 47 J<\/td>\n<td>min. 22<\/td>\n<\/tr>\n<\/tbody>\n<\/table>\n<p>&nbsp;<\/p>\n<p><strong><span style=\"font-size: 16px;\">Aktueller Typ<\/span><\/strong><\/p>\n<ul class=\"g_list\">\n<li>AC<\/li>\n<li>Gleichstrom(-)<\/li>\n<\/ul>\n<p>&nbsp;<\/p>\n<h3><strong>Umfang der Lieferung<\/strong><\/h3>\n<ul>\n<li>Pro stabilem Kunststoffrohr<\/li>\n<li>Inklusive Zertifikate<\/li>\n<\/ul>\n<p><em><strong>Bescheinigungen<\/strong><\/em><\/p>\n<p><a href=\"https:\/\/bjctools.nl\/wp-content\/uploads\/2023\/02\/GeKaMac-ELIT-E-6013-2.5-mm.pdf\" target=\"_blank\" rel=\"noopener\"><span style=\"color: #000;\"><img decoding=\"async\" src=\"https:\/\/bjctools.nl\/wp-content\/uploads\/2018\/07\/pdf.png\" \/><br \/>\nELIT-E 6013 - 2,5 mm<br \/>\n<\/span><\/a><\/p>\n<p><a href=\"https:\/\/bjctools.nl\/wp-content\/uploads\/2023\/02\/GeKaMac-ELIT-E-6013-3.2-mm.pdf\" target=\"_blank\" rel=\"noopener\"><span style=\"color: #000;\"><img decoding=\"async\" src=\"https:\/\/bjctools.nl\/wp-content\/uploads\/2018\/07\/pdf.png\" \/><br \/>\n<\/span><\/a><a href=\"https:\/\/bjctools.nl\/wp-content\/uploads\/2023\/02\/GeKaMac-ELIT-E-6013-3.2-mm.pdf\"><span style=\"color: #000;\">ELIT-E 6013 - 3,2 mm<\/span><\/a><a href=\"https:\/\/bjctools.nl\/wp-content\/uploads\/2023\/02\/GeKaMac-ELIT-E-6013-3.2-mm.pdf\" target=\"_blank\" rel=\"noopener\"><span style=\"color: #000;\"><br \/>\n<\/span><\/a><\/p>","protected":false},"excerpt":{"rendered":"<p><strong>Positionen beim Schwei\u00dfen<\/strong><\/p>\n<p><img loading=\"lazy\" decoding=\"async\" class=\"alignnone wp-image-411117\" src=\"https:\/\/bjctools.nl\/wp-content\/uploads\/2023\/02\/Knipsel-1.png\" alt=\"\" width=\"789\" height=\"102\" \/><\/p>","protected":false},"featured_media":2389,"comment_status":"open","ping_status":"closed","template":"","meta":[],"product_brand":[326],"product_cat":[28,338,340],"product_tag":[],"class_list":{"0":"post-1637","1":"product","2":"type-product","3":"status-publish","4":"has-post-thumbnail","6":"product_brand-geka","7":"product_cat-lasbenodigdheden","8":"product_cat-laselektroden","9":"product_cat-mma-elektroden","11":"first","12":"instock","13":"shipping-taxable","14":"product-type-simple"},"ct_brands":[{"id":326,"name":"GEKA","slug":"geka"}],"yoast_head":"<!-- This site is optimized with the Yoast SEO plugin v27.3 - https:\/\/yoast.com\/product\/yoast-seo-wordpress\/ -->\n<title>GeKa ELIT-E 6013 Laselektrode 350 mm \u2013 2,5 Kg | Universeel - Globe Europe<\/title>\n<meta name=\"description\" content=\"GeKa ELIT-E 6013 laselektrode (350 mm, 2,5 kg) met dikke bekleding. Makkelijk verlasbaar, weinig spatten en rookvorming. Voor diverse werkzaamheden.\" \/>\n<meta name=\"robots\" content=\"index, follow, max-snippet:-1, max-image-preview:large, max-video-preview:-1\" \/>\n<link rel=\"canonical\" href=\"https:\/\/globe-europe.nl\/de\/produkt\/geka-elit-e6013-schweisselektrode-350mm-2-5kg-pro-rohr\/\" \/>\n<meta property=\"og:locale\" content=\"de_DE\" \/>\n<meta property=\"og:type\" content=\"article\" \/>\n<meta property=\"og:title\" content=\"GeKa ELIT-E 6013 Laselektrode 350 mm \u2013 2,5 Kg | Universeel - Globe Europe\" \/>\n<meta property=\"og:description\" content=\"GeKa ELIT-E 6013 laselektrode (350 mm, 2,5 kg) met dikke bekleding. Makkelijk verlasbaar, weinig spatten en rookvorming. Voor diverse werkzaamheden.\" \/>\n<meta property=\"og:url\" content=\"https:\/\/globe-europe.nl\/de\/produkt\/geka-elit-e6013-schweisselektrode-350mm-2-5kg-pro-rohr\/\" \/>\n<meta property=\"og:site_name\" content=\"Globe Europe\" \/>\n<meta property=\"article:modified_time\" content=\"2025-02-18T10:24:21+00:00\" \/>\n<meta property=\"og:image\" content=\"https:\/\/globe-europe.nl\/wp-content\/uploads\/2025\/02\/Elektroden-TN-2.png\" \/>\n\t<meta property=\"og:image:width\" content=\"700\" \/>\n\t<meta property=\"og:image:height\" content=\"700\" \/>\n\t<meta property=\"og:image:type\" content=\"image\/png\" \/>\n<meta name=\"twitter:card\" content=\"summary_large_image\" \/>\n<meta name=\"twitter:label1\" content=\"Gesch\u00e4tzte Lesezeit\" \/>\n\t<meta name=\"twitter:data1\" content=\"2\u00a0Minuten\" \/>\n<script type=\"application\/ld+json\" class=\"yoast-schema-graph\">{\"@context\":\"https:\\\/\\\/schema.org\",\"@graph\":[{\"@type\":\"WebPage\",\"@id\":\"https:\\\/\\\/globe-europe.nl\\\/product\\\/geka-elit-e-6013-laselektrode-350-mm-25-kg-per-koker\\\/\",\"url\":\"https:\\\/\\\/globe-europe.nl\\\/product\\\/geka-elit-e-6013-laselektrode-350-mm-25-kg-per-koker\\\/\",\"name\":\"GeKa ELIT-E 6013 Laselektrode 350 mm \u2013 2,5 Kg | Universeel - Globe Europe\",\"isPartOf\":{\"@id\":\"https:\\\/\\\/globe-europe.nl\\\/#website\"},\"primaryImageOfPage\":{\"@id\":\"https:\\\/\\\/globe-europe.nl\\\/product\\\/geka-elit-e-6013-laselektrode-350-mm-25-kg-per-koker\\\/#primaryimage\"},\"image\":{\"@id\":\"https:\\\/\\\/globe-europe.nl\\\/product\\\/geka-elit-e-6013-laselektrode-350-mm-25-kg-per-koker\\\/#primaryimage\"},\"thumbnailUrl\":\"https:\\\/\\\/globe-europe.nl\\\/wp-content\\\/uploads\\\/2025\\\/02\\\/Elektroden-TN-2.png\",\"datePublished\":\"2025-02-06T09:47:03+00:00\",\"dateModified\":\"2025-02-18T10:24:21+00:00\",\"description\":\"GeKa ELIT-E 6013 laselektrode (350 mm, 2,5 kg) met dikke bekleding. Makkelijk verlasbaar, weinig spatten en rookvorming. Voor diverse werkzaamheden.\",\"breadcrumb\":{\"@id\":\"https:\\\/\\\/globe-europe.nl\\\/product\\\/geka-elit-e-6013-laselektrode-350-mm-25-kg-per-koker\\\/#breadcrumb\"},\"inLanguage\":\"de\",\"potentialAction\":[{\"@type\":\"ReadAction\",\"target\":[\"https:\\\/\\\/globe-europe.nl\\\/product\\\/geka-elit-e-6013-laselektrode-350-mm-25-kg-per-koker\\\/\"]}]},{\"@type\":\"ImageObject\",\"inLanguage\":\"de\",\"@id\":\"https:\\\/\\\/globe-europe.nl\\\/product\\\/geka-elit-e-6013-laselektrode-350-mm-25-kg-per-koker\\\/#primaryimage\",\"url\":\"https:\\\/\\\/globe-europe.nl\\\/wp-content\\\/uploads\\\/2025\\\/02\\\/Elektroden-TN-2.png\",\"contentUrl\":\"https:\\\/\\\/globe-europe.nl\\\/wp-content\\\/uploads\\\/2025\\\/02\\\/Elektroden-TN-2.png\",\"width\":700,\"height\":700},{\"@type\":\"BreadcrumbList\",\"@id\":\"https:\\\/\\\/globe-europe.nl\\\/product\\\/geka-elit-e-6013-laselektrode-350-mm-25-kg-per-koker\\\/#breadcrumb\",\"itemListElement\":[{\"@type\":\"ListItem\",\"position\":1,\"name\":\"Home\",\"item\":\"https:\\\/\\\/globe-europe.nl\\\/\"},{\"@type\":\"ListItem\",\"position\":2,\"name\":\"Winkel\",\"item\":\"https:\\\/\\\/globe-europe.nl\\\/winkel\\\/\"},{\"@type\":\"ListItem\",\"position\":3,\"name\":\"GeKa ELIT-E 6013 Laselektrode 350 mm &#8211; 2,5 Kg per koker\"}]},{\"@type\":\"WebSite\",\"@id\":\"https:\\\/\\\/globe-europe.nl\\\/#website\",\"url\":\"https:\\\/\\\/globe-europe.nl\\\/\",\"name\":\"Globe Europe\",\"description\":\"\",\"publisher\":{\"@id\":\"https:\\\/\\\/globe-europe.nl\\\/#organization\"},\"potentialAction\":[{\"@type\":\"SearchAction\",\"target\":{\"@type\":\"EntryPoint\",\"urlTemplate\":\"https:\\\/\\\/globe-europe.nl\\\/?s={search_term_string}\"},\"query-input\":{\"@type\":\"PropertyValueSpecification\",\"valueRequired\":true,\"valueName\":\"search_term_string\"}}],\"inLanguage\":\"de\"},{\"@type\":\"Organization\",\"@id\":\"https:\\\/\\\/globe-europe.nl\\\/#organization\",\"name\":\"Globe Europe\",\"url\":\"https:\\\/\\\/globe-europe.nl\\\/\",\"logo\":{\"@type\":\"ImageObject\",\"inLanguage\":\"de\",\"@id\":\"https:\\\/\\\/globe-europe.nl\\\/#\\\/schema\\\/logo\\\/image\\\/\",\"url\":\"https:\\\/\\\/globe-europe.nl\\\/wp-content\\\/uploads\\\/2025\\\/02\\\/GLOBE-LOGO-WEB-GROOT.png\",\"contentUrl\":\"https:\\\/\\\/globe-europe.nl\\\/wp-content\\\/uploads\\\/2025\\\/02\\\/GLOBE-LOGO-WEB-GROOT.png\",\"width\":938,\"height\":404,\"caption\":\"Globe Europe\"},\"image\":{\"@id\":\"https:\\\/\\\/globe-europe.nl\\\/#\\\/schema\\\/logo\\\/image\\\/\"}}]}<\/script>\n<!-- \/ Yoast SEO plugin. -->","yoast_head_json":{"title":"GeKa ELIT-E 6013 Schwei\u00dfelektrode 350 mm - 2.5 Kg | Universal - Globe Europe","description":"GeKa ELIT-E 6013 Schwei\u00dfelektrode (350 mm, 2,5 kg) mit dicker Umh\u00fcllung. Leicht zu schwei\u00dfen, geringe Spritzer- und Rauchentwicklung. F\u00fcr verschiedene Aufgaben.","robots":{"index":"index","follow":"follow","max-snippet":"max-snippet:-1","max-image-preview":"max-image-preview:large","max-video-preview":"max-video-preview:-1"},"canonical":"https:\/\/globe-europe.nl\/de\/produkt\/geka-elit-e6013-schweisselektrode-350mm-2-5kg-pro-rohr\/","og_locale":"de_DE","og_type":"article","og_title":"GeKa ELIT-E 6013 Laselektrode 350 mm \u2013 2,5 Kg | Universeel - Globe Europe","og_description":"GeKa ELIT-E 6013 laselektrode (350 mm, 2,5 kg) met dikke bekleding. Makkelijk verlasbaar, weinig spatten en rookvorming. Voor diverse werkzaamheden.","og_url":"https:\/\/globe-europe.nl\/de\/produkt\/geka-elit-e6013-schweisselektrode-350mm-2-5kg-pro-rohr\/","og_site_name":"Globe Europe","article_modified_time":"2025-02-18T10:24:21+00:00","og_image":[{"width":700,"height":700,"url":"https:\/\/globe-europe.nl\/wp-content\/uploads\/2025\/02\/Elektroden-TN-2.png","type":"image\/png"}],"twitter_card":"summary_large_image","twitter_misc":{"Gesch\u00e4tzte Lesezeit":"2\u00a0Minuten"},"schema":{"@context":"https:\/\/schema.org","@graph":[{"@type":"WebPage","@id":"https:\/\/globe-europe.nl\/product\/geka-elit-e-6013-laselektrode-350-mm-25-kg-per-koker\/","url":"https:\/\/globe-europe.nl\/product\/geka-elit-e-6013-laselektrode-350-mm-25-kg-per-koker\/","name":"GeKa ELIT-E 6013 Schwei\u00dfelektrode 350 mm - 2.5 Kg | Universal - Globe Europe","isPartOf":{"@id":"https:\/\/globe-europe.nl\/#website"},"primaryImageOfPage":{"@id":"https:\/\/globe-europe.nl\/product\/geka-elit-e-6013-laselektrode-350-mm-25-kg-per-koker\/#primaryimage"},"image":{"@id":"https:\/\/globe-europe.nl\/product\/geka-elit-e-6013-laselektrode-350-mm-25-kg-per-koker\/#primaryimage"},"thumbnailUrl":"https:\/\/globe-europe.nl\/wp-content\/uploads\/2025\/02\/Elektroden-TN-2.png","datePublished":"2025-02-06T09:47:03+00:00","dateModified":"2025-02-18T10:24:21+00:00","description":"GeKa ELIT-E 6013 Schwei\u00dfelektrode (350 mm, 2,5 kg) mit dicker Umh\u00fcllung. Leicht zu schwei\u00dfen, geringe Spritzer- und Rauchentwicklung. F\u00fcr verschiedene Aufgaben.","breadcrumb":{"@id":"https:\/\/globe-europe.nl\/product\/geka-elit-e-6013-laselektrode-350-mm-25-kg-per-koker\/#breadcrumb"},"inLanguage":"de","potentialAction":[{"@type":"ReadAction","target":["https:\/\/globe-europe.nl\/product\/geka-elit-e-6013-laselektrode-350-mm-25-kg-per-koker\/"]}]},{"@type":"ImageObject","inLanguage":"de","@id":"https:\/\/globe-europe.nl\/product\/geka-elit-e-6013-laselektrode-350-mm-25-kg-per-koker\/#primaryimage","url":"https:\/\/globe-europe.nl\/wp-content\/uploads\/2025\/02\/Elektroden-TN-2.png","contentUrl":"https:\/\/globe-europe.nl\/wp-content\/uploads\/2025\/02\/Elektroden-TN-2.png","width":700,"height":700},{"@type":"BreadcrumbList","@id":"https:\/\/globe-europe.nl\/product\/geka-elit-e-6013-laselektrode-350-mm-25-kg-per-koker\/#breadcrumb","itemListElement":[{"@type":"ListItem","position":1,"name":"Home","item":"https:\/\/globe-europe.nl\/"},{"@type":"ListItem","position":2,"name":"Winkel","item":"https:\/\/globe-europe.nl\/winkel\/"},{"@type":"ListItem","position":3,"name":"GeKa ELIT-E 6013 Laselektrode 350 mm &#8211; 2,5 Kg per koker"}]},{"@type":"WebSite","@id":"https:\/\/globe-europe.nl\/#website","url":"https:\/\/globe-europe.nl\/","name":"Globe Europe","description":"","publisher":{"@id":"https:\/\/globe-europe.nl\/#organization"},"potentialAction":[{"@type":"SearchAction","target":{"@type":"EntryPoint","urlTemplate":"https:\/\/globe-europe.nl\/?s={search_term_string}"},"query-input":{"@type":"PropertyValueSpecification","valueRequired":true,"valueName":"search_term_string"}}],"inLanguage":"de"},{"@type":"Organization","@id":"https:\/\/globe-europe.nl\/#organization","name":"Globe Europe","url":"https:\/\/globe-europe.nl\/","logo":{"@type":"ImageObject","inLanguage":"de","@id":"https:\/\/globe-europe.nl\/#\/schema\/logo\/image\/","url":"https:\/\/globe-europe.nl\/wp-content\/uploads\/2025\/02\/GLOBE-LOGO-WEB-GROOT.png","contentUrl":"https:\/\/globe-europe.nl\/wp-content\/uploads\/2025\/02\/GLOBE-LOGO-WEB-GROOT.png","width":938,"height":404,"caption":"Globe Europe"},"image":{"@id":"https:\/\/globe-europe.nl\/#\/schema\/logo\/image\/"}}]}},"_links":{"self":[{"href":"https:\/\/globe-europe.nl\/de\/wp-json\/wp\/v2\/product\/1637","targetHints":{"allow":["GET"]}}],"collection":[{"href":"https:\/\/globe-europe.nl\/de\/wp-json\/wp\/v2\/product"}],"about":[{"href":"https:\/\/globe-europe.nl\/de\/wp-json\/wp\/v2\/types\/product"}],"replies":[{"embeddable":true,"href":"https:\/\/globe-europe.nl\/de\/wp-json\/wp\/v2\/comments?post=1637"}],"wp:featuredmedia":[{"embeddable":true,"href":"https:\/\/globe-europe.nl\/de\/wp-json\/wp\/v2\/media\/2389"}],"wp:attachment":[{"href":"https:\/\/globe-europe.nl\/de\/wp-json\/wp\/v2\/media?parent=1637"}],"wp:term":[{"taxonomy":"product_brand","embeddable":true,"href":"https:\/\/globe-europe.nl\/de\/wp-json\/wp\/v2\/product_brand?post=1637"},{"taxonomy":"product_cat","embeddable":true,"href":"https:\/\/globe-europe.nl\/de\/wp-json\/wp\/v2\/product_cat?post=1637"},{"taxonomy":"product_tag","embeddable":true,"href":"https:\/\/globe-europe.nl\/de\/wp-json\/wp\/v2\/product_tag?post=1637"}],"curies":[{"name":"wp","href":"https:\/\/api.w.org\/{rel}","templated":true}]}}