{"id":1643,"date":"2025-02-06T09:47:10","date_gmt":"2025-02-06T09:47:10","guid":{"rendered":"https:\/\/globe-europe.nl\/product\/geka-elox-r-308l-laselektrode-25x250-mm-3-kg-per-koker\/"},"modified":"2025-02-18T10:22:26","modified_gmt":"2025-02-18T10:22:26","slug":"geka-elox-r-308l-schweisselektrode-2-5x250mm-3kg-pro-rohr","status":"publish","type":"product","link":"https:\/\/globe-europe.nl\/de\/product\/geka-elox-r-308l-laselektrode-25x250-mm-3-kg-per-koker\/","title":{"rendered":"GeKa ELOX R 308L Schwei\u00dfelektrode 2,5\u00d7250 mm - 3 Kg pro Rohr"},"content":{"rendered":"<h2><strong><span style=\"font-size: 20px;\">Eigenschaften GeKa ELOX R 308L Schwei\u00dfelektrode 2,5\u00d7250 mm - 3 Kg pro Rohr<\/span><\/strong><\/h2>\n<p><strong>Verwendung und Funktionen<\/strong><\/p>\n<ul>\n<li>Kohlenstoffarme Elektrode mit einem Mantel aus Rutil. Geeignet zum Schwei\u00dfen von Lebensmitteltanks, S\u00e4ure-, Gas-, Dampf- und Wasserarmaturen, rostfreiem Stahl und anderen korrosionsbest\u00e4ndigen Materialien in der Lebensmittel- und Chemieindustrie, u.a.<\/li>\n<li>Best\u00e4ndig gegen Korrosion und Rissbildung bis zu +350 \u00b0C<\/li>\n<li>R\u00fccktrocknung der Schwei\u00dfelektrode bei einer Temperatur von: 120-200\u00baC f\u00fcr 2 Stunden<\/li>\n<li>Gute Schwei\u00dfeigenschaften, geeignet f\u00fcr AC- oder DC-Schwei\u00dfen<\/li>\n<\/ul>\n<p><strong>Schwei\u00dfbare Materialklassen<\/strong><\/p>\n<ul class=\"g_list\">\n<li>DIN; X2CrNi19-11, X5CrNi18-10, X6CrNiTi18-10, X6CrNib18-10, X2CrNiN18-10, X10CrNiNb18-10, X12CrNi18-8<\/li>\n<li>AISI; 302, 304, 304L, 304LN, 321, 347,<\/li>\n<\/ul>\n<h3><strong>Technische Daten<\/strong><\/h3>\n<p><strong>Normen<\/strong><\/p>\n<table class=\"table table-bordered table-striped table-hover\" border=\"0\">\n<tbody>\n<tr>\n<th>TS UND ISO 3581-A<\/th>\n<td>E 19 9 LR 3 2<\/td>\n<\/tr>\n<tr>\n<th>EN ISO 3581-A<\/th>\n<td>E 19 9 LR 3 2<\/td>\n<\/tr>\n<tr>\n<th>AWS A5.4<\/th>\n<td>E308L-16<\/td>\n<\/tr>\n<\/tbody>\n<\/table>\n<p>&nbsp;<\/p>\n<p><strong>Chemische Zusammensetzung von Schwei\u00dfdraht <span style=\"color: #000000; font-size: 16px;\">%<\/span><\/strong><\/p>\n<table class=\"table table-bordered table-striped table-hover\" style=\"height: 57px;\" border=\"0\" width=\"244\">\n<tbody>\n<tr>\n<th>C<\/th>\n<th>Si<\/th>\n<th>Mn<\/th>\n<th>Kr<\/th>\n<th>Ni<\/th>\n<\/tr>\n<tr>\n<td>0,03<\/td>\n<td>0,8<\/td>\n<td>0,9<\/td>\n<td>20,0<\/td>\n<td>10,5<\/td>\n<\/tr>\n<\/tbody>\n<\/table>\n<p>&nbsp;<\/p>\n<p><strong>Mechanische Eigenschaften<\/strong><\/p>\n<table class=\"table table-bordered table-striped table-hover\" border=\"0\" width=\"100%\">\n<tbody>\n<tr>\n<th>Streckgrenze (N\/mm\u00b2)<\/th>\n<th>Zugfestigkeit (N\/mm\u00b2)<\/th>\n<th>Schlagfestigkeit (ISO-V\/+20\u00b0C)<\/th>\n<th>Erweiterung ((Lo=5do) (%))<\/th>\n<\/tr>\n<tr>\n<td>min. 355<\/td>\n<td>520 &#8211; 660<\/td>\n<td>min. 47 J<\/td>\n<td>min. 35<\/td>\n<\/tr>\n<\/tbody>\n<\/table>\n<p>&nbsp;<\/p>\n<p><strong><span style=\"font-size: 16px;\">Aktueller Typ<\/span><\/strong><\/p>\n<ul class=\"g_list\">\n<li>AC<\/li>\n<li>Gleichstrom(+)<\/li>\n<\/ul>\n<p>&nbsp;<\/p>\n<h3><strong>Umfang der Lieferung<\/strong><\/h3>\n<ul>\n<li>Pro stabilem Kunststoffrohr<\/li>\n<li>Inklusive Zertifikate<\/li>\n<\/ul>\n<p><em><strong>Zertifikat<\/strong><\/em><\/p>\n<p><a href=\"https:\/\/bjctools.nl\/wp-content\/uploads\/2023\/02\/GeKaMac-ELOX-R-308L-2.5x250-mm.pdf\" target=\"_blank\" rel=\"noopener\"><span style=\"color: #000;\"><img decoding=\"async\" src=\"https:\/\/bjctools.nl\/wp-content\/uploads\/2018\/07\/pdf.png\" \/><br \/>\nLOTUS E6013 - 2,5 mm<\/span><\/a><\/p>","protected":false},"excerpt":{"rendered":"<p><strong>Positionen beim Schwei\u00dfen<\/strong><\/p>\n<p><img loading=\"lazy\" decoding=\"async\" class=\"alignnone wp-image-411123\" src=\"https:\/\/bjctools.nl\/wp-content\/uploads\/2023\/02\/Knipsel2-.png\" alt=\"\" width=\"695\" height=\"102\" \/><\/p>","protected":false},"featured_media":2389,"comment_status":"open","ping_status":"closed","template":"","meta":[],"product_brand":[326],"product_cat":[28,338,340],"product_tag":[],"class_list":{"0":"post-1643","1":"product","2":"type-product","3":"status-publish","4":"has-post-thumbnail","6":"product_brand-geka","7":"product_cat-lasbenodigdheden","8":"product_cat-laselektroden","9":"product_cat-mma-elektroden","11":"first","12":"instock","13":"shipping-taxable","14":"product-type-simple"},"ct_brands":[{"id":326,"name":"GEKA","slug":"geka"}],"yoast_head":"<!-- This site is optimized with the Yoast SEO plugin v27.3 - https:\/\/yoast.com\/product\/yoast-seo-wordpress\/ -->\n<title>GeKa ELOX R 308L Laselektrode 2,5x250 mm | Corrosiebestendig - Globe Europe<\/title>\n<meta name=\"description\" content=\"GeKa ELOX R 308L laselektrode (2,5x250 mm, 3 kg) voor RVS en corrosiebestendige materialen. Bestand tegen 350\u00b0C. Geschikt voor AC\/DC lassen.\" \/>\n<meta name=\"robots\" content=\"index, follow, max-snippet:-1, max-image-preview:large, max-video-preview:-1\" \/>\n<link rel=\"canonical\" href=\"https:\/\/globe-europe.nl\/de\/produkt\/geka-elox-r-308l-schweisselektrode-2-5x250mm-3kg-pro-rohr\/\" \/>\n<meta property=\"og:locale\" content=\"de_DE\" \/>\n<meta property=\"og:type\" content=\"article\" \/>\n<meta property=\"og:title\" content=\"GeKa ELOX R 308L Laselektrode 2,5x250 mm | Corrosiebestendig - Globe Europe\" \/>\n<meta property=\"og:description\" content=\"GeKa ELOX R 308L laselektrode (2,5x250 mm, 3 kg) voor RVS en corrosiebestendige materialen. Bestand tegen 350\u00b0C. Geschikt voor AC\/DC lassen.\" \/>\n<meta property=\"og:url\" content=\"https:\/\/globe-europe.nl\/de\/produkt\/geka-elox-r-308l-schweisselektrode-2-5x250mm-3kg-pro-rohr\/\" \/>\n<meta property=\"og:site_name\" content=\"Globe Europe\" \/>\n<meta property=\"article:modified_time\" content=\"2025-02-18T10:22:26+00:00\" \/>\n<meta property=\"og:image\" content=\"https:\/\/globe-europe.nl\/wp-content\/uploads\/2025\/02\/Elektroden-TN-2.png\" \/>\n\t<meta property=\"og:image:width\" content=\"700\" \/>\n\t<meta property=\"og:image:height\" content=\"700\" \/>\n\t<meta property=\"og:image:type\" content=\"image\/png\" \/>\n<meta name=\"twitter:card\" content=\"summary_large_image\" \/>\n<meta name=\"twitter:label1\" content=\"Gesch\u00e4tzte Lesezeit\" \/>\n\t<meta name=\"twitter:data1\" content=\"2\u00a0Minuten\" \/>\n<script type=\"application\/ld+json\" class=\"yoast-schema-graph\">{\"@context\":\"https:\\\/\\\/schema.org\",\"@graph\":[{\"@type\":\"WebPage\",\"@id\":\"https:\\\/\\\/globe-europe.nl\\\/product\\\/geka-elox-r-308l-laselektrode-25x250-mm-3-kg-per-koker\\\/\",\"url\":\"https:\\\/\\\/globe-europe.nl\\\/product\\\/geka-elox-r-308l-laselektrode-25x250-mm-3-kg-per-koker\\\/\",\"name\":\"GeKa ELOX R 308L Laselektrode 2,5x250 mm | Corrosiebestendig - Globe Europe\",\"isPartOf\":{\"@id\":\"https:\\\/\\\/globe-europe.nl\\\/#website\"},\"primaryImageOfPage\":{\"@id\":\"https:\\\/\\\/globe-europe.nl\\\/product\\\/geka-elox-r-308l-laselektrode-25x250-mm-3-kg-per-koker\\\/#primaryimage\"},\"image\":{\"@id\":\"https:\\\/\\\/globe-europe.nl\\\/product\\\/geka-elox-r-308l-laselektrode-25x250-mm-3-kg-per-koker\\\/#primaryimage\"},\"thumbnailUrl\":\"https:\\\/\\\/globe-europe.nl\\\/wp-content\\\/uploads\\\/2025\\\/02\\\/Elektroden-TN-2.png\",\"datePublished\":\"2025-02-06T09:47:10+00:00\",\"dateModified\":\"2025-02-18T10:22:26+00:00\",\"description\":\"GeKa ELOX R 308L laselektrode (2,5x250 mm, 3 kg) voor RVS en corrosiebestendige materialen. Bestand tegen 350\u00b0C. Geschikt voor AC\\\/DC lassen.\",\"breadcrumb\":{\"@id\":\"https:\\\/\\\/globe-europe.nl\\\/product\\\/geka-elox-r-308l-laselektrode-25x250-mm-3-kg-per-koker\\\/#breadcrumb\"},\"inLanguage\":\"de\",\"potentialAction\":[{\"@type\":\"ReadAction\",\"target\":[\"https:\\\/\\\/globe-europe.nl\\\/product\\\/geka-elox-r-308l-laselektrode-25x250-mm-3-kg-per-koker\\\/\"]}]},{\"@type\":\"ImageObject\",\"inLanguage\":\"de\",\"@id\":\"https:\\\/\\\/globe-europe.nl\\\/product\\\/geka-elox-r-308l-laselektrode-25x250-mm-3-kg-per-koker\\\/#primaryimage\",\"url\":\"https:\\\/\\\/globe-europe.nl\\\/wp-content\\\/uploads\\\/2025\\\/02\\\/Elektroden-TN-2.png\",\"contentUrl\":\"https:\\\/\\\/globe-europe.nl\\\/wp-content\\\/uploads\\\/2025\\\/02\\\/Elektroden-TN-2.png\",\"width\":700,\"height\":700},{\"@type\":\"BreadcrumbList\",\"@id\":\"https:\\\/\\\/globe-europe.nl\\\/product\\\/geka-elox-r-308l-laselektrode-25x250-mm-3-kg-per-koker\\\/#breadcrumb\",\"itemListElement\":[{\"@type\":\"ListItem\",\"position\":1,\"name\":\"Home\",\"item\":\"https:\\\/\\\/globe-europe.nl\\\/\"},{\"@type\":\"ListItem\",\"position\":2,\"name\":\"Winkel\",\"item\":\"https:\\\/\\\/globe-europe.nl\\\/winkel\\\/\"},{\"@type\":\"ListItem\",\"position\":3,\"name\":\"GeKa ELOX R 308L Laselektrode 2,5&#215;250 mm &#8211; 3 Kg per koker\"}]},{\"@type\":\"WebSite\",\"@id\":\"https:\\\/\\\/globe-europe.nl\\\/#website\",\"url\":\"https:\\\/\\\/globe-europe.nl\\\/\",\"name\":\"Globe Europe\",\"description\":\"\",\"publisher\":{\"@id\":\"https:\\\/\\\/globe-europe.nl\\\/#organization\"},\"potentialAction\":[{\"@type\":\"SearchAction\",\"target\":{\"@type\":\"EntryPoint\",\"urlTemplate\":\"https:\\\/\\\/globe-europe.nl\\\/?s={search_term_string}\"},\"query-input\":{\"@type\":\"PropertyValueSpecification\",\"valueRequired\":true,\"valueName\":\"search_term_string\"}}],\"inLanguage\":\"de\"},{\"@type\":\"Organization\",\"@id\":\"https:\\\/\\\/globe-europe.nl\\\/#organization\",\"name\":\"Globe Europe\",\"url\":\"https:\\\/\\\/globe-europe.nl\\\/\",\"logo\":{\"@type\":\"ImageObject\",\"inLanguage\":\"de\",\"@id\":\"https:\\\/\\\/globe-europe.nl\\\/#\\\/schema\\\/logo\\\/image\\\/\",\"url\":\"https:\\\/\\\/globe-europe.nl\\\/wp-content\\\/uploads\\\/2025\\\/02\\\/GLOBE-LOGO-WEB-GROOT.png\",\"contentUrl\":\"https:\\\/\\\/globe-europe.nl\\\/wp-content\\\/uploads\\\/2025\\\/02\\\/GLOBE-LOGO-WEB-GROOT.png\",\"width\":938,\"height\":404,\"caption\":\"Globe Europe\"},\"image\":{\"@id\":\"https:\\\/\\\/globe-europe.nl\\\/#\\\/schema\\\/logo\\\/image\\\/\"}}]}<\/script>\n<!-- \/ Yoast SEO plugin. -->","yoast_head_json":{"title":"GeKa ELOX R 308L Schwei\u00dfelektrode 2,5x250 mm | Korrosionsbest\u00e4ndig - Globe Europe","description":"GeKa ELOX R 308L Schwei\u00dfelektrode (2,5x250 mm, 3 kg) f\u00fcr rostfreien Stahl und korrosionsbest\u00e4ndige Materialien. Best\u00e4ndig bis 350\u00b0C. Geeignet f\u00fcr AC\/DC-Schwei\u00dfen.","robots":{"index":"index","follow":"follow","max-snippet":"max-snippet:-1","max-image-preview":"max-image-preview:large","max-video-preview":"max-video-preview:-1"},"canonical":"https:\/\/globe-europe.nl\/de\/produkt\/geka-elox-r-308l-schweisselektrode-2-5x250mm-3kg-pro-rohr\/","og_locale":"de_DE","og_type":"article","og_title":"GeKa ELOX R 308L Laselektrode 2,5x250 mm | Corrosiebestendig - Globe Europe","og_description":"GeKa ELOX R 308L laselektrode (2,5x250 mm, 3 kg) voor RVS en corrosiebestendige materialen. Bestand tegen 350\u00b0C. Geschikt voor AC\/DC lassen.","og_url":"https:\/\/globe-europe.nl\/de\/produkt\/geka-elox-r-308l-schweisselektrode-2-5x250mm-3kg-pro-rohr\/","og_site_name":"Globe Europe","article_modified_time":"2025-02-18T10:22:26+00:00","og_image":[{"width":700,"height":700,"url":"https:\/\/globe-europe.nl\/wp-content\/uploads\/2025\/02\/Elektroden-TN-2.png","type":"image\/png"}],"twitter_card":"summary_large_image","twitter_misc":{"Gesch\u00e4tzte Lesezeit":"2\u00a0Minuten"},"schema":{"@context":"https:\/\/schema.org","@graph":[{"@type":"WebPage","@id":"https:\/\/globe-europe.nl\/product\/geka-elox-r-308l-laselektrode-25x250-mm-3-kg-per-koker\/","url":"https:\/\/globe-europe.nl\/product\/geka-elox-r-308l-laselektrode-25x250-mm-3-kg-per-koker\/","name":"GeKa ELOX R 308L Schwei\u00dfelektrode 2,5x250 mm | Korrosionsbest\u00e4ndig - Globe Europe","isPartOf":{"@id":"https:\/\/globe-europe.nl\/#website"},"primaryImageOfPage":{"@id":"https:\/\/globe-europe.nl\/product\/geka-elox-r-308l-laselektrode-25x250-mm-3-kg-per-koker\/#primaryimage"},"image":{"@id":"https:\/\/globe-europe.nl\/product\/geka-elox-r-308l-laselektrode-25x250-mm-3-kg-per-koker\/#primaryimage"},"thumbnailUrl":"https:\/\/globe-europe.nl\/wp-content\/uploads\/2025\/02\/Elektroden-TN-2.png","datePublished":"2025-02-06T09:47:10+00:00","dateModified":"2025-02-18T10:22:26+00:00","description":"GeKa ELOX R 308L Schwei\u00dfelektrode (2,5x250 mm, 3 kg) f\u00fcr rostfreien Stahl und korrosionsbest\u00e4ndige Materialien. Best\u00e4ndig bis 350\u00b0C. Geeignet f\u00fcr AC\/DC-Schwei\u00dfen.","breadcrumb":{"@id":"https:\/\/globe-europe.nl\/product\/geka-elox-r-308l-laselektrode-25x250-mm-3-kg-per-koker\/#breadcrumb"},"inLanguage":"de","potentialAction":[{"@type":"ReadAction","target":["https:\/\/globe-europe.nl\/product\/geka-elox-r-308l-laselektrode-25x250-mm-3-kg-per-koker\/"]}]},{"@type":"ImageObject","inLanguage":"de","@id":"https:\/\/globe-europe.nl\/product\/geka-elox-r-308l-laselektrode-25x250-mm-3-kg-per-koker\/#primaryimage","url":"https:\/\/globe-europe.nl\/wp-content\/uploads\/2025\/02\/Elektroden-TN-2.png","contentUrl":"https:\/\/globe-europe.nl\/wp-content\/uploads\/2025\/02\/Elektroden-TN-2.png","width":700,"height":700},{"@type":"BreadcrumbList","@id":"https:\/\/globe-europe.nl\/product\/geka-elox-r-308l-laselektrode-25x250-mm-3-kg-per-koker\/#breadcrumb","itemListElement":[{"@type":"ListItem","position":1,"name":"Home","item":"https:\/\/globe-europe.nl\/"},{"@type":"ListItem","position":2,"name":"Winkel","item":"https:\/\/globe-europe.nl\/winkel\/"},{"@type":"ListItem","position":3,"name":"GeKa ELOX R 308L Laselektrode 2,5&#215;250 mm &#8211; 3 Kg per koker"}]},{"@type":"WebSite","@id":"https:\/\/globe-europe.nl\/#website","url":"https:\/\/globe-europe.nl\/","name":"Globe Europe","description":"","publisher":{"@id":"https:\/\/globe-europe.nl\/#organization"},"potentialAction":[{"@type":"SearchAction","target":{"@type":"EntryPoint","urlTemplate":"https:\/\/globe-europe.nl\/?s={search_term_string}"},"query-input":{"@type":"PropertyValueSpecification","valueRequired":true,"valueName":"search_term_string"}}],"inLanguage":"de"},{"@type":"Organization","@id":"https:\/\/globe-europe.nl\/#organization","name":"Globe Europe","url":"https:\/\/globe-europe.nl\/","logo":{"@type":"ImageObject","inLanguage":"de","@id":"https:\/\/globe-europe.nl\/#\/schema\/logo\/image\/","url":"https:\/\/globe-europe.nl\/wp-content\/uploads\/2025\/02\/GLOBE-LOGO-WEB-GROOT.png","contentUrl":"https:\/\/globe-europe.nl\/wp-content\/uploads\/2025\/02\/GLOBE-LOGO-WEB-GROOT.png","width":938,"height":404,"caption":"Globe Europe"},"image":{"@id":"https:\/\/globe-europe.nl\/#\/schema\/logo\/image\/"}}]}},"_links":{"self":[{"href":"https:\/\/globe-europe.nl\/de\/wp-json\/wp\/v2\/product\/1643","targetHints":{"allow":["GET"]}}],"collection":[{"href":"https:\/\/globe-europe.nl\/de\/wp-json\/wp\/v2\/product"}],"about":[{"href":"https:\/\/globe-europe.nl\/de\/wp-json\/wp\/v2\/types\/product"}],"replies":[{"embeddable":true,"href":"https:\/\/globe-europe.nl\/de\/wp-json\/wp\/v2\/comments?post=1643"}],"wp:featuredmedia":[{"embeddable":true,"href":"https:\/\/globe-europe.nl\/de\/wp-json\/wp\/v2\/media\/2389"}],"wp:attachment":[{"href":"https:\/\/globe-europe.nl\/de\/wp-json\/wp\/v2\/media?parent=1643"}],"wp:term":[{"taxonomy":"product_brand","embeddable":true,"href":"https:\/\/globe-europe.nl\/de\/wp-json\/wp\/v2\/product_brand?post=1643"},{"taxonomy":"product_cat","embeddable":true,"href":"https:\/\/globe-europe.nl\/de\/wp-json\/wp\/v2\/product_cat?post=1643"},{"taxonomy":"product_tag","embeddable":true,"href":"https:\/\/globe-europe.nl\/de\/wp-json\/wp\/v2\/product_tag?post=1643"}],"curies":[{"name":"wp","href":"https:\/\/api.w.org\/{rel}","templated":true}]}}