{"id":1658,"date":"2025-02-06T09:47:21","date_gmt":"2025-02-06T09:47:21","guid":{"rendered":"https:\/\/globe-europe.nl\/product\/geka-sg1-lasdraad-tig-5-kg-per-verpakking\/"},"modified":"2025-02-18T10:11:27","modified_gmt":"2025-02-18T10:11:27","slug":"geka-sg1-schweissdraht-tig-5kg-pro-packung","status":"publish","type":"product","link":"https:\/\/globe-europe.nl\/de\/product\/geka-sg1-lasdraad-tig-5-kg-per-verpakking\/","title":{"rendered":"GeKa SG1 Schwei\u00dfdraht WIG - 5 Kg pro Paket"},"content":{"rendered":"<h2><strong><span style=\"font-size: 20px;\">Eigenschaften GeKa SG1 Schwei\u00dfdraht WIG - 5 Kg pro Packung<\/span><\/strong><\/h2>\n<p><strong>Verwendung und Funktionen<\/strong><\/p>\n<ul class=\"g_list\">\n<li>Schwei\u00dfen von d\u00fcnnwandigen St\u00e4hlen<\/li>\n<li>Geeignet zum Schwei\u00dfen von Material, das noch emailliert oder verzinkt werden muss<\/li>\n<li>\u00dcblicherweise f\u00fcr das WIG-Schwei\u00dfen von Rohren verwendet<\/li>\n<li>Empfohlene Verwendung von 100% Argon<\/li>\n<\/ul>\n<p><strong>Klasse der schwei\u00dfbaren Materialien<\/strong><\/p>\n<ul class=\"g_list\">\n<li>S235J2G3-S355J2G3, P235T2-P355T2, L210NB - L290NB, L290MB-L360MB, P235G1TH, P255G1TH, P235GH P355GH,<\/li>\n<li>S235JRS1-S235J4S, S315G1S-S355G3S,P255NH-P355NH, GE200-GE300<\/li>\n<\/ul>\n<h3><strong>Technische Daten<\/strong><\/h3>\n<p><strong>Normen<\/strong><\/p>\n<table class=\"table table-bordered table-striped table-hover\" border=\"0\">\n<tbody>\n<tr>\n<th>TS UND ISO 14341-A<\/th>\n<td>G2Si<\/td>\n<\/tr>\n<tr>\n<th>EN ISO 14341-A<\/th>\n<td>G2Si<\/td>\n<\/tr>\n<tr>\n<th>TS UND ISO 636-A<\/th>\n<td>W2Si<\/td>\n<\/tr>\n<tr>\n<th>EN ISO 636-A<\/th>\n<td>W2Si<\/td>\n<\/tr>\n<tr>\n<th>AWS A5.18<\/th>\n<td>ER 70 S-3<\/td>\n<\/tr>\n<\/tbody>\n<\/table>\n<p>&nbsp;<\/p>\n<p><strong>Chemische Zusammensetzung von Schwei\u00dfdraht %<\/strong><\/p>\n<table class=\"table table-bordered table-striped table-hover\" border=\"0\">\n<tbody>\n<tr>\n<th>C<\/th>\n<td>0,1<\/td>\n<\/tr>\n<tr>\n<th>Si<\/th>\n<td>0,6<\/td>\n<\/tr>\n<tr>\n<th>Mn<\/th>\n<td>1,2<\/td>\n<\/tr>\n<\/tbody>\n<\/table>\n<p>&nbsp;<\/p>\n<p><strong>Mechanische Eigenschaften<\/strong><\/p>\n<table class=\"table table-bordered table-striped table-hover\" border=\"0\" width=\"100%\">\n<tbody>\n<tr>\n<th>Streckgrenze (N\/mm\u00b2)<\/th>\n<th>Zugfestigkeit (N\/mm\u00b2)<\/th>\n<th>Schlagfestigkeit (ISO-V\/-30\u00b0C)<\/th>\n<th>Erweiterung ((Lo=5do) (%))<\/th>\n<\/tr>\n<tr>\n<td>min. 400<\/td>\n<td>480-600<\/td>\n<td>min. 47 J<\/td>\n<td>min.22<\/td>\n<\/tr>\n<\/tbody>\n<\/table>\n<p>&nbsp;<\/p>\n<p><strong>Verfahren zum Schwei\u00dfen<\/strong><\/p>\n<table class=\"table table-bordered table-striped table-hover\" style=\"height: 72px;\" border=\"0\" width=\"125\">\n<tbody>\n<tr>\n<th>WIG<\/th>\n<\/tr>\n<tr>\n<td>Gleichstrom(-)<\/td>\n<\/tr>\n<tr>\n<td>Gleichstrom(+)<\/td>\n<\/tr>\n<\/tbody>\n<\/table>\n<p>&nbsp;<\/p>\n<h3><strong>Umfang der Lieferung<\/strong><\/h3>\n<ul>\n<li>Pro Packung<\/li>\n<li>Inklusive Zertifikate<\/li>\n<\/ul>\n<p><strong>Bescheinigungen<\/strong><\/p>\n<p><a href=\"https:\/\/bjctools.nl\/wp-content\/uploads\/2023\/02\/GeKa-SG1-1.6-mm.pdf\" target=\"_blank\" rel=\"noopener\"><span style=\"color: #000;\"><img decoding=\"async\" src=\"https:\/\/bjctools.nl\/wp-content\/uploads\/2018\/07\/pdf.png\" \/><br \/>\n<em><strong>Bescheinigung SG1 - 1,6 mm\u00a0<\/strong><\/em><\/span><\/a><\/p>\n<p><a href=\"https:\/\/bjctools.nl\/wp-content\/uploads\/2023\/02\/GeKaMac-GeKa-SG1-2.0-mm.pdf\"><img decoding=\"async\" src=\"https:\/\/bjctools.nl\/wp-content\/uploads\/2018\/07\/pdf.png\" \/><\/a><\/p>\n<p><a href=\"https:\/\/bjctools.nl\/wp-content\/uploads\/2023\/02\/GeKaMac-GeKa-SG1-2.0-mm.pdf\"><span style=\"color: #000;\"><em><strong>Bescheinigung SG 1 - 2,0 mm<\/strong><\/em><\/span><\/a><\/p>\n<p><a href=\"https:\/\/bjctools.nl\/wp-content\/uploads\/2023\/02\/GeKaMac-GeKa-SG1-2.4-mm.pdf\"><img decoding=\"async\" src=\"https:\/\/bjctools.nl\/wp-content\/uploads\/2018\/07\/pdf.png\" \/><\/a><\/p>\n<p><a href=\"https:\/\/bjctools.nl\/wp-content\/uploads\/2023\/02\/GeKaMac-GeKa-SG1-2.4-mm.pdf\"><span style=\"color: #000;\"><em><strong>Bescheinigung SG 1 - 2,4 mm<\/strong><\/em><\/span><\/a><\/p>","protected":false},"excerpt":{"rendered":"<p><strong>Positionen beim Schwei\u00dfen<\/strong><\/p>\n<p><img loading=\"lazy\" decoding=\"async\" class=\"alignnone wp-image-411165\" src=\"https:\/\/bjctools.nl\/wp-content\/uploads\/2023\/02\/Knipsel9-1.png\" alt=\"\" width=\"794\" height=\"102\" \/><\/p>","protected":false},"featured_media":2379,"comment_status":"open","ping_status":"closed","template":"","meta":[],"product_brand":[326],"product_cat":[28,342],"product_tag":[],"class_list":{"0":"post-1658","1":"product","2":"type-product","3":"status-publish","4":"has-post-thumbnail","6":"product_brand-geka","7":"product_cat-lasbenodigdheden","8":"product_cat-lasdraad","10":"first","11":"instock","12":"shipping-taxable","13":"product-type-simple"},"ct_brands":[{"id":326,"name":"GEKA","slug":"geka"}],"yoast_head":"<!-- This site is optimized with the Yoast SEO plugin v27.3 - https:\/\/yoast.com\/product\/yoast-seo-wordpress\/ -->\n<title>GeKa SG1 Lasdraad TIG \u2013 5 Kg | Dunwandig Staal &amp; Pijplassen - Globe Europe<\/title>\n<meta name=\"description\" content=\"GeKa SG1 TIG-lasdraad (5 kg) voor dunwandig staal, pijplassen en verzinkt materiaal. Veelgebruikt in de industrie. Geschikt voor 100% Argon gas.\" \/>\n<meta name=\"robots\" content=\"index, follow, max-snippet:-1, max-image-preview:large, max-video-preview:-1\" \/>\n<link rel=\"canonical\" href=\"https:\/\/globe-europe.nl\/de\/produkt\/geka-sg1-schweissdraht-tig-5kg-pro-packung\/\" \/>\n<meta property=\"og:locale\" content=\"de_DE\" \/>\n<meta property=\"og:type\" content=\"article\" \/>\n<meta property=\"og:title\" content=\"GeKa SG1 Lasdraad TIG \u2013 5 Kg | Dunwandig Staal &amp; Pijplassen - Globe Europe\" \/>\n<meta property=\"og:description\" content=\"GeKa SG1 TIG-lasdraad (5 kg) voor dunwandig staal, pijplassen en verzinkt materiaal. Veelgebruikt in de industrie. Geschikt voor 100% Argon gas.\" \/>\n<meta property=\"og:url\" content=\"https:\/\/globe-europe.nl\/de\/produkt\/geka-sg1-schweissdraht-tig-5kg-pro-packung\/\" \/>\n<meta property=\"og:site_name\" content=\"Globe Europe\" \/>\n<meta property=\"article:modified_time\" content=\"2025-02-18T10:11:27+00:00\" \/>\n<meta property=\"og:image\" content=\"https:\/\/globe-europe.nl\/wp-content\/uploads\/2025\/02\/Geka-SG.png\" \/>\n\t<meta property=\"og:image:width\" content=\"700\" \/>\n\t<meta property=\"og:image:height\" content=\"700\" \/>\n\t<meta property=\"og:image:type\" content=\"image\/png\" \/>\n<meta name=\"twitter:card\" content=\"summary_large_image\" \/>\n<meta name=\"twitter:label1\" content=\"Gesch\u00e4tzte Lesezeit\" \/>\n\t<meta name=\"twitter:data1\" content=\"2\u00a0Minuten\" \/>\n<script type=\"application\/ld+json\" class=\"yoast-schema-graph\">{\"@context\":\"https:\\\/\\\/schema.org\",\"@graph\":[{\"@type\":\"WebPage\",\"@id\":\"https:\\\/\\\/globe-europe.nl\\\/product\\\/geka-sg1-lasdraad-tig-5-kg-per-verpakking\\\/\",\"url\":\"https:\\\/\\\/globe-europe.nl\\\/product\\\/geka-sg1-lasdraad-tig-5-kg-per-verpakking\\\/\",\"name\":\"GeKa SG1 Lasdraad TIG \u2013 5 Kg | Dunwandig Staal & Pijplassen - Globe Europe\",\"isPartOf\":{\"@id\":\"https:\\\/\\\/globe-europe.nl\\\/#website\"},\"primaryImageOfPage\":{\"@id\":\"https:\\\/\\\/globe-europe.nl\\\/product\\\/geka-sg1-lasdraad-tig-5-kg-per-verpakking\\\/#primaryimage\"},\"image\":{\"@id\":\"https:\\\/\\\/globe-europe.nl\\\/product\\\/geka-sg1-lasdraad-tig-5-kg-per-verpakking\\\/#primaryimage\"},\"thumbnailUrl\":\"https:\\\/\\\/globe-europe.nl\\\/wp-content\\\/uploads\\\/2025\\\/02\\\/Geka-SG.png\",\"datePublished\":\"2025-02-06T09:47:21+00:00\",\"dateModified\":\"2025-02-18T10:11:27+00:00\",\"description\":\"GeKa SG1 TIG-lasdraad (5 kg) voor dunwandig staal, pijplassen en verzinkt materiaal. Veelgebruikt in de industrie. Geschikt voor 100% Argon gas.\",\"breadcrumb\":{\"@id\":\"https:\\\/\\\/globe-europe.nl\\\/product\\\/geka-sg1-lasdraad-tig-5-kg-per-verpakking\\\/#breadcrumb\"},\"inLanguage\":\"de\",\"potentialAction\":[{\"@type\":\"ReadAction\",\"target\":[\"https:\\\/\\\/globe-europe.nl\\\/product\\\/geka-sg1-lasdraad-tig-5-kg-per-verpakking\\\/\"]}]},{\"@type\":\"ImageObject\",\"inLanguage\":\"de\",\"@id\":\"https:\\\/\\\/globe-europe.nl\\\/product\\\/geka-sg1-lasdraad-tig-5-kg-per-verpakking\\\/#primaryimage\",\"url\":\"https:\\\/\\\/globe-europe.nl\\\/wp-content\\\/uploads\\\/2025\\\/02\\\/Geka-SG.png\",\"contentUrl\":\"https:\\\/\\\/globe-europe.nl\\\/wp-content\\\/uploads\\\/2025\\\/02\\\/Geka-SG.png\",\"width\":700,\"height\":700,\"caption\":\"GeKa SG1 Lasdraad TIG - 5 Kg per verpakking\"},{\"@type\":\"BreadcrumbList\",\"@id\":\"https:\\\/\\\/globe-europe.nl\\\/product\\\/geka-sg1-lasdraad-tig-5-kg-per-verpakking\\\/#breadcrumb\",\"itemListElement\":[{\"@type\":\"ListItem\",\"position\":1,\"name\":\"Home\",\"item\":\"https:\\\/\\\/globe-europe.nl\\\/\"},{\"@type\":\"ListItem\",\"position\":2,\"name\":\"Winkel\",\"item\":\"https:\\\/\\\/globe-europe.nl\\\/winkel\\\/\"},{\"@type\":\"ListItem\",\"position\":3,\"name\":\"GeKa SG1 Lasdraad TIG &#8211; 5 Kg per verpakking\"}]},{\"@type\":\"WebSite\",\"@id\":\"https:\\\/\\\/globe-europe.nl\\\/#website\",\"url\":\"https:\\\/\\\/globe-europe.nl\\\/\",\"name\":\"Globe Europe\",\"description\":\"\",\"publisher\":{\"@id\":\"https:\\\/\\\/globe-europe.nl\\\/#organization\"},\"potentialAction\":[{\"@type\":\"SearchAction\",\"target\":{\"@type\":\"EntryPoint\",\"urlTemplate\":\"https:\\\/\\\/globe-europe.nl\\\/?s={search_term_string}\"},\"query-input\":{\"@type\":\"PropertyValueSpecification\",\"valueRequired\":true,\"valueName\":\"search_term_string\"}}],\"inLanguage\":\"de\"},{\"@type\":\"Organization\",\"@id\":\"https:\\\/\\\/globe-europe.nl\\\/#organization\",\"name\":\"Globe Europe\",\"url\":\"https:\\\/\\\/globe-europe.nl\\\/\",\"logo\":{\"@type\":\"ImageObject\",\"inLanguage\":\"de\",\"@id\":\"https:\\\/\\\/globe-europe.nl\\\/#\\\/schema\\\/logo\\\/image\\\/\",\"url\":\"https:\\\/\\\/globe-europe.nl\\\/wp-content\\\/uploads\\\/2025\\\/02\\\/GLOBE-LOGO-WEB-GROOT.png\",\"contentUrl\":\"https:\\\/\\\/globe-europe.nl\\\/wp-content\\\/uploads\\\/2025\\\/02\\\/GLOBE-LOGO-WEB-GROOT.png\",\"width\":938,\"height\":404,\"caption\":\"Globe Europe\"},\"image\":{\"@id\":\"https:\\\/\\\/globe-europe.nl\\\/#\\\/schema\\\/logo\\\/image\\\/\"}}]}<\/script>\n<!-- \/ Yoast SEO plugin. -->","yoast_head_json":{"title":"GeKa SG1 Schwei\u00dfdraht TIG - 5 Kg | Schwei\u00dfen von d\u00fcnnwandigem Stahl und Rohren - Globe Europe","description":"GeKa SG1 WIG-Schwei\u00dfdraht (5 kg) zum Schwei\u00dfen von d\u00fcnnwandigem Stahl, Rohren und verzinktem Material. \u00dcblicher Einsatz in der Industrie. Geeignet f\u00fcr Argon-Gas 100%.","robots":{"index":"index","follow":"follow","max-snippet":"max-snippet:-1","max-image-preview":"max-image-preview:large","max-video-preview":"max-video-preview:-1"},"canonical":"https:\/\/globe-europe.nl\/de\/produkt\/geka-sg1-schweissdraht-tig-5kg-pro-packung\/","og_locale":"de_DE","og_type":"article","og_title":"GeKa SG1 Lasdraad TIG \u2013 5 Kg | Dunwandig Staal & Pijplassen - Globe Europe","og_description":"GeKa SG1 TIG-lasdraad (5 kg) voor dunwandig staal, pijplassen en verzinkt materiaal. Veelgebruikt in de industrie. Geschikt voor 100% Argon gas.","og_url":"https:\/\/globe-europe.nl\/de\/produkt\/geka-sg1-schweissdraht-tig-5kg-pro-packung\/","og_site_name":"Globe Europe","article_modified_time":"2025-02-18T10:11:27+00:00","og_image":[{"width":700,"height":700,"url":"https:\/\/globe-europe.nl\/wp-content\/uploads\/2025\/02\/Geka-SG.png","type":"image\/png"}],"twitter_card":"summary_large_image","twitter_misc":{"Gesch\u00e4tzte Lesezeit":"2\u00a0Minuten"},"schema":{"@context":"https:\/\/schema.org","@graph":[{"@type":"WebPage","@id":"https:\/\/globe-europe.nl\/product\/geka-sg1-lasdraad-tig-5-kg-per-verpakking\/","url":"https:\/\/globe-europe.nl\/product\/geka-sg1-lasdraad-tig-5-kg-per-verpakking\/","name":"GeKa SG1 Schwei\u00dfdraht TIG - 5 Kg | Schwei\u00dfen von d\u00fcnnwandigem Stahl und Rohren - Globe Europe","isPartOf":{"@id":"https:\/\/globe-europe.nl\/#website"},"primaryImageOfPage":{"@id":"https:\/\/globe-europe.nl\/product\/geka-sg1-lasdraad-tig-5-kg-per-verpakking\/#primaryimage"},"image":{"@id":"https:\/\/globe-europe.nl\/product\/geka-sg1-lasdraad-tig-5-kg-per-verpakking\/#primaryimage"},"thumbnailUrl":"https:\/\/globe-europe.nl\/wp-content\/uploads\/2025\/02\/Geka-SG.png","datePublished":"2025-02-06T09:47:21+00:00","dateModified":"2025-02-18T10:11:27+00:00","description":"GeKa SG1 WIG-Schwei\u00dfdraht (5 kg) zum Schwei\u00dfen von d\u00fcnnwandigem Stahl, Rohren und verzinktem Material. \u00dcblicher Einsatz in der Industrie. Geeignet f\u00fcr Argon-Gas 100%.","breadcrumb":{"@id":"https:\/\/globe-europe.nl\/product\/geka-sg1-lasdraad-tig-5-kg-per-verpakking\/#breadcrumb"},"inLanguage":"de","potentialAction":[{"@type":"ReadAction","target":["https:\/\/globe-europe.nl\/product\/geka-sg1-lasdraad-tig-5-kg-per-verpakking\/"]}]},{"@type":"ImageObject","inLanguage":"de","@id":"https:\/\/globe-europe.nl\/product\/geka-sg1-lasdraad-tig-5-kg-per-verpakking\/#primaryimage","url":"https:\/\/globe-europe.nl\/wp-content\/uploads\/2025\/02\/Geka-SG.png","contentUrl":"https:\/\/globe-europe.nl\/wp-content\/uploads\/2025\/02\/Geka-SG.png","width":700,"height":700,"caption":"GeKa SG1 Lasdraad TIG - 5 Kg per verpakking"},{"@type":"BreadcrumbList","@id":"https:\/\/globe-europe.nl\/product\/geka-sg1-lasdraad-tig-5-kg-per-verpakking\/#breadcrumb","itemListElement":[{"@type":"ListItem","position":1,"name":"Home","item":"https:\/\/globe-europe.nl\/"},{"@type":"ListItem","position":2,"name":"Winkel","item":"https:\/\/globe-europe.nl\/winkel\/"},{"@type":"ListItem","position":3,"name":"GeKa SG1 Lasdraad TIG &#8211; 5 Kg per verpakking"}]},{"@type":"WebSite","@id":"https:\/\/globe-europe.nl\/#website","url":"https:\/\/globe-europe.nl\/","name":"Globe Europe","description":"","publisher":{"@id":"https:\/\/globe-europe.nl\/#organization"},"potentialAction":[{"@type":"SearchAction","target":{"@type":"EntryPoint","urlTemplate":"https:\/\/globe-europe.nl\/?s={search_term_string}"},"query-input":{"@type":"PropertyValueSpecification","valueRequired":true,"valueName":"search_term_string"}}],"inLanguage":"de"},{"@type":"Organization","@id":"https:\/\/globe-europe.nl\/#organization","name":"Globe Europe","url":"https:\/\/globe-europe.nl\/","logo":{"@type":"ImageObject","inLanguage":"de","@id":"https:\/\/globe-europe.nl\/#\/schema\/logo\/image\/","url":"https:\/\/globe-europe.nl\/wp-content\/uploads\/2025\/02\/GLOBE-LOGO-WEB-GROOT.png","contentUrl":"https:\/\/globe-europe.nl\/wp-content\/uploads\/2025\/02\/GLOBE-LOGO-WEB-GROOT.png","width":938,"height":404,"caption":"Globe Europe"},"image":{"@id":"https:\/\/globe-europe.nl\/#\/schema\/logo\/image\/"}}]}},"_links":{"self":[{"href":"https:\/\/globe-europe.nl\/de\/wp-json\/wp\/v2\/product\/1658","targetHints":{"allow":["GET"]}}],"collection":[{"href":"https:\/\/globe-europe.nl\/de\/wp-json\/wp\/v2\/product"}],"about":[{"href":"https:\/\/globe-europe.nl\/de\/wp-json\/wp\/v2\/types\/product"}],"replies":[{"embeddable":true,"href":"https:\/\/globe-europe.nl\/de\/wp-json\/wp\/v2\/comments?post=1658"}],"wp:featuredmedia":[{"embeddable":true,"href":"https:\/\/globe-europe.nl\/de\/wp-json\/wp\/v2\/media\/2379"}],"wp:attachment":[{"href":"https:\/\/globe-europe.nl\/de\/wp-json\/wp\/v2\/media?parent=1658"}],"wp:term":[{"taxonomy":"product_brand","embeddable":true,"href":"https:\/\/globe-europe.nl\/de\/wp-json\/wp\/v2\/product_brand?post=1658"},{"taxonomy":"product_cat","embeddable":true,"href":"https:\/\/globe-europe.nl\/de\/wp-json\/wp\/v2\/product_cat?post=1658"},{"taxonomy":"product_tag","embeddable":true,"href":"https:\/\/globe-europe.nl\/de\/wp-json\/wp\/v2\/product_tag?post=1658"}],"curies":[{"name":"wp","href":"https:\/\/api.w.org\/{rel}","templated":true}]}}