{"id":1665,"date":"2025-02-06T09:47:26","date_gmt":"2025-02-06T09:47:26","guid":{"rendered":"https:\/\/globe-europe.nl\/product\/gekamac-d200-sg2-lasdraad-0-8-mm-5-kg-per-doos\/"},"modified":"2025-02-18T10:06:41","modified_gmt":"2025-02-18T10:06:41","slug":"gekamac-d200-sg2-schweissdraht-0-8mm-5kg-pro-karton","status":"publish","type":"product","link":"https:\/\/globe-europe.nl\/de\/product\/gekamac-d200-sg2-lasdraad-0-8-mm-5-kg-per-doos\/","title":{"rendered":"GeKaMac D200 SG2 Schweissdraht 0.8 mm - 5 Kg pro Karton"},"content":{"rendered":"<h1>Eigenschaften GeKaMac D200 SG2 Schwei\u00dfdraht 0,8 mm - 5 kg pro Karton<\/h1>\n<h5><span style=\"color: #000000; font-size: 16px;\">Verwendung und Funktionen<\/span><\/h5>\n<ul class=\"g_list\">\n<li>Es wird im Stahl- und Maschinenbau, beim Schwei\u00dfen von Schiffen, Kesseln, Tanks und Rohren, beim Schwei\u00dfen von Feinkornstahl, beim Schwei\u00dfen von D\u00fcnnblechen, Stahlm\u00f6beln, Karosserien, Auspuffanlagen und Karosserieteilen verwendet.<\/li>\n<li>Reines Ar wird als Schutzgas beim WIG-Schwei\u00dfen und CO2\/Ar+CO2-Mischgase beim MAG-Schwei\u00dfen verwendet.<\/li>\n<li>Es kann bis zu einer Betriebstemperatur von 350\u00b0C-400\u00b0C eingesetzt werden.<\/li>\n<\/ul>\n<h5><span style=\"color: #000000; font-size: 16px;\">Schwei\u00dfbare Materialklassen<\/span><\/h5>\n<ul class=\"g_list\">\n<li>E295, E335, S235J2G3-S355J2G3, P235T1-P355T1, P235T2, P355T2,<\/li>\n<li>L210NB-L415NB, L210MB-L415MB, P235G1TH, P255G1TH, P235GH-P355GH,<\/li>\n<li>S235JRS1-S235J4S, S315G1S-S355G3S, S255N-S380N, P255NH P355NH, GE200-GE260<\/li>\n<\/ul>\n<h2>Technische Daten<\/h2>\n<h5><span style=\"color: #000000; font-size: 16px;\">Normen<\/span><\/h5>\n<div class=\"table-responsive\">\n<table class=\"table table-bordered table-striped table-hover\" border=\"0\">\n<tbody>\n<tr>\n<th>TS UND ISO 14341-A<\/th>\n<td>G3Si1<\/td>\n<\/tr>\n<tr>\n<th>EN ISO 14341-A<\/th>\n<td>G3Si1<\/td>\n<\/tr>\n<tr>\n<th>TS UND ISO 636-A<\/th>\n<td>W 3Si1<\/td>\n<\/tr>\n<tr>\n<th>EN ISO 636-A<\/th>\n<td>W3Si 1<\/td>\n<\/tr>\n<tr>\n<th>AWS A5.18<\/th>\n<td>ER 70 S-6<\/td>\n<\/tr>\n<\/tbody>\n<\/table>\n<p>&nbsp;<\/p>\n<\/div>\n<h5><span style=\"color: #000000; font-size: 16px;\">Chemische Zusammensetzung von Schwei\u00dfdraht %<\/span><\/h5>\n<div class=\"table-responsive\">\n<table class=\"table table-bordered table-striped table-hover\" border=\"0\">\n<tbody>\n<tr>\n<th>C<\/th>\n<td>0,08<\/td>\n<\/tr>\n<tr>\n<th>mn<\/th>\n<td>1.45<\/td>\n<\/tr>\n<tr>\n<th>Si<\/th>\n<td>0,85<\/td>\n<\/tr>\n<\/tbody>\n<\/table>\n<p>&nbsp;<\/p>\n<\/div>\n<h5><span style=\"color: #000000; font-size: 16px;\">Mechanische Eigenschaften<\/span><\/h5>\n<div class=\"table-responsive\">\n<table class=\"table table-bordered table-striped table-hover\" border=\"0\" width=\"100%\">\n<tbody>\n<tr>\n<th>Streckgrenze (N\/mm\u00b2)<\/th>\n<th>Zugfestigkeit (N\/mm\u00b2)<\/th>\n<th>Kerbfestigkeit (ISO-V\/-30\u00b0C)<\/th>\n<th>Erweiterung (Lo=5do) (%)<\/th>\n<\/tr>\n<tr>\n<td>min. 420<\/td>\n<td>500 &#8211; 640<\/td>\n<td>min. 47 J<\/td>\n<td>min. 22<\/td>\n<\/tr>\n<\/tbody>\n<\/table>\n<\/div>\n<p>&nbsp;<\/p>\n<h2><strong>Umfang der Lieferung<\/strong><\/h2>\n<ul>\n<li>GeKaMac D200 SG2 Schweissdraht 0.8 mm - 5 Kg pro Karton<\/li>\n<li>Verf\u00fcgbar <strong>per<\/strong> <strong>Vorteilspalette<\/strong>! Fragen Sie nach den M\u00f6glichkeiten!<\/li>\n<li>Inklusive Zertifikate<\/li>\n<\/ul>","protected":false},"excerpt":{"rendered":"<h5><span style=\"font-size: 16px; color: #000000;\">Positionen beim Schwei\u00dfen<\/span><\/h5>\n<p><img loading=\"lazy\" decoding=\"async\" class=\"alignnone wp-image-379161\" src=\"https:\/\/bjctools.nl\/wp-content\/uploads\/2021\/06\/Knipsel.png\" alt=\"\" width=\"516\" height=\"71\" \/><\/p>","protected":false},"featured_media":2377,"comment_status":"open","ping_status":"closed","template":"","meta":[],"product_brand":[326],"product_cat":[28,342],"product_tag":[],"class_list":{"0":"post-1665","1":"product","2":"type-product","3":"status-publish","4":"has-post-thumbnail","6":"product_brand-geka","7":"product_cat-lasbenodigdheden","8":"product_cat-lasdraad","10":"first","11":"instock","12":"shipping-taxable","13":"product-type-simple"},"ct_brands":[{"id":326,"name":"GEKA","slug":"geka"}],"yoast_head":"<!-- This site is optimized with the Yoast SEO plugin v27.3 - https:\/\/yoast.com\/product\/yoast-seo-wordpress\/ -->\n<title>GeKaMac D200 SG2 Lasdraad 0.8 mm | Staal\/Schepen\/Machine - Globe Europe<\/title>\n<meta name=\"description\" content=\"GeKaMac D200 SG2 lasdraad (0.8 mm, 5 kg) voor staalconstructies, tanks, schepen en carrosserie. Geschikt voor TIG en MAG lassen met CO\u2082 of Ar+CO\u2082 gas.\" \/>\n<meta name=\"robots\" content=\"index, follow, max-snippet:-1, max-image-preview:large, max-video-preview:-1\" \/>\n<link rel=\"canonical\" href=\"https:\/\/globe-europe.nl\/de\/produkt\/gekamac-d200-sg2-schweissdraht-0-8mm-5kg-pro-karton\/\" \/>\n<meta property=\"og:locale\" content=\"de_DE\" \/>\n<meta property=\"og:type\" content=\"article\" \/>\n<meta property=\"og:title\" content=\"GeKaMac D200 SG2 Lasdraad 0.8 mm | Staal\/Schepen\/Machine - Globe Europe\" \/>\n<meta property=\"og:description\" content=\"GeKaMac D200 SG2 lasdraad (0.8 mm, 5 kg) voor staalconstructies, tanks, schepen en carrosserie. Geschikt voor TIG en MAG lassen met CO\u2082 of Ar+CO\u2082 gas.\" \/>\n<meta property=\"og:url\" content=\"https:\/\/globe-europe.nl\/de\/produkt\/gekamac-d200-sg2-schweissdraht-0-8mm-5kg-pro-karton\/\" \/>\n<meta property=\"og:site_name\" content=\"Globe Europe\" \/>\n<meta property=\"article:modified_time\" content=\"2025-02-18T10:06:41+00:00\" \/>\n<meta property=\"og:image\" content=\"https:\/\/globe-europe.nl\/wp-content\/uploads\/2025\/02\/Geka-SG-2-D200-Lasdraad-MIG-5-Kg-per-Rol.png\" \/>\n\t<meta property=\"og:image:width\" content=\"700\" \/>\n\t<meta property=\"og:image:height\" content=\"700\" \/>\n\t<meta property=\"og:image:type\" content=\"image\/png\" \/>\n<meta name=\"twitter:card\" content=\"summary_large_image\" \/>\n<meta name=\"twitter:label1\" content=\"Gesch\u00e4tzte Lesezeit\" \/>\n\t<meta name=\"twitter:data1\" content=\"2\u00a0Minuten\" \/>\n<script type=\"application\/ld+json\" class=\"yoast-schema-graph\">{\"@context\":\"https:\\\/\\\/schema.org\",\"@graph\":[{\"@type\":\"WebPage\",\"@id\":\"https:\\\/\\\/globe-europe.nl\\\/product\\\/gekamac-d200-sg2-lasdraad-0-8-mm-5-kg-per-doos\\\/\",\"url\":\"https:\\\/\\\/globe-europe.nl\\\/product\\\/gekamac-d200-sg2-lasdraad-0-8-mm-5-kg-per-doos\\\/\",\"name\":\"GeKaMac D200 SG2 Lasdraad 0.8 mm | Staal\\\/Schepen\\\/Machine - Globe Europe\",\"isPartOf\":{\"@id\":\"https:\\\/\\\/globe-europe.nl\\\/#website\"},\"primaryImageOfPage\":{\"@id\":\"https:\\\/\\\/globe-europe.nl\\\/product\\\/gekamac-d200-sg2-lasdraad-0-8-mm-5-kg-per-doos\\\/#primaryimage\"},\"image\":{\"@id\":\"https:\\\/\\\/globe-europe.nl\\\/product\\\/gekamac-d200-sg2-lasdraad-0-8-mm-5-kg-per-doos\\\/#primaryimage\"},\"thumbnailUrl\":\"https:\\\/\\\/globe-europe.nl\\\/wp-content\\\/uploads\\\/2025\\\/02\\\/Geka-SG-2-D200-Lasdraad-MIG-5-Kg-per-Rol.png\",\"datePublished\":\"2025-02-06T09:47:26+00:00\",\"dateModified\":\"2025-02-18T10:06:41+00:00\",\"description\":\"GeKaMac D200 SG2 lasdraad (0.8 mm, 5 kg) voor staalconstructies, tanks, schepen en carrosserie. Geschikt voor TIG en MAG lassen met CO\u2082 of Ar+CO\u2082 gas.\",\"breadcrumb\":{\"@id\":\"https:\\\/\\\/globe-europe.nl\\\/product\\\/gekamac-d200-sg2-lasdraad-0-8-mm-5-kg-per-doos\\\/#breadcrumb\"},\"inLanguage\":\"de\",\"potentialAction\":[{\"@type\":\"ReadAction\",\"target\":[\"https:\\\/\\\/globe-europe.nl\\\/product\\\/gekamac-d200-sg2-lasdraad-0-8-mm-5-kg-per-doos\\\/\"]}]},{\"@type\":\"ImageObject\",\"inLanguage\":\"de\",\"@id\":\"https:\\\/\\\/globe-europe.nl\\\/product\\\/gekamac-d200-sg2-lasdraad-0-8-mm-5-kg-per-doos\\\/#primaryimage\",\"url\":\"https:\\\/\\\/globe-europe.nl\\\/wp-content\\\/uploads\\\/2025\\\/02\\\/Geka-SG-2-D200-Lasdraad-MIG-5-Kg-per-Rol.png\",\"contentUrl\":\"https:\\\/\\\/globe-europe.nl\\\/wp-content\\\/uploads\\\/2025\\\/02\\\/Geka-SG-2-D200-Lasdraad-MIG-5-Kg-per-Rol.png\",\"width\":700,\"height\":700,\"caption\":\"GeKa SG 2 D200 Lasdraad MIG \u2013 5 Kg per Rol\"},{\"@type\":\"BreadcrumbList\",\"@id\":\"https:\\\/\\\/globe-europe.nl\\\/product\\\/gekamac-d200-sg2-lasdraad-0-8-mm-5-kg-per-doos\\\/#breadcrumb\",\"itemListElement\":[{\"@type\":\"ListItem\",\"position\":1,\"name\":\"Home\",\"item\":\"https:\\\/\\\/globe-europe.nl\\\/\"},{\"@type\":\"ListItem\",\"position\":2,\"name\":\"Winkel\",\"item\":\"https:\\\/\\\/globe-europe.nl\\\/winkel\\\/\"},{\"@type\":\"ListItem\",\"position\":3,\"name\":\"GeKaMac D200 SG2 Lasdraad 0.8 mm &#8211; 5 Kg per doos\"}]},{\"@type\":\"WebSite\",\"@id\":\"https:\\\/\\\/globe-europe.nl\\\/#website\",\"url\":\"https:\\\/\\\/globe-europe.nl\\\/\",\"name\":\"Globe Europe\",\"description\":\"\",\"publisher\":{\"@id\":\"https:\\\/\\\/globe-europe.nl\\\/#organization\"},\"potentialAction\":[{\"@type\":\"SearchAction\",\"target\":{\"@type\":\"EntryPoint\",\"urlTemplate\":\"https:\\\/\\\/globe-europe.nl\\\/?s={search_term_string}\"},\"query-input\":{\"@type\":\"PropertyValueSpecification\",\"valueRequired\":true,\"valueName\":\"search_term_string\"}}],\"inLanguage\":\"de\"},{\"@type\":\"Organization\",\"@id\":\"https:\\\/\\\/globe-europe.nl\\\/#organization\",\"name\":\"Globe Europe\",\"url\":\"https:\\\/\\\/globe-europe.nl\\\/\",\"logo\":{\"@type\":\"ImageObject\",\"inLanguage\":\"de\",\"@id\":\"https:\\\/\\\/globe-europe.nl\\\/#\\\/schema\\\/logo\\\/image\\\/\",\"url\":\"https:\\\/\\\/globe-europe.nl\\\/wp-content\\\/uploads\\\/2025\\\/02\\\/GLOBE-LOGO-WEB-GROOT.png\",\"contentUrl\":\"https:\\\/\\\/globe-europe.nl\\\/wp-content\\\/uploads\\\/2025\\\/02\\\/GLOBE-LOGO-WEB-GROOT.png\",\"width\":938,\"height\":404,\"caption\":\"Globe Europe\"},\"image\":{\"@id\":\"https:\\\/\\\/globe-europe.nl\\\/#\\\/schema\\\/logo\\\/image\\\/\"}}]}<\/script>\n<!-- \/ Yoast SEO plugin. -->","yoast_head_json":{"title":"GeKaMac D200 SG2 Schwei\u00dfdraht 0,8 mm | Stahl\/Schiffe\/Maschinenbau - Globe Europe","description":"GeKaMac D200 SG2 Schwei\u00dfdraht (0,8 mm, 5 kg) f\u00fcr Stahlkonstruktionen, Tanks, Schiffe und Karosserien. Geeignet f\u00fcr WIG- und MAG-Schwei\u00dfen mit CO\u2082- oder Ar+CO\u2082-Gas.","robots":{"index":"index","follow":"follow","max-snippet":"max-snippet:-1","max-image-preview":"max-image-preview:large","max-video-preview":"max-video-preview:-1"},"canonical":"https:\/\/globe-europe.nl\/de\/produkt\/gekamac-d200-sg2-schweissdraht-0-8mm-5kg-pro-karton\/","og_locale":"de_DE","og_type":"article","og_title":"GeKaMac D200 SG2 Lasdraad 0.8 mm | Staal\/Schepen\/Machine - Globe Europe","og_description":"GeKaMac D200 SG2 lasdraad (0.8 mm, 5 kg) voor staalconstructies, tanks, schepen en carrosserie. Geschikt voor TIG en MAG lassen met CO\u2082 of Ar+CO\u2082 gas.","og_url":"https:\/\/globe-europe.nl\/de\/produkt\/gekamac-d200-sg2-schweissdraht-0-8mm-5kg-pro-karton\/","og_site_name":"Globe Europe","article_modified_time":"2025-02-18T10:06:41+00:00","og_image":[{"width":700,"height":700,"url":"https:\/\/globe-europe.nl\/wp-content\/uploads\/2025\/02\/Geka-SG-2-D200-Lasdraad-MIG-5-Kg-per-Rol.png","type":"image\/png"}],"twitter_card":"summary_large_image","twitter_misc":{"Gesch\u00e4tzte Lesezeit":"2\u00a0Minuten"},"schema":{"@context":"https:\/\/schema.org","@graph":[{"@type":"WebPage","@id":"https:\/\/globe-europe.nl\/product\/gekamac-d200-sg2-lasdraad-0-8-mm-5-kg-per-doos\/","url":"https:\/\/globe-europe.nl\/product\/gekamac-d200-sg2-lasdraad-0-8-mm-5-kg-per-doos\/","name":"GeKaMac D200 SG2 Schwei\u00dfdraht 0,8 mm | Stahl\/Schiffe\/Maschinenbau - Globe Europe","isPartOf":{"@id":"https:\/\/globe-europe.nl\/#website"},"primaryImageOfPage":{"@id":"https:\/\/globe-europe.nl\/product\/gekamac-d200-sg2-lasdraad-0-8-mm-5-kg-per-doos\/#primaryimage"},"image":{"@id":"https:\/\/globe-europe.nl\/product\/gekamac-d200-sg2-lasdraad-0-8-mm-5-kg-per-doos\/#primaryimage"},"thumbnailUrl":"https:\/\/globe-europe.nl\/wp-content\/uploads\/2025\/02\/Geka-SG-2-D200-Lasdraad-MIG-5-Kg-per-Rol.png","datePublished":"2025-02-06T09:47:26+00:00","dateModified":"2025-02-18T10:06:41+00:00","description":"GeKaMac D200 SG2 Schwei\u00dfdraht (0,8 mm, 5 kg) f\u00fcr Stahlkonstruktionen, Tanks, Schiffe und Karosserien. Geeignet f\u00fcr WIG- und MAG-Schwei\u00dfen mit CO\u2082- oder Ar+CO\u2082-Gas.","breadcrumb":{"@id":"https:\/\/globe-europe.nl\/product\/gekamac-d200-sg2-lasdraad-0-8-mm-5-kg-per-doos\/#breadcrumb"},"inLanguage":"de","potentialAction":[{"@type":"ReadAction","target":["https:\/\/globe-europe.nl\/product\/gekamac-d200-sg2-lasdraad-0-8-mm-5-kg-per-doos\/"]}]},{"@type":"ImageObject","inLanguage":"de","@id":"https:\/\/globe-europe.nl\/product\/gekamac-d200-sg2-lasdraad-0-8-mm-5-kg-per-doos\/#primaryimage","url":"https:\/\/globe-europe.nl\/wp-content\/uploads\/2025\/02\/Geka-SG-2-D200-Lasdraad-MIG-5-Kg-per-Rol.png","contentUrl":"https:\/\/globe-europe.nl\/wp-content\/uploads\/2025\/02\/Geka-SG-2-D200-Lasdraad-MIG-5-Kg-per-Rol.png","width":700,"height":700,"caption":"GeKa SG 2 D200 Lasdraad MIG \u2013 5 Kg per Rol"},{"@type":"BreadcrumbList","@id":"https:\/\/globe-europe.nl\/product\/gekamac-d200-sg2-lasdraad-0-8-mm-5-kg-per-doos\/#breadcrumb","itemListElement":[{"@type":"ListItem","position":1,"name":"Home","item":"https:\/\/globe-europe.nl\/"},{"@type":"ListItem","position":2,"name":"Winkel","item":"https:\/\/globe-europe.nl\/winkel\/"},{"@type":"ListItem","position":3,"name":"GeKaMac D200 SG2 Lasdraad 0.8 mm &#8211; 5 Kg per doos"}]},{"@type":"WebSite","@id":"https:\/\/globe-europe.nl\/#website","url":"https:\/\/globe-europe.nl\/","name":"Globe Europe","description":"","publisher":{"@id":"https:\/\/globe-europe.nl\/#organization"},"potentialAction":[{"@type":"SearchAction","target":{"@type":"EntryPoint","urlTemplate":"https:\/\/globe-europe.nl\/?s={search_term_string}"},"query-input":{"@type":"PropertyValueSpecification","valueRequired":true,"valueName":"search_term_string"}}],"inLanguage":"de"},{"@type":"Organization","@id":"https:\/\/globe-europe.nl\/#organization","name":"Globe Europe","url":"https:\/\/globe-europe.nl\/","logo":{"@type":"ImageObject","inLanguage":"de","@id":"https:\/\/globe-europe.nl\/#\/schema\/logo\/image\/","url":"https:\/\/globe-europe.nl\/wp-content\/uploads\/2025\/02\/GLOBE-LOGO-WEB-GROOT.png","contentUrl":"https:\/\/globe-europe.nl\/wp-content\/uploads\/2025\/02\/GLOBE-LOGO-WEB-GROOT.png","width":938,"height":404,"caption":"Globe Europe"},"image":{"@id":"https:\/\/globe-europe.nl\/#\/schema\/logo\/image\/"}}]}},"_links":{"self":[{"href":"https:\/\/globe-europe.nl\/de\/wp-json\/wp\/v2\/product\/1665","targetHints":{"allow":["GET"]}}],"collection":[{"href":"https:\/\/globe-europe.nl\/de\/wp-json\/wp\/v2\/product"}],"about":[{"href":"https:\/\/globe-europe.nl\/de\/wp-json\/wp\/v2\/types\/product"}],"replies":[{"embeddable":true,"href":"https:\/\/globe-europe.nl\/de\/wp-json\/wp\/v2\/comments?post=1665"}],"wp:featuredmedia":[{"embeddable":true,"href":"https:\/\/globe-europe.nl\/de\/wp-json\/wp\/v2\/media\/2377"}],"wp:attachment":[{"href":"https:\/\/globe-europe.nl\/de\/wp-json\/wp\/v2\/media?parent=1665"}],"wp:term":[{"taxonomy":"product_brand","embeddable":true,"href":"https:\/\/globe-europe.nl\/de\/wp-json\/wp\/v2\/product_brand?post=1665"},{"taxonomy":"product_cat","embeddable":true,"href":"https:\/\/globe-europe.nl\/de\/wp-json\/wp\/v2\/product_cat?post=1665"},{"taxonomy":"product_tag","embeddable":true,"href":"https:\/\/globe-europe.nl\/de\/wp-json\/wp\/v2\/product_tag?post=1665"}],"curies":[{"name":"wp","href":"https:\/\/api.w.org\/{rel}","templated":true}]}}