{"id":1669,"date":"2025-02-06T09:47:27","date_gmt":"2025-02-06T09:47:27","guid":{"rendered":"https:\/\/globe-europe.nl\/product\/paton-e6013-ano-36-elite-rutiel-laselektrode-o2-5mm\/"},"modified":"2026-05-14T16:20:29","modified_gmt":"2026-05-14T16:20:29","slug":"paton-e6013-ano-36-elite-rutile-schweiselektrode-o2-5mm","status":"publish","type":"product","link":"https:\/\/globe-europe.nl\/de\/product\/paton-e6013-ano-36-elite-rutiel-laselektrode-o2-5mm\/","title":{"rendered":"Paton E6013 ANO 36 ELITE Rutil-Schwei\u00dfelektrode \u00d82,5mm"},"content":{"rendered":"<h2><strong>Eigenschaften Paton E6013 ANO 36 ELITE Rutil-Schwei\u00dfelektrode \u00d82.5mm<\/strong><\/h2>\n<ul>\n<li><strong>F\u00fcr unlegierten Stahl<\/strong><\/li>\n<li><strong>F\u00fcr den allgemeinen Gebrauch geeignet<\/strong><\/li>\n<li>Die 6013 ist eine umh\u00fcllte Schwei\u00dfelektrode f\u00fcr allgemeine Stahlkonstruktionen<\/li>\n<li>Kann in allen Positionen geschwei\u00dft werden<\/li>\n<li>Auch f\u00fcr vertikale und nach unten gerichtete Positionen geeignet.<\/li>\n<\/ul>\n<p>Diese PATON ANO 36 Elite-Schwei\u00dfelektroden sind f\u00fcr das Lichtbogenhandschwei\u00dfen bestimmt. Die umh\u00fcllten Elektroden k\u00f6nnen zum Schwei\u00dfen von Kohlenstoffstahlkonstruktionen mit einem Kohlenstoffgehalt von bis zu 0,25% verwendet werden. Nach der nationalen Norm 1050- (05kp, 08kp, 08ps, 10pc, 10, 15kp, 15ps, 20kp 20ps, 20) auf einem kurzen oder mittleren Lichtbogen in allen r\u00e4umlichen Positionen au\u00dfer vertikal von oben nach unten f\u00fcr PATON ANO 36 Elektroden mit einem Durchmesser von 5 mm.<\/p>\n<p>Die Elektroden sollten in einem trockenen Raum bei einer Temperatur von nicht weniger als 15\u00b0\u0421 und einer relativen Luftfeuchtigkeit von nicht mehr als 80% gelagert werden, wenn der Feuchtigkeitsgehalt in der Beschichtung 0,9% der Elektrode \u00fcbersteigt, und vor dem Schwei\u00dfen 30 Minuten lang bei 110 \u00b1 10\u00b0 C gegl\u00fcht werden. Sie sind nicht empfindlich auf die Qualit\u00e4t der vorbereiteten Kanten, das Vorhandensein von galvanischen \u00dcberz\u00fcgen, Rost und anderen Oberfl\u00e4chenverunreinigungen.<\/p>\n<p>PATON ANO 36 elite Schwei\u00dfelektroden zeichnen sich durch leichte Z\u00fcndung und Wiederz\u00fcndung, stabilen Lichtbogenabbrand, geringen Metallverlust durch Sputtern, proportionale Naht der Umh\u00fcllung, gute Bildung von Nahtmetall, leichte Trennbarkeit der erstarrten Schlacke aus. Sie erm\u00f6glicht das Schwei\u00dfen mit sehr niedrigem Strom. Der Hersteller garantiert, dass die Elektroden die Anforderungen der normativen Dokumentation erf\u00fcllen. Dazu ist es notwendig, dass der Benutzer die Bedingungen f\u00fcr Transport, Lagerung und Verwendung einh\u00e4lt.<\/p>\n<p>Die Elektroden enthalten keine sch\u00e4dlichen Stoffe in der Umh\u00fcllung. Metallumh\u00fcllte Elektrode - Umh\u00fcllungstyp - Rutil-Zellulose.<\/p>\n<h3><strong>Vorteile<\/strong><\/h3>\n<ul>\n<li>Unter Verwendung der neuesten Formeln, die zusammen mit den Spezialisten des E.O. Paton Electric Welding Institute der Nationalen Akademie der Wissenschaften der Ukraine entwickelt wurden;<\/li>\n<li>Hohe mechanische Eigenschaften der Schwei\u00dfnaht ;<\/li>\n<li>Gute Schlackenabscheidung ;<\/li>\n<li>Komfortabler Schwei\u00dfprozess - einfache Prim\u00e4r- und Sekund\u00e4rz\u00fcndung, stabile Lichtbogenbildung;<\/li>\n<li>Erh\u00f6hte Sicherheit f\u00fcr die Gesundheit der Schwei\u00dfer durch Reduzierung sch\u00e4dlicher Emissionen;<\/li>\n<li>Hoher Grad an Wechselwirkung mit Metallen ;<\/li>\n<li>Hohe Leistung;<\/li>\n<li>Eine breite Palette erm\u00f6glicht es Ihnen, die am besten geeigneten Elektroden f\u00fcr eine bestimmte Aufgabe auszuw\u00e4hlen.<\/li>\n<\/ul>\n<h3><strong>Technische Daten<\/strong><\/h3>\n<ul>\n<li>Klassifizierung\n<ul>\n<li>ISO 2560-A - E43 3 RC11<\/li>\n<li>EN ISO 499 - E42 0 R\u042111<\/li>\n<li><span lang=\"pl\" xml:lang=\"pl\">AWS A5.1 - E 6013<\/span><\/li>\n<\/ul>\n<\/li>\n<li>Positionen f\u00fcr das Schwei\u00dfen - PA, PB, PC, PD, PE, PF<\/li>\n<li>Chemische Zusammensetzung der Legierung - \u0421 \u2264 0,11 S \u2264 0,030 Si \u22640,10 - 0,35 P \u2264 0,035 Mn 0,40-0,65<\/li>\n<li>Mechanische Eigenschaften<strong><br \/>\n<\/strong><\/li>\n<li><span lang=\"pl\" xml:lang=\"pl\">Streckgrenze \u2265<\/span><span lang=\"pl\" xml:lang=\"pl\">450 N\/mm\u00b2<br \/>\n<\/span><\/li>\n<li><span lang=\"pl\" xml:lang=\"pl\">Relative Dehnung \u2265 22%,<br \/>\n<\/span><\/li>\n<li>Schlagfestigkeit \u2265 78 J\/cm\u00b2.<\/li>\n<li>Schwei\u00dfstrom - 70 - 110 A<\/li>\n<li>Anzahl der Elektroden in der Packung - 57 St\u00fcck<\/li>\n<\/ul>\n<h3><strong>Umfang der Lieferung<\/strong><\/h3>\n<ul>\n<li>Paton ANO 36 ELITE Schwei\u00dfelektrode \u00d82.5mm<\/li>\n<\/ul>","protected":false},"excerpt":{"rendered":"<p>Kenmerken Paton E6013 ANO 36 ELITE Rutiel Laselektrode \u00d82.5mm Voor ongelegeerd staal Geschikt voor algemeen gebruik De 6013 is een beklede laselektrode voor algemene staalconstructies Kan worden verlast in alle posities Tevens geschikt voor verticaal en neergaande posities. Deze Laselektrode PATON ANO 36 elite zijn ontworpen voor handmatig booglassen. De afgedekte elektroden kunnen worden gebruikt [&hellip;]<\/p>\n","protected":false},"featured_media":1668,"comment_status":"open","ping_status":"closed","template":"","meta":[],"product_brand":[325],"product_cat":[28,338,339],"product_tag":[],"class_list":{"0":"post-1669","1":"product","2":"type-product","3":"status-publish","4":"has-post-thumbnail","6":"product_brand-paton","7":"product_cat-lasbenodigdheden","8":"product_cat-laselektroden","9":"product_cat-wolfraam-tig-elektroden","11":"first","12":"instock","13":"shipping-taxable","14":"product-type-simple"},"ct_brands":[{"id":325,"name":"PATON","slug":"paton"}],"yoast_head":"<!-- This site is optimized with the Yoast SEO plugin v27.6 - https:\/\/yoast.com\/product\/yoast-seo-wordpress\/ -->\n<title>Paton E6013 ANO 36 ELITE | Rutiel Laselektrode \u00d82.5mm | Staal - Globe Europe<\/title>\n<meta name=\"description\" content=\"Paton E6013 ANO 36 ELITE rutiel laselektrode \u00d82.5mm voor ongelegeerd staal. Geschikt voor alle posities, inclusief verticaal en neergaand lassen.\" \/>\n<meta name=\"robots\" content=\"index, follow, max-snippet:-1, max-image-preview:large, max-video-preview:-1\" \/>\n<link rel=\"canonical\" href=\"https:\/\/globe-europe.nl\/de\/produkt\/paton-e6013-ano-36-elite-rutile-schweiselektrode-o2-5mm\/\" \/>\n<meta property=\"og:locale\" content=\"de_DE\" \/>\n<meta property=\"og:type\" content=\"article\" \/>\n<meta property=\"og:title\" content=\"Paton E6013 ANO 36 ELITE | Rutiel Laselektrode \u00d82.5mm | Staal - Globe Europe\" \/>\n<meta property=\"og:description\" content=\"Paton E6013 ANO 36 ELITE rutiel laselektrode \u00d82.5mm voor ongelegeerd staal. Geschikt voor alle posities, inclusief verticaal en neergaand lassen.\" \/>\n<meta property=\"og:url\" content=\"https:\/\/globe-europe.nl\/de\/produkt\/paton-e6013-ano-36-elite-rutile-schweiselektrode-o2-5mm\/\" \/>\n<meta property=\"og:site_name\" content=\"Globe Europe\" \/>\n<meta property=\"article:modified_time\" content=\"2026-05-14T16:20:29+00:00\" \/>\n<meta property=\"og:image\" content=\"https:\/\/globe-europe.nl\/wp-content\/uploads\/2025\/02\/Paton-ANO-36-ELITE-Laselektrode-O25mm.jpg\" \/>\n\t<meta property=\"og:image:width\" content=\"700\" \/>\n\t<meta property=\"og:image:height\" content=\"700\" \/>\n\t<meta property=\"og:image:type\" content=\"image\/jpeg\" \/>\n<meta name=\"twitter:card\" content=\"summary_large_image\" \/>\n<meta name=\"twitter:label1\" content=\"Gesch\u00e4tzte Lesezeit\" \/>\n\t<meta name=\"twitter:data1\" content=\"3\u00a0Minuten\" \/>\n<script type=\"application\/ld+json\" class=\"yoast-schema-graph\">{\"@context\":\"https:\\\/\\\/schema.org\",\"@graph\":[{\"@type\":\"WebPage\",\"@id\":\"https:\\\/\\\/globe-europe.nl\\\/product\\\/paton-e6013-ano-36-elite-rutiel-laselektrode-o2-5mm\\\/\",\"url\":\"https:\\\/\\\/globe-europe.nl\\\/product\\\/paton-e6013-ano-36-elite-rutiel-laselektrode-o2-5mm\\\/\",\"name\":\"Paton E6013 ANO 36 ELITE | Rutiel Laselektrode \u00d82.5mm | Staal - Globe Europe\",\"isPartOf\":{\"@id\":\"https:\\\/\\\/globe-europe.nl\\\/#website\"},\"primaryImageOfPage\":{\"@id\":\"https:\\\/\\\/globe-europe.nl\\\/product\\\/paton-e6013-ano-36-elite-rutiel-laselektrode-o2-5mm\\\/#primaryimage\"},\"image\":{\"@id\":\"https:\\\/\\\/globe-europe.nl\\\/product\\\/paton-e6013-ano-36-elite-rutiel-laselektrode-o2-5mm\\\/#primaryimage\"},\"thumbnailUrl\":\"https:\\\/\\\/globe-europe.nl\\\/wp-content\\\/uploads\\\/2025\\\/02\\\/Paton-ANO-36-ELITE-Laselektrode-O25mm.jpg\",\"datePublished\":\"2025-02-06T09:47:27+00:00\",\"dateModified\":\"2026-05-14T16:20:29+00:00\",\"description\":\"Paton E6013 ANO 36 ELITE rutiel laselektrode \u00d82.5mm voor ongelegeerd staal. Geschikt voor alle posities, inclusief verticaal en neergaand lassen.\",\"breadcrumb\":{\"@id\":\"https:\\\/\\\/globe-europe.nl\\\/product\\\/paton-e6013-ano-36-elite-rutiel-laselektrode-o2-5mm\\\/#breadcrumb\"},\"inLanguage\":\"de\",\"potentialAction\":[{\"@type\":\"ReadAction\",\"target\":[\"https:\\\/\\\/globe-europe.nl\\\/product\\\/paton-e6013-ano-36-elite-rutiel-laselektrode-o2-5mm\\\/\"]}]},{\"@type\":\"ImageObject\",\"inLanguage\":\"de\",\"@id\":\"https:\\\/\\\/globe-europe.nl\\\/product\\\/paton-e6013-ano-36-elite-rutiel-laselektrode-o2-5mm\\\/#primaryimage\",\"url\":\"https:\\\/\\\/globe-europe.nl\\\/wp-content\\\/uploads\\\/2025\\\/02\\\/Paton-ANO-36-ELITE-Laselektrode-O25mm.jpg\",\"contentUrl\":\"https:\\\/\\\/globe-europe.nl\\\/wp-content\\\/uploads\\\/2025\\\/02\\\/Paton-ANO-36-ELITE-Laselektrode-O25mm.jpg\",\"width\":700,\"height\":700},{\"@type\":\"BreadcrumbList\",\"@id\":\"https:\\\/\\\/globe-europe.nl\\\/product\\\/paton-e6013-ano-36-elite-rutiel-laselektrode-o2-5mm\\\/#breadcrumb\",\"itemListElement\":[{\"@type\":\"ListItem\",\"position\":1,\"name\":\"Home\",\"item\":\"https:\\\/\\\/globe-europe.nl\\\/\"},{\"@type\":\"ListItem\",\"position\":2,\"name\":\"Winkel\",\"item\":\"https:\\\/\\\/globe-europe.nl\\\/winkel\\\/\"},{\"@type\":\"ListItem\",\"position\":3,\"name\":\"Paton E6013 ANO 36 ELITE Rutiel Laselektrode \u00d82.5mm\"}]},{\"@type\":\"WebSite\",\"@id\":\"https:\\\/\\\/globe-europe.nl\\\/#website\",\"url\":\"https:\\\/\\\/globe-europe.nl\\\/\",\"name\":\"Globe Europe\",\"description\":\"\",\"publisher\":{\"@id\":\"https:\\\/\\\/globe-europe.nl\\\/#organization\"},\"potentialAction\":[{\"@type\":\"SearchAction\",\"target\":{\"@type\":\"EntryPoint\",\"urlTemplate\":\"https:\\\/\\\/globe-europe.nl\\\/?s={search_term_string}\"},\"query-input\":{\"@type\":\"PropertyValueSpecification\",\"valueRequired\":true,\"valueName\":\"search_term_string\"}}],\"inLanguage\":\"de\"},{\"@type\":\"Organization\",\"@id\":\"https:\\\/\\\/globe-europe.nl\\\/#organization\",\"name\":\"Globe Europe\",\"url\":\"https:\\\/\\\/globe-europe.nl\\\/\",\"logo\":{\"@type\":\"ImageObject\",\"inLanguage\":\"de\",\"@id\":\"https:\\\/\\\/globe-europe.nl\\\/#\\\/schema\\\/logo\\\/image\\\/\",\"url\":\"https:\\\/\\\/globe-europe.nl\\\/wp-content\\\/uploads\\\/2025\\\/02\\\/GLOBE-LOGO-WEB-GROOT.png\",\"contentUrl\":\"https:\\\/\\\/globe-europe.nl\\\/wp-content\\\/uploads\\\/2025\\\/02\\\/GLOBE-LOGO-WEB-GROOT.png\",\"width\":938,\"height\":404,\"caption\":\"Globe Europe\"},\"image\":{\"@id\":\"https:\\\/\\\/globe-europe.nl\\\/#\\\/schema\\\/logo\\\/image\\\/\"}}]}<\/script>\n<!-- \/ Yoast SEO plugin. -->","yoast_head_json":{"title":"Paton E6013 ANO 36 ELITE | Rutil-Schwei\u00dfelektrode \u00d82,5mm | Stahl - Globe Europe","description":"Paton E6013 ANO 36 ELITE Rutilschwei\u00dfelektrode \u00d82,5mm f\u00fcr unlegierten Stahl. Geeignet f\u00fcr alle Positionen, einschlie\u00dflich vertikales und abw\u00e4rts gerichtetes Schwei\u00dfen.","robots":{"index":"index","follow":"follow","max-snippet":"max-snippet:-1","max-image-preview":"max-image-preview:large","max-video-preview":"max-video-preview:-1"},"canonical":"https:\/\/globe-europe.nl\/de\/produkt\/paton-e6013-ano-36-elite-rutile-schweiselektrode-o2-5mm\/","og_locale":"de_DE","og_type":"article","og_title":"Paton E6013 ANO 36 ELITE | Rutiel Laselektrode \u00d82.5mm | Staal - Globe Europe","og_description":"Paton E6013 ANO 36 ELITE rutiel laselektrode \u00d82.5mm voor ongelegeerd staal. Geschikt voor alle posities, inclusief verticaal en neergaand lassen.","og_url":"https:\/\/globe-europe.nl\/de\/produkt\/paton-e6013-ano-36-elite-rutile-schweiselektrode-o2-5mm\/","og_site_name":"Globe Europe","article_modified_time":"2026-05-14T16:20:29+00:00","og_image":[{"width":700,"height":700,"url":"https:\/\/globe-europe.nl\/wp-content\/uploads\/2025\/02\/Paton-ANO-36-ELITE-Laselektrode-O25mm.jpg","type":"image\/jpeg"}],"twitter_card":"summary_large_image","twitter_misc":{"Gesch\u00e4tzte Lesezeit":"3\u00a0Minuten"},"schema":{"@context":"https:\/\/schema.org","@graph":[{"@type":"WebPage","@id":"https:\/\/globe-europe.nl\/product\/paton-e6013-ano-36-elite-rutiel-laselektrode-o2-5mm\/","url":"https:\/\/globe-europe.nl\/product\/paton-e6013-ano-36-elite-rutiel-laselektrode-o2-5mm\/","name":"Paton E6013 ANO 36 ELITE | Rutil-Schwei\u00dfelektrode \u00d82,5mm | Stahl - Globe Europe","isPartOf":{"@id":"https:\/\/globe-europe.nl\/#website"},"primaryImageOfPage":{"@id":"https:\/\/globe-europe.nl\/product\/paton-e6013-ano-36-elite-rutiel-laselektrode-o2-5mm\/#primaryimage"},"image":{"@id":"https:\/\/globe-europe.nl\/product\/paton-e6013-ano-36-elite-rutiel-laselektrode-o2-5mm\/#primaryimage"},"thumbnailUrl":"https:\/\/globe-europe.nl\/wp-content\/uploads\/2025\/02\/Paton-ANO-36-ELITE-Laselektrode-O25mm.jpg","datePublished":"2025-02-06T09:47:27+00:00","dateModified":"2026-05-14T16:20:29+00:00","description":"Paton E6013 ANO 36 ELITE Rutilschwei\u00dfelektrode \u00d82,5mm f\u00fcr unlegierten Stahl. Geeignet f\u00fcr alle Positionen, einschlie\u00dflich vertikales und abw\u00e4rts gerichtetes Schwei\u00dfen.","breadcrumb":{"@id":"https:\/\/globe-europe.nl\/product\/paton-e6013-ano-36-elite-rutiel-laselektrode-o2-5mm\/#breadcrumb"},"inLanguage":"de","potentialAction":[{"@type":"ReadAction","target":["https:\/\/globe-europe.nl\/product\/paton-e6013-ano-36-elite-rutiel-laselektrode-o2-5mm\/"]}]},{"@type":"ImageObject","inLanguage":"de","@id":"https:\/\/globe-europe.nl\/product\/paton-e6013-ano-36-elite-rutiel-laselektrode-o2-5mm\/#primaryimage","url":"https:\/\/globe-europe.nl\/wp-content\/uploads\/2025\/02\/Paton-ANO-36-ELITE-Laselektrode-O25mm.jpg","contentUrl":"https:\/\/globe-europe.nl\/wp-content\/uploads\/2025\/02\/Paton-ANO-36-ELITE-Laselektrode-O25mm.jpg","width":700,"height":700},{"@type":"BreadcrumbList","@id":"https:\/\/globe-europe.nl\/product\/paton-e6013-ano-36-elite-rutiel-laselektrode-o2-5mm\/#breadcrumb","itemListElement":[{"@type":"ListItem","position":1,"name":"Home","item":"https:\/\/globe-europe.nl\/"},{"@type":"ListItem","position":2,"name":"Winkel","item":"https:\/\/globe-europe.nl\/winkel\/"},{"@type":"ListItem","position":3,"name":"Paton E6013 ANO 36 ELITE Rutiel Laselektrode \u00d82.5mm"}]},{"@type":"WebSite","@id":"https:\/\/globe-europe.nl\/#website","url":"https:\/\/globe-europe.nl\/","name":"Globe Europe","description":"","publisher":{"@id":"https:\/\/globe-europe.nl\/#organization"},"potentialAction":[{"@type":"SearchAction","target":{"@type":"EntryPoint","urlTemplate":"https:\/\/globe-europe.nl\/?s={search_term_string}"},"query-input":{"@type":"PropertyValueSpecification","valueRequired":true,"valueName":"search_term_string"}}],"inLanguage":"de"},{"@type":"Organization","@id":"https:\/\/globe-europe.nl\/#organization","name":"Globe Europe","url":"https:\/\/globe-europe.nl\/","logo":{"@type":"ImageObject","inLanguage":"de","@id":"https:\/\/globe-europe.nl\/#\/schema\/logo\/image\/","url":"https:\/\/globe-europe.nl\/wp-content\/uploads\/2025\/02\/GLOBE-LOGO-WEB-GROOT.png","contentUrl":"https:\/\/globe-europe.nl\/wp-content\/uploads\/2025\/02\/GLOBE-LOGO-WEB-GROOT.png","width":938,"height":404,"caption":"Globe Europe"},"image":{"@id":"https:\/\/globe-europe.nl\/#\/schema\/logo\/image\/"}}]}},"_links":{"self":[{"href":"https:\/\/globe-europe.nl\/de\/wp-json\/wp\/v2\/product\/1669","targetHints":{"allow":["GET"]}}],"collection":[{"href":"https:\/\/globe-europe.nl\/de\/wp-json\/wp\/v2\/product"}],"about":[{"href":"https:\/\/globe-europe.nl\/de\/wp-json\/wp\/v2\/types\/product"}],"replies":[{"embeddable":true,"href":"https:\/\/globe-europe.nl\/de\/wp-json\/wp\/v2\/comments?post=1669"}],"wp:featuredmedia":[{"embeddable":true,"href":"https:\/\/globe-europe.nl\/de\/wp-json\/wp\/v2\/media\/1668"}],"wp:attachment":[{"href":"https:\/\/globe-europe.nl\/de\/wp-json\/wp\/v2\/media?parent=1669"}],"wp:term":[{"taxonomy":"product_brand","embeddable":true,"href":"https:\/\/globe-europe.nl\/de\/wp-json\/wp\/v2\/product_brand?post=1669"},{"taxonomy":"product_cat","embeddable":true,"href":"https:\/\/globe-europe.nl\/de\/wp-json\/wp\/v2\/product_cat?post=1669"},{"taxonomy":"product_tag","embeddable":true,"href":"https:\/\/globe-europe.nl\/de\/wp-json\/wp\/v2\/product_tag?post=1669"}],"curies":[{"name":"wp","href":"https:\/\/api.w.org\/{rel}","templated":true}]}}