{"id":1671,"date":"2025-02-06T09:47:28","date_gmt":"2025-02-06T09:47:28","guid":{"rendered":"https:\/\/globe-europe.nl\/product\/geka-almg5-d-200-lasdraad-mig-2-kg-per-rol\/"},"modified":"2025-02-18T10:04:10","modified_gmt":"2025-02-18T10:04:10","slug":"geka-almg5-d-200-schweissdraht-mig-2kg-pro-rolle","status":"publish","type":"product","link":"https:\/\/globe-europe.nl\/de\/product\/geka-almg5-d-200-lasdraad-mig-2-kg-per-rol\/","title":{"rendered":"GeKa ALMg5 D-200 MIG Schwei\u00dfdraht - 2 Kg pro Rolle"},"content":{"rendered":"<h2><strong><span style=\"font-size: 20px;\">Eigenschaften GeKa ALMg5 D-200 Schwei\u00dfdraht MIG - 2 Kg pro Rolle<\/span><\/strong><\/h2>\n<p><strong>Verwendung und Funktionen<\/strong><\/p>\n<ul>\n<li>Hervorragend geeignet zum Verbinden von Aluminiumlegierungen<\/li>\n<li>Enth\u00e4lt mehr als 3% Magnesium (Mg)<\/li>\n<li>Widerstandsf\u00e4hig gegen die Auswirkungen von Meerwasser<\/li>\n<li>Zum Schwei\u00dfen von Bechern, Kesseln, Kolonnen und allen Arten von Schiffsanwendungen<\/li>\n<li>Es wird empfohlen, den Arbeitsbereich beim Schwei\u00dfen von Blechen mit einer Dicke von mehr als 10 mm auf 150\u00b0C vorzuw\u00e4rmen.<\/li>\n<li>Empfohlene Verwendung von 100% Argon<\/li>\n<li>D-200 Spule<\/li>\n<\/ul>\n<p><strong>Klasse der schwei\u00dfbaren Materialien<\/strong><\/p>\n<ul class=\"g_list\">\n<li>AIMg 5, AIMg 4.5, AIMgSi 1, AIMg 2.5Mn, AIMg 2 Mn 0.8, AIMg 3, AIMg 3 Si, AIMg 4.5 Mn,<\/li>\n<li>AIMg Si 0,5, AIMgSi 0,7, AIMgSi 0,8, AIMgSi 1 Cu, AIZn 4,5 Mg 1<\/li>\n<li>G-AIMg 5, G-AIMg 10, G-AIMg 3(Cu), G-AlMg 3, G-AIMg 3 Si<\/li>\n<\/ul>\n<h3>Technische Daten<\/h3>\n<p><strong>Normen<\/strong><\/p>\n<table class=\"table table-bordered table-striped table-hover\" border=\"0\">\n<tbody>\n<tr>\n<th>TS UND ISO 18273<\/th>\n<td>S Al 5356 (AlMg5Cr(A))<\/td>\n<\/tr>\n<tr>\n<th>EN ISO 18273<\/th>\n<td>S Al 5356 (AlMg5Cr(A))<\/td>\n<\/tr>\n<tr>\n<th>AWS A5.10<\/th>\n<td>ER 5356<\/td>\n<\/tr>\n<\/tbody>\n<\/table>\n<p><strong>Chemische Zusammensetzung von Schwei\u00dfdraht %<\/strong><\/p>\n<table class=\"table table-bordered table-striped table-hover\" border=\"0\">\n<tbody>\n<tr>\n<th>Mn<\/th>\n<td>0,30<\/td>\n<\/tr>\n<tr>\n<th>Si<\/th>\n<td>&lt;0,25<\/td>\n<\/tr>\n<tr>\n<th>Fe<\/th>\n<td>&lt;0,40<\/td>\n<\/tr>\n<tr>\n<th>Al<\/th>\n<td>Rest<\/td>\n<\/tr>\n<tr>\n<th>mg<\/th>\n<td>5,00<\/td>\n<\/tr>\n<\/tbody>\n<\/table>\n<p><strong>Mechanische Eigenschaften<\/strong><\/p>\n<table class=\"table table-bordered table-striped table-hover\" border=\"0\" width=\"100%\">\n<tbody>\n<tr>\n<th>Streckgrenze (N\/mm\u00b2)<\/th>\n<th>Zugfestigkeit (N\/mm\u00b2)<\/th>\n<th>Erweiterung ((Lo=5do) (%))<\/th>\n<th>Betriebstemperatur (\u00b0C)<\/th>\n<\/tr>\n<tr>\n<td>180<\/td>\n<td>260<\/td>\n<td>20<\/td>\n<td>575 &#8211; 633<\/td>\n<\/tr>\n<\/tbody>\n<\/table>\n<p><strong>Verfahren zum Schwei\u00dfen<\/strong><\/p>\n<table class=\"table table-bordered table-striped table-hover\" style=\"height: 29px;\" border=\"0\" width=\"131\">\n<tbody>\n<tr>\n<th>MIG<\/th>\n<\/tr>\n<tr>\n<td>Gleichstrom(+)<\/td>\n<\/tr>\n<\/tbody>\n<\/table>\n<h3>Umfang der Lieferung<\/h3>\n<ul>\n<li>Pro Rolle<\/li>\n<li>Inklusive Zertifikate<\/li>\n<\/ul>","protected":false},"excerpt":{"rendered":"<p><strong>Positionen beim Schwei\u00dfen<\/strong><\/p>\n<p><img loading=\"lazy\" decoding=\"async\" class=\"alignnone wp-image-411143\" src=\"https:\/\/bjctools.nl\/wp-content\/uploads\/2023\/02\/Knipsel6.png\" alt=\"\" width=\"755\" height=\"102\" \/><\/p>","protected":false},"featured_media":2381,"comment_status":"open","ping_status":"closed","template":"","meta":[],"product_brand":[326],"product_cat":[28,342],"product_tag":[],"class_list":{"0":"post-1671","1":"product","2":"type-product","3":"status-publish","4":"has-post-thumbnail","6":"product_brand-geka","7":"product_cat-lasbenodigdheden","8":"product_cat-lasdraad","10":"first","11":"instock","12":"shipping-taxable","13":"product-type-simple"},"ct_brands":[{"id":326,"name":"GEKA","slug":"geka"}],"yoast_head":"<!-- This site is optimized with the Yoast SEO plugin v27.3 - https:\/\/yoast.com\/product\/yoast-seo-wordpress\/ -->\n<title>GeKa ALMg5 D-200 Lasdraad MIG \u2013 2 Kg | Aluminium &amp; Maritieme - Globe Europe<\/title>\n<meta name=\"description\" content=\"GeKa ALMg5 MIG-lasdraad (2 kg) met &gt;3% Mg. Ideaal voor aluminiumverbindingen en maritieme toepassingen. Bestand tegen zeewater. Geschikt voor 100% Argon gas\" \/>\n<meta name=\"robots\" content=\"index, follow, max-snippet:-1, max-image-preview:large, max-video-preview:-1\" \/>\n<link rel=\"canonical\" href=\"https:\/\/globe-europe.nl\/de\/produkt\/geka-almg5-d-200-schweissdraht-mig-2kg-pro-rolle\/\" \/>\n<meta property=\"og:locale\" content=\"de_DE\" \/>\n<meta property=\"og:type\" content=\"article\" \/>\n<meta property=\"og:title\" content=\"GeKa ALMg5 D-200 Lasdraad MIG \u2013 2 Kg | Aluminium &amp; Maritieme - Globe Europe\" \/>\n<meta property=\"og:description\" content=\"GeKa ALMg5 MIG-lasdraad (2 kg) met &gt;3% Mg. Ideaal voor aluminiumverbindingen en maritieme toepassingen. Bestand tegen zeewater. Geschikt voor 100% Argon gas\" \/>\n<meta property=\"og:url\" content=\"https:\/\/globe-europe.nl\/de\/produkt\/geka-almg5-d-200-schweissdraht-mig-2kg-pro-rolle\/\" \/>\n<meta property=\"og:site_name\" content=\"Globe Europe\" \/>\n<meta property=\"article:modified_time\" content=\"2025-02-18T10:04:10+00:00\" \/>\n<meta property=\"og:image\" content=\"https:\/\/globe-europe.nl\/wp-content\/uploads\/2025\/02\/Geka-ALMg5.png\" \/>\n\t<meta property=\"og:image:width\" content=\"700\" \/>\n\t<meta property=\"og:image:height\" content=\"700\" \/>\n\t<meta property=\"og:image:type\" content=\"image\/png\" \/>\n<meta name=\"twitter:card\" content=\"summary_large_image\" \/>\n<meta name=\"twitter:label1\" content=\"Gesch\u00e4tzte Lesezeit\" \/>\n\t<meta name=\"twitter:data1\" content=\"2\u00a0Minuten\" \/>\n<script type=\"application\/ld+json\" class=\"yoast-schema-graph\">{\"@context\":\"https:\\\/\\\/schema.org\",\"@graph\":[{\"@type\":\"WebPage\",\"@id\":\"https:\\\/\\\/globe-europe.nl\\\/product\\\/geka-almg5-d-200-lasdraad-mig-2-kg-per-rol\\\/\",\"url\":\"https:\\\/\\\/globe-europe.nl\\\/product\\\/geka-almg5-d-200-lasdraad-mig-2-kg-per-rol\\\/\",\"name\":\"GeKa ALMg5 D-200 Lasdraad MIG \u2013 2 Kg | Aluminium & Maritieme - Globe Europe\",\"isPartOf\":{\"@id\":\"https:\\\/\\\/globe-europe.nl\\\/#website\"},\"primaryImageOfPage\":{\"@id\":\"https:\\\/\\\/globe-europe.nl\\\/product\\\/geka-almg5-d-200-lasdraad-mig-2-kg-per-rol\\\/#primaryimage\"},\"image\":{\"@id\":\"https:\\\/\\\/globe-europe.nl\\\/product\\\/geka-almg5-d-200-lasdraad-mig-2-kg-per-rol\\\/#primaryimage\"},\"thumbnailUrl\":\"https:\\\/\\\/globe-europe.nl\\\/wp-content\\\/uploads\\\/2025\\\/02\\\/Geka-ALMg5.png\",\"datePublished\":\"2025-02-06T09:47:28+00:00\",\"dateModified\":\"2025-02-18T10:04:10+00:00\",\"description\":\"GeKa ALMg5 MIG-lasdraad (2 kg) met >3% Mg. Ideaal voor aluminiumverbindingen en maritieme toepassingen. Bestand tegen zeewater. Geschikt voor 100% Argon gas\",\"breadcrumb\":{\"@id\":\"https:\\\/\\\/globe-europe.nl\\\/product\\\/geka-almg5-d-200-lasdraad-mig-2-kg-per-rol\\\/#breadcrumb\"},\"inLanguage\":\"de\",\"potentialAction\":[{\"@type\":\"ReadAction\",\"target\":[\"https:\\\/\\\/globe-europe.nl\\\/product\\\/geka-almg5-d-200-lasdraad-mig-2-kg-per-rol\\\/\"]}]},{\"@type\":\"ImageObject\",\"inLanguage\":\"de\",\"@id\":\"https:\\\/\\\/globe-europe.nl\\\/product\\\/geka-almg5-d-200-lasdraad-mig-2-kg-per-rol\\\/#primaryimage\",\"url\":\"https:\\\/\\\/globe-europe.nl\\\/wp-content\\\/uploads\\\/2025\\\/02\\\/Geka-ALMg5.png\",\"contentUrl\":\"https:\\\/\\\/globe-europe.nl\\\/wp-content\\\/uploads\\\/2025\\\/02\\\/Geka-ALMg5.png\",\"width\":700,\"height\":700,\"caption\":\"GeKa ALMg5 D-200 Lasdraad MIG \u2013 2 Kg per Rol\"},{\"@type\":\"BreadcrumbList\",\"@id\":\"https:\\\/\\\/globe-europe.nl\\\/product\\\/geka-almg5-d-200-lasdraad-mig-2-kg-per-rol\\\/#breadcrumb\",\"itemListElement\":[{\"@type\":\"ListItem\",\"position\":1,\"name\":\"Home\",\"item\":\"https:\\\/\\\/globe-europe.nl\\\/\"},{\"@type\":\"ListItem\",\"position\":2,\"name\":\"Winkel\",\"item\":\"https:\\\/\\\/globe-europe.nl\\\/winkel\\\/\"},{\"@type\":\"ListItem\",\"position\":3,\"name\":\"GeKa ALMg5 D-200 Lasdraad MIG &#8211; 2 Kg per Rol\"}]},{\"@type\":\"WebSite\",\"@id\":\"https:\\\/\\\/globe-europe.nl\\\/#website\",\"url\":\"https:\\\/\\\/globe-europe.nl\\\/\",\"name\":\"Globe Europe\",\"description\":\"\",\"publisher\":{\"@id\":\"https:\\\/\\\/globe-europe.nl\\\/#organization\"},\"potentialAction\":[{\"@type\":\"SearchAction\",\"target\":{\"@type\":\"EntryPoint\",\"urlTemplate\":\"https:\\\/\\\/globe-europe.nl\\\/?s={search_term_string}\"},\"query-input\":{\"@type\":\"PropertyValueSpecification\",\"valueRequired\":true,\"valueName\":\"search_term_string\"}}],\"inLanguage\":\"de\"},{\"@type\":\"Organization\",\"@id\":\"https:\\\/\\\/globe-europe.nl\\\/#organization\",\"name\":\"Globe Europe\",\"url\":\"https:\\\/\\\/globe-europe.nl\\\/\",\"logo\":{\"@type\":\"ImageObject\",\"inLanguage\":\"de\",\"@id\":\"https:\\\/\\\/globe-europe.nl\\\/#\\\/schema\\\/logo\\\/image\\\/\",\"url\":\"https:\\\/\\\/globe-europe.nl\\\/wp-content\\\/uploads\\\/2025\\\/02\\\/GLOBE-LOGO-WEB-GROOT.png\",\"contentUrl\":\"https:\\\/\\\/globe-europe.nl\\\/wp-content\\\/uploads\\\/2025\\\/02\\\/GLOBE-LOGO-WEB-GROOT.png\",\"width\":938,\"height\":404,\"caption\":\"Globe Europe\"},\"image\":{\"@id\":\"https:\\\/\\\/globe-europe.nl\\\/#\\\/schema\\\/logo\\\/image\\\/\"}}]}<\/script>\n<!-- \/ Yoast SEO plugin. -->","yoast_head_json":{"title":"GeKa ALMg5 D-200 Schweissdraht MIG - 2 Kg | Aluminium &amp; Marine - Globe Europe","description":"GeKa ALMg5 MIG-Schwei\u00dfdraht (2 kg) mit &gt;3% Mg. Ideal f\u00fcr Aluminiumverbindungen und Marineanwendungen. Best\u00e4ndig gegen Seewasser. Geeignet f\u00fcr 100% Argon Gas","robots":{"index":"index","follow":"follow","max-snippet":"max-snippet:-1","max-image-preview":"max-image-preview:large","max-video-preview":"max-video-preview:-1"},"canonical":"https:\/\/globe-europe.nl\/de\/produkt\/geka-almg5-d-200-schweissdraht-mig-2kg-pro-rolle\/","og_locale":"de_DE","og_type":"article","og_title":"GeKa ALMg5 D-200 Lasdraad MIG \u2013 2 Kg | Aluminium & Maritieme - Globe Europe","og_description":"GeKa ALMg5 MIG-lasdraad (2 kg) met >3% Mg. Ideaal voor aluminiumverbindingen en maritieme toepassingen. Bestand tegen zeewater. Geschikt voor 100% Argon gas","og_url":"https:\/\/globe-europe.nl\/de\/produkt\/geka-almg5-d-200-schweissdraht-mig-2kg-pro-rolle\/","og_site_name":"Globe Europe","article_modified_time":"2025-02-18T10:04:10+00:00","og_image":[{"width":700,"height":700,"url":"https:\/\/globe-europe.nl\/wp-content\/uploads\/2025\/02\/Geka-ALMg5.png","type":"image\/png"}],"twitter_card":"summary_large_image","twitter_misc":{"Gesch\u00e4tzte Lesezeit":"2\u00a0Minuten"},"schema":{"@context":"https:\/\/schema.org","@graph":[{"@type":"WebPage","@id":"https:\/\/globe-europe.nl\/product\/geka-almg5-d-200-lasdraad-mig-2-kg-per-rol\/","url":"https:\/\/globe-europe.nl\/product\/geka-almg5-d-200-lasdraad-mig-2-kg-per-rol\/","name":"GeKa ALMg5 D-200 Schweissdraht MIG - 2 Kg | Aluminium &amp; Marine - Globe Europe","isPartOf":{"@id":"https:\/\/globe-europe.nl\/#website"},"primaryImageOfPage":{"@id":"https:\/\/globe-europe.nl\/product\/geka-almg5-d-200-lasdraad-mig-2-kg-per-rol\/#primaryimage"},"image":{"@id":"https:\/\/globe-europe.nl\/product\/geka-almg5-d-200-lasdraad-mig-2-kg-per-rol\/#primaryimage"},"thumbnailUrl":"https:\/\/globe-europe.nl\/wp-content\/uploads\/2025\/02\/Geka-ALMg5.png","datePublished":"2025-02-06T09:47:28+00:00","dateModified":"2025-02-18T10:04:10+00:00","description":"GeKa ALMg5 MIG-Schwei\u00dfdraht (2 kg) mit &gt;3% Mg. Ideal f\u00fcr Aluminiumverbindungen und Marineanwendungen. Best\u00e4ndig gegen Seewasser. Geeignet f\u00fcr 100% Argon Gas","breadcrumb":{"@id":"https:\/\/globe-europe.nl\/product\/geka-almg5-d-200-lasdraad-mig-2-kg-per-rol\/#breadcrumb"},"inLanguage":"de","potentialAction":[{"@type":"ReadAction","target":["https:\/\/globe-europe.nl\/product\/geka-almg5-d-200-lasdraad-mig-2-kg-per-rol\/"]}]},{"@type":"ImageObject","inLanguage":"de","@id":"https:\/\/globe-europe.nl\/product\/geka-almg5-d-200-lasdraad-mig-2-kg-per-rol\/#primaryimage","url":"https:\/\/globe-europe.nl\/wp-content\/uploads\/2025\/02\/Geka-ALMg5.png","contentUrl":"https:\/\/globe-europe.nl\/wp-content\/uploads\/2025\/02\/Geka-ALMg5.png","width":700,"height":700,"caption":"GeKa ALMg5 D-200 Lasdraad MIG \u2013 2 Kg per Rol"},{"@type":"BreadcrumbList","@id":"https:\/\/globe-europe.nl\/product\/geka-almg5-d-200-lasdraad-mig-2-kg-per-rol\/#breadcrumb","itemListElement":[{"@type":"ListItem","position":1,"name":"Home","item":"https:\/\/globe-europe.nl\/"},{"@type":"ListItem","position":2,"name":"Winkel","item":"https:\/\/globe-europe.nl\/winkel\/"},{"@type":"ListItem","position":3,"name":"GeKa ALMg5 D-200 Lasdraad MIG &#8211; 2 Kg per Rol"}]},{"@type":"WebSite","@id":"https:\/\/globe-europe.nl\/#website","url":"https:\/\/globe-europe.nl\/","name":"Globe Europe","description":"","publisher":{"@id":"https:\/\/globe-europe.nl\/#organization"},"potentialAction":[{"@type":"SearchAction","target":{"@type":"EntryPoint","urlTemplate":"https:\/\/globe-europe.nl\/?s={search_term_string}"},"query-input":{"@type":"PropertyValueSpecification","valueRequired":true,"valueName":"search_term_string"}}],"inLanguage":"de"},{"@type":"Organization","@id":"https:\/\/globe-europe.nl\/#organization","name":"Globe Europe","url":"https:\/\/globe-europe.nl\/","logo":{"@type":"ImageObject","inLanguage":"de","@id":"https:\/\/globe-europe.nl\/#\/schema\/logo\/image\/","url":"https:\/\/globe-europe.nl\/wp-content\/uploads\/2025\/02\/GLOBE-LOGO-WEB-GROOT.png","contentUrl":"https:\/\/globe-europe.nl\/wp-content\/uploads\/2025\/02\/GLOBE-LOGO-WEB-GROOT.png","width":938,"height":404,"caption":"Globe Europe"},"image":{"@id":"https:\/\/globe-europe.nl\/#\/schema\/logo\/image\/"}}]}},"_links":{"self":[{"href":"https:\/\/globe-europe.nl\/de\/wp-json\/wp\/v2\/product\/1671","targetHints":{"allow":["GET"]}}],"collection":[{"href":"https:\/\/globe-europe.nl\/de\/wp-json\/wp\/v2\/product"}],"about":[{"href":"https:\/\/globe-europe.nl\/de\/wp-json\/wp\/v2\/types\/product"}],"replies":[{"embeddable":true,"href":"https:\/\/globe-europe.nl\/de\/wp-json\/wp\/v2\/comments?post=1671"}],"wp:featuredmedia":[{"embeddable":true,"href":"https:\/\/globe-europe.nl\/de\/wp-json\/wp\/v2\/media\/2381"}],"wp:attachment":[{"href":"https:\/\/globe-europe.nl\/de\/wp-json\/wp\/v2\/media?parent=1671"}],"wp:term":[{"taxonomy":"product_brand","embeddable":true,"href":"https:\/\/globe-europe.nl\/de\/wp-json\/wp\/v2\/product_brand?post=1671"},{"taxonomy":"product_cat","embeddable":true,"href":"https:\/\/globe-europe.nl\/de\/wp-json\/wp\/v2\/product_cat?post=1671"},{"taxonomy":"product_tag","embeddable":true,"href":"https:\/\/globe-europe.nl\/de\/wp-json\/wp\/v2\/product_tag?post=1671"}],"curies":[{"name":"wp","href":"https:\/\/api.w.org\/{rel}","templated":true}]}}