{"id":1673,"date":"2025-02-06T09:47:29","date_gmt":"2025-02-06T09:47:29","guid":{"rendered":"https:\/\/globe-europe.nl\/product\/geka-sg2-er70s-lasdraad-tig-5-kg-per-verpakking\/"},"modified":"2025-02-18T10:02:45","modified_gmt":"2025-02-18T10:02:45","slug":"geka-sg2-er70s-schweissdraht-tig-5kg-pro-packung","status":"publish","type":"product","link":"https:\/\/globe-europe.nl\/de\/product\/geka-sg2-er70s-lasdraad-tig-5-kg-per-verpakking\/","title":{"rendered":"GeKa SG2 ER70S WIG-Schwei\u00dfdraht - 5 kg pro Packung"},"content":{"rendered":"<h2><span style=\"font-size: 20px;\"><strong>Eigenschaften GeKa SG2 ER70S WIG-Schwei\u00dfdraht - 5 kg pro Packung<\/strong><\/span><\/h2>\n<p><strong>Verwendung und Funktionen<\/strong><\/p>\n<ul>\n<li>Schwei\u00dfdraht, der h\u00e4ufig im Stahl- und Maschinenbau verwendet wird<\/li>\n<li>Geeignet f\u00fcr verschiedene Aufgaben wie das Schwei\u00dfen von Schiffen, Kesselbeh\u00e4ltern und Rohrst\u00fccken, aber auch sehr gut geeignet f\u00fcr das Schwei\u00dfen von d\u00fcnnwandigem Stahl, zum Beispiel in der Automobilindustrie<\/li>\n<li>Sanfter Drahtvorschub und perfekte Schwei\u00dfeigenschaften<\/li>\n<li>Zum Schwei\u00dfen von unlegierten und niedrig legierten St\u00e4hlen<\/li>\n<li>Empfohlene Verwendung von Mischgas 85% Argon und 15% Co2<\/li>\n<\/ul>\n<p><strong>Schwei\u00dfbare Materialklassen<\/strong><\/p>\n<ul class=\"g_list\">\n<li>E295, E335, S235J2G3-S355J2G3, P235T1-P355T1, P235T2, P355T2,<\/li>\n<li>L210NB-L415NB, L210MB-L415MB, P235G1TH, P255G1TH, P235GH-P355GH,<\/li>\n<li>S235JRS1-S235J4S, S315G1S-S355G3S, S255N-S380N,P255NH P355NH, GE200- GE260<\/li>\n<\/ul>\n<h3><strong>Technische Daten<\/strong><\/h3>\n<p><strong>Normen<\/strong><\/p>\n<table class=\"table table-bordered table-striped table-hover\" border=\"0\">\n<tbody>\n<tr>\n<th>TS UND ISO 14341-A<\/th>\n<td>G3Si1<\/td>\n<\/tr>\n<tr>\n<th>EN ISO 14341-A<\/th>\n<td>G3Si1<\/td>\n<\/tr>\n<tr>\n<th>TS UND ISO 636-A<\/th>\n<td>W 3Si1<\/td>\n<\/tr>\n<tr>\n<th>EN ISO 636-A<\/th>\n<td>W3Si 1<\/td>\n<\/tr>\n<tr>\n<th>AWS A5.18<\/th>\n<td>ER 70 S-6<\/td>\n<\/tr>\n<\/tbody>\n<\/table>\n<p>&nbsp;<\/p>\n<p><strong>Chemische Zusammensetzung von Schwei\u00dfdraht %<\/strong><\/p>\n<table class=\"table table-bordered table-striped table-hover\" border=\"0\">\n<tbody>\n<tr>\n<th>C<\/th>\n<td>0,08<\/td>\n<\/tr>\n<tr>\n<th>Mn<\/th>\n<td>1,45<\/td>\n<\/tr>\n<tr>\n<th>Si<\/th>\n<td>0,85<\/td>\n<\/tr>\n<\/tbody>\n<\/table>\n<p>&nbsp;<\/p>\n<p><strong>Mechanische Eigenschaften<\/strong><\/p>\n<div class=\"table-responsive\">\n<table class=\"table table-bordered table-striped table-hover\" border=\"0\" width=\"100%\">\n<tbody>\n<tr>\n<th>Streckgrenze (N\/mm\u00b2)<\/th>\n<th>Zugfestigkeit (N\/mm\u00b2)<\/th>\n<th>Schlagfestigkeit (ISO-V\/-30\u00b0C)<\/th>\n<th>Erweiterung ((Lo=5do) (%))<\/th>\n<\/tr>\n<tr>\n<td>min. 420<\/td>\n<td>500 &#8211; 640<\/td>\n<td>min. 47 J<\/td>\n<td>min. 22<\/td>\n<\/tr>\n<\/tbody>\n<\/table>\n<p>&nbsp;<\/p>\n<p><strong>Verfahren zum Schwei\u00dfen<\/strong><\/p>\n<div class=\"table-responsive\">\n<table class=\"table table-bordered table-striped table-hover\" style=\"height: 77px;\" border=\"0\" width=\"130\">\n<tbody>\n<tr>\n<th>MAG<\/th>\n<\/tr>\n<tr>\n<td>Gleichstrom(+)<\/td>\n<\/tr>\n<tr>\n<td>Gleichstrom(-)<\/td>\n<\/tr>\n<\/tbody>\n<\/table>\n<\/div>\n<\/div>\n<p>&nbsp;<\/p>\n<h3><strong>Umfang der Lieferung<\/strong><\/h3>\n<ul>\n<li>Pro Packung<\/li>\n<li>Inklusive Zertifikate<\/li>\n<\/ul>","protected":false},"excerpt":{"rendered":"<p><strong>Positionen beim Schwei\u00dfen<\/strong><\/p>\n<p><img loading=\"lazy\" decoding=\"async\" class=\"wp-image-411134 alignnone\" src=\"https:\/\/bjctools.nl\/wp-content\/uploads\/2023\/02\/Knipsel5.png\" alt=\"\" width=\"769\" height=\"101\" \/><\/p>","protected":false},"featured_media":2379,"comment_status":"open","ping_status":"closed","template":"","meta":[],"product_brand":[326],"product_cat":[28,342],"product_tag":[],"class_list":{"0":"post-1673","1":"product","2":"type-product","3":"status-publish","4":"has-post-thumbnail","6":"product_brand-geka","7":"product_cat-lasbenodigdheden","8":"product_cat-lasdraad","10":"first","11":"instock","12":"shipping-taxable","13":"product-type-simple"},"ct_brands":[{"id":326,"name":"GEKA","slug":"geka"}],"yoast_head":"<!-- This site is optimized with the Yoast SEO plugin v27.3 - https:\/\/yoast.com\/product\/yoast-seo-wordpress\/ -->\n<title>GeKa SG2 ER70S Lasdraad TIG \u2013 5 Kg | Staal\/Machine\/Schepen - Globe Europe<\/title>\n<meta name=\"description\" content=\"GeKa SG2 ER70S TIG-lasdraad (5 kg) voor ongelegeerd en laagelegeerd staal. Ideaal voor staal-, machine- en scheepsbouw. Geschikt voor Ar+15% CO\u2082 gas.\" \/>\n<meta name=\"robots\" content=\"index, follow, max-snippet:-1, max-image-preview:large, max-video-preview:-1\" \/>\n<link rel=\"canonical\" href=\"https:\/\/globe-europe.nl\/de\/produkt\/geka-sg2-er70s-schweissdraht-tig-5kg-pro-packung\/\" \/>\n<meta property=\"og:locale\" content=\"de_DE\" \/>\n<meta property=\"og:type\" content=\"article\" \/>\n<meta property=\"og:title\" content=\"GeKa SG2 ER70S Lasdraad TIG \u2013 5 Kg | Staal\/Machine\/Schepen - Globe Europe\" \/>\n<meta property=\"og:description\" content=\"GeKa SG2 ER70S TIG-lasdraad (5 kg) voor ongelegeerd en laagelegeerd staal. Ideaal voor staal-, machine- en scheepsbouw. Geschikt voor Ar+15% CO\u2082 gas.\" \/>\n<meta property=\"og:url\" content=\"https:\/\/globe-europe.nl\/de\/produkt\/geka-sg2-er70s-schweissdraht-tig-5kg-pro-packung\/\" \/>\n<meta property=\"og:site_name\" content=\"Globe Europe\" \/>\n<meta property=\"article:modified_time\" content=\"2025-02-18T10:02:45+00:00\" \/>\n<meta property=\"og:image\" content=\"https:\/\/globe-europe.nl\/wp-content\/uploads\/2025\/02\/Geka-SG.png\" \/>\n\t<meta property=\"og:image:width\" content=\"700\" \/>\n\t<meta property=\"og:image:height\" content=\"700\" \/>\n\t<meta property=\"og:image:type\" content=\"image\/png\" \/>\n<meta name=\"twitter:card\" content=\"summary_large_image\" \/>\n<meta name=\"twitter:label1\" content=\"Gesch\u00e4tzte Lesezeit\" \/>\n\t<meta name=\"twitter:data1\" content=\"1\u00a0Minute\" \/>\n<script type=\"application\/ld+json\" class=\"yoast-schema-graph\">{\"@context\":\"https:\\\/\\\/schema.org\",\"@graph\":[{\"@type\":\"WebPage\",\"@id\":\"https:\\\/\\\/globe-europe.nl\\\/product\\\/geka-sg2-er70s-lasdraad-tig-5-kg-per-verpakking\\\/\",\"url\":\"https:\\\/\\\/globe-europe.nl\\\/product\\\/geka-sg2-er70s-lasdraad-tig-5-kg-per-verpakking\\\/\",\"name\":\"GeKa SG2 ER70S Lasdraad TIG \u2013 5 Kg | Staal\\\/Machine\\\/Schepen - Globe Europe\",\"isPartOf\":{\"@id\":\"https:\\\/\\\/globe-europe.nl\\\/#website\"},\"primaryImageOfPage\":{\"@id\":\"https:\\\/\\\/globe-europe.nl\\\/product\\\/geka-sg2-er70s-lasdraad-tig-5-kg-per-verpakking\\\/#primaryimage\"},\"image\":{\"@id\":\"https:\\\/\\\/globe-europe.nl\\\/product\\\/geka-sg2-er70s-lasdraad-tig-5-kg-per-verpakking\\\/#primaryimage\"},\"thumbnailUrl\":\"https:\\\/\\\/globe-europe.nl\\\/wp-content\\\/uploads\\\/2025\\\/02\\\/Geka-SG.png\",\"datePublished\":\"2025-02-06T09:47:29+00:00\",\"dateModified\":\"2025-02-18T10:02:45+00:00\",\"description\":\"GeKa SG2 ER70S TIG-lasdraad (5 kg) voor ongelegeerd en laagelegeerd staal. Ideaal voor staal-, machine- en scheepsbouw. Geschikt voor Ar+15% CO\u2082 gas.\",\"breadcrumb\":{\"@id\":\"https:\\\/\\\/globe-europe.nl\\\/product\\\/geka-sg2-er70s-lasdraad-tig-5-kg-per-verpakking\\\/#breadcrumb\"},\"inLanguage\":\"de\",\"potentialAction\":[{\"@type\":\"ReadAction\",\"target\":[\"https:\\\/\\\/globe-europe.nl\\\/product\\\/geka-sg2-er70s-lasdraad-tig-5-kg-per-verpakking\\\/\"]}]},{\"@type\":\"ImageObject\",\"inLanguage\":\"de\",\"@id\":\"https:\\\/\\\/globe-europe.nl\\\/product\\\/geka-sg2-er70s-lasdraad-tig-5-kg-per-verpakking\\\/#primaryimage\",\"url\":\"https:\\\/\\\/globe-europe.nl\\\/wp-content\\\/uploads\\\/2025\\\/02\\\/Geka-SG.png\",\"contentUrl\":\"https:\\\/\\\/globe-europe.nl\\\/wp-content\\\/uploads\\\/2025\\\/02\\\/Geka-SG.png\",\"width\":700,\"height\":700,\"caption\":\"GeKa SG1 Lasdraad TIG - 5 Kg per verpakking\"},{\"@type\":\"BreadcrumbList\",\"@id\":\"https:\\\/\\\/globe-europe.nl\\\/product\\\/geka-sg2-er70s-lasdraad-tig-5-kg-per-verpakking\\\/#breadcrumb\",\"itemListElement\":[{\"@type\":\"ListItem\",\"position\":1,\"name\":\"Home\",\"item\":\"https:\\\/\\\/globe-europe.nl\\\/\"},{\"@type\":\"ListItem\",\"position\":2,\"name\":\"Winkel\",\"item\":\"https:\\\/\\\/globe-europe.nl\\\/winkel\\\/\"},{\"@type\":\"ListItem\",\"position\":3,\"name\":\"GeKa SG2 ER70S Lasdraad TIG \u2013 5 Kg per verpakking\"}]},{\"@type\":\"WebSite\",\"@id\":\"https:\\\/\\\/globe-europe.nl\\\/#website\",\"url\":\"https:\\\/\\\/globe-europe.nl\\\/\",\"name\":\"Globe Europe\",\"description\":\"\",\"publisher\":{\"@id\":\"https:\\\/\\\/globe-europe.nl\\\/#organization\"},\"potentialAction\":[{\"@type\":\"SearchAction\",\"target\":{\"@type\":\"EntryPoint\",\"urlTemplate\":\"https:\\\/\\\/globe-europe.nl\\\/?s={search_term_string}\"},\"query-input\":{\"@type\":\"PropertyValueSpecification\",\"valueRequired\":true,\"valueName\":\"search_term_string\"}}],\"inLanguage\":\"de\"},{\"@type\":\"Organization\",\"@id\":\"https:\\\/\\\/globe-europe.nl\\\/#organization\",\"name\":\"Globe Europe\",\"url\":\"https:\\\/\\\/globe-europe.nl\\\/\",\"logo\":{\"@type\":\"ImageObject\",\"inLanguage\":\"de\",\"@id\":\"https:\\\/\\\/globe-europe.nl\\\/#\\\/schema\\\/logo\\\/image\\\/\",\"url\":\"https:\\\/\\\/globe-europe.nl\\\/wp-content\\\/uploads\\\/2025\\\/02\\\/GLOBE-LOGO-WEB-GROOT.png\",\"contentUrl\":\"https:\\\/\\\/globe-europe.nl\\\/wp-content\\\/uploads\\\/2025\\\/02\\\/GLOBE-LOGO-WEB-GROOT.png\",\"width\":938,\"height\":404,\"caption\":\"Globe Europe\"},\"image\":{\"@id\":\"https:\\\/\\\/globe-europe.nl\\\/#\\\/schema\\\/logo\\\/image\\\/\"}}]}<\/script>\n<!-- \/ Yoast SEO plugin. -->","yoast_head_json":{"title":"GeKa SG2 ER70S WIG-Schwei\u00dfdraht - 5 Kg | Stahl\/Maschinenbau\/Beh\u00e4lter - Globe Europe","description":"GeKa SG2 ER70S WIG-Schwei\u00dfdraht (5 kg) f\u00fcr unlegierte und niedriglegierte St\u00e4hle. Ideal f\u00fcr Stahl, Maschinen- und Schiffbau. Geeignet f\u00fcr Ar+15% CO\u2082-Gas.","robots":{"index":"index","follow":"follow","max-snippet":"max-snippet:-1","max-image-preview":"max-image-preview:large","max-video-preview":"max-video-preview:-1"},"canonical":"https:\/\/globe-europe.nl\/de\/produkt\/geka-sg2-er70s-schweissdraht-tig-5kg-pro-packung\/","og_locale":"de_DE","og_type":"article","og_title":"GeKa SG2 ER70S Lasdraad TIG \u2013 5 Kg | Staal\/Machine\/Schepen - Globe Europe","og_description":"GeKa SG2 ER70S TIG-lasdraad (5 kg) voor ongelegeerd en laagelegeerd staal. Ideaal voor staal-, machine- en scheepsbouw. Geschikt voor Ar+15% CO\u2082 gas.","og_url":"https:\/\/globe-europe.nl\/de\/produkt\/geka-sg2-er70s-schweissdraht-tig-5kg-pro-packung\/","og_site_name":"Globe Europe","article_modified_time":"2025-02-18T10:02:45+00:00","og_image":[{"width":700,"height":700,"url":"https:\/\/globe-europe.nl\/wp-content\/uploads\/2025\/02\/Geka-SG.png","type":"image\/png"}],"twitter_card":"summary_large_image","twitter_misc":{"Gesch\u00e4tzte Lesezeit":"1\u00a0Minute"},"schema":{"@context":"https:\/\/schema.org","@graph":[{"@type":"WebPage","@id":"https:\/\/globe-europe.nl\/product\/geka-sg2-er70s-lasdraad-tig-5-kg-per-verpakking\/","url":"https:\/\/globe-europe.nl\/product\/geka-sg2-er70s-lasdraad-tig-5-kg-per-verpakking\/","name":"GeKa SG2 ER70S WIG-Schwei\u00dfdraht - 5 Kg | Stahl\/Maschinenbau\/Beh\u00e4lter - Globe Europe","isPartOf":{"@id":"https:\/\/globe-europe.nl\/#website"},"primaryImageOfPage":{"@id":"https:\/\/globe-europe.nl\/product\/geka-sg2-er70s-lasdraad-tig-5-kg-per-verpakking\/#primaryimage"},"image":{"@id":"https:\/\/globe-europe.nl\/product\/geka-sg2-er70s-lasdraad-tig-5-kg-per-verpakking\/#primaryimage"},"thumbnailUrl":"https:\/\/globe-europe.nl\/wp-content\/uploads\/2025\/02\/Geka-SG.png","datePublished":"2025-02-06T09:47:29+00:00","dateModified":"2025-02-18T10:02:45+00:00","description":"GeKa SG2 ER70S WIG-Schwei\u00dfdraht (5 kg) f\u00fcr unlegierte und niedriglegierte St\u00e4hle. Ideal f\u00fcr Stahl, Maschinen- und Schiffbau. Geeignet f\u00fcr Ar+15% CO\u2082-Gas.","breadcrumb":{"@id":"https:\/\/globe-europe.nl\/product\/geka-sg2-er70s-lasdraad-tig-5-kg-per-verpakking\/#breadcrumb"},"inLanguage":"de","potentialAction":[{"@type":"ReadAction","target":["https:\/\/globe-europe.nl\/product\/geka-sg2-er70s-lasdraad-tig-5-kg-per-verpakking\/"]}]},{"@type":"ImageObject","inLanguage":"de","@id":"https:\/\/globe-europe.nl\/product\/geka-sg2-er70s-lasdraad-tig-5-kg-per-verpakking\/#primaryimage","url":"https:\/\/globe-europe.nl\/wp-content\/uploads\/2025\/02\/Geka-SG.png","contentUrl":"https:\/\/globe-europe.nl\/wp-content\/uploads\/2025\/02\/Geka-SG.png","width":700,"height":700,"caption":"GeKa SG1 Lasdraad TIG - 5 Kg per verpakking"},{"@type":"BreadcrumbList","@id":"https:\/\/globe-europe.nl\/product\/geka-sg2-er70s-lasdraad-tig-5-kg-per-verpakking\/#breadcrumb","itemListElement":[{"@type":"ListItem","position":1,"name":"Home","item":"https:\/\/globe-europe.nl\/"},{"@type":"ListItem","position":2,"name":"Winkel","item":"https:\/\/globe-europe.nl\/winkel\/"},{"@type":"ListItem","position":3,"name":"GeKa SG2 ER70S Lasdraad TIG \u2013 5 Kg per verpakking"}]},{"@type":"WebSite","@id":"https:\/\/globe-europe.nl\/#website","url":"https:\/\/globe-europe.nl\/","name":"Globe Europe","description":"","publisher":{"@id":"https:\/\/globe-europe.nl\/#organization"},"potentialAction":[{"@type":"SearchAction","target":{"@type":"EntryPoint","urlTemplate":"https:\/\/globe-europe.nl\/?s={search_term_string}"},"query-input":{"@type":"PropertyValueSpecification","valueRequired":true,"valueName":"search_term_string"}}],"inLanguage":"de"},{"@type":"Organization","@id":"https:\/\/globe-europe.nl\/#organization","name":"Globe Europe","url":"https:\/\/globe-europe.nl\/","logo":{"@type":"ImageObject","inLanguage":"de","@id":"https:\/\/globe-europe.nl\/#\/schema\/logo\/image\/","url":"https:\/\/globe-europe.nl\/wp-content\/uploads\/2025\/02\/GLOBE-LOGO-WEB-GROOT.png","contentUrl":"https:\/\/globe-europe.nl\/wp-content\/uploads\/2025\/02\/GLOBE-LOGO-WEB-GROOT.png","width":938,"height":404,"caption":"Globe Europe"},"image":{"@id":"https:\/\/globe-europe.nl\/#\/schema\/logo\/image\/"}}]}},"_links":{"self":[{"href":"https:\/\/globe-europe.nl\/de\/wp-json\/wp\/v2\/product\/1673","targetHints":{"allow":["GET"]}}],"collection":[{"href":"https:\/\/globe-europe.nl\/de\/wp-json\/wp\/v2\/product"}],"about":[{"href":"https:\/\/globe-europe.nl\/de\/wp-json\/wp\/v2\/types\/product"}],"replies":[{"embeddable":true,"href":"https:\/\/globe-europe.nl\/de\/wp-json\/wp\/v2\/comments?post=1673"}],"wp:featuredmedia":[{"embeddable":true,"href":"https:\/\/globe-europe.nl\/de\/wp-json\/wp\/v2\/media\/2379"}],"wp:attachment":[{"href":"https:\/\/globe-europe.nl\/de\/wp-json\/wp\/v2\/media?parent=1673"}],"wp:term":[{"taxonomy":"product_brand","embeddable":true,"href":"https:\/\/globe-europe.nl\/de\/wp-json\/wp\/v2\/product_brand?post=1673"},{"taxonomy":"product_cat","embeddable":true,"href":"https:\/\/globe-europe.nl\/de\/wp-json\/wp\/v2\/product_cat?post=1673"},{"taxonomy":"product_tag","embeddable":true,"href":"https:\/\/globe-europe.nl\/de\/wp-json\/wp\/v2\/product_tag?post=1673"}],"curies":[{"name":"wp","href":"https:\/\/api.w.org\/{rel}","templated":true}]}}