{"id":199,"date":"2025-02-04T09:06:29","date_gmt":"2025-02-04T09:06:29","guid":{"rendered":"https:\/\/globe-europe.nl\/product\/eggenberg-6038twin-draagbare-bandzaagmachine-metaal-105-mm-850w\/"},"modified":"2026-02-27T10:25:31","modified_gmt":"2026-02-27T10:25:31","slug":"eggenberg-6038twin-tragbare-bandsage-metall-105-mm-850w","status":"publish","type":"product","link":"https:\/\/globe-europe.nl\/de\/product\/eggenberg-6038twin-draagbare-bandzaagmachine-metaal-105-mm-850w\/","title":{"rendered":"Eggenberg 6038TWIN Tragbare Bands\u00e4gemaschine | 105mm | 850W"},"content":{"rendered":"<h2><span style=\"font-size: 30px;\"><strong>Eigenschaften Eggenberg 6038TWIN Tragbare Bands\u00e4ge Metall 105 mm<\/strong><\/span><\/h2>\n<p>Hochwertige und handliche tragbare Metallbands\u00e4ge mit variabler Geschwindigkeit. Ideal zum Schneiden von Stahl, Eisen, Aluminium, Kupfer, rostfreiem Stahl, PVC und Teflon. Besonders gut f\u00fcr schnelle und pr\u00e4zise Schnitte. Die stabile Konstruktion mit Kugellagern sorgt f\u00fcr einen garantiert geraden Schnitt. Der schwenkbare Maschinenknauf erm\u00f6glicht Schr\u00e4gschnitte von 0\u00b0 - 45\u00b0.<\/p>\n<p><strong><em>Eigenschaften<\/em><\/strong><\/p>\n<ul>\n<li>2 Bandgeschwindigkeiten: zum Schneiden einer Vielzahl von Formen und Materialien<\/li>\n<li>Empfohlene Bandgeschwindigkeit: Position I, Vollmetall, Edelstahl V2A, Aluminium; Position II, Stahl. Edelstahl V2A, Aluminiumrohr<\/li>\n<li>S\u00e4gen ohne St\u00e4nder: mit 90\u00b0 Geradschnitt, rund und vierkant, max. 90 mm, schr\u00e4g max. 150 x 90 mm<\/li>\n<li>Max. Schnitth\u00f6he in vertikaler Position inkl. Arbeitstisch - 50 mm<\/li>\n<li>Schnittwinkel stufenlos einstellbar von 0\u00b0 - 45\u00b0<\/li>\n<li>Mit serienm\u00e4\u00dfiger S\u00e4gebandf\u00fchrung: kugelgelagerte 3-Punkt-F\u00fchrung f\u00fcr optimalen S\u00e4gefortschritt.<\/li>\n<li>Selbstk\u00fchlung des S\u00e4gebandes bei der Fortbewegung<\/li>\n<li>Sicherheitsschalter: gegen unbeabsichtigtes Wiedereinschalten nach Stromausfall<\/li>\n<li>Arbeiten ohne K\u00fchlmittel<\/li>\n<li>Hervorragend geeignet f\u00fcr entflammbare Umgebungen durch funkenfreies Schneiden von Metall<\/li>\n<li>Weitere Tipps finden Sie in unserem <a href=\"https:\/\/globe-europe.nl\/de\/tips-draagbare-bandzaagmachine-eggenberg-6038twin-105mm-850w\/\">Blog \u00fcber den 6038TWIN<\/a>!<\/li>\n<li><em>Achtung! Von der Verwendung von \u00d6l ist bei einer tragbaren Bands\u00e4gemaschine dringend abzuraten, die Maschine ist speziell und ideal f\u00fcr den Trockeneinsatz geeignet!<\/em><\/li>\n<\/ul>\n<p><strong>Technische Daten<\/strong><\/p>\n<ul>\n<li>Leistung - 850 W<\/li>\n<li>Abmessungen des S\u00e4geblatts - 1335 x 13 x 0,65 mm<\/li>\n<li>Z\u00e4hne des S\u00e4geblatts - 8\/12 Tpi<\/li>\n<li>Schnittgeschwindigkeit - 60\/80 Meter\/min<\/li>\n<li>Abmessungen (L x B x H) - 730 x 390 x 500 mm<\/li>\n<li>Gewicht - 17 kg<\/li>\n<\/ul>\n<table class=\"table table-bordered text-center no-margin\" style=\"height: 139px;\" width=\"862\">\n<thead>\n<tr>\n<th><\/th>\n<th><img decoding=\"async\" class=\"\" src=\"https:\/\/www.femi.it\/assets\/img\/icon-larghezza-massima.png\" data-no-retina=\"\" \/><\/th>\n<th><img decoding=\"async\" class=\"\" src=\"https:\/\/www.femi.it\/assets\/img\/icon-larghezza-massima-circle.png\" data-no-retina=\"\" \/><\/th>\n<th><img decoding=\"async\" class=\"\" src=\"https:\/\/www.femi.it\/assets\/img\/icon-larghezza-massima-square.png\" data-no-retina=\"\" \/><\/th>\n<\/tr>\n<\/thead>\n<tbody>\n<tr>\n<th scope=\"row\">0\u00b0<\/th>\n<td>105 x 93 mm<\/td>\n<td>105 mm<\/td>\n<td>102 x 102 mm<\/td>\n<\/tr>\n<tr>\n<th scope=\"row\">45\u00b0<\/th>\n<td>70 x 60 mm<\/td>\n<td>72 mm<\/td>\n<td>68 x 68 mm<\/td>\n<\/tr>\n<\/tbody>\n<\/table>\n<p><strong>Umfang der Lieferung<\/strong><\/p>\n<ul>\n<li>Eggenberg 6038TWIN Tragbare Bands\u00e4ge Metall 105 mm - 850W<\/li>\n<li>Ersatzfilz<\/li>\n<li>Einstellbarer Anschlag<\/li>\n<li>Standard-Bi-Metall-Bands\u00e4ge<\/li>\n<li>Niederl\u00e4ndisches Handbuch<\/li>\n<\/ul>","protected":false},"excerpt":{"rendered":"<ul>\n<li><strong>Tragbare Metallbandschleifmaschine<\/strong> - ideal f\u00fcr Stahl, rostfreien Stahl, Aluminium, Kupfer und PVC<\/li>\n<li><strong>Variable Geschwindigkeit (60\/80 m\/min)<\/strong> - geeignet f\u00fcr Vollmetall und Rohre<\/li>\n<li><strong>Stufenlos einstellbarer Schnittwinkel (0\u00b0 - 45\u00b0)<\/strong> - pr\u00e4zise Schr\u00e4gschnitte<\/li>\n<li><strong>Kugelgelagerte 3-Punkt-F\u00fchrung<\/strong> - f\u00fcr stabile und gerade Schnitte<\/li>\n<li><strong>Kompakt und leicht (17 kg)<\/strong> - leicht zu transportieren und flexibel in der Anwendung<\/li>\n<\/ul>","protected":false},"featured_media":198,"comment_status":"open","ping_status":"closed","template":"","meta":[],"product_brand":[22],"product_cat":[16,23,18],"product_tag":[],"class_list":{"0":"post-199","1":"product","2":"type-product","3":"status-publish","4":"has-post-thumbnail","6":"product_brand-eggenberg","7":"product_cat-bandzaagmachine","8":"product_cat-draagbare-bandzaagmachine","9":"product_cat-machines","11":"first","12":"instock","13":"shipping-taxable","14":"product-type-simple"},"ct_brands":[{"id":22,"name":"EGGENBERG","slug":"eggenberg"}],"yoast_head":"<!-- This site is optimized with the Yoast SEO plugin v27.3 - https:\/\/yoast.com\/product\/yoast-seo-wordpress\/ -->\n<title>Eggenberg 6038TWIN Draagbare Bandzaagmachine | 105mm - Globe Europe<\/title>\n<meta name=\"description\" content=\"Eggenberg 6038TWIN Draagbare Bandzaagmachine met 105mm capaciteit 850W. Compact, lichtgewicht en traploos instelbaar zaaghoek tot 45\u00b0.\" \/>\n<meta name=\"robots\" content=\"index, follow, max-snippet:-1, max-image-preview:large, max-video-preview:-1\" \/>\n<link rel=\"canonical\" href=\"https:\/\/globe-europe.nl\/de\/produkt\/eggenberg-6038twin-tragbare-bandsage-metall-105-mm-850w\/\" \/>\n<meta property=\"og:locale\" content=\"de_DE\" \/>\n<meta property=\"og:type\" content=\"article\" \/>\n<meta property=\"og:title\" content=\"Eggenberg 6038TWIN Draagbare Bandzaagmachine | 105mm - Globe Europe\" \/>\n<meta property=\"og:description\" content=\"Eggenberg 6038TWIN Draagbare Bandzaagmachine met 105mm capaciteit 850W. Compact, lichtgewicht en traploos instelbaar zaaghoek tot 45\u00b0.\" \/>\n<meta property=\"og:url\" content=\"https:\/\/globe-europe.nl\/de\/produkt\/eggenberg-6038twin-tragbare-bandsage-metall-105-mm-850w\/\" \/>\n<meta property=\"og:site_name\" content=\"Globe Europe\" \/>\n<meta property=\"article:modified_time\" content=\"2026-02-27T10:25:31+00:00\" \/>\n<meta property=\"og:image\" content=\"https:\/\/globe-europe.nl\/wp-content\/uploads\/2025\/02\/106.png\" \/>\n\t<meta property=\"og:image:width\" content=\"700\" \/>\n\t<meta property=\"og:image:height\" content=\"700\" \/>\n\t<meta property=\"og:image:type\" content=\"image\/png\" \/>\n<meta name=\"twitter:card\" content=\"summary_large_image\" \/>\n<meta name=\"twitter:label1\" content=\"Gesch\u00e4tzte Lesezeit\" \/>\n\t<meta name=\"twitter:data1\" content=\"3\u00a0Minuten\" \/>\n<script type=\"application\/ld+json\" class=\"yoast-schema-graph\">{\"@context\":\"https:\\\/\\\/schema.org\",\"@graph\":[{\"@type\":\"WebPage\",\"@id\":\"https:\\\/\\\/globe-europe.nl\\\/product\\\/eggenberg-6038twin-draagbare-bandzaagmachine-metaal-105-mm-850w\\\/\",\"url\":\"https:\\\/\\\/globe-europe.nl\\\/product\\\/eggenberg-6038twin-draagbare-bandzaagmachine-metaal-105-mm-850w\\\/\",\"name\":\"Eggenberg 6038TWIN Draagbare Bandzaagmachine | 105mm - Globe Europe\",\"isPartOf\":{\"@id\":\"https:\\\/\\\/globe-europe.nl\\\/#website\"},\"primaryImageOfPage\":{\"@id\":\"https:\\\/\\\/globe-europe.nl\\\/product\\\/eggenberg-6038twin-draagbare-bandzaagmachine-metaal-105-mm-850w\\\/#primaryimage\"},\"image\":{\"@id\":\"https:\\\/\\\/globe-europe.nl\\\/product\\\/eggenberg-6038twin-draagbare-bandzaagmachine-metaal-105-mm-850w\\\/#primaryimage\"},\"thumbnailUrl\":\"https:\\\/\\\/globe-europe.nl\\\/wp-content\\\/uploads\\\/2025\\\/02\\\/106.png\",\"datePublished\":\"2025-02-04T09:06:29+00:00\",\"dateModified\":\"2026-02-27T10:25:31+00:00\",\"description\":\"Eggenberg 6038TWIN Draagbare Bandzaagmachine met 105mm capaciteit 850W. Compact, lichtgewicht en traploos instelbaar zaaghoek tot 45\u00b0.\",\"breadcrumb\":{\"@id\":\"https:\\\/\\\/globe-europe.nl\\\/product\\\/eggenberg-6038twin-draagbare-bandzaagmachine-metaal-105-mm-850w\\\/#breadcrumb\"},\"inLanguage\":\"de\",\"potentialAction\":[{\"@type\":\"ReadAction\",\"target\":[\"https:\\\/\\\/globe-europe.nl\\\/product\\\/eggenberg-6038twin-draagbare-bandzaagmachine-metaal-105-mm-850w\\\/\"]}]},{\"@type\":\"ImageObject\",\"inLanguage\":\"de\",\"@id\":\"https:\\\/\\\/globe-europe.nl\\\/product\\\/eggenberg-6038twin-draagbare-bandzaagmachine-metaal-105-mm-850w\\\/#primaryimage\",\"url\":\"https:\\\/\\\/globe-europe.nl\\\/wp-content\\\/uploads\\\/2025\\\/02\\\/106.png\",\"contentUrl\":\"https:\\\/\\\/globe-europe.nl\\\/wp-content\\\/uploads\\\/2025\\\/02\\\/106.png\",\"width\":700,\"height\":700},{\"@type\":\"BreadcrumbList\",\"@id\":\"https:\\\/\\\/globe-europe.nl\\\/product\\\/eggenberg-6038twin-draagbare-bandzaagmachine-metaal-105-mm-850w\\\/#breadcrumb\",\"itemListElement\":[{\"@type\":\"ListItem\",\"position\":1,\"name\":\"Home\",\"item\":\"https:\\\/\\\/globe-europe.nl\\\/\"},{\"@type\":\"ListItem\",\"position\":2,\"name\":\"Winkel\",\"item\":\"https:\\\/\\\/globe-europe.nl\\\/winkel\\\/\"},{\"@type\":\"ListItem\",\"position\":3,\"name\":\"Eggenberg 6038TWIN Draagbare Bandzaagmachine | 105mm | 850W\"}]},{\"@type\":\"WebSite\",\"@id\":\"https:\\\/\\\/globe-europe.nl\\\/#website\",\"url\":\"https:\\\/\\\/globe-europe.nl\\\/\",\"name\":\"Globe Europe\",\"description\":\"\",\"publisher\":{\"@id\":\"https:\\\/\\\/globe-europe.nl\\\/#organization\"},\"potentialAction\":[{\"@type\":\"SearchAction\",\"target\":{\"@type\":\"EntryPoint\",\"urlTemplate\":\"https:\\\/\\\/globe-europe.nl\\\/?s={search_term_string}\"},\"query-input\":{\"@type\":\"PropertyValueSpecification\",\"valueRequired\":true,\"valueName\":\"search_term_string\"}}],\"inLanguage\":\"de\"},{\"@type\":\"Organization\",\"@id\":\"https:\\\/\\\/globe-europe.nl\\\/#organization\",\"name\":\"Globe Europe\",\"url\":\"https:\\\/\\\/globe-europe.nl\\\/\",\"logo\":{\"@type\":\"ImageObject\",\"inLanguage\":\"de\",\"@id\":\"https:\\\/\\\/globe-europe.nl\\\/#\\\/schema\\\/logo\\\/image\\\/\",\"url\":\"https:\\\/\\\/globe-europe.nl\\\/wp-content\\\/uploads\\\/2025\\\/02\\\/GLOBE-LOGO-WEB-GROOT.png\",\"contentUrl\":\"https:\\\/\\\/globe-europe.nl\\\/wp-content\\\/uploads\\\/2025\\\/02\\\/GLOBE-LOGO-WEB-GROOT.png\",\"width\":938,\"height\":404,\"caption\":\"Globe Europe\"},\"image\":{\"@id\":\"https:\\\/\\\/globe-europe.nl\\\/#\\\/schema\\\/logo\\\/image\\\/\"}}]}<\/script>\n<!-- \/ Yoast SEO plugin. -->","yoast_head_json":{"title":"Eggenberg 6038TWIN Tragbare Bands\u00e4gemaschine | 105mm - Globe Europe","description":"Eggenberg 6038TWIN Tragbare Bands\u00e4ge mit 105mm Leistung 850W. Kompakt, leicht und stufenlos einstellbarer Schnittwinkel bis zu 45\u00b0.","robots":{"index":"index","follow":"follow","max-snippet":"max-snippet:-1","max-image-preview":"max-image-preview:large","max-video-preview":"max-video-preview:-1"},"canonical":"https:\/\/globe-europe.nl\/de\/produkt\/eggenberg-6038twin-tragbare-bandsage-metall-105-mm-850w\/","og_locale":"de_DE","og_type":"article","og_title":"Eggenberg 6038TWIN Draagbare Bandzaagmachine | 105mm - Globe Europe","og_description":"Eggenberg 6038TWIN Draagbare Bandzaagmachine met 105mm capaciteit 850W. Compact, lichtgewicht en traploos instelbaar zaaghoek tot 45\u00b0.","og_url":"https:\/\/globe-europe.nl\/de\/produkt\/eggenberg-6038twin-tragbare-bandsage-metall-105-mm-850w\/","og_site_name":"Globe Europe","article_modified_time":"2026-02-27T10:25:31+00:00","og_image":[{"width":700,"height":700,"url":"https:\/\/globe-europe.nl\/wp-content\/uploads\/2025\/02\/106.png","type":"image\/png"}],"twitter_card":"summary_large_image","twitter_misc":{"Gesch\u00e4tzte Lesezeit":"3\u00a0Minuten"},"schema":{"@context":"https:\/\/schema.org","@graph":[{"@type":"WebPage","@id":"https:\/\/globe-europe.nl\/product\/eggenberg-6038twin-draagbare-bandzaagmachine-metaal-105-mm-850w\/","url":"https:\/\/globe-europe.nl\/product\/eggenberg-6038twin-draagbare-bandzaagmachine-metaal-105-mm-850w\/","name":"Eggenberg 6038TWIN Tragbare Bands\u00e4gemaschine | 105mm - Globe Europe","isPartOf":{"@id":"https:\/\/globe-europe.nl\/#website"},"primaryImageOfPage":{"@id":"https:\/\/globe-europe.nl\/product\/eggenberg-6038twin-draagbare-bandzaagmachine-metaal-105-mm-850w\/#primaryimage"},"image":{"@id":"https:\/\/globe-europe.nl\/product\/eggenberg-6038twin-draagbare-bandzaagmachine-metaal-105-mm-850w\/#primaryimage"},"thumbnailUrl":"https:\/\/globe-europe.nl\/wp-content\/uploads\/2025\/02\/106.png","datePublished":"2025-02-04T09:06:29+00:00","dateModified":"2026-02-27T10:25:31+00:00","description":"Eggenberg 6038TWIN Tragbare Bands\u00e4ge mit 105mm Leistung 850W. Kompakt, leicht und stufenlos einstellbarer Schnittwinkel bis zu 45\u00b0.","breadcrumb":{"@id":"https:\/\/globe-europe.nl\/product\/eggenberg-6038twin-draagbare-bandzaagmachine-metaal-105-mm-850w\/#breadcrumb"},"inLanguage":"de","potentialAction":[{"@type":"ReadAction","target":["https:\/\/globe-europe.nl\/product\/eggenberg-6038twin-draagbare-bandzaagmachine-metaal-105-mm-850w\/"]}]},{"@type":"ImageObject","inLanguage":"de","@id":"https:\/\/globe-europe.nl\/product\/eggenberg-6038twin-draagbare-bandzaagmachine-metaal-105-mm-850w\/#primaryimage","url":"https:\/\/globe-europe.nl\/wp-content\/uploads\/2025\/02\/106.png","contentUrl":"https:\/\/globe-europe.nl\/wp-content\/uploads\/2025\/02\/106.png","width":700,"height":700},{"@type":"BreadcrumbList","@id":"https:\/\/globe-europe.nl\/product\/eggenberg-6038twin-draagbare-bandzaagmachine-metaal-105-mm-850w\/#breadcrumb","itemListElement":[{"@type":"ListItem","position":1,"name":"Home","item":"https:\/\/globe-europe.nl\/"},{"@type":"ListItem","position":2,"name":"Winkel","item":"https:\/\/globe-europe.nl\/winkel\/"},{"@type":"ListItem","position":3,"name":"Eggenberg 6038TWIN Draagbare Bandzaagmachine | 105mm | 850W"}]},{"@type":"WebSite","@id":"https:\/\/globe-europe.nl\/#website","url":"https:\/\/globe-europe.nl\/","name":"Globe Europe","description":"","publisher":{"@id":"https:\/\/globe-europe.nl\/#organization"},"potentialAction":[{"@type":"SearchAction","target":{"@type":"EntryPoint","urlTemplate":"https:\/\/globe-europe.nl\/?s={search_term_string}"},"query-input":{"@type":"PropertyValueSpecification","valueRequired":true,"valueName":"search_term_string"}}],"inLanguage":"de"},{"@type":"Organization","@id":"https:\/\/globe-europe.nl\/#organization","name":"Globe Europe","url":"https:\/\/globe-europe.nl\/","logo":{"@type":"ImageObject","inLanguage":"de","@id":"https:\/\/globe-europe.nl\/#\/schema\/logo\/image\/","url":"https:\/\/globe-europe.nl\/wp-content\/uploads\/2025\/02\/GLOBE-LOGO-WEB-GROOT.png","contentUrl":"https:\/\/globe-europe.nl\/wp-content\/uploads\/2025\/02\/GLOBE-LOGO-WEB-GROOT.png","width":938,"height":404,"caption":"Globe Europe"},"image":{"@id":"https:\/\/globe-europe.nl\/#\/schema\/logo\/image\/"}}]}},"_links":{"self":[{"href":"https:\/\/globe-europe.nl\/de\/wp-json\/wp\/v2\/product\/199","targetHints":{"allow":["GET"]}}],"collection":[{"href":"https:\/\/globe-europe.nl\/de\/wp-json\/wp\/v2\/product"}],"about":[{"href":"https:\/\/globe-europe.nl\/de\/wp-json\/wp\/v2\/types\/product"}],"replies":[{"embeddable":true,"href":"https:\/\/globe-europe.nl\/de\/wp-json\/wp\/v2\/comments?post=199"}],"wp:featuredmedia":[{"embeddable":true,"href":"https:\/\/globe-europe.nl\/de\/wp-json\/wp\/v2\/media\/198"}],"wp:attachment":[{"href":"https:\/\/globe-europe.nl\/de\/wp-json\/wp\/v2\/media?parent=199"}],"wp:term":[{"taxonomy":"product_brand","embeddable":true,"href":"https:\/\/globe-europe.nl\/de\/wp-json\/wp\/v2\/product_brand?post=199"},{"taxonomy":"product_cat","embeddable":true,"href":"https:\/\/globe-europe.nl\/de\/wp-json\/wp\/v2\/product_cat?post=199"},{"taxonomy":"product_tag","embeddable":true,"href":"https:\/\/globe-europe.nl\/de\/wp-json\/wp\/v2\/product_tag?post=199"}],"curies":[{"name":"wp","href":"https:\/\/api.w.org\/{rel}","templated":true}]}}