{"id":2024,"date":"2025-02-06T09:59:39","date_gmt":"2025-02-06T09:59:39","guid":{"rendered":"https:\/\/globe-europe.nl\/product\/paton-eco-160-elektrode-lasapparaat-230v-2x-elektrodenset\/"},"modified":"2025-02-18T12:46:56","modified_gmt":"2025-02-18T12:46:56","slug":"paton-eco-160-elektroden-schweisgerat-230v-2x-elektrodenset","status":"publish","type":"product","link":"https:\/\/globe-europe.nl\/de\/product\/paton-eco-160-elektrode-lasapparaat-230v-2x-elektrodenset\/","title":{"rendered":"Paton ECO-160 Elektrodenschwei\u00dfger\u00e4t 230V + 2x Elektrodensatz"},"content":{"rendered":"<h2><strong>Eigenschaften Paton ECO-160 Elektrodenschwei\u00dfger\u00e4t 230V<\/strong><\/h2>\n<p>Das Paton ECO-160 Elektrodenschwei\u00dfger\u00e4t 230V ist speziell f\u00fcr das manuelle MMA-Lichtbogenschwei\u00dfen mit Gleichstrom konzipiert. Dieses Modell bietet einen Nennstrom von 160 A, ausreichend f\u00fcr die Arbeit mit Elektroden von \u00d81,6 mm bis \u00d84 mm, einschlie\u00dflich Elektroden mit einem niedrigen Schmelzpunkt. Mit einer Einschaltdauer von 40% ist dieses Ger\u00e4t ideal f\u00fcr halbindustrielle Anwendungen.<\/p>\n<p>Sein robustes, kompaktes Design macht ihn ideal f\u00fcr den Einsatz vor Ort. Sein geringes Gewicht und sein professioneller Transportkoffer machen den Transport einfach. Dar\u00fcber hinaus verf\u00fcgt das Ger\u00e4t \u00fcber moderne Funktionen wie Hot-Start, Anti-Stick und Arc-force f\u00fcr optimale Leistung beim Schwei\u00dfen.<\/p>\n<ul>\n<li>Geeignet f\u00fcr MMA-Schwei\u00dfen mit Gleichstrom<\/li>\n<li>Schwei\u00dfstrom einstellbar von 20A bis 160A<\/li>\n<li>Robustes und kompaktes Design, ideal f\u00fcr den mobilen Einsatz<\/li>\n<li>Inklusive professionellem Transportkoffer f\u00fcr den einfachen Transport<\/li>\n<li>Mit Hot-Start-, Anti-Stick- und Arc-force-Funktionen f\u00fcr optimale Leistung<\/li>\n<\/ul>\n<h3>Technische Daten<\/h3>\n<ul>\n<li>Netzspannung: 230 V (50\/60 Hz)<\/li>\n<li>Sicherungswert: 20 A<\/li>\n<li>Schwei\u00dfstrom: 20A - 160A<\/li>\n<li>Nennschwei\u00dfstrom: 160 A<\/li>\n<li>Maximaler Schwei\u00dfstrom: 190 A<\/li>\n<li>Einschaltzeit:\n<ul>\n<li>100% bei 101 A<\/li>\n<li>60% bei 130 A<\/li>\n<li>40% bei 160 A<\/li>\n<\/ul>\n<\/li>\n<li>Maximale Abweichung Eingangsstrom: 170 - 260 V<\/li>\n<li>Merkmale: Hot-Start, Lichtbogenkraft, Anti-Stick (automatisch)<\/li>\n<li>Spannung im leeren Stromkreis: 80 V<\/li>\n<li>Nennleistungsaufnahme: 4,4 kVA<\/li>\n<li>Maximale Leistungsaufnahme: 5,5 kVA<\/li>\n<li>Energieeffizienz: 90%<\/li>\n<li>K\u00fchlung: forciert<\/li>\n<li>Betriebstemperaturbereich: -25 bis +45 \u00ba\u0421<\/li>\n<li>Abmessungen: 245 x 100 x 200 mm<\/li>\n<li>Gewicht: 3,75 kg<\/li>\n<li>Schutzart: IP 21<\/li>\n<li>Normen:\n<ul>\n<li>EN 60204-1:2006<\/li>\n<li>EN 60974-1:2012<\/li>\n<li>EN 60974-10:2014<\/li>\n<\/ul>\n<\/li>\n<\/ul>\n<h3>Umfang der Lieferung<\/h3>\n<ul>\n<li>Paton ECO-160 Elektrodenschwei\u00dfger\u00e4t 230V\n<ul>\n<li>E6013 Elite-Elektroden 3,2 mm &amp; Ano 36 Elite-Elektroden 2,5 mm<\/li>\n<li>Elektrodenhalter 3 m<\/li>\n<li>Sch\u00fcttguthalter 3 m<\/li>\n<li>Professionelle Tragetasche<\/li>\n<li>Trageriemen<\/li>\n<li>Benutzerhandbuch<\/li>\n<\/ul>\n<\/li>\n<\/ul>\n<h3><strong>Dokumente<\/strong><\/h3>\n<div class=\"button5\"><a href=\"https:\/\/bjctools.nl\/wp-content\/uploads\/2023\/01\/ECO_GEN.pdf\" target=\"_blank\" rel=\"noopener noreferrer\"><span style=\"color: #000;\"><img decoding=\"async\" src=\"https:\/\/bjctools.nl\/wp-content\/uploads\/2018\/07\/pdf.png\" \/><br \/>\nHandbuch<\/span><\/a><\/div>","protected":false},"excerpt":{"rendered":"<ul>\n<li><strong>Enth\u00e4lt E6013 Elite-Elektroden 3,2 mm und Ano 36 Elite-Elektroden 2,5 mm<\/strong><\/li>\n<li>Schweissverfahren - MMA<\/li>\n<li>Schwei\u00dfstrom - 20A-160A, Spannungsversorgung 230V<\/li>\n<li>Einschaltdauer - 40% bei 160A, 100% bei 101A<\/li>\n<\/ul>","protected":false},"featured_media":2023,"comment_status":"open","ping_status":"closed","template":"","meta":[],"product_brand":[325],"product_cat":[380,27,18],"product_tag":[],"class_list":{"0":"post-2024","1":"product","2":"type-product","3":"status-publish","4":"has-post-thumbnail","6":"product_brand-paton","7":"product_cat-elektrode-lasapparaat-mma","8":"product_cat-lasapparaat","9":"product_cat-machines","11":"first","12":"instock","13":"shipping-taxable","14":"product-type-simple"},"ct_brands":[{"id":325,"name":"PATON","slug":"paton"}],"yoast_head":"<!-- This site is optimized with the Yoast SEO plugin v27.3 - https:\/\/yoast.com\/product\/yoast-seo-wordpress\/ -->\n<title>Paton ECO-160 | MMA Elektrode Lasapparaat 230V - Globe Europe<\/title>\n<meta name=\"description\" content=\"Paton ECO-160 lasapparaat (230V, 160A) voor MMA-lassen. Compact, robuust en mobiel met Hot-start, Anti-stick &amp; Arc-force functies. Incl. transportkoffer.\" \/>\n<meta name=\"robots\" content=\"index, follow, max-snippet:-1, max-image-preview:large, max-video-preview:-1\" \/>\n<link rel=\"canonical\" href=\"https:\/\/globe-europe.nl\/de\/produkt\/paton-eco-160-elektroden-schweisgerat-230v-2x-elektrodenset\/\" \/>\n<meta property=\"og:locale\" content=\"de_DE\" \/>\n<meta property=\"og:type\" content=\"article\" \/>\n<meta property=\"og:title\" content=\"Paton ECO-160 | MMA Elektrode Lasapparaat 230V - Globe Europe\" \/>\n<meta property=\"og:description\" content=\"Paton ECO-160 lasapparaat (230V, 160A) voor MMA-lassen. Compact, robuust en mobiel met Hot-start, Anti-stick &amp; Arc-force functies. Incl. transportkoffer.\" \/>\n<meta property=\"og:url\" content=\"https:\/\/globe-europe.nl\/de\/produkt\/paton-eco-160-elektroden-schweisgerat-230v-2x-elektrodenset\/\" \/>\n<meta property=\"og:site_name\" content=\"Globe Europe\" \/>\n<meta property=\"article:modified_time\" content=\"2025-02-18T12:46:56+00:00\" \/>\n<meta property=\"og:image\" content=\"https:\/\/globe-europe.nl\/wp-content\/uploads\/2025\/02\/321-1.gif\" \/>\n\t<meta property=\"og:image:width\" content=\"700\" \/>\n\t<meta property=\"og:image:height\" content=\"700\" \/>\n\t<meta property=\"og:image:type\" content=\"image\/gif\" \/>\n<meta name=\"twitter:card\" content=\"summary_large_image\" \/>\n<meta name=\"twitter:label1\" content=\"Gesch\u00e4tzte Lesezeit\" \/>\n\t<meta name=\"twitter:data1\" content=\"2\u00a0Minuten\" \/>\n<script type=\"application\/ld+json\" class=\"yoast-schema-graph\">{\"@context\":\"https:\\\/\\\/schema.org\",\"@graph\":[{\"@type\":\"WebPage\",\"@id\":\"https:\\\/\\\/globe-europe.nl\\\/product\\\/paton-eco-160-elektrode-lasapparaat-230v-2x-elektrodenset\\\/\",\"url\":\"https:\\\/\\\/globe-europe.nl\\\/product\\\/paton-eco-160-elektrode-lasapparaat-230v-2x-elektrodenset\\\/\",\"name\":\"Paton ECO-160 | MMA Elektrode Lasapparaat 230V - Globe Europe\",\"isPartOf\":{\"@id\":\"https:\\\/\\\/globe-europe.nl\\\/#website\"},\"primaryImageOfPage\":{\"@id\":\"https:\\\/\\\/globe-europe.nl\\\/product\\\/paton-eco-160-elektrode-lasapparaat-230v-2x-elektrodenset\\\/#primaryimage\"},\"image\":{\"@id\":\"https:\\\/\\\/globe-europe.nl\\\/product\\\/paton-eco-160-elektrode-lasapparaat-230v-2x-elektrodenset\\\/#primaryimage\"},\"thumbnailUrl\":\"https:\\\/\\\/globe-europe.nl\\\/wp-content\\\/uploads\\\/2025\\\/02\\\/321-1.gif\",\"datePublished\":\"2025-02-06T09:59:39+00:00\",\"dateModified\":\"2025-02-18T12:46:56+00:00\",\"description\":\"Paton ECO-160 lasapparaat (230V, 160A) voor MMA-lassen. Compact, robuust en mobiel met Hot-start, Anti-stick & Arc-force functies. Incl. transportkoffer.\",\"breadcrumb\":{\"@id\":\"https:\\\/\\\/globe-europe.nl\\\/product\\\/paton-eco-160-elektrode-lasapparaat-230v-2x-elektrodenset\\\/#breadcrumb\"},\"inLanguage\":\"de\",\"potentialAction\":[{\"@type\":\"ReadAction\",\"target\":[\"https:\\\/\\\/globe-europe.nl\\\/product\\\/paton-eco-160-elektrode-lasapparaat-230v-2x-elektrodenset\\\/\"]}]},{\"@type\":\"ImageObject\",\"inLanguage\":\"de\",\"@id\":\"https:\\\/\\\/globe-europe.nl\\\/product\\\/paton-eco-160-elektrode-lasapparaat-230v-2x-elektrodenset\\\/#primaryimage\",\"url\":\"https:\\\/\\\/globe-europe.nl\\\/wp-content\\\/uploads\\\/2025\\\/02\\\/321-1.gif\",\"contentUrl\":\"https:\\\/\\\/globe-europe.nl\\\/wp-content\\\/uploads\\\/2025\\\/02\\\/321-1.gif\",\"width\":700,\"height\":700},{\"@type\":\"BreadcrumbList\",\"@id\":\"https:\\\/\\\/globe-europe.nl\\\/product\\\/paton-eco-160-elektrode-lasapparaat-230v-2x-elektrodenset\\\/#breadcrumb\",\"itemListElement\":[{\"@type\":\"ListItem\",\"position\":1,\"name\":\"Home\",\"item\":\"https:\\\/\\\/globe-europe.nl\\\/\"},{\"@type\":\"ListItem\",\"position\":2,\"name\":\"Winkel\",\"item\":\"https:\\\/\\\/globe-europe.nl\\\/winkel\\\/\"},{\"@type\":\"ListItem\",\"position\":3,\"name\":\"Paton ECO-160 Elektrode lasapparaat 230V + 2x Elektrodenset\"}]},{\"@type\":\"WebSite\",\"@id\":\"https:\\\/\\\/globe-europe.nl\\\/#website\",\"url\":\"https:\\\/\\\/globe-europe.nl\\\/\",\"name\":\"Globe Europe\",\"description\":\"\",\"publisher\":{\"@id\":\"https:\\\/\\\/globe-europe.nl\\\/#organization\"},\"potentialAction\":[{\"@type\":\"SearchAction\",\"target\":{\"@type\":\"EntryPoint\",\"urlTemplate\":\"https:\\\/\\\/globe-europe.nl\\\/?s={search_term_string}\"},\"query-input\":{\"@type\":\"PropertyValueSpecification\",\"valueRequired\":true,\"valueName\":\"search_term_string\"}}],\"inLanguage\":\"de\"},{\"@type\":\"Organization\",\"@id\":\"https:\\\/\\\/globe-europe.nl\\\/#organization\",\"name\":\"Globe Europe\",\"url\":\"https:\\\/\\\/globe-europe.nl\\\/\",\"logo\":{\"@type\":\"ImageObject\",\"inLanguage\":\"de\",\"@id\":\"https:\\\/\\\/globe-europe.nl\\\/#\\\/schema\\\/logo\\\/image\\\/\",\"url\":\"https:\\\/\\\/globe-europe.nl\\\/wp-content\\\/uploads\\\/2025\\\/02\\\/GLOBE-LOGO-WEB-GROOT.png\",\"contentUrl\":\"https:\\\/\\\/globe-europe.nl\\\/wp-content\\\/uploads\\\/2025\\\/02\\\/GLOBE-LOGO-WEB-GROOT.png\",\"width\":938,\"height\":404,\"caption\":\"Globe Europe\"},\"image\":{\"@id\":\"https:\\\/\\\/globe-europe.nl\\\/#\\\/schema\\\/logo\\\/image\\\/\"}}]}<\/script>\n<!-- \/ Yoast SEO plugin. -->","yoast_head_json":{"title":"Paton ECO-160 | MMA Elektrodenschwei\u00dfger\u00e4t 230V - Globe Europe","description":"Paton ECO-160 Schwei\u00dfmaschine (230V, 160A) f\u00fcr MMA-Schwei\u00dfen. Kompakt, robust und mobil mit Hot-Start, Anti-Stick &amp; Arc-force Funktionen. Inkl. Transportkoffer.","robots":{"index":"index","follow":"follow","max-snippet":"max-snippet:-1","max-image-preview":"max-image-preview:large","max-video-preview":"max-video-preview:-1"},"canonical":"https:\/\/globe-europe.nl\/de\/produkt\/paton-eco-160-elektroden-schweisgerat-230v-2x-elektrodenset\/","og_locale":"de_DE","og_type":"article","og_title":"Paton ECO-160 | MMA Elektrode Lasapparaat 230V - Globe Europe","og_description":"Paton ECO-160 lasapparaat (230V, 160A) voor MMA-lassen. Compact, robuust en mobiel met Hot-start, Anti-stick & Arc-force functies. Incl. transportkoffer.","og_url":"https:\/\/globe-europe.nl\/de\/produkt\/paton-eco-160-elektroden-schweisgerat-230v-2x-elektrodenset\/","og_site_name":"Globe Europe","article_modified_time":"2025-02-18T12:46:56+00:00","og_image":[{"width":700,"height":700,"url":"https:\/\/globe-europe.nl\/wp-content\/uploads\/2025\/02\/321-1.gif","type":"image\/gif"}],"twitter_card":"summary_large_image","twitter_misc":{"Gesch\u00e4tzte Lesezeit":"2\u00a0Minuten"},"schema":{"@context":"https:\/\/schema.org","@graph":[{"@type":"WebPage","@id":"https:\/\/globe-europe.nl\/product\/paton-eco-160-elektrode-lasapparaat-230v-2x-elektrodenset\/","url":"https:\/\/globe-europe.nl\/product\/paton-eco-160-elektrode-lasapparaat-230v-2x-elektrodenset\/","name":"Paton ECO-160 | MMA Elektrodenschwei\u00dfger\u00e4t 230V - Globe Europe","isPartOf":{"@id":"https:\/\/globe-europe.nl\/#website"},"primaryImageOfPage":{"@id":"https:\/\/globe-europe.nl\/product\/paton-eco-160-elektrode-lasapparaat-230v-2x-elektrodenset\/#primaryimage"},"image":{"@id":"https:\/\/globe-europe.nl\/product\/paton-eco-160-elektrode-lasapparaat-230v-2x-elektrodenset\/#primaryimage"},"thumbnailUrl":"https:\/\/globe-europe.nl\/wp-content\/uploads\/2025\/02\/321-1.gif","datePublished":"2025-02-06T09:59:39+00:00","dateModified":"2025-02-18T12:46:56+00:00","description":"Paton ECO-160 Schwei\u00dfmaschine (230V, 160A) f\u00fcr MMA-Schwei\u00dfen. Kompakt, robust und mobil mit Hot-Start, Anti-Stick &amp; Arc-force Funktionen. Inkl. Transportkoffer.","breadcrumb":{"@id":"https:\/\/globe-europe.nl\/product\/paton-eco-160-elektrode-lasapparaat-230v-2x-elektrodenset\/#breadcrumb"},"inLanguage":"de","potentialAction":[{"@type":"ReadAction","target":["https:\/\/globe-europe.nl\/product\/paton-eco-160-elektrode-lasapparaat-230v-2x-elektrodenset\/"]}]},{"@type":"ImageObject","inLanguage":"de","@id":"https:\/\/globe-europe.nl\/product\/paton-eco-160-elektrode-lasapparaat-230v-2x-elektrodenset\/#primaryimage","url":"https:\/\/globe-europe.nl\/wp-content\/uploads\/2025\/02\/321-1.gif","contentUrl":"https:\/\/globe-europe.nl\/wp-content\/uploads\/2025\/02\/321-1.gif","width":700,"height":700},{"@type":"BreadcrumbList","@id":"https:\/\/globe-europe.nl\/product\/paton-eco-160-elektrode-lasapparaat-230v-2x-elektrodenset\/#breadcrumb","itemListElement":[{"@type":"ListItem","position":1,"name":"Home","item":"https:\/\/globe-europe.nl\/"},{"@type":"ListItem","position":2,"name":"Winkel","item":"https:\/\/globe-europe.nl\/winkel\/"},{"@type":"ListItem","position":3,"name":"Paton ECO-160 Elektrode lasapparaat 230V + 2x Elektrodenset"}]},{"@type":"WebSite","@id":"https:\/\/globe-europe.nl\/#website","url":"https:\/\/globe-europe.nl\/","name":"Globe Europe","description":"","publisher":{"@id":"https:\/\/globe-europe.nl\/#organization"},"potentialAction":[{"@type":"SearchAction","target":{"@type":"EntryPoint","urlTemplate":"https:\/\/globe-europe.nl\/?s={search_term_string}"},"query-input":{"@type":"PropertyValueSpecification","valueRequired":true,"valueName":"search_term_string"}}],"inLanguage":"de"},{"@type":"Organization","@id":"https:\/\/globe-europe.nl\/#organization","name":"Globe Europe","url":"https:\/\/globe-europe.nl\/","logo":{"@type":"ImageObject","inLanguage":"de","@id":"https:\/\/globe-europe.nl\/#\/schema\/logo\/image\/","url":"https:\/\/globe-europe.nl\/wp-content\/uploads\/2025\/02\/GLOBE-LOGO-WEB-GROOT.png","contentUrl":"https:\/\/globe-europe.nl\/wp-content\/uploads\/2025\/02\/GLOBE-LOGO-WEB-GROOT.png","width":938,"height":404,"caption":"Globe Europe"},"image":{"@id":"https:\/\/globe-europe.nl\/#\/schema\/logo\/image\/"}}]}},"_links":{"self":[{"href":"https:\/\/globe-europe.nl\/de\/wp-json\/wp\/v2\/product\/2024","targetHints":{"allow":["GET"]}}],"collection":[{"href":"https:\/\/globe-europe.nl\/de\/wp-json\/wp\/v2\/product"}],"about":[{"href":"https:\/\/globe-europe.nl\/de\/wp-json\/wp\/v2\/types\/product"}],"replies":[{"embeddable":true,"href":"https:\/\/globe-europe.nl\/de\/wp-json\/wp\/v2\/comments?post=2024"}],"wp:featuredmedia":[{"embeddable":true,"href":"https:\/\/globe-europe.nl\/de\/wp-json\/wp\/v2\/media\/2023"}],"wp:attachment":[{"href":"https:\/\/globe-europe.nl\/de\/wp-json\/wp\/v2\/media?parent=2024"}],"wp:term":[{"taxonomy":"product_brand","embeddable":true,"href":"https:\/\/globe-europe.nl\/de\/wp-json\/wp\/v2\/product_brand?post=2024"},{"taxonomy":"product_cat","embeddable":true,"href":"https:\/\/globe-europe.nl\/de\/wp-json\/wp\/v2\/product_cat?post=2024"},{"taxonomy":"product_tag","embeddable":true,"href":"https:\/\/globe-europe.nl\/de\/wp-json\/wp\/v2\/product_tag?post=2024"}],"curies":[{"name":"wp","href":"https:\/\/api.w.org\/{rel}","templated":true}]}}