{"id":2036,"date":"2025-02-06T09:59:53","date_gmt":"2025-02-06T09:59:53","guid":{"rendered":"https:\/\/globe-europe.nl\/product\/paton-promig-350-lasapparaat-mig-mag-mma-tig-lift-met-waterkoeling-400v\/"},"modified":"2025-02-18T12:43:58","modified_gmt":"2025-02-18T12:43:58","slug":"paton-promig-350-schweisgerat-mig-mag-mma-tig-lift-mit-wasserkuhlung-400v","status":"publish","type":"product","link":"https:\/\/globe-europe.nl\/de\/product\/paton-promig-350-lasapparaat-mig-mag-mma-tig-lift-met-waterkoeling-400v\/","title":{"rendered":"Paton ProMIG-350 Schwei\u00dfmaschine MIG\/MAG MMA\/TIG Lift mit Wasserk\u00fchlung 400V"},"content":{"rendered":"<h2><strong>Paton ProMIG-350 Schwei\u00dfmaschine MIG\/MAG MMA\/TIG Lift mit Wasserk\u00fchlung 400V<\/strong><\/h2>\n<p>Schwei\u00dfger\u00e4t ProMIG 350 (15-4) 400 V PATON\u2122 mit Wasserk\u00fchlung f\u00fcr halbautomatisches MIG\/MAG-Schwei\u00dfen, gasisoliertes Lichtbogenschwei\u00dfen mit WIG-Verfahren und Lichtbogenhandschwei\u00dfen mit MMA-isolierter Elektrode, Gleichstrom (DC) mit PULSE-Funktion. Durch den Einsatz einer vollelektronischen Steuerung in dieser Serie werden die f\u00fcr Multifunktionssysteme charakteristischen M\u00e4ngel beseitigt. Bei einem vollelektronischen System verf\u00fcgt das Steuersystem \u00fcber absolut alle Ressourcen der Quelle, innerhalb der Grenzen ihrer vollen Leistung und unabh\u00e4ngig davon, welches Verfahren verwendet wird.<\/p>\n<p>Die Ger\u00e4te der Professional-Serie sind f\u00fcr den halbindustriellen und industriellen Einsatz konzipiert. Die Stromquelle kann aus Gr\u00fcnden der Bequemlichkeit und Sicherheit vom Schwei\u00dfdrahtvorschubmechanismus getrennt werden. Sie bieten einen Betriebszyklus von 70% bei einem vollen Nennstrom von 350 A ohne Leistungs- oder Qualit\u00e4tsverlust. Dies erm\u00f6glicht die Verwendung von Massivdraht von 0,6 ... 1,2 mm im GMAW-Verfahren und einer umh\u00fcllten Elektrode von 1,6 ... 6 mm (SMAW). Das Ger\u00e4t erm\u00f6glicht einen Polarit\u00e4tswechsel und damit das Schwei\u00dfen mit einem selbstabschirmenden Draht (FCAW). F\u00fcr gef\u00e4hrliche Bedingungen verf\u00fcgt das Ger\u00e4t \u00fcber eine MMA-Leerlaufspannungsreduziereinheit, die ein- und ausgeschaltet werden kann. Nach Beendigung des Schwei\u00dfvorgangs wird die Spannung an den Quellklemmen innerhalb von 0,1 Sekunden auf ein sicheres Niveau von 12 V reduziert.<\/p>\n<p>Diese Schwei\u00dfmaschine ProMIG 350 sind gegen das Eindringen von Fremdk\u00f6rpern gr\u00f6\u00dfer als 2,5 mm und gegen Regentropfen gesch\u00fctzt, wenn die Regentropfen in einem Winkel von nicht mehr als 60 Grad zu den vertikalen Fl\u00e4chen der Schwei\u00dfmaschine fallen. Das Schwei\u00dfen ist bei einer Au\u00dfentemperatur von -25 \u00b0\u0421 bis 45 \u00b0\u0421 erlaubt. Die internen elektrischen und elektronischen Elemente des Schwei\u00dfger\u00e4ts sind gegen Feuchtigkeit gesch\u00fctzt, aber nicht gegen atmosph\u00e4rische Kondensattropfen.<\/p>\n<p>Kennzeichnend f\u00fcr die PATON\u2122-Halbautomaten der \"Professional\"-Serie ist der hochwertige, abgedichtete Metalldrahtvorschub sowie der vorhandene KZ-2 \"EURO\"-Typ-Anschluss, der weltweit zum Standard geworden ist und es dem Benutzer erm\u00f6glicht, die Halterung in Zukunft nach eigenem Ermessen zu wechseln. Bei diesem Modell ist das Vorschubger\u00e4t mit 4 Drahtvorschubrollen ausgestattet, wir k\u00f6nnen eine Spule von bis zu 18 kg und eine 5-Meter-Schwei\u00dfpistole verwenden. Aufgrund ihrer kompakten und robusten Bauweise sind die Schwei\u00dfmaschinen der Professional Series ideal f\u00fcr den Einsatz vor Ort und unter halbindustriellen Bedingungen. Die geringe Gr\u00f6\u00dfe der Maschine macht sie sehr mobil.<\/p>\n<h3><strong>Eigenschaften <\/strong><\/h3>\n<ul>\n<li>L\u00fcfterstopp - Adaptiver L\u00fcfter, eine L\u00f6sung, die die Lebensdauer des L\u00fcfters selbst verl\u00e4ngert und auch die Staubmenge im Ger\u00e4t selbst reduziert. Die Geschwindigkeit des L\u00fcfters erh\u00f6ht sich zu Beginn der Arbeit und bei Erw\u00e4rmung und verringert sich, wenn das Schwei\u00dfger\u00e4t abk\u00fchlt.<\/li>\n<li>R\u00fcckbrandzeit des letzten Drahtes (Burn-Back) - Diese Funktion dient dazu, einen Schwei\u00dfkrater, der sich im Schwei\u00dfbad durch die vom Lichtbogen erzeugten elektromagnetischen Blaskr\u00e4fte bilden kann, gleichm\u00e4\u00dfig zu schwei\u00dfen. Der so entstandene Krater kann eine Quelle f\u00fcr zuk\u00fcnftige Schwei\u00dffehler sein. Diese Funktion sollte durch Loslassen der entsprechenden Taste am Schwei\u00dfbrenner am Ende des Schwei\u00dfvorgangs aktiviert werden. Dann sollte die Bewegung des Schwei\u00dfbrenners beendet und der Schwei\u00dfkrater in der Abklingposition der Schwei\u00dfspannung geschwei\u00dft werden.<\/li>\n<li>Impulsschwei\u00dffunktion - Diese Funktion dient zur Vereinfachung der Steuerung eines Schwei\u00dfprozesses in verschiedenen r\u00e4umlichen Schwei\u00dfpositionen, mit Ausnahme einer flachen Schwei\u00dfposition. Diese Funktion wird auch beim Schwei\u00dfen von Nichteisenmetallen verwendet. Wenn diese Funktion aktiviert ist, verbessert die Anwendung von gepulstem Schwei\u00dfstrom die Durchmischung von geschmolzenen Metallen im Schwei\u00dfbereich und bewirkt eine erzwungene Wirkung auf die \u00dcbertragung von geschmolzenen Metalltr\u00f6pfchen im Schwei\u00dfbad, wodurch die Stabilit\u00e4t der Schwei\u00dfnahtbildung und die Stabilit\u00e4t des Schwei\u00dfprozesses verbessert werden.<\/li>\n<li>Induktivit\u00e4tssteuerung - Die Induktivit\u00e4tssteuerung erm\u00f6glicht die Optimierung der Lichtbogeneigenschaften in Abh\u00e4ngigkeit von der geschwei\u00dften Dicke des Elements sowie von der Schwei\u00dfmethode und den Schwei\u00dfbedingungen. Diese Funktion wird ben\u00f6tigt, um die Anstiegsgeschwindigkeit des Stroms zu \u00e4ndern, wenn sich die Lichtbogenspannung \u00e4ndert. Je d\u00fcnner das mit dem MIG\/MAG-Verfahren zu schwei\u00dfende Element ist, desto h\u00f6her ist die Induktivit\u00e4t (weicher Lichtbogen - weniger Aufschmelzung), bei dicken Elementen ist es umgekehrt (harter Lichtbogen - gr\u00f6\u00dfere Einbettung).<\/li>\n<\/ul>\n<h3><strong>Vorteile von E.O. Paton<\/strong><\/h3>\n<ul>\n<li>Gro\u00dfe Auswahl an Schwei\u00dfparametereinstellungen:\n<ul>\n<li>MMA-Methode - 1 (Basis) + 10 (Extra)<\/li>\n<li>WIG-Verfahren - 1 (Basis) + 10 (zus\u00e4tzlich)<\/li>\n<li>MIG\/MAG-Verfahren - 2 (Basis) + 8 (zus\u00e4tzlich)<\/li>\n<\/ul>\n<\/li>\n<li>Gepulste Schwei\u00dffunktion, programmierbar in allen Schwei\u00dfmodi Neben dem Schutz vor Netzspannungsspitzen und -einbr\u00fcchen sind die Ger\u00e4te mit einem Stabilisierungssystem f\u00fcr l\u00e4ngere Spannungs\u00e4nderungen im Interphasennetz ausgestattet und erm\u00f6glichen einen korrekten Betrieb im Spannungsbereich von 320 V bis 440 V.<\/li>\n<li>Angepasst an das normale Stromnetz. Dank ihres hohen Wirkungsgrads deckt die Quelle doppelt so viel Strombedarf wie herk\u00f6mmliche Quellen.<\/li>\n<li>Passt automatisch die Drehzahl des L\u00fcfters an, der mit h\u00f6herer Effizienz arbeitet, wenn das Ger\u00e4t aufgew\u00e4rmt ist, und reduziert die Drehzahl, wenn das Ger\u00e4t nicht in Gebrauch ist. Dies wirkt sich auf den Verschlei\u00df des Gebl\u00e4ses aus und reduziert die Staubmenge im Ger\u00e4t und den L\u00e4rm beim Schwei\u00dfen.<\/li>\n<li>Einfacher Betrieb bei Nennstrombelastung des Ger\u00e4ts, ohne dass K\u00fchlungsunterbrechungen bei 25 \u00b0C erforderlich sind.<\/li>\n<li>Hohe Ger\u00e4tezuverl\u00e4ssigkeit unter Produktionsbedingungen mit viel Staub und Feuchtigkeit.<\/li>\n<li>Das Ger\u00e4t ist mit einer W\u00e4rmeschutzvorrichtung ausgestattet, die alle w\u00e4rmeerzeugenden Elemente des Schwei\u00dfger\u00e4ts vor \u00dcberhitzung sch\u00fctzt.<\/li>\n<li>Alle elektronischen Komponenten des Ger\u00e4ts sind mit zwei Schichten hochwertigen Lacks impr\u00e4gniert, wodurch die Zuverl\u00e4ssigkeit des Produkts w\u00e4hrend seiner gesamten Lebensdauer gew\u00e4hrleistet ist.<\/li>\n<li>Verbesserte Lichtbogenstabilit\u00e4t<\/li>\n<li>Zuverl\u00e4ssigkeit dank der Verwendung der neuesten IGBT-Technologie.<\/li>\n<li>Seine geringe Gr\u00f6\u00dfe und sein geringes Gewicht beeintr\u00e4chtigen die technische Leistung des Schwei\u00dfger\u00e4ts nicht, sondern erleichtern das Schwei\u00dfen an schwierigen Stellen.<\/li>\n<\/ul>\n<h3><strong>Technische Daten<\/strong><\/h3>\n<table>\n<tbody>\n<tr>\n<td width=\"165\"><strong>Durchmesser der Elektrode (mm)<\/strong><\/td>\n<td width=\"165\"><strong>Schwei\u00dfstrom beim MMA- und WIG-Schwei\u00dfverfahren (A)<\/strong><\/td>\n<td width=\"165\"><strong>Schwei\u00dfdrahtdurchmesser beim MIG\/MAG-Schwei\u00dfverfahren (mm)<\/strong><\/td>\n<td width=\"165\"><strong>Mindestleistung des Generators (kVA)<\/strong><\/td>\n<\/tr>\n<tr>\n<td width=\"165\"><em>\u0424<\/em>2<\/td>\n<td width=\"165\">Nicht mehr als 80<\/td>\n<td width=\"165\">Nicht mehr als<em>\u00a0\u0424<\/em>0.6<\/td>\n<td width=\"165\">2.9<\/td>\n<\/tr>\n<tr>\n<td width=\"165\"><em>\u0424<\/em>3<\/td>\n<td width=\"165\">Nicht mehr als 120<\/td>\n<td width=\"165\">Nicht mehr als<em>\u00a0\u0424<\/em>0.8<\/td>\n<td width=\"165\">4.5<\/td>\n<\/tr>\n<tr>\n<td width=\"165\"><em>\u0424<\/em>4<\/td>\n<td width=\"165\">Nicht mehr als 160<\/td>\n<td width=\"165\">Nicht mehr als<em>\u00a0\u0424<\/em>1.0<\/td>\n<td width=\"165\">6.2<\/td>\n<\/tr>\n<tr>\n<td width=\"165\"><em>\u0424<\/em>5<\/td>\n<td width=\"165\">Nicht mehr als 200<\/td>\n<td width=\"165\">Nicht mehr als<em>\u00a0\u0424<\/em>1.0<\/td>\n<td width=\"165\">8.0<\/td>\n<\/tr>\n<\/tbody>\n<\/table>\n<ul>\n<li>Netzspannung 50\/60 Hz - 3\u00d7400 V<\/li>\n<li>Erforderlicher Nennstrom des Gitters - 16 - 18 A<\/li>\n<li>Nennschwei\u00dfstrom - 350 A<\/li>\n<li>Maximaler Schwei\u00dfstrom - 450 A<\/li>\n<li>Einschaltzeit\n<ul>\n<li>70% - 350 \u0410<\/li>\n<li>100% - 290 A<\/li>\n<\/ul>\n<\/li>\n<li>Spannungs\u00e4nderungsbereiche - \u00b115% V<\/li>\n<li>Stromst\u00e4rkebereich - 16 - 350 A<\/li>\n<li>Einstellbereiche der Schwei\u00dfspannung - 12 - 30 V<\/li>\n<li>Grenzwerte f\u00fcr die Drahtvorschubgeschwindigkeit - 2,0 - 16 m\/min<\/li>\n<li>Elektrodendurchmesser verpackt - 1,6 - 6,0 mm<\/li>\n<li>Anzahl der Andruckrollen - 4<\/li>\n<li>Volldrahtdurchmesser - 0,6 - 1,4 mm<\/li>\n<li>Spulengewicht, nicht mehr als - \u226418 kg<\/li>\n<li>Gepulste Stromschwei\u00dfverfahren - MMA\/TIG\/MIG\/MAG<\/li>\n<li>\"Hot-Start\"-Funktion - einstellbar<\/li>\n<li>Funktion \"Arc-Force\" - einstellbar<\/li>\n<li>Anti-Stick-Funktion - automatisch<\/li>\n<li>Leerlaufspannungsreduzierungssystem - Ein \/ Aus<\/li>\n<li>Entladespannung - 12 \/ 75 V<\/li>\n<li>Lichtbogenz\u00fcndstrom Spannung - 110 V<\/li>\n<li>Nennleistungsaufnahme - 10,5 - 11,8 kVA<\/li>\n<li>Maximale Leistungsaufnahme - 15,0 kVA<\/li>\n<li>Energieeffizienz - 90%<\/li>\n<li>K\u00fchlung - automatisch<\/li>\n<li>Betriebstemperaturbereich - -25 bis +45 \u00ba\u0421<\/li>\n<li>Standard\n<ul>\n<li>EN 60204 - 1:2006<\/li>\n<li>EN 60974 - 1:2012<\/li>\n<li>EN 60974 - 10:2014<\/li>\n<\/ul>\n<\/li>\n<li>Abmessungen L x B x H - 595 \u0445 300 \u0445 390<\/li>\n<li>Gewicht - 23,9 kg<\/li>\n<li>Schutzart - IP 33<\/li>\n<\/ul>\n<h3><strong>Umfang der Lieferung<\/strong><\/h3>\n<ul>\n<li>Paton ProMIG-350 Schwei\u00dfmaschine MIG\/MAG MMA\/TIG Lift mit Wasserk\u00fchlung 400V<\/li>\n<li>PATON\u2122 BPI 15-4 Zuf\u00fchrstation (15 kg Spule - Zuf\u00fchrstation mit 4 Rollen)<\/li>\n<li>PATON Profi-K\u00fchlbox<\/li>\n<li>PATON Schwei\u00dfwagen<\/li>\n<li>Abdeckung der Drahtspule<\/li>\n<li>Elektrodenhalter ABICOR BINZEL DE 3m<\/li>\n<li>Bodenst\u00fctze ABICOR BINZEL MK 3m<\/li>\n<li>Drahtvorschubrollen 4x (0,8 - 1,0),4x (1,2 - 1,6) V + 4x (0,8 - 1,0) U<\/li>\n<li>Schnellkupplung f\u00fcr Gas<\/li>\n<li>Verpackung aus Karton<\/li>\n<li>Trageriemen<\/li>\n<li>Benutzerhandbuch<\/li>\n<\/ul>","protected":false},"excerpt":{"rendered":"<ul>\n<li>Gro\u00dfe Auswahl an Schwei\u00dfparametereinstellungen:\n<ul>\n<li>MMA-Methode - 1 (Basis) + 10 (Extra)<\/li>\n<li>WIG-Verfahren - 1 (Basis) + 10 (zus\u00e4tzlich)<\/li>\n<li>MIG\/MAG-Verfahren - 2 (Basis) + 8 (zus\u00e4tzlich)<\/li>\n<\/ul>\n<\/li>\n<li>Gepulste Schwei\u00dffunktion, programmierbar in allen Schwei\u00dfmodi Neben dem Schutz vor Netzspannungsspitzen und -einbr\u00fcchen sind die Ger\u00e4te mit einem Stabilisierungssystem f\u00fcr l\u00e4ngere Spannungs\u00e4nderungen im Interphasennetz ausgestattet und erm\u00f6glichen einen korrekten Betrieb im Spannungsbereich von 320 V bis 440 V.<\/li>\n<\/ul>","protected":false},"featured_media":2035,"comment_status":"open","ping_status":"closed","template":"","meta":[],"product_brand":[325],"product_cat":[380,27,18],"product_tag":[],"class_list":{"0":"post-2036","1":"product","2":"type-product","3":"status-publish","4":"has-post-thumbnail","6":"product_brand-paton","7":"product_cat-elektrode-lasapparaat-mma","8":"product_cat-lasapparaat","9":"product_cat-machines","11":"first","12":"instock","13":"shipping-taxable","14":"product-type-simple"},"ct_brands":[{"id":325,"name":"PATON","slug":"paton"}],"yoast_head":"<!-- This site is optimized with the Yoast SEO plugin v27.3 - https:\/\/yoast.com\/product\/yoast-seo-wordpress\/ -->\n<title>Paton ProMIG-350 | MIG\/MAG, MMA &amp; TIG Lasapparaat 400V - Globe Europe<\/title>\n<meta name=\"description\" content=\"Paton ProMIG-350 met 400V, 350A en PULSE-functie. Geschikt voor MIG\/MAG, MMA &amp; TIG-lassen + Lift. Watergekoeld, robuust en mobiel voor industrieel gebruik.\" \/>\n<meta name=\"robots\" content=\"index, follow, max-snippet:-1, max-image-preview:large, max-video-preview:-1\" \/>\n<link rel=\"canonical\" href=\"https:\/\/globe-europe.nl\/de\/produkt\/paton-promig-350-schweisgerat-mig-mag-mma-tig-lift-mit-wasserkuhlung-400v\/\" \/>\n<meta property=\"og:locale\" content=\"de_DE\" \/>\n<meta property=\"og:type\" content=\"article\" \/>\n<meta property=\"og:title\" content=\"Paton ProMIG-350 | MIG\/MAG, MMA &amp; TIG Lasapparaat 400V - Globe Europe\" \/>\n<meta property=\"og:description\" content=\"Paton ProMIG-350 met 400V, 350A en PULSE-functie. Geschikt voor MIG\/MAG, MMA &amp; TIG-lassen + Lift. Watergekoeld, robuust en mobiel voor industrieel gebruik.\" \/>\n<meta property=\"og:url\" content=\"https:\/\/globe-europe.nl\/de\/produkt\/paton-promig-350-schweisgerat-mig-mag-mma-tig-lift-mit-wasserkuhlung-400v\/\" \/>\n<meta property=\"og:site_name\" content=\"Globe Europe\" \/>\n<meta property=\"article:modified_time\" content=\"2025-02-18T12:43:58+00:00\" \/>\n<meta property=\"og:image\" content=\"https:\/\/globe-europe.nl\/wp-content\/uploads\/2025\/02\/314-1.gif\" \/>\n\t<meta property=\"og:image:width\" content=\"700\" \/>\n\t<meta property=\"og:image:height\" content=\"700\" \/>\n\t<meta property=\"og:image:type\" content=\"image\/gif\" \/>\n<meta name=\"twitter:card\" content=\"summary_large_image\" \/>\n<meta name=\"twitter:label1\" content=\"Gesch\u00e4tzte Lesezeit\" \/>\n\t<meta name=\"twitter:data1\" content=\"7\u00a0Minuten\" \/>\n<script type=\"application\/ld+json\" class=\"yoast-schema-graph\">{\"@context\":\"https:\\\/\\\/schema.org\",\"@graph\":[{\"@type\":\"WebPage\",\"@id\":\"https:\\\/\\\/globe-europe.nl\\\/product\\\/paton-promig-350-lasapparaat-mig-mag-mma-tig-lift-met-waterkoeling-400v\\\/\",\"url\":\"https:\\\/\\\/globe-europe.nl\\\/product\\\/paton-promig-350-lasapparaat-mig-mag-mma-tig-lift-met-waterkoeling-400v\\\/\",\"name\":\"Paton ProMIG-350 | MIG\\\/MAG, MMA & TIG Lasapparaat 400V - Globe Europe\",\"isPartOf\":{\"@id\":\"https:\\\/\\\/globe-europe.nl\\\/#website\"},\"primaryImageOfPage\":{\"@id\":\"https:\\\/\\\/globe-europe.nl\\\/product\\\/paton-promig-350-lasapparaat-mig-mag-mma-tig-lift-met-waterkoeling-400v\\\/#primaryimage\"},\"image\":{\"@id\":\"https:\\\/\\\/globe-europe.nl\\\/product\\\/paton-promig-350-lasapparaat-mig-mag-mma-tig-lift-met-waterkoeling-400v\\\/#primaryimage\"},\"thumbnailUrl\":\"https:\\\/\\\/globe-europe.nl\\\/wp-content\\\/uploads\\\/2025\\\/02\\\/314-1.gif\",\"datePublished\":\"2025-02-06T09:59:53+00:00\",\"dateModified\":\"2025-02-18T12:43:58+00:00\",\"description\":\"Paton ProMIG-350 met 400V, 350A en PULSE-functie. Geschikt voor MIG\\\/MAG, MMA & TIG-lassen + Lift. Watergekoeld, robuust en mobiel voor industrieel gebruik.\",\"breadcrumb\":{\"@id\":\"https:\\\/\\\/globe-europe.nl\\\/product\\\/paton-promig-350-lasapparaat-mig-mag-mma-tig-lift-met-waterkoeling-400v\\\/#breadcrumb\"},\"inLanguage\":\"de\",\"potentialAction\":[{\"@type\":\"ReadAction\",\"target\":[\"https:\\\/\\\/globe-europe.nl\\\/product\\\/paton-promig-350-lasapparaat-mig-mag-mma-tig-lift-met-waterkoeling-400v\\\/\"]}]},{\"@type\":\"ImageObject\",\"inLanguage\":\"de\",\"@id\":\"https:\\\/\\\/globe-europe.nl\\\/product\\\/paton-promig-350-lasapparaat-mig-mag-mma-tig-lift-met-waterkoeling-400v\\\/#primaryimage\",\"url\":\"https:\\\/\\\/globe-europe.nl\\\/wp-content\\\/uploads\\\/2025\\\/02\\\/314-1.gif\",\"contentUrl\":\"https:\\\/\\\/globe-europe.nl\\\/wp-content\\\/uploads\\\/2025\\\/02\\\/314-1.gif\",\"width\":700,\"height\":700,\"caption\":\"Paton ProMIG-350\"},{\"@type\":\"BreadcrumbList\",\"@id\":\"https:\\\/\\\/globe-europe.nl\\\/product\\\/paton-promig-350-lasapparaat-mig-mag-mma-tig-lift-met-waterkoeling-400v\\\/#breadcrumb\",\"itemListElement\":[{\"@type\":\"ListItem\",\"position\":1,\"name\":\"Home\",\"item\":\"https:\\\/\\\/globe-europe.nl\\\/\"},{\"@type\":\"ListItem\",\"position\":2,\"name\":\"Winkel\",\"item\":\"https:\\\/\\\/globe-europe.nl\\\/winkel\\\/\"},{\"@type\":\"ListItem\",\"position\":3,\"name\":\"Paton ProMIG-350 Lasapparaat MIG\\\/MAG MMA\\\/TIG Lift met waterkoeling 400V\"}]},{\"@type\":\"WebSite\",\"@id\":\"https:\\\/\\\/globe-europe.nl\\\/#website\",\"url\":\"https:\\\/\\\/globe-europe.nl\\\/\",\"name\":\"Globe Europe\",\"description\":\"\",\"publisher\":{\"@id\":\"https:\\\/\\\/globe-europe.nl\\\/#organization\"},\"potentialAction\":[{\"@type\":\"SearchAction\",\"target\":{\"@type\":\"EntryPoint\",\"urlTemplate\":\"https:\\\/\\\/globe-europe.nl\\\/?s={search_term_string}\"},\"query-input\":{\"@type\":\"PropertyValueSpecification\",\"valueRequired\":true,\"valueName\":\"search_term_string\"}}],\"inLanguage\":\"de\"},{\"@type\":\"Organization\",\"@id\":\"https:\\\/\\\/globe-europe.nl\\\/#organization\",\"name\":\"Globe Europe\",\"url\":\"https:\\\/\\\/globe-europe.nl\\\/\",\"logo\":{\"@type\":\"ImageObject\",\"inLanguage\":\"de\",\"@id\":\"https:\\\/\\\/globe-europe.nl\\\/#\\\/schema\\\/logo\\\/image\\\/\",\"url\":\"https:\\\/\\\/globe-europe.nl\\\/wp-content\\\/uploads\\\/2025\\\/02\\\/GLOBE-LOGO-WEB-GROOT.png\",\"contentUrl\":\"https:\\\/\\\/globe-europe.nl\\\/wp-content\\\/uploads\\\/2025\\\/02\\\/GLOBE-LOGO-WEB-GROOT.png\",\"width\":938,\"height\":404,\"caption\":\"Globe Europe\"},\"image\":{\"@id\":\"https:\\\/\\\/globe-europe.nl\\\/#\\\/schema\\\/logo\\\/image\\\/\"}}]}<\/script>\n<!-- \/ Yoast SEO plugin. -->","yoast_head_json":{"title":"Paton ProMIG-350 | MIG\/MAG, MMA &amp; TIG Schwei\u00dfmaschine 400V - Globe Europe","description":"Paton ProMIG-350 mit 400V, 350A und PULSE-Funktion. Geeignet f\u00fcr MIG\/MAG, MMA &amp; WIG-Schwei\u00dfen + Lift. Wassergek\u00fchlt, robust und mobil f\u00fcr den industriellen Einsatz.","robots":{"index":"index","follow":"follow","max-snippet":"max-snippet:-1","max-image-preview":"max-image-preview:large","max-video-preview":"max-video-preview:-1"},"canonical":"https:\/\/globe-europe.nl\/de\/produkt\/paton-promig-350-schweisgerat-mig-mag-mma-tig-lift-mit-wasserkuhlung-400v\/","og_locale":"de_DE","og_type":"article","og_title":"Paton ProMIG-350 | MIG\/MAG, MMA & TIG Lasapparaat 400V - Globe Europe","og_description":"Paton ProMIG-350 met 400V, 350A en PULSE-functie. Geschikt voor MIG\/MAG, MMA & TIG-lassen + Lift. Watergekoeld, robuust en mobiel voor industrieel gebruik.","og_url":"https:\/\/globe-europe.nl\/de\/produkt\/paton-promig-350-schweisgerat-mig-mag-mma-tig-lift-mit-wasserkuhlung-400v\/","og_site_name":"Globe Europe","article_modified_time":"2025-02-18T12:43:58+00:00","og_image":[{"width":700,"height":700,"url":"https:\/\/globe-europe.nl\/wp-content\/uploads\/2025\/02\/314-1.gif","type":"image\/gif"}],"twitter_card":"summary_large_image","twitter_misc":{"Gesch\u00e4tzte Lesezeit":"7\u00a0Minuten"},"schema":{"@context":"https:\/\/schema.org","@graph":[{"@type":"WebPage","@id":"https:\/\/globe-europe.nl\/product\/paton-promig-350-lasapparaat-mig-mag-mma-tig-lift-met-waterkoeling-400v\/","url":"https:\/\/globe-europe.nl\/product\/paton-promig-350-lasapparaat-mig-mag-mma-tig-lift-met-waterkoeling-400v\/","name":"Paton ProMIG-350 | MIG\/MAG, MMA &amp; TIG Schwei\u00dfmaschine 400V - Globe Europe","isPartOf":{"@id":"https:\/\/globe-europe.nl\/#website"},"primaryImageOfPage":{"@id":"https:\/\/globe-europe.nl\/product\/paton-promig-350-lasapparaat-mig-mag-mma-tig-lift-met-waterkoeling-400v\/#primaryimage"},"image":{"@id":"https:\/\/globe-europe.nl\/product\/paton-promig-350-lasapparaat-mig-mag-mma-tig-lift-met-waterkoeling-400v\/#primaryimage"},"thumbnailUrl":"https:\/\/globe-europe.nl\/wp-content\/uploads\/2025\/02\/314-1.gif","datePublished":"2025-02-06T09:59:53+00:00","dateModified":"2025-02-18T12:43:58+00:00","description":"Paton ProMIG-350 mit 400V, 350A und PULSE-Funktion. Geeignet f\u00fcr MIG\/MAG, MMA &amp; WIG-Schwei\u00dfen + Lift. Wassergek\u00fchlt, robust und mobil f\u00fcr den industriellen Einsatz.","breadcrumb":{"@id":"https:\/\/globe-europe.nl\/product\/paton-promig-350-lasapparaat-mig-mag-mma-tig-lift-met-waterkoeling-400v\/#breadcrumb"},"inLanguage":"de","potentialAction":[{"@type":"ReadAction","target":["https:\/\/globe-europe.nl\/product\/paton-promig-350-lasapparaat-mig-mag-mma-tig-lift-met-waterkoeling-400v\/"]}]},{"@type":"ImageObject","inLanguage":"de","@id":"https:\/\/globe-europe.nl\/product\/paton-promig-350-lasapparaat-mig-mag-mma-tig-lift-met-waterkoeling-400v\/#primaryimage","url":"https:\/\/globe-europe.nl\/wp-content\/uploads\/2025\/02\/314-1.gif","contentUrl":"https:\/\/globe-europe.nl\/wp-content\/uploads\/2025\/02\/314-1.gif","width":700,"height":700,"caption":"Paton ProMIG-350"},{"@type":"BreadcrumbList","@id":"https:\/\/globe-europe.nl\/product\/paton-promig-350-lasapparaat-mig-mag-mma-tig-lift-met-waterkoeling-400v\/#breadcrumb","itemListElement":[{"@type":"ListItem","position":1,"name":"Home","item":"https:\/\/globe-europe.nl\/"},{"@type":"ListItem","position":2,"name":"Winkel","item":"https:\/\/globe-europe.nl\/winkel\/"},{"@type":"ListItem","position":3,"name":"Paton ProMIG-350 Lasapparaat MIG\/MAG MMA\/TIG Lift met waterkoeling 400V"}]},{"@type":"WebSite","@id":"https:\/\/globe-europe.nl\/#website","url":"https:\/\/globe-europe.nl\/","name":"Globe Europe","description":"","publisher":{"@id":"https:\/\/globe-europe.nl\/#organization"},"potentialAction":[{"@type":"SearchAction","target":{"@type":"EntryPoint","urlTemplate":"https:\/\/globe-europe.nl\/?s={search_term_string}"},"query-input":{"@type":"PropertyValueSpecification","valueRequired":true,"valueName":"search_term_string"}}],"inLanguage":"de"},{"@type":"Organization","@id":"https:\/\/globe-europe.nl\/#organization","name":"Globe Europe","url":"https:\/\/globe-europe.nl\/","logo":{"@type":"ImageObject","inLanguage":"de","@id":"https:\/\/globe-europe.nl\/#\/schema\/logo\/image\/","url":"https:\/\/globe-europe.nl\/wp-content\/uploads\/2025\/02\/GLOBE-LOGO-WEB-GROOT.png","contentUrl":"https:\/\/globe-europe.nl\/wp-content\/uploads\/2025\/02\/GLOBE-LOGO-WEB-GROOT.png","width":938,"height":404,"caption":"Globe Europe"},"image":{"@id":"https:\/\/globe-europe.nl\/#\/schema\/logo\/image\/"}}]}},"_links":{"self":[{"href":"https:\/\/globe-europe.nl\/de\/wp-json\/wp\/v2\/product\/2036","targetHints":{"allow":["GET"]}}],"collection":[{"href":"https:\/\/globe-europe.nl\/de\/wp-json\/wp\/v2\/product"}],"about":[{"href":"https:\/\/globe-europe.nl\/de\/wp-json\/wp\/v2\/types\/product"}],"replies":[{"embeddable":true,"href":"https:\/\/globe-europe.nl\/de\/wp-json\/wp\/v2\/comments?post=2036"}],"wp:featuredmedia":[{"embeddable":true,"href":"https:\/\/globe-europe.nl\/de\/wp-json\/wp\/v2\/media\/2035"}],"wp:attachment":[{"href":"https:\/\/globe-europe.nl\/de\/wp-json\/wp\/v2\/media?parent=2036"}],"wp:term":[{"taxonomy":"product_brand","embeddable":true,"href":"https:\/\/globe-europe.nl\/de\/wp-json\/wp\/v2\/product_brand?post=2036"},{"taxonomy":"product_cat","embeddable":true,"href":"https:\/\/globe-europe.nl\/de\/wp-json\/wp\/v2\/product_cat?post=2036"},{"taxonomy":"product_tag","embeddable":true,"href":"https:\/\/globe-europe.nl\/de\/wp-json\/wp\/v2\/product_tag?post=2036"}],"curies":[{"name":"wp","href":"https:\/\/api.w.org\/{rel}","templated":true}]}}