{"id":2039,"date":"2025-02-06T09:59:56","date_gmt":"2025-02-06T09:59:56","guid":{"rendered":"https:\/\/globe-europe.nl\/product\/paton-protig-200-tig-ac-dc-lasapparaat-230v-met-binzel-abitig-26-4-meter-toorts\/"},"modified":"2025-02-18T12:42:12","modified_gmt":"2025-02-18T12:42:12","slug":"paton-protig-200-tig-ac-dc-schweisgerat-230v-mit-binzel-abitig-26-4m-brenner","status":"publish","type":"product","link":"https:\/\/globe-europe.nl\/de\/product\/paton-protig-200-tig-ac-dc-lasapparaat-230v-met-binzel-abitig-26-4-meter-toorts\/","title":{"rendered":"Paton ProTIG 200 WIG AC\/DC Schwei\u00dfger\u00e4t 230V mit Binzel ABITIG 26 - 4-Meter-Brenner"},"content":{"rendered":"<h2><span style=\"font-size: 20px;\">Paton ProTIG 200 WIG AC\/DC Schwei\u00dfger\u00e4t 230V mit Binzel ABITIG 26 - 4-Meter-Brenner<\/span><\/h2>\n<p>Das Schwei\u00dfger\u00e4t Paton ProTIG 200 ist f\u00fcr das Schutzgasschwei\u00dfen \"WIG\" mit Gleichstrom oder Wechselstrom (AC\/DC) und das Handschwei\u00dfen mit Elektroden \"MMA\" mit Gleichstrom optimiert. Die \"Professional\"-Serie ist f\u00fcr Verbraucher konzipiert, die Kompaktheit und ein optimales Verh\u00e4ltnis zwischen Tragbarkeit und Funktionalit\u00e4t eines Ger\u00e4ts mit seiner vollen Nennstromst\u00e4rke verlangen.<\/p>\n<p>Die beste L\u00f6sung f\u00fcr das Gleich- und Wechselstromschwei\u00dfen einer breiten Palette von Materialien: Aluminium, Aluminiumlegierungen (WIG-AC-Modus), Teile und Materialien aus Stahl, Nichteisenmetallen und Kupferlegierungen (WIG-DC-Modus).<\/p>\n<p>Das Ger\u00e4t kann auch zum Schwei\u00dfen mit umh\u00fcllten Elektroden (MMA-Modus) verwendet werden. Dar\u00fcber hinaus hat der Hersteller die RIV-Funktion (SPOT) in diesem Ger\u00e4t verwendet. Das Inverterschwei\u00dfger\u00e4t PATON ProTIG 200 bietet eine hervorragende ber\u00fchrungslose Z\u00fcndung, einen konstanten und stabilen Lichtbogen sowie eine hohe Schwei\u00dfqualit\u00e4t und Benutzerfreundlichkeit.<\/p>\n<p>Das Ger\u00e4t verf\u00fcgt \u00fcber ein Schutzmodul gegen Unter- und \u00dcberspannungen. Durch die Erh\u00f6hung der Frequenz der Eingangsspannung, die dem Transformator zugef\u00fchrt wird, wird dieser um ein Vielfaches kleiner, so dass das Ger\u00e4t im Vergleich zu anderen Ger\u00e4ten mit \u00e4hnlichen Eigenschaften bei gleichen Ausgangsparametern ein Vielfaches an Gewicht und Abmessungen einspart.<\/p>\n<h3><strong>Eigenschaften <\/strong><\/h3>\n<ul>\n<li>Europ\u00e4ische Produktion<\/li>\n<li>Elektronisches W\u00e4rmeschutzsystem zum Schutz aller w\u00e4rmeerzeugenden Elemente vor \u00dcberhitzung<\/li>\n<li>Zuverl\u00e4ssigkeit dank der IGBT-Technologie<\/li>\n<li>F\u00e4higkeit, mit langen Verl\u00e4ngerungskabeln und mit einem Generator zu arbeiten<\/li>\n<li>Gepulstes Schwei\u00dfen (PULSE-Funktion)<\/li>\n<li>Verbesserte Stabilit\u00e4t des Lichtbogengl\u00fchens<\/li>\n<li>Wechselmodusfunktion 2T, 4T, Gasreinigung mit Feederfunktion<\/li>\n<li>Die Ger\u00e4te sind mit einem System zum Schutz gegen Spannungsspitzen und zur Stabilisierung ausgestattet, das einen ordnungsgem\u00e4\u00dfen Betrieb im Spannungsbereich von 160 V bis 260 V erm\u00f6glicht.<\/li>\n<li>Doppelt so hoher Stromverbrauch im Vergleich zu herk\u00f6mmlichen Quellen<\/li>\n<li>Optimales Abschmelzen und korrekte Teilungsform, unabh\u00e4ngig von der Schwei\u00dfposition<\/li>\n<li>Schwei\u00dfstrom - 200A, Spannungsversorgung 230V<\/li>\n<li>Schwei\u00dfverfahren - WIG AC\/DC, MMA<\/li>\n<li>Einschaltdauer - 40% bei 200 A, 100% bei 126 A<\/li>\n<li>Vorteile - ber\u00fchrungslose Lichtbogenz\u00fcndung, RIV-Schwei\u00dffunktion (Punktschwei\u00dfen), M\u00f6glichkeit zur Speicherung von Schwei\u00dfeinstellungen, verbesserte Lichtbogenstabilisierung, stufenlose Parametereinstellung, Impulsschwei\u00dfen.<\/li>\n<li>Beschreibung - Professionelle Mehrzweck-Schwei\u00dfmaschine zum Schwei\u00dfen von Aluminium, schwarzem und rostfreiem Stahl.<\/li>\n<\/ul>\n<h3><strong>Vorteile des Paton ProTIG 200 WIG\/MMA AC\/DC-Schwei\u00dfger\u00e4ts<\/strong><\/h3>\n<ul>\n<li>Ber\u00fchrungsloses Lichtbogenz\u00fcndmodul installiert (Inbetriebnahme von Hochspannungsschwei\u00dfungen in der Gr\u00f6\u00dfenordnung von kV) HF.<\/li>\n<li>Gepulste Schwei\u00dffunktion im WIG AC\/DC und MMA Modus<\/li>\n<li>Die M\u00f6glichkeit, 10 nicht standardisierte Schwei\u00dfeinstellungen zu speichern.<\/li>\n<li>RIV-Schwei\u00dffunktion<\/li>\n<li>Druckknopfbedienung bei 2T- und 4T-Futtern<\/li>\n<li>Alle elektronischen Komponenten des Ger\u00e4ts sind mit zwei Schichten hochwertigen Lacks impr\u00e4gniert, was die Zuverl\u00e4ssigkeit des Produkts w\u00e4hrend seiner gesamten Lebensdauer gew\u00e4hrleistet.<\/li>\n<li>Ein elektronisches Hitzeschutzsystem ist an allen Teilen der Quelle installiert, die w\u00e4hrend des Betriebs hei\u00df werden. Wenn die Temperatur 100 \u02da\u0421 erreicht, wird die Stromversorgung des Ger\u00e4ts f\u00fcr eine bestimmte Zeit abgeschaltet, bis die Temperatur sinkt.<\/li>\n<li>Reibungslose Kontrolle der Schwei\u00dfparameter<\/li>\n<li>Verbesserte Lichtbogenstabilisierung im WIG AC\/DC-Modus.<\/li>\n<li>Adaptive Steuerung der L\u00fcftergeschwindigkeit in Abh\u00e4ngigkeit von der Temperatur.<\/li>\n<li>Trotz des Schutzes gegen Spannungsspitzen wurde ein Stabilisierungssystem f\u00fcr gr\u00f6\u00dfere langfristige Spannungsdifferenzen im Ein-Netz-Bereich von 190 V bis 260 V installiert.<\/li>\n<\/ul>\n<h3><strong>Umfang der Lieferung<\/strong><\/h3>\n<ul>\n<li>Paton ProTIG 200 WIG AC\/DC Schwei\u00dfger\u00e4t 230V<\/li>\n<li>Binzel ABITIG 26 - 4-Meter-Brenner<\/li>\n<li>Massehalter 3m<\/li>\n<li>Professionelle Tragetasche<\/li>\n<li>Trageriemen<\/li>\n<li>Benutzerhandbuch<\/li>\n<\/ul>\n<h3><strong>Dokumente<\/strong><\/h3>\n<div class=\"button5\"><a href=\"https:\/\/bjctools.nl\/wp-content\/uploads\/2023\/01\/ProTIG-200-315.pdf\" target=\"_blank\" rel=\"noopener noreferrer\"><span style=\"color: #000;\"><img decoding=\"async\" src=\"https:\/\/bjctools.nl\/wp-content\/uploads\/2018\/07\/pdf.png\" \/><br \/>\nHandbuch<\/span><\/a><\/div>","protected":false},"excerpt":{"rendered":"<ul>\n<li>Europ\u00e4ische Produktion<\/li>\n<li>Elektronisches W\u00e4rmeschutzsystem zum Schutz aller w\u00e4rmeerzeugenden Elemente vor \u00dcberhitzung<\/li>\n<li>Zuverl\u00e4ssigkeit dank der IGBT-Technologie<\/li>\n<li>F\u00e4higkeit, mit langen Verl\u00e4ngerungskabeln und mit einem Generator zu arbeiten<\/li>\n<li>Gepulstes Schwei\u00dfen (PULSE-Funktion)<\/li>\n<li>Verbesserte Stabilit\u00e4t des Lichtbogengl\u00fchens<\/li>\n<li>Wechselmodusfunktion 2T, 4T, Gasreinigung mit Feederfunktion<\/li>\n<\/ul>","protected":false},"featured_media":2038,"comment_status":"open","ping_status":"closed","template":"","meta":[],"product_brand":[325],"product_cat":[27,18,35],"product_tag":[],"class_list":{"0":"post-2039","1":"product","2":"type-product","3":"status-publish","4":"has-post-thumbnail","6":"product_brand-paton","7":"product_cat-lasapparaat","8":"product_cat-machines","9":"product_cat-tig-lasapparaat","11":"first","12":"instock","13":"shipping-taxable","14":"product-type-simple"},"ct_brands":[{"id":325,"name":"PATON","slug":"paton"}],"yoast_head":"<!-- This site is optimized with the Yoast SEO plugin v27.5 - https:\/\/yoast.com\/product\/yoast-seo-wordpress\/ -->\n<title>Paton ProTIG 200 AC\/DC | TIG &amp; MMA Lasapparaat 230V - Globe Europe<\/title>\n<meta name=\"description\" content=\"Paton ProTIG 200 AC\/DC lasapparaat met 230V, geschikt voor TIG- en MMA-lassen. Ideaal voor aluminium, staal en non-ferrometalen. Compact &amp; krachtig.\" \/>\n<meta name=\"robots\" content=\"index, follow, max-snippet:-1, max-image-preview:large, max-video-preview:-1\" \/>\n<link rel=\"canonical\" href=\"https:\/\/globe-europe.nl\/de\/produkt\/paton-protig-200-tig-ac-dc-schweisgerat-230v-mit-binzel-abitig-26-4m-brenner\/\" \/>\n<meta property=\"og:locale\" content=\"de_DE\" \/>\n<meta property=\"og:type\" content=\"article\" \/>\n<meta property=\"og:title\" content=\"Paton ProTIG 200 AC\/DC | TIG &amp; MMA Lasapparaat 230V - Globe Europe\" \/>\n<meta property=\"og:description\" content=\"Paton ProTIG 200 AC\/DC lasapparaat met 230V, geschikt voor TIG- en MMA-lassen. Ideaal voor aluminium, staal en non-ferrometalen. Compact &amp; krachtig.\" \/>\n<meta property=\"og:url\" content=\"https:\/\/globe-europe.nl\/de\/produkt\/paton-protig-200-tig-ac-dc-schweisgerat-230v-mit-binzel-abitig-26-4m-brenner\/\" \/>\n<meta property=\"og:site_name\" content=\"Globe Europe\" \/>\n<meta property=\"article:modified_time\" content=\"2025-02-18T12:42:12+00:00\" \/>\n<meta property=\"og:image\" content=\"https:\/\/globe-europe.nl\/wp-content\/uploads\/2025\/02\/309.gif\" \/>\n\t<meta property=\"og:image:width\" content=\"700\" \/>\n\t<meta property=\"og:image:height\" content=\"700\" \/>\n\t<meta property=\"og:image:type\" content=\"image\/gif\" \/>\n<meta name=\"twitter:card\" content=\"summary_large_image\" \/>\n<meta name=\"twitter:label1\" content=\"Gesch\u00e4tzte Lesezeit\" \/>\n\t<meta name=\"twitter:data1\" content=\"3\u00a0Minuten\" \/>\n<script type=\"application\/ld+json\" class=\"yoast-schema-graph\">{\"@context\":\"https:\\\/\\\/schema.org\",\"@graph\":[{\"@type\":\"WebPage\",\"@id\":\"https:\\\/\\\/globe-europe.nl\\\/product\\\/paton-protig-200-tig-ac-dc-lasapparaat-230v-met-binzel-abitig-26-4-meter-toorts\\\/\",\"url\":\"https:\\\/\\\/globe-europe.nl\\\/product\\\/paton-protig-200-tig-ac-dc-lasapparaat-230v-met-binzel-abitig-26-4-meter-toorts\\\/\",\"name\":\"Paton ProTIG 200 AC\\\/DC | TIG & MMA Lasapparaat 230V - Globe Europe\",\"isPartOf\":{\"@id\":\"https:\\\/\\\/globe-europe.nl\\\/#website\"},\"primaryImageOfPage\":{\"@id\":\"https:\\\/\\\/globe-europe.nl\\\/product\\\/paton-protig-200-tig-ac-dc-lasapparaat-230v-met-binzel-abitig-26-4-meter-toorts\\\/#primaryimage\"},\"image\":{\"@id\":\"https:\\\/\\\/globe-europe.nl\\\/product\\\/paton-protig-200-tig-ac-dc-lasapparaat-230v-met-binzel-abitig-26-4-meter-toorts\\\/#primaryimage\"},\"thumbnailUrl\":\"https:\\\/\\\/globe-europe.nl\\\/wp-content\\\/uploads\\\/2025\\\/02\\\/309.gif\",\"datePublished\":\"2025-02-06T09:59:56+00:00\",\"dateModified\":\"2025-02-18T12:42:12+00:00\",\"description\":\"Paton ProTIG 200 AC\\\/DC lasapparaat met 230V, geschikt voor TIG- en MMA-lassen. Ideaal voor aluminium, staal en non-ferrometalen. Compact & krachtig.\",\"breadcrumb\":{\"@id\":\"https:\\\/\\\/globe-europe.nl\\\/product\\\/paton-protig-200-tig-ac-dc-lasapparaat-230v-met-binzel-abitig-26-4-meter-toorts\\\/#breadcrumb\"},\"inLanguage\":\"de\",\"potentialAction\":[{\"@type\":\"ReadAction\",\"target\":[\"https:\\\/\\\/globe-europe.nl\\\/product\\\/paton-protig-200-tig-ac-dc-lasapparaat-230v-met-binzel-abitig-26-4-meter-toorts\\\/\"]}]},{\"@type\":\"ImageObject\",\"inLanguage\":\"de\",\"@id\":\"https:\\\/\\\/globe-europe.nl\\\/product\\\/paton-protig-200-tig-ac-dc-lasapparaat-230v-met-binzel-abitig-26-4-meter-toorts\\\/#primaryimage\",\"url\":\"https:\\\/\\\/globe-europe.nl\\\/wp-content\\\/uploads\\\/2025\\\/02\\\/309.gif\",\"contentUrl\":\"https:\\\/\\\/globe-europe.nl\\\/wp-content\\\/uploads\\\/2025\\\/02\\\/309.gif\",\"width\":700,\"height\":700},{\"@type\":\"BreadcrumbList\",\"@id\":\"https:\\\/\\\/globe-europe.nl\\\/product\\\/paton-protig-200-tig-ac-dc-lasapparaat-230v-met-binzel-abitig-26-4-meter-toorts\\\/#breadcrumb\",\"itemListElement\":[{\"@type\":\"ListItem\",\"position\":1,\"name\":\"Home\",\"item\":\"https:\\\/\\\/globe-europe.nl\\\/\"},{\"@type\":\"ListItem\",\"position\":2,\"name\":\"Winkel\",\"item\":\"https:\\\/\\\/globe-europe.nl\\\/winkel\\\/\"},{\"@type\":\"ListItem\",\"position\":3,\"name\":\"Paton ProTIG 200 TIG AC\\\/DC Lasapparaat 230V met Binzel ABITIG 26 \u2013 4 meter toorts\"}]},{\"@type\":\"WebSite\",\"@id\":\"https:\\\/\\\/globe-europe.nl\\\/#website\",\"url\":\"https:\\\/\\\/globe-europe.nl\\\/\",\"name\":\"Globe Europe\",\"description\":\"\",\"publisher\":{\"@id\":\"https:\\\/\\\/globe-europe.nl\\\/#organization\"},\"potentialAction\":[{\"@type\":\"SearchAction\",\"target\":{\"@type\":\"EntryPoint\",\"urlTemplate\":\"https:\\\/\\\/globe-europe.nl\\\/?s={search_term_string}\"},\"query-input\":{\"@type\":\"PropertyValueSpecification\",\"valueRequired\":true,\"valueName\":\"search_term_string\"}}],\"inLanguage\":\"de\"},{\"@type\":\"Organization\",\"@id\":\"https:\\\/\\\/globe-europe.nl\\\/#organization\",\"name\":\"Globe Europe\",\"url\":\"https:\\\/\\\/globe-europe.nl\\\/\",\"logo\":{\"@type\":\"ImageObject\",\"inLanguage\":\"de\",\"@id\":\"https:\\\/\\\/globe-europe.nl\\\/#\\\/schema\\\/logo\\\/image\\\/\",\"url\":\"https:\\\/\\\/globe-europe.nl\\\/wp-content\\\/uploads\\\/2025\\\/02\\\/GLOBE-LOGO-WEB-GROOT.png\",\"contentUrl\":\"https:\\\/\\\/globe-europe.nl\\\/wp-content\\\/uploads\\\/2025\\\/02\\\/GLOBE-LOGO-WEB-GROOT.png\",\"width\":938,\"height\":404,\"caption\":\"Globe Europe\"},\"image\":{\"@id\":\"https:\\\/\\\/globe-europe.nl\\\/#\\\/schema\\\/logo\\\/image\\\/\"}}]}<\/script>\n<!-- \/ Yoast SEO plugin. -->","yoast_head_json":{"title":"Paton ProTIG 200 AC\/DC | TIG &amp; MMA Schwei\u00dfger\u00e4t 230V - Globe Europe","description":"Paton ProTIG 200 AC\/DC Schwei\u00dfger\u00e4t mit 230V, geeignet f\u00fcr WIG und MMA Schwei\u00dfen. Ideal f\u00fcr Aluminium, Stahl und Nichteisenmetalle. Kompakt und leistungsstark.","robots":{"index":"index","follow":"follow","max-snippet":"max-snippet:-1","max-image-preview":"max-image-preview:large","max-video-preview":"max-video-preview:-1"},"canonical":"https:\/\/globe-europe.nl\/de\/produkt\/paton-protig-200-tig-ac-dc-schweisgerat-230v-mit-binzel-abitig-26-4m-brenner\/","og_locale":"de_DE","og_type":"article","og_title":"Paton ProTIG 200 AC\/DC | TIG & MMA Lasapparaat 230V - Globe Europe","og_description":"Paton ProTIG 200 AC\/DC lasapparaat met 230V, geschikt voor TIG- en MMA-lassen. Ideaal voor aluminium, staal en non-ferrometalen. Compact & krachtig.","og_url":"https:\/\/globe-europe.nl\/de\/produkt\/paton-protig-200-tig-ac-dc-schweisgerat-230v-mit-binzel-abitig-26-4m-brenner\/","og_site_name":"Globe Europe","article_modified_time":"2025-02-18T12:42:12+00:00","og_image":[{"width":700,"height":700,"url":"https:\/\/globe-europe.nl\/wp-content\/uploads\/2025\/02\/309.gif","type":"image\/gif"}],"twitter_card":"summary_large_image","twitter_misc":{"Gesch\u00e4tzte Lesezeit":"3\u00a0Minuten"},"schema":{"@context":"https:\/\/schema.org","@graph":[{"@type":"WebPage","@id":"https:\/\/globe-europe.nl\/product\/paton-protig-200-tig-ac-dc-lasapparaat-230v-met-binzel-abitig-26-4-meter-toorts\/","url":"https:\/\/globe-europe.nl\/product\/paton-protig-200-tig-ac-dc-lasapparaat-230v-met-binzel-abitig-26-4-meter-toorts\/","name":"Paton ProTIG 200 AC\/DC | TIG &amp; MMA Schwei\u00dfger\u00e4t 230V - Globe Europe","isPartOf":{"@id":"https:\/\/globe-europe.nl\/#website"},"primaryImageOfPage":{"@id":"https:\/\/globe-europe.nl\/product\/paton-protig-200-tig-ac-dc-lasapparaat-230v-met-binzel-abitig-26-4-meter-toorts\/#primaryimage"},"image":{"@id":"https:\/\/globe-europe.nl\/product\/paton-protig-200-tig-ac-dc-lasapparaat-230v-met-binzel-abitig-26-4-meter-toorts\/#primaryimage"},"thumbnailUrl":"https:\/\/globe-europe.nl\/wp-content\/uploads\/2025\/02\/309.gif","datePublished":"2025-02-06T09:59:56+00:00","dateModified":"2025-02-18T12:42:12+00:00","description":"Paton ProTIG 200 AC\/DC Schwei\u00dfger\u00e4t mit 230V, geeignet f\u00fcr WIG und MMA Schwei\u00dfen. Ideal f\u00fcr Aluminium, Stahl und Nichteisenmetalle. Kompakt und leistungsstark.","breadcrumb":{"@id":"https:\/\/globe-europe.nl\/product\/paton-protig-200-tig-ac-dc-lasapparaat-230v-met-binzel-abitig-26-4-meter-toorts\/#breadcrumb"},"inLanguage":"de","potentialAction":[{"@type":"ReadAction","target":["https:\/\/globe-europe.nl\/product\/paton-protig-200-tig-ac-dc-lasapparaat-230v-met-binzel-abitig-26-4-meter-toorts\/"]}]},{"@type":"ImageObject","inLanguage":"de","@id":"https:\/\/globe-europe.nl\/product\/paton-protig-200-tig-ac-dc-lasapparaat-230v-met-binzel-abitig-26-4-meter-toorts\/#primaryimage","url":"https:\/\/globe-europe.nl\/wp-content\/uploads\/2025\/02\/309.gif","contentUrl":"https:\/\/globe-europe.nl\/wp-content\/uploads\/2025\/02\/309.gif","width":700,"height":700},{"@type":"BreadcrumbList","@id":"https:\/\/globe-europe.nl\/product\/paton-protig-200-tig-ac-dc-lasapparaat-230v-met-binzel-abitig-26-4-meter-toorts\/#breadcrumb","itemListElement":[{"@type":"ListItem","position":1,"name":"Home","item":"https:\/\/globe-europe.nl\/"},{"@type":"ListItem","position":2,"name":"Winkel","item":"https:\/\/globe-europe.nl\/winkel\/"},{"@type":"ListItem","position":3,"name":"Paton ProTIG 200 TIG AC\/DC Lasapparaat 230V met Binzel ABITIG 26 \u2013 4 meter toorts"}]},{"@type":"WebSite","@id":"https:\/\/globe-europe.nl\/#website","url":"https:\/\/globe-europe.nl\/","name":"Globe Europe","description":"","publisher":{"@id":"https:\/\/globe-europe.nl\/#organization"},"potentialAction":[{"@type":"SearchAction","target":{"@type":"EntryPoint","urlTemplate":"https:\/\/globe-europe.nl\/?s={search_term_string}"},"query-input":{"@type":"PropertyValueSpecification","valueRequired":true,"valueName":"search_term_string"}}],"inLanguage":"de"},{"@type":"Organization","@id":"https:\/\/globe-europe.nl\/#organization","name":"Globe Europe","url":"https:\/\/globe-europe.nl\/","logo":{"@type":"ImageObject","inLanguage":"de","@id":"https:\/\/globe-europe.nl\/#\/schema\/logo\/image\/","url":"https:\/\/globe-europe.nl\/wp-content\/uploads\/2025\/02\/GLOBE-LOGO-WEB-GROOT.png","contentUrl":"https:\/\/globe-europe.nl\/wp-content\/uploads\/2025\/02\/GLOBE-LOGO-WEB-GROOT.png","width":938,"height":404,"caption":"Globe Europe"},"image":{"@id":"https:\/\/globe-europe.nl\/#\/schema\/logo\/image\/"}}]}},"_links":{"self":[{"href":"https:\/\/globe-europe.nl\/de\/wp-json\/wp\/v2\/product\/2039","targetHints":{"allow":["GET"]}}],"collection":[{"href":"https:\/\/globe-europe.nl\/de\/wp-json\/wp\/v2\/product"}],"about":[{"href":"https:\/\/globe-europe.nl\/de\/wp-json\/wp\/v2\/types\/product"}],"replies":[{"embeddable":true,"href":"https:\/\/globe-europe.nl\/de\/wp-json\/wp\/v2\/comments?post=2039"}],"wp:featuredmedia":[{"embeddable":true,"href":"https:\/\/globe-europe.nl\/de\/wp-json\/wp\/v2\/media\/2038"}],"wp:attachment":[{"href":"https:\/\/globe-europe.nl\/de\/wp-json\/wp\/v2\/media?parent=2039"}],"wp:term":[{"taxonomy":"product_brand","embeddable":true,"href":"https:\/\/globe-europe.nl\/de\/wp-json\/wp\/v2\/product_brand?post=2039"},{"taxonomy":"product_cat","embeddable":true,"href":"https:\/\/globe-europe.nl\/de\/wp-json\/wp\/v2\/product_cat?post=2039"},{"taxonomy":"product_tag","embeddable":true,"href":"https:\/\/globe-europe.nl\/de\/wp-json\/wp\/v2\/product_tag?post=2039"}],"curies":[{"name":"wp","href":"https:\/\/api.w.org\/{rel}","templated":true}]}}