{"id":2045,"date":"2025-02-06T10:00:02","date_gmt":"2025-02-06T10:00:02","guid":{"rendered":"https:\/\/globe-europe.nl\/product\/gekamac-power-mig-200-syn-lasapparaat-15-8-kg\/"},"modified":"2025-02-18T09:52:15","modified_gmt":"2025-02-18T09:52:15","slug":"gekamac-power-mig-200-syn-schweissgeraet-15-8kg","status":"publish","type":"product","link":"https:\/\/globe-europe.nl\/de\/product\/gekamac-power-mig-200-syn-lasapparaat-15-8-kg\/","title":{"rendered":"GEKAMAC PoWer MIG 200 SYN Schwei\u00dfger\u00e4t 15.8 Kg"},"content":{"rendered":"<h2 data-start=\"944\" data-end=\"1010\"><strong data-start=\"948\" data-end=\"1008\">Die wichtigsten Merkmale des GEKAMAC PoWer MIG 200 SYN<\/strong><\/h2>\n<p data-start=\"54\" data-end=\"375\">Die <strong data-start=\"57\" data-end=\"86\">GEKAMAC PoWer MIG 200 SYN<\/strong> ist ein leistungsstarkes und tragbares <strong data-start=\"117\" data-end=\"143\">Multiprozess <a href=\"https:\/\/globe-europe.nl\/de\/produkt-kategorie\/maschinen\/schweisgerat\/\">Schwei\u00dfer<\/a><\/strong>, geeignet f\u00fcr <strong data-start=\"159\" data-end=\"194\">MIG\/MAG-, MMA- und Lift-TIG-Schwei\u00dfen<\/strong>. Diese <strong data-start=\"200\" data-end=\"234\">en-phase (230V) GMAW-Schwei\u00dfger\u00e4t<\/strong> ist konzipiert mit einer <strong data-start=\"256\" data-end=\"295\">hocheffiziente Wechselrichtertechnologie<\/strong> und eine <strong data-start=\"303\" data-end=\"320\">MCU-Steuerung<\/strong> f\u00fcr stabile und pr\u00e4zise Lichtbogeneigenschaften.<\/p>\n<p data-start=\"377\" data-end=\"942\">Dank der <strong data-start=\"389\" data-end=\"414\">Expertendatenbanksystem<\/strong> Benutzer k\u00f6nnen die richtigen Einstellungen einfach aus den integrierten <strong data-start=\"488\" data-end=\"504\">Aufgabenlisten<\/strong>was eine schnelle und effiziente Konfiguration gew\u00e4hrleistet. Die <strong data-start=\"564\" data-end=\"584\">kompaktes Design<\/strong> enth\u00e4lt eine eingebaute <strong data-start=\"606\" data-end=\"625\">5 kg Garnspule<\/strong>, w\u00e4hrend die <strong data-start=\"638\" data-end=\"661\">2T\/4T Ausl\u00f6semodus<\/strong> erm\u00f6glicht das reibungslose Schwei\u00dfen von langen und kurzen N\u00e4hten. Die Maschine bietet au\u00dferdem umfangreiche <strong data-start=\"777\" data-end=\"801\">Sicherheitsmerkmale<\/strong>, einschlie\u00dflich <strong data-start=\"813\" data-end=\"880\">Thermischer Schutz, \u00dcberstrom- und \u00dcberspannungsschutz<\/strong>Dadurch ist das Ger\u00e4t sicher und zuverl\u00e4ssig in der Anwendung.<\/p>\n<ul data-start=\"1011\" data-end=\"1472\">\n<li data-start=\"1011\" data-end=\"1095\"><strong data-start=\"1013\" data-end=\"1040\">Multiprozess-Schwei\u00dfmaschine<\/strong> - Geeignet f\u00fcr MIG\/MAG-, MMA- und WIG-Schwei\u00dfen.<\/li>\n<li data-start=\"1096\" data-end=\"1181\"><strong data-start=\"1098\" data-end=\"1115\">MCU-Steuerung<\/strong> - Sorgt f\u00fcr stabile und kontrollierte Lichtbogeneigenschaften.<\/li>\n<li data-start=\"1182\" data-end=\"1282\"><strong data-start=\"1184\" data-end=\"1218\">Benutzerfreundliche Bedienung<\/strong> - Einfache Auswahl von Aufgaben aus dem Expertendatenbanksystem.<\/li>\n<li data-start=\"1283\" data-end=\"1373\"><strong data-start=\"1285\" data-end=\"1308\">Kompakt und tragbar<\/strong> - Eingebaute 5 kg-Drahtspule und robustes Metallgeh\u00e4use.<\/li>\n<li data-start=\"1374\" data-end=\"1472\"><strong data-start=\"1376\" data-end=\"1403\">Umfassende Sicherheit<\/strong> - Thermischer Schutz, \u00dcberstrom- und \u00dcberspannungsschutz.<\/li>\n<\/ul>\n<h3 data-start=\"1474\" data-end=\"1508\"><strong data-start=\"1478\" data-end=\"1506\">Technische Daten<\/strong><\/h3>\n<ul data-start=\"1509\" data-end=\"1933\">\n<li data-start=\"1509\" data-end=\"1561\"><strong data-start=\"1511\" data-end=\"1530\">Eingangsspannung<\/strong> - 1 Phase, 50\/60 Hz, 230V \u00b15%<\/li>\n<li data-start=\"1562\" data-end=\"1595\"><strong data-start=\"1564\" data-end=\"1583\">Schwei\u00dfstrombereich<\/strong> - 10-200A<\/li>\n<li data-start=\"1596\" data-end=\"1636\"><strong data-start=\"1598\" data-end=\"1627\">Inschakelduur (40\u00b0C) %100<\/strong> - 100A<\/li>\n<li data-start=\"1637\" data-end=\"1676\"><strong data-start=\"1639\" data-end=\"1667\">Inschakelduur (40\u00b0C) %60<\/strong> - 129A<\/li>\n<li data-start=\"1677\" data-end=\"1716\"><strong data-start=\"1679\" data-end=\"1707\">Inschakelduur (40\u00b0C) %25<\/strong> - 200A<\/li>\n<li data-start=\"1717\" data-end=\"1748\"><strong data-start=\"1719\" data-end=\"1740\">Keine Ladespannung<\/strong> - 63V<\/li>\n<li data-start=\"1749\" data-end=\"1797\"><strong data-start=\"1751\" data-end=\"1761\">Normen<\/strong> - EN ISO 60974-1, EN ISO 60974-10<\/li>\n<li data-start=\"1798\" data-end=\"1832\"><strong data-start=\"1800\" data-end=\"1822\">Schutzklasse<\/strong> - IP21S<\/li>\n<li data-start=\"1833\" data-end=\"1859\"><strong data-start=\"1835\" data-end=\"1853\">Isolationsklasse<\/strong> - F<\/li>\n<li data-start=\"1860\" data-end=\"1907\"><strong data-start=\"1862\" data-end=\"1884\">Abmessungen (TxBxH)<\/strong> - 410 x 210 x 438 mm<\/li>\n<li data-start=\"1908\" data-end=\"1933\"><strong data-start=\"1910\" data-end=\"1921\">Gewicht<\/strong> - 15,8 kg<\/li>\n<\/ul>\n<h3 data-start=\"1935\" data-end=\"1960\"><strong data-start=\"1939\" data-end=\"1958\">Umfang der Lieferung<\/strong><\/h3>\n<ul data-start=\"1961\" data-end=\"2121\">\n<li data-start=\"1961\" data-end=\"2016\">GEKAMAC PoWer MIG 200 SYN Schwei\u00dfger\u00e4t - 15.8 Kg<\/li>\n<li data-start=\"2017\" data-end=\"2077\">Schwei\u00dfbrenner 25 (3 Meter), Erdungskabel und Reduzierventil<\/li>\n<li data-start=\"2078\" data-end=\"2121\">\u26a0 Hinweis! Wird ohne Schwei\u00dfwagen geliefert.<\/li>\n<\/ul>","protected":false},"excerpt":{"rendered":"<p>\u2705 <strong data-start=\"2409\" data-end=\"2436\">Multiprozess-Schwei\u00dfmaschine<\/strong> - Geeignet f\u00fcr MIG\/MAG, MMA und Lift TIG.<br data-start=\"2478\" data-end=\"2481\" \/>\u2705 <strong data-start=\"2483\" data-end=\"2500\">MCU-Steuerung<\/strong> - Stabiler Bogen und pr\u00e4zise Steuerung.<br data-start=\"2541\" data-end=\"2544\" \/>\u2705 <strong data-start=\"2546\" data-end=\"2576\">Eingebaute 5 kg Garnspule<\/strong> - Kompaktes und tragbares Design.<br data-start=\"2608\" data-end=\"2611\" \/>\u2705 <strong data-start=\"2613\" data-end=\"2647\">Benutzerfreundliche Bedienung<\/strong> - Schnell konfigurierbare Aufgabenlisten.<br data-start=\"2679\" data-end=\"2682\" \/>\u2705 <strong data-start=\"2684\" data-end=\"2708\">Sicherheitsmerkmale<\/strong> - Thermischer Schutz, \u00dcberstrom- und \u00dcberspannungsschutz.<\/p>","protected":false},"featured_media":2044,"comment_status":"open","ping_status":"closed","template":"","meta":[],"product_brand":[326],"product_cat":[27,18,30],"product_tag":[],"class_list":{"0":"post-2045","1":"product","2":"type-product","3":"status-publish","4":"has-post-thumbnail","6":"product_brand-geka","7":"product_cat-lasapparaat","8":"product_cat-machines","9":"product_cat-mig-mag-lasapparaat","11":"first","12":"instock","13":"shipping-taxable","14":"product-type-simple"},"ct_brands":[{"id":326,"name":"GEKA","slug":"geka"}],"yoast_head":"<!-- This site is optimized with the Yoast SEO plugin v27.3 - https:\/\/yoast.com\/product\/yoast-seo-wordpress\/ -->\n<title>GEKAMAC PoWer MIG 200 SYN Lasapparaat | Multiproces | 200A - Globe Europe<\/title>\n<meta name=\"description\" content=\"GEKAMAC PoWer MIG 200 SYN lasapparaat (15,8 kg), geschikt voor MIG\/MAG, MMA en Lift TIG lassen. MCU-besturing, 200A en ingebouwde draadspoel.\" \/>\n<meta name=\"robots\" content=\"index, follow, max-snippet:-1, max-image-preview:large, max-video-preview:-1\" \/>\n<link rel=\"canonical\" href=\"https:\/\/globe-europe.nl\/de\/produkt\/gekamac-power-mig-200-syn-schweissgeraet-15-8kg\/\" \/>\n<meta property=\"og:locale\" content=\"de_DE\" \/>\n<meta property=\"og:type\" content=\"article\" \/>\n<meta property=\"og:title\" content=\"GEKAMAC PoWer MIG 200 SYN Lasapparaat | Multiproces | 200A - Globe Europe\" \/>\n<meta property=\"og:description\" content=\"GEKAMAC PoWer MIG 200 SYN lasapparaat (15,8 kg), geschikt voor MIG\/MAG, MMA en Lift TIG lassen. MCU-besturing, 200A en ingebouwde draadspoel.\" \/>\n<meta property=\"og:url\" content=\"https:\/\/globe-europe.nl\/de\/produkt\/gekamac-power-mig-200-syn-schweissgeraet-15-8kg\/\" \/>\n<meta property=\"og:site_name\" content=\"Globe Europe\" \/>\n<meta property=\"article:modified_time\" content=\"2025-02-18T09:52:15+00:00\" \/>\n<meta property=\"og:image\" content=\"https:\/\/globe-europe.nl\/wp-content\/uploads\/2025\/02\/790.gif\" \/>\n\t<meta property=\"og:image:width\" content=\"700\" \/>\n\t<meta property=\"og:image:height\" content=\"700\" \/>\n\t<meta property=\"og:image:type\" content=\"image\/gif\" \/>\n<meta name=\"twitter:card\" content=\"summary_large_image\" \/>\n<meta name=\"twitter:label1\" content=\"Gesch\u00e4tzte Lesezeit\" \/>\n\t<meta name=\"twitter:data1\" content=\"2\u00a0Minuten\" \/>\n<script type=\"application\/ld+json\" class=\"yoast-schema-graph\">{\"@context\":\"https:\\\/\\\/schema.org\",\"@graph\":[{\"@type\":\"WebPage\",\"@id\":\"https:\\\/\\\/globe-europe.nl\\\/product\\\/gekamac-power-mig-200-syn-lasapparaat-15-8-kg\\\/\",\"url\":\"https:\\\/\\\/globe-europe.nl\\\/product\\\/gekamac-power-mig-200-syn-lasapparaat-15-8-kg\\\/\",\"name\":\"GEKAMAC PoWer MIG 200 SYN Lasapparaat | Multiproces | 200A - Globe Europe\",\"isPartOf\":{\"@id\":\"https:\\\/\\\/globe-europe.nl\\\/#website\"},\"primaryImageOfPage\":{\"@id\":\"https:\\\/\\\/globe-europe.nl\\\/product\\\/gekamac-power-mig-200-syn-lasapparaat-15-8-kg\\\/#primaryimage\"},\"image\":{\"@id\":\"https:\\\/\\\/globe-europe.nl\\\/product\\\/gekamac-power-mig-200-syn-lasapparaat-15-8-kg\\\/#primaryimage\"},\"thumbnailUrl\":\"https:\\\/\\\/globe-europe.nl\\\/wp-content\\\/uploads\\\/2025\\\/02\\\/790.gif\",\"datePublished\":\"2025-02-06T10:00:02+00:00\",\"dateModified\":\"2025-02-18T09:52:15+00:00\",\"description\":\"GEKAMAC PoWer MIG 200 SYN lasapparaat (15,8 kg), geschikt voor MIG\\\/MAG, MMA en Lift TIG lassen. MCU-besturing, 200A en ingebouwde draadspoel.\",\"breadcrumb\":{\"@id\":\"https:\\\/\\\/globe-europe.nl\\\/product\\\/gekamac-power-mig-200-syn-lasapparaat-15-8-kg\\\/#breadcrumb\"},\"inLanguage\":\"de\",\"potentialAction\":[{\"@type\":\"ReadAction\",\"target\":[\"https:\\\/\\\/globe-europe.nl\\\/product\\\/gekamac-power-mig-200-syn-lasapparaat-15-8-kg\\\/\"]}]},{\"@type\":\"ImageObject\",\"inLanguage\":\"de\",\"@id\":\"https:\\\/\\\/globe-europe.nl\\\/product\\\/gekamac-power-mig-200-syn-lasapparaat-15-8-kg\\\/#primaryimage\",\"url\":\"https:\\\/\\\/globe-europe.nl\\\/wp-content\\\/uploads\\\/2025\\\/02\\\/790.gif\",\"contentUrl\":\"https:\\\/\\\/globe-europe.nl\\\/wp-content\\\/uploads\\\/2025\\\/02\\\/790.gif\",\"width\":700,\"height\":700,\"caption\":\"GEKAMAC PoWer MIG 200 SYN Lasapparaat 15.8 Kg\"},{\"@type\":\"BreadcrumbList\",\"@id\":\"https:\\\/\\\/globe-europe.nl\\\/product\\\/gekamac-power-mig-200-syn-lasapparaat-15-8-kg\\\/#breadcrumb\",\"itemListElement\":[{\"@type\":\"ListItem\",\"position\":1,\"name\":\"Home\",\"item\":\"https:\\\/\\\/globe-europe.nl\\\/\"},{\"@type\":\"ListItem\",\"position\":2,\"name\":\"Winkel\",\"item\":\"https:\\\/\\\/globe-europe.nl\\\/winkel\\\/\"},{\"@type\":\"ListItem\",\"position\":3,\"name\":\"GEKAMAC PoWer MIG 200 SYN Lasapparaat 15,8 Kg\"}]},{\"@type\":\"WebSite\",\"@id\":\"https:\\\/\\\/globe-europe.nl\\\/#website\",\"url\":\"https:\\\/\\\/globe-europe.nl\\\/\",\"name\":\"Globe Europe\",\"description\":\"\",\"publisher\":{\"@id\":\"https:\\\/\\\/globe-europe.nl\\\/#organization\"},\"potentialAction\":[{\"@type\":\"SearchAction\",\"target\":{\"@type\":\"EntryPoint\",\"urlTemplate\":\"https:\\\/\\\/globe-europe.nl\\\/?s={search_term_string}\"},\"query-input\":{\"@type\":\"PropertyValueSpecification\",\"valueRequired\":true,\"valueName\":\"search_term_string\"}}],\"inLanguage\":\"de\"},{\"@type\":\"Organization\",\"@id\":\"https:\\\/\\\/globe-europe.nl\\\/#organization\",\"name\":\"Globe Europe\",\"url\":\"https:\\\/\\\/globe-europe.nl\\\/\",\"logo\":{\"@type\":\"ImageObject\",\"inLanguage\":\"de\",\"@id\":\"https:\\\/\\\/globe-europe.nl\\\/#\\\/schema\\\/logo\\\/image\\\/\",\"url\":\"https:\\\/\\\/globe-europe.nl\\\/wp-content\\\/uploads\\\/2025\\\/02\\\/GLOBE-LOGO-WEB-GROOT.png\",\"contentUrl\":\"https:\\\/\\\/globe-europe.nl\\\/wp-content\\\/uploads\\\/2025\\\/02\\\/GLOBE-LOGO-WEB-GROOT.png\",\"width\":938,\"height\":404,\"caption\":\"Globe Europe\"},\"image\":{\"@id\":\"https:\\\/\\\/globe-europe.nl\\\/#\\\/schema\\\/logo\\\/image\\\/\"}}]}<\/script>\n<!-- \/ Yoast SEO plugin. -->","yoast_head_json":{"title":"GEKAMAC PoWer MIG 200 SYN Schwei\u00dfmaschine | Multiprozess | 200A - Globe Europe","description":"GEKAMAC PoWer MIG 200 SYN Schwei\u00dfger\u00e4t (15,8 kg), geeignet f\u00fcr MIG\/MAG, MMA und Lift TIG Schwei\u00dfen. MCU-Steuerung, 200A und eingebaute Drahtspule.","robots":{"index":"index","follow":"follow","max-snippet":"max-snippet:-1","max-image-preview":"max-image-preview:large","max-video-preview":"max-video-preview:-1"},"canonical":"https:\/\/globe-europe.nl\/de\/produkt\/gekamac-power-mig-200-syn-schweissgeraet-15-8kg\/","og_locale":"de_DE","og_type":"article","og_title":"GEKAMAC PoWer MIG 200 SYN Lasapparaat | Multiproces | 200A - Globe Europe","og_description":"GEKAMAC PoWer MIG 200 SYN lasapparaat (15,8 kg), geschikt voor MIG\/MAG, MMA en Lift TIG lassen. MCU-besturing, 200A en ingebouwde draadspoel.","og_url":"https:\/\/globe-europe.nl\/de\/produkt\/gekamac-power-mig-200-syn-schweissgeraet-15-8kg\/","og_site_name":"Globe Europe","article_modified_time":"2025-02-18T09:52:15+00:00","og_image":[{"width":700,"height":700,"url":"https:\/\/globe-europe.nl\/wp-content\/uploads\/2025\/02\/790.gif","type":"image\/gif"}],"twitter_card":"summary_large_image","twitter_misc":{"Gesch\u00e4tzte Lesezeit":"2\u00a0Minuten"},"schema":{"@context":"https:\/\/schema.org","@graph":[{"@type":"WebPage","@id":"https:\/\/globe-europe.nl\/product\/gekamac-power-mig-200-syn-lasapparaat-15-8-kg\/","url":"https:\/\/globe-europe.nl\/product\/gekamac-power-mig-200-syn-lasapparaat-15-8-kg\/","name":"GEKAMAC PoWer MIG 200 SYN Schwei\u00dfmaschine | Multiprozess | 200A - Globe Europe","isPartOf":{"@id":"https:\/\/globe-europe.nl\/#website"},"primaryImageOfPage":{"@id":"https:\/\/globe-europe.nl\/product\/gekamac-power-mig-200-syn-lasapparaat-15-8-kg\/#primaryimage"},"image":{"@id":"https:\/\/globe-europe.nl\/product\/gekamac-power-mig-200-syn-lasapparaat-15-8-kg\/#primaryimage"},"thumbnailUrl":"https:\/\/globe-europe.nl\/wp-content\/uploads\/2025\/02\/790.gif","datePublished":"2025-02-06T10:00:02+00:00","dateModified":"2025-02-18T09:52:15+00:00","description":"GEKAMAC PoWer MIG 200 SYN Schwei\u00dfger\u00e4t (15,8 kg), geeignet f\u00fcr MIG\/MAG, MMA und Lift TIG Schwei\u00dfen. MCU-Steuerung, 200A und eingebaute Drahtspule.","breadcrumb":{"@id":"https:\/\/globe-europe.nl\/product\/gekamac-power-mig-200-syn-lasapparaat-15-8-kg\/#breadcrumb"},"inLanguage":"de","potentialAction":[{"@type":"ReadAction","target":["https:\/\/globe-europe.nl\/product\/gekamac-power-mig-200-syn-lasapparaat-15-8-kg\/"]}]},{"@type":"ImageObject","inLanguage":"de","@id":"https:\/\/globe-europe.nl\/product\/gekamac-power-mig-200-syn-lasapparaat-15-8-kg\/#primaryimage","url":"https:\/\/globe-europe.nl\/wp-content\/uploads\/2025\/02\/790.gif","contentUrl":"https:\/\/globe-europe.nl\/wp-content\/uploads\/2025\/02\/790.gif","width":700,"height":700,"caption":"GEKAMAC PoWer MIG 200 SYN Lasapparaat 15.8 Kg"},{"@type":"BreadcrumbList","@id":"https:\/\/globe-europe.nl\/product\/gekamac-power-mig-200-syn-lasapparaat-15-8-kg\/#breadcrumb","itemListElement":[{"@type":"ListItem","position":1,"name":"Home","item":"https:\/\/globe-europe.nl\/"},{"@type":"ListItem","position":2,"name":"Winkel","item":"https:\/\/globe-europe.nl\/winkel\/"},{"@type":"ListItem","position":3,"name":"GEKAMAC PoWer MIG 200 SYN Lasapparaat 15,8 Kg"}]},{"@type":"WebSite","@id":"https:\/\/globe-europe.nl\/#website","url":"https:\/\/globe-europe.nl\/","name":"Globe Europe","description":"","publisher":{"@id":"https:\/\/globe-europe.nl\/#organization"},"potentialAction":[{"@type":"SearchAction","target":{"@type":"EntryPoint","urlTemplate":"https:\/\/globe-europe.nl\/?s={search_term_string}"},"query-input":{"@type":"PropertyValueSpecification","valueRequired":true,"valueName":"search_term_string"}}],"inLanguage":"de"},{"@type":"Organization","@id":"https:\/\/globe-europe.nl\/#organization","name":"Globe Europe","url":"https:\/\/globe-europe.nl\/","logo":{"@type":"ImageObject","inLanguage":"de","@id":"https:\/\/globe-europe.nl\/#\/schema\/logo\/image\/","url":"https:\/\/globe-europe.nl\/wp-content\/uploads\/2025\/02\/GLOBE-LOGO-WEB-GROOT.png","contentUrl":"https:\/\/globe-europe.nl\/wp-content\/uploads\/2025\/02\/GLOBE-LOGO-WEB-GROOT.png","width":938,"height":404,"caption":"Globe Europe"},"image":{"@id":"https:\/\/globe-europe.nl\/#\/schema\/logo\/image\/"}}]}},"_links":{"self":[{"href":"https:\/\/globe-europe.nl\/de\/wp-json\/wp\/v2\/product\/2045","targetHints":{"allow":["GET"]}}],"collection":[{"href":"https:\/\/globe-europe.nl\/de\/wp-json\/wp\/v2\/product"}],"about":[{"href":"https:\/\/globe-europe.nl\/de\/wp-json\/wp\/v2\/types\/product"}],"replies":[{"embeddable":true,"href":"https:\/\/globe-europe.nl\/de\/wp-json\/wp\/v2\/comments?post=2045"}],"wp:featuredmedia":[{"embeddable":true,"href":"https:\/\/globe-europe.nl\/de\/wp-json\/wp\/v2\/media\/2044"}],"wp:attachment":[{"href":"https:\/\/globe-europe.nl\/de\/wp-json\/wp\/v2\/media?parent=2045"}],"wp:term":[{"taxonomy":"product_brand","embeddable":true,"href":"https:\/\/globe-europe.nl\/de\/wp-json\/wp\/v2\/product_brand?post=2045"},{"taxonomy":"product_cat","embeddable":true,"href":"https:\/\/globe-europe.nl\/de\/wp-json\/wp\/v2\/product_cat?post=2045"},{"taxonomy":"product_tag","embeddable":true,"href":"https:\/\/globe-europe.nl\/de\/wp-json\/wp\/v2\/product_tag?post=2045"}],"curies":[{"name":"wp","href":"https:\/\/api.w.org\/{rel}","templated":true}]}}