{"id":2049,"date":"2025-02-06T10:00:04","date_gmt":"2025-02-06T10:00:04","guid":{"rendered":"https:\/\/globe-europe.nl\/product\/paton-promig-200-15-2-mig-mag-lasapparaat-mma-tig-4m-lastoorts-abicor-binzel\/"},"modified":"2025-02-18T12:40:45","modified_gmt":"2025-02-18T12:40:45","slug":"paton-promig-200-15-2-mig-mag-schweisgerat-mma-tig-4m-brenner-abicor-binzel","status":"publish","type":"product","link":"https:\/\/globe-europe.nl\/de\/product\/paton-promig-200-15-2-mig-mag-lasapparaat-mma-tig-4m-lastoorts-abicor-binzel\/","title":{"rendered":"Paton ProMIG 200 15-2 MIG\/MAG Schwei\u00dfger\u00e4t - MMA\/TIG + 4M Schwei\u00dfbrenner Abicor Binzel"},"content":{"rendered":"<h2><strong>Eigenschaften <\/strong><strong>Paton ProMIG 200 15-2 MIG\/MAG Schwei\u00dfger\u00e4t - MMA\/TIG + 4M Schwei\u00dfbrenner Abicor Binzel<\/strong><\/h2>\n<p>Die <strong>Paton ProMIG 200<\/strong> Die Schwei\u00dfmaschine ist f\u00fcr halbautomatische <strong>MIG\/MAG<\/strong>-Schwei\u00dfen mit Schutzgasen und Schutzgasgemischen, Lichtbogenhandschwei\u00dfen <strong>MMA<\/strong>-Schwei\u00dfung und Argonschutz <strong>WIG<\/strong>-Schwei\u00dfen mit Gleichstrom.<\/p>\n<p>Die Gestaltung der <strong>ProMIG 200<\/strong>-Modell (Spule von 15 kg, auch geeignet f\u00fcr eine Spule von 5 kg - Lieferung von 2 Spulen) bietet einen der besten Schutz vor \u00e4u\u00dferen Einfl\u00fcssen auf dem Markt. Der Nennstrom dieses Modells von <strong>200 A<\/strong> bei einer Einschaltdauer von <strong>70%<\/strong> ist ein Ergebnis, das intensives Schwei\u00dfen von 6 mm starken Materialien ohne \u00dcberhitzungsgefahr erm\u00f6glicht. Die Stromquelle kann vom Schwei\u00dfdrahtvorschubmechanismus getrennt werden, was die Bedienung erleichtert und die Sicherheit erh\u00f6ht. Merkmale der halbautomatischen Schwei\u00dfmaschinen der <strong>PATON\u2122 Professionell<\/strong> Serie sind der hochwertige, versiegelte Metalldrahtvorschub und der bestehende KZ-2 \"EURO\"-Steckverbinder, der weltweit zum Standard geworden ist und es dem Benutzer erm\u00f6glicht, den Griff in Zukunft nach Belieben zu wechseln.<\/p>\n<p>In einem vollelektronischen System verf\u00fcgt das Steuersystem absolut \u00fcber alle Ressourcen der Quelle, im Rahmen ihrer vollen Leistung und unabh\u00e4ngig von der verwendeten Methode. Das Ger\u00e4t der Serie \"Professional\" ist f\u00fcr den industriellen Einsatz und f\u00fcr die anspruchsvollsten Benutzer bestimmt.<\/p>\n<h3><strong>Eigenschaften<\/strong><\/h3>\n<p><strong>GASFREIES SCHWEISSEN - SCHWEISSEN MIT SELBSTVERZEHRENDEM DRAHT<\/strong><br \/>\nAlle PATON MIG\/MAG-Schwei\u00dfmaschinen sind f\u00fcr das Schwei\u00dfen mit selbstgesch\u00fctztem Draht geeignet. Dieses Schwei\u00dfen wird im Gegensatz zum herk\u00f6mmlichen MIG\/MAG-Schwei\u00dfen ohne Schutzgas durchgef\u00fchrt - es erfordert jedoch einen speziellen Schwei\u00dfdraht. Der Draht erzeugt seinen eigenen Schutz, der zum Schutz des Lichtbogens beitr\u00e4gt. Den f\u00fcr PATON-Schwei\u00dfger\u00e4te geeigneten Schutzgasdraht k\u00f6nnen Sie hier kaufen - Spulen mit 5 kg Draht passen auf alle Drahtvorschubger\u00e4te.<\/p>\n<p><strong>L\u00d6TEN - INDUKTIVIT\u00c4TSEINSTELLUNG<br \/>\n<\/strong>Die Paton MIG\/MAG-Schwei\u00dfger\u00e4te der Serien Standard und PRO sind dank der dreistufigen Induktivit\u00e4ts\u00e4nderung l\u00f6tf\u00e4hig. Dank der Induktivit\u00e4tssteuerung k\u00f6nnen die Lichtbogeneigenschaften je nach Dicke des zu schwei\u00dfenden Teils optimiert werden. Diese Funktion wird ben\u00f6tigt, um die Stromgeschwindigkeit zu \u00e4ndern, wenn die Lichtbogenspannung ge\u00e4ndert wird. Je d\u00fcnner das mit MIG\/MAG zu schwei\u00dfende Teil ist, desto h\u00f6her sollte die Induktion sein (weicher Lichtbogen - weniger Schmelzen), bei dickeren Teilen das Gegenteil (harter Lichtbogen - mehr Schmelzen).<\/p>\n<p><strong>PULSFUNKTION IN ALLEN METHODEN<br \/>\n<\/strong>- <strong>PULSE beim WIG-Schwei\u00dfen<\/strong> - Volle Kontrolle \u00fcber die in das Material eintretende W\u00e4rme - eine gro\u00dfartige Eigenschaft beim Schwei\u00dfen von rostfreien und s\u00e4urebest\u00e4ndigen St\u00e4hlen,<br \/>\n- <strong>PULSE in MMA<\/strong> - leichterer Materialtransfer von der Elektrode zum Schwei\u00dfbad, bessere Qualit\u00e4t der Schwei\u00dfverbindung,<br \/>\n- <strong>Pulse beim MIG\/MAG-Schwei\u00dfen<\/strong> - leichtere Freisetzung von Metalltropfen aus dem Ende des Elektrodendrahtes, M\u00f6glichkeit der Einstellung der Pulsstromparameter. MIG-Schwei\u00dfen mit Puls ist n\u00fctzlich f\u00fcr das Schwei\u00dfen von rostfreien St\u00e4hlen, s\u00e4urebest\u00e4ndigen St\u00e4hlen und Aluminiumlegierungen. Dar\u00fcber hinaus bietet das Impulsschwei\u00dfen bessere Parameter f\u00fcr das L\u00f6ten von CuSi3<\/p>\n<p><strong>DIE WICHTIGSTEN UNTERSCHIEDE ZWISCHEN MIG\/MAG-SCHWEISSMASCHINEN DER SERIE STANDARD UND PRO<\/strong><\/p>\n<ul>\n<li>Einschaltdauer - MIG\/MAG-Schwei\u00dfger\u00e4te der PRO-Serie haben eine Einschaltdauer von 70%, w\u00e4hrend die Standard-Serie bei gleichem Schwei\u00dfstrom eine Einschaltdauer von 45% hat. Au\u00dferdem erreichen die MIG\/MAG-Schwei\u00dfger\u00e4te der PRO-Serie eine kontinuierliche Einschaltdauer bei einem h\u00f6heren Schwei\u00dfstrom als die Standard-Serie.<\/li>\n<li>Drahtvorschub - in der PRO-Serie gibt es einen separaten Drahtvorschub, der Spulen von 15 bis 18 kg verarbeiten kann. Der Vorschub kann von der Quelle getrennt werden, um das Schwei\u00dfen mit anderen Verfahren - wie MMA oder WIG DC - zu erleichtern. Die PRO-Serie verf\u00fcgt auch \u00fcber Drahtvorschubversionen mit 2 oder 4 Spulen. Bei den MIG\/MAG-Schwei\u00dfmaschinen der Standard-Serie ist die Drahtvorschubeinheit in die Schwei\u00dfeinheit eingebaut, unterst\u00fctzt nur Spulen bis zu 5 kg und hat immer zwei Rollen.<\/li>\n<\/ul>\n<h3><strong>Was sind die wichtigsten Vorteile?<\/strong><\/h3>\n<ul>\n<li><strong>Europ\u00e4ische Produktion<\/strong><\/li>\n<li><strong>Elektronisches W\u00e4rmeschutzsystem<\/strong>\u00a0die alle w\u00e4rmeerzeugenden Elemente vor \u00dcberhitzung sch\u00fctzt<\/li>\n<li>Zuverl\u00e4ssigkeit dank der IGBT-Technologie<\/li>\n<li>F\u00e4higkeit, mit langen Verl\u00e4ngerungskabeln und mit einem Generator zu arbeiten<\/li>\n<li><strong>Impulsstromschwei\u00dfen<\/strong>\u00a0in jedem Schwei\u00dfverfahren<\/li>\n<li>Verbesserte Stabilit\u00e4t des Lichtbogengl\u00fchens<\/li>\n<li>Funktion Wechselmodus 2T, 4T, Funktion Gaszufuhrsp\u00fclung<\/li>\n<li><strong>Die Ger\u00e4te sind mit einem System zum Schutz gegen Spannungsspitzen und zur Stabilisierung ausgestattet<\/strong>und erm\u00f6glicht einen ordnungsgem\u00e4\u00dfen Betrieb im Spannungsbereich von 160V bis 260V<\/li>\n<li><strong>Doppelt so hoher Stromverbrauch<\/strong>\u00a0im Vergleich zu traditionellen Quellen<\/li>\n<li>Optimales Abschmelzen und korrekte Teilungsform, unabh\u00e4ngig von der Schwei\u00dfposition<\/li>\n<\/ul>\n<h3><strong>Umfang der Lieferung<\/strong><\/h3>\n<ul>\n<li>Paton ProMIG 200 15-2 MIG\/MAG-Schwei\u00dfger\u00e4t - MMA\/TIG<\/li>\n<li><strong>PATON\u2122 BPI 15-2<\/strong>\u00a0Zubringer (15 kg Spule, unterst\u00fctzt auch 5 kg Spule - 2 Rollen Zubringer)<\/li>\n<li>MIG-MAG-Schwei\u00dfpistole\u00a0<strong>ABICOR BINZEL MB GRIP 15<\/strong><strong> 4m<\/strong><\/li>\n<li>Elektrodenhalter\u00a0<strong>ABICOR BINZEL DE2200 3m<\/strong><\/li>\n<li>Sch\u00fcttguthalter\u00a0<strong>ABICOR BINZEL MK300 3m<\/strong><\/li>\n<li>Drahtvorschubrollen 1x (0,6 - 0,8), 1x (1,0 - 1,2) V<\/li>\n<li>Abdeckung der Schwei\u00dfdrahtspule<\/li>\n<li>Schnellkupplung f\u00fcr Gas<\/li>\n<li>Verpackung aus Karton<\/li>\n<li>Trageriemen<\/li>\n<li>Benutzerhandbuch<\/li>\n<\/ul>\n<h3><strong>Dokumente<\/strong><\/h3>\n<div class=\"button5\"><a href=\"https:\/\/bjctools.nl\/wp-content\/uploads\/2023\/01\/ProMIG_GEN-22-04-29.pdf\" target=\"_blank\" rel=\"noopener noreferrer\"><span style=\"color: #000;\"><img decoding=\"async\" src=\"https:\/\/bjctools.nl\/wp-content\/uploads\/2018\/07\/pdf.png\" \/><br \/>\nHandbuch<\/span><\/a><\/div>","protected":false},"excerpt":{"rendered":"<p>Kenmerken Paton ProMIG 200 15-2 MIG\/MAG-Lasapparaat \u2013 MMA\/TIG + 4M lastoorts Abicor Binzel Het Paton ProMIG 200 lasapparaat is ontworpen voor halfautomatisch MIG\/MAG-lassen met beschermgassen en beschermingsmengsels, handboog MMA-lassen en argonbeschermd TIG-lassen met gelijkstroom. Het ontwerp van het ProMIG 200-model (spoel van 15 kg, ook geschikt voor een spoel van 5 kg \u2013 toevoer van [&hellip;]<\/p>\n","protected":false},"featured_media":2048,"comment_status":"open","ping_status":"closed","template":"","meta":[],"product_brand":[325],"product_cat":[380,27,18],"product_tag":[],"class_list":{"0":"post-2049","1":"product","2":"type-product","3":"status-publish","4":"has-post-thumbnail","6":"product_brand-paton","7":"product_cat-elektrode-lasapparaat-mma","8":"product_cat-lasapparaat","9":"product_cat-machines","11":"first","12":"instock","13":"shipping-taxable","14":"product-type-simple"},"ct_brands":[{"id":325,"name":"PATON","slug":"paton"}],"yoast_head":"<!-- This site is optimized with the Yoast SEO plugin v27.3 - https:\/\/yoast.com\/product\/yoast-seo-wordpress\/ -->\n<title>Paton ProMIG 200 15-2 | MIG\/MAG, MMA &amp; TIG Lasapparaat | 200A - Globe Europe<\/title>\n<meta name=\"description\" content=\"Paton ProMIG 200 lasapparaat met 200A, 70% inschakelduur. Geschikt voor MIG\/MAG, MMA &amp; TIG-lassen. Robuuste metalen draadaanvoer, EURO-aansluiting.\" \/>\n<meta name=\"robots\" content=\"index, follow, max-snippet:-1, max-image-preview:large, max-video-preview:-1\" \/>\n<link rel=\"canonical\" href=\"https:\/\/globe-europe.nl\/de\/produkt\/paton-promig-200-15-2-mig-mag-schweisgerat-mma-tig-4m-brenner-abicor-binzel\/\" \/>\n<meta property=\"og:locale\" content=\"de_DE\" \/>\n<meta property=\"og:type\" content=\"article\" \/>\n<meta property=\"og:title\" content=\"Paton ProMIG 200 15-2 | MIG\/MAG, MMA &amp; TIG Lasapparaat | 200A - Globe Europe\" \/>\n<meta property=\"og:description\" content=\"Paton ProMIG 200 lasapparaat met 200A, 70% inschakelduur. Geschikt voor MIG\/MAG, MMA &amp; TIG-lassen. Robuuste metalen draadaanvoer, EURO-aansluiting.\" \/>\n<meta property=\"og:url\" content=\"https:\/\/globe-europe.nl\/de\/produkt\/paton-promig-200-15-2-mig-mag-schweisgerat-mma-tig-4m-brenner-abicor-binzel\/\" \/>\n<meta property=\"og:site_name\" content=\"Globe Europe\" \/>\n<meta property=\"article:modified_time\" content=\"2025-02-18T12:40:45+00:00\" \/>\n<meta property=\"og:image\" content=\"https:\/\/globe-europe.nl\/wp-content\/uploads\/2025\/02\/ProMIG200.jpg\" \/>\n\t<meta property=\"og:image:width\" content=\"700\" \/>\n\t<meta property=\"og:image:height\" content=\"700\" \/>\n\t<meta property=\"og:image:type\" content=\"image\/jpeg\" \/>\n<meta name=\"twitter:card\" content=\"summary_large_image\" \/>\n<meta name=\"twitter:label1\" content=\"Gesch\u00e4tzte Lesezeit\" \/>\n\t<meta name=\"twitter:data1\" content=\"5\u00a0Minuten\" \/>\n<script type=\"application\/ld+json\" class=\"yoast-schema-graph\">{\"@context\":\"https:\\\/\\\/schema.org\",\"@graph\":[{\"@type\":\"WebPage\",\"@id\":\"https:\\\/\\\/globe-europe.nl\\\/product\\\/paton-promig-200-15-2-mig-mag-lasapparaat-mma-tig-4m-lastoorts-abicor-binzel\\\/\",\"url\":\"https:\\\/\\\/globe-europe.nl\\\/product\\\/paton-promig-200-15-2-mig-mag-lasapparaat-mma-tig-4m-lastoorts-abicor-binzel\\\/\",\"name\":\"Paton ProMIG 200 15-2 | MIG\\\/MAG, MMA & TIG Lasapparaat | 200A - Globe Europe\",\"isPartOf\":{\"@id\":\"https:\\\/\\\/globe-europe.nl\\\/#website\"},\"primaryImageOfPage\":{\"@id\":\"https:\\\/\\\/globe-europe.nl\\\/product\\\/paton-promig-200-15-2-mig-mag-lasapparaat-mma-tig-4m-lastoorts-abicor-binzel\\\/#primaryimage\"},\"image\":{\"@id\":\"https:\\\/\\\/globe-europe.nl\\\/product\\\/paton-promig-200-15-2-mig-mag-lasapparaat-mma-tig-4m-lastoorts-abicor-binzel\\\/#primaryimage\"},\"thumbnailUrl\":\"https:\\\/\\\/globe-europe.nl\\\/wp-content\\\/uploads\\\/2025\\\/02\\\/ProMIG200.jpg\",\"datePublished\":\"2025-02-06T10:00:04+00:00\",\"dateModified\":\"2025-02-18T12:40:45+00:00\",\"description\":\"Paton ProMIG 200 lasapparaat met 200A, 70% inschakelduur. Geschikt voor MIG\\\/MAG, MMA & TIG-lassen. Robuuste metalen draadaanvoer, EURO-aansluiting.\",\"breadcrumb\":{\"@id\":\"https:\\\/\\\/globe-europe.nl\\\/product\\\/paton-promig-200-15-2-mig-mag-lasapparaat-mma-tig-4m-lastoorts-abicor-binzel\\\/#breadcrumb\"},\"inLanguage\":\"de\",\"potentialAction\":[{\"@type\":\"ReadAction\",\"target\":[\"https:\\\/\\\/globe-europe.nl\\\/product\\\/paton-promig-200-15-2-mig-mag-lasapparaat-mma-tig-4m-lastoorts-abicor-binzel\\\/\"]}]},{\"@type\":\"ImageObject\",\"inLanguage\":\"de\",\"@id\":\"https:\\\/\\\/globe-europe.nl\\\/product\\\/paton-promig-200-15-2-mig-mag-lasapparaat-mma-tig-4m-lastoorts-abicor-binzel\\\/#primaryimage\",\"url\":\"https:\\\/\\\/globe-europe.nl\\\/wp-content\\\/uploads\\\/2025\\\/02\\\/ProMIG200.jpg\",\"contentUrl\":\"https:\\\/\\\/globe-europe.nl\\\/wp-content\\\/uploads\\\/2025\\\/02\\\/ProMIG200.jpg\",\"width\":700,\"height\":700},{\"@type\":\"BreadcrumbList\",\"@id\":\"https:\\\/\\\/globe-europe.nl\\\/product\\\/paton-promig-200-15-2-mig-mag-lasapparaat-mma-tig-4m-lastoorts-abicor-binzel\\\/#breadcrumb\",\"itemListElement\":[{\"@type\":\"ListItem\",\"position\":1,\"name\":\"Home\",\"item\":\"https:\\\/\\\/globe-europe.nl\\\/\"},{\"@type\":\"ListItem\",\"position\":2,\"name\":\"Winkel\",\"item\":\"https:\\\/\\\/globe-europe.nl\\\/winkel\\\/\"},{\"@type\":\"ListItem\",\"position\":3,\"name\":\"Paton ProMIG 200 15-2 MIG\\\/MAG-Lasapparaat \u2013 MMA\\\/TIG + 4M lastoorts Abicor Binzel\"}]},{\"@type\":\"WebSite\",\"@id\":\"https:\\\/\\\/globe-europe.nl\\\/#website\",\"url\":\"https:\\\/\\\/globe-europe.nl\\\/\",\"name\":\"Globe Europe\",\"description\":\"\",\"publisher\":{\"@id\":\"https:\\\/\\\/globe-europe.nl\\\/#organization\"},\"potentialAction\":[{\"@type\":\"SearchAction\",\"target\":{\"@type\":\"EntryPoint\",\"urlTemplate\":\"https:\\\/\\\/globe-europe.nl\\\/?s={search_term_string}\"},\"query-input\":{\"@type\":\"PropertyValueSpecification\",\"valueRequired\":true,\"valueName\":\"search_term_string\"}}],\"inLanguage\":\"de\"},{\"@type\":\"Organization\",\"@id\":\"https:\\\/\\\/globe-europe.nl\\\/#organization\",\"name\":\"Globe Europe\",\"url\":\"https:\\\/\\\/globe-europe.nl\\\/\",\"logo\":{\"@type\":\"ImageObject\",\"inLanguage\":\"de\",\"@id\":\"https:\\\/\\\/globe-europe.nl\\\/#\\\/schema\\\/logo\\\/image\\\/\",\"url\":\"https:\\\/\\\/globe-europe.nl\\\/wp-content\\\/uploads\\\/2025\\\/02\\\/GLOBE-LOGO-WEB-GROOT.png\",\"contentUrl\":\"https:\\\/\\\/globe-europe.nl\\\/wp-content\\\/uploads\\\/2025\\\/02\\\/GLOBE-LOGO-WEB-GROOT.png\",\"width\":938,\"height\":404,\"caption\":\"Globe Europe\"},\"image\":{\"@id\":\"https:\\\/\\\/globe-europe.nl\\\/#\\\/schema\\\/logo\\\/image\\\/\"}}]}<\/script>\n<!-- \/ Yoast SEO plugin. -->","yoast_head_json":{"title":"Paton ProMIG 200 15-2 | MIG\/MAG, MMA &amp; TIG-Schwei\u00dfger\u00e4t | 200A - Globe Europe","description":"Paton ProMIG 200 Schwei\u00dfmaschine mit 200A, 70% Arbeitszyklus. Geeignet f\u00fcr MIG\/MAG, MMA &amp; TIG-Schwei\u00dfen. Robuster Metalldrahtvorschub, EURO-Anschluss.","robots":{"index":"index","follow":"follow","max-snippet":"max-snippet:-1","max-image-preview":"max-image-preview:large","max-video-preview":"max-video-preview:-1"},"canonical":"https:\/\/globe-europe.nl\/de\/produkt\/paton-promig-200-15-2-mig-mag-schweisgerat-mma-tig-4m-brenner-abicor-binzel\/","og_locale":"de_DE","og_type":"article","og_title":"Paton ProMIG 200 15-2 | MIG\/MAG, MMA & TIG Lasapparaat | 200A - Globe Europe","og_description":"Paton ProMIG 200 lasapparaat met 200A, 70% inschakelduur. Geschikt voor MIG\/MAG, MMA & TIG-lassen. Robuuste metalen draadaanvoer, EURO-aansluiting.","og_url":"https:\/\/globe-europe.nl\/de\/produkt\/paton-promig-200-15-2-mig-mag-schweisgerat-mma-tig-4m-brenner-abicor-binzel\/","og_site_name":"Globe Europe","article_modified_time":"2025-02-18T12:40:45+00:00","og_image":[{"width":700,"height":700,"url":"https:\/\/globe-europe.nl\/wp-content\/uploads\/2025\/02\/ProMIG200.jpg","type":"image\/jpeg"}],"twitter_card":"summary_large_image","twitter_misc":{"Gesch\u00e4tzte Lesezeit":"5\u00a0Minuten"},"schema":{"@context":"https:\/\/schema.org","@graph":[{"@type":"WebPage","@id":"https:\/\/globe-europe.nl\/product\/paton-promig-200-15-2-mig-mag-lasapparaat-mma-tig-4m-lastoorts-abicor-binzel\/","url":"https:\/\/globe-europe.nl\/product\/paton-promig-200-15-2-mig-mag-lasapparaat-mma-tig-4m-lastoorts-abicor-binzel\/","name":"Paton ProMIG 200 15-2 | MIG\/MAG, MMA &amp; TIG-Schwei\u00dfger\u00e4t | 200A - Globe Europe","isPartOf":{"@id":"https:\/\/globe-europe.nl\/#website"},"primaryImageOfPage":{"@id":"https:\/\/globe-europe.nl\/product\/paton-promig-200-15-2-mig-mag-lasapparaat-mma-tig-4m-lastoorts-abicor-binzel\/#primaryimage"},"image":{"@id":"https:\/\/globe-europe.nl\/product\/paton-promig-200-15-2-mig-mag-lasapparaat-mma-tig-4m-lastoorts-abicor-binzel\/#primaryimage"},"thumbnailUrl":"https:\/\/globe-europe.nl\/wp-content\/uploads\/2025\/02\/ProMIG200.jpg","datePublished":"2025-02-06T10:00:04+00:00","dateModified":"2025-02-18T12:40:45+00:00","description":"Paton ProMIG 200 Schwei\u00dfmaschine mit 200A, 70% Arbeitszyklus. Geeignet f\u00fcr MIG\/MAG, MMA &amp; TIG-Schwei\u00dfen. Robuster Metalldrahtvorschub, EURO-Anschluss.","breadcrumb":{"@id":"https:\/\/globe-europe.nl\/product\/paton-promig-200-15-2-mig-mag-lasapparaat-mma-tig-4m-lastoorts-abicor-binzel\/#breadcrumb"},"inLanguage":"de","potentialAction":[{"@type":"ReadAction","target":["https:\/\/globe-europe.nl\/product\/paton-promig-200-15-2-mig-mag-lasapparaat-mma-tig-4m-lastoorts-abicor-binzel\/"]}]},{"@type":"ImageObject","inLanguage":"de","@id":"https:\/\/globe-europe.nl\/product\/paton-promig-200-15-2-mig-mag-lasapparaat-mma-tig-4m-lastoorts-abicor-binzel\/#primaryimage","url":"https:\/\/globe-europe.nl\/wp-content\/uploads\/2025\/02\/ProMIG200.jpg","contentUrl":"https:\/\/globe-europe.nl\/wp-content\/uploads\/2025\/02\/ProMIG200.jpg","width":700,"height":700},{"@type":"BreadcrumbList","@id":"https:\/\/globe-europe.nl\/product\/paton-promig-200-15-2-mig-mag-lasapparaat-mma-tig-4m-lastoorts-abicor-binzel\/#breadcrumb","itemListElement":[{"@type":"ListItem","position":1,"name":"Home","item":"https:\/\/globe-europe.nl\/"},{"@type":"ListItem","position":2,"name":"Winkel","item":"https:\/\/globe-europe.nl\/winkel\/"},{"@type":"ListItem","position":3,"name":"Paton ProMIG 200 15-2 MIG\/MAG-Lasapparaat \u2013 MMA\/TIG + 4M lastoorts Abicor Binzel"}]},{"@type":"WebSite","@id":"https:\/\/globe-europe.nl\/#website","url":"https:\/\/globe-europe.nl\/","name":"Globe Europe","description":"","publisher":{"@id":"https:\/\/globe-europe.nl\/#organization"},"potentialAction":[{"@type":"SearchAction","target":{"@type":"EntryPoint","urlTemplate":"https:\/\/globe-europe.nl\/?s={search_term_string}"},"query-input":{"@type":"PropertyValueSpecification","valueRequired":true,"valueName":"search_term_string"}}],"inLanguage":"de"},{"@type":"Organization","@id":"https:\/\/globe-europe.nl\/#organization","name":"Globe Europe","url":"https:\/\/globe-europe.nl\/","logo":{"@type":"ImageObject","inLanguage":"de","@id":"https:\/\/globe-europe.nl\/#\/schema\/logo\/image\/","url":"https:\/\/globe-europe.nl\/wp-content\/uploads\/2025\/02\/GLOBE-LOGO-WEB-GROOT.png","contentUrl":"https:\/\/globe-europe.nl\/wp-content\/uploads\/2025\/02\/GLOBE-LOGO-WEB-GROOT.png","width":938,"height":404,"caption":"Globe Europe"},"image":{"@id":"https:\/\/globe-europe.nl\/#\/schema\/logo\/image\/"}}]}},"_links":{"self":[{"href":"https:\/\/globe-europe.nl\/de\/wp-json\/wp\/v2\/product\/2049","targetHints":{"allow":["GET"]}}],"collection":[{"href":"https:\/\/globe-europe.nl\/de\/wp-json\/wp\/v2\/product"}],"about":[{"href":"https:\/\/globe-europe.nl\/de\/wp-json\/wp\/v2\/types\/product"}],"replies":[{"embeddable":true,"href":"https:\/\/globe-europe.nl\/de\/wp-json\/wp\/v2\/comments?post=2049"}],"wp:featuredmedia":[{"embeddable":true,"href":"https:\/\/globe-europe.nl\/de\/wp-json\/wp\/v2\/media\/2048"}],"wp:attachment":[{"href":"https:\/\/globe-europe.nl\/de\/wp-json\/wp\/v2\/media?parent=2049"}],"wp:term":[{"taxonomy":"product_brand","embeddable":true,"href":"https:\/\/globe-europe.nl\/de\/wp-json\/wp\/v2\/product_brand?post=2049"},{"taxonomy":"product_cat","embeddable":true,"href":"https:\/\/globe-europe.nl\/de\/wp-json\/wp\/v2\/product_cat?post=2049"},{"taxonomy":"product_tag","embeddable":true,"href":"https:\/\/globe-europe.nl\/de\/wp-json\/wp\/v2\/product_tag?post=2049"}],"curies":[{"name":"wp","href":"https:\/\/api.w.org\/{rel}","templated":true}]}}