{"id":207,"date":"2025-02-04T09:06:36","date_gmt":"2025-02-04T09:06:36","guid":{"rendered":"https:\/\/globe-europe.nl\/product\/eggenberg-micro-nevelsysteem-doseersysteem-t-b-v-bandzaagmachines\/"},"modified":"2025-02-06T08:50:50","modified_gmt":"2025-02-06T08:50:50","slug":"eggenberg-mikro-nebelsystem-dosiersystem-fuer-bandsaegemaschinen","status":"publish","type":"product","link":"https:\/\/globe-europe.nl\/de\/product\/eggenberg-micro-nevelsysteem-doseersysteem-t-b-v-bandzaagmachines\/","title":{"rendered":"Eggenberg Micro-Fogging-System | Dosiersystem f\u00fcr Bands\u00e4gen"},"content":{"rendered":"<p><strong>Merkmale Eggenberg Mikro-Spr\u00fchsystem\/Dosiersystem f\u00fcr Bands\u00e4gen<\/strong><\/p>\n<p>Mikrodosiersysteme oder Nebelschmiersysteme sorgen f\u00fcr die richtige Dosierung des Schmier\u00f6ls auf dem S\u00e4geblatt, der Bohrmaschine, der Oberfr\u00e4se oder jeder anderen Art von Werkzeug. Die dosierte Verwendung von Schmier\u00f6l ist sehr umweltfreundlich und sorgt f\u00fcr einen sparsamen Verbrauch.<br \/>\nDas System eignet sich hervorragend f\u00fcr das Schneiden von Rohren und Profilen. Der Spender bringt eine minimale Menge an Schmiermittel auf das Werkzeug auf (1 Liter Spr\u00fch\u00f6l reicht f\u00fcr +\/- 100 Betriebsstunden). Das Befeuchtungssystem ist mit einem verschlie\u00dfbaren Metallgeh\u00e4use und einem Befeuchtungskopf f\u00fcr Bands\u00e4gen bis zu 41 mm ausgestattet. Das System arbeitet mit pneumatischer Steuerung, das Ger\u00e4t arbeitet mit Luftdruck. Was ist der Vorteil einer Befeuchtungsanlage? Ein sauberes Werkst\u00fcck!<\/p>\n<ul>\n<li>Eggenberg Micro-Dosiersystem greift Stromversorgung von Maschine: 24V DC<\/li>\n<li>Keine Verwendung von Wassergemischen<\/li>\n<li>Schmiert die Werkzeuge mit umweltfreundlichem Schmiermittel<\/li>\n<li>Der Spender bringt eine minimale Menge an Schmiermittel auf das Werkzeug auf (1 Liter Spr\u00fch\u00f6l reicht f\u00fcr +\/- 100 Betriebsstunden)<\/li>\n<li>Spr\u00fchkopf f\u00fcr Bands\u00e4gen bis zu 41 mm<\/li>\n<li>Schmiermittelbeh\u00e4lter (1,2 Liter) transparentes Geh\u00e4use<\/li>\n<li>Ungef\u00e4hr 3,5 mtr. Innere\/\u00e4u\u00dfere Leitung (\u00d6l\/Luft)<\/li>\n<li>Das Schmiersystem ist hochgradig einstellbar<\/li>\n<li>Ausgestattet mit Druckreduzierventil \/ Ablassventil f\u00fcr Wasser<\/li>\n<li>Injektor mit einstellbarem Volumen<\/li>\n<\/ul>\n<p><em>Vorteile<\/em><\/p>\n<ul>\n<li>Die Arbeitsumgebung bleibt trocken<\/li>\n<li>Maschine bleibt trocken<\/li>\n<li>Werkst\u00fcck bleibt trocken (gro\u00dfer Vorteil bei Rohren und Profilen)<\/li>\n<li>Spritzt nicht auf die Kleidung<\/li>\n<li>Trockene Sp\u00e4ne sind leicht zu entfernen<\/li>\n<li>Erh\u00f6ht die Lebensdauer der Werkzeuge<\/li>\n<li>Keine Lagerung und Entsorgung von Alt\u00f6l<\/li>\n<li>Vernebelungsanlage<\/li>\n<\/ul>\n<p><strong>Umfang der Lieferung<\/strong><\/p>\n<ul>\n<li>Eggenberg Mikrovernebelungsanlage\/Dosieranlage f\u00fcr Bands\u00e4gen<\/li>\n<\/ul>\n<p><strong>Dokumente<\/strong><\/p>\n<div class=\"button5\"><a href=\"https:\/\/bjctools.nl\/wp-content\/uploads\/2021\/10\/Manual-lubtool_ENG.pdf\" target=\"_blank\" rel=\"noopener noreferrer\"><span style=\"color: #000;\"><img decoding=\"async\" src=\"https:\/\/bjctools.nl\/wp-content\/uploads\/2018\/07\/pdf.png\" \/><br \/>\nHandbuch<\/span><\/a><\/div>","protected":false},"excerpt":{"rendered":"<ul>\n<li><strong>Effizient und umweltfreundlich<\/strong> - minimale Schmierstoffdosierung spart Kosten und reduziert den Abfall<\/li>\n<li><strong>Optimale Schmierung<\/strong> - erh\u00f6ht die Standzeit der Werkzeuge und sorgt f\u00fcr ein sauberes Werkst\u00fcck<\/li>\n<li><strong>Keine Wassermischungen erforderlich<\/strong> - arbeitet mit umweltfreundlichem Schmiermittel, keine Lagerung von Alt\u00f6l<\/li>\n<li><strong>Dauerhafte und pr\u00e4zise Kontrolle<\/strong> - ausgestattet mit Reduzierventil, Einspritzd\u00fcse mit einstellbarem Volumen und transparentem 1,2-Liter-Beh\u00e4lter<\/li>\n<li><strong>Geeignet f\u00fcr Bands\u00e4gen bis zu 41 mm<\/strong> - Pneumatisch gesteuert und einfach an eine 24-V-DC-Stromversorgung anzuschlie\u00dfen<\/li>\n<\/ul>","protected":false},"featured_media":206,"comment_status":"open","ping_status":"closed","template":"","meta":[],"product_brand":[22],"product_cat":[24],"product_tag":[],"class_list":{"0":"post-207","1":"product","2":"type-product","3":"status-publish","4":"has-post-thumbnail","6":"product_brand-eggenberg","7":"product_cat-bandzaagmachine-toebehoren","9":"first","10":"instock","11":"shipping-taxable","12":"product-type-simple"},"ct_brands":[{"id":22,"name":"EGGENBERG","slug":"eggenberg"}],"yoast_head":"<!-- This site is optimized with the Yoast SEO plugin v27.6 - https:\/\/yoast.com\/product\/yoast-seo-wordpress\/ -->\n<title>Eggenberg Micro-nevelsysteem | Doseersysteem Bandzagen - Globe Europe<\/title>\n<meta name=\"description\" content=\"Eggenberg Micro-nevelsysteem voor optimale smering. Milieuvriendelijk, zuinig in verbruik en verlengt de standtijd van de zaagband &amp; overige gereedschappen.\" \/>\n<meta name=\"robots\" content=\"index, follow, max-snippet:-1, max-image-preview:large, max-video-preview:-1\" \/>\n<link rel=\"canonical\" href=\"https:\/\/globe-europe.nl\/de\/produkt\/eggenberg-mikro-nebelsystem-dosiersystem-fuer-bandsaegemaschinen\/\" \/>\n<meta property=\"og:locale\" content=\"de_DE\" \/>\n<meta property=\"og:type\" content=\"article\" \/>\n<meta property=\"og:title\" content=\"Eggenberg Micro-nevelsysteem | Doseersysteem Bandzagen - Globe Europe\" \/>\n<meta property=\"og:description\" content=\"Eggenberg Micro-nevelsysteem voor optimale smering. Milieuvriendelijk, zuinig in verbruik en verlengt de standtijd van de zaagband &amp; overige gereedschappen.\" \/>\n<meta property=\"og:url\" content=\"https:\/\/globe-europe.nl\/de\/produkt\/eggenberg-mikro-nebelsystem-dosiersystem-fuer-bandsaegemaschinen\/\" \/>\n<meta property=\"og:site_name\" content=\"Globe Europe\" \/>\n<meta property=\"article:modified_time\" content=\"2025-02-06T08:50:50+00:00\" \/>\n<meta property=\"og:image\" content=\"https:\/\/globe-europe.nl\/wp-content\/uploads\/2025\/02\/194.png\" \/>\n\t<meta property=\"og:image:width\" content=\"700\" \/>\n\t<meta property=\"og:image:height\" content=\"700\" \/>\n\t<meta property=\"og:image:type\" content=\"image\/png\" \/>\n<meta name=\"twitter:card\" content=\"summary_large_image\" \/>\n<meta name=\"twitter:label1\" content=\"Gesch\u00e4tzte Lesezeit\" \/>\n\t<meta name=\"twitter:data1\" content=\"2\u00a0Minuten\" \/>\n<script type=\"application\/ld+json\" class=\"yoast-schema-graph\">{\"@context\":\"https:\\\/\\\/schema.org\",\"@graph\":[{\"@type\":\"WebPage\",\"@id\":\"https:\\\/\\\/globe-europe.nl\\\/product\\\/eggenberg-micro-nevelsysteem-doseersysteem-t-b-v-bandzaagmachines\\\/\",\"url\":\"https:\\\/\\\/globe-europe.nl\\\/product\\\/eggenberg-micro-nevelsysteem-doseersysteem-t-b-v-bandzaagmachines\\\/\",\"name\":\"Eggenberg Micro-nevelsysteem | Doseersysteem Bandzagen - Globe Europe\",\"isPartOf\":{\"@id\":\"https:\\\/\\\/globe-europe.nl\\\/#website\"},\"primaryImageOfPage\":{\"@id\":\"https:\\\/\\\/globe-europe.nl\\\/product\\\/eggenberg-micro-nevelsysteem-doseersysteem-t-b-v-bandzaagmachines\\\/#primaryimage\"},\"image\":{\"@id\":\"https:\\\/\\\/globe-europe.nl\\\/product\\\/eggenberg-micro-nevelsysteem-doseersysteem-t-b-v-bandzaagmachines\\\/#primaryimage\"},\"thumbnailUrl\":\"https:\\\/\\\/globe-europe.nl\\\/wp-content\\\/uploads\\\/2025\\\/02\\\/194.png\",\"datePublished\":\"2025-02-04T09:06:36+00:00\",\"dateModified\":\"2025-02-06T08:50:50+00:00\",\"description\":\"Eggenberg Micro-nevelsysteem voor optimale smering. Milieuvriendelijk, zuinig in verbruik en verlengt de standtijd van de zaagband & overige gereedschappen.\",\"breadcrumb\":{\"@id\":\"https:\\\/\\\/globe-europe.nl\\\/product\\\/eggenberg-micro-nevelsysteem-doseersysteem-t-b-v-bandzaagmachines\\\/#breadcrumb\"},\"inLanguage\":\"de\",\"potentialAction\":[{\"@type\":\"ReadAction\",\"target\":[\"https:\\\/\\\/globe-europe.nl\\\/product\\\/eggenberg-micro-nevelsysteem-doseersysteem-t-b-v-bandzaagmachines\\\/\"]}]},{\"@type\":\"ImageObject\",\"inLanguage\":\"de\",\"@id\":\"https:\\\/\\\/globe-europe.nl\\\/product\\\/eggenberg-micro-nevelsysteem-doseersysteem-t-b-v-bandzaagmachines\\\/#primaryimage\",\"url\":\"https:\\\/\\\/globe-europe.nl\\\/wp-content\\\/uploads\\\/2025\\\/02\\\/194.png\",\"contentUrl\":\"https:\\\/\\\/globe-europe.nl\\\/wp-content\\\/uploads\\\/2025\\\/02\\\/194.png\",\"width\":700,\"height\":700},{\"@type\":\"BreadcrumbList\",\"@id\":\"https:\\\/\\\/globe-europe.nl\\\/product\\\/eggenberg-micro-nevelsysteem-doseersysteem-t-b-v-bandzaagmachines\\\/#breadcrumb\",\"itemListElement\":[{\"@type\":\"ListItem\",\"position\":1,\"name\":\"Home\",\"item\":\"https:\\\/\\\/globe-europe.nl\\\/\"},{\"@type\":\"ListItem\",\"position\":2,\"name\":\"Winkel\",\"item\":\"https:\\\/\\\/globe-europe.nl\\\/winkel\\\/\"},{\"@type\":\"ListItem\",\"position\":3,\"name\":\"Eggenberg Micro-nevelsysteem | Doseersysteem t.b.v. Bandzaagmachines\"}]},{\"@type\":\"WebSite\",\"@id\":\"https:\\\/\\\/globe-europe.nl\\\/#website\",\"url\":\"https:\\\/\\\/globe-europe.nl\\\/\",\"name\":\"Globe Europe\",\"description\":\"\",\"publisher\":{\"@id\":\"https:\\\/\\\/globe-europe.nl\\\/#organization\"},\"potentialAction\":[{\"@type\":\"SearchAction\",\"target\":{\"@type\":\"EntryPoint\",\"urlTemplate\":\"https:\\\/\\\/globe-europe.nl\\\/?s={search_term_string}\"},\"query-input\":{\"@type\":\"PropertyValueSpecification\",\"valueRequired\":true,\"valueName\":\"search_term_string\"}}],\"inLanguage\":\"de\"},{\"@type\":\"Organization\",\"@id\":\"https:\\\/\\\/globe-europe.nl\\\/#organization\",\"name\":\"Globe Europe\",\"url\":\"https:\\\/\\\/globe-europe.nl\\\/\",\"logo\":{\"@type\":\"ImageObject\",\"inLanguage\":\"de\",\"@id\":\"https:\\\/\\\/globe-europe.nl\\\/#\\\/schema\\\/logo\\\/image\\\/\",\"url\":\"https:\\\/\\\/globe-europe.nl\\\/wp-content\\\/uploads\\\/2025\\\/02\\\/GLOBE-LOGO-WEB-GROOT.png\",\"contentUrl\":\"https:\\\/\\\/globe-europe.nl\\\/wp-content\\\/uploads\\\/2025\\\/02\\\/GLOBE-LOGO-WEB-GROOT.png\",\"width\":938,\"height\":404,\"caption\":\"Globe Europe\"},\"image\":{\"@id\":\"https:\\\/\\\/globe-europe.nl\\\/#\\\/schema\\\/logo\\\/image\\\/\"}}]}<\/script>\n<!-- \/ Yoast SEO plugin. -->","yoast_head_json":{"title":"Eggenberg Mikrod\u00fcsen-System | Dosiersystem Bands\u00e4gen - Globe Europe","description":"Eggenberg Micro-Spr\u00fchsystem f\u00fcr optimale Schmierung. Umweltschonend, sparsam im Verbrauch und verl\u00e4ngert die Lebensdauer des S\u00e4gebandes &amp; anderer Werkzeuge.","robots":{"index":"index","follow":"follow","max-snippet":"max-snippet:-1","max-image-preview":"max-image-preview:large","max-video-preview":"max-video-preview:-1"},"canonical":"https:\/\/globe-europe.nl\/de\/produkt\/eggenberg-mikro-nebelsystem-dosiersystem-fuer-bandsaegemaschinen\/","og_locale":"de_DE","og_type":"article","og_title":"Eggenberg Micro-nevelsysteem | Doseersysteem Bandzagen - Globe Europe","og_description":"Eggenberg Micro-nevelsysteem voor optimale smering. Milieuvriendelijk, zuinig in verbruik en verlengt de standtijd van de zaagband & overige gereedschappen.","og_url":"https:\/\/globe-europe.nl\/de\/produkt\/eggenberg-mikro-nebelsystem-dosiersystem-fuer-bandsaegemaschinen\/","og_site_name":"Globe Europe","article_modified_time":"2025-02-06T08:50:50+00:00","og_image":[{"width":700,"height":700,"url":"https:\/\/globe-europe.nl\/wp-content\/uploads\/2025\/02\/194.png","type":"image\/png"}],"twitter_card":"summary_large_image","twitter_misc":{"Gesch\u00e4tzte Lesezeit":"2\u00a0Minuten"},"schema":{"@context":"https:\/\/schema.org","@graph":[{"@type":"WebPage","@id":"https:\/\/globe-europe.nl\/product\/eggenberg-micro-nevelsysteem-doseersysteem-t-b-v-bandzaagmachines\/","url":"https:\/\/globe-europe.nl\/product\/eggenberg-micro-nevelsysteem-doseersysteem-t-b-v-bandzaagmachines\/","name":"Eggenberg Mikrod\u00fcsen-System | Dosiersystem Bands\u00e4gen - Globe Europe","isPartOf":{"@id":"https:\/\/globe-europe.nl\/#website"},"primaryImageOfPage":{"@id":"https:\/\/globe-europe.nl\/product\/eggenberg-micro-nevelsysteem-doseersysteem-t-b-v-bandzaagmachines\/#primaryimage"},"image":{"@id":"https:\/\/globe-europe.nl\/product\/eggenberg-micro-nevelsysteem-doseersysteem-t-b-v-bandzaagmachines\/#primaryimage"},"thumbnailUrl":"https:\/\/globe-europe.nl\/wp-content\/uploads\/2025\/02\/194.png","datePublished":"2025-02-04T09:06:36+00:00","dateModified":"2025-02-06T08:50:50+00:00","description":"Eggenberg Micro-Spr\u00fchsystem f\u00fcr optimale Schmierung. Umweltschonend, sparsam im Verbrauch und verl\u00e4ngert die Lebensdauer des S\u00e4gebandes &amp; anderer Werkzeuge.","breadcrumb":{"@id":"https:\/\/globe-europe.nl\/product\/eggenberg-micro-nevelsysteem-doseersysteem-t-b-v-bandzaagmachines\/#breadcrumb"},"inLanguage":"de","potentialAction":[{"@type":"ReadAction","target":["https:\/\/globe-europe.nl\/product\/eggenberg-micro-nevelsysteem-doseersysteem-t-b-v-bandzaagmachines\/"]}]},{"@type":"ImageObject","inLanguage":"de","@id":"https:\/\/globe-europe.nl\/product\/eggenberg-micro-nevelsysteem-doseersysteem-t-b-v-bandzaagmachines\/#primaryimage","url":"https:\/\/globe-europe.nl\/wp-content\/uploads\/2025\/02\/194.png","contentUrl":"https:\/\/globe-europe.nl\/wp-content\/uploads\/2025\/02\/194.png","width":700,"height":700},{"@type":"BreadcrumbList","@id":"https:\/\/globe-europe.nl\/product\/eggenberg-micro-nevelsysteem-doseersysteem-t-b-v-bandzaagmachines\/#breadcrumb","itemListElement":[{"@type":"ListItem","position":1,"name":"Home","item":"https:\/\/globe-europe.nl\/"},{"@type":"ListItem","position":2,"name":"Winkel","item":"https:\/\/globe-europe.nl\/winkel\/"},{"@type":"ListItem","position":3,"name":"Eggenberg Micro-nevelsysteem | Doseersysteem t.b.v. Bandzaagmachines"}]},{"@type":"WebSite","@id":"https:\/\/globe-europe.nl\/#website","url":"https:\/\/globe-europe.nl\/","name":"Globe Europe","description":"","publisher":{"@id":"https:\/\/globe-europe.nl\/#organization"},"potentialAction":[{"@type":"SearchAction","target":{"@type":"EntryPoint","urlTemplate":"https:\/\/globe-europe.nl\/?s={search_term_string}"},"query-input":{"@type":"PropertyValueSpecification","valueRequired":true,"valueName":"search_term_string"}}],"inLanguage":"de"},{"@type":"Organization","@id":"https:\/\/globe-europe.nl\/#organization","name":"Globe Europe","url":"https:\/\/globe-europe.nl\/","logo":{"@type":"ImageObject","inLanguage":"de","@id":"https:\/\/globe-europe.nl\/#\/schema\/logo\/image\/","url":"https:\/\/globe-europe.nl\/wp-content\/uploads\/2025\/02\/GLOBE-LOGO-WEB-GROOT.png","contentUrl":"https:\/\/globe-europe.nl\/wp-content\/uploads\/2025\/02\/GLOBE-LOGO-WEB-GROOT.png","width":938,"height":404,"caption":"Globe Europe"},"image":{"@id":"https:\/\/globe-europe.nl\/#\/schema\/logo\/image\/"}}]}},"_links":{"self":[{"href":"https:\/\/globe-europe.nl\/de\/wp-json\/wp\/v2\/product\/207","targetHints":{"allow":["GET"]}}],"collection":[{"href":"https:\/\/globe-europe.nl\/de\/wp-json\/wp\/v2\/product"}],"about":[{"href":"https:\/\/globe-europe.nl\/de\/wp-json\/wp\/v2\/types\/product"}],"replies":[{"embeddable":true,"href":"https:\/\/globe-europe.nl\/de\/wp-json\/wp\/v2\/comments?post=207"}],"wp:featuredmedia":[{"embeddable":true,"href":"https:\/\/globe-europe.nl\/de\/wp-json\/wp\/v2\/media\/206"}],"wp:attachment":[{"href":"https:\/\/globe-europe.nl\/de\/wp-json\/wp\/v2\/media?parent=207"}],"wp:term":[{"taxonomy":"product_brand","embeddable":true,"href":"https:\/\/globe-europe.nl\/de\/wp-json\/wp\/v2\/product_brand?post=207"},{"taxonomy":"product_cat","embeddable":true,"href":"https:\/\/globe-europe.nl\/de\/wp-json\/wp\/v2\/product_cat?post=207"},{"taxonomy":"product_tag","embeddable":true,"href":"https:\/\/globe-europe.nl\/de\/wp-json\/wp\/v2\/product_tag?post=207"}],"curies":[{"name":"wp","href":"https:\/\/api.w.org\/{rel}","templated":true}]}}