{"id":2132,"date":"2025-02-06T10:33:43","date_gmt":"2025-02-06T10:33:43","guid":{"rendered":"https:\/\/globe-europe.nl\/product\/krino-metaalborenset-hss-g-met-step-punt-25-delig\/"},"modified":"2025-02-18T12:51:39","modified_gmt":"2025-02-18T12:51:39","slug":"krino-metallbohrer-set-hss-g-mit-stufenspitze-25tlg","status":"publish","type":"product","link":"https:\/\/globe-europe.nl\/de\/product\/krino-metaalborenset-hss-g-met-step-punt-25-delig\/","title":{"rendered":"Krino Metall-Bohrerset HSS-G mit STEP+ Spitze 25-teilig"},"content":{"rendered":"<h2><span style=\"font-size: 20px;\"><strong>Eigenschaften Krino Metallbohrer-Set HSS-G mit STEP+ Spitze 25-teilig<\/strong><\/span><\/h2>\n<p>Entdecken Sie die beeindruckende Leistung des Krino HSS-G Metallbohrer-Sets mit STEP+ Spitze. Bestehend aus 25 hochwertigen Metallbohrern, bietet dieses Set ein Bohrerlebnis, wie Sie es noch nie erlebt haben.<\/p>\n<p>Der Krino HSS-G Metallbohrer-Satz macht das \"Bohren ohne Vorbohren\" zu einer erreichbaren Realit\u00e4t. Dank der einzigartigen Stufengeometrie der STEP+ Spitze bohren Sie im Vergleich zu herk\u00f6mmlichen Metallbohrern bis zu 30% schneller und erhalten ein extrem pr\u00e4zises Ergebnis. Das bedeutet, dass Sie in k\u00fcrzerer Zeit und mit weniger Aufwand mehr erreichen - ein unbestreitbarer Gewinn an Produktivit\u00e4t und Effizienz.<\/p>\n<p>Dieses Metallbohrer-Set wurde speziell f\u00fcr druckfreies, gratfreies Bohren in einer Vielzahl von Materialien entwickelt. Egal ob Sie mit Stahl, Aluminium, Kunststoff oder Hartholz arbeiten, das Krino HSS-G Metallbohrer-Set liefert einwandfreie Ergebnisse. Dank der Din 338 Norm, die das Set erf\u00fcllt, k\u00f6nnen Sie au\u00dferdem sicher sein, dass jeder Bohrer den h\u00f6chsten Standards entspricht.<\/p>\n<p>Das Material der Bohrer, HSS-G, ist f\u00fcr seine Haltbarkeit und Verschlei\u00dffestigkeit bekannt. Dadurch haben die Bohrer eine l\u00e4ngere Lebensdauer. Das Set besteht aus 25 Gr\u00f6\u00dfen von 1,0 mm bis 13 mm, so dass Sie f\u00fcr jede Arbeit den richtigen Bohrer finden.<\/p>\n<p>Wenn Sie auf der Suche nach ebenso langlebigen wie effizienten Metallbohrern sind, ist das Krino HSS-G Metallbohrer-Set mit STEP+ Spitze das perfekte Set. Entdecken Sie den Unterschied, den Qualit\u00e4t bei Ihren Bohrprojekten ausmachen kann. Mit dem Krino HSS-G Metallbohrer-Set punkten Sie mit Effizienz und Pr\u00e4zision.<\/p>\n<h3>Technische Daten<\/h3>\n<ul>\n<li>Anzahl der St\u00fccke - 25 St\u00fcck<\/li>\n<li>Abmessungen - 1-13 mm<\/li>\n<li>Werkstoff - HSS-G<\/li>\n<li>Din 338<\/li>\n<\/ul>\n<h3>Umfang der Lieferung<\/h3>\n<ul>\n<li>Krino Metall-Bohrerset HSS-G mit STEP+ Spitze 25-teilig<\/li>\n<\/ul>","protected":false},"excerpt":{"rendered":"<p><span style=\"color: #fd7901;\"><strong>Heute 50% Rabatt auf den empfohlenen Verkaufspreis<\/strong><\/span><\/p>\n<p><strong>Technische Daten<\/strong><\/p>\n<ul>\n<li>Anzahl der St\u00fccke - 25 St\u00fcck<\/li>\n<li>Abmessungen - 1-13 mm<\/li>\n<li>Werkstoff - HSS-G<\/li>\n<\/ul>\n<p><strong>Umfang der Lieferung<\/strong><\/p>\n<ul>\n<li>Krino Metall-Bohrerset HSS-G mit STEP+ Spitze 25-teilig<\/li>\n<\/ul>","protected":false},"featured_media":2131,"comment_status":"open","ping_status":"closed","template":"","meta":[],"product_brand":[328],"product_cat":[333,438,334,41],"product_tag":[],"class_list":{"0":"post-2132","1":"product","2":"type-product","3":"status-publish","4":"has-post-thumbnail","6":"product_brand-krino","7":"product_cat-boren-tappen","8":"product_cat-metaalboor","9":"product_cat-spiraalboor","10":"product_cat-verbruiksartikelen","12":"first","13":"instock","14":"shipping-taxable","15":"product-type-simple"},"ct_brands":[{"id":328,"name":"KRINO","slug":"krino"}],"yoast_head":"<!-- This site is optimized with the Yoast SEO plugin v27.3 - https:\/\/yoast.com\/product\/yoast-seo-wordpress\/ -->\n<title>Krino HSS-G Metaalborenset met STEP+ Punt | 25-delig - Globe Europe<\/title>\n<meta name=\"description\" content=\"Krino HSS-G metaalborenset met STEP+ punt voor 30% sneller boren zonder voorboren. Duurzaam HSS-G, 25 maten (1-13 mm). Voor staal, aluminium &amp; kunststof.\" \/>\n<meta name=\"robots\" content=\"index, follow, max-snippet:-1, max-image-preview:large, max-video-preview:-1\" \/>\n<link rel=\"canonical\" href=\"https:\/\/globe-europe.nl\/de\/produkt\/krino-metallbohrer-set-hss-g-mit-stufenspitze-25tlg\/\" \/>\n<meta property=\"og:locale\" content=\"de_DE\" \/>\n<meta property=\"og:type\" content=\"article\" \/>\n<meta property=\"og:title\" content=\"Krino HSS-G Metaalborenset met STEP+ Punt | 25-delig - Globe Europe\" \/>\n<meta property=\"og:description\" content=\"Krino HSS-G metaalborenset met STEP+ punt voor 30% sneller boren zonder voorboren. Duurzaam HSS-G, 25 maten (1-13 mm). Voor staal, aluminium &amp; kunststof.\" \/>\n<meta property=\"og:url\" content=\"https:\/\/globe-europe.nl\/de\/produkt\/krino-metallbohrer-set-hss-g-mit-stufenspitze-25tlg\/\" \/>\n<meta property=\"og:site_name\" content=\"Globe Europe\" \/>\n<meta property=\"article:modified_time\" content=\"2025-02-18T12:51:39+00:00\" \/>\n<meta property=\"og:image\" content=\"https:\/\/globe-europe.nl\/wp-content\/uploads\/2025\/02\/Krino-metaalborenset.jpg\" \/>\n\t<meta property=\"og:image:width\" content=\"700\" \/>\n\t<meta property=\"og:image:height\" content=\"700\" \/>\n\t<meta property=\"og:image:type\" content=\"image\/jpeg\" \/>\n<meta name=\"twitter:card\" content=\"summary_large_image\" \/>\n<meta name=\"twitter:label1\" content=\"Gesch\u00e4tzte Lesezeit\" \/>\n\t<meta name=\"twitter:data1\" content=\"2\u00a0Minuten\" \/>\n<script type=\"application\/ld+json\" class=\"yoast-schema-graph\">{\"@context\":\"https:\\\/\\\/schema.org\",\"@graph\":[{\"@type\":\"WebPage\",\"@id\":\"https:\\\/\\\/globe-europe.nl\\\/product\\\/krino-metaalborenset-hss-g-met-step-punt-25-delig\\\/\",\"url\":\"https:\\\/\\\/globe-europe.nl\\\/product\\\/krino-metaalborenset-hss-g-met-step-punt-25-delig\\\/\",\"name\":\"Krino HSS-G Metaalborenset met STEP+ Punt | 25-delig - Globe Europe\",\"isPartOf\":{\"@id\":\"https:\\\/\\\/globe-europe.nl\\\/#website\"},\"primaryImageOfPage\":{\"@id\":\"https:\\\/\\\/globe-europe.nl\\\/product\\\/krino-metaalborenset-hss-g-met-step-punt-25-delig\\\/#primaryimage\"},\"image\":{\"@id\":\"https:\\\/\\\/globe-europe.nl\\\/product\\\/krino-metaalborenset-hss-g-met-step-punt-25-delig\\\/#primaryimage\"},\"thumbnailUrl\":\"https:\\\/\\\/globe-europe.nl\\\/wp-content\\\/uploads\\\/2025\\\/02\\\/Krino-metaalborenset.jpg\",\"datePublished\":\"2025-02-06T10:33:43+00:00\",\"dateModified\":\"2025-02-18T12:51:39+00:00\",\"description\":\"Krino HSS-G metaalborenset met STEP+ punt voor 30% sneller boren zonder voorboren. Duurzaam HSS-G, 25 maten (1-13 mm). Voor staal, aluminium & kunststof.\",\"breadcrumb\":{\"@id\":\"https:\\\/\\\/globe-europe.nl\\\/product\\\/krino-metaalborenset-hss-g-met-step-punt-25-delig\\\/#breadcrumb\"},\"inLanguage\":\"de\",\"potentialAction\":[{\"@type\":\"ReadAction\",\"target\":[\"https:\\\/\\\/globe-europe.nl\\\/product\\\/krino-metaalborenset-hss-g-met-step-punt-25-delig\\\/\"]}]},{\"@type\":\"ImageObject\",\"inLanguage\":\"de\",\"@id\":\"https:\\\/\\\/globe-europe.nl\\\/product\\\/krino-metaalborenset-hss-g-met-step-punt-25-delig\\\/#primaryimage\",\"url\":\"https:\\\/\\\/globe-europe.nl\\\/wp-content\\\/uploads\\\/2025\\\/02\\\/Krino-metaalborenset.jpg\",\"contentUrl\":\"https:\\\/\\\/globe-europe.nl\\\/wp-content\\\/uploads\\\/2025\\\/02\\\/Krino-metaalborenset.jpg\",\"width\":700,\"height\":700},{\"@type\":\"BreadcrumbList\",\"@id\":\"https:\\\/\\\/globe-europe.nl\\\/product\\\/krino-metaalborenset-hss-g-met-step-punt-25-delig\\\/#breadcrumb\",\"itemListElement\":[{\"@type\":\"ListItem\",\"position\":1,\"name\":\"Home\",\"item\":\"https:\\\/\\\/globe-europe.nl\\\/\"},{\"@type\":\"ListItem\",\"position\":2,\"name\":\"Winkel\",\"item\":\"https:\\\/\\\/globe-europe.nl\\\/winkel\\\/\"},{\"@type\":\"ListItem\",\"position\":3,\"name\":\"Krino Metaalborenset HSS-G met STEP+ punt 25-delig\"}]},{\"@type\":\"WebSite\",\"@id\":\"https:\\\/\\\/globe-europe.nl\\\/#website\",\"url\":\"https:\\\/\\\/globe-europe.nl\\\/\",\"name\":\"Globe Europe\",\"description\":\"\",\"publisher\":{\"@id\":\"https:\\\/\\\/globe-europe.nl\\\/#organization\"},\"potentialAction\":[{\"@type\":\"SearchAction\",\"target\":{\"@type\":\"EntryPoint\",\"urlTemplate\":\"https:\\\/\\\/globe-europe.nl\\\/?s={search_term_string}\"},\"query-input\":{\"@type\":\"PropertyValueSpecification\",\"valueRequired\":true,\"valueName\":\"search_term_string\"}}],\"inLanguage\":\"de\"},{\"@type\":\"Organization\",\"@id\":\"https:\\\/\\\/globe-europe.nl\\\/#organization\",\"name\":\"Globe Europe\",\"url\":\"https:\\\/\\\/globe-europe.nl\\\/\",\"logo\":{\"@type\":\"ImageObject\",\"inLanguage\":\"de\",\"@id\":\"https:\\\/\\\/globe-europe.nl\\\/#\\\/schema\\\/logo\\\/image\\\/\",\"url\":\"https:\\\/\\\/globe-europe.nl\\\/wp-content\\\/uploads\\\/2025\\\/02\\\/GLOBE-LOGO-WEB-GROOT.png\",\"contentUrl\":\"https:\\\/\\\/globe-europe.nl\\\/wp-content\\\/uploads\\\/2025\\\/02\\\/GLOBE-LOGO-WEB-GROOT.png\",\"width\":938,\"height\":404,\"caption\":\"Globe Europe\"},\"image\":{\"@id\":\"https:\\\/\\\/globe-europe.nl\\\/#\\\/schema\\\/logo\\\/image\\\/\"}}]}<\/script>\n<!-- \/ Yoast SEO plugin. -->","yoast_head_json":{"title":"Krino HSS-G Metallbohrer-Set mit STEP+ Spitze | 25-teilig - Globe Europe","description":"Krino HSS-G Metallbohrer-Set mit STEP+ Spitze f\u00fcr 30% schnelleres Bohren ohne Vorbohren. Langlebiger HSS-G, 25 Gr\u00f6\u00dfen (1-13 mm). F\u00fcr Stahl, Aluminium und Kunststoff.","robots":{"index":"index","follow":"follow","max-snippet":"max-snippet:-1","max-image-preview":"max-image-preview:large","max-video-preview":"max-video-preview:-1"},"canonical":"https:\/\/globe-europe.nl\/de\/produkt\/krino-metallbohrer-set-hss-g-mit-stufenspitze-25tlg\/","og_locale":"de_DE","og_type":"article","og_title":"Krino HSS-G Metaalborenset met STEP+ Punt | 25-delig - Globe Europe","og_description":"Krino HSS-G metaalborenset met STEP+ punt voor 30% sneller boren zonder voorboren. Duurzaam HSS-G, 25 maten (1-13 mm). Voor staal, aluminium & kunststof.","og_url":"https:\/\/globe-europe.nl\/de\/produkt\/krino-metallbohrer-set-hss-g-mit-stufenspitze-25tlg\/","og_site_name":"Globe Europe","article_modified_time":"2025-02-18T12:51:39+00:00","og_image":[{"width":700,"height":700,"url":"https:\/\/globe-europe.nl\/wp-content\/uploads\/2025\/02\/Krino-metaalborenset.jpg","type":"image\/jpeg"}],"twitter_card":"summary_large_image","twitter_misc":{"Gesch\u00e4tzte Lesezeit":"2\u00a0Minuten"},"schema":{"@context":"https:\/\/schema.org","@graph":[{"@type":"WebPage","@id":"https:\/\/globe-europe.nl\/product\/krino-metaalborenset-hss-g-met-step-punt-25-delig\/","url":"https:\/\/globe-europe.nl\/product\/krino-metaalborenset-hss-g-met-step-punt-25-delig\/","name":"Krino HSS-G Metallbohrer-Set mit STEP+ Spitze | 25-teilig - Globe Europe","isPartOf":{"@id":"https:\/\/globe-europe.nl\/#website"},"primaryImageOfPage":{"@id":"https:\/\/globe-europe.nl\/product\/krino-metaalborenset-hss-g-met-step-punt-25-delig\/#primaryimage"},"image":{"@id":"https:\/\/globe-europe.nl\/product\/krino-metaalborenset-hss-g-met-step-punt-25-delig\/#primaryimage"},"thumbnailUrl":"https:\/\/globe-europe.nl\/wp-content\/uploads\/2025\/02\/Krino-metaalborenset.jpg","datePublished":"2025-02-06T10:33:43+00:00","dateModified":"2025-02-18T12:51:39+00:00","description":"Krino HSS-G Metallbohrer-Set mit STEP+ Spitze f\u00fcr 30% schnelleres Bohren ohne Vorbohren. Langlebiger HSS-G, 25 Gr\u00f6\u00dfen (1-13 mm). F\u00fcr Stahl, Aluminium und Kunststoff.","breadcrumb":{"@id":"https:\/\/globe-europe.nl\/product\/krino-metaalborenset-hss-g-met-step-punt-25-delig\/#breadcrumb"},"inLanguage":"de","potentialAction":[{"@type":"ReadAction","target":["https:\/\/globe-europe.nl\/product\/krino-metaalborenset-hss-g-met-step-punt-25-delig\/"]}]},{"@type":"ImageObject","inLanguage":"de","@id":"https:\/\/globe-europe.nl\/product\/krino-metaalborenset-hss-g-met-step-punt-25-delig\/#primaryimage","url":"https:\/\/globe-europe.nl\/wp-content\/uploads\/2025\/02\/Krino-metaalborenset.jpg","contentUrl":"https:\/\/globe-europe.nl\/wp-content\/uploads\/2025\/02\/Krino-metaalborenset.jpg","width":700,"height":700},{"@type":"BreadcrumbList","@id":"https:\/\/globe-europe.nl\/product\/krino-metaalborenset-hss-g-met-step-punt-25-delig\/#breadcrumb","itemListElement":[{"@type":"ListItem","position":1,"name":"Home","item":"https:\/\/globe-europe.nl\/"},{"@type":"ListItem","position":2,"name":"Winkel","item":"https:\/\/globe-europe.nl\/winkel\/"},{"@type":"ListItem","position":3,"name":"Krino Metaalborenset HSS-G met STEP+ punt 25-delig"}]},{"@type":"WebSite","@id":"https:\/\/globe-europe.nl\/#website","url":"https:\/\/globe-europe.nl\/","name":"Globe Europe","description":"","publisher":{"@id":"https:\/\/globe-europe.nl\/#organization"},"potentialAction":[{"@type":"SearchAction","target":{"@type":"EntryPoint","urlTemplate":"https:\/\/globe-europe.nl\/?s={search_term_string}"},"query-input":{"@type":"PropertyValueSpecification","valueRequired":true,"valueName":"search_term_string"}}],"inLanguage":"de"},{"@type":"Organization","@id":"https:\/\/globe-europe.nl\/#organization","name":"Globe Europe","url":"https:\/\/globe-europe.nl\/","logo":{"@type":"ImageObject","inLanguage":"de","@id":"https:\/\/globe-europe.nl\/#\/schema\/logo\/image\/","url":"https:\/\/globe-europe.nl\/wp-content\/uploads\/2025\/02\/GLOBE-LOGO-WEB-GROOT.png","contentUrl":"https:\/\/globe-europe.nl\/wp-content\/uploads\/2025\/02\/GLOBE-LOGO-WEB-GROOT.png","width":938,"height":404,"caption":"Globe Europe"},"image":{"@id":"https:\/\/globe-europe.nl\/#\/schema\/logo\/image\/"}}]}},"_links":{"self":[{"href":"https:\/\/globe-europe.nl\/de\/wp-json\/wp\/v2\/product\/2132","targetHints":{"allow":["GET"]}}],"collection":[{"href":"https:\/\/globe-europe.nl\/de\/wp-json\/wp\/v2\/product"}],"about":[{"href":"https:\/\/globe-europe.nl\/de\/wp-json\/wp\/v2\/types\/product"}],"replies":[{"embeddable":true,"href":"https:\/\/globe-europe.nl\/de\/wp-json\/wp\/v2\/comments?post=2132"}],"wp:featuredmedia":[{"embeddable":true,"href":"https:\/\/globe-europe.nl\/de\/wp-json\/wp\/v2\/media\/2131"}],"wp:attachment":[{"href":"https:\/\/globe-europe.nl\/de\/wp-json\/wp\/v2\/media?parent=2132"}],"wp:term":[{"taxonomy":"product_brand","embeddable":true,"href":"https:\/\/globe-europe.nl\/de\/wp-json\/wp\/v2\/product_brand?post=2132"},{"taxonomy":"product_cat","embeddable":true,"href":"https:\/\/globe-europe.nl\/de\/wp-json\/wp\/v2\/product_cat?post=2132"},{"taxonomy":"product_tag","embeddable":true,"href":"https:\/\/globe-europe.nl\/de\/wp-json\/wp\/v2\/product_tag?post=2132"}],"curies":[{"name":"wp","href":"https:\/\/api.w.org\/{rel}","templated":true}]}}