{"id":220,"date":"2025-02-04T09:10:26","date_gmt":"2025-02-04T09:10:26","guid":{"rendered":"https:\/\/globe-europe.nl\/product\/eggenberg-emd-35-magneetboormachine-1550w\/"},"modified":"2025-02-06T09:04:33","modified_gmt":"2025-02-06T09:04:33","slug":"eggenberg-emd35-magnetbohrmaschine-1550w","status":"publish","type":"product","link":"https:\/\/globe-europe.nl\/de\/product\/eggenberg-emd-35-magneetboormachine-1550w\/","title":{"rendered":"Eggenberg EMD-35 Magnetbohrmaschine | 1550W | 35mm Kernbohrer"},"content":{"rendered":"<h2><strong>Eigenschaften Eggenberg EMD-35 Magnetbohrmaschine - 1550W<\/strong><\/h2>\n<p>Mit dem Eggenberg Magnetkernbohrger\u00e4t EMD-35 erzielen Sie beim Bohren, Senken und\/oder Reiben vor Ort pr\u00e4zise Ergebnisse. Im Vergleich zu Arbeiten mit einer Handbohrmaschine ist der Prozess um ein Vielfaches einfacher und effizienter. Das Arbeiten mit der magnetisch am Werkst\u00fcck haftenden Maschine erh\u00f6ht zudem die Sicherheit, da der Anwender keine Kraft aufwenden und keine wechselnden Drehbewegungen bew\u00e4ltigen muss. Magnetbohreinheiten werden in der Regel bei der Wartung und\/oder bei Arbeiten an bestehenden Stahlkonstruktionen eingesetzt, wie sie bei Br\u00fccken, D\u00e4chern, Schiffen, Windr\u00e4dern usw. zu finden sind. Kurzum: Situationen, in denen zus\u00e4tzliche Risikofaktoren ins Spiel kommen und in denen eine pr\u00e4zise Ausf\u00fchrung entscheidend ist. Eggenberg hilft Ihnen, die Gefahren zu minimieren und die gew\u00fcnschte Qualit\u00e4t der Arbeit zu liefern. Egal, ob es sich um Arbeiten am Boden oder kopf\u00fcber \u00fcber dem Wasser handelt. Perfekte Ergebnisse, an jedem Ort, zu jeder Zeit.<\/p>\n<h3>Wesentliche Merkmale<\/h3>\n<p><strong>Sicher und zuverl\u00e4ssig<\/strong><\/p>\n<ul>\n<li><strong>RCD-Sch\u00fctz<\/strong> - verhindert unerwarteten Neustart nach Stromausfall<\/li>\n<li><strong>Maximale Anziehungskraft von 14.800 N<\/strong> - starker Halt, auch auf d\u00fcnnen Oberfl\u00e4chen<\/li>\n<li><strong>Inklusive Zurrgurt<\/strong> - zus\u00e4tzliche Sicherheit bei Stromausfall<\/li>\n<\/ul>\n<p><strong>Kompakt und leistungsstark<\/strong><\/p>\n<ul>\n<li><strong>1.550-W-Motor mit stufenlos regelbarer Drehzahl (100-830 U\/min)<\/strong><\/li>\n<li><strong>Leichtgewicht (11,65 kg)<\/strong> - leicht zu bewegen und mobil<\/li>\n<li><strong>Geeignet f\u00fcr Kernbohrer bis 35 mm, Bohrtiefe bis 165 mm<\/strong><\/li>\n<\/ul>\n<p><strong>Pr\u00e4zise Leistung<\/strong><\/p>\n<ul>\n<li><strong>Integrierte Wasserwaage<\/strong> - sorgt f\u00fcr pr\u00e4zise Winkel und gerade Bohrl\u00f6cher<\/li>\n<li><strong>Getriebe f\u00fcr minimale Vibrationen und maximale Stabilit\u00e4t<\/strong><\/li>\n<li><strong>Komfortables Bedienfeld<\/strong> - stufenlose Drehzahlregelung und Drehrichtungswahl<\/li>\n<\/ul>\n<p><strong>Nachhaltig und effizient<\/strong><\/p>\n<ul>\n<li><strong>Integrierter K\u00fchlmitteltank<\/strong> - verl\u00e4ngert die Lebensdauer des Bohrers<\/li>\n<li><strong>Soft-Start und \u00dcberlastungsschutz<\/strong> - verhindert Sch\u00e4den und gew\u00e4hrleistet Langlebigkeit<\/li>\n<li><strong>Doppelmagnetspule<\/strong> - extrastarker Griff f\u00fcr sicheres Arbeiten<\/li>\n<li style=\"list-style-type: none;\">\n<ul>\n<li style=\"list-style-type: none;\"><\/li>\n<\/ul>\n<\/li>\n<\/ul>\n<h3><strong>Technische Daten<\/strong><\/h3>\n<ul>\n<li>Geh\u00e4usematerial - Aluminium, Stahl, Kunststoff<\/li>\n<li>Max. Kernbohrerdurchmesser - 35 mm<\/li>\n<li>Max. Tiefe - 150 mm<\/li>\n<li>Spannung - 230 V<\/li>\n<li>Frequenz - 50-60 Hz<\/li>\n<li>Leistungsaufnahme - 1550 W<\/li>\n<li>Leerlaufdrehzahl - 100-830 U\/min<\/li>\n<li>Fassungsverm\u00f6gen des K\u00fchltanks - 125-175 ml<\/li>\n<li>L\u00e4nge des K\u00fchltanks - 10 cm<\/li>\n<li>Maximale Zugkraft - 14.800 N<\/li>\n<li>Integrierte Wasserwaage - Ja<\/li>\n<li>Sicherheitsspanngurt - Ja<\/li>\n<li>Gewindeschneidfunktion - Nein<\/li>\n<li>Hubl\u00e4nge - 0-160 mm<\/li>\n<li>Aufnahme - 19mm Weldon<\/li>\n<li>Mitgelieferter Bohrkopf - 1-10 mm<\/li>\n<li>Gen\u00fcgend Spielraum f\u00fcr Standard-Spiralbohrer<\/li>\n<li>Kabell\u00e4nge - 2,3 m<\/li>\n<li>Gewicht - 12 kg<\/li>\n<\/ul>\n<p><strong>Umfang der Lieferung<\/strong><\/p>\n<ul>\n<li>Eggenberg EMD-35 Magnetische Bohrmaschine - 1550W<\/li>\n<li>Enthalten sind - ein Bohrkopf f\u00fcr Wellen bis zu 10 mm Durchmesser, eine Weldon-Welle, ein K\u00fchlmittelbeh\u00e4lter, Montagewerkzeuge, Sicherungen und viele andere n\u00fctzliche Zubeh\u00f6rteile. Das Set ist in einem robusten, formschl\u00fcssigen Koffer verpackt.<\/li>\n<li>Hinweis! Lieferung ohne Kernbohrer<\/li>\n<\/ul>","protected":false},"excerpt":{"rendered":"<ul>\n<li><strong>Leistungsstarker 1550W Motor<\/strong> - Stufenlos regelbare Drehzahl (100-830 U\/min) f\u00fcr Kernbohrungen, Senkungen und Reiben<\/li>\n<li><strong>Starker Magnet (14.800 N)<\/strong> - sichere und stabile Befestigung an Stahlkonstruktionen<\/li>\n<li><strong>Kompakt und leicht (12 kg)<\/strong> - leicht zu bewegen und ideal f\u00fcr den mobilen Einsatz<\/li>\n<li><strong>Hohe Pr\u00e4zision und Kontrolle<\/strong> - integrierte Wasserwaage, Getriebe und komfortables Bedienfeld<\/li>\n<li><strong>Nachhaltig und sicher<\/strong> - \u00dcberlastschutz, RCD-Sch\u00fctz und eingebauter K\u00fchlmitteltank<\/li>\n<\/ul>","protected":false},"featured_media":219,"comment_status":"open","ping_status":"closed","template":"","meta":[],"product_brand":[22],"product_cat":[18,25],"product_tag":[],"class_list":{"0":"post-220","1":"product","2":"type-product","3":"status-publish","4":"has-post-thumbnail","6":"product_brand-eggenberg","7":"product_cat-machines","8":"product_cat-magneetboormachine","10":"first","11":"instock","12":"shipping-taxable","13":"product-type-simple"},"ct_brands":[{"id":22,"name":"EGGENBERG","slug":"eggenberg"}],"yoast_head":"<!-- This site is optimized with the Yoast SEO plugin v27.3 - https:\/\/yoast.com\/product\/yoast-seo-wordpress\/ -->\n<title>Eggenberg EMD-35 Magneetboormachine | 1550W | 35mm - Globe Europe<\/title>\n<meta name=\"description\" content=\"Eggenberg EMD-35 Magneetboormachine met 1550W vermogen. Traploos regelbaar toerental en sterke magneet (14.800N) voor precisiewerk.\" \/>\n<meta name=\"robots\" content=\"index, follow, max-snippet:-1, max-image-preview:large, max-video-preview:-1\" \/>\n<link rel=\"canonical\" href=\"https:\/\/globe-europe.nl\/de\/produkt\/eggenberg-emd35-magnetbohrmaschine-1550w\/\" \/>\n<meta property=\"og:locale\" content=\"de_DE\" \/>\n<meta property=\"og:type\" content=\"article\" \/>\n<meta property=\"og:title\" content=\"Eggenberg EMD-35 Magneetboormachine | 1550W | 35mm - Globe Europe\" \/>\n<meta property=\"og:description\" content=\"Eggenberg EMD-35 Magneetboormachine met 1550W vermogen. Traploos regelbaar toerental en sterke magneet (14.800N) voor precisiewerk.\" \/>\n<meta property=\"og:url\" content=\"https:\/\/globe-europe.nl\/de\/produkt\/eggenberg-emd35-magnetbohrmaschine-1550w\/\" \/>\n<meta property=\"og:site_name\" content=\"Globe Europe\" \/>\n<meta property=\"article:modified_time\" content=\"2025-02-06T09:04:33+00:00\" \/>\n<meta property=\"og:image\" content=\"https:\/\/globe-europe.nl\/wp-content\/uploads\/2025\/02\/157.png\" \/>\n\t<meta property=\"og:image:width\" content=\"700\" \/>\n\t<meta property=\"og:image:height\" content=\"700\" \/>\n\t<meta property=\"og:image:type\" content=\"image\/png\" \/>\n<meta name=\"twitter:card\" content=\"summary_large_image\" \/>\n<meta name=\"twitter:label1\" content=\"Gesch\u00e4tzte Lesezeit\" \/>\n\t<meta name=\"twitter:data1\" content=\"3\u00a0Minuten\" \/>\n<script type=\"application\/ld+json\" class=\"yoast-schema-graph\">{\"@context\":\"https:\\\/\\\/schema.org\",\"@graph\":[{\"@type\":\"WebPage\",\"@id\":\"https:\\\/\\\/globe-europe.nl\\\/product\\\/eggenberg-emd-35-magneetboormachine-1550w\\\/\",\"url\":\"https:\\\/\\\/globe-europe.nl\\\/product\\\/eggenberg-emd-35-magneetboormachine-1550w\\\/\",\"name\":\"Eggenberg EMD-35 Magneetboormachine | 1550W | 35mm - Globe Europe\",\"isPartOf\":{\"@id\":\"https:\\\/\\\/globe-europe.nl\\\/#website\"},\"primaryImageOfPage\":{\"@id\":\"https:\\\/\\\/globe-europe.nl\\\/product\\\/eggenberg-emd-35-magneetboormachine-1550w\\\/#primaryimage\"},\"image\":{\"@id\":\"https:\\\/\\\/globe-europe.nl\\\/product\\\/eggenberg-emd-35-magneetboormachine-1550w\\\/#primaryimage\"},\"thumbnailUrl\":\"https:\\\/\\\/globe-europe.nl\\\/wp-content\\\/uploads\\\/2025\\\/02\\\/157.png\",\"datePublished\":\"2025-02-04T09:10:26+00:00\",\"dateModified\":\"2025-02-06T09:04:33+00:00\",\"description\":\"Eggenberg EMD-35 Magneetboormachine met 1550W vermogen. Traploos regelbaar toerental en sterke magneet (14.800N) voor precisiewerk.\",\"breadcrumb\":{\"@id\":\"https:\\\/\\\/globe-europe.nl\\\/product\\\/eggenberg-emd-35-magneetboormachine-1550w\\\/#breadcrumb\"},\"inLanguage\":\"de\",\"potentialAction\":[{\"@type\":\"ReadAction\",\"target\":[\"https:\\\/\\\/globe-europe.nl\\\/product\\\/eggenberg-emd-35-magneetboormachine-1550w\\\/\"]}]},{\"@type\":\"ImageObject\",\"inLanguage\":\"de\",\"@id\":\"https:\\\/\\\/globe-europe.nl\\\/product\\\/eggenberg-emd-35-magneetboormachine-1550w\\\/#primaryimage\",\"url\":\"https:\\\/\\\/globe-europe.nl\\\/wp-content\\\/uploads\\\/2025\\\/02\\\/157.png\",\"contentUrl\":\"https:\\\/\\\/globe-europe.nl\\\/wp-content\\\/uploads\\\/2025\\\/02\\\/157.png\",\"width\":700,\"height\":700,\"caption\":\"Eggenberg EMD-35 Magneetboormachine | 1550W | 35mm Kernboren\"},{\"@type\":\"BreadcrumbList\",\"@id\":\"https:\\\/\\\/globe-europe.nl\\\/product\\\/eggenberg-emd-35-magneetboormachine-1550w\\\/#breadcrumb\",\"itemListElement\":[{\"@type\":\"ListItem\",\"position\":1,\"name\":\"Home\",\"item\":\"https:\\\/\\\/globe-europe.nl\\\/\"},{\"@type\":\"ListItem\",\"position\":2,\"name\":\"Winkel\",\"item\":\"https:\\\/\\\/globe-europe.nl\\\/winkel\\\/\"},{\"@type\":\"ListItem\",\"position\":3,\"name\":\"Eggenberg EMD-35 Magneetboormachine | 1550W | 35mm Kernboren\"}]},{\"@type\":\"WebSite\",\"@id\":\"https:\\\/\\\/globe-europe.nl\\\/#website\",\"url\":\"https:\\\/\\\/globe-europe.nl\\\/\",\"name\":\"Globe Europe\",\"description\":\"\",\"publisher\":{\"@id\":\"https:\\\/\\\/globe-europe.nl\\\/#organization\"},\"potentialAction\":[{\"@type\":\"SearchAction\",\"target\":{\"@type\":\"EntryPoint\",\"urlTemplate\":\"https:\\\/\\\/globe-europe.nl\\\/?s={search_term_string}\"},\"query-input\":{\"@type\":\"PropertyValueSpecification\",\"valueRequired\":true,\"valueName\":\"search_term_string\"}}],\"inLanguage\":\"de\"},{\"@type\":\"Organization\",\"@id\":\"https:\\\/\\\/globe-europe.nl\\\/#organization\",\"name\":\"Globe Europe\",\"url\":\"https:\\\/\\\/globe-europe.nl\\\/\",\"logo\":{\"@type\":\"ImageObject\",\"inLanguage\":\"de\",\"@id\":\"https:\\\/\\\/globe-europe.nl\\\/#\\\/schema\\\/logo\\\/image\\\/\",\"url\":\"https:\\\/\\\/globe-europe.nl\\\/wp-content\\\/uploads\\\/2025\\\/02\\\/GLOBE-LOGO-WEB-GROOT.png\",\"contentUrl\":\"https:\\\/\\\/globe-europe.nl\\\/wp-content\\\/uploads\\\/2025\\\/02\\\/GLOBE-LOGO-WEB-GROOT.png\",\"width\":938,\"height\":404,\"caption\":\"Globe Europe\"},\"image\":{\"@id\":\"https:\\\/\\\/globe-europe.nl\\\/#\\\/schema\\\/logo\\\/image\\\/\"}}]}<\/script>\n<!-- \/ Yoast SEO plugin. -->","yoast_head_json":{"title":"Eggenberg EMD-35 Magnetbohrmaschine | 1550W | 35mm - Globus Europa","description":"Eggenberg EMD-35 Magnetbohrmaschine mit 1550W Leistung. Stufenlos einstellbare Drehzahl und starker Magnet (14.800N) f\u00fcr Pr\u00e4zisionsarbeiten.","robots":{"index":"index","follow":"follow","max-snippet":"max-snippet:-1","max-image-preview":"max-image-preview:large","max-video-preview":"max-video-preview:-1"},"canonical":"https:\/\/globe-europe.nl\/de\/produkt\/eggenberg-emd35-magnetbohrmaschine-1550w\/","og_locale":"de_DE","og_type":"article","og_title":"Eggenberg EMD-35 Magneetboormachine | 1550W | 35mm - Globe Europe","og_description":"Eggenberg EMD-35 Magneetboormachine met 1550W vermogen. Traploos regelbaar toerental en sterke magneet (14.800N) voor precisiewerk.","og_url":"https:\/\/globe-europe.nl\/de\/produkt\/eggenberg-emd35-magnetbohrmaschine-1550w\/","og_site_name":"Globe Europe","article_modified_time":"2025-02-06T09:04:33+00:00","og_image":[{"width":700,"height":700,"url":"https:\/\/globe-europe.nl\/wp-content\/uploads\/2025\/02\/157.png","type":"image\/png"}],"twitter_card":"summary_large_image","twitter_misc":{"Gesch\u00e4tzte Lesezeit":"3\u00a0Minuten"},"schema":{"@context":"https:\/\/schema.org","@graph":[{"@type":"WebPage","@id":"https:\/\/globe-europe.nl\/product\/eggenberg-emd-35-magneetboormachine-1550w\/","url":"https:\/\/globe-europe.nl\/product\/eggenberg-emd-35-magneetboormachine-1550w\/","name":"Eggenberg EMD-35 Magnetbohrmaschine | 1550W | 35mm - Globus Europa","isPartOf":{"@id":"https:\/\/globe-europe.nl\/#website"},"primaryImageOfPage":{"@id":"https:\/\/globe-europe.nl\/product\/eggenberg-emd-35-magneetboormachine-1550w\/#primaryimage"},"image":{"@id":"https:\/\/globe-europe.nl\/product\/eggenberg-emd-35-magneetboormachine-1550w\/#primaryimage"},"thumbnailUrl":"https:\/\/globe-europe.nl\/wp-content\/uploads\/2025\/02\/157.png","datePublished":"2025-02-04T09:10:26+00:00","dateModified":"2025-02-06T09:04:33+00:00","description":"Eggenberg EMD-35 Magnetbohrmaschine mit 1550W Leistung. Stufenlos einstellbare Drehzahl und starker Magnet (14.800N) f\u00fcr Pr\u00e4zisionsarbeiten.","breadcrumb":{"@id":"https:\/\/globe-europe.nl\/product\/eggenberg-emd-35-magneetboormachine-1550w\/#breadcrumb"},"inLanguage":"de","potentialAction":[{"@type":"ReadAction","target":["https:\/\/globe-europe.nl\/product\/eggenberg-emd-35-magneetboormachine-1550w\/"]}]},{"@type":"ImageObject","inLanguage":"de","@id":"https:\/\/globe-europe.nl\/product\/eggenberg-emd-35-magneetboormachine-1550w\/#primaryimage","url":"https:\/\/globe-europe.nl\/wp-content\/uploads\/2025\/02\/157.png","contentUrl":"https:\/\/globe-europe.nl\/wp-content\/uploads\/2025\/02\/157.png","width":700,"height":700,"caption":"Eggenberg EMD-35 Magneetboormachine | 1550W | 35mm Kernboren"},{"@type":"BreadcrumbList","@id":"https:\/\/globe-europe.nl\/product\/eggenberg-emd-35-magneetboormachine-1550w\/#breadcrumb","itemListElement":[{"@type":"ListItem","position":1,"name":"Home","item":"https:\/\/globe-europe.nl\/"},{"@type":"ListItem","position":2,"name":"Winkel","item":"https:\/\/globe-europe.nl\/winkel\/"},{"@type":"ListItem","position":3,"name":"Eggenberg EMD-35 Magneetboormachine | 1550W | 35mm Kernboren"}]},{"@type":"WebSite","@id":"https:\/\/globe-europe.nl\/#website","url":"https:\/\/globe-europe.nl\/","name":"Globe Europe","description":"","publisher":{"@id":"https:\/\/globe-europe.nl\/#organization"},"potentialAction":[{"@type":"SearchAction","target":{"@type":"EntryPoint","urlTemplate":"https:\/\/globe-europe.nl\/?s={search_term_string}"},"query-input":{"@type":"PropertyValueSpecification","valueRequired":true,"valueName":"search_term_string"}}],"inLanguage":"de"},{"@type":"Organization","@id":"https:\/\/globe-europe.nl\/#organization","name":"Globe Europe","url":"https:\/\/globe-europe.nl\/","logo":{"@type":"ImageObject","inLanguage":"de","@id":"https:\/\/globe-europe.nl\/#\/schema\/logo\/image\/","url":"https:\/\/globe-europe.nl\/wp-content\/uploads\/2025\/02\/GLOBE-LOGO-WEB-GROOT.png","contentUrl":"https:\/\/globe-europe.nl\/wp-content\/uploads\/2025\/02\/GLOBE-LOGO-WEB-GROOT.png","width":938,"height":404,"caption":"Globe Europe"},"image":{"@id":"https:\/\/globe-europe.nl\/#\/schema\/logo\/image\/"}}]}},"_links":{"self":[{"href":"https:\/\/globe-europe.nl\/de\/wp-json\/wp\/v2\/product\/220","targetHints":{"allow":["GET"]}}],"collection":[{"href":"https:\/\/globe-europe.nl\/de\/wp-json\/wp\/v2\/product"}],"about":[{"href":"https:\/\/globe-europe.nl\/de\/wp-json\/wp\/v2\/types\/product"}],"replies":[{"embeddable":true,"href":"https:\/\/globe-europe.nl\/de\/wp-json\/wp\/v2\/comments?post=220"}],"wp:featuredmedia":[{"embeddable":true,"href":"https:\/\/globe-europe.nl\/de\/wp-json\/wp\/v2\/media\/219"}],"wp:attachment":[{"href":"https:\/\/globe-europe.nl\/de\/wp-json\/wp\/v2\/media?parent=220"}],"wp:term":[{"taxonomy":"product_brand","embeddable":true,"href":"https:\/\/globe-europe.nl\/de\/wp-json\/wp\/v2\/product_brand?post=220"},{"taxonomy":"product_cat","embeddable":true,"href":"https:\/\/globe-europe.nl\/de\/wp-json\/wp\/v2\/product_cat?post=220"},{"taxonomy":"product_tag","embeddable":true,"href":"https:\/\/globe-europe.nl\/de\/wp-json\/wp\/v2\/product_tag?post=220"}],"curies":[{"name":"wp","href":"https:\/\/api.w.org\/{rel}","templated":true}]}}