{"id":239,"date":"2025-02-04T09:10:49","date_gmt":"2025-02-04T09:10:49","guid":{"rendered":"https:\/\/globe-europe.nl\/product\/eggenberg-emd-30-eco-magneetboormachine-1500w\/"},"modified":"2026-02-27T10:24:54","modified_gmt":"2026-02-27T10:24:54","slug":"eggenberg-emd30-eco-magnetbohrmaschine-1500w","status":"publish","type":"product","link":"https:\/\/globe-europe.nl\/de\/product\/eggenberg-emd-30-eco-magneetboormachine-1500w\/","title":{"rendered":"Eggenberg EMD-30 ECO Magnetbohrer | 1500W | 30mm Kernbohrer"},"content":{"rendered":"<h2><strong>Eigenschaften Eggenberg EMD-30 ECO Magnetbohrmaschine - 1500W<\/strong><\/h2>\n<p>Mit der Eggenberg Magnetbohrmaschine EMD-30 ECO erzielen Sie pr\u00e4zise Ergebnisse beim Bohren und Senken vor Ort. Im Vergleich zur Arbeit mit einer Handbohrmaschine ist der Prozess um ein Vielfaches einfacher und effizienter. Das Arbeiten mit der magnetisch am Werkst\u00fcck haftenden Maschine erh\u00f6ht zudem die Sicherheit, da der Anwender weder Kraft aufwenden noch mit wechselnden Drehbewegungen umgehen muss. Magnetbohreinheiten werden in der Regel bei der Wartung und\/oder bei Arbeiten an bestehenden Stahlkonstruktionen eingesetzt, wie sie bei Br\u00fccken, D\u00e4chern, Schiffen, Windr\u00e4dern usw. zu finden sind. Kurzum: Situationen, in denen zus\u00e4tzliche Risikofaktoren ins Spiel kommen und in denen eine pr\u00e4zise Ausf\u00fchrung entscheidend ist. Eggenberg hilft Ihnen, die Gefahren zu minimieren und die gew\u00fcnschte Qualit\u00e4t der Arbeit zu liefern. Egal, ob es sich um Arbeiten am Boden oder kopf\u00fcber \u00fcber dem Wasser handelt. Perfekte Ergebnisse, an jedem Ort, zu jeder Zeit.<\/p>\n<h4>Wesentliche Merkmale<\/h4>\n<p><strong>Sicher und zuverl\u00e4ssig<\/strong><\/p>\n<ul>\n<li><strong>RCD-Sch\u00fctz<\/strong> - verhindert unerwarteten Neustart nach Stromausfall<\/li>\n<li><strong>Maximale Zugkraft von 14.000 N<\/strong> - Feste Fixierung, auch auf d\u00fcnneren Oberfl\u00e4chen<\/li>\n<li><strong>Inklusive Zurrgurt<\/strong> - zus\u00e4tzliche Sicherheit bei Stromausfall<\/li>\n<\/ul>\n<p><strong>Kompakt und leistungsstark<\/strong><\/p>\n<ul>\n<li><strong>1.500 W Motor und 800 U\/min<\/strong> - geeignet f\u00fcr Kernbohrungen und Senkungen<\/li>\n<li><strong>Leichtes Gewicht (11,2 kg)<\/strong> - mobil und leicht zu handhaben<\/li>\n<li><strong>Kompatibel mit Kernbohrern von 12-22 mm, Reichweite bis zu 30 mm<\/strong><\/li>\n<\/ul>\n<p><strong>Pr\u00e4zise Leistung<\/strong><\/p>\n<ul>\n<li><strong>Bohrtiefe bis zu 175 mm<\/strong> - pr\u00e4zise einstellbar mit Drehregler<\/li>\n<li><strong>Integrierte Wasserwaage<\/strong> - sorgt f\u00fcr pr\u00e4zise Winkel und gerade Bohrl\u00f6cher<\/li>\n<li><strong>Starker Doppelspulenmagnet<\/strong> - stabiles und vibrationsfreies Arbeiten<\/li>\n<\/ul>\n<p><strong>Nachhaltig und effizient<\/strong><\/p>\n<ul>\n<li><strong>Integrierter K\u00fchlmitteltank<\/strong> - verl\u00e4ngert die Lebensdauer des Bohrers<\/li>\n<li><strong>\u00dcberlastungsschutz<\/strong> - sch\u00fctzt Motor und Elektronik<\/li>\n<li><strong>Getriebe f\u00fcr minimale Vibrationen und optimale Pr\u00e4zision<\/strong><\/li>\n<\/ul>\n<h3><strong>Technische Daten<\/strong><\/h3>\n<ul>\n<li>Geh\u00e4usematerial - Aluminium, Stahl, Kunststoff<\/li>\n<li>Max. Kernbohrerdurchmesser - 30 mm<\/li>\n<li>Ideal f\u00fcr den Einsatz zwischen 12-22 mm<\/li>\n<li>Max. Tiefe - 150 mm<\/li>\n<li>Spannung - 230 V<\/li>\n<li>Frequenz - 50-60 Hz<\/li>\n<li>Leistung - 1500 W<\/li>\n<li>Leerlaufdrehzahl - 800 U\/min<\/li>\n<li>Maximale Zugkraft - 14.000 N<\/li>\n<li>Hubl\u00e4nge - 0-160 mm<\/li>\n<li>Integrierte Wasserwaage - Ja<\/li>\n<li>Sicherheitsspanngurt - Ja<\/li>\n<li>Gewindeschneidfunktion - Nein<\/li>\n<li>Einlass - Weldon 19 mm<\/li>\n<li>Bohrkopf - Lieferung ohne Bohrfutter<\/li>\n<li>Kabell\u00e4nge - 2,3 m<\/li>\n<li>Gewicht - 11,2 kg<\/li>\n<\/ul>\n<h4><strong>Umfang der Lieferung<\/strong><\/h4>\n<ul>\n<li>Eggenberg EMD-30 ECO Magnetische Bohrmaschine - 1500W<\/li>\n<li>Im Lieferumfang enthalten sind eine Weldon-Welle, ein K\u00fchlmittelbeh\u00e4lter, Montagewerkzeug, Sicherungen und weiteres Zubeh\u00f6r.<\/li>\n<li>Hinweis! Lieferung ohne Kernbohrer und Spannfutter<\/li>\n<\/ul>","protected":false},"excerpt":{"rendered":"<ul>\n<li><strong>Leistungsstarker 1500W Motor<\/strong> - hohe Leistung mit einer maximalen Drehzahl von 800 U\/min<\/li>\n<li><strong>Starker Magnet (14.000 N)<\/strong> - zuverl\u00e4ssige Fixierung f\u00fcr Pr\u00e4zisionsarbeiten an Stahlkonstruktionen<\/li>\n<li><strong>Kompakt und leicht (11,2 kg)<\/strong> - ideal f\u00fcr den mobilen Einsatz auf Br\u00fccken, Schiffen und D\u00e4chern<\/li>\n<li><strong>Pr\u00e4zise und sicher<\/strong> - integrierte Wasserwaage, \u00dcberlastungsschutz und Spanngurt f\u00fcr zus\u00e4tzliche Stabilit\u00e4t<\/li>\n<li><strong>Geeignet f\u00fcr Kernbohrer bis zu 30 mm<\/strong> - optimale Leistung beim Bohren und Senken<\/li>\n<\/ul>","protected":false},"featured_media":238,"comment_status":"open","ping_status":"closed","template":"","meta":[],"product_brand":[22],"product_cat":[18,25],"product_tag":[],"class_list":{"0":"post-239","1":"product","2":"type-product","3":"status-publish","4":"has-post-thumbnail","6":"product_brand-eggenberg","7":"product_cat-machines","8":"product_cat-magneetboormachine","10":"first","11":"instock","12":"shipping-taxable","13":"product-type-simple"},"ct_brands":[{"id":22,"name":"EGGENBERG","slug":"eggenberg"}],"yoast_head":"<!-- This site is optimized with the Yoast SEO plugin v27.5 - https:\/\/yoast.com\/product\/yoast-seo-wordpress\/ -->\n<title>Eggenberg EMD-30 ECO Magneetboormachine | 1500W | 30mm - Globe Europe<\/title>\n<meta name=\"description\" content=\"Eggenberg EMD-30 ECO Magneetboormachine met 1500W vermogen. Compact, krachtig en ideaal voor boren en verzinken op locatie.\" \/>\n<meta name=\"robots\" content=\"index, follow, max-snippet:-1, max-image-preview:large, max-video-preview:-1\" \/>\n<link rel=\"canonical\" href=\"https:\/\/globe-europe.nl\/de\/produkt\/eggenberg-emd30-eco-magnetbohrmaschine-1500w\/\" \/>\n<meta property=\"og:locale\" content=\"de_DE\" \/>\n<meta property=\"og:type\" content=\"article\" \/>\n<meta property=\"og:title\" content=\"Eggenberg EMD-30 ECO Magneetboormachine | 1500W | 30mm - Globe Europe\" \/>\n<meta property=\"og:description\" content=\"Eggenberg EMD-30 ECO Magneetboormachine met 1500W vermogen. Compact, krachtig en ideaal voor boren en verzinken op locatie.\" \/>\n<meta property=\"og:url\" content=\"https:\/\/globe-europe.nl\/de\/produkt\/eggenberg-emd30-eco-magnetbohrmaschine-1500w\/\" \/>\n<meta property=\"og:site_name\" content=\"Globe Europe\" \/>\n<meta property=\"article:modified_time\" content=\"2026-02-27T10:24:54+00:00\" \/>\n<meta property=\"og:image\" content=\"https:\/\/globe-europe.nl\/wp-content\/uploads\/2025\/02\/178.png\" \/>\n\t<meta property=\"og:image:width\" content=\"700\" \/>\n\t<meta property=\"og:image:height\" content=\"700\" \/>\n\t<meta property=\"og:image:type\" content=\"image\/png\" \/>\n<meta name=\"twitter:card\" content=\"summary_large_image\" \/>\n<meta name=\"twitter:label1\" content=\"Gesch\u00e4tzte Lesezeit\" \/>\n\t<meta name=\"twitter:data1\" content=\"2\u00a0Minuten\" \/>\n<script type=\"application\/ld+json\" class=\"yoast-schema-graph\">{\"@context\":\"https:\\\/\\\/schema.org\",\"@graph\":[{\"@type\":\"WebPage\",\"@id\":\"https:\\\/\\\/globe-europe.nl\\\/product\\\/eggenberg-emd-30-eco-magneetboormachine-1500w\\\/\",\"url\":\"https:\\\/\\\/globe-europe.nl\\\/product\\\/eggenberg-emd-30-eco-magneetboormachine-1500w\\\/\",\"name\":\"Eggenberg EMD-30 ECO Magneetboormachine | 1500W | 30mm - Globe Europe\",\"isPartOf\":{\"@id\":\"https:\\\/\\\/globe-europe.nl\\\/#website\"},\"primaryImageOfPage\":{\"@id\":\"https:\\\/\\\/globe-europe.nl\\\/product\\\/eggenberg-emd-30-eco-magneetboormachine-1500w\\\/#primaryimage\"},\"image\":{\"@id\":\"https:\\\/\\\/globe-europe.nl\\\/product\\\/eggenberg-emd-30-eco-magneetboormachine-1500w\\\/#primaryimage\"},\"thumbnailUrl\":\"https:\\\/\\\/globe-europe.nl\\\/wp-content\\\/uploads\\\/2025\\\/02\\\/178.png\",\"datePublished\":\"2025-02-04T09:10:49+00:00\",\"dateModified\":\"2026-02-27T10:24:54+00:00\",\"description\":\"Eggenberg EMD-30 ECO Magneetboormachine met 1500W vermogen. Compact, krachtig en ideaal voor boren en verzinken op locatie.\",\"breadcrumb\":{\"@id\":\"https:\\\/\\\/globe-europe.nl\\\/product\\\/eggenberg-emd-30-eco-magneetboormachine-1500w\\\/#breadcrumb\"},\"inLanguage\":\"de\",\"potentialAction\":[{\"@type\":\"ReadAction\",\"target\":[\"https:\\\/\\\/globe-europe.nl\\\/product\\\/eggenberg-emd-30-eco-magneetboormachine-1500w\\\/\"]}]},{\"@type\":\"ImageObject\",\"inLanguage\":\"de\",\"@id\":\"https:\\\/\\\/globe-europe.nl\\\/product\\\/eggenberg-emd-30-eco-magneetboormachine-1500w\\\/#primaryimage\",\"url\":\"https:\\\/\\\/globe-europe.nl\\\/wp-content\\\/uploads\\\/2025\\\/02\\\/178.png\",\"contentUrl\":\"https:\\\/\\\/globe-europe.nl\\\/wp-content\\\/uploads\\\/2025\\\/02\\\/178.png\",\"width\":700,\"height\":700,\"caption\":\"Eggenberg EMD-30 ECO Magneetboormachine | 1500W | 30mm Kernboren\"},{\"@type\":\"BreadcrumbList\",\"@id\":\"https:\\\/\\\/globe-europe.nl\\\/product\\\/eggenberg-emd-30-eco-magneetboormachine-1500w\\\/#breadcrumb\",\"itemListElement\":[{\"@type\":\"ListItem\",\"position\":1,\"name\":\"Home\",\"item\":\"https:\\\/\\\/globe-europe.nl\\\/\"},{\"@type\":\"ListItem\",\"position\":2,\"name\":\"Winkel\",\"item\":\"https:\\\/\\\/globe-europe.nl\\\/winkel\\\/\"},{\"@type\":\"ListItem\",\"position\":3,\"name\":\"Eggenberg EMD-30 ECO Magneetboormachine | 1500W | 30mm Kernboren\"}]},{\"@type\":\"WebSite\",\"@id\":\"https:\\\/\\\/globe-europe.nl\\\/#website\",\"url\":\"https:\\\/\\\/globe-europe.nl\\\/\",\"name\":\"Globe Europe\",\"description\":\"\",\"publisher\":{\"@id\":\"https:\\\/\\\/globe-europe.nl\\\/#organization\"},\"potentialAction\":[{\"@type\":\"SearchAction\",\"target\":{\"@type\":\"EntryPoint\",\"urlTemplate\":\"https:\\\/\\\/globe-europe.nl\\\/?s={search_term_string}\"},\"query-input\":{\"@type\":\"PropertyValueSpecification\",\"valueRequired\":true,\"valueName\":\"search_term_string\"}}],\"inLanguage\":\"de\"},{\"@type\":\"Organization\",\"@id\":\"https:\\\/\\\/globe-europe.nl\\\/#organization\",\"name\":\"Globe Europe\",\"url\":\"https:\\\/\\\/globe-europe.nl\\\/\",\"logo\":{\"@type\":\"ImageObject\",\"inLanguage\":\"de\",\"@id\":\"https:\\\/\\\/globe-europe.nl\\\/#\\\/schema\\\/logo\\\/image\\\/\",\"url\":\"https:\\\/\\\/globe-europe.nl\\\/wp-content\\\/uploads\\\/2025\\\/02\\\/GLOBE-LOGO-WEB-GROOT.png\",\"contentUrl\":\"https:\\\/\\\/globe-europe.nl\\\/wp-content\\\/uploads\\\/2025\\\/02\\\/GLOBE-LOGO-WEB-GROOT.png\",\"width\":938,\"height\":404,\"caption\":\"Globe Europe\"},\"image\":{\"@id\":\"https:\\\/\\\/globe-europe.nl\\\/#\\\/schema\\\/logo\\\/image\\\/\"}}]}<\/script>\n<!-- \/ Yoast SEO plugin. -->","yoast_head_json":{"title":"Eggenberg EMD-30 ECO Magnetbohrmaschine | 1500W | 30mm - Globus Europa","description":"Eggenberg EMD-30 ECO Magnetbohrmaschine mit 1500W Leistung. Kompakt, leistungsstark und ideal f\u00fcr Bohrungen und Senkungen vor Ort.","robots":{"index":"index","follow":"follow","max-snippet":"max-snippet:-1","max-image-preview":"max-image-preview:large","max-video-preview":"max-video-preview:-1"},"canonical":"https:\/\/globe-europe.nl\/de\/produkt\/eggenberg-emd30-eco-magnetbohrmaschine-1500w\/","og_locale":"de_DE","og_type":"article","og_title":"Eggenberg EMD-30 ECO Magneetboormachine | 1500W | 30mm - Globe Europe","og_description":"Eggenberg EMD-30 ECO Magneetboormachine met 1500W vermogen. Compact, krachtig en ideaal voor boren en verzinken op locatie.","og_url":"https:\/\/globe-europe.nl\/de\/produkt\/eggenberg-emd30-eco-magnetbohrmaschine-1500w\/","og_site_name":"Globe Europe","article_modified_time":"2026-02-27T10:24:54+00:00","og_image":[{"width":700,"height":700,"url":"https:\/\/globe-europe.nl\/wp-content\/uploads\/2025\/02\/178.png","type":"image\/png"}],"twitter_card":"summary_large_image","twitter_misc":{"Gesch\u00e4tzte Lesezeit":"2\u00a0Minuten"},"schema":{"@context":"https:\/\/schema.org","@graph":[{"@type":"WebPage","@id":"https:\/\/globe-europe.nl\/product\/eggenberg-emd-30-eco-magneetboormachine-1500w\/","url":"https:\/\/globe-europe.nl\/product\/eggenberg-emd-30-eco-magneetboormachine-1500w\/","name":"Eggenberg EMD-30 ECO Magnetbohrmaschine | 1500W | 30mm - Globus Europa","isPartOf":{"@id":"https:\/\/globe-europe.nl\/#website"},"primaryImageOfPage":{"@id":"https:\/\/globe-europe.nl\/product\/eggenberg-emd-30-eco-magneetboormachine-1500w\/#primaryimage"},"image":{"@id":"https:\/\/globe-europe.nl\/product\/eggenberg-emd-30-eco-magneetboormachine-1500w\/#primaryimage"},"thumbnailUrl":"https:\/\/globe-europe.nl\/wp-content\/uploads\/2025\/02\/178.png","datePublished":"2025-02-04T09:10:49+00:00","dateModified":"2026-02-27T10:24:54+00:00","description":"Eggenberg EMD-30 ECO Magnetbohrmaschine mit 1500W Leistung. Kompakt, leistungsstark und ideal f\u00fcr Bohrungen und Senkungen vor Ort.","breadcrumb":{"@id":"https:\/\/globe-europe.nl\/product\/eggenberg-emd-30-eco-magneetboormachine-1500w\/#breadcrumb"},"inLanguage":"de","potentialAction":[{"@type":"ReadAction","target":["https:\/\/globe-europe.nl\/product\/eggenberg-emd-30-eco-magneetboormachine-1500w\/"]}]},{"@type":"ImageObject","inLanguage":"de","@id":"https:\/\/globe-europe.nl\/product\/eggenberg-emd-30-eco-magneetboormachine-1500w\/#primaryimage","url":"https:\/\/globe-europe.nl\/wp-content\/uploads\/2025\/02\/178.png","contentUrl":"https:\/\/globe-europe.nl\/wp-content\/uploads\/2025\/02\/178.png","width":700,"height":700,"caption":"Eggenberg EMD-30 ECO Magneetboormachine | 1500W | 30mm Kernboren"},{"@type":"BreadcrumbList","@id":"https:\/\/globe-europe.nl\/product\/eggenberg-emd-30-eco-magneetboormachine-1500w\/#breadcrumb","itemListElement":[{"@type":"ListItem","position":1,"name":"Home","item":"https:\/\/globe-europe.nl\/"},{"@type":"ListItem","position":2,"name":"Winkel","item":"https:\/\/globe-europe.nl\/winkel\/"},{"@type":"ListItem","position":3,"name":"Eggenberg EMD-30 ECO Magneetboormachine | 1500W | 30mm Kernboren"}]},{"@type":"WebSite","@id":"https:\/\/globe-europe.nl\/#website","url":"https:\/\/globe-europe.nl\/","name":"Globe Europe","description":"","publisher":{"@id":"https:\/\/globe-europe.nl\/#organization"},"potentialAction":[{"@type":"SearchAction","target":{"@type":"EntryPoint","urlTemplate":"https:\/\/globe-europe.nl\/?s={search_term_string}"},"query-input":{"@type":"PropertyValueSpecification","valueRequired":true,"valueName":"search_term_string"}}],"inLanguage":"de"},{"@type":"Organization","@id":"https:\/\/globe-europe.nl\/#organization","name":"Globe Europe","url":"https:\/\/globe-europe.nl\/","logo":{"@type":"ImageObject","inLanguage":"de","@id":"https:\/\/globe-europe.nl\/#\/schema\/logo\/image\/","url":"https:\/\/globe-europe.nl\/wp-content\/uploads\/2025\/02\/GLOBE-LOGO-WEB-GROOT.png","contentUrl":"https:\/\/globe-europe.nl\/wp-content\/uploads\/2025\/02\/GLOBE-LOGO-WEB-GROOT.png","width":938,"height":404,"caption":"Globe Europe"},"image":{"@id":"https:\/\/globe-europe.nl\/#\/schema\/logo\/image\/"}}]}},"_links":{"self":[{"href":"https:\/\/globe-europe.nl\/de\/wp-json\/wp\/v2\/product\/239","targetHints":{"allow":["GET"]}}],"collection":[{"href":"https:\/\/globe-europe.nl\/de\/wp-json\/wp\/v2\/product"}],"about":[{"href":"https:\/\/globe-europe.nl\/de\/wp-json\/wp\/v2\/types\/product"}],"replies":[{"embeddable":true,"href":"https:\/\/globe-europe.nl\/de\/wp-json\/wp\/v2\/comments?post=239"}],"wp:featuredmedia":[{"embeddable":true,"href":"https:\/\/globe-europe.nl\/de\/wp-json\/wp\/v2\/media\/238"}],"wp:attachment":[{"href":"https:\/\/globe-europe.nl\/de\/wp-json\/wp\/v2\/media?parent=239"}],"wp:term":[{"taxonomy":"product_brand","embeddable":true,"href":"https:\/\/globe-europe.nl\/de\/wp-json\/wp\/v2\/product_brand?post=239"},{"taxonomy":"product_cat","embeddable":true,"href":"https:\/\/globe-europe.nl\/de\/wp-json\/wp\/v2\/product_cat?post=239"},{"taxonomy":"product_tag","embeddable":true,"href":"https:\/\/globe-europe.nl\/de\/wp-json\/wp\/v2\/product_tag?post=239"}],"curies":[{"name":"wp","href":"https:\/\/api.w.org\/{rel}","templated":true}]}}