{"id":2421,"date":"2025-02-17T07:46:57","date_gmt":"2025-02-17T07:46:57","guid":{"rendered":"https:\/\/globe-europe.nl\/?post_type=product&#038;p=2421"},"modified":"2025-02-17T07:46:57","modified_gmt":"2025-02-17T07:46:57","slug":"eggenberg-hss-co5-bohrerset-step-point-m35-din338-25tlg-1-13-mm","status":"publish","type":"product","link":"https:\/\/globe-europe.nl\/de\/product\/eggenberg-hss-co5-spiraalborenset-met-step-point-m35-din338-25-delig-1-13-mm\/","title":{"rendered":"Eggenberg HSS Co5% Spiralbohrer-Set mit STEP POINT M35 DIN338 - 25-teilig 1-13 mm"},"content":{"rendered":"<p data-start=\"88\" data-end=\"398\">Der Eggenberg HSS Co5% Spiralbohrer-Satz mit STEP POINT ist die ultimative Wahl zum Bohren in legierte St\u00e4hle, rostfreie St\u00e4hle und andere schwer zu bearbeitende Materialien. Dank der innovativen STEP POINT Technologie bohren Sie bis zu 30% schneller, mit einer extrem pr\u00e4zisen und glatten Oberfl\u00e4che.<\/p>\n<p data-start=\"400\" data-end=\"872\">Diese hochwertigen Bohrer sind aus M35 HSS-Kobaltstahl (Co5%) gefertigt, der auch bei starker Beanspruchung eine au\u00dfergew\u00f6hnliche Verschlei\u00dffestigkeit und l\u00e4ngere Lebensdauer gew\u00e4hrleistet. Die selbstzentrierende 135\u00b0 Split-Point-Spitze verhindert Vibrationen und gew\u00e4hrleistet einen pr\u00e4zisen Start ohne Abrutschen. Die einzigartige Geometrie der Bohrerspitze erm\u00f6glicht Ihnen ein effizientes Arbeiten, insbesondere in d\u00fcnnwandigen Materialien und Blechen, wo Sie bis zu 50% schneller bohren als mit Standardbohrern.<\/p>\n<h3 data-start=\"874\" data-end=\"949\"><strong data-start=\"878\" data-end=\"947\">Die wichtigsten Merkmale des Eggenberg HSS Co5% Spiralbohrersets<\/strong><\/h3>\n<ul data-start=\"950\" data-end=\"1450\">\n<li data-start=\"950\" data-end=\"1046\"><strong data-start=\"952\" data-end=\"978\">STEP POINT-Technologie<\/strong> - Bis <strong data-start=\"985\" data-end=\"1016\">30% schnellere Bohrleistung<\/strong> mit einem perfekten Finish.<\/li>\n<li data-start=\"1047\" data-end=\"1144\"><strong data-start=\"1049\" data-end=\"1069\">135\u00b0 Split-Point<\/strong> - Die selbstzentrierende Spitze verhindert Vibrationen und erh\u00f6ht die Genauigkeit.<\/li>\n<li data-start=\"1145\" data-end=\"1251\"><strong data-start=\"1147\" data-end=\"1168\">Hohe Lebensdauer<\/strong> - Hergestellt aus <strong data-start=\"1183\" data-end=\"1201\">HSS Co5% (M35)<\/strong> F\u00fcr lang anhaltende Leistung in harten Materialien.<\/li>\n<li data-start=\"1252\" data-end=\"1338\"><strong data-start=\"1254\" data-end=\"1271\">Verschiedene Gr\u00f6\u00dfen<\/strong> - Das Set enth\u00e4lt <strong data-start=\"1284\" data-end=\"1296\">25 Bohrer<\/strong> von <strong data-start=\"1301\" data-end=\"1312\">1-13 mm<\/strong>in Schritten von 0,5 mm.<\/li>\n<li data-start=\"1339\" data-end=\"1450\"><strong data-start=\"1341\" data-end=\"1362\">Perfekte Pr\u00e4zision<\/strong> - Einzigartige Geometrie erm\u00f6glicht das Bohren in d\u00fcnnwandigen und harten Materialien bis zu <strong data-start=\"1432\" data-end=\"1447\">50% schneller<\/strong>.<\/li>\n<\/ul>\n<h3 data-start=\"1452\" data-end=\"1477\"><strong data-start=\"1456\" data-end=\"1475\">Umfang der Lieferung<\/strong><\/h3>\n<ul data-start=\"1478\" data-end=\"1617\">\n<li data-start=\"1478\" data-end=\"1553\">Eggenberg HSS Co5% Spiralbohrer-Set mit STEP POINT M35 DIN338 - 25-teilig<\/li>\n<li data-start=\"1554\" data-end=\"1617\">Stabiler Kunststoffkoffer f\u00fcr sichere Aufbewahrung und Transport<\/li>\n<\/ul>","protected":false},"excerpt":{"rendered":"<p>\u2705 <strong data-start=\"1934\" data-end=\"1960\">STEP POINT-Technologie<\/strong> - Bis <strong data-start=\"1967\" data-end=\"1988\">30% schnelleres Bohren<\/strong> und ein perfektes Finish.<br data-start=\"2015\" data-end=\"2018\" \/>\u2705 <strong data-start=\"2020\" data-end=\"2040\">135\u00b0 Split-Point<\/strong> - Selbstzentrierung f\u00fcr maximale Pr\u00e4zision und minimale Vibrationen.<br data-start=\"2103\" data-end=\"2106\" \/>\u2705 <strong data-start=\"2108\" data-end=\"2135\">Langlebiger HSS Co5% (M35)<\/strong> - Ideal f\u00fcr harte und legierte St\u00e4hle.<br data-start=\"2183\" data-end=\"2186\" \/>\u2705 <strong data-start=\"2188\" data-end=\"2205\">25-teiliges Set<\/strong> - Bohren von <strong data-start=\"2218\" data-end=\"2229\">1-13 mm<\/strong> in Schritten von 0,5 mm.<br data-start=\"2252\" data-end=\"2255\" \/>\u2705 <strong data-start=\"2257\" data-end=\"2281\">Vielseitig<\/strong> - Geeignet f\u00fcr Edelstahl, Stahl, Kunststoff und Bleche.<\/p>","protected":false},"featured_media":2427,"comment_status":"open","ping_status":"closed","template":"","meta":[],"product_brand":[22],"product_cat":[333,334,41],"product_tag":[],"class_list":{"0":"post-2421","1":"product","2":"type-product","3":"status-publish","4":"has-post-thumbnail","6":"product_brand-eggenberg","7":"product_cat-boren-tappen","8":"product_cat-spiraalboor","9":"product_cat-verbruiksartikelen","11":"first","12":"instock","13":"shipping-taxable","14":"product-type-simple"},"ct_brands":[{"id":22,"name":"EGGENBERG","slug":"eggenberg"}],"yoast_head":"<!-- This site is optimized with the Yoast SEO plugin v27.6 - https:\/\/yoast.com\/product\/yoast-seo-wordpress\/ -->\n<title>Eggenberg HSS Co5% Spiraalborenset \u2013 25-delig | STEP POINT - Globe Europe<\/title>\n<meta name=\"description\" content=\"Eggenberg HSS Co5% Spiraalborenset (25-delig) met STEP POINT-technologie voor 30% sneller boren. Perfect voor staal, RVS en harde materialen.\" \/>\n<meta name=\"robots\" content=\"index, follow, max-snippet:-1, max-image-preview:large, max-video-preview:-1\" \/>\n<link rel=\"canonical\" href=\"https:\/\/globe-europe.nl\/de\/produkt\/eggenberg-hss-co5-bohrerset-step-point-m35-din338-25tlg-1-13-mm\/\" \/>\n<meta property=\"og:locale\" content=\"de_DE\" \/>\n<meta property=\"og:type\" content=\"article\" \/>\n<meta property=\"og:title\" content=\"Eggenberg HSS Co5% Spiraalborenset \u2013 25-delig | STEP POINT - Globe Europe\" \/>\n<meta property=\"og:description\" content=\"Eggenberg HSS Co5% Spiraalborenset (25-delig) met STEP POINT-technologie voor 30% sneller boren. Perfect voor staal, RVS en harde materialen.\" \/>\n<meta property=\"og:url\" content=\"https:\/\/globe-europe.nl\/de\/produkt\/eggenberg-hss-co5-bohrerset-step-point-m35-din338-25tlg-1-13-mm\/\" \/>\n<meta property=\"og:site_name\" content=\"Globe Europe\" \/>\n<meta property=\"og:image\" content=\"https:\/\/globe-europe.nl\/wp-content\/uploads\/2025\/02\/Eggenberg-HSS-Co5.webp\" \/>\n\t<meta property=\"og:image:width\" content=\"700\" \/>\n\t<meta property=\"og:image:height\" content=\"700\" \/>\n\t<meta property=\"og:image:type\" content=\"image\/webp\" \/>\n<meta name=\"twitter:card\" content=\"summary_large_image\" \/>\n<meta name=\"twitter:label1\" content=\"Gesch\u00e4tzte Lesezeit\" \/>\n\t<meta name=\"twitter:data1\" content=\"2\u00a0Minuten\" \/>\n<script type=\"application\/ld+json\" class=\"yoast-schema-graph\">{\"@context\":\"https:\\\/\\\/schema.org\",\"@graph\":[{\"@type\":\"WebPage\",\"@id\":\"https:\\\/\\\/globe-europe.nl\\\/product\\\/eggenberg-hss-co5-spiraalborenset-met-step-point-m35-din338-25-delig-1-13-mm\\\/\",\"url\":\"https:\\\/\\\/globe-europe.nl\\\/product\\\/eggenberg-hss-co5-spiraalborenset-met-step-point-m35-din338-25-delig-1-13-mm\\\/\",\"name\":\"Eggenberg HSS Co5% Spiraalborenset \u2013 25-delig | STEP POINT - Globe Europe\",\"isPartOf\":{\"@id\":\"https:\\\/\\\/globe-europe.nl\\\/#website\"},\"primaryImageOfPage\":{\"@id\":\"https:\\\/\\\/globe-europe.nl\\\/product\\\/eggenberg-hss-co5-spiraalborenset-met-step-point-m35-din338-25-delig-1-13-mm\\\/#primaryimage\"},\"image\":{\"@id\":\"https:\\\/\\\/globe-europe.nl\\\/product\\\/eggenberg-hss-co5-spiraalborenset-met-step-point-m35-din338-25-delig-1-13-mm\\\/#primaryimage\"},\"thumbnailUrl\":\"https:\\\/\\\/globe-europe.nl\\\/wp-content\\\/uploads\\\/2025\\\/02\\\/Eggenberg-HSS-Co5.webp\",\"datePublished\":\"2025-02-17T07:46:57+00:00\",\"description\":\"Eggenberg HSS Co5% Spiraalborenset (25-delig) met STEP POINT-technologie voor 30% sneller boren. Perfect voor staal, RVS en harde materialen.\",\"breadcrumb\":{\"@id\":\"https:\\\/\\\/globe-europe.nl\\\/product\\\/eggenberg-hss-co5-spiraalborenset-met-step-point-m35-din338-25-delig-1-13-mm\\\/#breadcrumb\"},\"inLanguage\":\"de\",\"potentialAction\":[{\"@type\":\"ReadAction\",\"target\":[\"https:\\\/\\\/globe-europe.nl\\\/product\\\/eggenberg-hss-co5-spiraalborenset-met-step-point-m35-din338-25-delig-1-13-mm\\\/\"]}]},{\"@type\":\"ImageObject\",\"inLanguage\":\"de\",\"@id\":\"https:\\\/\\\/globe-europe.nl\\\/product\\\/eggenberg-hss-co5-spiraalborenset-met-step-point-m35-din338-25-delig-1-13-mm\\\/#primaryimage\",\"url\":\"https:\\\/\\\/globe-europe.nl\\\/wp-content\\\/uploads\\\/2025\\\/02\\\/Eggenberg-HSS-Co5.webp\",\"contentUrl\":\"https:\\\/\\\/globe-europe.nl\\\/wp-content\\\/uploads\\\/2025\\\/02\\\/Eggenberg-HSS-Co5.webp\",\"width\":700,\"height\":700},{\"@type\":\"BreadcrumbList\",\"@id\":\"https:\\\/\\\/globe-europe.nl\\\/product\\\/eggenberg-hss-co5-spiraalborenset-met-step-point-m35-din338-25-delig-1-13-mm\\\/#breadcrumb\",\"itemListElement\":[{\"@type\":\"ListItem\",\"position\":1,\"name\":\"Home\",\"item\":\"https:\\\/\\\/globe-europe.nl\\\/\"},{\"@type\":\"ListItem\",\"position\":2,\"name\":\"Winkel\",\"item\":\"https:\\\/\\\/globe-europe.nl\\\/winkel\\\/\"},{\"@type\":\"ListItem\",\"position\":3,\"name\":\"Eggenberg HSS Co5% Spiraalborenset met STEP POINT M35 DIN338 \u2013 25-delig 1-13 mm\"}]},{\"@type\":\"WebSite\",\"@id\":\"https:\\\/\\\/globe-europe.nl\\\/#website\",\"url\":\"https:\\\/\\\/globe-europe.nl\\\/\",\"name\":\"Globe Europe\",\"description\":\"\",\"publisher\":{\"@id\":\"https:\\\/\\\/globe-europe.nl\\\/#organization\"},\"potentialAction\":[{\"@type\":\"SearchAction\",\"target\":{\"@type\":\"EntryPoint\",\"urlTemplate\":\"https:\\\/\\\/globe-europe.nl\\\/?s={search_term_string}\"},\"query-input\":{\"@type\":\"PropertyValueSpecification\",\"valueRequired\":true,\"valueName\":\"search_term_string\"}}],\"inLanguage\":\"de\"},{\"@type\":\"Organization\",\"@id\":\"https:\\\/\\\/globe-europe.nl\\\/#organization\",\"name\":\"Globe Europe\",\"url\":\"https:\\\/\\\/globe-europe.nl\\\/\",\"logo\":{\"@type\":\"ImageObject\",\"inLanguage\":\"de\",\"@id\":\"https:\\\/\\\/globe-europe.nl\\\/#\\\/schema\\\/logo\\\/image\\\/\",\"url\":\"https:\\\/\\\/globe-europe.nl\\\/wp-content\\\/uploads\\\/2025\\\/02\\\/GLOBE-LOGO-WEB-GROOT.png\",\"contentUrl\":\"https:\\\/\\\/globe-europe.nl\\\/wp-content\\\/uploads\\\/2025\\\/02\\\/GLOBE-LOGO-WEB-GROOT.png\",\"width\":938,\"height\":404,\"caption\":\"Globe Europe\"},\"image\":{\"@id\":\"https:\\\/\\\/globe-europe.nl\\\/#\\\/schema\\\/logo\\\/image\\\/\"}}]}<\/script>\n<!-- \/ Yoast SEO plugin. -->","yoast_head_json":{"title":"Eggenberg HSS Co5% Spiralbohrer-Set - 25-teilig | STEP POINT - Globe Europe","description":"Eggenberg HSS Co5% Spiralbohrer-Set (25-teilig) mit STEP POINT Technologie f\u00fcr 30% schnelleres Bohren. Perfekt f\u00fcr Stahl, rostfreien Stahl und harte Materialien.","robots":{"index":"index","follow":"follow","max-snippet":"max-snippet:-1","max-image-preview":"max-image-preview:large","max-video-preview":"max-video-preview:-1"},"canonical":"https:\/\/globe-europe.nl\/de\/produkt\/eggenberg-hss-co5-bohrerset-step-point-m35-din338-25tlg-1-13-mm\/","og_locale":"de_DE","og_type":"article","og_title":"Eggenberg HSS Co5% Spiraalborenset \u2013 25-delig | STEP POINT - Globe Europe","og_description":"Eggenberg HSS Co5% Spiraalborenset (25-delig) met STEP POINT-technologie voor 30% sneller boren. Perfect voor staal, RVS en harde materialen.","og_url":"https:\/\/globe-europe.nl\/de\/produkt\/eggenberg-hss-co5-bohrerset-step-point-m35-din338-25tlg-1-13-mm\/","og_site_name":"Globe Europe","og_image":[{"width":700,"height":700,"url":"https:\/\/globe-europe.nl\/wp-content\/uploads\/2025\/02\/Eggenberg-HSS-Co5.webp","type":"image\/webp"}],"twitter_card":"summary_large_image","twitter_misc":{"Gesch\u00e4tzte Lesezeit":"2\u00a0Minuten"},"schema":{"@context":"https:\/\/schema.org","@graph":[{"@type":"WebPage","@id":"https:\/\/globe-europe.nl\/product\/eggenberg-hss-co5-spiraalborenset-met-step-point-m35-din338-25-delig-1-13-mm\/","url":"https:\/\/globe-europe.nl\/product\/eggenberg-hss-co5-spiraalborenset-met-step-point-m35-din338-25-delig-1-13-mm\/","name":"Eggenberg HSS Co5% Spiralbohrer-Set - 25-teilig | STEP POINT - Globe Europe","isPartOf":{"@id":"https:\/\/globe-europe.nl\/#website"},"primaryImageOfPage":{"@id":"https:\/\/globe-europe.nl\/product\/eggenberg-hss-co5-spiraalborenset-met-step-point-m35-din338-25-delig-1-13-mm\/#primaryimage"},"image":{"@id":"https:\/\/globe-europe.nl\/product\/eggenberg-hss-co5-spiraalborenset-met-step-point-m35-din338-25-delig-1-13-mm\/#primaryimage"},"thumbnailUrl":"https:\/\/globe-europe.nl\/wp-content\/uploads\/2025\/02\/Eggenberg-HSS-Co5.webp","datePublished":"2025-02-17T07:46:57+00:00","description":"Eggenberg HSS Co5% Spiralbohrer-Set (25-teilig) mit STEP POINT Technologie f\u00fcr 30% schnelleres Bohren. Perfekt f\u00fcr Stahl, rostfreien Stahl und harte Materialien.","breadcrumb":{"@id":"https:\/\/globe-europe.nl\/product\/eggenberg-hss-co5-spiraalborenset-met-step-point-m35-din338-25-delig-1-13-mm\/#breadcrumb"},"inLanguage":"de","potentialAction":[{"@type":"ReadAction","target":["https:\/\/globe-europe.nl\/product\/eggenberg-hss-co5-spiraalborenset-met-step-point-m35-din338-25-delig-1-13-mm\/"]}]},{"@type":"ImageObject","inLanguage":"de","@id":"https:\/\/globe-europe.nl\/product\/eggenberg-hss-co5-spiraalborenset-met-step-point-m35-din338-25-delig-1-13-mm\/#primaryimage","url":"https:\/\/globe-europe.nl\/wp-content\/uploads\/2025\/02\/Eggenberg-HSS-Co5.webp","contentUrl":"https:\/\/globe-europe.nl\/wp-content\/uploads\/2025\/02\/Eggenberg-HSS-Co5.webp","width":700,"height":700},{"@type":"BreadcrumbList","@id":"https:\/\/globe-europe.nl\/product\/eggenberg-hss-co5-spiraalborenset-met-step-point-m35-din338-25-delig-1-13-mm\/#breadcrumb","itemListElement":[{"@type":"ListItem","position":1,"name":"Home","item":"https:\/\/globe-europe.nl\/"},{"@type":"ListItem","position":2,"name":"Winkel","item":"https:\/\/globe-europe.nl\/winkel\/"},{"@type":"ListItem","position":3,"name":"Eggenberg HSS Co5% Spiraalborenset met STEP POINT M35 DIN338 \u2013 25-delig 1-13 mm"}]},{"@type":"WebSite","@id":"https:\/\/globe-europe.nl\/#website","url":"https:\/\/globe-europe.nl\/","name":"Globe Europe","description":"","publisher":{"@id":"https:\/\/globe-europe.nl\/#organization"},"potentialAction":[{"@type":"SearchAction","target":{"@type":"EntryPoint","urlTemplate":"https:\/\/globe-europe.nl\/?s={search_term_string}"},"query-input":{"@type":"PropertyValueSpecification","valueRequired":true,"valueName":"search_term_string"}}],"inLanguage":"de"},{"@type":"Organization","@id":"https:\/\/globe-europe.nl\/#organization","name":"Globe Europe","url":"https:\/\/globe-europe.nl\/","logo":{"@type":"ImageObject","inLanguage":"de","@id":"https:\/\/globe-europe.nl\/#\/schema\/logo\/image\/","url":"https:\/\/globe-europe.nl\/wp-content\/uploads\/2025\/02\/GLOBE-LOGO-WEB-GROOT.png","contentUrl":"https:\/\/globe-europe.nl\/wp-content\/uploads\/2025\/02\/GLOBE-LOGO-WEB-GROOT.png","width":938,"height":404,"caption":"Globe Europe"},"image":{"@id":"https:\/\/globe-europe.nl\/#\/schema\/logo\/image\/"}}]}},"_links":{"self":[{"href":"https:\/\/globe-europe.nl\/de\/wp-json\/wp\/v2\/product\/2421","targetHints":{"allow":["GET"]}}],"collection":[{"href":"https:\/\/globe-europe.nl\/de\/wp-json\/wp\/v2\/product"}],"about":[{"href":"https:\/\/globe-europe.nl\/de\/wp-json\/wp\/v2\/types\/product"}],"replies":[{"embeddable":true,"href":"https:\/\/globe-europe.nl\/de\/wp-json\/wp\/v2\/comments?post=2421"}],"wp:featuredmedia":[{"embeddable":true,"href":"https:\/\/globe-europe.nl\/de\/wp-json\/wp\/v2\/media\/2427"}],"wp:attachment":[{"href":"https:\/\/globe-europe.nl\/de\/wp-json\/wp\/v2\/media?parent=2421"}],"wp:term":[{"taxonomy":"product_brand","embeddable":true,"href":"https:\/\/globe-europe.nl\/de\/wp-json\/wp\/v2\/product_brand?post=2421"},{"taxonomy":"product_cat","embeddable":true,"href":"https:\/\/globe-europe.nl\/de\/wp-json\/wp\/v2\/product_cat?post=2421"},{"taxonomy":"product_tag","embeddable":true,"href":"https:\/\/globe-europe.nl\/de\/wp-json\/wp\/v2\/product_tag?post=2421"}],"curies":[{"name":"wp","href":"https:\/\/api.w.org\/{rel}","templated":true}]}}