{"id":257,"date":"2025-02-04T09:18:28","date_gmt":"2025-02-04T09:18:28","guid":{"rendered":"https:\/\/globe-europe.nl\/product\/eggenberg-automatische-lashelm-5-8-9-13-1-1-1-1\/"},"modified":"2025-11-21T08:17:12","modified_gmt":"2025-11-21T08:17:12","slug":"eggenberg-automatischer-schweisshelm-5-8-9-13-1-1-1-1","status":"publish","type":"product","link":"https:\/\/globe-europe.nl\/de\/product\/eggenberg-automatische-lashelm-5-8-9-13-1-1-1-1\/","title":{"rendered":"Eggenberg Automatik-Schwei\u00dferhelm 5-8\/9-13 1\/1\/1"},"content":{"rendered":"<p><strong>Eigenschaften Eggenberg Automatik-Schwei\u00dferhelm - 5-8\/9-13 - 1\/1\/1\/1<\/strong><\/p>\n<p>Der Eggenberg Automatik-Schwei\u00dferhelm - 5-8\/9-13 - 1\/1\/1\/1 verf\u00fcgt \u00fcber ein gro\u00dfes, automatisch verdunkelndes Fenster mit einer Sichtfl\u00e4che von 98\u00d788 mm und 4 unabh\u00e4ngigen ARC-Sensoren. Das intuitive Design und die gro\u00dfen Drucktasten erm\u00f6glichen eine einfache \u00c4nderung der Einstellungen.<br \/>\nDer Eggenberger Schwei\u00dferhelm eignet sich sehr gut f\u00fcr den industriellen Einsatz, z.B. in der allgemeinen Produktion, im Schiffbau, im Bauwesen und z.B. im Offshore-Bereich, wo h\u00e4ufig verschiedene Schwei\u00dfger\u00e4te wie MIG und WIG eingesetzt werden.<\/p>\n<ul>\n<li>Extra gro\u00dfer Sichtbereich - 98 \u00d7 88 mm<\/li>\n<li>Ausgezeichnete Passform und Komfort<\/li>\n<li>Stufenlose Farbsteuerung<\/li>\n<li>4 unabh\u00e4ngige ARC-Sensoren<\/li>\n<li>ADF-Test-Taste<\/li>\n<li>Batteriekontroll-LED<\/li>\n<li>Verdunkelung - DIN 5-8\/9-13<\/li>\n<li>UV\/IR-Schutzniveau - bis zu DIN16<\/li>\n<li>Vollautomatischer Ein\/Aus-Schalter<\/li>\n<li>Getrennte Schleif- und Schwei\u00dfposition<\/li>\n<li>Ausgestattet mit gepolstertem Kopfband<\/li>\n<\/ul>\n<p><strong>Technische Daten<\/strong><\/p>\n<ul>\n<li>Schaltzeit abgedunkelt bis ge\u00f6ffnet (sec): 0,2 sec (schnell) bis 1,0 sec (langsam)<\/li>\n<li>Optische Klasse - 1\/1\/1\/1<\/li>\n<li>Kassettengr\u00f6\u00dfe - 114 \u00d7 133 \u00d7 10 mm<\/li>\n<li>Stromversorgung - Solarzellen + austauschbare Lithium-Batterie<\/li>\n<li>UV\/IR-Schutz - DIN16<\/li>\n<li>Material - Nylon<\/li>\n<li>Gewicht - 495 g<\/li>\n<li>CE EN175 &amp; ANSI Z87.1, CSA Z94.3, EN379, AS \/ NZS<\/li>\n<\/ul>\n<p><strong>Umfang der Lieferung<\/strong><\/p>\n<ul>\n<li>Schutztasche mit Kordel<\/li>\n<li>3x Ersatz-Splashscreen - au\u00dfen<\/li>\n<li>2x Ersatzkotfl\u00fcgel - innen<\/li>\n<\/ul>","protected":false},"excerpt":{"rendered":"<p>Kenmerken Eggenberg Automatische lashelm &#8211; 5-8\/9-13 &#8211; 1\/1\/1\/1 De Eggenberg automatische lashelm &#8211; 5-8\/9-13 &#8211; 1\/1\/1\/1 is voorzien van een groot automatisch verduisterend venster met een zichtoppervlakte van 98\u00d788 mm en 4 onafhankelijken ARC sensoren. Het intu\u00eftieve ontwerp en de grote drukknoppen maken het mogelijk gemakkelijk instellingen te wijzigen. De Eggenberg lashelm is o.a. zeer [&hellip;]<\/p>\n","protected":false},"featured_media":256,"comment_status":"open","ping_status":"closed","template":"","meta":[],"product_brand":[22],"product_cat":[28,26],"product_tag":[],"class_list":{"0":"post-257","1":"product","2":"type-product","3":"status-publish","4":"has-post-thumbnail","6":"product_brand-eggenberg","7":"product_cat-lasbenodigdheden","8":"product_cat-lashelm","10":"first","11":"instock","12":"shipping-taxable","13":"product-type-simple"},"ct_brands":[{"id":22,"name":"EGGENBERG","slug":"eggenberg"}],"yoast_head":"<!-- This site is optimized with the Yoast SEO plugin v27.3 - https:\/\/yoast.com\/product\/yoast-seo-wordpress\/ -->\n<title>Eggenberg Automatische Lashelm 5-8\/9-13 | ARC Sensoren - Globe Europe<\/title>\n<meta name=\"description\" content=\"Eggenberg lashelm met 98\u00d788 mm zichtoppervlak, 4 ARC sensoren, traploze kleurregeling &amp; UV\/IR bescherming. Ideaal voor MIG\/TIG lassen &amp; industrie.\" \/>\n<meta name=\"robots\" content=\"index, follow, max-snippet:-1, max-image-preview:large, max-video-preview:-1\" \/>\n<link rel=\"canonical\" href=\"https:\/\/globe-europe.nl\/de\/produkt\/eggenberg-automatischer-schweisshelm-5-8-9-13-1-1-1-1\/\" \/>\n<meta property=\"og:locale\" content=\"de_DE\" \/>\n<meta property=\"og:type\" content=\"article\" \/>\n<meta property=\"og:title\" content=\"Eggenberg Automatische Lashelm 5-8\/9-13 | ARC Sensoren - Globe Europe\" \/>\n<meta property=\"og:description\" content=\"Eggenberg lashelm met 98\u00d788 mm zichtoppervlak, 4 ARC sensoren, traploze kleurregeling &amp; UV\/IR bescherming. Ideaal voor MIG\/TIG lassen &amp; industrie.\" \/>\n<meta property=\"og:url\" content=\"https:\/\/globe-europe.nl\/de\/produkt\/eggenberg-automatischer-schweisshelm-5-8-9-13-1-1-1-1\/\" \/>\n<meta property=\"og:site_name\" content=\"Globe Europe\" \/>\n<meta property=\"article:modified_time\" content=\"2025-11-21T08:17:12+00:00\" \/>\n<meta property=\"og:image\" content=\"https:\/\/globe-europe.nl\/wp-content\/uploads\/2025\/02\/EGGENBERG_LASHELM-6.png\" \/>\n\t<meta property=\"og:image:width\" content=\"700\" \/>\n\t<meta property=\"og:image:height\" content=\"700\" \/>\n\t<meta property=\"og:image:type\" content=\"image\/png\" \/>\n<meta name=\"twitter:card\" content=\"summary_large_image\" \/>\n<meta name=\"twitter:label1\" content=\"Gesch\u00e4tzte Lesezeit\" \/>\n\t<meta name=\"twitter:data1\" content=\"2\u00a0Minuten\" \/>\n<script type=\"application\/ld+json\" class=\"yoast-schema-graph\">{\"@context\":\"https:\\\/\\\/schema.org\",\"@graph\":[{\"@type\":\"WebPage\",\"@id\":\"https:\\\/\\\/globe-europe.nl\\\/product\\\/eggenberg-automatische-lashelm-5-8-9-13-1-1-1-1\\\/\",\"url\":\"https:\\\/\\\/globe-europe.nl\\\/product\\\/eggenberg-automatische-lashelm-5-8-9-13-1-1-1-1\\\/\",\"name\":\"Eggenberg Automatische Lashelm 5-8\\\/9-13 | ARC Sensoren - Globe Europe\",\"isPartOf\":{\"@id\":\"https:\\\/\\\/globe-europe.nl\\\/#website\"},\"primaryImageOfPage\":{\"@id\":\"https:\\\/\\\/globe-europe.nl\\\/product\\\/eggenberg-automatische-lashelm-5-8-9-13-1-1-1-1\\\/#primaryimage\"},\"image\":{\"@id\":\"https:\\\/\\\/globe-europe.nl\\\/product\\\/eggenberg-automatische-lashelm-5-8-9-13-1-1-1-1\\\/#primaryimage\"},\"thumbnailUrl\":\"https:\\\/\\\/globe-europe.nl\\\/wp-content\\\/uploads\\\/2025\\\/02\\\/EGGENBERG_LASHELM-6.png\",\"datePublished\":\"2025-02-04T09:18:28+00:00\",\"dateModified\":\"2025-11-21T08:17:12+00:00\",\"description\":\"Eggenberg lashelm met 98\u00d788 mm zichtoppervlak, 4 ARC sensoren, traploze kleurregeling & UV\\\/IR bescherming. Ideaal voor MIG\\\/TIG lassen & industrie.\",\"breadcrumb\":{\"@id\":\"https:\\\/\\\/globe-europe.nl\\\/product\\\/eggenberg-automatische-lashelm-5-8-9-13-1-1-1-1\\\/#breadcrumb\"},\"inLanguage\":\"de\",\"potentialAction\":[{\"@type\":\"ReadAction\",\"target\":[\"https:\\\/\\\/globe-europe.nl\\\/product\\\/eggenberg-automatische-lashelm-5-8-9-13-1-1-1-1\\\/\"]}]},{\"@type\":\"ImageObject\",\"inLanguage\":\"de\",\"@id\":\"https:\\\/\\\/globe-europe.nl\\\/product\\\/eggenberg-automatische-lashelm-5-8-9-13-1-1-1-1\\\/#primaryimage\",\"url\":\"https:\\\/\\\/globe-europe.nl\\\/wp-content\\\/uploads\\\/2025\\\/02\\\/EGGENBERG_LASHELM-6.png\",\"contentUrl\":\"https:\\\/\\\/globe-europe.nl\\\/wp-content\\\/uploads\\\/2025\\\/02\\\/EGGENBERG_LASHELM-6.png\",\"width\":700,\"height\":700},{\"@type\":\"BreadcrumbList\",\"@id\":\"https:\\\/\\\/globe-europe.nl\\\/product\\\/eggenberg-automatische-lashelm-5-8-9-13-1-1-1-1\\\/#breadcrumb\",\"itemListElement\":[{\"@type\":\"ListItem\",\"position\":1,\"name\":\"Home\",\"item\":\"https:\\\/\\\/globe-europe.nl\\\/\"},{\"@type\":\"ListItem\",\"position\":2,\"name\":\"Winkel\",\"item\":\"https:\\\/\\\/globe-europe.nl\\\/winkel\\\/\"},{\"@type\":\"ListItem\",\"position\":3,\"name\":\"Eggenberg Automatische lashelm 5-8\\\/9-13 1\\\/1\\\/1\\\/1\"}]},{\"@type\":\"WebSite\",\"@id\":\"https:\\\/\\\/globe-europe.nl\\\/#website\",\"url\":\"https:\\\/\\\/globe-europe.nl\\\/\",\"name\":\"Globe Europe\",\"description\":\"\",\"publisher\":{\"@id\":\"https:\\\/\\\/globe-europe.nl\\\/#organization\"},\"potentialAction\":[{\"@type\":\"SearchAction\",\"target\":{\"@type\":\"EntryPoint\",\"urlTemplate\":\"https:\\\/\\\/globe-europe.nl\\\/?s={search_term_string}\"},\"query-input\":{\"@type\":\"PropertyValueSpecification\",\"valueRequired\":true,\"valueName\":\"search_term_string\"}}],\"inLanguage\":\"de\"},{\"@type\":\"Organization\",\"@id\":\"https:\\\/\\\/globe-europe.nl\\\/#organization\",\"name\":\"Globe Europe\",\"url\":\"https:\\\/\\\/globe-europe.nl\\\/\",\"logo\":{\"@type\":\"ImageObject\",\"inLanguage\":\"de\",\"@id\":\"https:\\\/\\\/globe-europe.nl\\\/#\\\/schema\\\/logo\\\/image\\\/\",\"url\":\"https:\\\/\\\/globe-europe.nl\\\/wp-content\\\/uploads\\\/2025\\\/02\\\/GLOBE-LOGO-WEB-GROOT.png\",\"contentUrl\":\"https:\\\/\\\/globe-europe.nl\\\/wp-content\\\/uploads\\\/2025\\\/02\\\/GLOBE-LOGO-WEB-GROOT.png\",\"width\":938,\"height\":404,\"caption\":\"Globe Europe\"},\"image\":{\"@id\":\"https:\\\/\\\/globe-europe.nl\\\/#\\\/schema\\\/logo\\\/image\\\/\"}}]}<\/script>\n<!-- \/ Yoast SEO plugin. -->","yoast_head_json":{"title":"Eggenberg Automatik-Schwei\u00dferhelm 5-8\/9-13 | ARC Sensoren - Globe Europe","description":"Eggenberg Schwei\u00dferhelm mit 98\u00d788 mm Sichtfeld, 4 ARC-Sensoren, stufenlose Farbsteuerung &amp; UV\/IR-Schutz. Ideal f\u00fcr MIG\/TIG-Schwei\u00dfen &amp; Industrie.","robots":{"index":"index","follow":"follow","max-snippet":"max-snippet:-1","max-image-preview":"max-image-preview:large","max-video-preview":"max-video-preview:-1"},"canonical":"https:\/\/globe-europe.nl\/de\/produkt\/eggenberg-automatischer-schweisshelm-5-8-9-13-1-1-1-1\/","og_locale":"de_DE","og_type":"article","og_title":"Eggenberg Automatische Lashelm 5-8\/9-13 | ARC Sensoren - Globe Europe","og_description":"Eggenberg lashelm met 98\u00d788 mm zichtoppervlak, 4 ARC sensoren, traploze kleurregeling & UV\/IR bescherming. Ideaal voor MIG\/TIG lassen & industrie.","og_url":"https:\/\/globe-europe.nl\/de\/produkt\/eggenberg-automatischer-schweisshelm-5-8-9-13-1-1-1-1\/","og_site_name":"Globe Europe","article_modified_time":"2025-11-21T08:17:12+00:00","og_image":[{"width":700,"height":700,"url":"https:\/\/globe-europe.nl\/wp-content\/uploads\/2025\/02\/EGGENBERG_LASHELM-6.png","type":"image\/png"}],"twitter_card":"summary_large_image","twitter_misc":{"Gesch\u00e4tzte Lesezeit":"2\u00a0Minuten"},"schema":{"@context":"https:\/\/schema.org","@graph":[{"@type":"WebPage","@id":"https:\/\/globe-europe.nl\/product\/eggenberg-automatische-lashelm-5-8-9-13-1-1-1-1\/","url":"https:\/\/globe-europe.nl\/product\/eggenberg-automatische-lashelm-5-8-9-13-1-1-1-1\/","name":"Eggenberg Automatik-Schwei\u00dferhelm 5-8\/9-13 | ARC Sensoren - Globe Europe","isPartOf":{"@id":"https:\/\/globe-europe.nl\/#website"},"primaryImageOfPage":{"@id":"https:\/\/globe-europe.nl\/product\/eggenberg-automatische-lashelm-5-8-9-13-1-1-1-1\/#primaryimage"},"image":{"@id":"https:\/\/globe-europe.nl\/product\/eggenberg-automatische-lashelm-5-8-9-13-1-1-1-1\/#primaryimage"},"thumbnailUrl":"https:\/\/globe-europe.nl\/wp-content\/uploads\/2025\/02\/EGGENBERG_LASHELM-6.png","datePublished":"2025-02-04T09:18:28+00:00","dateModified":"2025-11-21T08:17:12+00:00","description":"Eggenberg Schwei\u00dferhelm mit 98\u00d788 mm Sichtfeld, 4 ARC-Sensoren, stufenlose Farbsteuerung &amp; UV\/IR-Schutz. Ideal f\u00fcr MIG\/TIG-Schwei\u00dfen &amp; Industrie.","breadcrumb":{"@id":"https:\/\/globe-europe.nl\/product\/eggenberg-automatische-lashelm-5-8-9-13-1-1-1-1\/#breadcrumb"},"inLanguage":"de","potentialAction":[{"@type":"ReadAction","target":["https:\/\/globe-europe.nl\/product\/eggenberg-automatische-lashelm-5-8-9-13-1-1-1-1\/"]}]},{"@type":"ImageObject","inLanguage":"de","@id":"https:\/\/globe-europe.nl\/product\/eggenberg-automatische-lashelm-5-8-9-13-1-1-1-1\/#primaryimage","url":"https:\/\/globe-europe.nl\/wp-content\/uploads\/2025\/02\/EGGENBERG_LASHELM-6.png","contentUrl":"https:\/\/globe-europe.nl\/wp-content\/uploads\/2025\/02\/EGGENBERG_LASHELM-6.png","width":700,"height":700},{"@type":"BreadcrumbList","@id":"https:\/\/globe-europe.nl\/product\/eggenberg-automatische-lashelm-5-8-9-13-1-1-1-1\/#breadcrumb","itemListElement":[{"@type":"ListItem","position":1,"name":"Home","item":"https:\/\/globe-europe.nl\/"},{"@type":"ListItem","position":2,"name":"Winkel","item":"https:\/\/globe-europe.nl\/winkel\/"},{"@type":"ListItem","position":3,"name":"Eggenberg Automatische lashelm 5-8\/9-13 1\/1\/1\/1"}]},{"@type":"WebSite","@id":"https:\/\/globe-europe.nl\/#website","url":"https:\/\/globe-europe.nl\/","name":"Globe Europe","description":"","publisher":{"@id":"https:\/\/globe-europe.nl\/#organization"},"potentialAction":[{"@type":"SearchAction","target":{"@type":"EntryPoint","urlTemplate":"https:\/\/globe-europe.nl\/?s={search_term_string}"},"query-input":{"@type":"PropertyValueSpecification","valueRequired":true,"valueName":"search_term_string"}}],"inLanguage":"de"},{"@type":"Organization","@id":"https:\/\/globe-europe.nl\/#organization","name":"Globe Europe","url":"https:\/\/globe-europe.nl\/","logo":{"@type":"ImageObject","inLanguage":"de","@id":"https:\/\/globe-europe.nl\/#\/schema\/logo\/image\/","url":"https:\/\/globe-europe.nl\/wp-content\/uploads\/2025\/02\/GLOBE-LOGO-WEB-GROOT.png","contentUrl":"https:\/\/globe-europe.nl\/wp-content\/uploads\/2025\/02\/GLOBE-LOGO-WEB-GROOT.png","width":938,"height":404,"caption":"Globe Europe"},"image":{"@id":"https:\/\/globe-europe.nl\/#\/schema\/logo\/image\/"}}]}},"_links":{"self":[{"href":"https:\/\/globe-europe.nl\/de\/wp-json\/wp\/v2\/product\/257","targetHints":{"allow":["GET"]}}],"collection":[{"href":"https:\/\/globe-europe.nl\/de\/wp-json\/wp\/v2\/product"}],"about":[{"href":"https:\/\/globe-europe.nl\/de\/wp-json\/wp\/v2\/types\/product"}],"replies":[{"embeddable":true,"href":"https:\/\/globe-europe.nl\/de\/wp-json\/wp\/v2\/comments?post=257"}],"wp:featuredmedia":[{"embeddable":true,"href":"https:\/\/globe-europe.nl\/de\/wp-json\/wp\/v2\/media\/256"}],"wp:attachment":[{"href":"https:\/\/globe-europe.nl\/de\/wp-json\/wp\/v2\/media?parent=257"}],"wp:term":[{"taxonomy":"product_brand","embeddable":true,"href":"https:\/\/globe-europe.nl\/de\/wp-json\/wp\/v2\/product_brand?post=257"},{"taxonomy":"product_cat","embeddable":true,"href":"https:\/\/globe-europe.nl\/de\/wp-json\/wp\/v2\/product_cat?post=257"},{"taxonomy":"product_tag","embeddable":true,"href":"https:\/\/globe-europe.nl\/de\/wp-json\/wp\/v2\/product_tag?post=257"}],"curies":[{"name":"wp","href":"https:\/\/api.w.org\/{rel}","templated":true}]}}