{"id":274,"date":"2025-02-04T09:18:58","date_gmt":"2025-02-04T09:18:58","guid":{"rendered":"https:\/\/globe-europe.nl\/product\/eggenberg-mma100-mini-inverter-climax-lashelm-elektroden-25-mm-starterkit\/"},"modified":"2026-02-27T10:24:53","modified_gmt":"2026-02-27T10:24:53","slug":"eggenberg-mma100-mini-inverter-climax-schweisshelm-elektroden-2-5mm-starterkit","status":"publish","type":"product","link":"https:\/\/globe-europe.nl\/de\/product\/eggenberg-mma100-mini-inverter-climax-lashelm-elektroden-25-mm-starterkit\/","title":{"rendered":"Eggenberg MMA100 Mini-Inverter + Climax Schweisshelm + Elektroden 2.5 mm | STARTERKIT"},"content":{"rendered":"<p><strong>Eigenschaften Eggenberg MMA100 Mini Inverter + Climax Schwei\u00dfhelm + Elektroden 2,5 mm | STARTERKIT<\/strong><\/p>\n<ul>\n<li>Starterset mit idealem Eggenberg Mini-Schwei\u00dfinverter f\u00fcr den Einsteiger \/ Nicht-Profi, Climax 420 Automatik-Schwei\u00dfhelm und 10 St\u00fcck Ceweld-Elektroden 6013 S 2,5 x 350 mm<\/li>\n<li>Praktischer Einsatz durch moderne Funktionen, die die Arbeit schnell, einfach und sicher machen<\/li>\n<li>F\u00fcr die Installation und Wartung von T\u00fcren, Toren, Treppen, Gel\u00e4ndern<\/li>\n<li>Das MMA-Ger\u00e4t schwei\u00dft Materialien wie Stahl, Eisen, Gusseisen, Nickel oder Kupfer zusammen<\/li>\n<li>Der Schwei\u00dfstrom kann \u00fcber einen Regler stufenlos bis zu 100A eingestellt werden, wobei die entsprechenden Parameter auf dem LED-Display angezeigt werden<\/li>\n<li>Seine geringe Gr\u00f6\u00dfe macht ihn ideal f\u00fcr Wartungsarbeiten an schwer zug\u00e4nglichen Stellen<\/li>\n<li>Der Preisunterschied zwischen diesem Starterset und dem Starterset mit einem Eggenberg Schwei\u00dfhelm liegt im Qualit\u00e4tsunterschied des Schwei\u00dfhelms, der Eggenberg Schwei\u00dfhelm ist von besserer Qualit\u00e4t als der Climax Schwei\u00dfhelm<\/li>\n<\/ul>\n<p><strong>Eigenschaften<\/strong><\/p>\n<ul>\n<li>Ein\/Aus-Schalter<\/li>\n<li>MMA-Anschluss<\/li>\n<li>Stromst\u00e4rke (A)<\/li>\n<li>Hot-Start-Funktion<\/li>\n<li>\u00dcberhitzungsanzeige<\/li>\n<li>Display mit Stromanzeige<\/li>\n<li>L\u00fcfter f\u00fcr optimale K\u00fchlung<\/li>\n<li>Elektrodenhalter<\/li>\n<li>Erdungsklemme<\/li>\n<\/ul>\n<p><strong>Technische Daten<\/strong><\/p>\n<ul>\n<li>1-phasige Netzspannung - 220V<\/li>\n<li>Frequenz - 50\/60 Hz<\/li>\n<li>Sicherung - 25 A<\/li>\n<li>Leerlaufspannung - 60 V<\/li>\n<li>Schwei\u00dfstrombereich - 100A<\/li>\n<li>Leistungsaufnahme - 27,2 V<\/li>\n<li>Einschaltdauer 100A - 60%<\/li>\n<li>Wirkungsgrad - 85%<\/li>\n<li>Stromfaktor - 0,93<\/li>\n<li>Isolationsklasse - F<\/li>\n<li>Schutzart - IP21<\/li>\n<li>Max. Elektrode - 2,5 mm<\/li>\n<li>Gewicht - 3 kg<\/li>\n<\/ul>\n<p><strong>Umfang der Lieferung<\/strong><\/p>\n<ul>\n<li>Eggenberg MMA100 Mini-Wechselrichter-Set - 100A\n<ul>\n<li>Elektrodenhalter<\/li>\n<li>Erdungsklemme<\/li>\n<li>B\u00fcrste<\/li>\n<li>Trageriemen<\/li>\n<\/ul>\n<\/li>\n<li>Climax 420 Automatik-Schwei\u00dferhelm<\/li>\n<li>10 St\u00fcck Ceweld-Elektroden 6013 S 2,5 x 350 mm<\/li>\n<\/ul>","protected":false},"excerpt":{"rendered":"<p>Kenmerken Eggenberg MMA100 Mini Inverter + Climax Lashelm + Elektroden 2,5 mm | STARTERKIT Starterkit met ideale Eggenberg mini lasinverter voor de instapper \/ non-professional, Climax 420 Automatische Lashelm en 10 stuks Ceweld electroden 6013 S 2,5 x 350 mm Praktisch gebruik door moderne eigenschappen, waardoor het werk snel, gemakkelijke en veilig gedaan wordt Voor [&hellip;]<\/p>\n","protected":false},"featured_media":273,"comment_status":"open","ping_status":"closed","template":"","meta":[],"product_brand":[22],"product_cat":[36,27,26],"product_tag":[],"class_list":{"0":"post-274","1":"product","2":"type-product","3":"status-publish","4":"has-post-thumbnail","6":"product_brand-eggenberg","7":"product_cat-inverter-lasapparaat","8":"product_cat-lasapparaat","9":"product_cat-lashelm","11":"first","12":"instock","13":"shipping-taxable","14":"product-type-simple"},"ct_brands":[{"id":22,"name":"EGGENBERG","slug":"eggenberg"}],"yoast_head":"<!-- This site is optimized with the Yoast SEO plugin v27.6 - https:\/\/yoast.com\/product\/yoast-seo-wordpress\/ -->\n<title>Eggenberg MMA100 Mini Inverter Starterkit | Lashelm &amp; Elektroden - Globe Europe<\/title>\n<meta name=\"description\" content=\"Complete starterkit met Eggenberg MMA100 Mini Inverter, Climax 420 lashelm &amp; 10 elektroden. Ideaal voor onderhoudswerkzaamheden en lassen van staal en RVS.\" \/>\n<meta name=\"robots\" content=\"index, follow, max-snippet:-1, max-image-preview:large, max-video-preview:-1\" \/>\n<link rel=\"canonical\" href=\"https:\/\/globe-europe.nl\/de\/produkt\/eggenberg-mma100-mini-inverter-climax-schweisshelm-elektroden-2-5mm-starterkit\/\" \/>\n<meta property=\"og:locale\" content=\"de_DE\" \/>\n<meta property=\"og:type\" content=\"article\" \/>\n<meta property=\"og:title\" content=\"Eggenberg MMA100 Mini Inverter Starterkit | Lashelm &amp; Elektroden - Globe Europe\" \/>\n<meta property=\"og:description\" content=\"Complete starterkit met Eggenberg MMA100 Mini Inverter, Climax 420 lashelm &amp; 10 elektroden. Ideaal voor onderhoudswerkzaamheden en lassen van staal en RVS.\" \/>\n<meta property=\"og:url\" content=\"https:\/\/globe-europe.nl\/de\/produkt\/eggenberg-mma100-mini-inverter-climax-schweisshelm-elektroden-2-5mm-starterkit\/\" \/>\n<meta property=\"og:site_name\" content=\"Globe Europe\" \/>\n<meta property=\"article:modified_time\" content=\"2026-02-27T10:24:53+00:00\" \/>\n<meta property=\"og:image\" content=\"https:\/\/globe-europe.nl\/wp-content\/uploads\/2025\/02\/Untitled-133.png\" \/>\n\t<meta property=\"og:image:width\" content=\"700\" \/>\n\t<meta property=\"og:image:height\" content=\"700\" \/>\n\t<meta property=\"og:image:type\" content=\"image\/png\" \/>\n<meta name=\"twitter:card\" content=\"summary_large_image\" \/>\n<meta name=\"twitter:label1\" content=\"Gesch\u00e4tzte Lesezeit\" \/>\n\t<meta name=\"twitter:data1\" content=\"2\u00a0Minuten\" \/>\n<script type=\"application\/ld+json\" class=\"yoast-schema-graph\">{\"@context\":\"https:\\\/\\\/schema.org\",\"@graph\":[{\"@type\":\"WebPage\",\"@id\":\"https:\\\/\\\/globe-europe.nl\\\/product\\\/eggenberg-mma100-mini-inverter-climax-lashelm-elektroden-25-mm-starterkit\\\/\",\"url\":\"https:\\\/\\\/globe-europe.nl\\\/product\\\/eggenberg-mma100-mini-inverter-climax-lashelm-elektroden-25-mm-starterkit\\\/\",\"name\":\"Eggenberg MMA100 Mini Inverter Starterkit | Lashelm & Elektroden - Globe Europe\",\"isPartOf\":{\"@id\":\"https:\\\/\\\/globe-europe.nl\\\/#website\"},\"primaryImageOfPage\":{\"@id\":\"https:\\\/\\\/globe-europe.nl\\\/product\\\/eggenberg-mma100-mini-inverter-climax-lashelm-elektroden-25-mm-starterkit\\\/#primaryimage\"},\"image\":{\"@id\":\"https:\\\/\\\/globe-europe.nl\\\/product\\\/eggenberg-mma100-mini-inverter-climax-lashelm-elektroden-25-mm-starterkit\\\/#primaryimage\"},\"thumbnailUrl\":\"https:\\\/\\\/globe-europe.nl\\\/wp-content\\\/uploads\\\/2025\\\/02\\\/Untitled-133.png\",\"datePublished\":\"2025-02-04T09:18:58+00:00\",\"dateModified\":\"2026-02-27T10:24:53+00:00\",\"description\":\"Complete starterkit met Eggenberg MMA100 Mini Inverter, Climax 420 lashelm & 10 elektroden. Ideaal voor onderhoudswerkzaamheden en lassen van staal en RVS.\",\"breadcrumb\":{\"@id\":\"https:\\\/\\\/globe-europe.nl\\\/product\\\/eggenberg-mma100-mini-inverter-climax-lashelm-elektroden-25-mm-starterkit\\\/#breadcrumb\"},\"inLanguage\":\"de\",\"potentialAction\":[{\"@type\":\"ReadAction\",\"target\":[\"https:\\\/\\\/globe-europe.nl\\\/product\\\/eggenberg-mma100-mini-inverter-climax-lashelm-elektroden-25-mm-starterkit\\\/\"]}]},{\"@type\":\"ImageObject\",\"inLanguage\":\"de\",\"@id\":\"https:\\\/\\\/globe-europe.nl\\\/product\\\/eggenberg-mma100-mini-inverter-climax-lashelm-elektroden-25-mm-starterkit\\\/#primaryimage\",\"url\":\"https:\\\/\\\/globe-europe.nl\\\/wp-content\\\/uploads\\\/2025\\\/02\\\/Untitled-133.png\",\"contentUrl\":\"https:\\\/\\\/globe-europe.nl\\\/wp-content\\\/uploads\\\/2025\\\/02\\\/Untitled-133.png\",\"width\":700,\"height\":700},{\"@type\":\"BreadcrumbList\",\"@id\":\"https:\\\/\\\/globe-europe.nl\\\/product\\\/eggenberg-mma100-mini-inverter-climax-lashelm-elektroden-25-mm-starterkit\\\/#breadcrumb\",\"itemListElement\":[{\"@type\":\"ListItem\",\"position\":1,\"name\":\"Home\",\"item\":\"https:\\\/\\\/globe-europe.nl\\\/\"},{\"@type\":\"ListItem\",\"position\":2,\"name\":\"Winkel\",\"item\":\"https:\\\/\\\/globe-europe.nl\\\/winkel\\\/\"},{\"@type\":\"ListItem\",\"position\":3,\"name\":\"Eggenberg MMA100 Mini Inverter + Climax Lashelm + Elektroden 2,5 mm | STARTERKIT\"}]},{\"@type\":\"WebSite\",\"@id\":\"https:\\\/\\\/globe-europe.nl\\\/#website\",\"url\":\"https:\\\/\\\/globe-europe.nl\\\/\",\"name\":\"Globe Europe\",\"description\":\"\",\"publisher\":{\"@id\":\"https:\\\/\\\/globe-europe.nl\\\/#organization\"},\"potentialAction\":[{\"@type\":\"SearchAction\",\"target\":{\"@type\":\"EntryPoint\",\"urlTemplate\":\"https:\\\/\\\/globe-europe.nl\\\/?s={search_term_string}\"},\"query-input\":{\"@type\":\"PropertyValueSpecification\",\"valueRequired\":true,\"valueName\":\"search_term_string\"}}],\"inLanguage\":\"de\"},{\"@type\":\"Organization\",\"@id\":\"https:\\\/\\\/globe-europe.nl\\\/#organization\",\"name\":\"Globe Europe\",\"url\":\"https:\\\/\\\/globe-europe.nl\\\/\",\"logo\":{\"@type\":\"ImageObject\",\"inLanguage\":\"de\",\"@id\":\"https:\\\/\\\/globe-europe.nl\\\/#\\\/schema\\\/logo\\\/image\\\/\",\"url\":\"https:\\\/\\\/globe-europe.nl\\\/wp-content\\\/uploads\\\/2025\\\/02\\\/GLOBE-LOGO-WEB-GROOT.png\",\"contentUrl\":\"https:\\\/\\\/globe-europe.nl\\\/wp-content\\\/uploads\\\/2025\\\/02\\\/GLOBE-LOGO-WEB-GROOT.png\",\"width\":938,\"height\":404,\"caption\":\"Globe Europe\"},\"image\":{\"@id\":\"https:\\\/\\\/globe-europe.nl\\\/#\\\/schema\\\/logo\\\/image\\\/\"}}]}<\/script>\n<!-- \/ Yoast SEO plugin. -->","yoast_head_json":{"title":"Eggenberg MMA100 Mini Inverter Starter Kit | Schweisshelm &amp; Elektroden - Globe Europe","description":"Komplettes Starterset mit Eggenberg MMA100 Mini Inverter, Climax 420 Schwei\u00dfhelm &amp; 10 Elektroden. Ideal f\u00fcr Wartungsarbeiten und zum Schwei\u00dfen von Stahl und Edelstahl.","robots":{"index":"index","follow":"follow","max-snippet":"max-snippet:-1","max-image-preview":"max-image-preview:large","max-video-preview":"max-video-preview:-1"},"canonical":"https:\/\/globe-europe.nl\/de\/produkt\/eggenberg-mma100-mini-inverter-climax-schweisshelm-elektroden-2-5mm-starterkit\/","og_locale":"de_DE","og_type":"article","og_title":"Eggenberg MMA100 Mini Inverter Starterkit | Lashelm & Elektroden - Globe Europe","og_description":"Complete starterkit met Eggenberg MMA100 Mini Inverter, Climax 420 lashelm & 10 elektroden. Ideaal voor onderhoudswerkzaamheden en lassen van staal en RVS.","og_url":"https:\/\/globe-europe.nl\/de\/produkt\/eggenberg-mma100-mini-inverter-climax-schweisshelm-elektroden-2-5mm-starterkit\/","og_site_name":"Globe Europe","article_modified_time":"2026-02-27T10:24:53+00:00","og_image":[{"width":700,"height":700,"url":"https:\/\/globe-europe.nl\/wp-content\/uploads\/2025\/02\/Untitled-133.png","type":"image\/png"}],"twitter_card":"summary_large_image","twitter_misc":{"Gesch\u00e4tzte Lesezeit":"2\u00a0Minuten"},"schema":{"@context":"https:\/\/schema.org","@graph":[{"@type":"WebPage","@id":"https:\/\/globe-europe.nl\/product\/eggenberg-mma100-mini-inverter-climax-lashelm-elektroden-25-mm-starterkit\/","url":"https:\/\/globe-europe.nl\/product\/eggenberg-mma100-mini-inverter-climax-lashelm-elektroden-25-mm-starterkit\/","name":"Eggenberg MMA100 Mini Inverter Starter Kit | Schweisshelm &amp; Elektroden - Globe Europe","isPartOf":{"@id":"https:\/\/globe-europe.nl\/#website"},"primaryImageOfPage":{"@id":"https:\/\/globe-europe.nl\/product\/eggenberg-mma100-mini-inverter-climax-lashelm-elektroden-25-mm-starterkit\/#primaryimage"},"image":{"@id":"https:\/\/globe-europe.nl\/product\/eggenberg-mma100-mini-inverter-climax-lashelm-elektroden-25-mm-starterkit\/#primaryimage"},"thumbnailUrl":"https:\/\/globe-europe.nl\/wp-content\/uploads\/2025\/02\/Untitled-133.png","datePublished":"2025-02-04T09:18:58+00:00","dateModified":"2026-02-27T10:24:53+00:00","description":"Komplettes Starterset mit Eggenberg MMA100 Mini Inverter, Climax 420 Schwei\u00dfhelm &amp; 10 Elektroden. Ideal f\u00fcr Wartungsarbeiten und zum Schwei\u00dfen von Stahl und Edelstahl.","breadcrumb":{"@id":"https:\/\/globe-europe.nl\/product\/eggenberg-mma100-mini-inverter-climax-lashelm-elektroden-25-mm-starterkit\/#breadcrumb"},"inLanguage":"de","potentialAction":[{"@type":"ReadAction","target":["https:\/\/globe-europe.nl\/product\/eggenberg-mma100-mini-inverter-climax-lashelm-elektroden-25-mm-starterkit\/"]}]},{"@type":"ImageObject","inLanguage":"de","@id":"https:\/\/globe-europe.nl\/product\/eggenberg-mma100-mini-inverter-climax-lashelm-elektroden-25-mm-starterkit\/#primaryimage","url":"https:\/\/globe-europe.nl\/wp-content\/uploads\/2025\/02\/Untitled-133.png","contentUrl":"https:\/\/globe-europe.nl\/wp-content\/uploads\/2025\/02\/Untitled-133.png","width":700,"height":700},{"@type":"BreadcrumbList","@id":"https:\/\/globe-europe.nl\/product\/eggenberg-mma100-mini-inverter-climax-lashelm-elektroden-25-mm-starterkit\/#breadcrumb","itemListElement":[{"@type":"ListItem","position":1,"name":"Home","item":"https:\/\/globe-europe.nl\/"},{"@type":"ListItem","position":2,"name":"Winkel","item":"https:\/\/globe-europe.nl\/winkel\/"},{"@type":"ListItem","position":3,"name":"Eggenberg MMA100 Mini Inverter + Climax Lashelm + Elektroden 2,5 mm | STARTERKIT"}]},{"@type":"WebSite","@id":"https:\/\/globe-europe.nl\/#website","url":"https:\/\/globe-europe.nl\/","name":"Globe Europe","description":"","publisher":{"@id":"https:\/\/globe-europe.nl\/#organization"},"potentialAction":[{"@type":"SearchAction","target":{"@type":"EntryPoint","urlTemplate":"https:\/\/globe-europe.nl\/?s={search_term_string}"},"query-input":{"@type":"PropertyValueSpecification","valueRequired":true,"valueName":"search_term_string"}}],"inLanguage":"de"},{"@type":"Organization","@id":"https:\/\/globe-europe.nl\/#organization","name":"Globe Europe","url":"https:\/\/globe-europe.nl\/","logo":{"@type":"ImageObject","inLanguage":"de","@id":"https:\/\/globe-europe.nl\/#\/schema\/logo\/image\/","url":"https:\/\/globe-europe.nl\/wp-content\/uploads\/2025\/02\/GLOBE-LOGO-WEB-GROOT.png","contentUrl":"https:\/\/globe-europe.nl\/wp-content\/uploads\/2025\/02\/GLOBE-LOGO-WEB-GROOT.png","width":938,"height":404,"caption":"Globe Europe"},"image":{"@id":"https:\/\/globe-europe.nl\/#\/schema\/logo\/image\/"}}]}},"_links":{"self":[{"href":"https:\/\/globe-europe.nl\/de\/wp-json\/wp\/v2\/product\/274","targetHints":{"allow":["GET"]}}],"collection":[{"href":"https:\/\/globe-europe.nl\/de\/wp-json\/wp\/v2\/product"}],"about":[{"href":"https:\/\/globe-europe.nl\/de\/wp-json\/wp\/v2\/types\/product"}],"replies":[{"embeddable":true,"href":"https:\/\/globe-europe.nl\/de\/wp-json\/wp\/v2\/comments?post=274"}],"wp:featuredmedia":[{"embeddable":true,"href":"https:\/\/globe-europe.nl\/de\/wp-json\/wp\/v2\/media\/273"}],"wp:attachment":[{"href":"https:\/\/globe-europe.nl\/de\/wp-json\/wp\/v2\/media?parent=274"}],"wp:term":[{"taxonomy":"product_brand","embeddable":true,"href":"https:\/\/globe-europe.nl\/de\/wp-json\/wp\/v2\/product_brand?post=274"},{"taxonomy":"product_cat","embeddable":true,"href":"https:\/\/globe-europe.nl\/de\/wp-json\/wp\/v2\/product_cat?post=274"},{"taxonomy":"product_tag","embeddable":true,"href":"https:\/\/globe-europe.nl\/de\/wp-json\/wp\/v2\/product_tag?post=274"}],"curies":[{"name":"wp","href":"https:\/\/api.w.org\/{rel}","templated":true}]}}