{"id":2999,"date":"2025-08-26T07:36:29","date_gmt":"2025-08-26T07:36:29","guid":{"rendered":"https:\/\/globe-europe.nl\/?post_type=product&#038;p=2999"},"modified":"2025-08-26T07:36:57","modified_gmt":"2025-08-26T07:36:57","slug":"eggenberg-rollenbahn-mit-langenanschlag-1m-2m-3m","status":"publish","type":"product","link":"https:\/\/globe-europe.nl\/de\/product\/eggenberg-rollenbaan-met-lengteaanslag-1m-2m-3m\/","title":{"rendered":"Eggenberg Rollenbahn mit L\u00e4ngenanschlag - 1m \/ 2m \/ 3m"},"content":{"rendered":"<h2>Eggenberg Rollenbahn mit L\u00e4ngenanschlag - 1m \/ 2m \/ 3m<\/h2>\n<p data-start=\"386\" data-end=\"684\">Die Eggenberg Rollenbahn mit L\u00e4ngenanschlag ist so konzipiert, dass sie das Arbeiten mit langen und schweren Werkst\u00fccken wesentlich erleichtert und pr\u00e4ziser macht. Sie k\u00f6nnen die Rollenbahn flexibel vor oder hinter der Bands\u00e4gemaschine positionieren und sorgen so f\u00fcr einen reibungslosen Vorschub und sicheren Abtransport Ihrer Werkst\u00fccke.<\/p>\n<p data-start=\"686\" data-end=\"1023\">Der verstellbare Materialanschlag kann je nach Bedarf nach links oder rechts geklappt und verwendet werden. Da er sich auch leicht verschieben l\u00e4sst, k\u00f6nnen Sie Ihre Arbeit genau so positionieren, wie Sie es w\u00fcnschen. Dabei sorgen das stabile U-Profil und die massiven, verzinkten Stahlrollen f\u00fcr einen sicheren Halt und einen reibungslosen Materialtransport. Dar\u00fcber hinaus ist die Rollenbahn stufenlos h\u00f6henverstellbar und kann mit Stahlstellf\u00fc\u00dfen fest fixiert werden, so dass Sie immer einen stabilen Arbeitsplatz vorfinden. Und wollen Sie mehr L\u00e4nge schaffen? Dann verbinden Sie einfach mehrere Rollenbahnen miteinander. So k\u00f6nnen Sie Ihren Arbeitsbereich so gro\u00df machen, wie Sie ihn brauchen.<\/p>\n<p data-start=\"1325\" data-end=\"1489\"><em>Ob Sie mit <a href=\"https:\/\/globe-europe.nl\/de\/produkt-kategorie\/maschinen\/bandsagemaschine\/\"><strong>Eggenberg Bands\u00e4gen<\/strong><\/a> oder in Verbindung mit anderen Schneid- und Bearbeitungsmaschinen bieten Ihnen diese Rollenbahnen Stabilit\u00e4t, Pr\u00e4zision und Flexibilit\u00e4t in einem.<\/em><\/p>\n<h3 data-start=\"2138\" data-end=\"2173\"><strong data-start=\"2142\" data-end=\"2171\">Spezifikationen pro Variante<\/strong><\/h3>\n<div class=\"_tableContainer_sk2ct_1\">\n<div class=\"_tableWrapper_sk2ct_13 group flex w-fit flex-col-reverse\" tabindex=\"-1\">\n<table class=\"w-fit min-w-(--thread-content-width)\" data-start=\"2175\" data-end=\"2806\">\n<thead data-start=\"2175\" data-end=\"2304\">\n<tr data-start=\"2175\" data-end=\"2304\">\n<th data-start=\"2175\" data-end=\"2185\" data-col-size=\"md\">Variante<\/th>\n<th data-start=\"2185\" data-end=\"2198\" data-col-size=\"sm\">L\u00e4nge der Start- und Landebahn<\/th>\n<th data-start=\"2198\" data-end=\"2214\" data-col-size=\"sm\">Breite der Rolle<\/th>\n<th data-start=\"2214\" data-end=\"2231\" data-col-size=\"sm\">Durchmesser der Rolle<\/th>\n<th data-start=\"2231\" data-end=\"2251\" data-col-size=\"sm\">H\u00f6henverstellung<\/th>\n<th data-start=\"2251\" data-end=\"2273\" data-col-size=\"sm\">Tragf\u00e4higkeit max.<\/th>\n<th data-start=\"2273\" data-end=\"2293\" data-col-size=\"sm\">Durchmesser des Standrohrs<\/th>\n<th data-start=\"2293\" data-end=\"2304\" data-col-size=\"sm\">Gewicht<\/th>\n<\/tr>\n<\/thead>\n<tbody data-start=\"2436\" data-end=\"2806\">\n<tr data-start=\"2436\" data-end=\"2558\">\n<td data-start=\"2436\" data-end=\"2485\" data-col-size=\"md\"><strong data-start=\"2438\" data-end=\"2484\">Eggenberg Rollenbahn mit L\u00e4ngenanschlag 1 m<\/strong><\/td>\n<td data-col-size=\"sm\" data-start=\"2485\" data-end=\"2495\">1000 mm<\/td>\n<td data-col-size=\"sm\" data-start=\"2495\" data-end=\"2504\">360 mm<\/td>\n<td data-col-size=\"sm\" data-start=\"2504\" data-end=\"2512\">60 mm<\/td>\n<td data-col-size=\"sm\" data-start=\"2512\" data-end=\"2528\">620 - 1055 mm<\/td>\n<td data-col-size=\"sm\" data-start=\"2528\" data-end=\"2537\">500 kg<\/td>\n<td data-col-size=\"sm\" data-start=\"2537\" data-end=\"2545\">50 mm<\/td>\n<td data-col-size=\"sm\" data-start=\"2545\" data-end=\"2558\">ca. 42 kg<\/td>\n<\/tr>\n<tr data-start=\"2559\" data-end=\"2681\">\n<td data-start=\"2559\" data-end=\"2608\" data-col-size=\"md\"><strong data-start=\"2561\" data-end=\"2607\">Eggenberg Rollenbahn mit L\u00e4ngenanschlag 2 m<\/strong><\/td>\n<td data-col-size=\"sm\" data-start=\"2608\" data-end=\"2618\">2000 mm<\/td>\n<td data-col-size=\"sm\" data-start=\"2618\" data-end=\"2627\">360 mm<\/td>\n<td data-col-size=\"sm\" data-start=\"2627\" data-end=\"2635\">60 mm<\/td>\n<td data-col-size=\"sm\" data-start=\"2635\" data-end=\"2651\">620 - 1055 mm<\/td>\n<td data-col-size=\"sm\" data-start=\"2651\" data-end=\"2660\">700 kg<\/td>\n<td data-col-size=\"sm\" data-start=\"2660\" data-end=\"2668\">50 mm<\/td>\n<td data-col-size=\"sm\" data-start=\"2668\" data-end=\"2681\">ca. 54 kg<\/td>\n<\/tr>\n<tr data-start=\"2682\" data-end=\"2806\">\n<td data-start=\"2682\" data-end=\"2731\" data-col-size=\"md\"><strong data-start=\"2684\" data-end=\"2730\">Eggenberg Rollenbahn mit L\u00e4ngenanschlag 3 m<\/strong><\/td>\n<td data-col-size=\"sm\" data-start=\"2731\" data-end=\"2741\">3000 mm<\/td>\n<td data-col-size=\"sm\" data-start=\"2741\" data-end=\"2750\">360 mm<\/td>\n<td data-col-size=\"sm\" data-start=\"2750\" data-end=\"2758\">60 mm<\/td>\n<td data-col-size=\"sm\" data-start=\"2758\" data-end=\"2774\">620 - 1055 mm<\/td>\n<td data-col-size=\"sm\" data-start=\"2774\" data-end=\"2783\">900 kg<\/td>\n<td data-col-size=\"sm\" data-start=\"2783\" data-end=\"2791\">50 mm<\/td>\n<td data-col-size=\"sm\" data-start=\"2791\" data-end=\"2806\">ca. 70 kg<\/td>\n<\/tr>\n<\/tbody>\n<\/table>\n<\/div>\n<\/div>","protected":false},"excerpt":{"rendered":"<p data-start=\"1530\" data-end=\"1732\">Die Eggenberg Rollenbahn mit L\u00e4ngenanschlag bietet Stabilit\u00e4t und Pr\u00e4zision. Mit dem verschiebbaren, klappbaren Anschlag positionieren Sie Werkst\u00fccke einfach - ideal vor und hinter Eggenberg Bands\u00e4gemaschinen.<\/p>","protected":false},"featured_media":3011,"comment_status":"open","ping_status":"closed","template":"","meta":[],"product_brand":[22],"product_cat":[24,18,452],"product_tag":[],"class_list":{"0":"post-2999","1":"product","2":"type-product","3":"status-publish","4":"has-post-thumbnail","6":"product_brand-eggenberg","7":"product_cat-bandzaagmachine-toebehoren","8":"product_cat-machines","9":"product_cat-rollenbaan","11":"first","12":"instock","13":"shipping-taxable","14":"product-type-simple"},"ct_brands":[{"id":22,"name":"EGGENBERG","slug":"eggenberg"}],"yoast_head":"<!-- This site is optimized with the Yoast SEO plugin v27.3 - https:\/\/yoast.com\/product\/yoast-seo-wordpress\/ -->\n<title>Eggenberg Rollenbaan met Lengteaanslag \u2013 1m, 2m &amp; 3m - Globe Europe<\/title>\n<meta name=\"description\" content=\"Eggenberg Rollenbanen met lengteaanslag voor soepel en nauwkeurig materiaaltransport. Verkrijgbaar in 1, 2 en 3 meter. Klapbare aanslag, tot 900 kg belastbaar \u2013 perfect bij Eggenberg bandzaagmachines.\" \/>\n<meta name=\"robots\" content=\"index, follow, max-snippet:-1, max-image-preview:large, max-video-preview:-1\" \/>\n<link rel=\"canonical\" href=\"https:\/\/globe-europe.nl\/de\/produkt\/eggenberg-rollenbahn-mit-langenanschlag-1m-2m-3m\/\" \/>\n<meta property=\"og:locale\" content=\"de_DE\" \/>\n<meta property=\"og:type\" content=\"article\" \/>\n<meta property=\"og:title\" content=\"Eggenberg Rollenbaan met Lengteaanslag \u2013 1m, 2m &amp; 3m - Globe Europe\" \/>\n<meta property=\"og:description\" content=\"Eggenberg Rollenbanen met lengteaanslag voor soepel en nauwkeurig materiaaltransport. Verkrijgbaar in 1, 2 en 3 meter. Klapbare aanslag, tot 900 kg belastbaar \u2013 perfect bij Eggenberg bandzaagmachines.\" \/>\n<meta property=\"og:url\" content=\"https:\/\/globe-europe.nl\/de\/produkt\/eggenberg-rollenbahn-mit-langenanschlag-1m-2m-3m\/\" \/>\n<meta property=\"og:site_name\" content=\"Globe Europe\" \/>\n<meta property=\"article:modified_time\" content=\"2025-08-26T07:36:57+00:00\" \/>\n<meta property=\"og:image\" content=\"https:\/\/globe-europe.nl\/wp-content\/uploads\/2025\/08\/3m-rollenbaan-3.png\" \/>\n\t<meta property=\"og:image:width\" content=\"700\" \/>\n\t<meta property=\"og:image:height\" content=\"700\" \/>\n\t<meta property=\"og:image:type\" content=\"image\/png\" \/>\n<meta name=\"twitter:card\" content=\"summary_large_image\" \/>\n<meta name=\"twitter:label1\" content=\"Gesch\u00e4tzte Lesezeit\" \/>\n\t<meta name=\"twitter:data1\" content=\"2\u00a0Minuten\" \/>\n<script type=\"application\/ld+json\" class=\"yoast-schema-graph\">{\"@context\":\"https:\\\/\\\/schema.org\",\"@graph\":[{\"@type\":\"WebPage\",\"@id\":\"https:\\\/\\\/globe-europe.nl\\\/product\\\/eggenberg-rollenbaan-met-lengteaanslag-1m-2m-3m\\\/\",\"url\":\"https:\\\/\\\/globe-europe.nl\\\/product\\\/eggenberg-rollenbaan-met-lengteaanslag-1m-2m-3m\\\/\",\"name\":\"Eggenberg Rollenbaan met Lengteaanslag \u2013 1m, 2m & 3m - Globe Europe\",\"isPartOf\":{\"@id\":\"https:\\\/\\\/globe-europe.nl\\\/#website\"},\"primaryImageOfPage\":{\"@id\":\"https:\\\/\\\/globe-europe.nl\\\/product\\\/eggenberg-rollenbaan-met-lengteaanslag-1m-2m-3m\\\/#primaryimage\"},\"image\":{\"@id\":\"https:\\\/\\\/globe-europe.nl\\\/product\\\/eggenberg-rollenbaan-met-lengteaanslag-1m-2m-3m\\\/#primaryimage\"},\"thumbnailUrl\":\"https:\\\/\\\/globe-europe.nl\\\/wp-content\\\/uploads\\\/2025\\\/08\\\/3m-rollenbaan-3.png\",\"datePublished\":\"2025-08-26T07:36:29+00:00\",\"dateModified\":\"2025-08-26T07:36:57+00:00\",\"description\":\"Eggenberg Rollenbanen met lengteaanslag voor soepel en nauwkeurig materiaaltransport. Verkrijgbaar in 1, 2 en 3 meter. Klapbare aanslag, tot 900 kg belastbaar \u2013 perfect bij Eggenberg bandzaagmachines.\",\"breadcrumb\":{\"@id\":\"https:\\\/\\\/globe-europe.nl\\\/product\\\/eggenberg-rollenbaan-met-lengteaanslag-1m-2m-3m\\\/#breadcrumb\"},\"inLanguage\":\"de\",\"potentialAction\":[{\"@type\":\"ReadAction\",\"target\":[\"https:\\\/\\\/globe-europe.nl\\\/product\\\/eggenberg-rollenbaan-met-lengteaanslag-1m-2m-3m\\\/\"]}]},{\"@type\":\"ImageObject\",\"inLanguage\":\"de\",\"@id\":\"https:\\\/\\\/globe-europe.nl\\\/product\\\/eggenberg-rollenbaan-met-lengteaanslag-1m-2m-3m\\\/#primaryimage\",\"url\":\"https:\\\/\\\/globe-europe.nl\\\/wp-content\\\/uploads\\\/2025\\\/08\\\/3m-rollenbaan-3.png\",\"contentUrl\":\"https:\\\/\\\/globe-europe.nl\\\/wp-content\\\/uploads\\\/2025\\\/08\\\/3m-rollenbaan-3.png\",\"width\":700,\"height\":700,\"caption\":\"Eggenberg Rollenbaan met Lengteaanslag - 1m \\\/ 2m \\\/ 3m\"},{\"@type\":\"BreadcrumbList\",\"@id\":\"https:\\\/\\\/globe-europe.nl\\\/product\\\/eggenberg-rollenbaan-met-lengteaanslag-1m-2m-3m\\\/#breadcrumb\",\"itemListElement\":[{\"@type\":\"ListItem\",\"position\":1,\"name\":\"Home\",\"item\":\"https:\\\/\\\/globe-europe.nl\\\/\"},{\"@type\":\"ListItem\",\"position\":2,\"name\":\"Winkel\",\"item\":\"https:\\\/\\\/globe-europe.nl\\\/winkel\\\/\"},{\"@type\":\"ListItem\",\"position\":3,\"name\":\"Eggenberg Rollenbaan met Lengteaanslag &#8211; 1m \\\/ 2m \\\/ 3m\"}]},{\"@type\":\"WebSite\",\"@id\":\"https:\\\/\\\/globe-europe.nl\\\/#website\",\"url\":\"https:\\\/\\\/globe-europe.nl\\\/\",\"name\":\"Globe Europe\",\"description\":\"\",\"publisher\":{\"@id\":\"https:\\\/\\\/globe-europe.nl\\\/#organization\"},\"potentialAction\":[{\"@type\":\"SearchAction\",\"target\":{\"@type\":\"EntryPoint\",\"urlTemplate\":\"https:\\\/\\\/globe-europe.nl\\\/?s={search_term_string}\"},\"query-input\":{\"@type\":\"PropertyValueSpecification\",\"valueRequired\":true,\"valueName\":\"search_term_string\"}}],\"inLanguage\":\"de\"},{\"@type\":\"Organization\",\"@id\":\"https:\\\/\\\/globe-europe.nl\\\/#organization\",\"name\":\"Globe Europe\",\"url\":\"https:\\\/\\\/globe-europe.nl\\\/\",\"logo\":{\"@type\":\"ImageObject\",\"inLanguage\":\"de\",\"@id\":\"https:\\\/\\\/globe-europe.nl\\\/#\\\/schema\\\/logo\\\/image\\\/\",\"url\":\"https:\\\/\\\/globe-europe.nl\\\/wp-content\\\/uploads\\\/2025\\\/02\\\/GLOBE-LOGO-WEB-GROOT.png\",\"contentUrl\":\"https:\\\/\\\/globe-europe.nl\\\/wp-content\\\/uploads\\\/2025\\\/02\\\/GLOBE-LOGO-WEB-GROOT.png\",\"width\":938,\"height\":404,\"caption\":\"Globe Europe\"},\"image\":{\"@id\":\"https:\\\/\\\/globe-europe.nl\\\/#\\\/schema\\\/logo\\\/image\\\/\"}}]}<\/script>\n<!-- \/ Yoast SEO plugin. -->","yoast_head_json":{"title":"Eggenberg Rollenbahn mit L\u00e4ngenanschlag - 1m, 2m &amp; 3m - Globe Europe","description":"Eggenberg Rollenbahnen mit L\u00e4ngenanschlag f\u00fcr einen reibungslosen und pr\u00e4zisen Materialtransport. Erh\u00e4ltlich in 1, 2 und 3 Metern. Klappbarer Anschlag, belastbar bis 900 kg - perfekt mit Eggenberg Bands\u00e4gen.","robots":{"index":"index","follow":"follow","max-snippet":"max-snippet:-1","max-image-preview":"max-image-preview:large","max-video-preview":"max-video-preview:-1"},"canonical":"https:\/\/globe-europe.nl\/de\/produkt\/eggenberg-rollenbahn-mit-langenanschlag-1m-2m-3m\/","og_locale":"de_DE","og_type":"article","og_title":"Eggenberg Rollenbaan met Lengteaanslag \u2013 1m, 2m & 3m - Globe Europe","og_description":"Eggenberg Rollenbanen met lengteaanslag voor soepel en nauwkeurig materiaaltransport. Verkrijgbaar in 1, 2 en 3 meter. Klapbare aanslag, tot 900 kg belastbaar \u2013 perfect bij Eggenberg bandzaagmachines.","og_url":"https:\/\/globe-europe.nl\/de\/produkt\/eggenberg-rollenbahn-mit-langenanschlag-1m-2m-3m\/","og_site_name":"Globe Europe","article_modified_time":"2025-08-26T07:36:57+00:00","og_image":[{"width":700,"height":700,"url":"https:\/\/globe-europe.nl\/wp-content\/uploads\/2025\/08\/3m-rollenbaan-3.png","type":"image\/png"}],"twitter_card":"summary_large_image","twitter_misc":{"Gesch\u00e4tzte Lesezeit":"2\u00a0Minuten"},"schema":{"@context":"https:\/\/schema.org","@graph":[{"@type":"WebPage","@id":"https:\/\/globe-europe.nl\/product\/eggenberg-rollenbaan-met-lengteaanslag-1m-2m-3m\/","url":"https:\/\/globe-europe.nl\/product\/eggenberg-rollenbaan-met-lengteaanslag-1m-2m-3m\/","name":"Eggenberg Rollenbahn mit L\u00e4ngenanschlag - 1m, 2m &amp; 3m - Globe Europe","isPartOf":{"@id":"https:\/\/globe-europe.nl\/#website"},"primaryImageOfPage":{"@id":"https:\/\/globe-europe.nl\/product\/eggenberg-rollenbaan-met-lengteaanslag-1m-2m-3m\/#primaryimage"},"image":{"@id":"https:\/\/globe-europe.nl\/product\/eggenberg-rollenbaan-met-lengteaanslag-1m-2m-3m\/#primaryimage"},"thumbnailUrl":"https:\/\/globe-europe.nl\/wp-content\/uploads\/2025\/08\/3m-rollenbaan-3.png","datePublished":"2025-08-26T07:36:29+00:00","dateModified":"2025-08-26T07:36:57+00:00","description":"Eggenberg Rollenbahnen mit L\u00e4ngenanschlag f\u00fcr einen reibungslosen und pr\u00e4zisen Materialtransport. Erh\u00e4ltlich in 1, 2 und 3 Metern. Klappbarer Anschlag, belastbar bis 900 kg - perfekt mit Eggenberg Bands\u00e4gen.","breadcrumb":{"@id":"https:\/\/globe-europe.nl\/product\/eggenberg-rollenbaan-met-lengteaanslag-1m-2m-3m\/#breadcrumb"},"inLanguage":"de","potentialAction":[{"@type":"ReadAction","target":["https:\/\/globe-europe.nl\/product\/eggenberg-rollenbaan-met-lengteaanslag-1m-2m-3m\/"]}]},{"@type":"ImageObject","inLanguage":"de","@id":"https:\/\/globe-europe.nl\/product\/eggenberg-rollenbaan-met-lengteaanslag-1m-2m-3m\/#primaryimage","url":"https:\/\/globe-europe.nl\/wp-content\/uploads\/2025\/08\/3m-rollenbaan-3.png","contentUrl":"https:\/\/globe-europe.nl\/wp-content\/uploads\/2025\/08\/3m-rollenbaan-3.png","width":700,"height":700,"caption":"Eggenberg Rollenbaan met Lengteaanslag - 1m \/ 2m \/ 3m"},{"@type":"BreadcrumbList","@id":"https:\/\/globe-europe.nl\/product\/eggenberg-rollenbaan-met-lengteaanslag-1m-2m-3m\/#breadcrumb","itemListElement":[{"@type":"ListItem","position":1,"name":"Home","item":"https:\/\/globe-europe.nl\/"},{"@type":"ListItem","position":2,"name":"Winkel","item":"https:\/\/globe-europe.nl\/winkel\/"},{"@type":"ListItem","position":3,"name":"Eggenberg Rollenbaan met Lengteaanslag &#8211; 1m \/ 2m \/ 3m"}]},{"@type":"WebSite","@id":"https:\/\/globe-europe.nl\/#website","url":"https:\/\/globe-europe.nl\/","name":"Globe Europe","description":"","publisher":{"@id":"https:\/\/globe-europe.nl\/#organization"},"potentialAction":[{"@type":"SearchAction","target":{"@type":"EntryPoint","urlTemplate":"https:\/\/globe-europe.nl\/?s={search_term_string}"},"query-input":{"@type":"PropertyValueSpecification","valueRequired":true,"valueName":"search_term_string"}}],"inLanguage":"de"},{"@type":"Organization","@id":"https:\/\/globe-europe.nl\/#organization","name":"Globe Europe","url":"https:\/\/globe-europe.nl\/","logo":{"@type":"ImageObject","inLanguage":"de","@id":"https:\/\/globe-europe.nl\/#\/schema\/logo\/image\/","url":"https:\/\/globe-europe.nl\/wp-content\/uploads\/2025\/02\/GLOBE-LOGO-WEB-GROOT.png","contentUrl":"https:\/\/globe-europe.nl\/wp-content\/uploads\/2025\/02\/GLOBE-LOGO-WEB-GROOT.png","width":938,"height":404,"caption":"Globe Europe"},"image":{"@id":"https:\/\/globe-europe.nl\/#\/schema\/logo\/image\/"}}]}},"_links":{"self":[{"href":"https:\/\/globe-europe.nl\/de\/wp-json\/wp\/v2\/product\/2999","targetHints":{"allow":["GET"]}}],"collection":[{"href":"https:\/\/globe-europe.nl\/de\/wp-json\/wp\/v2\/product"}],"about":[{"href":"https:\/\/globe-europe.nl\/de\/wp-json\/wp\/v2\/types\/product"}],"replies":[{"embeddable":true,"href":"https:\/\/globe-europe.nl\/de\/wp-json\/wp\/v2\/comments?post=2999"}],"wp:featuredmedia":[{"embeddable":true,"href":"https:\/\/globe-europe.nl\/de\/wp-json\/wp\/v2\/media\/3011"}],"wp:attachment":[{"href":"https:\/\/globe-europe.nl\/de\/wp-json\/wp\/v2\/media?parent=2999"}],"wp:term":[{"taxonomy":"product_brand","embeddable":true,"href":"https:\/\/globe-europe.nl\/de\/wp-json\/wp\/v2\/product_brand?post=2999"},{"taxonomy":"product_cat","embeddable":true,"href":"https:\/\/globe-europe.nl\/de\/wp-json\/wp\/v2\/product_cat?post=2999"},{"taxonomy":"product_tag","embeddable":true,"href":"https:\/\/globe-europe.nl\/de\/wp-json\/wp\/v2\/product_tag?post=2999"}],"curies":[{"name":"wp","href":"https:\/\/api.w.org\/{rel}","templated":true}]}}