{"id":3015,"date":"2025-08-26T07:40:48","date_gmt":"2025-08-26T07:40:48","guid":{"rendered":"https:\/\/globe-europe.nl\/?post_type=product&#038;p=3015"},"modified":"2025-08-26T07:40:48","modified_gmt":"2025-08-26T07:40:48","slug":"eggenberg-rollenbahn-1m-2m-3m","status":"publish","type":"product","link":"https:\/\/globe-europe.nl\/de\/product\/eggenberg-rollenbaan-1m-2m-3m\/","title":{"rendered":"Eggenberg Rollenbahn - 1m \/ 2m \/ 3m"},"content":{"rendered":"<h2>Eggenberg Rollenbahn - 1m \/ 2m \/ 3m<\/h2>\n<p data-start=\"299\" data-end=\"586\">Die Eggenberg Rollenbahn ist eine praktische und zuverl\u00e4ssige L\u00f6sung f\u00fcr die einfache Zuf\u00fchrung und Entnahme von langen und schweren Werkst\u00fccken. Sie k\u00f6nnen die Rollenbahn entweder vor oder hinter der Bands\u00e4gemaschine positionieren, damit Ihre Werkst\u00fccke reibungslos zugef\u00fchrt und sauber entnommen werden k\u00f6nnen.<\/p>\n<p data-start=\"588\" data-end=\"878\">Dank des stabilen U-Profils und der massiven, verzinkten Stahlrollen erfolgt der Materialtransport auch bei hoher Belastung ruhig und sicher. Die Rollenbahn ist stufenlos h\u00f6henverstellbar und kann fest fixiert werden, so dass ein stabiler Halt jederzeit gew\u00e4hrleistet ist. Ein weiterer gro\u00dfer Vorteil ist, dass die Rollenbahnen einfach miteinander verbunden werden k\u00f6nnen. So k\u00f6nnen Sie Ihren Arbeitsbereich problemlos erweitern und genau die L\u00e4nge schaffen, die Sie ben\u00f6tigen. Damit sind die Rollenbahnen nicht nur ideal in Kombination mit<a href=\"https:\/\/globe-europe.nl\/de\/produkt-kategorie\/maschinen\/bandsagemaschine\/\"><em><strong> Eggenberg Bands\u00e4gen<\/strong><\/em><\/a>aber auch universell einsetzbar in Metallkreiss\u00e4gen, Holzbearbeitungsmaschinen und anderen Anwendungen.<\/p>\n<h3 data-start=\"1872\" data-end=\"1907\"><strong data-start=\"1876\" data-end=\"1905\">Spezifikationen pro Variante<\/strong><\/h3>\n<div class=\"_tableContainer_sk2ct_1\">\n<div class=\"_tableWrapper_sk2ct_13 group flex w-fit flex-col-reverse\" tabindex=\"-1\">\n<table class=\"w-fit min-w-(--thread-content-width)\" data-start=\"1909\" data-end=\"2568\">\n<thead data-start=\"1909\" data-end=\"2055\">\n<tr data-start=\"1909\" data-end=\"2055\">\n<th data-start=\"1909\" data-end=\"1919\" data-col-size=\"sm\">Variante<\/th>\n<th data-start=\"1919\" data-end=\"1932\" data-col-size=\"sm\">L\u00e4nge der Start- und Landebahn<\/th>\n<th data-start=\"1932\" data-end=\"1948\" data-col-size=\"sm\">Breite der Rolle<\/th>\n<th data-start=\"1948\" data-end=\"1965\" data-col-size=\"sm\">Durchmesser der Rolle<\/th>\n<th data-start=\"1965\" data-end=\"1985\" data-col-size=\"sm\">H\u00f6henverstellung<\/th>\n<th data-start=\"1985\" data-end=\"2007\" data-col-size=\"sm\">Tragf\u00e4higkeit max.<\/th>\n<th data-start=\"2007\" data-end=\"2027\" data-col-size=\"sm\">Durchmesser des Standrohrs<\/th>\n<th data-start=\"2027\" data-end=\"2044\" data-col-size=\"sm\">Abmessungen (LxB)<\/th>\n<th data-start=\"2044\" data-end=\"2055\" data-col-size=\"sm\">Gewicht<\/th>\n<\/tr>\n<\/thead>\n<tbody data-start=\"2204\" data-end=\"2568\">\n<tr data-start=\"2204\" data-end=\"2324\">\n<td data-start=\"2204\" data-end=\"2235\" data-col-size=\"sm\"><strong data-start=\"2206\" data-end=\"2234\">Eggenberger Rollenbahn 1 m<\/strong><\/td>\n<td data-col-size=\"sm\" data-start=\"2235\" data-end=\"2245\">1000 mm<\/td>\n<td data-col-size=\"sm\" data-start=\"2245\" data-end=\"2254\">360 mm<\/td>\n<td data-col-size=\"sm\" data-start=\"2254\" data-end=\"2262\">60 mm<\/td>\n<td data-col-size=\"sm\" data-start=\"2262\" data-end=\"2278\">620 - 1055 mm<\/td>\n<td data-col-size=\"sm\" data-start=\"2278\" data-end=\"2287\">500 kg<\/td>\n<td data-col-size=\"sm\" data-start=\"2287\" data-end=\"2295\">50 mm<\/td>\n<td data-col-size=\"sm\" data-start=\"2295\" data-end=\"2311\">1000 \u00d7 450 mm<\/td>\n<td data-col-size=\"sm\" data-start=\"2311\" data-end=\"2324\">ca. 38 kg<\/td>\n<\/tr>\n<tr data-start=\"2325\" data-end=\"2445\">\n<td data-start=\"2325\" data-end=\"2356\" data-col-size=\"sm\"><strong data-start=\"2327\" data-end=\"2355\">Eggenberger Rollenbahn 2 m<\/strong><\/td>\n<td data-col-size=\"sm\" data-start=\"2356\" data-end=\"2366\">2000 mm<\/td>\n<td data-col-size=\"sm\" data-start=\"2366\" data-end=\"2375\">360 mm<\/td>\n<td data-col-size=\"sm\" data-start=\"2375\" data-end=\"2383\">60 mm<\/td>\n<td data-col-size=\"sm\" data-start=\"2383\" data-end=\"2399\">620 - 1055 mm<\/td>\n<td data-col-size=\"sm\" data-start=\"2399\" data-end=\"2408\">700 kg<\/td>\n<td data-col-size=\"sm\" data-start=\"2408\" data-end=\"2416\">50 mm<\/td>\n<td data-col-size=\"sm\" data-start=\"2416\" data-end=\"2432\">2000 \u00d7 450 mm<\/td>\n<td data-col-size=\"sm\" data-start=\"2432\" data-end=\"2445\">ca. 54 kg<\/td>\n<\/tr>\n<tr data-start=\"2446\" data-end=\"2568\">\n<td data-start=\"2446\" data-end=\"2477\" data-col-size=\"sm\"><strong data-start=\"2448\" data-end=\"2476\">Eggenberger Rollenbahn 3 m<\/strong><\/td>\n<td data-col-size=\"sm\" data-start=\"2477\" data-end=\"2487\">3000 mm<\/td>\n<td data-col-size=\"sm\" data-start=\"2487\" data-end=\"2496\">360 mm<\/td>\n<td data-col-size=\"sm\" data-start=\"2496\" data-end=\"2504\">60 mm<\/td>\n<td data-col-size=\"sm\" data-start=\"2504\" data-end=\"2520\">620 - 1055 mm<\/td>\n<td data-col-size=\"sm\" data-start=\"2520\" data-end=\"2529\">900 kg<\/td>\n<td data-col-size=\"sm\" data-start=\"2529\" data-end=\"2537\">50 mm<\/td>\n<td data-col-size=\"sm\" data-start=\"2537\" data-end=\"2553\">3000 \u00d7 450 mm<\/td>\n<td data-col-size=\"sm\" data-start=\"2553\" data-end=\"2568\">ca. 66 kg<\/td>\n<\/tr>\n<\/tbody>\n<\/table>\n<\/div>\n<\/div>","protected":false},"excerpt":{"rendered":"<p data-start=\"1296\" data-end=\"1515\">Die Eggenberg Rollenbahn macht den Transport von langen und schweren Werkst\u00fccken einfach und sicher. Sie kann sowohl vor als auch hinter der Bands\u00e4gemaschine eingesetzt werden und l\u00e4sst sich durch den Anschluss mehrerer Bahnen einfach erweitern.<\/p>","protected":false},"featured_media":3011,"comment_status":"open","ping_status":"closed","template":"","meta":[],"product_brand":[22],"product_cat":[24,452],"product_tag":[],"class_list":{"0":"post-3015","1":"product","2":"type-product","3":"status-publish","4":"has-post-thumbnail","6":"product_brand-eggenberg","7":"product_cat-bandzaagmachine-toebehoren","8":"product_cat-rollenbaan","10":"first","11":"instock","12":"shipping-taxable","13":"product-type-simple"},"ct_brands":[{"id":22,"name":"EGGENBERG","slug":"eggenberg"}],"yoast_head":"<!-- This site is optimized with the Yoast SEO plugin v27.3 - https:\/\/yoast.com\/product\/yoast-seo-wordpress\/ -->\n<title>Eggenberg Rollenbaan \u2013 1m, 2m &amp; 3m | Verstelbaar &amp; Uitbreidbaar - Globe Europe<\/title>\n<meta name=\"description\" content=\"Eggenberg Rollenbanen voor soepel materiaaltransport. Verkrijgbaar in 1, 2 en 3 meter. Hoog belastbaar, traploos verstelbaar en eenvoudig koppelbaar \u2013 ideaal bij Eggenberg bandzaagmachines.\" \/>\n<meta name=\"robots\" content=\"index, follow, max-snippet:-1, max-image-preview:large, max-video-preview:-1\" \/>\n<link rel=\"canonical\" href=\"https:\/\/globe-europe.nl\/de\/produkt\/eggenberg-rollenbahn-1m-2m-3m\/\" \/>\n<meta property=\"og:locale\" content=\"de_DE\" \/>\n<meta property=\"og:type\" content=\"article\" \/>\n<meta property=\"og:title\" content=\"Eggenberg Rollenbaan \u2013 1m, 2m &amp; 3m | Verstelbaar &amp; Uitbreidbaar - Globe Europe\" \/>\n<meta property=\"og:description\" content=\"Eggenberg Rollenbanen voor soepel materiaaltransport. Verkrijgbaar in 1, 2 en 3 meter. Hoog belastbaar, traploos verstelbaar en eenvoudig koppelbaar \u2013 ideaal bij Eggenberg bandzaagmachines.\" \/>\n<meta property=\"og:url\" content=\"https:\/\/globe-europe.nl\/de\/produkt\/eggenberg-rollenbahn-1m-2m-3m\/\" \/>\n<meta property=\"og:site_name\" content=\"Globe Europe\" \/>\n<meta property=\"og:image\" content=\"https:\/\/globe-europe.nl\/wp-content\/uploads\/2025\/08\/3m-rollenbaan-3.png\" \/>\n\t<meta property=\"og:image:width\" content=\"700\" \/>\n\t<meta property=\"og:image:height\" content=\"700\" \/>\n\t<meta property=\"og:image:type\" content=\"image\/png\" \/>\n<meta name=\"twitter:card\" content=\"summary_large_image\" \/>\n<meta name=\"twitter:label1\" content=\"Gesch\u00e4tzte Lesezeit\" \/>\n\t<meta name=\"twitter:data1\" content=\"2\u00a0Minuten\" \/>\n<script type=\"application\/ld+json\" class=\"yoast-schema-graph\">{\"@context\":\"https:\\\/\\\/schema.org\",\"@graph\":[{\"@type\":\"WebPage\",\"@id\":\"https:\\\/\\\/globe-europe.nl\\\/product\\\/eggenberg-rollenbaan-1m-2m-3m\\\/\",\"url\":\"https:\\\/\\\/globe-europe.nl\\\/product\\\/eggenberg-rollenbaan-1m-2m-3m\\\/\",\"name\":\"Eggenberg Rollenbaan \u2013 1m, 2m & 3m | Verstelbaar & Uitbreidbaar - Globe Europe\",\"isPartOf\":{\"@id\":\"https:\\\/\\\/globe-europe.nl\\\/#website\"},\"primaryImageOfPage\":{\"@id\":\"https:\\\/\\\/globe-europe.nl\\\/product\\\/eggenberg-rollenbaan-1m-2m-3m\\\/#primaryimage\"},\"image\":{\"@id\":\"https:\\\/\\\/globe-europe.nl\\\/product\\\/eggenberg-rollenbaan-1m-2m-3m\\\/#primaryimage\"},\"thumbnailUrl\":\"https:\\\/\\\/globe-europe.nl\\\/wp-content\\\/uploads\\\/2025\\\/08\\\/3m-rollenbaan-3.png\",\"datePublished\":\"2025-08-26T07:40:48+00:00\",\"description\":\"Eggenberg Rollenbanen voor soepel materiaaltransport. Verkrijgbaar in 1, 2 en 3 meter. Hoog belastbaar, traploos verstelbaar en eenvoudig koppelbaar \u2013 ideaal bij Eggenberg bandzaagmachines.\",\"breadcrumb\":{\"@id\":\"https:\\\/\\\/globe-europe.nl\\\/product\\\/eggenberg-rollenbaan-1m-2m-3m\\\/#breadcrumb\"},\"inLanguage\":\"de\",\"potentialAction\":[{\"@type\":\"ReadAction\",\"target\":[\"https:\\\/\\\/globe-europe.nl\\\/product\\\/eggenberg-rollenbaan-1m-2m-3m\\\/\"]}]},{\"@type\":\"ImageObject\",\"inLanguage\":\"de\",\"@id\":\"https:\\\/\\\/globe-europe.nl\\\/product\\\/eggenberg-rollenbaan-1m-2m-3m\\\/#primaryimage\",\"url\":\"https:\\\/\\\/globe-europe.nl\\\/wp-content\\\/uploads\\\/2025\\\/08\\\/3m-rollenbaan-3.png\",\"contentUrl\":\"https:\\\/\\\/globe-europe.nl\\\/wp-content\\\/uploads\\\/2025\\\/08\\\/3m-rollenbaan-3.png\",\"width\":700,\"height\":700,\"caption\":\"Eggenberg Rollenbaan met Lengteaanslag - 1m \\\/ 2m \\\/ 3m\"},{\"@type\":\"BreadcrumbList\",\"@id\":\"https:\\\/\\\/globe-europe.nl\\\/product\\\/eggenberg-rollenbaan-1m-2m-3m\\\/#breadcrumb\",\"itemListElement\":[{\"@type\":\"ListItem\",\"position\":1,\"name\":\"Home\",\"item\":\"https:\\\/\\\/globe-europe.nl\\\/\"},{\"@type\":\"ListItem\",\"position\":2,\"name\":\"Winkel\",\"item\":\"https:\\\/\\\/globe-europe.nl\\\/winkel\\\/\"},{\"@type\":\"ListItem\",\"position\":3,\"name\":\"Eggenberg Rollenbaan &#8211; 1m \\\/ 2m \\\/ 3m\"}]},{\"@type\":\"WebSite\",\"@id\":\"https:\\\/\\\/globe-europe.nl\\\/#website\",\"url\":\"https:\\\/\\\/globe-europe.nl\\\/\",\"name\":\"Globe Europe\",\"description\":\"\",\"publisher\":{\"@id\":\"https:\\\/\\\/globe-europe.nl\\\/#organization\"},\"potentialAction\":[{\"@type\":\"SearchAction\",\"target\":{\"@type\":\"EntryPoint\",\"urlTemplate\":\"https:\\\/\\\/globe-europe.nl\\\/?s={search_term_string}\"},\"query-input\":{\"@type\":\"PropertyValueSpecification\",\"valueRequired\":true,\"valueName\":\"search_term_string\"}}],\"inLanguage\":\"de\"},{\"@type\":\"Organization\",\"@id\":\"https:\\\/\\\/globe-europe.nl\\\/#organization\",\"name\":\"Globe Europe\",\"url\":\"https:\\\/\\\/globe-europe.nl\\\/\",\"logo\":{\"@type\":\"ImageObject\",\"inLanguage\":\"de\",\"@id\":\"https:\\\/\\\/globe-europe.nl\\\/#\\\/schema\\\/logo\\\/image\\\/\",\"url\":\"https:\\\/\\\/globe-europe.nl\\\/wp-content\\\/uploads\\\/2025\\\/02\\\/GLOBE-LOGO-WEB-GROOT.png\",\"contentUrl\":\"https:\\\/\\\/globe-europe.nl\\\/wp-content\\\/uploads\\\/2025\\\/02\\\/GLOBE-LOGO-WEB-GROOT.png\",\"width\":938,\"height\":404,\"caption\":\"Globe Europe\"},\"image\":{\"@id\":\"https:\\\/\\\/globe-europe.nl\\\/#\\\/schema\\\/logo\\\/image\\\/\"}}]}<\/script>\n<!-- \/ Yoast SEO plugin. -->","yoast_head_json":{"title":"Eggenberg Rollenbahn - 1m, 2m &amp; 3m | Einstellbar &amp; Erweiterbar - Globe Europe","description":"Eggenberg Rollenbahnen f\u00fcr den reibungslosen Materialtransport. Erh\u00e4ltlich in 1, 2 und 3 Metern. Hoch belastbar, stufenlos verstellbar und leicht verkettbar - ideal mit Eggenberg Bands\u00e4gen.","robots":{"index":"index","follow":"follow","max-snippet":"max-snippet:-1","max-image-preview":"max-image-preview:large","max-video-preview":"max-video-preview:-1"},"canonical":"https:\/\/globe-europe.nl\/de\/produkt\/eggenberg-rollenbahn-1m-2m-3m\/","og_locale":"de_DE","og_type":"article","og_title":"Eggenberg Rollenbaan \u2013 1m, 2m & 3m | Verstelbaar & Uitbreidbaar - Globe Europe","og_description":"Eggenberg Rollenbanen voor soepel materiaaltransport. Verkrijgbaar in 1, 2 en 3 meter. Hoog belastbaar, traploos verstelbaar en eenvoudig koppelbaar \u2013 ideaal bij Eggenberg bandzaagmachines.","og_url":"https:\/\/globe-europe.nl\/de\/produkt\/eggenberg-rollenbahn-1m-2m-3m\/","og_site_name":"Globe Europe","og_image":[{"width":700,"height":700,"url":"https:\/\/globe-europe.nl\/wp-content\/uploads\/2025\/08\/3m-rollenbaan-3.png","type":"image\/png"}],"twitter_card":"summary_large_image","twitter_misc":{"Gesch\u00e4tzte Lesezeit":"2\u00a0Minuten"},"schema":{"@context":"https:\/\/schema.org","@graph":[{"@type":"WebPage","@id":"https:\/\/globe-europe.nl\/product\/eggenberg-rollenbaan-1m-2m-3m\/","url":"https:\/\/globe-europe.nl\/product\/eggenberg-rollenbaan-1m-2m-3m\/","name":"Eggenberg Rollenbahn - 1m, 2m &amp; 3m | Einstellbar &amp; Erweiterbar - Globe Europe","isPartOf":{"@id":"https:\/\/globe-europe.nl\/#website"},"primaryImageOfPage":{"@id":"https:\/\/globe-europe.nl\/product\/eggenberg-rollenbaan-1m-2m-3m\/#primaryimage"},"image":{"@id":"https:\/\/globe-europe.nl\/product\/eggenberg-rollenbaan-1m-2m-3m\/#primaryimage"},"thumbnailUrl":"https:\/\/globe-europe.nl\/wp-content\/uploads\/2025\/08\/3m-rollenbaan-3.png","datePublished":"2025-08-26T07:40:48+00:00","description":"Eggenberg Rollenbahnen f\u00fcr den reibungslosen Materialtransport. Erh\u00e4ltlich in 1, 2 und 3 Metern. Hoch belastbar, stufenlos verstellbar und leicht verkettbar - ideal mit Eggenberg Bands\u00e4gen.","breadcrumb":{"@id":"https:\/\/globe-europe.nl\/product\/eggenberg-rollenbaan-1m-2m-3m\/#breadcrumb"},"inLanguage":"de","potentialAction":[{"@type":"ReadAction","target":["https:\/\/globe-europe.nl\/product\/eggenberg-rollenbaan-1m-2m-3m\/"]}]},{"@type":"ImageObject","inLanguage":"de","@id":"https:\/\/globe-europe.nl\/product\/eggenberg-rollenbaan-1m-2m-3m\/#primaryimage","url":"https:\/\/globe-europe.nl\/wp-content\/uploads\/2025\/08\/3m-rollenbaan-3.png","contentUrl":"https:\/\/globe-europe.nl\/wp-content\/uploads\/2025\/08\/3m-rollenbaan-3.png","width":700,"height":700,"caption":"Eggenberg Rollenbaan met Lengteaanslag - 1m \/ 2m \/ 3m"},{"@type":"BreadcrumbList","@id":"https:\/\/globe-europe.nl\/product\/eggenberg-rollenbaan-1m-2m-3m\/#breadcrumb","itemListElement":[{"@type":"ListItem","position":1,"name":"Home","item":"https:\/\/globe-europe.nl\/"},{"@type":"ListItem","position":2,"name":"Winkel","item":"https:\/\/globe-europe.nl\/winkel\/"},{"@type":"ListItem","position":3,"name":"Eggenberg Rollenbaan &#8211; 1m \/ 2m \/ 3m"}]},{"@type":"WebSite","@id":"https:\/\/globe-europe.nl\/#website","url":"https:\/\/globe-europe.nl\/","name":"Globe Europe","description":"","publisher":{"@id":"https:\/\/globe-europe.nl\/#organization"},"potentialAction":[{"@type":"SearchAction","target":{"@type":"EntryPoint","urlTemplate":"https:\/\/globe-europe.nl\/?s={search_term_string}"},"query-input":{"@type":"PropertyValueSpecification","valueRequired":true,"valueName":"search_term_string"}}],"inLanguage":"de"},{"@type":"Organization","@id":"https:\/\/globe-europe.nl\/#organization","name":"Globe Europe","url":"https:\/\/globe-europe.nl\/","logo":{"@type":"ImageObject","inLanguage":"de","@id":"https:\/\/globe-europe.nl\/#\/schema\/logo\/image\/","url":"https:\/\/globe-europe.nl\/wp-content\/uploads\/2025\/02\/GLOBE-LOGO-WEB-GROOT.png","contentUrl":"https:\/\/globe-europe.nl\/wp-content\/uploads\/2025\/02\/GLOBE-LOGO-WEB-GROOT.png","width":938,"height":404,"caption":"Globe Europe"},"image":{"@id":"https:\/\/globe-europe.nl\/#\/schema\/logo\/image\/"}}]}},"_links":{"self":[{"href":"https:\/\/globe-europe.nl\/de\/wp-json\/wp\/v2\/product\/3015","targetHints":{"allow":["GET"]}}],"collection":[{"href":"https:\/\/globe-europe.nl\/de\/wp-json\/wp\/v2\/product"}],"about":[{"href":"https:\/\/globe-europe.nl\/de\/wp-json\/wp\/v2\/types\/product"}],"replies":[{"embeddable":true,"href":"https:\/\/globe-europe.nl\/de\/wp-json\/wp\/v2\/comments?post=3015"}],"wp:featuredmedia":[{"embeddable":true,"href":"https:\/\/globe-europe.nl\/de\/wp-json\/wp\/v2\/media\/3011"}],"wp:attachment":[{"href":"https:\/\/globe-europe.nl\/de\/wp-json\/wp\/v2\/media?parent=3015"}],"wp:term":[{"taxonomy":"product_brand","embeddable":true,"href":"https:\/\/globe-europe.nl\/de\/wp-json\/wp\/v2\/product_brand?post=3015"},{"taxonomy":"product_cat","embeddable":true,"href":"https:\/\/globe-europe.nl\/de\/wp-json\/wp\/v2\/product_cat?post=3015"},{"taxonomy":"product_tag","embeddable":true,"href":"https:\/\/globe-europe.nl\/de\/wp-json\/wp\/v2\/product_tag?post=3015"}],"curies":[{"name":"wp","href":"https:\/\/api.w.org\/{rel}","templated":true}]}}