{"id":332,"date":"2025-02-04T09:19:55","date_gmt":"2025-02-04T09:19:55","guid":{"rendered":"https:\/\/globe-europe.nl\/product\/eggenberg-wolfraam-elektrode-rose-diverse-maten\/"},"modified":"2025-02-06T10:58:30","modified_gmt":"2025-02-06T10:58:30","slug":"eggenberg-wolfram-elektrode-rosa-verschiedene-groessen","status":"publish","type":"product","link":"https:\/\/globe-europe.nl\/de\/product\/eggenberg-wolfraam-elektrode-rose-diverse-maten\/","title":{"rendered":"Eggenberg Wolfram-Elektrode Rose - Verschiedene Gr\u00f6\u00dfen"},"content":{"rendered":"<p><strong>Eigenschaften Eggenberg Wolfram Elektrode Rose - Verschiedene Gr\u00f6\u00dfen<br \/>\n<\/strong><\/p>\n<ul>\n<li>Wolfram-Elektroden sind Elektroden, die beim WIG-Schwei\u00dfverfahren verwendet werden.<\/li>\n<li>Der Werkstoff Wolfram hat einen hohen Schmelzpunkt, einen geringen elektrischen Widerstand und eine hohe W\u00e4rmeleitf\u00e4higkeit<\/li>\n<li>Durch die Zugabe verschiedener Metalloxide k\u00f6nnen die Elektroden f\u00fcr unterschiedliche Schwei\u00dfergebnisse verwendet werden<\/li>\n<li>WIG-Schwei\u00dfen von rostfreiem Stahl und Eisenst\u00e4hlen<\/li>\n<li>Nicht-radioaktiv<\/li>\n<li>Geeignet f\u00fcr Gleich- und Wechselstrom<\/li>\n<li>BITTE BEACHTEN: Preis pro Box (siehe zweites Bild)<\/li>\n<\/ul>\n<p><strong>Technische Daten<\/strong><\/p>\n<ul>\n<li>L\u00e4nge - 175 mm<\/li>\n<li>Dicke - 1,6 mm \/ 2,4 mm \/ 3,2 mm<\/li>\n<li>Oxid - Seltene Erdmetalle, Mischoxid<\/li>\n<li>Farbe - Rosa<\/li>\n<\/ul>\n<p><strong>Umfang der Lieferung<\/strong><\/p>\n<ul>\n<li>Eggenberg Wolfram-Elektrode Rose - Verschiedene Gr\u00f6\u00dfen<\/li>\n<\/ul>","protected":false},"excerpt":{"rendered":"<p>Kenmerken Eggenberg Wolfraam elektrode Rose &#8211; Diverse maten Wolfram Elektroden zijn elektroden die tijdens het TIG-lasproces worden toegepast Het materiaal wolfraam heeft een hoog smeltpunt, lage elektrische weerstand en hoog warmtegeleidingsvermogen Door het toevoegen van verschillende metaaloxide kunnen de elektroden voor verschillende lasresultaten worden ingezet TIG lassen van roestvrij staal en ferro staal Niet radioactief [&hellip;]<\/p>\n","protected":false},"featured_media":331,"comment_status":"open","ping_status":"closed","template":"","meta":[],"product_brand":[22],"product_cat":[28,338,339],"product_tag":[],"class_list":{"0":"post-332","1":"product","2":"type-product","3":"status-publish","4":"has-post-thumbnail","6":"product_brand-eggenberg","7":"product_cat-lasbenodigdheden","8":"product_cat-laselektroden","9":"product_cat-wolfraam-tig-elektroden","11":"first","12":"instock","13":"shipping-taxable","14":"product-type-simple"},"ct_brands":[{"id":22,"name":"EGGENBERG","slug":"eggenberg"}],"yoast_head":"<!-- This site is optimized with the Yoast SEO plugin v27.3 - https:\/\/yoast.com\/product\/yoast-seo-wordpress\/ -->\n<title>Eggenberg Wolfraam elektrode Rose - Diverse maten - Globe Europe<\/title>\n<meta name=\"robots\" content=\"index, follow, max-snippet:-1, max-image-preview:large, max-video-preview:-1\" \/>\n<link rel=\"canonical\" href=\"https:\/\/globe-europe.nl\/de\/produkt\/eggenberg-wolfram-elektrode-rosa-verschiedene-groessen\/\" \/>\n<meta property=\"og:locale\" content=\"de_DE\" \/>\n<meta property=\"og:type\" content=\"article\" \/>\n<meta property=\"og:title\" content=\"Eggenberg Wolfraam elektrode Rose - Diverse maten - Globe Europe\" \/>\n<meta property=\"og:description\" content=\"Kenmerken Eggenberg Wolfraam elektrode Rose &#8211; Diverse maten Wolfram Elektroden zijn elektroden die tijdens het TIG-lasproces worden toegepast Het materiaal wolfraam heeft een hoog smeltpunt, lage elektrische weerstand en hoog warmtegeleidingsvermogen Door het toevoegen van verschillende metaaloxide kunnen de elektroden voor verschillende lasresultaten worden ingezet TIG lassen van roestvrij staal en ferro staal Niet radioactief [&hellip;]\" \/>\n<meta property=\"og:url\" content=\"https:\/\/globe-europe.nl\/de\/produkt\/eggenberg-wolfram-elektrode-rosa-verschiedene-groessen\/\" \/>\n<meta property=\"og:site_name\" content=\"Globe Europe\" \/>\n<meta property=\"article:modified_time\" content=\"2025-02-06T10:58:30+00:00\" \/>\n<meta property=\"og:image\" content=\"https:\/\/globe-europe.nl\/wp-content\/uploads\/2025\/02\/299.gif\" \/>\n\t<meta property=\"og:image:width\" content=\"700\" \/>\n\t<meta property=\"og:image:height\" content=\"700\" \/>\n\t<meta property=\"og:image:type\" content=\"image\/gif\" \/>\n<meta name=\"twitter:card\" content=\"summary_large_image\" \/>\n<meta name=\"twitter:label1\" content=\"Gesch\u00e4tzte Lesezeit\" \/>\n\t<meta name=\"twitter:data1\" content=\"1\u00a0Minute\" \/>\n<script type=\"application\/ld+json\" class=\"yoast-schema-graph\">{\"@context\":\"https:\\\/\\\/schema.org\",\"@graph\":[{\"@type\":\"WebPage\",\"@id\":\"https:\\\/\\\/globe-europe.nl\\\/product\\\/eggenberg-wolfraam-elektrode-rose-diverse-maten\\\/\",\"url\":\"https:\\\/\\\/globe-europe.nl\\\/product\\\/eggenberg-wolfraam-elektrode-rose-diverse-maten\\\/\",\"name\":\"Eggenberg Wolfraam elektrode Rose - Diverse maten - Globe Europe\",\"isPartOf\":{\"@id\":\"https:\\\/\\\/globe-europe.nl\\\/#website\"},\"primaryImageOfPage\":{\"@id\":\"https:\\\/\\\/globe-europe.nl\\\/product\\\/eggenberg-wolfraam-elektrode-rose-diverse-maten\\\/#primaryimage\"},\"image\":{\"@id\":\"https:\\\/\\\/globe-europe.nl\\\/product\\\/eggenberg-wolfraam-elektrode-rose-diverse-maten\\\/#primaryimage\"},\"thumbnailUrl\":\"https:\\\/\\\/globe-europe.nl\\\/wp-content\\\/uploads\\\/2025\\\/02\\\/299.gif\",\"datePublished\":\"2025-02-04T09:19:55+00:00\",\"dateModified\":\"2025-02-06T10:58:30+00:00\",\"breadcrumb\":{\"@id\":\"https:\\\/\\\/globe-europe.nl\\\/product\\\/eggenberg-wolfraam-elektrode-rose-diverse-maten\\\/#breadcrumb\"},\"inLanguage\":\"de\",\"potentialAction\":[{\"@type\":\"ReadAction\",\"target\":[\"https:\\\/\\\/globe-europe.nl\\\/product\\\/eggenberg-wolfraam-elektrode-rose-diverse-maten\\\/\"]}]},{\"@type\":\"ImageObject\",\"inLanguage\":\"de\",\"@id\":\"https:\\\/\\\/globe-europe.nl\\\/product\\\/eggenberg-wolfraam-elektrode-rose-diverse-maten\\\/#primaryimage\",\"url\":\"https:\\\/\\\/globe-europe.nl\\\/wp-content\\\/uploads\\\/2025\\\/02\\\/299.gif\",\"contentUrl\":\"https:\\\/\\\/globe-europe.nl\\\/wp-content\\\/uploads\\\/2025\\\/02\\\/299.gif\",\"width\":700,\"height\":700},{\"@type\":\"BreadcrumbList\",\"@id\":\"https:\\\/\\\/globe-europe.nl\\\/product\\\/eggenberg-wolfraam-elektrode-rose-diverse-maten\\\/#breadcrumb\",\"itemListElement\":[{\"@type\":\"ListItem\",\"position\":1,\"name\":\"Home\",\"item\":\"https:\\\/\\\/globe-europe.nl\\\/\"},{\"@type\":\"ListItem\",\"position\":2,\"name\":\"Winkel\",\"item\":\"https:\\\/\\\/globe-europe.nl\\\/winkel\\\/\"},{\"@type\":\"ListItem\",\"position\":3,\"name\":\"Eggenberg Wolfraam elektrode Rose &#8211; Diverse maten\"}]},{\"@type\":\"WebSite\",\"@id\":\"https:\\\/\\\/globe-europe.nl\\\/#website\",\"url\":\"https:\\\/\\\/globe-europe.nl\\\/\",\"name\":\"Globe Europe\",\"description\":\"\",\"publisher\":{\"@id\":\"https:\\\/\\\/globe-europe.nl\\\/#organization\"},\"potentialAction\":[{\"@type\":\"SearchAction\",\"target\":{\"@type\":\"EntryPoint\",\"urlTemplate\":\"https:\\\/\\\/globe-europe.nl\\\/?s={search_term_string}\"},\"query-input\":{\"@type\":\"PropertyValueSpecification\",\"valueRequired\":true,\"valueName\":\"search_term_string\"}}],\"inLanguage\":\"de\"},{\"@type\":\"Organization\",\"@id\":\"https:\\\/\\\/globe-europe.nl\\\/#organization\",\"name\":\"Globe Europe\",\"url\":\"https:\\\/\\\/globe-europe.nl\\\/\",\"logo\":{\"@type\":\"ImageObject\",\"inLanguage\":\"de\",\"@id\":\"https:\\\/\\\/globe-europe.nl\\\/#\\\/schema\\\/logo\\\/image\\\/\",\"url\":\"https:\\\/\\\/globe-europe.nl\\\/wp-content\\\/uploads\\\/2025\\\/02\\\/GLOBE-LOGO-WEB-GROOT.png\",\"contentUrl\":\"https:\\\/\\\/globe-europe.nl\\\/wp-content\\\/uploads\\\/2025\\\/02\\\/GLOBE-LOGO-WEB-GROOT.png\",\"width\":938,\"height\":404,\"caption\":\"Globe Europe\"},\"image\":{\"@id\":\"https:\\\/\\\/globe-europe.nl\\\/#\\\/schema\\\/logo\\\/image\\\/\"}}]}<\/script>\n<!-- \/ Yoast SEO plugin. -->","yoast_head_json":{"title":"Eggenberg Wolfram-Elektrode Rose - Verschiedene Gr\u00f6\u00dfen - Globe Europe","robots":{"index":"index","follow":"follow","max-snippet":"max-snippet:-1","max-image-preview":"max-image-preview:large","max-video-preview":"max-video-preview:-1"},"canonical":"https:\/\/globe-europe.nl\/de\/produkt\/eggenberg-wolfram-elektrode-rosa-verschiedene-groessen\/","og_locale":"de_DE","og_type":"article","og_title":"Eggenberg Wolfraam elektrode Rose - Diverse maten - Globe Europe","og_description":"Kenmerken Eggenberg Wolfraam elektrode Rose &#8211; Diverse maten Wolfram Elektroden zijn elektroden die tijdens het TIG-lasproces worden toegepast Het materiaal wolfraam heeft een hoog smeltpunt, lage elektrische weerstand en hoog warmtegeleidingsvermogen Door het toevoegen van verschillende metaaloxide kunnen de elektroden voor verschillende lasresultaten worden ingezet TIG lassen van roestvrij staal en ferro staal Niet radioactief [&hellip;]","og_url":"https:\/\/globe-europe.nl\/de\/produkt\/eggenberg-wolfram-elektrode-rosa-verschiedene-groessen\/","og_site_name":"Globe Europe","article_modified_time":"2025-02-06T10:58:30+00:00","og_image":[{"width":700,"height":700,"url":"https:\/\/globe-europe.nl\/wp-content\/uploads\/2025\/02\/299.gif","type":"image\/gif"}],"twitter_card":"summary_large_image","twitter_misc":{"Gesch\u00e4tzte Lesezeit":"1\u00a0Minute"},"schema":{"@context":"https:\/\/schema.org","@graph":[{"@type":"WebPage","@id":"https:\/\/globe-europe.nl\/product\/eggenberg-wolfraam-elektrode-rose-diverse-maten\/","url":"https:\/\/globe-europe.nl\/product\/eggenberg-wolfraam-elektrode-rose-diverse-maten\/","name":"Eggenberg Wolfram-Elektrode Rose - Verschiedene Gr\u00f6\u00dfen - Globe Europe","isPartOf":{"@id":"https:\/\/globe-europe.nl\/#website"},"primaryImageOfPage":{"@id":"https:\/\/globe-europe.nl\/product\/eggenberg-wolfraam-elektrode-rose-diverse-maten\/#primaryimage"},"image":{"@id":"https:\/\/globe-europe.nl\/product\/eggenberg-wolfraam-elektrode-rose-diverse-maten\/#primaryimage"},"thumbnailUrl":"https:\/\/globe-europe.nl\/wp-content\/uploads\/2025\/02\/299.gif","datePublished":"2025-02-04T09:19:55+00:00","dateModified":"2025-02-06T10:58:30+00:00","breadcrumb":{"@id":"https:\/\/globe-europe.nl\/product\/eggenberg-wolfraam-elektrode-rose-diverse-maten\/#breadcrumb"},"inLanguage":"de","potentialAction":[{"@type":"ReadAction","target":["https:\/\/globe-europe.nl\/product\/eggenberg-wolfraam-elektrode-rose-diverse-maten\/"]}]},{"@type":"ImageObject","inLanguage":"de","@id":"https:\/\/globe-europe.nl\/product\/eggenberg-wolfraam-elektrode-rose-diverse-maten\/#primaryimage","url":"https:\/\/globe-europe.nl\/wp-content\/uploads\/2025\/02\/299.gif","contentUrl":"https:\/\/globe-europe.nl\/wp-content\/uploads\/2025\/02\/299.gif","width":700,"height":700},{"@type":"BreadcrumbList","@id":"https:\/\/globe-europe.nl\/product\/eggenberg-wolfraam-elektrode-rose-diverse-maten\/#breadcrumb","itemListElement":[{"@type":"ListItem","position":1,"name":"Home","item":"https:\/\/globe-europe.nl\/"},{"@type":"ListItem","position":2,"name":"Winkel","item":"https:\/\/globe-europe.nl\/winkel\/"},{"@type":"ListItem","position":3,"name":"Eggenberg Wolfraam elektrode Rose &#8211; Diverse maten"}]},{"@type":"WebSite","@id":"https:\/\/globe-europe.nl\/#website","url":"https:\/\/globe-europe.nl\/","name":"Globe Europe","description":"","publisher":{"@id":"https:\/\/globe-europe.nl\/#organization"},"potentialAction":[{"@type":"SearchAction","target":{"@type":"EntryPoint","urlTemplate":"https:\/\/globe-europe.nl\/?s={search_term_string}"},"query-input":{"@type":"PropertyValueSpecification","valueRequired":true,"valueName":"search_term_string"}}],"inLanguage":"de"},{"@type":"Organization","@id":"https:\/\/globe-europe.nl\/#organization","name":"Globe Europe","url":"https:\/\/globe-europe.nl\/","logo":{"@type":"ImageObject","inLanguage":"de","@id":"https:\/\/globe-europe.nl\/#\/schema\/logo\/image\/","url":"https:\/\/globe-europe.nl\/wp-content\/uploads\/2025\/02\/GLOBE-LOGO-WEB-GROOT.png","contentUrl":"https:\/\/globe-europe.nl\/wp-content\/uploads\/2025\/02\/GLOBE-LOGO-WEB-GROOT.png","width":938,"height":404,"caption":"Globe Europe"},"image":{"@id":"https:\/\/globe-europe.nl\/#\/schema\/logo\/image\/"}}]}},"_links":{"self":[{"href":"https:\/\/globe-europe.nl\/de\/wp-json\/wp\/v2\/product\/332","targetHints":{"allow":["GET"]}}],"collection":[{"href":"https:\/\/globe-europe.nl\/de\/wp-json\/wp\/v2\/product"}],"about":[{"href":"https:\/\/globe-europe.nl\/de\/wp-json\/wp\/v2\/types\/product"}],"replies":[{"embeddable":true,"href":"https:\/\/globe-europe.nl\/de\/wp-json\/wp\/v2\/comments?post=332"}],"wp:featuredmedia":[{"embeddable":true,"href":"https:\/\/globe-europe.nl\/de\/wp-json\/wp\/v2\/media\/331"}],"wp:attachment":[{"href":"https:\/\/globe-europe.nl\/de\/wp-json\/wp\/v2\/media?parent=332"}],"wp:term":[{"taxonomy":"product_brand","embeddable":true,"href":"https:\/\/globe-europe.nl\/de\/wp-json\/wp\/v2\/product_brand?post=332"},{"taxonomy":"product_cat","embeddable":true,"href":"https:\/\/globe-europe.nl\/de\/wp-json\/wp\/v2\/product_cat?post=332"},{"taxonomy":"product_tag","embeddable":true,"href":"https:\/\/globe-europe.nl\/de\/wp-json\/wp\/v2\/product_tag?post=332"}],"curies":[{"name":"wp","href":"https:\/\/api.w.org\/{rel}","templated":true}]}}