{"id":371,"date":"2025-02-04T09:20:35","date_gmt":"2025-02-04T09:20:35","guid":{"rendered":"https:\/\/globe-europe.nl\/product\/eggenberg-tig200p-tig-lasapparaat-10-200a-dc-hf-pulse-230v\/"},"modified":"2025-02-19T09:25:33","modified_gmt":"2025-02-19T09:25:33","slug":"eggenberg-tig200p-tig-schweissgeraet-10-200a-dc-hf-puls-230v","status":"publish","type":"product","link":"https:\/\/globe-europe.nl\/de\/product\/eggenberg-tig200p-tig-lasapparaat-10-200a-dc-hf-pulse-230v\/","title":{"rendered":"Eggenberg TIG200P WIG-Schweissger\u00e4t 10-200A DC\/HF PULSE 230V"},"content":{"rendered":"<p><strong>Eigenschaften Eggenberg TIG200P WIG-Schwei\u00dfger\u00e4t 10-200A DC\/HF PULSE 230V<\/strong><\/p>\n<p>Das Eggenberg WIG200P WIG-Schwei\u00dfger\u00e4t DC\/HF PULSE 200A bei 230 Volt ist mit allen Funktionen ausgestattet, die sich ein professioneller WIG-Schwei\u00dfer w\u00fcnschen kann. Dieses tragbare Eggenberg WIG-Schwei\u00dfger\u00e4t ist ein handliches und leicht zu bedienendes Ger\u00e4t, das eine gro\u00dfe Bandbreite an Materialien mit verschiedenen Schwei\u00dfverfahren verarbeitet, darunter\u00a0<strong>WIG, WIG-Impuls und MMA<\/strong>\u00a0Schwei\u00dfen. Die Einstell- und Auswahltasten erleichtern die korrekte Einstellung aller Parameter des TIG200P und sorgen daf\u00fcr, dass jede Schwei\u00dfaufgabe mit hochwertigen Ergebnissen abgeschlossen wird.<\/p>\n<ul>\n<li>Das digitale, stufenlos einstellbare Display zeigt die Schwei\u00dfprozesse und Optionen sehr \u00fcbersichtlich an. Dank der HF-Z\u00fcndung l\u00e4uft das Ger\u00e4t jederzeit reibungslos an.<\/li>\n<li>Durch die\u00a0<strong>HOT-Start\/Anti-Stick-Funktion<\/strong>\u00a0wird der Schwei\u00dfstrom schnell erh\u00f6ht, so dass beim<strong>\u00a0MMA-Schwei\u00dfen<\/strong>\u00a0die Elektrode nicht am Werkst\u00fcck haften bleibt.<\/li>\n<li>Ideal zum Schwei\u00dfen von rostfreiem Stahl, Kohlenstoffstahl, niedrig legiertem Stahl und Kupfer.<\/li>\n<li>HF-Z\u00fcndung, Auf- und Abstiegssteuerung,<strong>\u00a02 - 4 Takt<\/strong>Gasnachstr\u00f6mung und Pulsfrequenzsteuerung<\/li>\n<li>Digitale Steuerungstechnik, intelligente Ein-Knopf-Bedienung, min. Wechselstrom kann 10A sein.<\/li>\n<li><em><strong>9-poliger Stecker<\/strong>\u00a0- universell einsetzbar mit Brennern verschiedener anderer A-Marken aus dem Sortiment von BJC Tools.<\/em><\/li>\n<\/ul>\n<p>Die moderne\u00a0<strong>IGBT-Wechselrichter-Technologie<\/strong>\u00a0stellt sicher, dass die TIG200P eine dauerhafte Leistung mit mehr Kraft und h\u00f6herer Einschaltdauer liefert. Ein \u00dcberlastungsschutz in Kombination mit einem eingebauten L\u00fcfter verhindert \u00dcberhitzung und sorgt f\u00fcr eine hochwertige Schwei\u00dfleistung \u00fcber einen langen Zeitraum.<\/p>\n<div class=\"icon-body\">\n<div class=\"icon-text\">\n<p><strong>Eigenschaften<\/strong><\/p>\n<ul>\n<li class=\"read-more-selector--extended\"><i>Digital <\/i>- Insbesondere die Einstellung aller Parameter ist \u00fcber das \u00fcbersichtliche Bedienfeld besonders einfach. Der Drehknopf und die Tasten zur Auswahl von Funktionen und Schwei\u00dfparametern sind gut zug\u00e4nglich und auch mit Schwei\u00dfhandschuhen einfach zu bedienen. Die intuitive Men\u00fcf\u00fchrung erm\u00f6glicht die m\u00fchelose Einstellung aller Werte, wie Pulsfrequenz, Gasnachstr\u00f6mzeit oder Schwei\u00dfstrom. Alle gew\u00e4hlten Parameter sind auf dem LED-Display gut sichtbar.<\/li>\n<li class=\"icon-body\">\n<div class=\"product_icon_welding_pulse_function svg-icon\"><em>Puls <\/em>- Die Pulsfunktion ist besonders beim Schwei\u00dfen von d\u00fcnnen Blechen n\u00fctzlich. Auch unter schwierigen Bedingungen kann der Lichtbogen stabilisiert werden, da die Pulsfrequenz bis zu 200 Hz geregelt werden kann. Auch beim Schwei\u00dfen mit Impulsstrom lassen sich verschiedene Parameter wie Anfangs-, Grund- oder Endstrom w\u00e4hlen und mit dem Drehknopf optimal auf das Werkst\u00fcck einstellen.<\/div>\n<\/li>\n<li class=\"icon-body\">\n<div class=\"product_icon_welding_pulse_function svg-icon\"><em>IGBT <\/em>- Der moderne IGBT-Konverter besticht durch die pr\u00e4zise Umsetzung der gew\u00e4hlten Schwei\u00dfparameter und erm\u00f6glicht so perfekte Schwei\u00dfungen. Dar\u00fcber hinaus unterst\u00fctzt er das m\u00fchelose Umschalten zwischen typischen WIG-Schwei\u00dffunktionen und das einfache Umschalten zwischen 2- oder 4-Takt-Schwei\u00dfen. Die Aktivierung des Schwei\u00dflichtbogens erfolgt \u00fcber die bew\u00e4hrte Hochfrequenzz\u00fcndung (HF).<\/div>\n<\/li>\n<li class=\"icon-body\">\n<div class=\"product_icon_welding_pulse_function svg-icon\"><em>WIG <\/em>- Der ergonomisch geformte Schwei\u00dfbrenner erzeugt beim WIG-Schwei\u00dfen wenig Funken und Spritzer und erm\u00f6glicht hochwertige, saubere Schwei\u00dfn\u00e4hte, die sich kaum verformen. Das WIG-Schwei\u00dfverfahren des IOTA 200 Schwei\u00dfger\u00e4ts arbeitet mit Gleichstrom (DC) und kann daher f\u00fcr fast alle Metalle und deren Legierungen, wie Kupfer, Nickel, Titan oder Stahl, verwendet werden. Das Schwei\u00dfen ist aus verschiedenen Positionen m\u00f6glich, ob vertikal, horizontal oder \u00fcber Kopf.<\/div>\n<\/li>\n<li class=\"icon-body\">\n<div class=\"product_icon_welding_pulse_function svg-icon\"><em>MMA <\/em>- Das E-Hand-Schwei\u00dfen (MMA) erfordert kein zus\u00e4tzliches Gas und kann auch bei starkem Wind im Freien durchgef\u00fchrt werden. Das Schwei\u00dfger\u00e4t erzeugt einen sehr stabilen Strom und h\u00e4lt die Spannung sicher. Dadurch werden sehr gute Schwei\u00dfergebnisse bei einer Vielzahl von Metallen erzielt.<\/div>\n<\/li>\n<li class=\"icon-body\">\n<div class=\"product_icon_welding_pulse_function svg-icon\"><em>HOT-Start <\/em>- Die Hot-Start-Funktion des Elektrodenschwei\u00dfger\u00e4tes sorgt f\u00fcr einen kurzzeitig erh\u00f6hten Schwei\u00dfstrom zu Beginn des Schwei\u00dfprozesses. Dieser \"Hot-Start\" erw\u00e4rmt die Schwei\u00dfnaht am Startpunkt optimal, verhindert das Festkleben der Elektrode und sorgt f\u00fcr eine stabile Schwei\u00dfung vom ersten Moment an.<\/div>\n<\/li>\n<li class=\"icon-body\">\n<div class=\"product_icon_welding_pulse_function svg-icon\"><em>ARC-Force <\/em>- Mit der ARC FORCE-Funktion kann der Lichtbogen je nach dem zu schwei\u00dfenden Material und der gew\u00fcnschten Dichte der Schwei\u00dfnaht eingestellt werden. \u00dcber das digitale Bedienfeld k\u00f6nnen Sie die Stromst\u00e4rke f\u00fcr ARC Force und die Dauer f\u00fcr den Hei\u00dfstart einstellen.<\/div>\n<\/li>\n<li class=\"icon-body\">\n<div class=\"product_icon_welding_pulse_function svg-icon\"><em>MMA-HOLDER<\/em> - Die E-Hand-Zange h\u00e4lt auch gro\u00dfe Elektroden bis zu 5 mm Durchmesser. Mit dem E-Hand-Schwei\u00dfverfahren schwei\u00dft das Ger\u00e4t Materialien mit einer St\u00e4rke von 1,5 bis 10 mm, wie z. B. Stahl, Eisen, Gusseisen, Nickel oder Kupfer. Mit dem Schwei\u00dfger\u00e4t k\u00f6nnen Installationen und Wartungsarbeiten an Gel\u00e4ndern, Treppen, Toren und T\u00fcren, Beh\u00e4ltern oder Anlagen aus Metall professionell durchgef\u00fchrt werden.<\/div>\n<\/li>\n<li class=\"icon-body\">\n<div class=\"product_icon_welding_pulse_function svg-icon\"><em>Fan <\/em>- Die leistungsstarke Luftk\u00fchlung des Schwei\u00dfger\u00e4ts und der \u00dcberhitzungsschutz, der neben der LED-Anzeige angezeigt wird, gew\u00e4hrleisten die Zuverl\u00e4ssigkeit und die lange Lebensdauer dieses Schwei\u00dfger\u00e4ts. Ein Griff in einem stabilen Metallgeh\u00e4use erleichtert den Transport des Ger\u00e4ts, und die mitgelieferten Schl\u00e4uche und Kabel mit einer L\u00e4nge von 2,6 bis 3,7 m sorgen f\u00fcr maximale Bewegungsfreiheit beim Schwei\u00dfen.<\/div>\n<\/li>\n<\/ul>\n<p><strong>Technische Daten<\/strong><\/p>\n<ul>\n<li>Spannung - 230V - 1 Phase<\/li>\n<li>Frequenz - 50\/60Hz<\/li>\n<li>Sicherung - 16A C-Charakteristik<\/li>\n<li>Eingangsleistung - 7,2 kVA<\/li>\n<li>Einschaltspannung - 66V<\/li>\n<li>Einschaltdauer (bei 25 Grad Umgebungstemperatur) - 60% - 200A<\/li>\n<li>Einschaltdauer (bei 40 Grad Umgebungstemperatur) - 30% - 200A<\/li>\n<li>Schwei\u00dfstrombereich -\n<ul>\n<li>WIG - 10 - 200A<\/li>\n<li>MMA - 30 - 160A<\/li>\n<\/ul>\n<\/li>\n<li>Dicke der Schwei\u00dfnaht - 0,3 - 5,0 mm<\/li>\n<li>Gasanschluss - 14G gerades Gewinde<\/li>\n<li>Schutzart - IP21S<\/li>\n<li>Abmessungen - 405 x 160 x 310 mm<\/li>\n<li>Gewicht - 7,5 kg<\/li>\n<\/ul>\n<p><strong>Umfang der Lieferung<\/strong><\/p>\n<ul>\n<li>Eggenberg TIG200P WIG-Schweissmaschine 200A<\/li>\n<li>Wird in einem stabilen Koffer mit Zubeh\u00f6r geliefert:\n<ul>\n<li>Eggenberg WP26 WIG-Brenner mit 4M Kabel<\/li>\n<li>Werkst\u00fcckspanner mit 4M 16mm\u00b2 Kabel<\/li>\n<li>Standard 13mm Dinse Kabelkupplung<\/li>\n<li>Neopren-Stromkabel 2m 3\u00d72,5mm\u00b2 Kabel<\/li>\n<li>Handbuch<\/li>\n<\/ul>\n<\/li>\n<li><strong>Optional:\u00a0<\/strong>2m Gasleitung inklusive Schlauchschellen<img loading=\"lazy\" decoding=\"async\" class=\"wp-image-401397 alignright\" src=\"https:\/\/b4g9d4w8.rocketcdn.me\/wp-content\/uploads\/2022\/07\/EGGENBERG-WELDER-RANGE.jpg\" sizes=\"auto, (max-width: 1200px) 100vw, 1200px\" srcset=\"https:\/\/b4g9d4w8.rocketcdn.me\/wp-content\/uploads\/2022\/07\/EGGENBERG-WELDER-RANGE.jpg 1200w, https:\/\/b4g9d4w8.rocketcdn.me\/wp-content\/uploads\/2022\/07\/EGGENBERG-WELDER-RANGE-640x247.jpg 640w, https:\/\/b4g9d4w8.rocketcdn.me\/wp-content\/uploads\/2022\/07\/EGGENBERG-WELDER-RANGE-400x155.jpg 400w, https:\/\/b4g9d4w8.rocketcdn.me\/wp-content\/uploads\/2022\/07\/EGGENBERG-WELDER-RANGE-546x211.jpg 546w\" alt=\"\" width=\"509\" height=\"197\" \/><\/li>\n<\/ul>\n<p><strong>Dokumente<\/strong><\/p>\n<div class=\"button5\"><a href=\"https:\/\/b4g9d4w8.rocketcdn.me\/wp-content\/uploads\/2022\/07\/202202-MANUAL-EN.pdf\" target=\"_blank\" rel=\"noopener noreferrer\"><img loading=\"lazy\" decoding=\"async\" src=\"https:\/\/b4g9d4w8.rocketcdn.me\/wp-content\/uploads\/2018\/07\/pdf.png\" width=\"57\" height=\"57\" \/><br \/>\nHandbuch<\/a><\/div>\n<div><\/div>\n<div><\/div>\n<\/div>\n<\/div>","protected":false},"excerpt":{"rendered":"<ul>\n<li><strong>Vielseitiges WIG- und MMA-Schwei\u00dfger\u00e4t (10-200A)<\/strong> - geeignet f\u00fcr rostfreien Stahl, Stahl, Kupfer und mehr<\/li>\n<li><strong>Digitale Steuerung und LCD-Display<\/strong> - einfache Einstellung von Pulsfrequenz, Gasnachstr\u00f6mung und Schwei\u00dfstrom<\/li>\n<li><strong>HF-Z\u00fcndung &amp; Impulsfunktion<\/strong> - stabiler Lichtbogen und optimale Kontrolle bei d\u00fcnnen Blechen<\/li>\n<li><strong>IGBT-Wechselrichter-Technologie<\/strong> - energieeffizient, leistungsstark und langlebig<\/li>\n<li><strong>Tragbar und robust (7,5 kg)<\/strong> - kompaktes Design mit ergonomischem Griff f\u00fcr flexiblen Einsatz<\/li>\n<\/ul>","protected":false},"featured_media":370,"comment_status":"open","ping_status":"closed","template":"","meta":[],"product_brand":[22],"product_cat":[27,18,35],"product_tag":[],"class_list":{"0":"post-371","1":"product","2":"type-product","3":"status-publish","4":"has-post-thumbnail","6":"product_brand-eggenberg","7":"product_cat-lasapparaat","8":"product_cat-machines","9":"product_cat-tig-lasapparaat","11":"first","12":"instock","13":"shipping-taxable","14":"product-type-simple"},"ct_brands":[{"id":22,"name":"EGGENBERG","slug":"eggenberg"}],"yoast_head":"<!-- This site is optimized with the Yoast SEO plugin v27.3 - https:\/\/yoast.com\/product\/yoast-seo-wordpress\/ -->\n<title>Eggenberg TIG200P TIG Lasapparaat 200A | DC\/HF Pulse | 230V - Globe Europe<\/title>\n<meta name=\"description\" content=\"Eggenberg TIG200P lasapparaat 200A met DC\/HF PULSE. Geschikt voor TIG &amp; MMA-lassen, RVS en staal. Incl. digitale display, HF ontsteking en IGBT-technologie.\" \/>\n<meta name=\"robots\" content=\"index, follow, max-snippet:-1, max-image-preview:large, max-video-preview:-1\" \/>\n<link rel=\"canonical\" href=\"https:\/\/globe-europe.nl\/de\/produkt\/eggenberg-tig200p-tig-schweissgeraet-10-200a-dc-hf-puls-230v\/\" \/>\n<meta property=\"og:locale\" content=\"de_DE\" \/>\n<meta property=\"og:type\" content=\"article\" \/>\n<meta property=\"og:title\" content=\"Eggenberg TIG200P TIG Lasapparaat 200A | DC\/HF Pulse | 230V - Globe Europe\" \/>\n<meta property=\"og:description\" content=\"Eggenberg TIG200P lasapparaat 200A met DC\/HF PULSE. Geschikt voor TIG &amp; MMA-lassen, RVS en staal. Incl. digitale display, HF ontsteking en IGBT-technologie.\" \/>\n<meta property=\"og:url\" content=\"https:\/\/globe-europe.nl\/de\/produkt\/eggenberg-tig200p-tig-schweissgeraet-10-200a-dc-hf-puls-230v\/\" \/>\n<meta property=\"og:site_name\" content=\"Globe Europe\" \/>\n<meta property=\"article:modified_time\" content=\"2025-02-19T09:25:33+00:00\" \/>\n<meta property=\"og:image\" content=\"https:\/\/globe-europe.nl\/wp-content\/uploads\/2025\/02\/EGGENBERG-TIG200-06-WEB.jpg\" \/>\n\t<meta property=\"og:image:width\" content=\"700\" \/>\n\t<meta property=\"og:image:height\" content=\"700\" \/>\n\t<meta property=\"og:image:type\" content=\"image\/jpeg\" \/>\n<meta name=\"twitter:card\" content=\"summary_large_image\" \/>\n<meta name=\"twitter:label1\" content=\"Gesch\u00e4tzte Lesezeit\" \/>\n\t<meta name=\"twitter:data1\" content=\"5\u00a0Minuten\" \/>\n<script type=\"application\/ld+json\" class=\"yoast-schema-graph\">{\"@context\":\"https:\\\/\\\/schema.org\",\"@graph\":[{\"@type\":\"WebPage\",\"@id\":\"https:\\\/\\\/globe-europe.nl\\\/product\\\/eggenberg-tig200p-tig-lasapparaat-10-200a-dc-hf-pulse-230v\\\/\",\"url\":\"https:\\\/\\\/globe-europe.nl\\\/product\\\/eggenberg-tig200p-tig-lasapparaat-10-200a-dc-hf-pulse-230v\\\/\",\"name\":\"Eggenberg TIG200P TIG Lasapparaat 200A | DC\\\/HF Pulse | 230V - Globe Europe\",\"isPartOf\":{\"@id\":\"https:\\\/\\\/globe-europe.nl\\\/#website\"},\"primaryImageOfPage\":{\"@id\":\"https:\\\/\\\/globe-europe.nl\\\/product\\\/eggenberg-tig200p-tig-lasapparaat-10-200a-dc-hf-pulse-230v\\\/#primaryimage\"},\"image\":{\"@id\":\"https:\\\/\\\/globe-europe.nl\\\/product\\\/eggenberg-tig200p-tig-lasapparaat-10-200a-dc-hf-pulse-230v\\\/#primaryimage\"},\"thumbnailUrl\":\"https:\\\/\\\/globe-europe.nl\\\/wp-content\\\/uploads\\\/2025\\\/02\\\/EGGENBERG-TIG200-06-WEB.jpg\",\"datePublished\":\"2025-02-04T09:20:35+00:00\",\"dateModified\":\"2025-02-19T09:25:33+00:00\",\"description\":\"Eggenberg TIG200P lasapparaat 200A met DC\\\/HF PULSE. Geschikt voor TIG & MMA-lassen, RVS en staal. Incl. digitale display, HF ontsteking en IGBT-technologie.\",\"breadcrumb\":{\"@id\":\"https:\\\/\\\/globe-europe.nl\\\/product\\\/eggenberg-tig200p-tig-lasapparaat-10-200a-dc-hf-pulse-230v\\\/#breadcrumb\"},\"inLanguage\":\"de\",\"potentialAction\":[{\"@type\":\"ReadAction\",\"target\":[\"https:\\\/\\\/globe-europe.nl\\\/product\\\/eggenberg-tig200p-tig-lasapparaat-10-200a-dc-hf-pulse-230v\\\/\"]}]},{\"@type\":\"ImageObject\",\"inLanguage\":\"de\",\"@id\":\"https:\\\/\\\/globe-europe.nl\\\/product\\\/eggenberg-tig200p-tig-lasapparaat-10-200a-dc-hf-pulse-230v\\\/#primaryimage\",\"url\":\"https:\\\/\\\/globe-europe.nl\\\/wp-content\\\/uploads\\\/2025\\\/02\\\/EGGENBERG-TIG200-06-WEB.jpg\",\"contentUrl\":\"https:\\\/\\\/globe-europe.nl\\\/wp-content\\\/uploads\\\/2025\\\/02\\\/EGGENBERG-TIG200-06-WEB.jpg\",\"width\":700,\"height\":700},{\"@type\":\"BreadcrumbList\",\"@id\":\"https:\\\/\\\/globe-europe.nl\\\/product\\\/eggenberg-tig200p-tig-lasapparaat-10-200a-dc-hf-pulse-230v\\\/#breadcrumb\",\"itemListElement\":[{\"@type\":\"ListItem\",\"position\":1,\"name\":\"Home\",\"item\":\"https:\\\/\\\/globe-europe.nl\\\/\"},{\"@type\":\"ListItem\",\"position\":2,\"name\":\"Winkel\",\"item\":\"https:\\\/\\\/globe-europe.nl\\\/winkel\\\/\"},{\"@type\":\"ListItem\",\"position\":3,\"name\":\"Eggenberg TIG200P TIG Lasapparaat 10-200A DC\\\/HF PULSE 230V\"}]},{\"@type\":\"WebSite\",\"@id\":\"https:\\\/\\\/globe-europe.nl\\\/#website\",\"url\":\"https:\\\/\\\/globe-europe.nl\\\/\",\"name\":\"Globe Europe\",\"description\":\"\",\"publisher\":{\"@id\":\"https:\\\/\\\/globe-europe.nl\\\/#organization\"},\"potentialAction\":[{\"@type\":\"SearchAction\",\"target\":{\"@type\":\"EntryPoint\",\"urlTemplate\":\"https:\\\/\\\/globe-europe.nl\\\/?s={search_term_string}\"},\"query-input\":{\"@type\":\"PropertyValueSpecification\",\"valueRequired\":true,\"valueName\":\"search_term_string\"}}],\"inLanguage\":\"de\"},{\"@type\":\"Organization\",\"@id\":\"https:\\\/\\\/globe-europe.nl\\\/#organization\",\"name\":\"Globe Europe\",\"url\":\"https:\\\/\\\/globe-europe.nl\\\/\",\"logo\":{\"@type\":\"ImageObject\",\"inLanguage\":\"de\",\"@id\":\"https:\\\/\\\/globe-europe.nl\\\/#\\\/schema\\\/logo\\\/image\\\/\",\"url\":\"https:\\\/\\\/globe-europe.nl\\\/wp-content\\\/uploads\\\/2025\\\/02\\\/GLOBE-LOGO-WEB-GROOT.png\",\"contentUrl\":\"https:\\\/\\\/globe-europe.nl\\\/wp-content\\\/uploads\\\/2025\\\/02\\\/GLOBE-LOGO-WEB-GROOT.png\",\"width\":938,\"height\":404,\"caption\":\"Globe Europe\"},\"image\":{\"@id\":\"https:\\\/\\\/globe-europe.nl\\\/#\\\/schema\\\/logo\\\/image\\\/\"}}]}<\/script>\n<!-- \/ Yoast SEO plugin. -->","yoast_head_json":{"title":"Eggenberg TIG200P WIG-Schwei\u00dfger\u00e4t 200A | DC\/HF-Impuls | 230V - Globus Europa","description":"Eggenberg TIG200P Schwei\u00dfger\u00e4t 200A mit DC\/HF PULSE. Geeignet f\u00fcr WIG- und MMA-Schwei\u00dfen, Edelstahl und Stahl. Inkl. Digitalanzeige, HF-Z\u00fcndung und IGBT-Technologie.","robots":{"index":"index","follow":"follow","max-snippet":"max-snippet:-1","max-image-preview":"max-image-preview:large","max-video-preview":"max-video-preview:-1"},"canonical":"https:\/\/globe-europe.nl\/de\/produkt\/eggenberg-tig200p-tig-schweissgeraet-10-200a-dc-hf-puls-230v\/","og_locale":"de_DE","og_type":"article","og_title":"Eggenberg TIG200P TIG Lasapparaat 200A | DC\/HF Pulse | 230V - Globe Europe","og_description":"Eggenberg TIG200P lasapparaat 200A met DC\/HF PULSE. Geschikt voor TIG & MMA-lassen, RVS en staal. Incl. digitale display, HF ontsteking en IGBT-technologie.","og_url":"https:\/\/globe-europe.nl\/de\/produkt\/eggenberg-tig200p-tig-schweissgeraet-10-200a-dc-hf-puls-230v\/","og_site_name":"Globe Europe","article_modified_time":"2025-02-19T09:25:33+00:00","og_image":[{"width":700,"height":700,"url":"https:\/\/globe-europe.nl\/wp-content\/uploads\/2025\/02\/EGGENBERG-TIG200-06-WEB.jpg","type":"image\/jpeg"}],"twitter_card":"summary_large_image","twitter_misc":{"Gesch\u00e4tzte Lesezeit":"5\u00a0Minuten"},"schema":{"@context":"https:\/\/schema.org","@graph":[{"@type":"WebPage","@id":"https:\/\/globe-europe.nl\/product\/eggenberg-tig200p-tig-lasapparaat-10-200a-dc-hf-pulse-230v\/","url":"https:\/\/globe-europe.nl\/product\/eggenberg-tig200p-tig-lasapparaat-10-200a-dc-hf-pulse-230v\/","name":"Eggenberg TIG200P WIG-Schwei\u00dfger\u00e4t 200A | DC\/HF-Impuls | 230V - Globus Europa","isPartOf":{"@id":"https:\/\/globe-europe.nl\/#website"},"primaryImageOfPage":{"@id":"https:\/\/globe-europe.nl\/product\/eggenberg-tig200p-tig-lasapparaat-10-200a-dc-hf-pulse-230v\/#primaryimage"},"image":{"@id":"https:\/\/globe-europe.nl\/product\/eggenberg-tig200p-tig-lasapparaat-10-200a-dc-hf-pulse-230v\/#primaryimage"},"thumbnailUrl":"https:\/\/globe-europe.nl\/wp-content\/uploads\/2025\/02\/EGGENBERG-TIG200-06-WEB.jpg","datePublished":"2025-02-04T09:20:35+00:00","dateModified":"2025-02-19T09:25:33+00:00","description":"Eggenberg TIG200P Schwei\u00dfger\u00e4t 200A mit DC\/HF PULSE. Geeignet f\u00fcr WIG- und MMA-Schwei\u00dfen, Edelstahl und Stahl. Inkl. Digitalanzeige, HF-Z\u00fcndung und IGBT-Technologie.","breadcrumb":{"@id":"https:\/\/globe-europe.nl\/product\/eggenberg-tig200p-tig-lasapparaat-10-200a-dc-hf-pulse-230v\/#breadcrumb"},"inLanguage":"de","potentialAction":[{"@type":"ReadAction","target":["https:\/\/globe-europe.nl\/product\/eggenberg-tig200p-tig-lasapparaat-10-200a-dc-hf-pulse-230v\/"]}]},{"@type":"ImageObject","inLanguage":"de","@id":"https:\/\/globe-europe.nl\/product\/eggenberg-tig200p-tig-lasapparaat-10-200a-dc-hf-pulse-230v\/#primaryimage","url":"https:\/\/globe-europe.nl\/wp-content\/uploads\/2025\/02\/EGGENBERG-TIG200-06-WEB.jpg","contentUrl":"https:\/\/globe-europe.nl\/wp-content\/uploads\/2025\/02\/EGGENBERG-TIG200-06-WEB.jpg","width":700,"height":700},{"@type":"BreadcrumbList","@id":"https:\/\/globe-europe.nl\/product\/eggenberg-tig200p-tig-lasapparaat-10-200a-dc-hf-pulse-230v\/#breadcrumb","itemListElement":[{"@type":"ListItem","position":1,"name":"Home","item":"https:\/\/globe-europe.nl\/"},{"@type":"ListItem","position":2,"name":"Winkel","item":"https:\/\/globe-europe.nl\/winkel\/"},{"@type":"ListItem","position":3,"name":"Eggenberg TIG200P TIG Lasapparaat 10-200A DC\/HF PULSE 230V"}]},{"@type":"WebSite","@id":"https:\/\/globe-europe.nl\/#website","url":"https:\/\/globe-europe.nl\/","name":"Globe Europe","description":"","publisher":{"@id":"https:\/\/globe-europe.nl\/#organization"},"potentialAction":[{"@type":"SearchAction","target":{"@type":"EntryPoint","urlTemplate":"https:\/\/globe-europe.nl\/?s={search_term_string}"},"query-input":{"@type":"PropertyValueSpecification","valueRequired":true,"valueName":"search_term_string"}}],"inLanguage":"de"},{"@type":"Organization","@id":"https:\/\/globe-europe.nl\/#organization","name":"Globe Europe","url":"https:\/\/globe-europe.nl\/","logo":{"@type":"ImageObject","inLanguage":"de","@id":"https:\/\/globe-europe.nl\/#\/schema\/logo\/image\/","url":"https:\/\/globe-europe.nl\/wp-content\/uploads\/2025\/02\/GLOBE-LOGO-WEB-GROOT.png","contentUrl":"https:\/\/globe-europe.nl\/wp-content\/uploads\/2025\/02\/GLOBE-LOGO-WEB-GROOT.png","width":938,"height":404,"caption":"Globe Europe"},"image":{"@id":"https:\/\/globe-europe.nl\/#\/schema\/logo\/image\/"}}]}},"_links":{"self":[{"href":"https:\/\/globe-europe.nl\/de\/wp-json\/wp\/v2\/product\/371","targetHints":{"allow":["GET"]}}],"collection":[{"href":"https:\/\/globe-europe.nl\/de\/wp-json\/wp\/v2\/product"}],"about":[{"href":"https:\/\/globe-europe.nl\/de\/wp-json\/wp\/v2\/types\/product"}],"replies":[{"embeddable":true,"href":"https:\/\/globe-europe.nl\/de\/wp-json\/wp\/v2\/comments?post=371"}],"wp:featuredmedia":[{"embeddable":true,"href":"https:\/\/globe-europe.nl\/de\/wp-json\/wp\/v2\/media\/370"}],"wp:attachment":[{"href":"https:\/\/globe-europe.nl\/de\/wp-json\/wp\/v2\/media?parent=371"}],"wp:term":[{"taxonomy":"product_brand","embeddable":true,"href":"https:\/\/globe-europe.nl\/de\/wp-json\/wp\/v2\/product_brand?post=371"},{"taxonomy":"product_cat","embeddable":true,"href":"https:\/\/globe-europe.nl\/de\/wp-json\/wp\/v2\/product_cat?post=371"},{"taxonomy":"product_tag","embeddable":true,"href":"https:\/\/globe-europe.nl\/de\/wp-json\/wp\/v2\/product_tag?post=371"}],"curies":[{"name":"wp","href":"https:\/\/api.w.org\/{rel}","templated":true}]}}