{"id":379,"date":"2025-02-04T09:20:38","date_gmt":"2025-02-04T09:20:38","guid":{"rendered":"https:\/\/globe-europe.nl\/product\/eggenberg-mma160-elektrode-lasapparaat-160a-3-2l-230v\/"},"modified":"2025-02-19T09:24:24","modified_gmt":"2025-02-19T09:24:24","slug":"eggenberg-mma160-elektroden-schweissgeraet-160a-3-2l-230v","status":"publish","type":"product","link":"https:\/\/globe-europe.nl\/de\/product\/eggenberg-mma160-elektrode-lasapparaat-160a-3-2l-230v\/","title":{"rendered":"Eggenberg MMA160 Elektrodenschweissger\u00e4t 160A 3.2L 230V"},"content":{"rendered":"<p><strong>Eigenschaften Eggenberg MMA160 Elektrodenschwei\u00dfger\u00e4t 160A 230V<\/strong><\/p>\n<p>Dieses Eggenberger Elektrodenschwei\u00dfger\u00e4t eignet sich durch seine kompakte, leichte, handliche und leistungsstarke Bauweise hervorragend f\u00fcr Schwei\u00dfarbeiten an jedem Ort. Der leicht einstellbare Schwei\u00dfstrom erm\u00f6glicht einen schnellen Einsatz bei Schwei\u00dfaufgaben mit unterschiedlichen Materialien und St\u00e4rken. Die Hot-Start-\/Anti-Stick-Funktion erh\u00f6ht schnell den Schwei\u00dfstrom und verhindert das Festkleben der Elektrode am Werkst\u00fcck.<\/p>\n<ul>\n<li>Das Eggenberg Elektrodenschwei\u00dfger\u00e4t MMA160 ist der ideale Partner f\u00fcr alle g\u00e4ngigen Wartungs- und Reparaturschwei\u00dfaufgaben<\/li>\n<li>Das leichte Gewicht (3,5 kg), die robuste Konstruktion und der verstellbare Tragegurt machen das Eggenberg Elektrodenschwei\u00dfger\u00e4t MMA160 zum perfekten Schwei\u00dfger\u00e4t f\u00fcr den Einsatz vor Ort<\/li>\n<li>Mit einer Netzspannung von 230 Volt und einem Schwei\u00dfstrombereich von 10 bis 160 Ampere schwei\u00dft diese Maschine m\u00fchelos umh\u00fcllte Elektroden von 3,25 mm<\/li>\n<li>Neben dem MMA-Schwei\u00dfen (Elektrodenschwei\u00dfen) bietet diese Maschine auch die M\u00f6glichkeit, nach dem WIG-Schwei\u00dfprinzip zu schwei\u00dfen<\/li>\n<li>Dieser Schwei\u00dfinverter ist mit einem digitalen Amperemeter zum Einstellen und Ablesen des Schwei\u00dfstroms und verschiedenen anderen Funktionen ausgestattet, um den vielf\u00e4ltigen Anforderungen des modernen Schwei\u00dfers gerecht zu werden<\/li>\n<li>Auch f\u00fcr den Einsatz an Generatoren mit einer Mindestleistung von 5 kVA geeignet<\/li>\n<li>Das Ger\u00e4t ist vollst\u00e4ndig nach der europ\u00e4ischen Norm IEC 60974-1 gebaut. Es verf\u00fcgt \u00fcber die Schutzklasse IP 23 S (spritzwassergesch\u00fctzt), CE und EMC<\/li>\n<\/ul>\n<p>Die moderne IGBT-Invertertechnologie sorgt nicht nur daf\u00fcr, dass der MMA160 eine dauerhafte Leistung mit mehr Energie liefert, sondern macht das Ger\u00e4t auch leicht und tragbar. Ein \u00dcberlastungsschutz in Kombination mit einem eingebauten L\u00fcfter verhindert \u00dcberhitzung und sorgt f\u00fcr eine hochwertige Schwei\u00dfleistung \u00fcber einen langen Zeitraum.<\/p>\n<p>Ideal zum Schwei\u00dfen von Kohlenstoffst\u00e4hlen, niedriglegierten St\u00e4hlen und Edelst\u00e4hlen. Schweisst perfekt mit Rutil (E 6013) und basisch (E 7018).<\/p>\n<p><strong>Technische Daten<\/strong><\/p>\n<ul>\n<li>Spannung - 230V - 1 Phase<\/li>\n<li>Frequenz - 50\/60Hz<\/li>\n<li>Sicherung - 16A B-Auto<\/li>\n<li>Eingangsleistung - 7,2 kVA<\/li>\n<li>Einschaltspannung - 68 V<\/li>\n<li>Einschaltdauer (bei 25 Grad Umgebungstemperatur) - 60% - 160A<\/li>\n<li>Einschaltdauer (bei 40 Grad Umgebungstemperatur) - 30% - 160A<\/li>\n<li>Schwei\u00dfstrombereich\n<ul>\n<li>MMA - 30 - 160A<\/li>\n<li>WIG - 10-160A<\/li>\n<\/ul>\n<\/li>\n<li>Schwei\u00dfbare Elektroden - 1,6 - 3,2 mm<\/li>\n<li>Schutzart - IP21S<\/li>\n<li>Abmessungen - 330 x 150 x 220 mm<\/li>\n<li>Gewicht - 4,0 kg<\/li>\n<\/ul>\n<p><strong>Umfang der Lieferung<\/strong><\/p>\n<ul>\n<li style=\"list-style-type: none;\">\n<ul>\n<li>Eggenberg MMA160 Elektrodenschweissger\u00e4t 160A 230V<\/li>\n<li>Geliefert in einem stabilen Koffer\n<ul>\n<li>Inkl. verstellbarem Tragegurt<\/li>\n<li><em>\"Kupferbeschichtetes Aluminium\"<\/em>\u00a0Elektrodenhalter mit 4M 16mm\u00b2 Kabel<\/li>\n<li>Werkst\u00fcckspanner mit 4M 16mm\u00b2 Kabel<\/li>\n<li>Neopren-Stromkabel 4m 3x2mm\u00b2<\/li>\n<li>Standard 9-mm-Dinse-Kupplungen<\/li>\n<li>Handbuch<\/li>\n<\/ul>\n<\/li>\n<li><strong>Optional:\u00a0<\/strong>2m Gasleitung inklusive Schlauchschellen<img loading=\"lazy\" decoding=\"async\" class=\"wp-image-401397 alignright\" src=\"https:\/\/b4g9d4w8.rocketcdn.me\/wp-content\/uploads\/2022\/07\/EGGENBERG-WELDER-RANGE.jpg\" sizes=\"auto, (max-width: 1200px) 100vw, 1200px\" srcset=\"https:\/\/b4g9d4w8.rocketcdn.me\/wp-content\/uploads\/2022\/07\/EGGENBERG-WELDER-RANGE.jpg 1200w, https:\/\/b4g9d4w8.rocketcdn.me\/wp-content\/uploads\/2022\/07\/EGGENBERG-WELDER-RANGE-640x247.jpg 640w, https:\/\/b4g9d4w8.rocketcdn.me\/wp-content\/uploads\/2022\/07\/EGGENBERG-WELDER-RANGE-400x155.jpg 400w, https:\/\/b4g9d4w8.rocketcdn.me\/wp-content\/uploads\/2022\/07\/EGGENBERG-WELDER-RANGE-546x211.jpg 546w\" alt=\"\" width=\"509\" height=\"197\" \/><\/li>\n<\/ul>\n<\/li>\n<\/ul>\n<p><strong>Dokumente<\/strong><\/p>\n<div class=\"button5\"><a href=\"https:\/\/b4g9d4w8.rocketcdn.me\/wp-content\/uploads\/2022\/07\/202202-MANUAL-EN.pdf\" target=\"_blank\" rel=\"noopener noreferrer\"><img loading=\"lazy\" decoding=\"async\" src=\"https:\/\/b4g9d4w8.rocketcdn.me\/wp-content\/uploads\/2018\/07\/pdf.png\" width=\"57\" height=\"57\" \/><br \/>\nHandbuch<\/a><\/div>","protected":false},"excerpt":{"rendered":"<ul>\n<li><strong>Kompakt und tragbar (4 kg)<\/strong> - leichtes Design mit verstellbarem Tragegurt, ideal f\u00fcr Schwei\u00dfarbeiten vor Ort<\/li>\n<li><strong>Leistungsstarker Schwei\u00dfbereich (10-160A)<\/strong> - m\u00fcheloses Schwei\u00dfen von Elektroden bis zu 3,25 mm bei 230 V Netzspannung<\/li>\n<li><strong>IGBT-Wechselrichter-Technologie<\/strong> - bietet dauerhafte Leistung, verhindert \u00dcberhitzung und gew\u00e4hrleistet maximale Effizienz<\/li>\n<li><strong>Hot-Start &amp; Anti-Stick-Funktion<\/strong> - verhindert das Festkleben der Elektroden und sorgt f\u00fcr einen reibungslosen Anlauf<\/li>\n<li><strong>Geeignet f\u00fcr MMA- und WIG-Schwei\u00dfen<\/strong> - vielseitig einsetzbar f\u00fcr Kohlenstoffstahl, legierten Stahl und rostfreien Stahl<\/li>\n<\/ul>","protected":false},"featured_media":378,"comment_status":"open","ping_status":"closed","template":"","meta":[],"product_brand":[22],"product_cat":[380,27,18],"product_tag":[],"class_list":{"0":"post-379","1":"product","2":"type-product","3":"status-publish","4":"has-post-thumbnail","6":"product_brand-eggenberg","7":"product_cat-elektrode-lasapparaat-mma","8":"product_cat-lasapparaat","9":"product_cat-machines","11":"first","12":"instock","13":"shipping-taxable","14":"product-type-simple"},"ct_brands":[{"id":22,"name":"EGGENBERG","slug":"eggenberg"}],"yoast_head":"<!-- This site is optimized with the Yoast SEO plugin v27.3 - https:\/\/yoast.com\/product\/yoast-seo-wordpress\/ -->\n<title>Eggenberg MMA160 Elektrode Lasapparaat 160A | 230V - Globe Europe<\/title>\n<meta name=\"description\" content=\"Eggenberg MMA160 lasapparaat 160A, 230V. Lichtgewicht, robuust en spatwaterdicht (IP 23 S). Geschikt voor MMA\/TIG-lassen, inclusief hot-start en anti-stick.\" \/>\n<meta name=\"robots\" content=\"index, follow, max-snippet:-1, max-image-preview:large, max-video-preview:-1\" \/>\n<link rel=\"canonical\" href=\"https:\/\/globe-europe.nl\/de\/produkt\/eggenberg-mma160-elektroden-schweissgeraet-160a-3-2l-230v\/\" \/>\n<meta property=\"og:locale\" content=\"de_DE\" \/>\n<meta property=\"og:type\" content=\"article\" \/>\n<meta property=\"og:title\" content=\"Eggenberg MMA160 Elektrode Lasapparaat 160A | 230V - Globe Europe\" \/>\n<meta property=\"og:description\" content=\"Eggenberg MMA160 lasapparaat 160A, 230V. Lichtgewicht, robuust en spatwaterdicht (IP 23 S). Geschikt voor MMA\/TIG-lassen, inclusief hot-start en anti-stick.\" \/>\n<meta property=\"og:url\" content=\"https:\/\/globe-europe.nl\/de\/produkt\/eggenberg-mma160-elektroden-schweissgeraet-160a-3-2l-230v\/\" \/>\n<meta property=\"og:site_name\" content=\"Globe Europe\" \/>\n<meta property=\"article:modified_time\" content=\"2025-02-19T09:24:24+00:00\" \/>\n<meta property=\"og:image\" content=\"https:\/\/globe-europe.nl\/wp-content\/uploads\/2025\/02\/EGGENBERG-MMA160-04-WEB.jpg\" \/>\n\t<meta property=\"og:image:width\" content=\"700\" \/>\n\t<meta property=\"og:image:height\" content=\"700\" \/>\n\t<meta property=\"og:image:type\" content=\"image\/jpeg\" \/>\n<meta name=\"twitter:card\" content=\"summary_large_image\" \/>\n<meta name=\"twitter:label1\" content=\"Gesch\u00e4tzte Lesezeit\" \/>\n\t<meta name=\"twitter:data1\" content=\"3\u00a0Minuten\" \/>\n<script type=\"application\/ld+json\" class=\"yoast-schema-graph\">{\"@context\":\"https:\\\/\\\/schema.org\",\"@graph\":[{\"@type\":\"WebPage\",\"@id\":\"https:\\\/\\\/globe-europe.nl\\\/product\\\/eggenberg-mma160-elektrode-lasapparaat-160a-3-2l-230v\\\/\",\"url\":\"https:\\\/\\\/globe-europe.nl\\\/product\\\/eggenberg-mma160-elektrode-lasapparaat-160a-3-2l-230v\\\/\",\"name\":\"Eggenberg MMA160 Elektrode Lasapparaat 160A | 230V - Globe Europe\",\"isPartOf\":{\"@id\":\"https:\\\/\\\/globe-europe.nl\\\/#website\"},\"primaryImageOfPage\":{\"@id\":\"https:\\\/\\\/globe-europe.nl\\\/product\\\/eggenberg-mma160-elektrode-lasapparaat-160a-3-2l-230v\\\/#primaryimage\"},\"image\":{\"@id\":\"https:\\\/\\\/globe-europe.nl\\\/product\\\/eggenberg-mma160-elektrode-lasapparaat-160a-3-2l-230v\\\/#primaryimage\"},\"thumbnailUrl\":\"https:\\\/\\\/globe-europe.nl\\\/wp-content\\\/uploads\\\/2025\\\/02\\\/EGGENBERG-MMA160-04-WEB.jpg\",\"datePublished\":\"2025-02-04T09:20:38+00:00\",\"dateModified\":\"2025-02-19T09:24:24+00:00\",\"description\":\"Eggenberg MMA160 lasapparaat 160A, 230V. Lichtgewicht, robuust en spatwaterdicht (IP 23 S). Geschikt voor MMA\\\/TIG-lassen, inclusief hot-start en anti-stick.\",\"breadcrumb\":{\"@id\":\"https:\\\/\\\/globe-europe.nl\\\/product\\\/eggenberg-mma160-elektrode-lasapparaat-160a-3-2l-230v\\\/#breadcrumb\"},\"inLanguage\":\"de\",\"potentialAction\":[{\"@type\":\"ReadAction\",\"target\":[\"https:\\\/\\\/globe-europe.nl\\\/product\\\/eggenberg-mma160-elektrode-lasapparaat-160a-3-2l-230v\\\/\"]}]},{\"@type\":\"ImageObject\",\"inLanguage\":\"de\",\"@id\":\"https:\\\/\\\/globe-europe.nl\\\/product\\\/eggenberg-mma160-elektrode-lasapparaat-160a-3-2l-230v\\\/#primaryimage\",\"url\":\"https:\\\/\\\/globe-europe.nl\\\/wp-content\\\/uploads\\\/2025\\\/02\\\/EGGENBERG-MMA160-04-WEB.jpg\",\"contentUrl\":\"https:\\\/\\\/globe-europe.nl\\\/wp-content\\\/uploads\\\/2025\\\/02\\\/EGGENBERG-MMA160-04-WEB.jpg\",\"width\":700,\"height\":700},{\"@type\":\"BreadcrumbList\",\"@id\":\"https:\\\/\\\/globe-europe.nl\\\/product\\\/eggenberg-mma160-elektrode-lasapparaat-160a-3-2l-230v\\\/#breadcrumb\",\"itemListElement\":[{\"@type\":\"ListItem\",\"position\":1,\"name\":\"Home\",\"item\":\"https:\\\/\\\/globe-europe.nl\\\/\"},{\"@type\":\"ListItem\",\"position\":2,\"name\":\"Winkel\",\"item\":\"https:\\\/\\\/globe-europe.nl\\\/winkel\\\/\"},{\"@type\":\"ListItem\",\"position\":3,\"name\":\"Eggenberg MMA160 Elektrode lasapparaat 160A 3.2L 230V\"}]},{\"@type\":\"WebSite\",\"@id\":\"https:\\\/\\\/globe-europe.nl\\\/#website\",\"url\":\"https:\\\/\\\/globe-europe.nl\\\/\",\"name\":\"Globe Europe\",\"description\":\"\",\"publisher\":{\"@id\":\"https:\\\/\\\/globe-europe.nl\\\/#organization\"},\"potentialAction\":[{\"@type\":\"SearchAction\",\"target\":{\"@type\":\"EntryPoint\",\"urlTemplate\":\"https:\\\/\\\/globe-europe.nl\\\/?s={search_term_string}\"},\"query-input\":{\"@type\":\"PropertyValueSpecification\",\"valueRequired\":true,\"valueName\":\"search_term_string\"}}],\"inLanguage\":\"de\"},{\"@type\":\"Organization\",\"@id\":\"https:\\\/\\\/globe-europe.nl\\\/#organization\",\"name\":\"Globe Europe\",\"url\":\"https:\\\/\\\/globe-europe.nl\\\/\",\"logo\":{\"@type\":\"ImageObject\",\"inLanguage\":\"de\",\"@id\":\"https:\\\/\\\/globe-europe.nl\\\/#\\\/schema\\\/logo\\\/image\\\/\",\"url\":\"https:\\\/\\\/globe-europe.nl\\\/wp-content\\\/uploads\\\/2025\\\/02\\\/GLOBE-LOGO-WEB-GROOT.png\",\"contentUrl\":\"https:\\\/\\\/globe-europe.nl\\\/wp-content\\\/uploads\\\/2025\\\/02\\\/GLOBE-LOGO-WEB-GROOT.png\",\"width\":938,\"height\":404,\"caption\":\"Globe Europe\"},\"image\":{\"@id\":\"https:\\\/\\\/globe-europe.nl\\\/#\\\/schema\\\/logo\\\/image\\\/\"}}]}<\/script>\n<!-- \/ Yoast SEO plugin. -->","yoast_head_json":{"title":"Eggenberg MMA160 Elektrodenschweissmaschine 160A | 230V - Globe Europe","description":"Eggenberg MMA160 Schweissmaschine 160A, 230V. Leicht, robust und spritzwassergesch\u00fctzt (IP 23 S). Geeignet f\u00fcr MMA\/TIG-Schwei\u00dfen, einschlie\u00dflich Hot-Start und Anti-Stick.","robots":{"index":"index","follow":"follow","max-snippet":"max-snippet:-1","max-image-preview":"max-image-preview:large","max-video-preview":"max-video-preview:-1"},"canonical":"https:\/\/globe-europe.nl\/de\/produkt\/eggenberg-mma160-elektroden-schweissgeraet-160a-3-2l-230v\/","og_locale":"de_DE","og_type":"article","og_title":"Eggenberg MMA160 Elektrode Lasapparaat 160A | 230V - Globe Europe","og_description":"Eggenberg MMA160 lasapparaat 160A, 230V. Lichtgewicht, robuust en spatwaterdicht (IP 23 S). Geschikt voor MMA\/TIG-lassen, inclusief hot-start en anti-stick.","og_url":"https:\/\/globe-europe.nl\/de\/produkt\/eggenberg-mma160-elektroden-schweissgeraet-160a-3-2l-230v\/","og_site_name":"Globe Europe","article_modified_time":"2025-02-19T09:24:24+00:00","og_image":[{"width":700,"height":700,"url":"https:\/\/globe-europe.nl\/wp-content\/uploads\/2025\/02\/EGGENBERG-MMA160-04-WEB.jpg","type":"image\/jpeg"}],"twitter_card":"summary_large_image","twitter_misc":{"Gesch\u00e4tzte Lesezeit":"3\u00a0Minuten"},"schema":{"@context":"https:\/\/schema.org","@graph":[{"@type":"WebPage","@id":"https:\/\/globe-europe.nl\/product\/eggenberg-mma160-elektrode-lasapparaat-160a-3-2l-230v\/","url":"https:\/\/globe-europe.nl\/product\/eggenberg-mma160-elektrode-lasapparaat-160a-3-2l-230v\/","name":"Eggenberg MMA160 Elektrodenschweissmaschine 160A | 230V - Globe Europe","isPartOf":{"@id":"https:\/\/globe-europe.nl\/#website"},"primaryImageOfPage":{"@id":"https:\/\/globe-europe.nl\/product\/eggenberg-mma160-elektrode-lasapparaat-160a-3-2l-230v\/#primaryimage"},"image":{"@id":"https:\/\/globe-europe.nl\/product\/eggenberg-mma160-elektrode-lasapparaat-160a-3-2l-230v\/#primaryimage"},"thumbnailUrl":"https:\/\/globe-europe.nl\/wp-content\/uploads\/2025\/02\/EGGENBERG-MMA160-04-WEB.jpg","datePublished":"2025-02-04T09:20:38+00:00","dateModified":"2025-02-19T09:24:24+00:00","description":"Eggenberg MMA160 Schweissmaschine 160A, 230V. Leicht, robust und spritzwassergesch\u00fctzt (IP 23 S). Geeignet f\u00fcr MMA\/TIG-Schwei\u00dfen, einschlie\u00dflich Hot-Start und Anti-Stick.","breadcrumb":{"@id":"https:\/\/globe-europe.nl\/product\/eggenberg-mma160-elektrode-lasapparaat-160a-3-2l-230v\/#breadcrumb"},"inLanguage":"de","potentialAction":[{"@type":"ReadAction","target":["https:\/\/globe-europe.nl\/product\/eggenberg-mma160-elektrode-lasapparaat-160a-3-2l-230v\/"]}]},{"@type":"ImageObject","inLanguage":"de","@id":"https:\/\/globe-europe.nl\/product\/eggenberg-mma160-elektrode-lasapparaat-160a-3-2l-230v\/#primaryimage","url":"https:\/\/globe-europe.nl\/wp-content\/uploads\/2025\/02\/EGGENBERG-MMA160-04-WEB.jpg","contentUrl":"https:\/\/globe-europe.nl\/wp-content\/uploads\/2025\/02\/EGGENBERG-MMA160-04-WEB.jpg","width":700,"height":700},{"@type":"BreadcrumbList","@id":"https:\/\/globe-europe.nl\/product\/eggenberg-mma160-elektrode-lasapparaat-160a-3-2l-230v\/#breadcrumb","itemListElement":[{"@type":"ListItem","position":1,"name":"Home","item":"https:\/\/globe-europe.nl\/"},{"@type":"ListItem","position":2,"name":"Winkel","item":"https:\/\/globe-europe.nl\/winkel\/"},{"@type":"ListItem","position":3,"name":"Eggenberg MMA160 Elektrode lasapparaat 160A 3.2L 230V"}]},{"@type":"WebSite","@id":"https:\/\/globe-europe.nl\/#website","url":"https:\/\/globe-europe.nl\/","name":"Globe Europe","description":"","publisher":{"@id":"https:\/\/globe-europe.nl\/#organization"},"potentialAction":[{"@type":"SearchAction","target":{"@type":"EntryPoint","urlTemplate":"https:\/\/globe-europe.nl\/?s={search_term_string}"},"query-input":{"@type":"PropertyValueSpecification","valueRequired":true,"valueName":"search_term_string"}}],"inLanguage":"de"},{"@type":"Organization","@id":"https:\/\/globe-europe.nl\/#organization","name":"Globe Europe","url":"https:\/\/globe-europe.nl\/","logo":{"@type":"ImageObject","inLanguage":"de","@id":"https:\/\/globe-europe.nl\/#\/schema\/logo\/image\/","url":"https:\/\/globe-europe.nl\/wp-content\/uploads\/2025\/02\/GLOBE-LOGO-WEB-GROOT.png","contentUrl":"https:\/\/globe-europe.nl\/wp-content\/uploads\/2025\/02\/GLOBE-LOGO-WEB-GROOT.png","width":938,"height":404,"caption":"Globe Europe"},"image":{"@id":"https:\/\/globe-europe.nl\/#\/schema\/logo\/image\/"}}]}},"_links":{"self":[{"href":"https:\/\/globe-europe.nl\/de\/wp-json\/wp\/v2\/product\/379","targetHints":{"allow":["GET"]}}],"collection":[{"href":"https:\/\/globe-europe.nl\/de\/wp-json\/wp\/v2\/product"}],"about":[{"href":"https:\/\/globe-europe.nl\/de\/wp-json\/wp\/v2\/types\/product"}],"replies":[{"embeddable":true,"href":"https:\/\/globe-europe.nl\/de\/wp-json\/wp\/v2\/comments?post=379"}],"wp:featuredmedia":[{"embeddable":true,"href":"https:\/\/globe-europe.nl\/de\/wp-json\/wp\/v2\/media\/378"}],"wp:attachment":[{"href":"https:\/\/globe-europe.nl\/de\/wp-json\/wp\/v2\/media?parent=379"}],"wp:term":[{"taxonomy":"product_brand","embeddable":true,"href":"https:\/\/globe-europe.nl\/de\/wp-json\/wp\/v2\/product_brand?post=379"},{"taxonomy":"product_cat","embeddable":true,"href":"https:\/\/globe-europe.nl\/de\/wp-json\/wp\/v2\/product_cat?post=379"},{"taxonomy":"product_tag","embeddable":true,"href":"https:\/\/globe-europe.nl\/de\/wp-json\/wp\/v2\/product_tag?post=379"}],"curies":[{"name":"wp","href":"https:\/\/api.w.org\/{rel}","templated":true}]}}