{"id":387,"date":"2025-02-04T09:20:41","date_gmt":"2025-02-04T09:20:41","guid":{"rendered":"https:\/\/globe-europe.nl\/product\/eggenberg-mma100-mini-inverter-100a-set\/"},"modified":"2025-02-19T09:23:22","modified_gmt":"2025-02-19T09:23:22","slug":"eggenberg-mma100-mini-inverter-100a-set","status":"publish","type":"product","link":"https:\/\/globe-europe.nl\/de\/product\/eggenberg-mma100-mini-inverter-100a-set\/","title":{"rendered":"Eggenberg MMA100 Mini-Wechselrichter 100A-Set"},"content":{"rendered":"<p><strong>Eigenschaften Eggenberg MMA100 Mini-Wechselrichter 100A Set<\/strong><\/p>\n<p><img loading=\"lazy\" decoding=\"async\" class=\"wp-image-382745 alignright\" src=\"https:\/\/bjctools.nl\/wp-content\/uploads\/2021\/07\/inverter-eggenberg-lashelm.jpg-6.jpg\" sizes=\"auto, (max-width: 400px) 100vw, 400px\" srcset=\"https:\/\/bjctools.nl\/wp-content\/uploads\/2021\/07\/inverter-eggenberg-lashelm.jpg-6-400x400.jpg 400w, https:\/\/bjctools.nl\/wp-content\/uploads\/2021\/07\/inverter-eggenberg-lashelm.jpg-6-350x350.jpg 350w\" alt=\"\" width=\"400\" height=\"400\" \/><\/p>\n<p>Die Elektrodenschwei\u00dfmaschine von Eggenberg ist f\u00fcr das effektive Schwei\u00dfen mit Schwei\u00dfelektroden im MMA-Verfahren mit Gleichstrom (DC) konzipiert. Die Schwei\u00dfmaschine der MINI-Serie ist f\u00fcr Anwender konzipiert, die ein funktionelles Ger\u00e4t mit kompakter Bauweise und einem vollen Nennstrom von 100 \u0410 ben\u00f6tigen.<\/p>\n<p>Konzipiert f\u00fcr das manuelle MMA-Lichtbogenschwei\u00dfen mit Gleichstrom, erm\u00f6glicht es Ihnen, mit jeder Elektrode zu arbeiten: von \u00d81,6 mm bis \u00d82,5 mm, in der dauerhaften Arbeitszyklus nicht weniger als 60%, so dass Sie die meisten Arbeiten im h\u00e4uslichen Bereich (Sommer Bauernh\u00f6fe, Werkst\u00e4tten, etc.) zu tun. Die Schwei\u00dfmaschinen dieser Serie sind einfach zu bedienen, wie alle modernen Zusatzfunktionen, wie z.B.\u00a0<em>Hot-Start, \u00dcberhitzungsanzeige, Anti-Stick<\/em>\u00a0sind auf optimale Werte f\u00fcr typische Schwei\u00dfarbeiten eingestellt.<\/p>\n<ul>\n<li>Idealer Mini-Wechselrichter f\u00fcr den privaten \/ nicht-professionellen Bereich<\/li>\n<li>Geliefert mit 10 St\u00fcck Ceweld Elektrode 6013 S 2,5 x 350 mm<\/li>\n<li>Praktischer Einsatz durch moderne Technik, die die Arbeit schnell, einfach und sicher macht<\/li>\n<li>F\u00fcr die Installation und Wartung von T\u00fcren, Toren, Treppen, Gel\u00e4ndern u. a.<\/li>\n<li>Geeignet f\u00fcr Stahl, Eisen, Gusseisen, Nickel, Kupfer u.a.<\/li>\n<li>Der Schwei\u00dfstrom kann \u00fcber einen Regler stufenlos bis zu 100A eingestellt werden, wobei die entsprechenden Parameter auf dem Display angezeigt werden<\/li>\n<li>Seine geringe Gr\u00f6\u00dfe (123 x 195 x 85 mm) macht ihn ideal f\u00fcr Wartungsarbeiten an schwer zug\u00e4nglichen Stellen<\/li>\n<\/ul>\n<p>Die Montage und Wartung von Gel\u00e4ndern, Treppen, Toren und T\u00fcren, Beh\u00e4ltern oder Metallinstallationen kann professionell durchgef\u00fchrt werden. Das E-Hand- oder MMA-Ger\u00e4t schwei\u00dft Materialien wie Stahl, Eisen, Gusseisen, Nickel oder Kupfer von etwa 1,5 mm Dicke zusammen.<\/p>\n<p><strong>Eigenschaften<\/strong><\/p>\n<ul>\n<li><strong>Saubere Schwei\u00dfergebnisse dank Hot-Start-Funktion<\/strong>\u00a0- Die Hot-Start-Funktion des Elektrodenschwei\u00dfger\u00e4tes sorgt daf\u00fcr, dass zu Beginn des Schwei\u00dfprozesses automatisch und schnell ein erh\u00f6hter Schwei\u00dfstrom gew\u00e4hrleistet ist. Durch diesen \"Hot-Start\" wird die Schwei\u00dfnaht direkt am Startpunkt erw\u00e4rmt, so dass die Elektrode nicht festklebt und vom ersten Moment an f\u00fcr stabile und saubere Schwei\u00dfergebnisse sorgt.<\/li>\n<li>Bei vollen 100 A wird eine Einschaltdauer von 60 % erreicht. Durch die Erh\u00f6hung der Leistung auf 77A kann die Einschaltdauer erh\u00f6ht werden, um ein Schwei\u00dfen ohne Unterbrechung zu erm\u00f6glichen. F\u00fcr den pr\u00e4zisen Einsatz dieses Handschwei\u00dfger\u00e4tes ist kein Schutzgas erforderlich, auch nicht bei ung\u00fcnstigen Bedingungen, wie z. B. bei starkem H\u00f6henwind<\/li>\n<li><strong>\u00dcberhitzungsanzeige\u00a0<\/strong>- Wenn die Maschine w\u00e4hrend des Schwei\u00dfens stehen bleibt, \u00fcberpr\u00fcfen Sie die \u00dcberhitzungsanzeige. Die maximale Einschaltdauer ist erreicht und die Maschine schaltet automatisch in den K\u00fchlmodus, wenn die LED-Anzeige aufleuchtet. Wenn die LED nicht mehr leuchtet, k\u00f6nnen Sie weiterschwei\u00dfen.<\/li>\n<li><strong>Anti-Stick\u00a0<\/strong>- Diese Funktion erm\u00f6glicht es dem Schwei\u00dfer, die Elektrode leicht vom Produkt zu trennen. Im Falle eines Kurzschlusses (falls vorhanden) wird der Schwei\u00dfstrom nach einer kurzen Unterbrechung automatisch reduziert. Sobald die Elektrode vom Bauteil getrennt ist, stellt die Quelle ihre Funktion automatisch wieder her. Wenn die Elektrode mit dem Werkst\u00fcck verbunden ist, sinkt der Schwei\u00dfstrom innerhalb von 0,6 ... 0,8 s nach dem Verbinden. Die vor\u00fcbergehende Reduzierung des Schwei\u00dfstroms erleichtert dem Schwei\u00dfer das Abziehen der festsitzenden Elektrode. Nach dem Trennen der Elektrode vom Produkt kann der Schwei\u00dfprozess problemlos fortgesetzt werden.<\/li>\n<li><strong>Kompakt und leicht\u00a0<\/strong>- Seine kompakte Gr\u00f6\u00dfe und sein Gewicht beeintr\u00e4chtigen nicht die technische Leistung des Schwei\u00dfger\u00e4ts, sondern erleichtern das Schwei\u00dfen an schwierigen Stellen.<\/li>\n<li><strong>Zuverl\u00e4ssig\u00a0<\/strong>- Zuverl\u00e4ssigkeit durch den Einsatz modernster Technik<\/li>\n<li>Display mit Stromanzeige<\/li>\n<li>L\u00fcfter f\u00fcr optimale K\u00fchlung<\/li>\n<\/ul>\n<p><strong>Technische Daten<\/strong><\/p>\n<ul>\n<li><img loading=\"lazy\" decoding=\"async\" class=\"wp-image-382768 alignright\" src=\"https:\/\/bjctools.nl\/wp-content\/uploads\/2021\/07\/mma-climax-5.png\" sizes=\"auto, (max-width: 438px) 100vw, 438px\" srcset=\"https:\/\/bjctools.nl\/wp-content\/uploads\/2021\/07\/mma-climax-5-400x400.png 400w, https:\/\/bjctools.nl\/wp-content\/uploads\/2021\/07\/mma-climax-5-350x350.png 350w\" alt=\"\" width=\"438\" height=\"438\" \/>1-phasige Netzspannung - 220V<\/li>\n<li>Abmessungen - 123 x 195 x 85 mm<\/li>\n<li>Frequenz - 50\/60 Hz<\/li>\n<li>Sicherung - 25 A<\/li>\n<li>Leerlaufspannung - 60 V<\/li>\n<li>Schwei\u00dfstrombereich - 20 - 100A<\/li>\n<li>Leistungsaufnahme - 27,2 V<\/li>\n<li>Einschaltdauer 100A - 60%<\/li>\n<li>Wirkungsgrad - 85%<\/li>\n<li>Stromfaktor - 0,93<\/li>\n<li>Isolationsklasse - F<\/li>\n<li>Schutzart - IP21<\/li>\n<li>Max. Elektrode - 2,5 mm<\/li>\n<li>Gewicht - 3 kg<\/li>\n<\/ul>\n<p><strong>Umfang der Lieferung<\/strong><\/p>\n<ul>\n<li>Eggenberg MMA100 Mini-Wechselrichter-Set - 100A\n<ul>\n<li>Das Schwei\u00dfkabel 1,5 m lang mit einem Elektrodenhalter<\/li>\n<li>Das Schwei\u00dfkabel 1 m lang mit Erdungsklemme<\/li>\n<li>B\u00fcrste<\/li>\n<li>Tragegurt f\u00fcr die Schulter<\/li>\n<\/ul>\n<\/li>\n<\/ul>","protected":false},"excerpt":{"rendered":"<ul>\n<li><strong>Ultrakompakt und leicht (3 kg)<\/strong> - ideal f\u00fcr den mobilen Einsatz und schwer zug\u00e4ngliche Stellen<\/li>\n<li><strong>Stufenlos einstellbarer Schwei\u00dfstrom (20-100A)<\/strong> - geeignet f\u00fcr Stahl, Eisen, Gusseisen, Nickel und Kupfer<\/li>\n<li><strong>Hot-Start &amp; Anti-Stick-Funktion<\/strong> - verhindert das Festkleben der Elektrode und gew\u00e4hrleistet stabile Schwei\u00dfergebnisse<\/li>\n<li><strong>Robust und zuverl\u00e4ssig<\/strong> - arbeitet ohne Schutzgas, auch unter schwierigen Bedingungen<\/li>\n<li><strong>Sofort einsatzbereit<\/strong> - Geliefert mit 10 Ceweld-Elektroden (6013 S 2,5 x 350 mm)<\/li>\n<\/ul>","protected":false},"featured_media":386,"comment_status":"open","ping_status":"closed","template":"","meta":[],"product_brand":[22],"product_cat":[36,27,18],"product_tag":[],"class_list":{"0":"post-387","1":"product","2":"type-product","3":"status-publish","4":"has-post-thumbnail","6":"product_brand-eggenberg","7":"product_cat-inverter-lasapparaat","8":"product_cat-lasapparaat","9":"product_cat-machines","11":"first","12":"instock","13":"shipping-taxable","14":"product-type-simple"},"ct_brands":[{"id":22,"name":"EGGENBERG","slug":"eggenberg"}],"yoast_head":"<!-- This site is optimized with the Yoast SEO plugin v27.3 - https:\/\/yoast.com\/product\/yoast-seo-wordpress\/ -->\n<title>Eggenberg MMA100 Mini Inverter 100A Lasapparaat | 200V - Globe Europe<\/title>\n<meta name=\"description\" content=\"Eggenberg MMA100 Inverter 100A lasapparaat. Lichtgewicht, krachtig en veelzijdig. Inclusief 10 Ceweld elektroden. Geschikt voor staal, ijzer en koper.\" \/>\n<meta name=\"robots\" content=\"index, follow, max-snippet:-1, max-image-preview:large, max-video-preview:-1\" \/>\n<link rel=\"canonical\" href=\"https:\/\/globe-europe.nl\/de\/produkt\/eggenberg-mma100-mini-inverter-100a-set\/\" \/>\n<meta property=\"og:locale\" content=\"de_DE\" \/>\n<meta property=\"og:type\" content=\"article\" \/>\n<meta property=\"og:title\" content=\"Eggenberg MMA100 Mini Inverter 100A Lasapparaat | 200V - Globe Europe\" \/>\n<meta property=\"og:description\" content=\"Eggenberg MMA100 Inverter 100A lasapparaat. Lichtgewicht, krachtig en veelzijdig. Inclusief 10 Ceweld elektroden. Geschikt voor staal, ijzer en koper.\" \/>\n<meta property=\"og:url\" content=\"https:\/\/globe-europe.nl\/de\/produkt\/eggenberg-mma100-mini-inverter-100a-set\/\" \/>\n<meta property=\"og:site_name\" content=\"Globe Europe\" \/>\n<meta property=\"article:modified_time\" content=\"2025-02-19T09:23:22+00:00\" \/>\n<meta property=\"og:image\" content=\"https:\/\/globe-europe.nl\/wp-content\/uploads\/2025\/02\/mini-inverter-MMA100-Eggenberg.png\" \/>\n\t<meta property=\"og:image:width\" content=\"700\" \/>\n\t<meta property=\"og:image:height\" content=\"700\" \/>\n\t<meta property=\"og:image:type\" content=\"image\/png\" \/>\n<meta name=\"twitter:card\" content=\"summary_large_image\" \/>\n<meta name=\"twitter:label1\" content=\"Gesch\u00e4tzte Lesezeit\" \/>\n\t<meta name=\"twitter:data1\" content=\"4\u00a0Minuten\" \/>\n<script type=\"application\/ld+json\" class=\"yoast-schema-graph\">{\"@context\":\"https:\\\/\\\/schema.org\",\"@graph\":[{\"@type\":\"WebPage\",\"@id\":\"https:\\\/\\\/globe-europe.nl\\\/product\\\/eggenberg-mma100-mini-inverter-100a-set\\\/\",\"url\":\"https:\\\/\\\/globe-europe.nl\\\/product\\\/eggenberg-mma100-mini-inverter-100a-set\\\/\",\"name\":\"Eggenberg MMA100 Mini Inverter 100A Lasapparaat | 200V - Globe Europe\",\"isPartOf\":{\"@id\":\"https:\\\/\\\/globe-europe.nl\\\/#website\"},\"primaryImageOfPage\":{\"@id\":\"https:\\\/\\\/globe-europe.nl\\\/product\\\/eggenberg-mma100-mini-inverter-100a-set\\\/#primaryimage\"},\"image\":{\"@id\":\"https:\\\/\\\/globe-europe.nl\\\/product\\\/eggenberg-mma100-mini-inverter-100a-set\\\/#primaryimage\"},\"thumbnailUrl\":\"https:\\\/\\\/globe-europe.nl\\\/wp-content\\\/uploads\\\/2025\\\/02\\\/mini-inverter-MMA100-Eggenberg.png\",\"datePublished\":\"2025-02-04T09:20:41+00:00\",\"dateModified\":\"2025-02-19T09:23:22+00:00\",\"description\":\"Eggenberg MMA100 Inverter 100A lasapparaat. Lichtgewicht, krachtig en veelzijdig. Inclusief 10 Ceweld elektroden. Geschikt voor staal, ijzer en koper.\",\"breadcrumb\":{\"@id\":\"https:\\\/\\\/globe-europe.nl\\\/product\\\/eggenberg-mma100-mini-inverter-100a-set\\\/#breadcrumb\"},\"inLanguage\":\"de\",\"potentialAction\":[{\"@type\":\"ReadAction\",\"target\":[\"https:\\\/\\\/globe-europe.nl\\\/product\\\/eggenberg-mma100-mini-inverter-100a-set\\\/\"]}]},{\"@type\":\"ImageObject\",\"inLanguage\":\"de\",\"@id\":\"https:\\\/\\\/globe-europe.nl\\\/product\\\/eggenberg-mma100-mini-inverter-100a-set\\\/#primaryimage\",\"url\":\"https:\\\/\\\/globe-europe.nl\\\/wp-content\\\/uploads\\\/2025\\\/02\\\/mini-inverter-MMA100-Eggenberg.png\",\"contentUrl\":\"https:\\\/\\\/globe-europe.nl\\\/wp-content\\\/uploads\\\/2025\\\/02\\\/mini-inverter-MMA100-Eggenberg.png\",\"width\":700,\"height\":700},{\"@type\":\"BreadcrumbList\",\"@id\":\"https:\\\/\\\/globe-europe.nl\\\/product\\\/eggenberg-mma100-mini-inverter-100a-set\\\/#breadcrumb\",\"itemListElement\":[{\"@type\":\"ListItem\",\"position\":1,\"name\":\"Home\",\"item\":\"https:\\\/\\\/globe-europe.nl\\\/\"},{\"@type\":\"ListItem\",\"position\":2,\"name\":\"Winkel\",\"item\":\"https:\\\/\\\/globe-europe.nl\\\/winkel\\\/\"},{\"@type\":\"ListItem\",\"position\":3,\"name\":\"Eggenberg MMA100 Mini Inverter 100A set\"}]},{\"@type\":\"WebSite\",\"@id\":\"https:\\\/\\\/globe-europe.nl\\\/#website\",\"url\":\"https:\\\/\\\/globe-europe.nl\\\/\",\"name\":\"Globe Europe\",\"description\":\"\",\"publisher\":{\"@id\":\"https:\\\/\\\/globe-europe.nl\\\/#organization\"},\"potentialAction\":[{\"@type\":\"SearchAction\",\"target\":{\"@type\":\"EntryPoint\",\"urlTemplate\":\"https:\\\/\\\/globe-europe.nl\\\/?s={search_term_string}\"},\"query-input\":{\"@type\":\"PropertyValueSpecification\",\"valueRequired\":true,\"valueName\":\"search_term_string\"}}],\"inLanguage\":\"de\"},{\"@type\":\"Organization\",\"@id\":\"https:\\\/\\\/globe-europe.nl\\\/#organization\",\"name\":\"Globe Europe\",\"url\":\"https:\\\/\\\/globe-europe.nl\\\/\",\"logo\":{\"@type\":\"ImageObject\",\"inLanguage\":\"de\",\"@id\":\"https:\\\/\\\/globe-europe.nl\\\/#\\\/schema\\\/logo\\\/image\\\/\",\"url\":\"https:\\\/\\\/globe-europe.nl\\\/wp-content\\\/uploads\\\/2025\\\/02\\\/GLOBE-LOGO-WEB-GROOT.png\",\"contentUrl\":\"https:\\\/\\\/globe-europe.nl\\\/wp-content\\\/uploads\\\/2025\\\/02\\\/GLOBE-LOGO-WEB-GROOT.png\",\"width\":938,\"height\":404,\"caption\":\"Globe Europe\"},\"image\":{\"@id\":\"https:\\\/\\\/globe-europe.nl\\\/#\\\/schema\\\/logo\\\/image\\\/\"}}]}<\/script>\n<!-- \/ Yoast SEO plugin. -->","yoast_head_json":{"title":"Eggenberg MMA100 Mini-Inverter 100A Schwei\u00dfger\u00e4t | 200V - Globe Europe","description":"Eggenberg MMA100 Inverter 100A Schwei\u00dfger\u00e4t. Leicht, leistungsstark und vielseitig. Inklusive 10 Ceweld-Elektroden. Geeignet f\u00fcr Stahl, Eisen und Kupfer.","robots":{"index":"index","follow":"follow","max-snippet":"max-snippet:-1","max-image-preview":"max-image-preview:large","max-video-preview":"max-video-preview:-1"},"canonical":"https:\/\/globe-europe.nl\/de\/produkt\/eggenberg-mma100-mini-inverter-100a-set\/","og_locale":"de_DE","og_type":"article","og_title":"Eggenberg MMA100 Mini Inverter 100A Lasapparaat | 200V - Globe Europe","og_description":"Eggenberg MMA100 Inverter 100A lasapparaat. Lichtgewicht, krachtig en veelzijdig. Inclusief 10 Ceweld elektroden. Geschikt voor staal, ijzer en koper.","og_url":"https:\/\/globe-europe.nl\/de\/produkt\/eggenberg-mma100-mini-inverter-100a-set\/","og_site_name":"Globe Europe","article_modified_time":"2025-02-19T09:23:22+00:00","og_image":[{"width":700,"height":700,"url":"https:\/\/globe-europe.nl\/wp-content\/uploads\/2025\/02\/mini-inverter-MMA100-Eggenberg.png","type":"image\/png"}],"twitter_card":"summary_large_image","twitter_misc":{"Gesch\u00e4tzte Lesezeit":"4\u00a0Minuten"},"schema":{"@context":"https:\/\/schema.org","@graph":[{"@type":"WebPage","@id":"https:\/\/globe-europe.nl\/product\/eggenberg-mma100-mini-inverter-100a-set\/","url":"https:\/\/globe-europe.nl\/product\/eggenberg-mma100-mini-inverter-100a-set\/","name":"Eggenberg MMA100 Mini-Inverter 100A Schwei\u00dfger\u00e4t | 200V - Globe Europe","isPartOf":{"@id":"https:\/\/globe-europe.nl\/#website"},"primaryImageOfPage":{"@id":"https:\/\/globe-europe.nl\/product\/eggenberg-mma100-mini-inverter-100a-set\/#primaryimage"},"image":{"@id":"https:\/\/globe-europe.nl\/product\/eggenberg-mma100-mini-inverter-100a-set\/#primaryimage"},"thumbnailUrl":"https:\/\/globe-europe.nl\/wp-content\/uploads\/2025\/02\/mini-inverter-MMA100-Eggenberg.png","datePublished":"2025-02-04T09:20:41+00:00","dateModified":"2025-02-19T09:23:22+00:00","description":"Eggenberg MMA100 Inverter 100A Schwei\u00dfger\u00e4t. Leicht, leistungsstark und vielseitig. Inklusive 10 Ceweld-Elektroden. Geeignet f\u00fcr Stahl, Eisen und Kupfer.","breadcrumb":{"@id":"https:\/\/globe-europe.nl\/product\/eggenberg-mma100-mini-inverter-100a-set\/#breadcrumb"},"inLanguage":"de","potentialAction":[{"@type":"ReadAction","target":["https:\/\/globe-europe.nl\/product\/eggenberg-mma100-mini-inverter-100a-set\/"]}]},{"@type":"ImageObject","inLanguage":"de","@id":"https:\/\/globe-europe.nl\/product\/eggenberg-mma100-mini-inverter-100a-set\/#primaryimage","url":"https:\/\/globe-europe.nl\/wp-content\/uploads\/2025\/02\/mini-inverter-MMA100-Eggenberg.png","contentUrl":"https:\/\/globe-europe.nl\/wp-content\/uploads\/2025\/02\/mini-inverter-MMA100-Eggenberg.png","width":700,"height":700},{"@type":"BreadcrumbList","@id":"https:\/\/globe-europe.nl\/product\/eggenberg-mma100-mini-inverter-100a-set\/#breadcrumb","itemListElement":[{"@type":"ListItem","position":1,"name":"Home","item":"https:\/\/globe-europe.nl\/"},{"@type":"ListItem","position":2,"name":"Winkel","item":"https:\/\/globe-europe.nl\/winkel\/"},{"@type":"ListItem","position":3,"name":"Eggenberg MMA100 Mini Inverter 100A set"}]},{"@type":"WebSite","@id":"https:\/\/globe-europe.nl\/#website","url":"https:\/\/globe-europe.nl\/","name":"Globe Europe","description":"","publisher":{"@id":"https:\/\/globe-europe.nl\/#organization"},"potentialAction":[{"@type":"SearchAction","target":{"@type":"EntryPoint","urlTemplate":"https:\/\/globe-europe.nl\/?s={search_term_string}"},"query-input":{"@type":"PropertyValueSpecification","valueRequired":true,"valueName":"search_term_string"}}],"inLanguage":"de"},{"@type":"Organization","@id":"https:\/\/globe-europe.nl\/#organization","name":"Globe Europe","url":"https:\/\/globe-europe.nl\/","logo":{"@type":"ImageObject","inLanguage":"de","@id":"https:\/\/globe-europe.nl\/#\/schema\/logo\/image\/","url":"https:\/\/globe-europe.nl\/wp-content\/uploads\/2025\/02\/GLOBE-LOGO-WEB-GROOT.png","contentUrl":"https:\/\/globe-europe.nl\/wp-content\/uploads\/2025\/02\/GLOBE-LOGO-WEB-GROOT.png","width":938,"height":404,"caption":"Globe Europe"},"image":{"@id":"https:\/\/globe-europe.nl\/#\/schema\/logo\/image\/"}}]}},"_links":{"self":[{"href":"https:\/\/globe-europe.nl\/de\/wp-json\/wp\/v2\/product\/387","targetHints":{"allow":["GET"]}}],"collection":[{"href":"https:\/\/globe-europe.nl\/de\/wp-json\/wp\/v2\/product"}],"about":[{"href":"https:\/\/globe-europe.nl\/de\/wp-json\/wp\/v2\/types\/product"}],"replies":[{"embeddable":true,"href":"https:\/\/globe-europe.nl\/de\/wp-json\/wp\/v2\/comments?post=387"}],"wp:featuredmedia":[{"embeddable":true,"href":"https:\/\/globe-europe.nl\/de\/wp-json\/wp\/v2\/media\/386"}],"wp:attachment":[{"href":"https:\/\/globe-europe.nl\/de\/wp-json\/wp\/v2\/media?parent=387"}],"wp:term":[{"taxonomy":"product_brand","embeddable":true,"href":"https:\/\/globe-europe.nl\/de\/wp-json\/wp\/v2\/product_brand?post=387"},{"taxonomy":"product_cat","embeddable":true,"href":"https:\/\/globe-europe.nl\/de\/wp-json\/wp\/v2\/product_cat?post=387"},{"taxonomy":"product_tag","embeddable":true,"href":"https:\/\/globe-europe.nl\/de\/wp-json\/wp\/v2\/product_tag?post=387"}],"curies":[{"name":"wp","href":"https:\/\/api.w.org\/{rel}","templated":true}]}}