{"id":412,"date":"2025-02-04T09:43:31","date_gmt":"2025-02-04T09:43:31","guid":{"rendered":"https:\/\/globe-europe.nl\/product\/globe-g2862-lamellenschijf-vlak-125x222mm-20-stuks\/"},"modified":"2025-03-07T09:47:35","modified_gmt":"2025-03-07T09:47:35","slug":"globe-g2862-flache-lamellenscheibe-125x222mm-20stk","status":"publish","type":"product","link":"https:\/\/globe-europe.nl\/de\/product\/globe-g2862-lamellenschijf-vlak-125x222mm-20-stuks\/","title":{"rendered":"Globus G2862 F\u00e4cherscheibe Flach 125\u00d722,2mm 20 St\u00fcck"},"content":{"rendered":"<p id=\"tw-target-text\" class=\"tw-data-text tw-text-large XcVN5d tw-ta\" dir=\"ltr\" data-placeholder=\"Vertaling\"><span class=\"Y2IQFc\" lang=\"nl\">Die Top-Scheibe mit Keramikgewebe. F\u00fcr den Einsatz auf Schleifmaschinen \u00fcber 1000 Watt f\u00fcr hervorragende Ergebnisse<\/span><\/p>\n<p id=\"tw-target-text\" class=\"tw-data-text tw-text-large XcVN5d tw-ta\" dir=\"ltr\" data-placeholder=\"Vertaling\"><span class=\"Y2IQFc\" lang=\"nl\">Dank des Glasfasertellers k\u00f6nnen diese F\u00e4cherschleifscheiben die bearbeitete Oberfl\u00e4che nicht verunreinigen, w\u00e4hrend dies bei Schleifarbeiten mit Scheiben mit Kunststofftr\u00e4ger der Fall ist. Dieses Ph\u00e4nomen kann nach der Verwendung des Schleifgewebes auftreten: Daher sind F\u00e4cherschleifscheiben mit Glasfaserteller besonders f\u00fcr die Bearbeitung von Edelstahl geeignet.<\/span><\/p>\n<p><strong>Eigenschaften Globe G2862 Flap Disc Flat 125\u00d722.2mm 20 St\u00fcck<\/strong><\/p>\n<ul>\n<li><span class=\"Y2IQFc\" lang=\"nl\">Zur Verwendung mit Schleifmaschinen \u00fcber 1000 Watt f\u00fcr hervorragende Ergebnisse<\/span><\/li>\n<li><span class=\"Y2IQFc\" lang=\"nl\">Dank des Glastr\u00e4gers k\u00f6nnen diese F\u00e4cherschleifscheiben die bearbeitete Oberfl\u00e4che nicht verschmutzen<\/span><\/li>\n<li><span class=\"Y2IQFc\" lang=\"nl\">Glasfaserst\u00fctzteller sind besonders f\u00fcr die Bearbeitung von Edelstahl geeignet.<\/span><\/li>\n<\/ul>\n<p><strong>Technische Daten<\/strong><\/p>\n<ul>\n<li>Anwendung - Stahl und rostfreier Stahl<\/li>\n<li>Abmessungen - 125 Durchmesser<\/li>\n<li>Einlass - 22,2 mm<\/li>\n<li>Typ - flach<\/li>\n<li>Verpackungsmenge - 20 St\u00fcck<\/li>\n<\/ul>\n<p><strong>Umfang der Lieferung<\/strong><\/p>\n<ul>\n<li>Globus G2862 F\u00e4cherscheibe Flach 125\u00d722,2mm 20 St\u00fcck<\/li>\n<\/ul>","protected":false},"excerpt":{"rendered":"<p>De top range schijf met keramische doek. Te gebruiken op grinders van meer dan 1000 watt voor uitstekende resultaten Dankzij de glasvezel-steunschijf kunnen deze lamellenschijven het bewerkte oppervlak niet vervuilen; terwijl dit gebeurt tijdens slijpbewerkingen met schijven met een plastic steunschijf. Dit fenomeen kan optreden na het gebruik van de schuurdoek: Daarom zijn lamellenschijven met [&hellip;]<\/p>\n","protected":false},"featured_media":627,"comment_status":"open","ping_status":"closed","template":"","meta":[],"product_brand":[323],"product_cat":[39,37,41],"product_tag":[],"class_list":{"0":"post-412","1":"product","2":"type-product","3":"status-publish","4":"has-post-thumbnail","6":"product_brand-globe","7":"product_cat-lamellenschijf","8":"product_cat-schuur-slijpmiddelen","9":"product_cat-verbruiksartikelen","11":"first","12":"instock","13":"shipping-taxable","14":"product-type-simple"},"ct_brands":[{"id":323,"name":"GLOBE","slug":"weltkugel"}],"yoast_head":"<!-- This site is optimized with the Yoast SEO plugin v27.3 - https:\/\/yoast.com\/product\/yoast-seo-wordpress\/ -->\n<title>Globe G2862 Lamellenschijf | Vlak &amp; Keramisch voor RVS - Globe Europe<\/title>\n<meta name=\"description\" content=\"Globe G2862 lamellenschijf (125x22,2mm) \u2013 set 20 stuks. Keramisch doek voor krachtig slijpen. Glasvezel-steunschijf voorkomt vervuiling, ideaal voor RVS.\" \/>\n<meta name=\"robots\" content=\"index, follow, max-snippet:-1, max-image-preview:large, max-video-preview:-1\" \/>\n<link rel=\"canonical\" href=\"https:\/\/globe-europe.nl\/de\/produkt\/globe-g2862-flache-lamellenscheibe-125x222mm-20stk\/\" \/>\n<meta property=\"og:locale\" content=\"de_DE\" \/>\n<meta property=\"og:type\" content=\"article\" \/>\n<meta property=\"og:title\" content=\"Globe G2862 Lamellenschijf | Vlak &amp; Keramisch voor RVS - Globe Europe\" \/>\n<meta property=\"og:description\" content=\"Globe G2862 lamellenschijf (125x22,2mm) \u2013 set 20 stuks. Keramisch doek voor krachtig slijpen. Glasvezel-steunschijf voorkomt vervuiling, ideaal voor RVS.\" \/>\n<meta property=\"og:url\" content=\"https:\/\/globe-europe.nl\/de\/produkt\/globe-g2862-flache-lamellenscheibe-125x222mm-20stk\/\" \/>\n<meta property=\"og:site_name\" content=\"Globe Europe\" \/>\n<meta property=\"article:modified_time\" content=\"2025-03-07T09:47:35+00:00\" \/>\n<meta property=\"og:image\" content=\"https:\/\/globe-europe.nl\/wp-content\/uploads\/2025\/02\/Ontwerp-zonder-titel.png\" \/>\n\t<meta property=\"og:image:width\" content=\"700\" \/>\n\t<meta property=\"og:image:height\" content=\"700\" \/>\n\t<meta property=\"og:image:type\" content=\"image\/png\" \/>\n<meta name=\"twitter:card\" content=\"summary_large_image\" \/>\n<meta name=\"twitter:label1\" content=\"Gesch\u00e4tzte Lesezeit\" \/>\n\t<meta name=\"twitter:data1\" content=\"1\u00a0Minute\" \/>\n<script type=\"application\/ld+json\" class=\"yoast-schema-graph\">{\"@context\":\"https:\\\/\\\/schema.org\",\"@graph\":[{\"@type\":\"WebPage\",\"@id\":\"https:\\\/\\\/globe-europe.nl\\\/product\\\/globe-g2862-lamellenschijf-vlak-125x222mm-20-stuks\\\/\",\"url\":\"https:\\\/\\\/globe-europe.nl\\\/product\\\/globe-g2862-lamellenschijf-vlak-125x222mm-20-stuks\\\/\",\"name\":\"Globe G2862 Lamellenschijf | Vlak & Keramisch voor RVS - Globe Europe\",\"isPartOf\":{\"@id\":\"https:\\\/\\\/globe-europe.nl\\\/#website\"},\"primaryImageOfPage\":{\"@id\":\"https:\\\/\\\/globe-europe.nl\\\/product\\\/globe-g2862-lamellenschijf-vlak-125x222mm-20-stuks\\\/#primaryimage\"},\"image\":{\"@id\":\"https:\\\/\\\/globe-europe.nl\\\/product\\\/globe-g2862-lamellenschijf-vlak-125x222mm-20-stuks\\\/#primaryimage\"},\"thumbnailUrl\":\"https:\\\/\\\/globe-europe.nl\\\/wp-content\\\/uploads\\\/2025\\\/02\\\/Ontwerp-zonder-titel.png\",\"datePublished\":\"2025-02-04T09:43:31+00:00\",\"dateModified\":\"2025-03-07T09:47:35+00:00\",\"description\":\"Globe G2862 lamellenschijf (125x22,2mm) \u2013 set 20 stuks. Keramisch doek voor krachtig slijpen. Glasvezel-steunschijf voorkomt vervuiling, ideaal voor RVS.\",\"breadcrumb\":{\"@id\":\"https:\\\/\\\/globe-europe.nl\\\/product\\\/globe-g2862-lamellenschijf-vlak-125x222mm-20-stuks\\\/#breadcrumb\"},\"inLanguage\":\"de\",\"potentialAction\":[{\"@type\":\"ReadAction\",\"target\":[\"https:\\\/\\\/globe-europe.nl\\\/product\\\/globe-g2862-lamellenschijf-vlak-125x222mm-20-stuks\\\/\"]}]},{\"@type\":\"ImageObject\",\"inLanguage\":\"de\",\"@id\":\"https:\\\/\\\/globe-europe.nl\\\/product\\\/globe-g2862-lamellenschijf-vlak-125x222mm-20-stuks\\\/#primaryimage\",\"url\":\"https:\\\/\\\/globe-europe.nl\\\/wp-content\\\/uploads\\\/2025\\\/02\\\/Ontwerp-zonder-titel.png\",\"contentUrl\":\"https:\\\/\\\/globe-europe.nl\\\/wp-content\\\/uploads\\\/2025\\\/02\\\/Ontwerp-zonder-titel.png\",\"width\":700,\"height\":700,\"caption\":\"Globe G2862 Lamellenschijf\"},{\"@type\":\"BreadcrumbList\",\"@id\":\"https:\\\/\\\/globe-europe.nl\\\/product\\\/globe-g2862-lamellenschijf-vlak-125x222mm-20-stuks\\\/#breadcrumb\",\"itemListElement\":[{\"@type\":\"ListItem\",\"position\":1,\"name\":\"Home\",\"item\":\"https:\\\/\\\/globe-europe.nl\\\/\"},{\"@type\":\"ListItem\",\"position\":2,\"name\":\"Winkel\",\"item\":\"https:\\\/\\\/globe-europe.nl\\\/winkel\\\/\"},{\"@type\":\"ListItem\",\"position\":3,\"name\":\"Globe G2862 Lamellenschijf Vlak 125&#215;22,2mm 20 stuks\"}]},{\"@type\":\"WebSite\",\"@id\":\"https:\\\/\\\/globe-europe.nl\\\/#website\",\"url\":\"https:\\\/\\\/globe-europe.nl\\\/\",\"name\":\"Globe Europe\",\"description\":\"\",\"publisher\":{\"@id\":\"https:\\\/\\\/globe-europe.nl\\\/#organization\"},\"potentialAction\":[{\"@type\":\"SearchAction\",\"target\":{\"@type\":\"EntryPoint\",\"urlTemplate\":\"https:\\\/\\\/globe-europe.nl\\\/?s={search_term_string}\"},\"query-input\":{\"@type\":\"PropertyValueSpecification\",\"valueRequired\":true,\"valueName\":\"search_term_string\"}}],\"inLanguage\":\"de\"},{\"@type\":\"Organization\",\"@id\":\"https:\\\/\\\/globe-europe.nl\\\/#organization\",\"name\":\"Globe Europe\",\"url\":\"https:\\\/\\\/globe-europe.nl\\\/\",\"logo\":{\"@type\":\"ImageObject\",\"inLanguage\":\"de\",\"@id\":\"https:\\\/\\\/globe-europe.nl\\\/#\\\/schema\\\/logo\\\/image\\\/\",\"url\":\"https:\\\/\\\/globe-europe.nl\\\/wp-content\\\/uploads\\\/2025\\\/02\\\/GLOBE-LOGO-WEB-GROOT.png\",\"contentUrl\":\"https:\\\/\\\/globe-europe.nl\\\/wp-content\\\/uploads\\\/2025\\\/02\\\/GLOBE-LOGO-WEB-GROOT.png\",\"width\":938,\"height\":404,\"caption\":\"Globe Europe\"},\"image\":{\"@id\":\"https:\\\/\\\/globe-europe.nl\\\/#\\\/schema\\\/logo\\\/image\\\/\"}}]}<\/script>\n<!-- \/ Yoast SEO plugin. -->","yoast_head_json":{"title":"Globe G2862 F\u00e4cherscheibe | Flach &amp; Keramik f\u00fcr Edelstahl - Globe Europe","description":"Globe G2862 F\u00e4cherschleifscheibe (125x22,2mm) - Satz 20 St\u00fcck. Keramisches Tuch f\u00fcr kraftvolles Schleifen. Glasfaser-St\u00fctzteller verhindert Verschmutzung, ideal f\u00fcr Edelstahl.","robots":{"index":"index","follow":"follow","max-snippet":"max-snippet:-1","max-image-preview":"max-image-preview:large","max-video-preview":"max-video-preview:-1"},"canonical":"https:\/\/globe-europe.nl\/de\/produkt\/globe-g2862-flache-lamellenscheibe-125x222mm-20stk\/","og_locale":"de_DE","og_type":"article","og_title":"Globe G2862 Lamellenschijf | Vlak & Keramisch voor RVS - Globe Europe","og_description":"Globe G2862 lamellenschijf (125x22,2mm) \u2013 set 20 stuks. Keramisch doek voor krachtig slijpen. Glasvezel-steunschijf voorkomt vervuiling, ideaal voor RVS.","og_url":"https:\/\/globe-europe.nl\/de\/produkt\/globe-g2862-flache-lamellenscheibe-125x222mm-20stk\/","og_site_name":"Globe Europe","article_modified_time":"2025-03-07T09:47:35+00:00","og_image":[{"width":700,"height":700,"url":"https:\/\/globe-europe.nl\/wp-content\/uploads\/2025\/02\/Ontwerp-zonder-titel.png","type":"image\/png"}],"twitter_card":"summary_large_image","twitter_misc":{"Gesch\u00e4tzte Lesezeit":"1\u00a0Minute"},"schema":{"@context":"https:\/\/schema.org","@graph":[{"@type":"WebPage","@id":"https:\/\/globe-europe.nl\/product\/globe-g2862-lamellenschijf-vlak-125x222mm-20-stuks\/","url":"https:\/\/globe-europe.nl\/product\/globe-g2862-lamellenschijf-vlak-125x222mm-20-stuks\/","name":"Globe G2862 F\u00e4cherscheibe | Flach &amp; Keramik f\u00fcr Edelstahl - Globe Europe","isPartOf":{"@id":"https:\/\/globe-europe.nl\/#website"},"primaryImageOfPage":{"@id":"https:\/\/globe-europe.nl\/product\/globe-g2862-lamellenschijf-vlak-125x222mm-20-stuks\/#primaryimage"},"image":{"@id":"https:\/\/globe-europe.nl\/product\/globe-g2862-lamellenschijf-vlak-125x222mm-20-stuks\/#primaryimage"},"thumbnailUrl":"https:\/\/globe-europe.nl\/wp-content\/uploads\/2025\/02\/Ontwerp-zonder-titel.png","datePublished":"2025-02-04T09:43:31+00:00","dateModified":"2025-03-07T09:47:35+00:00","description":"Globe G2862 F\u00e4cherschleifscheibe (125x22,2mm) - Satz 20 St\u00fcck. Keramisches Tuch f\u00fcr kraftvolles Schleifen. Glasfaser-St\u00fctzteller verhindert Verschmutzung, ideal f\u00fcr Edelstahl.","breadcrumb":{"@id":"https:\/\/globe-europe.nl\/product\/globe-g2862-lamellenschijf-vlak-125x222mm-20-stuks\/#breadcrumb"},"inLanguage":"de","potentialAction":[{"@type":"ReadAction","target":["https:\/\/globe-europe.nl\/product\/globe-g2862-lamellenschijf-vlak-125x222mm-20-stuks\/"]}]},{"@type":"ImageObject","inLanguage":"de","@id":"https:\/\/globe-europe.nl\/product\/globe-g2862-lamellenschijf-vlak-125x222mm-20-stuks\/#primaryimage","url":"https:\/\/globe-europe.nl\/wp-content\/uploads\/2025\/02\/Ontwerp-zonder-titel.png","contentUrl":"https:\/\/globe-europe.nl\/wp-content\/uploads\/2025\/02\/Ontwerp-zonder-titel.png","width":700,"height":700,"caption":"Globe G2862 Lamellenschijf"},{"@type":"BreadcrumbList","@id":"https:\/\/globe-europe.nl\/product\/globe-g2862-lamellenschijf-vlak-125x222mm-20-stuks\/#breadcrumb","itemListElement":[{"@type":"ListItem","position":1,"name":"Home","item":"https:\/\/globe-europe.nl\/"},{"@type":"ListItem","position":2,"name":"Winkel","item":"https:\/\/globe-europe.nl\/winkel\/"},{"@type":"ListItem","position":3,"name":"Globe G2862 Lamellenschijf Vlak 125&#215;22,2mm 20 stuks"}]},{"@type":"WebSite","@id":"https:\/\/globe-europe.nl\/#website","url":"https:\/\/globe-europe.nl\/","name":"Globe Europe","description":"","publisher":{"@id":"https:\/\/globe-europe.nl\/#organization"},"potentialAction":[{"@type":"SearchAction","target":{"@type":"EntryPoint","urlTemplate":"https:\/\/globe-europe.nl\/?s={search_term_string}"},"query-input":{"@type":"PropertyValueSpecification","valueRequired":true,"valueName":"search_term_string"}}],"inLanguage":"de"},{"@type":"Organization","@id":"https:\/\/globe-europe.nl\/#organization","name":"Globe Europe","url":"https:\/\/globe-europe.nl\/","logo":{"@type":"ImageObject","inLanguage":"de","@id":"https:\/\/globe-europe.nl\/#\/schema\/logo\/image\/","url":"https:\/\/globe-europe.nl\/wp-content\/uploads\/2025\/02\/GLOBE-LOGO-WEB-GROOT.png","contentUrl":"https:\/\/globe-europe.nl\/wp-content\/uploads\/2025\/02\/GLOBE-LOGO-WEB-GROOT.png","width":938,"height":404,"caption":"Globe Europe"},"image":{"@id":"https:\/\/globe-europe.nl\/#\/schema\/logo\/image\/"}}]}},"_links":{"self":[{"href":"https:\/\/globe-europe.nl\/de\/wp-json\/wp\/v2\/product\/412","targetHints":{"allow":["GET"]}}],"collection":[{"href":"https:\/\/globe-europe.nl\/de\/wp-json\/wp\/v2\/product"}],"about":[{"href":"https:\/\/globe-europe.nl\/de\/wp-json\/wp\/v2\/types\/product"}],"replies":[{"embeddable":true,"href":"https:\/\/globe-europe.nl\/de\/wp-json\/wp\/v2\/comments?post=412"}],"wp:featuredmedia":[{"embeddable":true,"href":"https:\/\/globe-europe.nl\/de\/wp-json\/wp\/v2\/media\/627"}],"wp:attachment":[{"href":"https:\/\/globe-europe.nl\/de\/wp-json\/wp\/v2\/media?parent=412"}],"wp:term":[{"taxonomy":"product_brand","embeddable":true,"href":"https:\/\/globe-europe.nl\/de\/wp-json\/wp\/v2\/product_brand?post=412"},{"taxonomy":"product_cat","embeddable":true,"href":"https:\/\/globe-europe.nl\/de\/wp-json\/wp\/v2\/product_cat?post=412"},{"taxonomy":"product_tag","embeddable":true,"href":"https:\/\/globe-europe.nl\/de\/wp-json\/wp\/v2\/product_tag?post=412"}],"curies":[{"name":"wp","href":"https:\/\/api.w.org\/{rel}","templated":true}]}}