{"id":417,"date":"2025-02-04T09:43:33","date_gmt":"2025-02-04T09:43:33","guid":{"rendered":"https:\/\/globe-europe.nl\/product\/globe-g1715-doorslijpschijf-vlak-180x2x222mm-50-stuks\/"},"modified":"2025-03-07T09:35:35","modified_gmt":"2025-03-07T09:35:35","slug":"globe-g1715-flache-trennscheibe-180x2x222mm-50stk","status":"publish","type":"product","link":"https:\/\/globe-europe.nl\/de\/product\/globe-g1715-doorslijpschijf-vlak-180x2x222mm-50-stuks\/","title":{"rendered":"Globus G1715 Trennscheibe Flach 180x2x22,2mm 50 St\u00fcck"},"content":{"rendered":"<div class=\"woo-short-description\">\n<p>Zum Schneiden von Aluminium und anderen weichen Nichteisenwerkstoffen (Kupfer, Messing). F\u00fcr schnelle, geschmierte Schnitte dank seiner speziellen Zusammensetzung.<\/p>\n<\/div>\n<p>Das effektivste und schnellste Schleifwerkzeug. Die geringe Dicke halbiert die Schleifzeit im Vergleich zu Standard-Schriften. ZAC-Scheiben sind an den Seiten verst\u00e4rkt. Sie sollten niemals zum Entgraten oder f\u00fcr Schleifarbeiten verwendet werden, bei denen sich die Scheibe biegt. Das patentierte schraubenf\u00f6rmige Muster an der Seite der Scheibe sorgt f\u00fcr geringere Reibung, geringere W\u00e4rmeentwicklung und einen schnelleren Schnitt.<\/p>\n<p><strong>Eigenschaften Globe G1715 Trennscheibe Flach 180x2x22,2mm 50 St\u00fcck<\/strong><\/p>\n<ul>\n<li>Zum Schneiden von Aluminium und anderen weichen Nichteisenwerkstoffen (Kupfer, Messing)<\/li>\n<li>F\u00fcr schnelle, ge\u00f6lte Schnitte dank spezieller Zusammensetzung<\/li>\n<li>Die effektivsten und schnellsten Schleifwerkzeuge<\/li>\n<li>Sie sollten niemals f\u00fcr Entgratungs- oder Schleifarbeiten verwendet werden, bei denen sich die Scheibe verbiegt.<\/li>\n<li>Das patentierte helocoidale Muster an der Seite der Scheibe sorgt f\u00fcr geringere Reibung, weniger W\u00e4rmeentwicklung und einen schnelleren Schnitt<\/li>\n<\/ul>\n<p><strong>Technische Daten<\/strong><\/p>\n<ul>\n<li>Anwendung - Stahl<\/li>\n<li>Abmessung -180\u00d72<\/li>\n<li>Einlass - 22,2 mm<\/li>\n<li>Typ - flach<\/li>\n<li>Verpackungseinheit - 50 St\u00fcck<\/li>\n<\/ul>\n<p><strong>Umfang der Lieferung<\/strong><\/p>\n<ul>\n<li>Globus G1715 Trennscheibe Flach 180x2x22,2mm 50 St\u00fcck<\/li>\n<\/ul>","protected":false},"excerpt":{"rendered":"<p>Voor het doorslijpen van aluminium en andere zachte, niet ijzerhoudende materialen (koper, messing). Voor een snelle, gesmeerde snede dankzij de speciale samenstelling. De meest effectieve en snelle slijpgereedschap. De geringe dikte halveert de slijptijd ten opzichte van standaard schrijven. De ZAC schijven zijn verstevigd aan de zijkanten. Ze moeten nooit gebruikt worden voor afbramen of [&hellip;]<\/p>\n","protected":false},"featured_media":630,"comment_status":"open","ping_status":"closed","template":"","meta":[],"product_brand":[323],"product_cat":[38,37,41],"product_tag":[],"class_list":{"0":"post-417","1":"product","2":"type-product","3":"status-publish","4":"has-post-thumbnail","6":"product_brand-globe","7":"product_cat-doorslijpschijf","8":"product_cat-schuur-slijpmiddelen","9":"product_cat-verbruiksartikelen","11":"first","12":"instock","13":"shipping-taxable","14":"product-type-simple"},"ct_brands":[{"id":323,"name":"GLOBE","slug":"weltkugel"}],"yoast_head":"<!-- This site is optimized with the Yoast SEO plugin v27.3 - https:\/\/yoast.com\/product\/yoast-seo-wordpress\/ -->\n<title>Globe G1715 Doorslijpschijf Vlak | Aluminium &amp; Non-ferro - Globe Europe<\/title>\n<meta name=\"description\" content=\"Globe G1715 doorslijpschijf vlak (180x2x22,2mm) \u2013 set van 50st. Ideaal voor aluminium, koper en messing. Snelle, gesmeerde snede met minimale hitte.\" \/>\n<meta name=\"robots\" content=\"index, follow, max-snippet:-1, max-image-preview:large, max-video-preview:-1\" \/>\n<link rel=\"canonical\" href=\"https:\/\/globe-europe.nl\/de\/produkt\/globe-g1715-flache-trennscheibe-180x2x222mm-50stk\/\" \/>\n<meta property=\"og:locale\" content=\"de_DE\" \/>\n<meta property=\"og:type\" content=\"article\" \/>\n<meta property=\"og:title\" content=\"Globe G1715 Doorslijpschijf Vlak | Aluminium &amp; Non-ferro - Globe Europe\" \/>\n<meta property=\"og:description\" content=\"Globe G1715 doorslijpschijf vlak (180x2x22,2mm) \u2013 set van 50st. Ideaal voor aluminium, koper en messing. Snelle, gesmeerde snede met minimale hitte.\" \/>\n<meta property=\"og:url\" content=\"https:\/\/globe-europe.nl\/de\/produkt\/globe-g1715-flache-trennscheibe-180x2x222mm-50stk\/\" \/>\n<meta property=\"og:site_name\" content=\"Globe Europe\" \/>\n<meta property=\"article:modified_time\" content=\"2025-03-07T09:35:35+00:00\" \/>\n<meta property=\"og:image\" content=\"https:\/\/globe-europe.nl\/wp-content\/uploads\/2025\/02\/Globe-G1715-Doorslijpschijf-.png\" \/>\n\t<meta property=\"og:image:width\" content=\"700\" \/>\n\t<meta property=\"og:image:height\" content=\"700\" \/>\n\t<meta property=\"og:image:type\" content=\"image\/png\" \/>\n<meta name=\"twitter:card\" content=\"summary_large_image\" \/>\n<meta name=\"twitter:label1\" content=\"Gesch\u00e4tzte Lesezeit\" \/>\n\t<meta name=\"twitter:data1\" content=\"2\u00a0Minuten\" \/>\n<script type=\"application\/ld+json\" class=\"yoast-schema-graph\">{\"@context\":\"https:\\\/\\\/schema.org\",\"@graph\":[{\"@type\":\"WebPage\",\"@id\":\"https:\\\/\\\/globe-europe.nl\\\/product\\\/globe-g1715-doorslijpschijf-vlak-180x2x222mm-50-stuks\\\/\",\"url\":\"https:\\\/\\\/globe-europe.nl\\\/product\\\/globe-g1715-doorslijpschijf-vlak-180x2x222mm-50-stuks\\\/\",\"name\":\"Globe G1715 Doorslijpschijf Vlak | Aluminium & Non-ferro - Globe Europe\",\"isPartOf\":{\"@id\":\"https:\\\/\\\/globe-europe.nl\\\/#website\"},\"primaryImageOfPage\":{\"@id\":\"https:\\\/\\\/globe-europe.nl\\\/product\\\/globe-g1715-doorslijpschijf-vlak-180x2x222mm-50-stuks\\\/#primaryimage\"},\"image\":{\"@id\":\"https:\\\/\\\/globe-europe.nl\\\/product\\\/globe-g1715-doorslijpschijf-vlak-180x2x222mm-50-stuks\\\/#primaryimage\"},\"thumbnailUrl\":\"https:\\\/\\\/globe-europe.nl\\\/wp-content\\\/uploads\\\/2025\\\/02\\\/Globe-G1715-Doorslijpschijf-.png\",\"datePublished\":\"2025-02-04T09:43:33+00:00\",\"dateModified\":\"2025-03-07T09:35:35+00:00\",\"description\":\"Globe G1715 doorslijpschijf vlak (180x2x22,2mm) \u2013 set van 50st. Ideaal voor aluminium, koper en messing. Snelle, gesmeerde snede met minimale hitte.\",\"breadcrumb\":{\"@id\":\"https:\\\/\\\/globe-europe.nl\\\/product\\\/globe-g1715-doorslijpschijf-vlak-180x2x222mm-50-stuks\\\/#breadcrumb\"},\"inLanguage\":\"de\",\"potentialAction\":[{\"@type\":\"ReadAction\",\"target\":[\"https:\\\/\\\/globe-europe.nl\\\/product\\\/globe-g1715-doorslijpschijf-vlak-180x2x222mm-50-stuks\\\/\"]}]},{\"@type\":\"ImageObject\",\"inLanguage\":\"de\",\"@id\":\"https:\\\/\\\/globe-europe.nl\\\/product\\\/globe-g1715-doorslijpschijf-vlak-180x2x222mm-50-stuks\\\/#primaryimage\",\"url\":\"https:\\\/\\\/globe-europe.nl\\\/wp-content\\\/uploads\\\/2025\\\/02\\\/Globe-G1715-Doorslijpschijf-.png\",\"contentUrl\":\"https:\\\/\\\/globe-europe.nl\\\/wp-content\\\/uploads\\\/2025\\\/02\\\/Globe-G1715-Doorslijpschijf-.png\",\"width\":700,\"height\":700,\"caption\":\"Globe G1715 Doorslijpschijf\"},{\"@type\":\"BreadcrumbList\",\"@id\":\"https:\\\/\\\/globe-europe.nl\\\/product\\\/globe-g1715-doorslijpschijf-vlak-180x2x222mm-50-stuks\\\/#breadcrumb\",\"itemListElement\":[{\"@type\":\"ListItem\",\"position\":1,\"name\":\"Home\",\"item\":\"https:\\\/\\\/globe-europe.nl\\\/\"},{\"@type\":\"ListItem\",\"position\":2,\"name\":\"Winkel\",\"item\":\"https:\\\/\\\/globe-europe.nl\\\/winkel\\\/\"},{\"@type\":\"ListItem\",\"position\":3,\"name\":\"Globe G1715 Doorslijpschijf Vlak 180x2x22,2mm 50 stuks\"}]},{\"@type\":\"WebSite\",\"@id\":\"https:\\\/\\\/globe-europe.nl\\\/#website\",\"url\":\"https:\\\/\\\/globe-europe.nl\\\/\",\"name\":\"Globe Europe\",\"description\":\"\",\"publisher\":{\"@id\":\"https:\\\/\\\/globe-europe.nl\\\/#organization\"},\"potentialAction\":[{\"@type\":\"SearchAction\",\"target\":{\"@type\":\"EntryPoint\",\"urlTemplate\":\"https:\\\/\\\/globe-europe.nl\\\/?s={search_term_string}\"},\"query-input\":{\"@type\":\"PropertyValueSpecification\",\"valueRequired\":true,\"valueName\":\"search_term_string\"}}],\"inLanguage\":\"de\"},{\"@type\":\"Organization\",\"@id\":\"https:\\\/\\\/globe-europe.nl\\\/#organization\",\"name\":\"Globe Europe\",\"url\":\"https:\\\/\\\/globe-europe.nl\\\/\",\"logo\":{\"@type\":\"ImageObject\",\"inLanguage\":\"de\",\"@id\":\"https:\\\/\\\/globe-europe.nl\\\/#\\\/schema\\\/logo\\\/image\\\/\",\"url\":\"https:\\\/\\\/globe-europe.nl\\\/wp-content\\\/uploads\\\/2025\\\/02\\\/GLOBE-LOGO-WEB-GROOT.png\",\"contentUrl\":\"https:\\\/\\\/globe-europe.nl\\\/wp-content\\\/uploads\\\/2025\\\/02\\\/GLOBE-LOGO-WEB-GROOT.png\",\"width\":938,\"height\":404,\"caption\":\"Globe Europe\"},\"image\":{\"@id\":\"https:\\\/\\\/globe-europe.nl\\\/#\\\/schema\\\/logo\\\/image\\\/\"}}]}<\/script>\n<!-- \/ Yoast SEO plugin. -->","yoast_head_json":{"title":"Globe G1715 Trennscheibe flach | Aluminium &amp; Nichteisenmetalle - Globe Europe","description":"Globe G1715 Trennscheibe flach (180x2x22,2mm) - Satz mit 50 St\u00fcck. Ideal f\u00fcr Aluminium, Kupfer und Messing. Schneller, geschmierter Schnitt mit minimaler Hitze.","robots":{"index":"index","follow":"follow","max-snippet":"max-snippet:-1","max-image-preview":"max-image-preview:large","max-video-preview":"max-video-preview:-1"},"canonical":"https:\/\/globe-europe.nl\/de\/produkt\/globe-g1715-flache-trennscheibe-180x2x222mm-50stk\/","og_locale":"de_DE","og_type":"article","og_title":"Globe G1715 Doorslijpschijf Vlak | Aluminium & Non-ferro - Globe Europe","og_description":"Globe G1715 doorslijpschijf vlak (180x2x22,2mm) \u2013 set van 50st. Ideaal voor aluminium, koper en messing. Snelle, gesmeerde snede met minimale hitte.","og_url":"https:\/\/globe-europe.nl\/de\/produkt\/globe-g1715-flache-trennscheibe-180x2x222mm-50stk\/","og_site_name":"Globe Europe","article_modified_time":"2025-03-07T09:35:35+00:00","og_image":[{"width":700,"height":700,"url":"https:\/\/globe-europe.nl\/wp-content\/uploads\/2025\/02\/Globe-G1715-Doorslijpschijf-.png","type":"image\/png"}],"twitter_card":"summary_large_image","twitter_misc":{"Gesch\u00e4tzte Lesezeit":"2\u00a0Minuten"},"schema":{"@context":"https:\/\/schema.org","@graph":[{"@type":"WebPage","@id":"https:\/\/globe-europe.nl\/product\/globe-g1715-doorslijpschijf-vlak-180x2x222mm-50-stuks\/","url":"https:\/\/globe-europe.nl\/product\/globe-g1715-doorslijpschijf-vlak-180x2x222mm-50-stuks\/","name":"Globe G1715 Trennscheibe flach | Aluminium &amp; Nichteisenmetalle - Globe Europe","isPartOf":{"@id":"https:\/\/globe-europe.nl\/#website"},"primaryImageOfPage":{"@id":"https:\/\/globe-europe.nl\/product\/globe-g1715-doorslijpschijf-vlak-180x2x222mm-50-stuks\/#primaryimage"},"image":{"@id":"https:\/\/globe-europe.nl\/product\/globe-g1715-doorslijpschijf-vlak-180x2x222mm-50-stuks\/#primaryimage"},"thumbnailUrl":"https:\/\/globe-europe.nl\/wp-content\/uploads\/2025\/02\/Globe-G1715-Doorslijpschijf-.png","datePublished":"2025-02-04T09:43:33+00:00","dateModified":"2025-03-07T09:35:35+00:00","description":"Globe G1715 Trennscheibe flach (180x2x22,2mm) - Satz mit 50 St\u00fcck. Ideal f\u00fcr Aluminium, Kupfer und Messing. Schneller, geschmierter Schnitt mit minimaler Hitze.","breadcrumb":{"@id":"https:\/\/globe-europe.nl\/product\/globe-g1715-doorslijpschijf-vlak-180x2x222mm-50-stuks\/#breadcrumb"},"inLanguage":"de","potentialAction":[{"@type":"ReadAction","target":["https:\/\/globe-europe.nl\/product\/globe-g1715-doorslijpschijf-vlak-180x2x222mm-50-stuks\/"]}]},{"@type":"ImageObject","inLanguage":"de","@id":"https:\/\/globe-europe.nl\/product\/globe-g1715-doorslijpschijf-vlak-180x2x222mm-50-stuks\/#primaryimage","url":"https:\/\/globe-europe.nl\/wp-content\/uploads\/2025\/02\/Globe-G1715-Doorslijpschijf-.png","contentUrl":"https:\/\/globe-europe.nl\/wp-content\/uploads\/2025\/02\/Globe-G1715-Doorslijpschijf-.png","width":700,"height":700,"caption":"Globe G1715 Doorslijpschijf"},{"@type":"BreadcrumbList","@id":"https:\/\/globe-europe.nl\/product\/globe-g1715-doorslijpschijf-vlak-180x2x222mm-50-stuks\/#breadcrumb","itemListElement":[{"@type":"ListItem","position":1,"name":"Home","item":"https:\/\/globe-europe.nl\/"},{"@type":"ListItem","position":2,"name":"Winkel","item":"https:\/\/globe-europe.nl\/winkel\/"},{"@type":"ListItem","position":3,"name":"Globe G1715 Doorslijpschijf Vlak 180x2x22,2mm 50 stuks"}]},{"@type":"WebSite","@id":"https:\/\/globe-europe.nl\/#website","url":"https:\/\/globe-europe.nl\/","name":"Globe Europe","description":"","publisher":{"@id":"https:\/\/globe-europe.nl\/#organization"},"potentialAction":[{"@type":"SearchAction","target":{"@type":"EntryPoint","urlTemplate":"https:\/\/globe-europe.nl\/?s={search_term_string}"},"query-input":{"@type":"PropertyValueSpecification","valueRequired":true,"valueName":"search_term_string"}}],"inLanguage":"de"},{"@type":"Organization","@id":"https:\/\/globe-europe.nl\/#organization","name":"Globe Europe","url":"https:\/\/globe-europe.nl\/","logo":{"@type":"ImageObject","inLanguage":"de","@id":"https:\/\/globe-europe.nl\/#\/schema\/logo\/image\/","url":"https:\/\/globe-europe.nl\/wp-content\/uploads\/2025\/02\/GLOBE-LOGO-WEB-GROOT.png","contentUrl":"https:\/\/globe-europe.nl\/wp-content\/uploads\/2025\/02\/GLOBE-LOGO-WEB-GROOT.png","width":938,"height":404,"caption":"Globe Europe"},"image":{"@id":"https:\/\/globe-europe.nl\/#\/schema\/logo\/image\/"}}]}},"_links":{"self":[{"href":"https:\/\/globe-europe.nl\/de\/wp-json\/wp\/v2\/product\/417","targetHints":{"allow":["GET"]}}],"collection":[{"href":"https:\/\/globe-europe.nl\/de\/wp-json\/wp\/v2\/product"}],"about":[{"href":"https:\/\/globe-europe.nl\/de\/wp-json\/wp\/v2\/types\/product"}],"replies":[{"embeddable":true,"href":"https:\/\/globe-europe.nl\/de\/wp-json\/wp\/v2\/comments?post=417"}],"wp:featuredmedia":[{"embeddable":true,"href":"https:\/\/globe-europe.nl\/de\/wp-json\/wp\/v2\/media\/630"}],"wp:attachment":[{"href":"https:\/\/globe-europe.nl\/de\/wp-json\/wp\/v2\/media?parent=417"}],"wp:term":[{"taxonomy":"product_brand","embeddable":true,"href":"https:\/\/globe-europe.nl\/de\/wp-json\/wp\/v2\/product_brand?post=417"},{"taxonomy":"product_cat","embeddable":true,"href":"https:\/\/globe-europe.nl\/de\/wp-json\/wp\/v2\/product_cat?post=417"},{"taxonomy":"product_tag","embeddable":true,"href":"https:\/\/globe-europe.nl\/de\/wp-json\/wp\/v2\/product_tag?post=417"}],"curies":[{"name":"wp","href":"https:\/\/api.w.org\/{rel}","templated":true}]}}