{"id":420,"date":"2025-02-04T09:43:35","date_gmt":"2025-02-04T09:43:35","guid":{"rendered":"https:\/\/globe-europe.nl\/product\/globe-g0127-afbraamschijf-vlak-230x7x222mm-25-stuks\/"},"modified":"2025-03-07T09:33:56","modified_gmt":"2025-03-07T09:33:56","slug":"globe-g0127-flache-schruppscheibe-230x7x222mm-25stk","status":"publish","type":"product","link":"https:\/\/globe-europe.nl\/de\/product\/globe-g0127-afbraamschijf-vlak-230x7x222mm-25-stuks\/","title":{"rendered":"Globus G0127 Trennscheibe Flach 230x7x22,2mm 25 St\u00fcck"},"content":{"rendered":"<div class=\"woo-short-description\">\n<p>Sehr gute Schleifleistung. F\u00fcr schwere Arbeiten wie zackige Kanten oder scharfe Ecken von Eisenmetallen.<\/p>\n<\/div>\n<div>\n<p>Entgraten mit Winkelschleifern: Schleifscheiben mit vertieftem Kern.<\/p>\n<p>Globe bietet eine breite Palette von Standard-Flachtrennscheiben von 2,5 mm bis 4,8 mm Dicke f\u00fcr Winkelschleifer an. Verschiedene Arten von Schleifmitteln, Bindemitteln und H\u00e4rten bilden die Grundlage, um die h\u00f6chstm\u00f6gliche Leistung der Scheiben f\u00fcr jede Anwendung zu erzielen. Die Qualit\u00e4t der Globe-Schleifscheiben erh\u00f6ht die Effizienz, was in Muster- und Labortests nachgewiesen wurde. Globe-Schleifscheiben werden unter strengen Unwuchtbedingungen hergestellt, um die w\u00e4hrend des Gebrauchs auftretenden Vibrationen zu minimieren.<\/p>\n<\/div>\n<p><strong>Eigenschaften Globe G0127 Trennscheibe Flach 230x7x22,2mm 25 St\u00fcck<\/strong><\/p>\n<ul>\n<li>Globe-Schleifscheiben werden unter strengen Unwuchtbedingungen hergestellt, um w\u00e4hrend des Einsatzes so wenig Vibrationen wie m\u00f6glich zu erzeugen.<\/li>\n<li>Schleifscheiben mit vertieftem Kern<\/li>\n<li>Sehr gute Schleifleistung<\/li>\n<\/ul>\n<p><strong>Technische Daten<\/strong><\/p>\n<ul>\n<li>Anwendung - Eisen und Stahl<\/li>\n<li>Gr\u00f6\u00dfe - 230\u00d77<\/li>\n<li>Einlass - 22,2 mm<\/li>\n<li>Typ - Flach<\/li>\n<li>Verpackungseinheit - 25 St\u00fcck<\/li>\n<\/ul>\n<p><strong>Umfang der Lieferung<\/strong><\/p>\n<ul>\n<li>Globus G0127 Trennscheibe Flach 230x7x22,2mm 25 St\u00fcck<\/li>\n<\/ul>","protected":false},"excerpt":{"rendered":"<p>Zeer goede schuur capaciteit. Voor zware werk als gekartelde randen of scherpe hoeken van ijzerhoudende metalen. Afbramen met haakse slijpers: slijpschijven met verzonken kern. Globe biedt een breed scala van standard platte doorslijpschijven van 2,5mm tot 4,8 mm dik voor haakse slijpers. De verschillende types van schuurmiddelen, bindmiddelen en hardheid zijn de basis om een [&hellip;]<\/p>\n","protected":false},"featured_media":633,"comment_status":"open","ping_status":"closed","template":"","meta":[],"product_brand":[323],"product_cat":[40,37,41],"product_tag":[],"class_list":{"0":"post-420","1":"product","2":"type-product","3":"status-publish","4":"has-post-thumbnail","6":"product_brand-globe","7":"product_cat-afbraamschijf","8":"product_cat-schuur-slijpmiddelen","9":"product_cat-verbruiksartikelen","11":"first","12":"instock","13":"shipping-taxable","14":"product-type-simple"},"ct_brands":[{"id":323,"name":"GLOBE","slug":"weltkugel"}],"yoast_head":"<!-- This site is optimized with the Yoast SEO plugin v27.3 - https:\/\/yoast.com\/product\/yoast-seo-wordpress\/ -->\n<title>Globe G0127 Afbraamschijf | Vlak &amp; Krachtig voor IJzer &amp; Staal - Globe Europe<\/title>\n<meta name=\"description\" content=\"Globe G0127 afbraamschijf (230x7x22,2mm) \u2013 set van 25 stuks. Minimale vibratie, hoge schuurcapaciteit en verzonken kern. Ideaal voor ijzer &amp; staal.\" \/>\n<meta name=\"robots\" content=\"index, follow, max-snippet:-1, max-image-preview:large, max-video-preview:-1\" \/>\n<link rel=\"canonical\" href=\"https:\/\/globe-europe.nl\/de\/produkt\/globe-g0127-flache-schruppscheibe-230x7x222mm-25stk\/\" \/>\n<meta property=\"og:locale\" content=\"de_DE\" \/>\n<meta property=\"og:type\" content=\"article\" \/>\n<meta property=\"og:title\" content=\"Globe G0127 Afbraamschijf | Vlak &amp; Krachtig voor IJzer &amp; Staal - Globe Europe\" \/>\n<meta property=\"og:description\" content=\"Globe G0127 afbraamschijf (230x7x22,2mm) \u2013 set van 25 stuks. Minimale vibratie, hoge schuurcapaciteit en verzonken kern. Ideaal voor ijzer &amp; staal.\" \/>\n<meta property=\"og:url\" content=\"https:\/\/globe-europe.nl\/de\/produkt\/globe-g0127-flache-schruppscheibe-230x7x222mm-25stk\/\" \/>\n<meta property=\"og:site_name\" content=\"Globe Europe\" \/>\n<meta property=\"article:modified_time\" content=\"2025-03-07T09:33:56+00:00\" \/>\n<meta property=\"og:image\" content=\"https:\/\/globe-europe.nl\/wp-content\/uploads\/2025\/02\/Globe-G0127-Afbraamschijf-.png\" \/>\n\t<meta property=\"og:image:width\" content=\"700\" \/>\n\t<meta property=\"og:image:height\" content=\"700\" \/>\n\t<meta property=\"og:image:type\" content=\"image\/png\" \/>\n<meta name=\"twitter:card\" content=\"summary_large_image\" \/>\n<meta name=\"twitter:label1\" content=\"Gesch\u00e4tzte Lesezeit\" \/>\n\t<meta name=\"twitter:data1\" content=\"2\u00a0Minuten\" \/>\n<script type=\"application\/ld+json\" class=\"yoast-schema-graph\">{\"@context\":\"https:\\\/\\\/schema.org\",\"@graph\":[{\"@type\":\"WebPage\",\"@id\":\"https:\\\/\\\/globe-europe.nl\\\/product\\\/globe-g0127-afbraamschijf-vlak-230x7x222mm-25-stuks\\\/\",\"url\":\"https:\\\/\\\/globe-europe.nl\\\/product\\\/globe-g0127-afbraamschijf-vlak-230x7x222mm-25-stuks\\\/\",\"name\":\"Globe G0127 Afbraamschijf | Vlak & Krachtig voor IJzer & Staal - Globe Europe\",\"isPartOf\":{\"@id\":\"https:\\\/\\\/globe-europe.nl\\\/#website\"},\"primaryImageOfPage\":{\"@id\":\"https:\\\/\\\/globe-europe.nl\\\/product\\\/globe-g0127-afbraamschijf-vlak-230x7x222mm-25-stuks\\\/#primaryimage\"},\"image\":{\"@id\":\"https:\\\/\\\/globe-europe.nl\\\/product\\\/globe-g0127-afbraamschijf-vlak-230x7x222mm-25-stuks\\\/#primaryimage\"},\"thumbnailUrl\":\"https:\\\/\\\/globe-europe.nl\\\/wp-content\\\/uploads\\\/2025\\\/02\\\/Globe-G0127-Afbraamschijf-.png\",\"datePublished\":\"2025-02-04T09:43:35+00:00\",\"dateModified\":\"2025-03-07T09:33:56+00:00\",\"description\":\"Globe G0127 afbraamschijf (230x7x22,2mm) \u2013 set van 25 stuks. Minimale vibratie, hoge schuurcapaciteit en verzonken kern. Ideaal voor ijzer & staal.\",\"breadcrumb\":{\"@id\":\"https:\\\/\\\/globe-europe.nl\\\/product\\\/globe-g0127-afbraamschijf-vlak-230x7x222mm-25-stuks\\\/#breadcrumb\"},\"inLanguage\":\"de\",\"potentialAction\":[{\"@type\":\"ReadAction\",\"target\":[\"https:\\\/\\\/globe-europe.nl\\\/product\\\/globe-g0127-afbraamschijf-vlak-230x7x222mm-25-stuks\\\/\"]}]},{\"@type\":\"ImageObject\",\"inLanguage\":\"de\",\"@id\":\"https:\\\/\\\/globe-europe.nl\\\/product\\\/globe-g0127-afbraamschijf-vlak-230x7x222mm-25-stuks\\\/#primaryimage\",\"url\":\"https:\\\/\\\/globe-europe.nl\\\/wp-content\\\/uploads\\\/2025\\\/02\\\/Globe-G0127-Afbraamschijf-.png\",\"contentUrl\":\"https:\\\/\\\/globe-europe.nl\\\/wp-content\\\/uploads\\\/2025\\\/02\\\/Globe-G0127-Afbraamschijf-.png\",\"width\":700,\"height\":700},{\"@type\":\"BreadcrumbList\",\"@id\":\"https:\\\/\\\/globe-europe.nl\\\/product\\\/globe-g0127-afbraamschijf-vlak-230x7x222mm-25-stuks\\\/#breadcrumb\",\"itemListElement\":[{\"@type\":\"ListItem\",\"position\":1,\"name\":\"Home\",\"item\":\"https:\\\/\\\/globe-europe.nl\\\/\"},{\"@type\":\"ListItem\",\"position\":2,\"name\":\"Winkel\",\"item\":\"https:\\\/\\\/globe-europe.nl\\\/winkel\\\/\"},{\"@type\":\"ListItem\",\"position\":3,\"name\":\"Globe G0127 Afbraamschijf Vlak 230x7x22,2mm 25 stuks\"}]},{\"@type\":\"WebSite\",\"@id\":\"https:\\\/\\\/globe-europe.nl\\\/#website\",\"url\":\"https:\\\/\\\/globe-europe.nl\\\/\",\"name\":\"Globe Europe\",\"description\":\"\",\"publisher\":{\"@id\":\"https:\\\/\\\/globe-europe.nl\\\/#organization\"},\"potentialAction\":[{\"@type\":\"SearchAction\",\"target\":{\"@type\":\"EntryPoint\",\"urlTemplate\":\"https:\\\/\\\/globe-europe.nl\\\/?s={search_term_string}\"},\"query-input\":{\"@type\":\"PropertyValueSpecification\",\"valueRequired\":true,\"valueName\":\"search_term_string\"}}],\"inLanguage\":\"de\"},{\"@type\":\"Organization\",\"@id\":\"https:\\\/\\\/globe-europe.nl\\\/#organization\",\"name\":\"Globe Europe\",\"url\":\"https:\\\/\\\/globe-europe.nl\\\/\",\"logo\":{\"@type\":\"ImageObject\",\"inLanguage\":\"de\",\"@id\":\"https:\\\/\\\/globe-europe.nl\\\/#\\\/schema\\\/logo\\\/image\\\/\",\"url\":\"https:\\\/\\\/globe-europe.nl\\\/wp-content\\\/uploads\\\/2025\\\/02\\\/GLOBE-LOGO-WEB-GROOT.png\",\"contentUrl\":\"https:\\\/\\\/globe-europe.nl\\\/wp-content\\\/uploads\\\/2025\\\/02\\\/GLOBE-LOGO-WEB-GROOT.png\",\"width\":938,\"height\":404,\"caption\":\"Globe Europe\"},\"image\":{\"@id\":\"https:\\\/\\\/globe-europe.nl\\\/#\\\/schema\\\/logo\\\/image\\\/\"}}]}<\/script>\n<!-- \/ Yoast SEO plugin. -->","yoast_head_json":{"title":"Globe G0127 Trennscheibe | Flach &amp; Leistungsstark f\u00fcr Eisen &amp; Stahl - Globe Europe","description":"Globe G0127 Entgratungsscheibe (230x7x22,2mm) - Satz mit 25 St\u00fcck. Minimale Vibration, hohe Schleifleistung und vertiefter Kern. Ideal f\u00fcr Eisen und Stahl.","robots":{"index":"index","follow":"follow","max-snippet":"max-snippet:-1","max-image-preview":"max-image-preview:large","max-video-preview":"max-video-preview:-1"},"canonical":"https:\/\/globe-europe.nl\/de\/produkt\/globe-g0127-flache-schruppscheibe-230x7x222mm-25stk\/","og_locale":"de_DE","og_type":"article","og_title":"Globe G0127 Afbraamschijf | Vlak & Krachtig voor IJzer & Staal - Globe Europe","og_description":"Globe G0127 afbraamschijf (230x7x22,2mm) \u2013 set van 25 stuks. Minimale vibratie, hoge schuurcapaciteit en verzonken kern. Ideaal voor ijzer & staal.","og_url":"https:\/\/globe-europe.nl\/de\/produkt\/globe-g0127-flache-schruppscheibe-230x7x222mm-25stk\/","og_site_name":"Globe Europe","article_modified_time":"2025-03-07T09:33:56+00:00","og_image":[{"width":700,"height":700,"url":"https:\/\/globe-europe.nl\/wp-content\/uploads\/2025\/02\/Globe-G0127-Afbraamschijf-.png","type":"image\/png"}],"twitter_card":"summary_large_image","twitter_misc":{"Gesch\u00e4tzte Lesezeit":"2\u00a0Minuten"},"schema":{"@context":"https:\/\/schema.org","@graph":[{"@type":"WebPage","@id":"https:\/\/globe-europe.nl\/product\/globe-g0127-afbraamschijf-vlak-230x7x222mm-25-stuks\/","url":"https:\/\/globe-europe.nl\/product\/globe-g0127-afbraamschijf-vlak-230x7x222mm-25-stuks\/","name":"Globe G0127 Trennscheibe | Flach &amp; Leistungsstark f\u00fcr Eisen &amp; Stahl - Globe Europe","isPartOf":{"@id":"https:\/\/globe-europe.nl\/#website"},"primaryImageOfPage":{"@id":"https:\/\/globe-europe.nl\/product\/globe-g0127-afbraamschijf-vlak-230x7x222mm-25-stuks\/#primaryimage"},"image":{"@id":"https:\/\/globe-europe.nl\/product\/globe-g0127-afbraamschijf-vlak-230x7x222mm-25-stuks\/#primaryimage"},"thumbnailUrl":"https:\/\/globe-europe.nl\/wp-content\/uploads\/2025\/02\/Globe-G0127-Afbraamschijf-.png","datePublished":"2025-02-04T09:43:35+00:00","dateModified":"2025-03-07T09:33:56+00:00","description":"Globe G0127 Entgratungsscheibe (230x7x22,2mm) - Satz mit 25 St\u00fcck. Minimale Vibration, hohe Schleifleistung und vertiefter Kern. Ideal f\u00fcr Eisen und Stahl.","breadcrumb":{"@id":"https:\/\/globe-europe.nl\/product\/globe-g0127-afbraamschijf-vlak-230x7x222mm-25-stuks\/#breadcrumb"},"inLanguage":"de","potentialAction":[{"@type":"ReadAction","target":["https:\/\/globe-europe.nl\/product\/globe-g0127-afbraamschijf-vlak-230x7x222mm-25-stuks\/"]}]},{"@type":"ImageObject","inLanguage":"de","@id":"https:\/\/globe-europe.nl\/product\/globe-g0127-afbraamschijf-vlak-230x7x222mm-25-stuks\/#primaryimage","url":"https:\/\/globe-europe.nl\/wp-content\/uploads\/2025\/02\/Globe-G0127-Afbraamschijf-.png","contentUrl":"https:\/\/globe-europe.nl\/wp-content\/uploads\/2025\/02\/Globe-G0127-Afbraamschijf-.png","width":700,"height":700},{"@type":"BreadcrumbList","@id":"https:\/\/globe-europe.nl\/product\/globe-g0127-afbraamschijf-vlak-230x7x222mm-25-stuks\/#breadcrumb","itemListElement":[{"@type":"ListItem","position":1,"name":"Home","item":"https:\/\/globe-europe.nl\/"},{"@type":"ListItem","position":2,"name":"Winkel","item":"https:\/\/globe-europe.nl\/winkel\/"},{"@type":"ListItem","position":3,"name":"Globe G0127 Afbraamschijf Vlak 230x7x22,2mm 25 stuks"}]},{"@type":"WebSite","@id":"https:\/\/globe-europe.nl\/#website","url":"https:\/\/globe-europe.nl\/","name":"Globe Europe","description":"","publisher":{"@id":"https:\/\/globe-europe.nl\/#organization"},"potentialAction":[{"@type":"SearchAction","target":{"@type":"EntryPoint","urlTemplate":"https:\/\/globe-europe.nl\/?s={search_term_string}"},"query-input":{"@type":"PropertyValueSpecification","valueRequired":true,"valueName":"search_term_string"}}],"inLanguage":"de"},{"@type":"Organization","@id":"https:\/\/globe-europe.nl\/#organization","name":"Globe Europe","url":"https:\/\/globe-europe.nl\/","logo":{"@type":"ImageObject","inLanguage":"de","@id":"https:\/\/globe-europe.nl\/#\/schema\/logo\/image\/","url":"https:\/\/globe-europe.nl\/wp-content\/uploads\/2025\/02\/GLOBE-LOGO-WEB-GROOT.png","contentUrl":"https:\/\/globe-europe.nl\/wp-content\/uploads\/2025\/02\/GLOBE-LOGO-WEB-GROOT.png","width":938,"height":404,"caption":"Globe Europe"},"image":{"@id":"https:\/\/globe-europe.nl\/#\/schema\/logo\/image\/"}}]}},"_links":{"self":[{"href":"https:\/\/globe-europe.nl\/de\/wp-json\/wp\/v2\/product\/420","targetHints":{"allow":["GET"]}}],"collection":[{"href":"https:\/\/globe-europe.nl\/de\/wp-json\/wp\/v2\/product"}],"about":[{"href":"https:\/\/globe-europe.nl\/de\/wp-json\/wp\/v2\/types\/product"}],"replies":[{"embeddable":true,"href":"https:\/\/globe-europe.nl\/de\/wp-json\/wp\/v2\/comments?post=420"}],"wp:featuredmedia":[{"embeddable":true,"href":"https:\/\/globe-europe.nl\/de\/wp-json\/wp\/v2\/media\/633"}],"wp:attachment":[{"href":"https:\/\/globe-europe.nl\/de\/wp-json\/wp\/v2\/media?parent=420"}],"wp:term":[{"taxonomy":"product_brand","embeddable":true,"href":"https:\/\/globe-europe.nl\/de\/wp-json\/wp\/v2\/product_brand?post=420"},{"taxonomy":"product_cat","embeddable":true,"href":"https:\/\/globe-europe.nl\/de\/wp-json\/wp\/v2\/product_cat?post=420"},{"taxonomy":"product_tag","embeddable":true,"href":"https:\/\/globe-europe.nl\/de\/wp-json\/wp\/v2\/product_tag?post=420"}],"curies":[{"name":"wp","href":"https:\/\/api.w.org\/{rel}","templated":true}]}}