{"id":427,"date":"2025-02-04T09:43:38","date_gmt":"2025-02-04T09:43:38","guid":{"rendered":"https:\/\/globe-europe.nl\/product\/globe-g2822c-lamellenschijf-vlak-125x222mm-20-stuks\/"},"modified":"2025-03-07T09:47:04","modified_gmt":"2025-03-07T09:47:04","slug":"globe-g2822c-flache-lamellenscheibe-125x222mm-20stk","status":"publish","type":"product","link":"https:\/\/globe-europe.nl\/de\/product\/globe-g2822c-lamellenschijf-vlak-125x222mm-20-stuks\/","title":{"rendered":"Globus G2822C F\u00e4cherscheibe Flach 125\u00d722,2mm 20 St\u00fcck"},"content":{"rendered":"<div class=\"woo-short-description\">\n<p>Globe bietet eine breite Palette von F\u00e4cherschleifern an. Dank des Glasfasertr\u00e4gers wird das Werkst\u00fcck nicht verschmutzt, wie es bei Scheiben mit Nylontr\u00e4ger der Fall ist. Die speziellen Aluminium-Zirkonium-Verbindungen eignen sich zum Entgraten und Finishen aller Arten von Stahl (einschlie\u00dflich Legierungen). Globe-Scheiben werden nach europ\u00e4ischen Normen und Vorschriften getestet, wobei der h\u00f6chstm\u00f6gliche Sicherheitsstandard im Vordergrund steht (EN13743).<\/p>\n<p>Die Qualit\u00e4t der Materialien ist von hohem Standard. Sie nutzen sich gleichm\u00e4\u00dfig ab und liefern \u00fcber ihre gesamte Lebensdauer gute Ergebnisse. Die Struktur der Lamellen ist in HT-Anordnung (schmal) und in traditioneller Anordnung mit breiten Lamellen erh\u00e4ltlich. Die Lamellen werden mit gro\u00dfer Sorgfalt so angeordnet, dass die Scheibe perfekt rund, vibrationsfrei und nicht \u00fcberhitzt ist, was einen optimalen Arbeitskomfort gew\u00e4hrleistet.  F\u00fcr spezielle Anwendungen sind die Lamellenscheiben mit einem kleineren Durchmesser des Tr\u00e4gers erh\u00e4ltlich, w\u00e4hrend die Lamellen l\u00e4nger sind, um mehr Weichheit und Elastizit\u00e4t zu bieten.<\/p>\n<p>Die Metallbuchse im Auge der Scheibe sorgt f\u00fcr mehr Widerstand auf der Spannmutter und mehr Sicherheit.<\/p>\n<\/div>\n<p><strong>Eigenschaften Globe G2822C F\u00e4cherscheibe 125\u00d722,2mm 20 St\u00fcck<\/strong><\/p>\n<ul>\n<li>Geeignet zum Entgraten und Finishen aller Arten von Stahl<\/li>\n<li>Die Qualit\u00e4t der Materialien ist von hoher Qualit\u00e4t<\/li>\n<li>Sie verschlei\u00dfen gleichm\u00e4\u00dfig und liefern w\u00e4hrend ihrer gesamten Lebensdauer gute Ergebnisse.<\/li>\n<\/ul>\n<p><strong>Technische Daten<\/strong><\/p>\n<ul>\n<li>Anwendung - Stahl und rostfreier Stahl<\/li>\n<li>Gr\u00f6\u00dfe - 125<\/li>\n<li>Einlass - 22,2 mm<\/li>\n<li>Typ - flach<\/li>\n<li>Verpackungsmenge - 20 St\u00fcck<\/li>\n<\/ul>\n<p><strong>Umfang der Lieferung<\/strong><\/p>\n<ul>\n<li>Globus G2822C F\u00e4cherscheibe 125\u00d722,2mm 20 St\u00fcck<\/li>\n<\/ul>","protected":false},"excerpt":{"rendered":"<p>Globe heeft betreft lamellenschijven een breed aanbod. Dankzij de fiberglas achterzijde wordt het werk niet vervuild zoals wel het geval is met schijven met een nylon achterzijde. De speciale aluminium zirconium stoffen zijn geschikt voor afbramen en afwerken van alle types staal (ook legeringen). Globe schijven worden getest naar Europese standaarden en regelgeving met de [&hellip;]<\/p>\n","protected":false},"featured_media":639,"comment_status":"open","ping_status":"closed","template":"","meta":[],"product_brand":[323],"product_cat":[39,37,41],"product_tag":[],"class_list":{"0":"post-427","1":"product","2":"type-product","3":"status-publish","4":"has-post-thumbnail","6":"product_brand-globe","7":"product_cat-lamellenschijf","8":"product_cat-schuur-slijpmiddelen","9":"product_cat-verbruiksartikelen","11":"first","12":"instock","13":"shipping-taxable","14":"product-type-simple"},"ct_brands":[{"id":323,"name":"GLOBE","slug":"weltkugel"}],"yoast_head":"<!-- This site is optimized with the Yoast SEO plugin v27.3 - https:\/\/yoast.com\/product\/yoast-seo-wordpress\/ -->\n<title>Globe G2822C Lamellenschijf | 125x22,2mm | 20st. | Staal &amp; RVS - Globe Europe<\/title>\n<meta name=\"description\" content=\"Globe G2822C lamellenschijf (125x22,2mm) \u2013 set van 20 stuks. Geschikt voor staal en RVS, duurzaam en trillingvrij. Optimale levensduur en afwerking.\" \/>\n<meta name=\"robots\" content=\"index, follow, max-snippet:-1, max-image-preview:large, max-video-preview:-1\" \/>\n<link rel=\"canonical\" href=\"https:\/\/globe-europe.nl\/de\/produkt\/globe-g2822c-flache-lamellenscheibe-125x222mm-20stk\/\" \/>\n<meta property=\"og:locale\" content=\"de_DE\" \/>\n<meta property=\"og:type\" content=\"article\" \/>\n<meta property=\"og:title\" content=\"Globe G2822C Lamellenschijf | 125x22,2mm | 20st. | Staal &amp; RVS - Globe Europe\" \/>\n<meta property=\"og:description\" content=\"Globe G2822C lamellenschijf (125x22,2mm) \u2013 set van 20 stuks. Geschikt voor staal en RVS, duurzaam en trillingvrij. Optimale levensduur en afwerking.\" \/>\n<meta property=\"og:url\" content=\"https:\/\/globe-europe.nl\/de\/produkt\/globe-g2822c-flache-lamellenscheibe-125x222mm-20stk\/\" \/>\n<meta property=\"og:site_name\" content=\"Globe Europe\" \/>\n<meta property=\"article:modified_time\" content=\"2025-03-07T09:47:04+00:00\" \/>\n<meta property=\"og:image\" content=\"https:\/\/globe-europe.nl\/wp-content\/uploads\/2025\/02\/Globe-G2822C-Lamellenschijf.png\" \/>\n\t<meta property=\"og:image:width\" content=\"700\" \/>\n\t<meta property=\"og:image:height\" content=\"700\" \/>\n\t<meta property=\"og:image:type\" content=\"image\/png\" \/>\n<meta name=\"twitter:card\" content=\"summary_large_image\" \/>\n<meta name=\"twitter:label1\" content=\"Gesch\u00e4tzte Lesezeit\" \/>\n\t<meta name=\"twitter:data1\" content=\"2\u00a0Minuten\" \/>\n<script type=\"application\/ld+json\" class=\"yoast-schema-graph\">{\"@context\":\"https:\\\/\\\/schema.org\",\"@graph\":[{\"@type\":\"WebPage\",\"@id\":\"https:\\\/\\\/globe-europe.nl\\\/product\\\/globe-g2822c-lamellenschijf-vlak-125x222mm-20-stuks\\\/\",\"url\":\"https:\\\/\\\/globe-europe.nl\\\/product\\\/globe-g2822c-lamellenschijf-vlak-125x222mm-20-stuks\\\/\",\"name\":\"Globe G2822C Lamellenschijf | 125x22,2mm | 20st. | Staal & RVS - Globe Europe\",\"isPartOf\":{\"@id\":\"https:\\\/\\\/globe-europe.nl\\\/#website\"},\"primaryImageOfPage\":{\"@id\":\"https:\\\/\\\/globe-europe.nl\\\/product\\\/globe-g2822c-lamellenschijf-vlak-125x222mm-20-stuks\\\/#primaryimage\"},\"image\":{\"@id\":\"https:\\\/\\\/globe-europe.nl\\\/product\\\/globe-g2822c-lamellenschijf-vlak-125x222mm-20-stuks\\\/#primaryimage\"},\"thumbnailUrl\":\"https:\\\/\\\/globe-europe.nl\\\/wp-content\\\/uploads\\\/2025\\\/02\\\/Globe-G2822C-Lamellenschijf.png\",\"datePublished\":\"2025-02-04T09:43:38+00:00\",\"dateModified\":\"2025-03-07T09:47:04+00:00\",\"description\":\"Globe G2822C lamellenschijf (125x22,2mm) \u2013 set van 20 stuks. Geschikt voor staal en RVS, duurzaam en trillingvrij. Optimale levensduur en afwerking.\",\"breadcrumb\":{\"@id\":\"https:\\\/\\\/globe-europe.nl\\\/product\\\/globe-g2822c-lamellenschijf-vlak-125x222mm-20-stuks\\\/#breadcrumb\"},\"inLanguage\":\"de\",\"potentialAction\":[{\"@type\":\"ReadAction\",\"target\":[\"https:\\\/\\\/globe-europe.nl\\\/product\\\/globe-g2822c-lamellenschijf-vlak-125x222mm-20-stuks\\\/\"]}]},{\"@type\":\"ImageObject\",\"inLanguage\":\"de\",\"@id\":\"https:\\\/\\\/globe-europe.nl\\\/product\\\/globe-g2822c-lamellenschijf-vlak-125x222mm-20-stuks\\\/#primaryimage\",\"url\":\"https:\\\/\\\/globe-europe.nl\\\/wp-content\\\/uploads\\\/2025\\\/02\\\/Globe-G2822C-Lamellenschijf.png\",\"contentUrl\":\"https:\\\/\\\/globe-europe.nl\\\/wp-content\\\/uploads\\\/2025\\\/02\\\/Globe-G2822C-Lamellenschijf.png\",\"width\":700,\"height\":700},{\"@type\":\"BreadcrumbList\",\"@id\":\"https:\\\/\\\/globe-europe.nl\\\/product\\\/globe-g2822c-lamellenschijf-vlak-125x222mm-20-stuks\\\/#breadcrumb\",\"itemListElement\":[{\"@type\":\"ListItem\",\"position\":1,\"name\":\"Home\",\"item\":\"https:\\\/\\\/globe-europe.nl\\\/\"},{\"@type\":\"ListItem\",\"position\":2,\"name\":\"Winkel\",\"item\":\"https:\\\/\\\/globe-europe.nl\\\/winkel\\\/\"},{\"@type\":\"ListItem\",\"position\":3,\"name\":\"Globe G2822C Lamellenschijf Vlak 125&#215;22,2mm 20 stuks\"}]},{\"@type\":\"WebSite\",\"@id\":\"https:\\\/\\\/globe-europe.nl\\\/#website\",\"url\":\"https:\\\/\\\/globe-europe.nl\\\/\",\"name\":\"Globe Europe\",\"description\":\"\",\"publisher\":{\"@id\":\"https:\\\/\\\/globe-europe.nl\\\/#organization\"},\"potentialAction\":[{\"@type\":\"SearchAction\",\"target\":{\"@type\":\"EntryPoint\",\"urlTemplate\":\"https:\\\/\\\/globe-europe.nl\\\/?s={search_term_string}\"},\"query-input\":{\"@type\":\"PropertyValueSpecification\",\"valueRequired\":true,\"valueName\":\"search_term_string\"}}],\"inLanguage\":\"de\"},{\"@type\":\"Organization\",\"@id\":\"https:\\\/\\\/globe-europe.nl\\\/#organization\",\"name\":\"Globe Europe\",\"url\":\"https:\\\/\\\/globe-europe.nl\\\/\",\"logo\":{\"@type\":\"ImageObject\",\"inLanguage\":\"de\",\"@id\":\"https:\\\/\\\/globe-europe.nl\\\/#\\\/schema\\\/logo\\\/image\\\/\",\"url\":\"https:\\\/\\\/globe-europe.nl\\\/wp-content\\\/uploads\\\/2025\\\/02\\\/GLOBE-LOGO-WEB-GROOT.png\",\"contentUrl\":\"https:\\\/\\\/globe-europe.nl\\\/wp-content\\\/uploads\\\/2025\\\/02\\\/GLOBE-LOGO-WEB-GROOT.png\",\"width\":938,\"height\":404,\"caption\":\"Globe Europe\"},\"image\":{\"@id\":\"https:\\\/\\\/globe-europe.nl\\\/#\\\/schema\\\/logo\\\/image\\\/\"}}]}<\/script>\n<!-- \/ Yoast SEO plugin. -->","yoast_head_json":{"title":"Globe G2822C F\u00e4cherscheibe | 125x22,2mm | 20St\u00fcck | Stahl &amp; Edelstahl - Globe Europe","description":"Globe G2822C F\u00e4cherscheibe (125x22,2mm) - Satz mit 20 St\u00fcck. Geeignet f\u00fcr Stahl und Edelstahl, langlebig und vibrationsfrei. Optimale Lebensdauer und Verarbeitung.","robots":{"index":"index","follow":"follow","max-snippet":"max-snippet:-1","max-image-preview":"max-image-preview:large","max-video-preview":"max-video-preview:-1"},"canonical":"https:\/\/globe-europe.nl\/de\/produkt\/globe-g2822c-flache-lamellenscheibe-125x222mm-20stk\/","og_locale":"de_DE","og_type":"article","og_title":"Globe G2822C Lamellenschijf | 125x22,2mm | 20st. | Staal & RVS - Globe Europe","og_description":"Globe G2822C lamellenschijf (125x22,2mm) \u2013 set van 20 stuks. Geschikt voor staal en RVS, duurzaam en trillingvrij. Optimale levensduur en afwerking.","og_url":"https:\/\/globe-europe.nl\/de\/produkt\/globe-g2822c-flache-lamellenscheibe-125x222mm-20stk\/","og_site_name":"Globe Europe","article_modified_time":"2025-03-07T09:47:04+00:00","og_image":[{"width":700,"height":700,"url":"https:\/\/globe-europe.nl\/wp-content\/uploads\/2025\/02\/Globe-G2822C-Lamellenschijf.png","type":"image\/png"}],"twitter_card":"summary_large_image","twitter_misc":{"Gesch\u00e4tzte Lesezeit":"2\u00a0Minuten"},"schema":{"@context":"https:\/\/schema.org","@graph":[{"@type":"WebPage","@id":"https:\/\/globe-europe.nl\/product\/globe-g2822c-lamellenschijf-vlak-125x222mm-20-stuks\/","url":"https:\/\/globe-europe.nl\/product\/globe-g2822c-lamellenschijf-vlak-125x222mm-20-stuks\/","name":"Globe G2822C F\u00e4cherscheibe | 125x22,2mm | 20St\u00fcck | Stahl &amp; Edelstahl - Globe Europe","isPartOf":{"@id":"https:\/\/globe-europe.nl\/#website"},"primaryImageOfPage":{"@id":"https:\/\/globe-europe.nl\/product\/globe-g2822c-lamellenschijf-vlak-125x222mm-20-stuks\/#primaryimage"},"image":{"@id":"https:\/\/globe-europe.nl\/product\/globe-g2822c-lamellenschijf-vlak-125x222mm-20-stuks\/#primaryimage"},"thumbnailUrl":"https:\/\/globe-europe.nl\/wp-content\/uploads\/2025\/02\/Globe-G2822C-Lamellenschijf.png","datePublished":"2025-02-04T09:43:38+00:00","dateModified":"2025-03-07T09:47:04+00:00","description":"Globe G2822C F\u00e4cherscheibe (125x22,2mm) - Satz mit 20 St\u00fcck. Geeignet f\u00fcr Stahl und Edelstahl, langlebig und vibrationsfrei. Optimale Lebensdauer und Verarbeitung.","breadcrumb":{"@id":"https:\/\/globe-europe.nl\/product\/globe-g2822c-lamellenschijf-vlak-125x222mm-20-stuks\/#breadcrumb"},"inLanguage":"de","potentialAction":[{"@type":"ReadAction","target":["https:\/\/globe-europe.nl\/product\/globe-g2822c-lamellenschijf-vlak-125x222mm-20-stuks\/"]}]},{"@type":"ImageObject","inLanguage":"de","@id":"https:\/\/globe-europe.nl\/product\/globe-g2822c-lamellenschijf-vlak-125x222mm-20-stuks\/#primaryimage","url":"https:\/\/globe-europe.nl\/wp-content\/uploads\/2025\/02\/Globe-G2822C-Lamellenschijf.png","contentUrl":"https:\/\/globe-europe.nl\/wp-content\/uploads\/2025\/02\/Globe-G2822C-Lamellenschijf.png","width":700,"height":700},{"@type":"BreadcrumbList","@id":"https:\/\/globe-europe.nl\/product\/globe-g2822c-lamellenschijf-vlak-125x222mm-20-stuks\/#breadcrumb","itemListElement":[{"@type":"ListItem","position":1,"name":"Home","item":"https:\/\/globe-europe.nl\/"},{"@type":"ListItem","position":2,"name":"Winkel","item":"https:\/\/globe-europe.nl\/winkel\/"},{"@type":"ListItem","position":3,"name":"Globe G2822C Lamellenschijf Vlak 125&#215;22,2mm 20 stuks"}]},{"@type":"WebSite","@id":"https:\/\/globe-europe.nl\/#website","url":"https:\/\/globe-europe.nl\/","name":"Globe Europe","description":"","publisher":{"@id":"https:\/\/globe-europe.nl\/#organization"},"potentialAction":[{"@type":"SearchAction","target":{"@type":"EntryPoint","urlTemplate":"https:\/\/globe-europe.nl\/?s={search_term_string}"},"query-input":{"@type":"PropertyValueSpecification","valueRequired":true,"valueName":"search_term_string"}}],"inLanguage":"de"},{"@type":"Organization","@id":"https:\/\/globe-europe.nl\/#organization","name":"Globe Europe","url":"https:\/\/globe-europe.nl\/","logo":{"@type":"ImageObject","inLanguage":"de","@id":"https:\/\/globe-europe.nl\/#\/schema\/logo\/image\/","url":"https:\/\/globe-europe.nl\/wp-content\/uploads\/2025\/02\/GLOBE-LOGO-WEB-GROOT.png","contentUrl":"https:\/\/globe-europe.nl\/wp-content\/uploads\/2025\/02\/GLOBE-LOGO-WEB-GROOT.png","width":938,"height":404,"caption":"Globe Europe"},"image":{"@id":"https:\/\/globe-europe.nl\/#\/schema\/logo\/image\/"}}]}},"_links":{"self":[{"href":"https:\/\/globe-europe.nl\/de\/wp-json\/wp\/v2\/product\/427","targetHints":{"allow":["GET"]}}],"collection":[{"href":"https:\/\/globe-europe.nl\/de\/wp-json\/wp\/v2\/product"}],"about":[{"href":"https:\/\/globe-europe.nl\/de\/wp-json\/wp\/v2\/types\/product"}],"replies":[{"embeddable":true,"href":"https:\/\/globe-europe.nl\/de\/wp-json\/wp\/v2\/comments?post=427"}],"wp:featuredmedia":[{"embeddable":true,"href":"https:\/\/globe-europe.nl\/de\/wp-json\/wp\/v2\/media\/639"}],"wp:attachment":[{"href":"https:\/\/globe-europe.nl\/de\/wp-json\/wp\/v2\/media?parent=427"}],"wp:term":[{"taxonomy":"product_brand","embeddable":true,"href":"https:\/\/globe-europe.nl\/de\/wp-json\/wp\/v2\/product_brand?post=427"},{"taxonomy":"product_cat","embeddable":true,"href":"https:\/\/globe-europe.nl\/de\/wp-json\/wp\/v2\/product_cat?post=427"},{"taxonomy":"product_tag","embeddable":true,"href":"https:\/\/globe-europe.nl\/de\/wp-json\/wp\/v2\/product_tag?post=427"}],"curies":[{"name":"wp","href":"https:\/\/api.w.org\/{rel}","templated":true}]}}