{"id":436,"date":"2025-02-04T09:43:43","date_gmt":"2025-02-04T09:43:43","guid":{"rendered":"https:\/\/globe-europe.nl\/product\/globe-g1721-evo-doorslijpschijf-vlak-125x10x222mm-a60sx-evo-rvs-25-stuks\/"},"modified":"2025-06-13T08:04:28","modified_gmt":"2025-06-13T08:04:28","slug":"globe-g1721-evo-flache-trennscheibe-125x1x222mm-a60sx-edelstahl-25stk","status":"publish","type":"product","link":"https:\/\/globe-europe.nl\/de\/product\/globe-g1721-evo-doorslijpschijf-vlak-125x10x222mm-a60sx-evo-rvs-25-stuks\/","title":{"rendered":"Globus G1721-Evo Trennscheibe Flach 125\u00d71,0\u00d722,2mm A60SX EVO Edelstahl 25 St\u00fcck"},"content":{"rendered":"<p>Die d\u00fcnnen Globe-Trennscheiben sind die leistungsst\u00e4rksten und schnellsten Trennwerkzeuge auf dem Markt. Die sehr geringe Dicke erm\u00f6glicht die Halbierung der Trennzeiten gegen\u00fcber herk\u00f6mmlichen Scheiben, die f\u00fcr eine Vielzahl von Anwendungen und Materialien verf\u00fcgbar sind.<\/p>\n<p><strong>Eigenschaften Globe G1721-Evo Trennscheibe Flach 125\u00d71,0\u00d722,2mm A60SX EVO Edelstahl 25 St\u00fcck<\/strong><\/p>\n<ul>\n<li>Die geringe Dicke halbiert die Schleifzeit im Vergleich zu Standardscheiben.<\/li>\n<li>Die Globe ZAC-Scheiben sind an den Seiten verst\u00e4rkt.<\/li>\n<li>Das patentierte Laufradmuster an der Seite der Scheibe sorgt f\u00fcr geringere Reibung, weniger W\u00e4rmeentwicklung und einen schnelleren Schnitt.<\/li>\n<\/ul>\n<p><strong>Technische Daten<\/strong><\/p>\n<ul>\n<li>Anwendung - rostfreier Stahl, Eisen und Stahl<\/li>\n<li>Abmessungen - 125 x 1,0 mm<\/li>\n<li>Einlass - 22,2 mm<\/li>\n<li>Typ 41 - flach<\/li>\n<li>Verpackungseinheit - 25 St\u00fcck<\/li>\n<\/ul>\n<p><strong>Umfang der Lieferung\u00a0<\/strong><\/p>\n<ul>\n<li>Globus G1721-Evo Trennscheibe Flach 125\u00d71,0\u00d722,2mm A60SX EVO Edelstahl 25 St\u00fcck<\/li>\n<\/ul>","protected":false},"excerpt":{"rendered":"<p>Globe dunne doorslijpschijven zijn de best presterende en de snelste snijgereedschappen op de markt de zeer dunne dikte maakt het mogelijk de snijtijden van contoventiele schijven te halveren die beschikbaar zijn voor de meest uiteenlopende toepassingen en materialen Kenmerken Globe G1721-Evo Doorslijpschijf Vlak 125\u00d71,0\u00d722,2mm A60SX EVO RVS 25 stuks De geringe dikte halveert de slijptijd [&hellip;]<\/p>\n","protected":false},"featured_media":643,"comment_status":"open","ping_status":"closed","template":"","meta":[],"product_brand":[323],"product_cat":[38,37,41],"product_tag":[],"class_list":{"0":"post-436","1":"product","2":"type-product","3":"status-publish","4":"has-post-thumbnail","6":"product_brand-globe","7":"product_cat-doorslijpschijf","8":"product_cat-schuur-slijpmiddelen","9":"product_cat-verbruiksartikelen","11":"first","12":"instock","13":"shipping-taxable","14":"product-type-simple"},"ct_brands":[{"id":323,"name":"GLOBE","slug":"weltkugel"}],"yoast_head":"<!-- This site is optimized with the Yoast SEO plugin v27.3 - https:\/\/yoast.com\/product\/yoast-seo-wordpress\/ -->\n<title>Globe G1721-Evo Doorslijpschijf | Vlak &amp; Snelle Snede voor RVS - Globe Europe<\/title>\n<meta name=\"description\" content=\"Globe G1721-Evo doorslijpschijf (125\u00d71,0\u00d722,2mm) \u2013 set van 25st. Ultradunne schijf voor snelle, koele en effici\u00ebnte snedes. Verstevigde zijkanten en lage frictie.\" \/>\n<meta name=\"robots\" content=\"index, follow, max-snippet:-1, max-image-preview:large, max-video-preview:-1\" \/>\n<link rel=\"canonical\" href=\"https:\/\/globe-europe.nl\/de\/produkt\/globe-g1721-evo-flache-trennscheibe-125x1x222mm-a60sx-edelstahl-25stk\/\" \/>\n<meta property=\"og:locale\" content=\"de_DE\" \/>\n<meta property=\"og:type\" content=\"article\" \/>\n<meta property=\"og:title\" content=\"Globe G1721-Evo Doorslijpschijf | Vlak &amp; Snelle Snede voor RVS - Globe Europe\" \/>\n<meta property=\"og:description\" content=\"Globe G1721-Evo doorslijpschijf (125\u00d71,0\u00d722,2mm) \u2013 set van 25st. Ultradunne schijf voor snelle, koele en effici\u00ebnte snedes. Verstevigde zijkanten en lage frictie.\" \/>\n<meta property=\"og:url\" content=\"https:\/\/globe-europe.nl\/de\/produkt\/globe-g1721-evo-flache-trennscheibe-125x1x222mm-a60sx-edelstahl-25stk\/\" \/>\n<meta property=\"og:site_name\" content=\"Globe Europe\" \/>\n<meta property=\"article:modified_time\" content=\"2025-06-13T08:04:28+00:00\" \/>\n<meta property=\"og:image\" content=\"https:\/\/globe-europe.nl\/wp-content\/uploads\/2025\/02\/Globe-G1721-Evo-Doorslijpschijf-Vlak-.png\" \/>\n\t<meta property=\"og:image:width\" content=\"700\" \/>\n\t<meta property=\"og:image:height\" content=\"700\" \/>\n\t<meta property=\"og:image:type\" content=\"image\/png\" \/>\n<meta name=\"twitter:card\" content=\"summary_large_image\" \/>\n<meta name=\"twitter:label1\" content=\"Gesch\u00e4tzte Lesezeit\" \/>\n\t<meta name=\"twitter:data1\" content=\"1\u00a0Minute\" \/>\n<script type=\"application\/ld+json\" class=\"yoast-schema-graph\">{\"@context\":\"https:\\\/\\\/schema.org\",\"@graph\":[{\"@type\":\"WebPage\",\"@id\":\"https:\\\/\\\/globe-europe.nl\\\/product\\\/globe-g1721-evo-doorslijpschijf-vlak-125x10x222mm-a60sx-evo-rvs-25-stuks\\\/\",\"url\":\"https:\\\/\\\/globe-europe.nl\\\/product\\\/globe-g1721-evo-doorslijpschijf-vlak-125x10x222mm-a60sx-evo-rvs-25-stuks\\\/\",\"name\":\"Globe G1721-Evo Doorslijpschijf | Vlak & Snelle Snede voor RVS - Globe Europe\",\"isPartOf\":{\"@id\":\"https:\\\/\\\/globe-europe.nl\\\/#website\"},\"primaryImageOfPage\":{\"@id\":\"https:\\\/\\\/globe-europe.nl\\\/product\\\/globe-g1721-evo-doorslijpschijf-vlak-125x10x222mm-a60sx-evo-rvs-25-stuks\\\/#primaryimage\"},\"image\":{\"@id\":\"https:\\\/\\\/globe-europe.nl\\\/product\\\/globe-g1721-evo-doorslijpschijf-vlak-125x10x222mm-a60sx-evo-rvs-25-stuks\\\/#primaryimage\"},\"thumbnailUrl\":\"https:\\\/\\\/globe-europe.nl\\\/wp-content\\\/uploads\\\/2025\\\/02\\\/Globe-G1721-Evo-Doorslijpschijf-Vlak-.png\",\"datePublished\":\"2025-02-04T09:43:43+00:00\",\"dateModified\":\"2025-06-13T08:04:28+00:00\",\"description\":\"Globe G1721-Evo doorslijpschijf (125\u00d71,0\u00d722,2mm) \u2013 set van 25st. Ultradunne schijf voor snelle, koele en effici\u00ebnte snedes. Verstevigde zijkanten en lage frictie.\",\"breadcrumb\":{\"@id\":\"https:\\\/\\\/globe-europe.nl\\\/product\\\/globe-g1721-evo-doorslijpschijf-vlak-125x10x222mm-a60sx-evo-rvs-25-stuks\\\/#breadcrumb\"},\"inLanguage\":\"de\",\"potentialAction\":[{\"@type\":\"ReadAction\",\"target\":[\"https:\\\/\\\/globe-europe.nl\\\/product\\\/globe-g1721-evo-doorslijpschijf-vlak-125x10x222mm-a60sx-evo-rvs-25-stuks\\\/\"]}]},{\"@type\":\"ImageObject\",\"inLanguage\":\"de\",\"@id\":\"https:\\\/\\\/globe-europe.nl\\\/product\\\/globe-g1721-evo-doorslijpschijf-vlak-125x10x222mm-a60sx-evo-rvs-25-stuks\\\/#primaryimage\",\"url\":\"https:\\\/\\\/globe-europe.nl\\\/wp-content\\\/uploads\\\/2025\\\/02\\\/Globe-G1721-Evo-Doorslijpschijf-Vlak-.png\",\"contentUrl\":\"https:\\\/\\\/globe-europe.nl\\\/wp-content\\\/uploads\\\/2025\\\/02\\\/Globe-G1721-Evo-Doorslijpschijf-Vlak-.png\",\"width\":700,\"height\":700},{\"@type\":\"BreadcrumbList\",\"@id\":\"https:\\\/\\\/globe-europe.nl\\\/product\\\/globe-g1721-evo-doorslijpschijf-vlak-125x10x222mm-a60sx-evo-rvs-25-stuks\\\/#breadcrumb\",\"itemListElement\":[{\"@type\":\"ListItem\",\"position\":1,\"name\":\"Home\",\"item\":\"https:\\\/\\\/globe-europe.nl\\\/\"},{\"@type\":\"ListItem\",\"position\":2,\"name\":\"Winkel\",\"item\":\"https:\\\/\\\/globe-europe.nl\\\/winkel\\\/\"},{\"@type\":\"ListItem\",\"position\":3,\"name\":\"Globe G1721-Evo Doorslijpschijf Vlak 125\u00d71,0\u00d722,2mm A60SX EVO RVS 25 stuks\"}]},{\"@type\":\"WebSite\",\"@id\":\"https:\\\/\\\/globe-europe.nl\\\/#website\",\"url\":\"https:\\\/\\\/globe-europe.nl\\\/\",\"name\":\"Globe Europe\",\"description\":\"\",\"publisher\":{\"@id\":\"https:\\\/\\\/globe-europe.nl\\\/#organization\"},\"potentialAction\":[{\"@type\":\"SearchAction\",\"target\":{\"@type\":\"EntryPoint\",\"urlTemplate\":\"https:\\\/\\\/globe-europe.nl\\\/?s={search_term_string}\"},\"query-input\":{\"@type\":\"PropertyValueSpecification\",\"valueRequired\":true,\"valueName\":\"search_term_string\"}}],\"inLanguage\":\"de\"},{\"@type\":\"Organization\",\"@id\":\"https:\\\/\\\/globe-europe.nl\\\/#organization\",\"name\":\"Globe Europe\",\"url\":\"https:\\\/\\\/globe-europe.nl\\\/\",\"logo\":{\"@type\":\"ImageObject\",\"inLanguage\":\"de\",\"@id\":\"https:\\\/\\\/globe-europe.nl\\\/#\\\/schema\\\/logo\\\/image\\\/\",\"url\":\"https:\\\/\\\/globe-europe.nl\\\/wp-content\\\/uploads\\\/2025\\\/02\\\/GLOBE-LOGO-WEB-GROOT.png\",\"contentUrl\":\"https:\\\/\\\/globe-europe.nl\\\/wp-content\\\/uploads\\\/2025\\\/02\\\/GLOBE-LOGO-WEB-GROOT.png\",\"width\":938,\"height\":404,\"caption\":\"Globe Europe\"},\"image\":{\"@id\":\"https:\\\/\\\/globe-europe.nl\\\/#\\\/schema\\\/logo\\\/image\\\/\"}}]}<\/script>\n<!-- \/ Yoast SEO plugin. -->","yoast_head_json":{"title":"Globe G1721-Evo Trennscheibe | Flat &amp; Quick Cut f\u00fcr Edelstahl - Globe Europe","description":"Globe G1721-Evo Trennscheibe (125\u00d71,0\u00d722,2mm) - Satz mit 25 St\u00fcck. Ultrad\u00fcnne Scheibe f\u00fcr schnelle, k\u00fchle und effiziente Schnitte. Verst\u00e4rkte Seiten und geringe Reibung.","robots":{"index":"index","follow":"follow","max-snippet":"max-snippet:-1","max-image-preview":"max-image-preview:large","max-video-preview":"max-video-preview:-1"},"canonical":"https:\/\/globe-europe.nl\/de\/produkt\/globe-g1721-evo-flache-trennscheibe-125x1x222mm-a60sx-edelstahl-25stk\/","og_locale":"de_DE","og_type":"article","og_title":"Globe G1721-Evo Doorslijpschijf | Vlak & Snelle Snede voor RVS - Globe Europe","og_description":"Globe G1721-Evo doorslijpschijf (125\u00d71,0\u00d722,2mm) \u2013 set van 25st. Ultradunne schijf voor snelle, koele en effici\u00ebnte snedes. Verstevigde zijkanten en lage frictie.","og_url":"https:\/\/globe-europe.nl\/de\/produkt\/globe-g1721-evo-flache-trennscheibe-125x1x222mm-a60sx-edelstahl-25stk\/","og_site_name":"Globe Europe","article_modified_time":"2025-06-13T08:04:28+00:00","og_image":[{"width":700,"height":700,"url":"https:\/\/globe-europe.nl\/wp-content\/uploads\/2025\/02\/Globe-G1721-Evo-Doorslijpschijf-Vlak-.png","type":"image\/png"}],"twitter_card":"summary_large_image","twitter_misc":{"Gesch\u00e4tzte Lesezeit":"1\u00a0Minute"},"schema":{"@context":"https:\/\/schema.org","@graph":[{"@type":"WebPage","@id":"https:\/\/globe-europe.nl\/product\/globe-g1721-evo-doorslijpschijf-vlak-125x10x222mm-a60sx-evo-rvs-25-stuks\/","url":"https:\/\/globe-europe.nl\/product\/globe-g1721-evo-doorslijpschijf-vlak-125x10x222mm-a60sx-evo-rvs-25-stuks\/","name":"Globe G1721-Evo Trennscheibe | Flat &amp; Quick Cut f\u00fcr Edelstahl - Globe Europe","isPartOf":{"@id":"https:\/\/globe-europe.nl\/#website"},"primaryImageOfPage":{"@id":"https:\/\/globe-europe.nl\/product\/globe-g1721-evo-doorslijpschijf-vlak-125x10x222mm-a60sx-evo-rvs-25-stuks\/#primaryimage"},"image":{"@id":"https:\/\/globe-europe.nl\/product\/globe-g1721-evo-doorslijpschijf-vlak-125x10x222mm-a60sx-evo-rvs-25-stuks\/#primaryimage"},"thumbnailUrl":"https:\/\/globe-europe.nl\/wp-content\/uploads\/2025\/02\/Globe-G1721-Evo-Doorslijpschijf-Vlak-.png","datePublished":"2025-02-04T09:43:43+00:00","dateModified":"2025-06-13T08:04:28+00:00","description":"Globe G1721-Evo Trennscheibe (125\u00d71,0\u00d722,2mm) - Satz mit 25 St\u00fcck. Ultrad\u00fcnne Scheibe f\u00fcr schnelle, k\u00fchle und effiziente Schnitte. Verst\u00e4rkte Seiten und geringe Reibung.","breadcrumb":{"@id":"https:\/\/globe-europe.nl\/product\/globe-g1721-evo-doorslijpschijf-vlak-125x10x222mm-a60sx-evo-rvs-25-stuks\/#breadcrumb"},"inLanguage":"de","potentialAction":[{"@type":"ReadAction","target":["https:\/\/globe-europe.nl\/product\/globe-g1721-evo-doorslijpschijf-vlak-125x10x222mm-a60sx-evo-rvs-25-stuks\/"]}]},{"@type":"ImageObject","inLanguage":"de","@id":"https:\/\/globe-europe.nl\/product\/globe-g1721-evo-doorslijpschijf-vlak-125x10x222mm-a60sx-evo-rvs-25-stuks\/#primaryimage","url":"https:\/\/globe-europe.nl\/wp-content\/uploads\/2025\/02\/Globe-G1721-Evo-Doorslijpschijf-Vlak-.png","contentUrl":"https:\/\/globe-europe.nl\/wp-content\/uploads\/2025\/02\/Globe-G1721-Evo-Doorslijpschijf-Vlak-.png","width":700,"height":700},{"@type":"BreadcrumbList","@id":"https:\/\/globe-europe.nl\/product\/globe-g1721-evo-doorslijpschijf-vlak-125x10x222mm-a60sx-evo-rvs-25-stuks\/#breadcrumb","itemListElement":[{"@type":"ListItem","position":1,"name":"Home","item":"https:\/\/globe-europe.nl\/"},{"@type":"ListItem","position":2,"name":"Winkel","item":"https:\/\/globe-europe.nl\/winkel\/"},{"@type":"ListItem","position":3,"name":"Globe G1721-Evo Doorslijpschijf Vlak 125\u00d71,0\u00d722,2mm A60SX EVO RVS 25 stuks"}]},{"@type":"WebSite","@id":"https:\/\/globe-europe.nl\/#website","url":"https:\/\/globe-europe.nl\/","name":"Globe Europe","description":"","publisher":{"@id":"https:\/\/globe-europe.nl\/#organization"},"potentialAction":[{"@type":"SearchAction","target":{"@type":"EntryPoint","urlTemplate":"https:\/\/globe-europe.nl\/?s={search_term_string}"},"query-input":{"@type":"PropertyValueSpecification","valueRequired":true,"valueName":"search_term_string"}}],"inLanguage":"de"},{"@type":"Organization","@id":"https:\/\/globe-europe.nl\/#organization","name":"Globe Europe","url":"https:\/\/globe-europe.nl\/","logo":{"@type":"ImageObject","inLanguage":"de","@id":"https:\/\/globe-europe.nl\/#\/schema\/logo\/image\/","url":"https:\/\/globe-europe.nl\/wp-content\/uploads\/2025\/02\/GLOBE-LOGO-WEB-GROOT.png","contentUrl":"https:\/\/globe-europe.nl\/wp-content\/uploads\/2025\/02\/GLOBE-LOGO-WEB-GROOT.png","width":938,"height":404,"caption":"Globe Europe"},"image":{"@id":"https:\/\/globe-europe.nl\/#\/schema\/logo\/image\/"}}]}},"_links":{"self":[{"href":"https:\/\/globe-europe.nl\/de\/wp-json\/wp\/v2\/product\/436","targetHints":{"allow":["GET"]}}],"collection":[{"href":"https:\/\/globe-europe.nl\/de\/wp-json\/wp\/v2\/product"}],"about":[{"href":"https:\/\/globe-europe.nl\/de\/wp-json\/wp\/v2\/types\/product"}],"replies":[{"embeddable":true,"href":"https:\/\/globe-europe.nl\/de\/wp-json\/wp\/v2\/comments?post=436"}],"wp:featuredmedia":[{"embeddable":true,"href":"https:\/\/globe-europe.nl\/de\/wp-json\/wp\/v2\/media\/643"}],"wp:attachment":[{"href":"https:\/\/globe-europe.nl\/de\/wp-json\/wp\/v2\/media?parent=436"}],"wp:term":[{"taxonomy":"product_brand","embeddable":true,"href":"https:\/\/globe-europe.nl\/de\/wp-json\/wp\/v2\/product_brand?post=436"},{"taxonomy":"product_cat","embeddable":true,"href":"https:\/\/globe-europe.nl\/de\/wp-json\/wp\/v2\/product_cat?post=436"},{"taxonomy":"product_tag","embeddable":true,"href":"https:\/\/globe-europe.nl\/de\/wp-json\/wp\/v2\/product_tag?post=436"}],"curies":[{"name":"wp","href":"https:\/\/api.w.org\/{rel}","templated":true}]}}