{"id":440,"date":"2025-02-04T09:43:46","date_gmt":"2025-02-04T09:43:46","guid":{"rendered":"https:\/\/globe-europe.nl\/product\/globe-g1721-top-one-doorslijpschijf-vlak-125x10x222mm-rvs-25-stuks\/"},"modified":"2025-02-19T08:42:46","modified_gmt":"2025-02-19T08:42:46","slug":"globe-g1721-top-one-flache-trennscheibe-125x1x222mm-edelstahl-25stk","status":"publish","type":"product","link":"https:\/\/globe-europe.nl\/de\/product\/globe-g1721-top-one-doorslijpschijf-vlak-125x10x222mm-rvs-25-stuks\/","title":{"rendered":"Globe G1721 Top-One Trennscheibe flach - 125\u00d71,0x22,2mm - rostfreier Stahl - 25 St\u00fcck"},"content":{"rendered":"<p><strong>Eigenschaften Globe G1721 Top-One Trennscheibe Flach 125\u00d71,0x22,2mm Edelstahl 25 St\u00fcck<\/strong><\/p>\n<ul>\n<li>Ideal geeignet f\u00fcr den Einsatz mit Akku-Winkelschleifern und kabelgebundenen Maschinen mit geringer Leistung.<\/li>\n<li>Unerreichte Standzeit, schleift schneller und k\u00fchler als vergleichbare Scheiben in diesem Segment.<\/li>\n<li>Geringe Vibrationen dank hoher Steifigkeit.<\/li>\n<li>Ergibt weniger Staub.<\/li>\n<\/ul>\n<p><strong>Technische Daten<\/strong><\/p>\n<ul>\n<li>Anwendung - rostfreier Stahl, Eisen und Stahl<\/li>\n<li>Abmessungen - 125 x 1,0 mm<\/li>\n<li>Einlass - 22,23 mm<\/li>\n<li>Typ 41 - flach<\/li>\n<li>Verpackungseinheit - 25 St\u00fcck<\/li>\n<\/ul>\n<p><strong>Umfang der Lieferung<\/strong><\/p>\n<ul>\n<li>Globe G1721 Top-One Trennscheibe flach - 125\u00d71,0x22,2mm - rostfreier Stahl - 25 St\u00fcck<\/li>\n<\/ul>","protected":false},"excerpt":{"rendered":"<p>Kenmerken Globe G1721 Top-One Doorslijpschijf Vlak 125&#215;1,0&#215;22,2mm RVS 25 stuks Uitermate geschikt voor gebruik i.c.m. accu-haakse slijpmachines en gesnoerde machines met laag vermogen. Onge\u00ebvenaarde standtijd, slijpt sneller en koeler dan vergelijkbare schijven in het segment. Weinig vibratie dankzij hoge stijfheid. Geeft minder stof. Technische gegevens Toepassing \u2013 RVS, ijzer &amp; staal Afmeting \u2013 125 x [&hellip;]<\/p>\n","protected":false},"featured_media":647,"comment_status":"open","ping_status":"closed","template":"","meta":[],"product_brand":[323],"product_cat":[38,37,41],"product_tag":[],"class_list":{"0":"post-440","1":"product","2":"type-product","3":"status-publish","4":"has-post-thumbnail","6":"product_brand-globe","7":"product_cat-doorslijpschijf","8":"product_cat-schuur-slijpmiddelen","9":"product_cat-verbruiksartikelen","11":"first","12":"instock","13":"shipping-taxable","14":"product-type-simple"},"ct_brands":[{"id":323,"name":"GLOBE","slug":"weltkugel"}],"yoast_head":"<!-- This site is optimized with the Yoast SEO plugin v27.3 - https:\/\/yoast.com\/product\/yoast-seo-wordpress\/ -->\n<title>Globe G1721 Top-One Doorslijpschijf | Vlak &amp; Effici\u00ebnt voor RVS - Globe Europe<\/title>\n<meta name=\"description\" content=\"Globe G1721 Top-One doorslijpschijf (125x1,0x22,2mm) \u2013 set van 25 stuks. Lange standtijd, snelle en koele snedes. Ideaal voor RVS, ijzer &amp; staal.\" \/>\n<meta name=\"robots\" content=\"index, follow, max-snippet:-1, max-image-preview:large, max-video-preview:-1\" \/>\n<link rel=\"canonical\" href=\"https:\/\/globe-europe.nl\/de\/produkt\/globe-g1721-top-one-flache-trennscheibe-125x1x222mm-edelstahl-25stk\/\" \/>\n<meta property=\"og:locale\" content=\"de_DE\" \/>\n<meta property=\"og:type\" content=\"article\" \/>\n<meta property=\"og:title\" content=\"Globe G1721 Top-One Doorslijpschijf | Vlak &amp; Effici\u00ebnt voor RVS - Globe Europe\" \/>\n<meta property=\"og:description\" content=\"Globe G1721 Top-One doorslijpschijf (125x1,0x22,2mm) \u2013 set van 25 stuks. Lange standtijd, snelle en koele snedes. Ideaal voor RVS, ijzer &amp; staal.\" \/>\n<meta property=\"og:url\" content=\"https:\/\/globe-europe.nl\/de\/produkt\/globe-g1721-top-one-flache-trennscheibe-125x1x222mm-edelstahl-25stk\/\" \/>\n<meta property=\"og:site_name\" content=\"Globe Europe\" \/>\n<meta property=\"article:modified_time\" content=\"2025-02-19T08:42:46+00:00\" \/>\n<meta property=\"og:image\" content=\"https:\/\/globe-europe.nl\/wp-content\/uploads\/2025\/02\/Globe-G1721-Top-One-Doorslijpschijf.png\" \/>\n\t<meta property=\"og:image:width\" content=\"700\" \/>\n\t<meta property=\"og:image:height\" content=\"700\" \/>\n\t<meta property=\"og:image:type\" content=\"image\/png\" \/>\n<meta name=\"twitter:card\" content=\"summary_large_image\" \/>\n<meta name=\"twitter:label1\" content=\"Gesch\u00e4tzte Lesezeit\" \/>\n\t<meta name=\"twitter:data1\" content=\"1\u00a0Minute\" \/>\n<script type=\"application\/ld+json\" class=\"yoast-schema-graph\">{\"@context\":\"https:\\\/\\\/schema.org\",\"@graph\":[{\"@type\":\"WebPage\",\"@id\":\"https:\\\/\\\/globe-europe.nl\\\/product\\\/globe-g1721-top-one-doorslijpschijf-vlak-125x10x222mm-rvs-25-stuks\\\/\",\"url\":\"https:\\\/\\\/globe-europe.nl\\\/product\\\/globe-g1721-top-one-doorslijpschijf-vlak-125x10x222mm-rvs-25-stuks\\\/\",\"name\":\"Globe G1721 Top-One Doorslijpschijf | Vlak & Effici\u00ebnt voor RVS - Globe Europe\",\"isPartOf\":{\"@id\":\"https:\\\/\\\/globe-europe.nl\\\/#website\"},\"primaryImageOfPage\":{\"@id\":\"https:\\\/\\\/globe-europe.nl\\\/product\\\/globe-g1721-top-one-doorslijpschijf-vlak-125x10x222mm-rvs-25-stuks\\\/#primaryimage\"},\"image\":{\"@id\":\"https:\\\/\\\/globe-europe.nl\\\/product\\\/globe-g1721-top-one-doorslijpschijf-vlak-125x10x222mm-rvs-25-stuks\\\/#primaryimage\"},\"thumbnailUrl\":\"https:\\\/\\\/globe-europe.nl\\\/wp-content\\\/uploads\\\/2025\\\/02\\\/Globe-G1721-Top-One-Doorslijpschijf.png\",\"datePublished\":\"2025-02-04T09:43:46+00:00\",\"dateModified\":\"2025-02-19T08:42:46+00:00\",\"description\":\"Globe G1721 Top-One doorslijpschijf (125x1,0x22,2mm) \u2013 set van 25 stuks. Lange standtijd, snelle en koele snedes. Ideaal voor RVS, ijzer & staal.\",\"breadcrumb\":{\"@id\":\"https:\\\/\\\/globe-europe.nl\\\/product\\\/globe-g1721-top-one-doorslijpschijf-vlak-125x10x222mm-rvs-25-stuks\\\/#breadcrumb\"},\"inLanguage\":\"de\",\"potentialAction\":[{\"@type\":\"ReadAction\",\"target\":[\"https:\\\/\\\/globe-europe.nl\\\/product\\\/globe-g1721-top-one-doorslijpschijf-vlak-125x10x222mm-rvs-25-stuks\\\/\"]}]},{\"@type\":\"ImageObject\",\"inLanguage\":\"de\",\"@id\":\"https:\\\/\\\/globe-europe.nl\\\/product\\\/globe-g1721-top-one-doorslijpschijf-vlak-125x10x222mm-rvs-25-stuks\\\/#primaryimage\",\"url\":\"https:\\\/\\\/globe-europe.nl\\\/wp-content\\\/uploads\\\/2025\\\/02\\\/Globe-G1721-Top-One-Doorslijpschijf.png\",\"contentUrl\":\"https:\\\/\\\/globe-europe.nl\\\/wp-content\\\/uploads\\\/2025\\\/02\\\/Globe-G1721-Top-One-Doorslijpschijf.png\",\"width\":700,\"height\":700},{\"@type\":\"BreadcrumbList\",\"@id\":\"https:\\\/\\\/globe-europe.nl\\\/product\\\/globe-g1721-top-one-doorslijpschijf-vlak-125x10x222mm-rvs-25-stuks\\\/#breadcrumb\",\"itemListElement\":[{\"@type\":\"ListItem\",\"position\":1,\"name\":\"Home\",\"item\":\"https:\\\/\\\/globe-europe.nl\\\/\"},{\"@type\":\"ListItem\",\"position\":2,\"name\":\"Winkel\",\"item\":\"https:\\\/\\\/globe-europe.nl\\\/winkel\\\/\"},{\"@type\":\"ListItem\",\"position\":3,\"name\":\"Globe G1721 Top-One Doorslijpschijf Vlak &#8211; 125&#215;1,0x22,2mm &#8211; RVS &#8211; 25 stuks\"}]},{\"@type\":\"WebSite\",\"@id\":\"https:\\\/\\\/globe-europe.nl\\\/#website\",\"url\":\"https:\\\/\\\/globe-europe.nl\\\/\",\"name\":\"Globe Europe\",\"description\":\"\",\"publisher\":{\"@id\":\"https:\\\/\\\/globe-europe.nl\\\/#organization\"},\"potentialAction\":[{\"@type\":\"SearchAction\",\"target\":{\"@type\":\"EntryPoint\",\"urlTemplate\":\"https:\\\/\\\/globe-europe.nl\\\/?s={search_term_string}\"},\"query-input\":{\"@type\":\"PropertyValueSpecification\",\"valueRequired\":true,\"valueName\":\"search_term_string\"}}],\"inLanguage\":\"de\"},{\"@type\":\"Organization\",\"@id\":\"https:\\\/\\\/globe-europe.nl\\\/#organization\",\"name\":\"Globe Europe\",\"url\":\"https:\\\/\\\/globe-europe.nl\\\/\",\"logo\":{\"@type\":\"ImageObject\",\"inLanguage\":\"de\",\"@id\":\"https:\\\/\\\/globe-europe.nl\\\/#\\\/schema\\\/logo\\\/image\\\/\",\"url\":\"https:\\\/\\\/globe-europe.nl\\\/wp-content\\\/uploads\\\/2025\\\/02\\\/GLOBE-LOGO-WEB-GROOT.png\",\"contentUrl\":\"https:\\\/\\\/globe-europe.nl\\\/wp-content\\\/uploads\\\/2025\\\/02\\\/GLOBE-LOGO-WEB-GROOT.png\",\"width\":938,\"height\":404,\"caption\":\"Globe Europe\"},\"image\":{\"@id\":\"https:\\\/\\\/globe-europe.nl\\\/#\\\/schema\\\/logo\\\/image\\\/\"}}]}<\/script>\n<!-- \/ Yoast SEO plugin. -->","yoast_head_json":{"title":"Globe G1721 Top-One Trennscheibe | Flach &amp; Effizient f\u00fcr Edelstahl - Globe Europe","description":"Globe G1721 Top-One Trennscheibe (125x1,0x22,2mm) - Satz mit 25 St\u00fcck. Lange Standzeit, schnelle und k\u00fchle Schnitte. Ideal f\u00fcr rostfreien Stahl, Eisen und Stahl.","robots":{"index":"index","follow":"follow","max-snippet":"max-snippet:-1","max-image-preview":"max-image-preview:large","max-video-preview":"max-video-preview:-1"},"canonical":"https:\/\/globe-europe.nl\/de\/produkt\/globe-g1721-top-one-flache-trennscheibe-125x1x222mm-edelstahl-25stk\/","og_locale":"de_DE","og_type":"article","og_title":"Globe G1721 Top-One Doorslijpschijf | Vlak & Effici\u00ebnt voor RVS - Globe Europe","og_description":"Globe G1721 Top-One doorslijpschijf (125x1,0x22,2mm) \u2013 set van 25 stuks. Lange standtijd, snelle en koele snedes. Ideaal voor RVS, ijzer & staal.","og_url":"https:\/\/globe-europe.nl\/de\/produkt\/globe-g1721-top-one-flache-trennscheibe-125x1x222mm-edelstahl-25stk\/","og_site_name":"Globe Europe","article_modified_time":"2025-02-19T08:42:46+00:00","og_image":[{"width":700,"height":700,"url":"https:\/\/globe-europe.nl\/wp-content\/uploads\/2025\/02\/Globe-G1721-Top-One-Doorslijpschijf.png","type":"image\/png"}],"twitter_card":"summary_large_image","twitter_misc":{"Gesch\u00e4tzte Lesezeit":"1\u00a0Minute"},"schema":{"@context":"https:\/\/schema.org","@graph":[{"@type":"WebPage","@id":"https:\/\/globe-europe.nl\/product\/globe-g1721-top-one-doorslijpschijf-vlak-125x10x222mm-rvs-25-stuks\/","url":"https:\/\/globe-europe.nl\/product\/globe-g1721-top-one-doorslijpschijf-vlak-125x10x222mm-rvs-25-stuks\/","name":"Globe G1721 Top-One Trennscheibe | Flach &amp; Effizient f\u00fcr Edelstahl - Globe Europe","isPartOf":{"@id":"https:\/\/globe-europe.nl\/#website"},"primaryImageOfPage":{"@id":"https:\/\/globe-europe.nl\/product\/globe-g1721-top-one-doorslijpschijf-vlak-125x10x222mm-rvs-25-stuks\/#primaryimage"},"image":{"@id":"https:\/\/globe-europe.nl\/product\/globe-g1721-top-one-doorslijpschijf-vlak-125x10x222mm-rvs-25-stuks\/#primaryimage"},"thumbnailUrl":"https:\/\/globe-europe.nl\/wp-content\/uploads\/2025\/02\/Globe-G1721-Top-One-Doorslijpschijf.png","datePublished":"2025-02-04T09:43:46+00:00","dateModified":"2025-02-19T08:42:46+00:00","description":"Globe G1721 Top-One Trennscheibe (125x1,0x22,2mm) - Satz mit 25 St\u00fcck. Lange Standzeit, schnelle und k\u00fchle Schnitte. Ideal f\u00fcr rostfreien Stahl, Eisen und Stahl.","breadcrumb":{"@id":"https:\/\/globe-europe.nl\/product\/globe-g1721-top-one-doorslijpschijf-vlak-125x10x222mm-rvs-25-stuks\/#breadcrumb"},"inLanguage":"de","potentialAction":[{"@type":"ReadAction","target":["https:\/\/globe-europe.nl\/product\/globe-g1721-top-one-doorslijpschijf-vlak-125x10x222mm-rvs-25-stuks\/"]}]},{"@type":"ImageObject","inLanguage":"de","@id":"https:\/\/globe-europe.nl\/product\/globe-g1721-top-one-doorslijpschijf-vlak-125x10x222mm-rvs-25-stuks\/#primaryimage","url":"https:\/\/globe-europe.nl\/wp-content\/uploads\/2025\/02\/Globe-G1721-Top-One-Doorslijpschijf.png","contentUrl":"https:\/\/globe-europe.nl\/wp-content\/uploads\/2025\/02\/Globe-G1721-Top-One-Doorslijpschijf.png","width":700,"height":700},{"@type":"BreadcrumbList","@id":"https:\/\/globe-europe.nl\/product\/globe-g1721-top-one-doorslijpschijf-vlak-125x10x222mm-rvs-25-stuks\/#breadcrumb","itemListElement":[{"@type":"ListItem","position":1,"name":"Home","item":"https:\/\/globe-europe.nl\/"},{"@type":"ListItem","position":2,"name":"Winkel","item":"https:\/\/globe-europe.nl\/winkel\/"},{"@type":"ListItem","position":3,"name":"Globe G1721 Top-One Doorslijpschijf Vlak &#8211; 125&#215;1,0x22,2mm &#8211; RVS &#8211; 25 stuks"}]},{"@type":"WebSite","@id":"https:\/\/globe-europe.nl\/#website","url":"https:\/\/globe-europe.nl\/","name":"Globe Europe","description":"","publisher":{"@id":"https:\/\/globe-europe.nl\/#organization"},"potentialAction":[{"@type":"SearchAction","target":{"@type":"EntryPoint","urlTemplate":"https:\/\/globe-europe.nl\/?s={search_term_string}"},"query-input":{"@type":"PropertyValueSpecification","valueRequired":true,"valueName":"search_term_string"}}],"inLanguage":"de"},{"@type":"Organization","@id":"https:\/\/globe-europe.nl\/#organization","name":"Globe Europe","url":"https:\/\/globe-europe.nl\/","logo":{"@type":"ImageObject","inLanguage":"de","@id":"https:\/\/globe-europe.nl\/#\/schema\/logo\/image\/","url":"https:\/\/globe-europe.nl\/wp-content\/uploads\/2025\/02\/GLOBE-LOGO-WEB-GROOT.png","contentUrl":"https:\/\/globe-europe.nl\/wp-content\/uploads\/2025\/02\/GLOBE-LOGO-WEB-GROOT.png","width":938,"height":404,"caption":"Globe Europe"},"image":{"@id":"https:\/\/globe-europe.nl\/#\/schema\/logo\/image\/"}}]}},"_links":{"self":[{"href":"https:\/\/globe-europe.nl\/de\/wp-json\/wp\/v2\/product\/440","targetHints":{"allow":["GET"]}}],"collection":[{"href":"https:\/\/globe-europe.nl\/de\/wp-json\/wp\/v2\/product"}],"about":[{"href":"https:\/\/globe-europe.nl\/de\/wp-json\/wp\/v2\/types\/product"}],"replies":[{"embeddable":true,"href":"https:\/\/globe-europe.nl\/de\/wp-json\/wp\/v2\/comments?post=440"}],"wp:featuredmedia":[{"embeddable":true,"href":"https:\/\/globe-europe.nl\/de\/wp-json\/wp\/v2\/media\/647"}],"wp:attachment":[{"href":"https:\/\/globe-europe.nl\/de\/wp-json\/wp\/v2\/media?parent=440"}],"wp:term":[{"taxonomy":"product_brand","embeddable":true,"href":"https:\/\/globe-europe.nl\/de\/wp-json\/wp\/v2\/product_brand?post=440"},{"taxonomy":"product_cat","embeddable":true,"href":"https:\/\/globe-europe.nl\/de\/wp-json\/wp\/v2\/product_cat?post=440"},{"taxonomy":"product_tag","embeddable":true,"href":"https:\/\/globe-europe.nl\/de\/wp-json\/wp\/v2\/product_tag?post=440"}],"curies":[{"name":"wp","href":"https:\/\/api.w.org\/{rel}","templated":true}]}}