{"id":442,"date":"2025-02-04T09:43:48","date_gmt":"2025-02-04T09:43:48","guid":{"rendered":"https:\/\/globe-europe.nl\/product\/globe-g1716-doorslijpschijf-vlak-230x2x222mm-a60s-zac-ijzer-staal-50-stuks\/"},"modified":"2026-04-03T14:45:35","modified_gmt":"2026-04-03T14:45:35","slug":"globe-g1716-flache-trennscheibe-230x2x222mm-a60s-zac-metall-stahl-50stk","status":"publish","type":"product","link":"https:\/\/globe-europe.nl\/de\/product\/globe-g1716-doorslijpschijf-vlak-230x2x222mm-a60s-zac-ijzer-staal-50-stuks\/","title":{"rendered":"Globus G1716 Trennscheibe Flach 230x2x22,2mm A60S ZAC Eisen &amp; Stahl 50 St\u00fcck"},"content":{"rendered":"<p><strong>Eigenschaften Globe G1716 Trennscheibe Flach 230 x 2 x 22,2mm A60S ZAC Eisen &amp; Stahl - 50 St\u00fcck<br \/>\n<\/strong><\/p>\n<ul>\n<li>Die geringe Dicke halbiert die Schleifzeit im Vergleich zu Standardscheiben.<\/li>\n<li>Die Globe ZAC-Scheiben sind an den Seiten verst\u00e4rkt.<\/li>\n<li>Das patentierte Laufradmuster an der Seite der Scheibe sorgt f\u00fcr geringere Reibung, weniger W\u00e4rmeentwicklung und einen schnelleren Schnitt.<\/li>\n<\/ul>\n<p><strong>Technische Daten<\/strong><\/p>\n<ul>\n<li>Anwendung - Eisen und Stahl<\/li>\n<li>Abmessungen - 230 x 2,0 mm<\/li>\n<li>Einlass - 22,23 mm<\/li>\n<li>Typ 41 - flach<\/li>\n<li>Verpackungseinheit - 50 St\u00fcck<\/li>\n<\/ul>\n<p><strong>Umfang der Lieferung<\/strong><\/p>\n<ul>\n<li>Globus G1716 Trennscheibe Flach 230x2x22,2mm A60S ZAC Eisen &amp; Stahl 50 St\u00fcck<\/li>\n<\/ul>","protected":false},"excerpt":{"rendered":"<p>Kenmerken Globe G1716 Doorslijpschijf Vlak 230 x 2 x 22,2mm A60S ZAC ijzer &amp; staal &#8211; 50 stuks De geringe dikte halveert de slijptijd ten opzichte van standaard schijven. De Globe ZAC schijven zijn verstevigd aan de zijkanten. Het gepatenteerde waaier patroon op de zijkant van de schijf zorgt voor verlaagde frictie, verlaagde hitteproductie en [&hellip;]<\/p>\n","protected":false},"featured_media":649,"comment_status":"open","ping_status":"closed","template":"","meta":[],"product_brand":[323],"product_cat":[38,37,41],"product_tag":[],"class_list":{"0":"post-442","1":"product","2":"type-product","3":"status-publish","4":"has-post-thumbnail","6":"product_brand-globe","7":"product_cat-doorslijpschijf","8":"product_cat-schuur-slijpmiddelen","9":"product_cat-verbruiksartikelen","11":"first","12":"instock","13":"shipping-taxable","14":"product-type-simple"},"ct_brands":[{"id":323,"name":"GLOBE","slug":"weltkugel"}],"yoast_head":"<!-- This site is optimized with the Yoast SEO plugin v27.3 - https:\/\/yoast.com\/product\/yoast-seo-wordpress\/ -->\n<title>Globe G1716 Doorslijpschijf | Vlak &amp; Effici\u00ebnt voor IJzer &amp; Staal - Globe Europe<\/title>\n<meta name=\"description\" content=\"Globe G1716 doorslijpschijf (230x2x22,2mm) \u2013 set van 50 stuks. Snelle snedes, lage frictie en hitteproductie. Verstevigde zijkanten voor extra duurzaamheid.\" \/>\n<meta name=\"robots\" content=\"index, follow, max-snippet:-1, max-image-preview:large, max-video-preview:-1\" \/>\n<link rel=\"canonical\" href=\"https:\/\/globe-europe.nl\/de\/produkt\/globe-g1716-flache-trennscheibe-230x2x222mm-a60s-zac-metall-stahl-50stk\/\" \/>\n<meta property=\"og:locale\" content=\"de_DE\" \/>\n<meta property=\"og:type\" content=\"article\" \/>\n<meta property=\"og:title\" content=\"Globe G1716 Doorslijpschijf | Vlak &amp; Effici\u00ebnt voor IJzer &amp; Staal - Globe Europe\" \/>\n<meta property=\"og:description\" content=\"Globe G1716 doorslijpschijf (230x2x22,2mm) \u2013 set van 50 stuks. Snelle snedes, lage frictie en hitteproductie. Verstevigde zijkanten voor extra duurzaamheid.\" \/>\n<meta property=\"og:url\" content=\"https:\/\/globe-europe.nl\/de\/produkt\/globe-g1716-flache-trennscheibe-230x2x222mm-a60s-zac-metall-stahl-50stk\/\" \/>\n<meta property=\"og:site_name\" content=\"Globe Europe\" \/>\n<meta property=\"article:modified_time\" content=\"2026-04-03T14:45:35+00:00\" \/>\n<meta property=\"og:image\" content=\"https:\/\/globe-europe.nl\/wp-content\/uploads\/2025\/02\/Globe-G1716-Doorslijpschijf-.png\" \/>\n\t<meta property=\"og:image:width\" content=\"700\" \/>\n\t<meta property=\"og:image:height\" content=\"700\" \/>\n\t<meta property=\"og:image:type\" content=\"image\/png\" \/>\n<meta name=\"twitter:card\" content=\"summary_large_image\" \/>\n<meta name=\"twitter:label1\" content=\"Gesch\u00e4tzte Lesezeit\" \/>\n\t<meta name=\"twitter:data1\" content=\"1\u00a0Minute\" \/>\n<script type=\"application\/ld+json\" class=\"yoast-schema-graph\">{\"@context\":\"https:\\\/\\\/schema.org\",\"@graph\":[{\"@type\":\"WebPage\",\"@id\":\"https:\\\/\\\/globe-europe.nl\\\/product\\\/globe-g1716-doorslijpschijf-vlak-230x2x222mm-a60s-zac-ijzer-staal-50-stuks\\\/\",\"url\":\"https:\\\/\\\/globe-europe.nl\\\/product\\\/globe-g1716-doorslijpschijf-vlak-230x2x222mm-a60s-zac-ijzer-staal-50-stuks\\\/\",\"name\":\"Globe G1716 Doorslijpschijf | Vlak & Effici\u00ebnt voor IJzer & Staal - Globe Europe\",\"isPartOf\":{\"@id\":\"https:\\\/\\\/globe-europe.nl\\\/#website\"},\"primaryImageOfPage\":{\"@id\":\"https:\\\/\\\/globe-europe.nl\\\/product\\\/globe-g1716-doorslijpschijf-vlak-230x2x222mm-a60s-zac-ijzer-staal-50-stuks\\\/#primaryimage\"},\"image\":{\"@id\":\"https:\\\/\\\/globe-europe.nl\\\/product\\\/globe-g1716-doorslijpschijf-vlak-230x2x222mm-a60s-zac-ijzer-staal-50-stuks\\\/#primaryimage\"},\"thumbnailUrl\":\"https:\\\/\\\/globe-europe.nl\\\/wp-content\\\/uploads\\\/2025\\\/02\\\/Globe-G1716-Doorslijpschijf-.png\",\"datePublished\":\"2025-02-04T09:43:48+00:00\",\"dateModified\":\"2026-04-03T14:45:35+00:00\",\"description\":\"Globe G1716 doorslijpschijf (230x2x22,2mm) \u2013 set van 50 stuks. Snelle snedes, lage frictie en hitteproductie. Verstevigde zijkanten voor extra duurzaamheid.\",\"breadcrumb\":{\"@id\":\"https:\\\/\\\/globe-europe.nl\\\/product\\\/globe-g1716-doorslijpschijf-vlak-230x2x222mm-a60s-zac-ijzer-staal-50-stuks\\\/#breadcrumb\"},\"inLanguage\":\"de\",\"potentialAction\":[{\"@type\":\"ReadAction\",\"target\":[\"https:\\\/\\\/globe-europe.nl\\\/product\\\/globe-g1716-doorslijpschijf-vlak-230x2x222mm-a60s-zac-ijzer-staal-50-stuks\\\/\"]}]},{\"@type\":\"ImageObject\",\"inLanguage\":\"de\",\"@id\":\"https:\\\/\\\/globe-europe.nl\\\/product\\\/globe-g1716-doorslijpschijf-vlak-230x2x222mm-a60s-zac-ijzer-staal-50-stuks\\\/#primaryimage\",\"url\":\"https:\\\/\\\/globe-europe.nl\\\/wp-content\\\/uploads\\\/2025\\\/02\\\/Globe-G1716-Doorslijpschijf-.png\",\"contentUrl\":\"https:\\\/\\\/globe-europe.nl\\\/wp-content\\\/uploads\\\/2025\\\/02\\\/Globe-G1716-Doorslijpschijf-.png\",\"width\":700,\"height\":700},{\"@type\":\"BreadcrumbList\",\"@id\":\"https:\\\/\\\/globe-europe.nl\\\/product\\\/globe-g1716-doorslijpschijf-vlak-230x2x222mm-a60s-zac-ijzer-staal-50-stuks\\\/#breadcrumb\",\"itemListElement\":[{\"@type\":\"ListItem\",\"position\":1,\"name\":\"Home\",\"item\":\"https:\\\/\\\/globe-europe.nl\\\/\"},{\"@type\":\"ListItem\",\"position\":2,\"name\":\"Winkel\",\"item\":\"https:\\\/\\\/globe-europe.nl\\\/winkel\\\/\"},{\"@type\":\"ListItem\",\"position\":3,\"name\":\"Globe G1716 Doorslijpschijf Vlak 230x2x22,2mm A60S ZAC ijzer &amp; staal 50 stuks\"}]},{\"@type\":\"WebSite\",\"@id\":\"https:\\\/\\\/globe-europe.nl\\\/#website\",\"url\":\"https:\\\/\\\/globe-europe.nl\\\/\",\"name\":\"Globe Europe\",\"description\":\"\",\"publisher\":{\"@id\":\"https:\\\/\\\/globe-europe.nl\\\/#organization\"},\"potentialAction\":[{\"@type\":\"SearchAction\",\"target\":{\"@type\":\"EntryPoint\",\"urlTemplate\":\"https:\\\/\\\/globe-europe.nl\\\/?s={search_term_string}\"},\"query-input\":{\"@type\":\"PropertyValueSpecification\",\"valueRequired\":true,\"valueName\":\"search_term_string\"}}],\"inLanguage\":\"de\"},{\"@type\":\"Organization\",\"@id\":\"https:\\\/\\\/globe-europe.nl\\\/#organization\",\"name\":\"Globe Europe\",\"url\":\"https:\\\/\\\/globe-europe.nl\\\/\",\"logo\":{\"@type\":\"ImageObject\",\"inLanguage\":\"de\",\"@id\":\"https:\\\/\\\/globe-europe.nl\\\/#\\\/schema\\\/logo\\\/image\\\/\",\"url\":\"https:\\\/\\\/globe-europe.nl\\\/wp-content\\\/uploads\\\/2025\\\/02\\\/GLOBE-LOGO-WEB-GROOT.png\",\"contentUrl\":\"https:\\\/\\\/globe-europe.nl\\\/wp-content\\\/uploads\\\/2025\\\/02\\\/GLOBE-LOGO-WEB-GROOT.png\",\"width\":938,\"height\":404,\"caption\":\"Globe Europe\"},\"image\":{\"@id\":\"https:\\\/\\\/globe-europe.nl\\\/#\\\/schema\\\/logo\\\/image\\\/\"}}]}<\/script>\n<!-- \/ Yoast SEO plugin. -->","yoast_head_json":{"title":"Globe G1716 Trennscheibe | Flach &amp; Effizient f\u00fcr Eisen &amp; Stahl - Globe Europe","description":"Globe G1716 Trennscheibe (230x2x22,2mm) - Satz mit 50 St\u00fcck. Schnelle Schnitte, geringe Reibung und W\u00e4rmeentwicklung. Verst\u00e4rkte Seiten f\u00fcr zus\u00e4tzliche Haltbarkeit.","robots":{"index":"index","follow":"follow","max-snippet":"max-snippet:-1","max-image-preview":"max-image-preview:large","max-video-preview":"max-video-preview:-1"},"canonical":"https:\/\/globe-europe.nl\/de\/produkt\/globe-g1716-flache-trennscheibe-230x2x222mm-a60s-zac-metall-stahl-50stk\/","og_locale":"de_DE","og_type":"article","og_title":"Globe G1716 Doorslijpschijf | Vlak & Effici\u00ebnt voor IJzer & Staal - Globe Europe","og_description":"Globe G1716 doorslijpschijf (230x2x22,2mm) \u2013 set van 50 stuks. Snelle snedes, lage frictie en hitteproductie. Verstevigde zijkanten voor extra duurzaamheid.","og_url":"https:\/\/globe-europe.nl\/de\/produkt\/globe-g1716-flache-trennscheibe-230x2x222mm-a60s-zac-metall-stahl-50stk\/","og_site_name":"Globe Europe","article_modified_time":"2026-04-03T14:45:35+00:00","og_image":[{"width":700,"height":700,"url":"https:\/\/globe-europe.nl\/wp-content\/uploads\/2025\/02\/Globe-G1716-Doorslijpschijf-.png","type":"image\/png"}],"twitter_card":"summary_large_image","twitter_misc":{"Gesch\u00e4tzte Lesezeit":"1\u00a0Minute"},"schema":{"@context":"https:\/\/schema.org","@graph":[{"@type":"WebPage","@id":"https:\/\/globe-europe.nl\/product\/globe-g1716-doorslijpschijf-vlak-230x2x222mm-a60s-zac-ijzer-staal-50-stuks\/","url":"https:\/\/globe-europe.nl\/product\/globe-g1716-doorslijpschijf-vlak-230x2x222mm-a60s-zac-ijzer-staal-50-stuks\/","name":"Globe G1716 Trennscheibe | Flach &amp; Effizient f\u00fcr Eisen &amp; Stahl - Globe Europe","isPartOf":{"@id":"https:\/\/globe-europe.nl\/#website"},"primaryImageOfPage":{"@id":"https:\/\/globe-europe.nl\/product\/globe-g1716-doorslijpschijf-vlak-230x2x222mm-a60s-zac-ijzer-staal-50-stuks\/#primaryimage"},"image":{"@id":"https:\/\/globe-europe.nl\/product\/globe-g1716-doorslijpschijf-vlak-230x2x222mm-a60s-zac-ijzer-staal-50-stuks\/#primaryimage"},"thumbnailUrl":"https:\/\/globe-europe.nl\/wp-content\/uploads\/2025\/02\/Globe-G1716-Doorslijpschijf-.png","datePublished":"2025-02-04T09:43:48+00:00","dateModified":"2026-04-03T14:45:35+00:00","description":"Globe G1716 Trennscheibe (230x2x22,2mm) - Satz mit 50 St\u00fcck. Schnelle Schnitte, geringe Reibung und W\u00e4rmeentwicklung. Verst\u00e4rkte Seiten f\u00fcr zus\u00e4tzliche Haltbarkeit.","breadcrumb":{"@id":"https:\/\/globe-europe.nl\/product\/globe-g1716-doorslijpschijf-vlak-230x2x222mm-a60s-zac-ijzer-staal-50-stuks\/#breadcrumb"},"inLanguage":"de","potentialAction":[{"@type":"ReadAction","target":["https:\/\/globe-europe.nl\/product\/globe-g1716-doorslijpschijf-vlak-230x2x222mm-a60s-zac-ijzer-staal-50-stuks\/"]}]},{"@type":"ImageObject","inLanguage":"de","@id":"https:\/\/globe-europe.nl\/product\/globe-g1716-doorslijpschijf-vlak-230x2x222mm-a60s-zac-ijzer-staal-50-stuks\/#primaryimage","url":"https:\/\/globe-europe.nl\/wp-content\/uploads\/2025\/02\/Globe-G1716-Doorslijpschijf-.png","contentUrl":"https:\/\/globe-europe.nl\/wp-content\/uploads\/2025\/02\/Globe-G1716-Doorslijpschijf-.png","width":700,"height":700},{"@type":"BreadcrumbList","@id":"https:\/\/globe-europe.nl\/product\/globe-g1716-doorslijpschijf-vlak-230x2x222mm-a60s-zac-ijzer-staal-50-stuks\/#breadcrumb","itemListElement":[{"@type":"ListItem","position":1,"name":"Home","item":"https:\/\/globe-europe.nl\/"},{"@type":"ListItem","position":2,"name":"Winkel","item":"https:\/\/globe-europe.nl\/winkel\/"},{"@type":"ListItem","position":3,"name":"Globe G1716 Doorslijpschijf Vlak 230x2x22,2mm A60S ZAC ijzer &amp; staal 50 stuks"}]},{"@type":"WebSite","@id":"https:\/\/globe-europe.nl\/#website","url":"https:\/\/globe-europe.nl\/","name":"Globe Europe","description":"","publisher":{"@id":"https:\/\/globe-europe.nl\/#organization"},"potentialAction":[{"@type":"SearchAction","target":{"@type":"EntryPoint","urlTemplate":"https:\/\/globe-europe.nl\/?s={search_term_string}"},"query-input":{"@type":"PropertyValueSpecification","valueRequired":true,"valueName":"search_term_string"}}],"inLanguage":"de"},{"@type":"Organization","@id":"https:\/\/globe-europe.nl\/#organization","name":"Globe Europe","url":"https:\/\/globe-europe.nl\/","logo":{"@type":"ImageObject","inLanguage":"de","@id":"https:\/\/globe-europe.nl\/#\/schema\/logo\/image\/","url":"https:\/\/globe-europe.nl\/wp-content\/uploads\/2025\/02\/GLOBE-LOGO-WEB-GROOT.png","contentUrl":"https:\/\/globe-europe.nl\/wp-content\/uploads\/2025\/02\/GLOBE-LOGO-WEB-GROOT.png","width":938,"height":404,"caption":"Globe Europe"},"image":{"@id":"https:\/\/globe-europe.nl\/#\/schema\/logo\/image\/"}}]}},"_links":{"self":[{"href":"https:\/\/globe-europe.nl\/de\/wp-json\/wp\/v2\/product\/442","targetHints":{"allow":["GET"]}}],"collection":[{"href":"https:\/\/globe-europe.nl\/de\/wp-json\/wp\/v2\/product"}],"about":[{"href":"https:\/\/globe-europe.nl\/de\/wp-json\/wp\/v2\/types\/product"}],"replies":[{"embeddable":true,"href":"https:\/\/globe-europe.nl\/de\/wp-json\/wp\/v2\/comments?post=442"}],"wp:featuredmedia":[{"embeddable":true,"href":"https:\/\/globe-europe.nl\/de\/wp-json\/wp\/v2\/media\/649"}],"wp:attachment":[{"href":"https:\/\/globe-europe.nl\/de\/wp-json\/wp\/v2\/media?parent=442"}],"wp:term":[{"taxonomy":"product_brand","embeddable":true,"href":"https:\/\/globe-europe.nl\/de\/wp-json\/wp\/v2\/product_brand?post=442"},{"taxonomy":"product_cat","embeddable":true,"href":"https:\/\/globe-europe.nl\/de\/wp-json\/wp\/v2\/product_cat?post=442"},{"taxonomy":"product_tag","embeddable":true,"href":"https:\/\/globe-europe.nl\/de\/wp-json\/wp\/v2\/product_tag?post=442"}],"curies":[{"name":"wp","href":"https:\/\/api.w.org\/{rel}","templated":true}]}}