{"id":446,"date":"2025-02-04T09:43:52","date_gmt":"2025-02-04T09:43:52","guid":{"rendered":"https:\/\/globe-europe.nl\/product\/eggenberg-25-dlg-spiraalborenset-hss-co5-m35-din338-1-13-mm\/"},"modified":"2026-02-27T10:25:31","modified_gmt":"2026-02-27T10:25:31","slug":"eggenberg-6038twin-tragbare-bandsaege-metall-105-mm-850w","status":"publish","type":"product","link":"https:\/\/globe-europe.nl\/de\/product\/eggenberg-25-dlg-spiraalborenset-hss-co5-m35-din338-1-13-mm\/","title":{"rendered":"Eggenberg 25-teiliger Spiralbohrer-Satz HSS Co5% M35 DIN338 - 1-13 mm"},"content":{"rendered":"<h1><span style=\"font-size: 26px;\"><strong>Merkmale Eggenberg 25-tlg. Spiralbohrer-Satz HSS Co5% M35 DIN338 - 1-13 mm<\/strong><\/span><\/h1>\n<p>HSS Cobalt 5% Metallbohrer werden aus hochwertigem legiertem Schnellarbeitsstahl hergestellt. Durch die Zugabe von Kobalt wird eine sehr hohe H\u00e4rte erreicht, um mit schwer zerspanbaren St\u00e4hlen fertig zu werden. Durch den Vollschliff w\u00e4hrend des Herstellungsprozesses entsteht ein sehr scharfer Bohrer mit hoher Pr\u00e4zision. Der pr\u00e4zise Spaltschliff sorgt daf\u00fcr, dass der Bohrer sich selbst zentriert und die gew\u00fcnschten L\u00f6cher ohne Vibrationen bohrt. In Kombination mit Schneid\u00f6l ergibt sich eine sehr lange Lebensdauer der Bohrer. Sehr gut geeignet f\u00fcr den Einsatz in legierten St\u00e4hlen und schwer zerspanbaren St\u00e4hlen wie Edelstahl.<\/p>\n<ul>\n<li>135\u00b0 Split-Point f\u00fcr schnelles Eindringen und weniger \"Wandern\"<\/li>\n<li>Entwickelt zum Bohren pr\u00e4ziser L\u00f6cher in Hart- und Weichholz, Sperrholz, Spanplatten, Kunststoff und Metall<\/li>\n<li>Verschiedene Gr\u00f6\u00dfen von 1-13 mm, in 0,5 mm-Schritten<\/li>\n<li>Hergestellt aus dem starken Material Kobalt (M35). M35 ist \u00e4hnlich wie M2, aber mit 5% Kobalt hinzugef\u00fcgt. M35 ist auch als Kobaltstahl, HSSE oder HSS-E bekannt. Er schneidet schneller und h\u00e4lt l\u00e4nger als M2.<\/li>\n<\/ul>\n<p><img loading=\"lazy\" decoding=\"async\" class=\"aligncenter wp-image-385003\" src=\"https:\/\/bjctools.nl\/wp-content\/uploads\/2021\/08\/SPIRAALBORENSET-1.png\" alt=\"\" width=\"800\" height=\"4251\" \/><\/p>","protected":false},"excerpt":{"rendered":"<p>Kenmerken Eggenberg 25 dlg Spiraalborenset HSS Co5% M35 DIN338 &#8211; 1-13 mm HSS Cobalt 5% metaalboren zijn vervaardigd uit hoogwaardig gelegeerd sneldraaistaal. Door het toevoegen van Cobalt wordt een zeer hoge hardheid bereikt om moeilijk te verspanen staalsoorten aan te kunnen. Door het volledig slijpen tijdens het productieproces ontstaat een zeer scherpe boor met een [&hellip;]<\/p>\n","protected":false},"featured_media":650,"comment_status":"open","ping_status":"closed","template":"","meta":[],"product_brand":[22],"product_cat":[333,334,41],"product_tag":[],"class_list":{"0":"post-446","1":"product","2":"type-product","3":"status-publish","4":"has-post-thumbnail","6":"product_brand-eggenberg","7":"product_cat-boren-tappen","8":"product_cat-spiraalboor","9":"product_cat-verbruiksartikelen","11":"first","12":"instock","13":"shipping-taxable","14":"product-type-simple"},"ct_brands":[{"id":22,"name":"EGGENBERG","slug":"eggenberg"}],"yoast_head":"<!-- This site is optimized with the Yoast SEO plugin v27.3 - https:\/\/yoast.com\/product\/yoast-seo-wordpress\/ -->\n<title>Eggenberg 25-delige HSS Co5% M35 Spiraalborenset | 1-13 mm - Globe Europe<\/title>\n<meta name=\"description\" content=\"Eggenberg 25-delige HSS Co5% M35 spiraalborenset (1-13 mm). Zelfcentrerende 135\u00b0 split-point voor precisieboringen in metaal, RVS en kunststof.\" \/>\n<meta name=\"robots\" content=\"index, follow, max-snippet:-1, max-image-preview:large, max-video-preview:-1\" \/>\n<link rel=\"canonical\" href=\"https:\/\/globe-europe.nl\/de\/produkt\/eggenberg-6038twin-tragbare-bandsaege-metall-105-mm-850w\/\" \/>\n<meta property=\"og:locale\" content=\"de_DE\" \/>\n<meta property=\"og:type\" content=\"article\" \/>\n<meta property=\"og:title\" content=\"Eggenberg 25-delige HSS Co5% M35 Spiraalborenset | 1-13 mm - Globe Europe\" \/>\n<meta property=\"og:description\" content=\"Eggenberg 25-delige HSS Co5% M35 spiraalborenset (1-13 mm). Zelfcentrerende 135\u00b0 split-point voor precisieboringen in metaal, RVS en kunststof.\" \/>\n<meta property=\"og:url\" content=\"https:\/\/globe-europe.nl\/de\/produkt\/eggenberg-6038twin-tragbare-bandsaege-metall-105-mm-850w\/\" \/>\n<meta property=\"og:site_name\" content=\"Globe Europe\" \/>\n<meta property=\"article:modified_time\" content=\"2026-02-27T10:25:31+00:00\" \/>\n<meta property=\"og:image\" content=\"https:\/\/globe-europe.nl\/wp-content\/uploads\/2025\/02\/Eggenberg-25-dlg-Spiraalborenset.png\" \/>\n\t<meta property=\"og:image:width\" content=\"700\" \/>\n\t<meta property=\"og:image:height\" content=\"700\" \/>\n\t<meta property=\"og:image:type\" content=\"image\/png\" \/>\n<meta name=\"twitter:card\" content=\"summary_large_image\" \/>\n<meta name=\"twitter:label1\" content=\"Gesch\u00e4tzte Lesezeit\" \/>\n\t<meta name=\"twitter:data1\" content=\"2\u00a0Minuten\" \/>\n<script type=\"application\/ld+json\" class=\"yoast-schema-graph\">{\"@context\":\"https:\\\/\\\/schema.org\",\"@graph\":[{\"@type\":\"WebPage\",\"@id\":\"https:\\\/\\\/globe-europe.nl\\\/product\\\/eggenberg-25-dlg-spiraalborenset-hss-co5-m35-din338-1-13-mm\\\/\",\"url\":\"https:\\\/\\\/globe-europe.nl\\\/product\\\/eggenberg-25-dlg-spiraalborenset-hss-co5-m35-din338-1-13-mm\\\/\",\"name\":\"Eggenberg 25-delige HSS Co5% M35 Spiraalborenset | 1-13 mm - Globe Europe\",\"isPartOf\":{\"@id\":\"https:\\\/\\\/globe-europe.nl\\\/#website\"},\"primaryImageOfPage\":{\"@id\":\"https:\\\/\\\/globe-europe.nl\\\/product\\\/eggenberg-25-dlg-spiraalborenset-hss-co5-m35-din338-1-13-mm\\\/#primaryimage\"},\"image\":{\"@id\":\"https:\\\/\\\/globe-europe.nl\\\/product\\\/eggenberg-25-dlg-spiraalborenset-hss-co5-m35-din338-1-13-mm\\\/#primaryimage\"},\"thumbnailUrl\":\"https:\\\/\\\/globe-europe.nl\\\/wp-content\\\/uploads\\\/2025\\\/02\\\/Eggenberg-25-dlg-Spiraalborenset.png\",\"datePublished\":\"2025-02-04T09:43:52+00:00\",\"dateModified\":\"2026-02-27T10:25:31+00:00\",\"description\":\"Eggenberg 25-delige HSS Co5% M35 spiraalborenset (1-13 mm). Zelfcentrerende 135\u00b0 split-point voor precisieboringen in metaal, RVS en kunststof.\",\"breadcrumb\":{\"@id\":\"https:\\\/\\\/globe-europe.nl\\\/product\\\/eggenberg-25-dlg-spiraalborenset-hss-co5-m35-din338-1-13-mm\\\/#breadcrumb\"},\"inLanguage\":\"de\",\"potentialAction\":[{\"@type\":\"ReadAction\",\"target\":[\"https:\\\/\\\/globe-europe.nl\\\/product\\\/eggenberg-25-dlg-spiraalborenset-hss-co5-m35-din338-1-13-mm\\\/\"]}]},{\"@type\":\"ImageObject\",\"inLanguage\":\"de\",\"@id\":\"https:\\\/\\\/globe-europe.nl\\\/product\\\/eggenberg-25-dlg-spiraalborenset-hss-co5-m35-din338-1-13-mm\\\/#primaryimage\",\"url\":\"https:\\\/\\\/globe-europe.nl\\\/wp-content\\\/uploads\\\/2025\\\/02\\\/Eggenberg-25-dlg-Spiraalborenset.png\",\"contentUrl\":\"https:\\\/\\\/globe-europe.nl\\\/wp-content\\\/uploads\\\/2025\\\/02\\\/Eggenberg-25-dlg-Spiraalborenset.png\",\"width\":700,\"height\":700},{\"@type\":\"BreadcrumbList\",\"@id\":\"https:\\\/\\\/globe-europe.nl\\\/product\\\/eggenberg-25-dlg-spiraalborenset-hss-co5-m35-din338-1-13-mm\\\/#breadcrumb\",\"itemListElement\":[{\"@type\":\"ListItem\",\"position\":1,\"name\":\"Home\",\"item\":\"https:\\\/\\\/globe-europe.nl\\\/\"},{\"@type\":\"ListItem\",\"position\":2,\"name\":\"Winkel\",\"item\":\"https:\\\/\\\/globe-europe.nl\\\/winkel\\\/\"},{\"@type\":\"ListItem\",\"position\":3,\"name\":\"Eggenberg 25 dlg Spiraalborenset HSS Co5% M35 DIN338 &#8211; 1-13 mm\"}]},{\"@type\":\"WebSite\",\"@id\":\"https:\\\/\\\/globe-europe.nl\\\/#website\",\"url\":\"https:\\\/\\\/globe-europe.nl\\\/\",\"name\":\"Globe Europe\",\"description\":\"\",\"publisher\":{\"@id\":\"https:\\\/\\\/globe-europe.nl\\\/#organization\"},\"potentialAction\":[{\"@type\":\"SearchAction\",\"target\":{\"@type\":\"EntryPoint\",\"urlTemplate\":\"https:\\\/\\\/globe-europe.nl\\\/?s={search_term_string}\"},\"query-input\":{\"@type\":\"PropertyValueSpecification\",\"valueRequired\":true,\"valueName\":\"search_term_string\"}}],\"inLanguage\":\"de\"},{\"@type\":\"Organization\",\"@id\":\"https:\\\/\\\/globe-europe.nl\\\/#organization\",\"name\":\"Globe Europe\",\"url\":\"https:\\\/\\\/globe-europe.nl\\\/\",\"logo\":{\"@type\":\"ImageObject\",\"inLanguage\":\"de\",\"@id\":\"https:\\\/\\\/globe-europe.nl\\\/#\\\/schema\\\/logo\\\/image\\\/\",\"url\":\"https:\\\/\\\/globe-europe.nl\\\/wp-content\\\/uploads\\\/2025\\\/02\\\/GLOBE-LOGO-WEB-GROOT.png\",\"contentUrl\":\"https:\\\/\\\/globe-europe.nl\\\/wp-content\\\/uploads\\\/2025\\\/02\\\/GLOBE-LOGO-WEB-GROOT.png\",\"width\":938,\"height\":404,\"caption\":\"Globe Europe\"},\"image\":{\"@id\":\"https:\\\/\\\/globe-europe.nl\\\/#\\\/schema\\\/logo\\\/image\\\/\"}}]}<\/script>\n<!-- \/ Yoast SEO plugin. -->","yoast_head_json":{"title":"Eggenberg 25-teiliger HSS Co5% M35 Spiralbohrer-Satz | 1-13 mm - Globus Europa","description":"Eggenberg 25-teiliges HSS Co5% M35 Spiralbohrer-Set (1-13 mm). Selbstzentrierende 135\u00b0-Spitze f\u00fcr Pr\u00e4zisionsbohrungen in Metall, Edelstahl und Kunststoff.","robots":{"index":"index","follow":"follow","max-snippet":"max-snippet:-1","max-image-preview":"max-image-preview:large","max-video-preview":"max-video-preview:-1"},"canonical":"https:\/\/globe-europe.nl\/de\/produkt\/eggenberg-6038twin-tragbare-bandsaege-metall-105-mm-850w\/","og_locale":"de_DE","og_type":"article","og_title":"Eggenberg 25-delige HSS Co5% M35 Spiraalborenset | 1-13 mm - Globe Europe","og_description":"Eggenberg 25-delige HSS Co5% M35 spiraalborenset (1-13 mm). Zelfcentrerende 135\u00b0 split-point voor precisieboringen in metaal, RVS en kunststof.","og_url":"https:\/\/globe-europe.nl\/de\/produkt\/eggenberg-6038twin-tragbare-bandsaege-metall-105-mm-850w\/","og_site_name":"Globe Europe","article_modified_time":"2026-02-27T10:25:31+00:00","og_image":[{"width":700,"height":700,"url":"https:\/\/globe-europe.nl\/wp-content\/uploads\/2025\/02\/Eggenberg-25-dlg-Spiraalborenset.png","type":"image\/png"}],"twitter_card":"summary_large_image","twitter_misc":{"Gesch\u00e4tzte Lesezeit":"2\u00a0Minuten"},"schema":{"@context":"https:\/\/schema.org","@graph":[{"@type":"WebPage","@id":"https:\/\/globe-europe.nl\/product\/eggenberg-25-dlg-spiraalborenset-hss-co5-m35-din338-1-13-mm\/","url":"https:\/\/globe-europe.nl\/product\/eggenberg-25-dlg-spiraalborenset-hss-co5-m35-din338-1-13-mm\/","name":"Eggenberg 25-teiliger HSS Co5% M35 Spiralbohrer-Satz | 1-13 mm - Globus Europa","isPartOf":{"@id":"https:\/\/globe-europe.nl\/#website"},"primaryImageOfPage":{"@id":"https:\/\/globe-europe.nl\/product\/eggenberg-25-dlg-spiraalborenset-hss-co5-m35-din338-1-13-mm\/#primaryimage"},"image":{"@id":"https:\/\/globe-europe.nl\/product\/eggenberg-25-dlg-spiraalborenset-hss-co5-m35-din338-1-13-mm\/#primaryimage"},"thumbnailUrl":"https:\/\/globe-europe.nl\/wp-content\/uploads\/2025\/02\/Eggenberg-25-dlg-Spiraalborenset.png","datePublished":"2025-02-04T09:43:52+00:00","dateModified":"2026-02-27T10:25:31+00:00","description":"Eggenberg 25-teiliges HSS Co5% M35 Spiralbohrer-Set (1-13 mm). Selbstzentrierende 135\u00b0-Spitze f\u00fcr Pr\u00e4zisionsbohrungen in Metall, Edelstahl und Kunststoff.","breadcrumb":{"@id":"https:\/\/globe-europe.nl\/product\/eggenberg-25-dlg-spiraalborenset-hss-co5-m35-din338-1-13-mm\/#breadcrumb"},"inLanguage":"de","potentialAction":[{"@type":"ReadAction","target":["https:\/\/globe-europe.nl\/product\/eggenberg-25-dlg-spiraalborenset-hss-co5-m35-din338-1-13-mm\/"]}]},{"@type":"ImageObject","inLanguage":"de","@id":"https:\/\/globe-europe.nl\/product\/eggenberg-25-dlg-spiraalborenset-hss-co5-m35-din338-1-13-mm\/#primaryimage","url":"https:\/\/globe-europe.nl\/wp-content\/uploads\/2025\/02\/Eggenberg-25-dlg-Spiraalborenset.png","contentUrl":"https:\/\/globe-europe.nl\/wp-content\/uploads\/2025\/02\/Eggenberg-25-dlg-Spiraalborenset.png","width":700,"height":700},{"@type":"BreadcrumbList","@id":"https:\/\/globe-europe.nl\/product\/eggenberg-25-dlg-spiraalborenset-hss-co5-m35-din338-1-13-mm\/#breadcrumb","itemListElement":[{"@type":"ListItem","position":1,"name":"Home","item":"https:\/\/globe-europe.nl\/"},{"@type":"ListItem","position":2,"name":"Winkel","item":"https:\/\/globe-europe.nl\/winkel\/"},{"@type":"ListItem","position":3,"name":"Eggenberg 25 dlg Spiraalborenset HSS Co5% M35 DIN338 &#8211; 1-13 mm"}]},{"@type":"WebSite","@id":"https:\/\/globe-europe.nl\/#website","url":"https:\/\/globe-europe.nl\/","name":"Globe Europe","description":"","publisher":{"@id":"https:\/\/globe-europe.nl\/#organization"},"potentialAction":[{"@type":"SearchAction","target":{"@type":"EntryPoint","urlTemplate":"https:\/\/globe-europe.nl\/?s={search_term_string}"},"query-input":{"@type":"PropertyValueSpecification","valueRequired":true,"valueName":"search_term_string"}}],"inLanguage":"de"},{"@type":"Organization","@id":"https:\/\/globe-europe.nl\/#organization","name":"Globe Europe","url":"https:\/\/globe-europe.nl\/","logo":{"@type":"ImageObject","inLanguage":"de","@id":"https:\/\/globe-europe.nl\/#\/schema\/logo\/image\/","url":"https:\/\/globe-europe.nl\/wp-content\/uploads\/2025\/02\/GLOBE-LOGO-WEB-GROOT.png","contentUrl":"https:\/\/globe-europe.nl\/wp-content\/uploads\/2025\/02\/GLOBE-LOGO-WEB-GROOT.png","width":938,"height":404,"caption":"Globe Europe"},"image":{"@id":"https:\/\/globe-europe.nl\/#\/schema\/logo\/image\/"}}]}},"_links":{"self":[{"href":"https:\/\/globe-europe.nl\/de\/wp-json\/wp\/v2\/product\/446","targetHints":{"allow":["GET"]}}],"collection":[{"href":"https:\/\/globe-europe.nl\/de\/wp-json\/wp\/v2\/product"}],"about":[{"href":"https:\/\/globe-europe.nl\/de\/wp-json\/wp\/v2\/types\/product"}],"replies":[{"embeddable":true,"href":"https:\/\/globe-europe.nl\/de\/wp-json\/wp\/v2\/comments?post=446"}],"wp:featuredmedia":[{"embeddable":true,"href":"https:\/\/globe-europe.nl\/de\/wp-json\/wp\/v2\/media\/650"}],"wp:attachment":[{"href":"https:\/\/globe-europe.nl\/de\/wp-json\/wp\/v2\/media?parent=446"}],"wp:term":[{"taxonomy":"product_brand","embeddable":true,"href":"https:\/\/globe-europe.nl\/de\/wp-json\/wp\/v2\/product_brand?post=446"},{"taxonomy":"product_cat","embeddable":true,"href":"https:\/\/globe-europe.nl\/de\/wp-json\/wp\/v2\/product_cat?post=446"},{"taxonomy":"product_tag","embeddable":true,"href":"https:\/\/globe-europe.nl\/de\/wp-json\/wp\/v2\/product_tag?post=446"}],"curies":[{"name":"wp","href":"https:\/\/api.w.org\/{rel}","templated":true}]}}