{"id":453,"date":"2025-02-04T09:43:58","date_gmt":"2025-02-04T09:43:58","guid":{"rendered":"https:\/\/globe-europe.nl\/product\/eggenberg-7dlg-tappenset-hss-co5-m35-m3-12\/"},"modified":"2025-10-10T11:00:11","modified_gmt":"2025-10-10T11:00:11","slug":"eggenberg-7tlg-gewindebohrer-set-hss-co5-m35-m3-12","status":"publish","type":"product","link":"https:\/\/globe-europe.nl\/de\/product\/eggenberg-7dlg-tappenset-hss-co5-m35-m3-12\/","title":{"rendered":"Eggenberg 7-teiliger Gewindeschneidsatz HSS Co5% M35 - M3-12"},"content":{"rendered":"<h1><span style=\"font-size: 30px;\"><strong>Eigenschaften Eggenberg 7dlg Gewindeschneidsatz HSS Co5% M35 - M3-12<\/strong><\/span><\/h1>\n<p>HSS Cobalt 5% Maschinengewindebohrer werden aus hochwertigem legiertem Schnelldrehstahl hergestellt. Durch die Zugabe von Kobalt wird eine sehr hohe H\u00e4rte erreicht, um auch schwer zu bearbeitende St\u00e4hle zu bew\u00e4ltigen. Durch den Vollschliff w\u00e4hrend des Produktionsprozesses entsteht ein sehr scharfer Bohrer mit hoher Pr\u00e4zision. Sehr gut geeignet f\u00fcr den Einsatz in legierten St\u00e4hlen und schwer zerspanbaren St\u00e4hlen wie Edelstahl.<\/p>\n<ul>\n<li>Besteht aus dem starken Werkstoff Kobalt (M35). M35 ist \u00e4hnlich wie M2, enth\u00e4lt aber zus\u00e4tzlich 5% Kobalt. M35 ist auch als Kobaltstahl, HSSE oder HSS-E bekannt. Er schneidet schneller und h\u00e4lt l\u00e4nger als M2.<\/li>\n<li>Verschiedene Gr\u00f6\u00dfen; M3-M12<\/li>\n<\/ul>\n<p><strong><img loading=\"lazy\" decoding=\"async\" class=\"aligncenter wp-image-385005\" src=\"https:\/\/bjctools.nl\/wp-content\/uploads\/2021\/08\/TAPPENSET-6.png\" alt=\"\" width=\"800\" height=\"4438\" \/><\/strong><\/p>","protected":false},"excerpt":{"rendered":"<p>Kenmerken Eggenberg 7dlg Tappenset HSS Co5% M35 &#8211; M3-12 HSS Cobalt 5% machinetappen zijn vervaardigd uit hoogwaardig gelegeerd sneldraaistaal. Door het toevoegen van Cobalt wordt een zeer hoge hardheid bereikt om moeilijk te verspanen staalsoorten aan te kunnen. Door het volledig slijpen tijdens het productieproces ontstaat een zeer scherpe boor met een hoge precisie. Zeer [&hellip;]<\/p>\n","protected":false},"featured_media":452,"comment_status":"open","ping_status":"closed","template":"","meta":[],"product_brand":[22],"product_cat":[333,42,41],"product_tag":[],"class_list":{"0":"post-453","1":"product","2":"type-product","3":"status-publish","4":"has-post-thumbnail","6":"product_brand-eggenberg","7":"product_cat-boren-tappen","8":"product_cat-machinetappen","9":"product_cat-verbruiksartikelen","11":"first","12":"instock","13":"shipping-taxable","14":"product-type-simple"},"ct_brands":[{"id":22,"name":"EGGENBERG","slug":"eggenberg"}],"yoast_head":"<!-- This site is optimized with the Yoast SEO plugin v27.3 - https:\/\/yoast.com\/product\/yoast-seo-wordpress\/ -->\n<title>Eggenberg 7-delige Tappenset HSS Co5% M35 | M3-M12 - Globe Europe<\/title>\n<meta name=\"description\" content=\"Eggenberg 7-delige HSS Co5% M35 tappenset voor gelegeerde en moeilijk te verspanen staalsoorten. Hoge precisie, lange levensduur en geschikt voor RVS.\" \/>\n<meta name=\"robots\" content=\"index, follow, max-snippet:-1, max-image-preview:large, max-video-preview:-1\" \/>\n<link rel=\"canonical\" href=\"https:\/\/globe-europe.nl\/de\/produkt\/eggenberg-7tlg-gewindebohrer-set-hss-co5-m35-m3-12\/\" \/>\n<meta property=\"og:locale\" content=\"de_DE\" \/>\n<meta property=\"og:type\" content=\"article\" \/>\n<meta property=\"og:title\" content=\"Eggenberg 7-delige Tappenset HSS Co5% M35 | M3-M12 - Globe Europe\" \/>\n<meta property=\"og:description\" content=\"Eggenberg 7-delige HSS Co5% M35 tappenset voor gelegeerde en moeilijk te verspanen staalsoorten. Hoge precisie, lange levensduur en geschikt voor RVS.\" \/>\n<meta property=\"og:url\" content=\"https:\/\/globe-europe.nl\/de\/produkt\/eggenberg-7tlg-gewindebohrer-set-hss-co5-m35-m3-12\/\" \/>\n<meta property=\"og:site_name\" content=\"Globe Europe\" \/>\n<meta property=\"article:modified_time\" content=\"2025-10-10T11:00:11+00:00\" \/>\n<meta property=\"og:image\" content=\"https:\/\/globe-europe.nl\/wp-content\/uploads\/2025\/02\/123.png\" \/>\n\t<meta property=\"og:image:width\" content=\"700\" \/>\n\t<meta property=\"og:image:height\" content=\"700\" \/>\n\t<meta property=\"og:image:type\" content=\"image\/png\" \/>\n<meta name=\"twitter:card\" content=\"summary_large_image\" \/>\n<meta name=\"twitter:label1\" content=\"Gesch\u00e4tzte Lesezeit\" \/>\n\t<meta name=\"twitter:data1\" content=\"1\u00a0Minute\" \/>\n<script type=\"application\/ld+json\" class=\"yoast-schema-graph\">{\"@context\":\"https:\\\/\\\/schema.org\",\"@graph\":[{\"@type\":\"WebPage\",\"@id\":\"https:\\\/\\\/globe-europe.nl\\\/product\\\/eggenberg-7dlg-tappenset-hss-co5-m35-m3-12\\\/\",\"url\":\"https:\\\/\\\/globe-europe.nl\\\/product\\\/eggenberg-7dlg-tappenset-hss-co5-m35-m3-12\\\/\",\"name\":\"Eggenberg 7-delige Tappenset HSS Co5% M35 | M3-M12 - Globe Europe\",\"isPartOf\":{\"@id\":\"https:\\\/\\\/globe-europe.nl\\\/#website\"},\"primaryImageOfPage\":{\"@id\":\"https:\\\/\\\/globe-europe.nl\\\/product\\\/eggenberg-7dlg-tappenset-hss-co5-m35-m3-12\\\/#primaryimage\"},\"image\":{\"@id\":\"https:\\\/\\\/globe-europe.nl\\\/product\\\/eggenberg-7dlg-tappenset-hss-co5-m35-m3-12\\\/#primaryimage\"},\"thumbnailUrl\":\"https:\\\/\\\/globe-europe.nl\\\/wp-content\\\/uploads\\\/2025\\\/02\\\/123.png\",\"datePublished\":\"2025-02-04T09:43:58+00:00\",\"dateModified\":\"2025-10-10T11:00:11+00:00\",\"description\":\"Eggenberg 7-delige HSS Co5% M35 tappenset voor gelegeerde en moeilijk te verspanen staalsoorten. Hoge precisie, lange levensduur en geschikt voor RVS.\",\"breadcrumb\":{\"@id\":\"https:\\\/\\\/globe-europe.nl\\\/product\\\/eggenberg-7dlg-tappenset-hss-co5-m35-m3-12\\\/#breadcrumb\"},\"inLanguage\":\"de\",\"potentialAction\":[{\"@type\":\"ReadAction\",\"target\":[\"https:\\\/\\\/globe-europe.nl\\\/product\\\/eggenberg-7dlg-tappenset-hss-co5-m35-m3-12\\\/\"]}]},{\"@type\":\"ImageObject\",\"inLanguage\":\"de\",\"@id\":\"https:\\\/\\\/globe-europe.nl\\\/product\\\/eggenberg-7dlg-tappenset-hss-co5-m35-m3-12\\\/#primaryimage\",\"url\":\"https:\\\/\\\/globe-europe.nl\\\/wp-content\\\/uploads\\\/2025\\\/02\\\/123.png\",\"contentUrl\":\"https:\\\/\\\/globe-europe.nl\\\/wp-content\\\/uploads\\\/2025\\\/02\\\/123.png\",\"width\":700,\"height\":700},{\"@type\":\"BreadcrumbList\",\"@id\":\"https:\\\/\\\/globe-europe.nl\\\/product\\\/eggenberg-7dlg-tappenset-hss-co5-m35-m3-12\\\/#breadcrumb\",\"itemListElement\":[{\"@type\":\"ListItem\",\"position\":1,\"name\":\"Home\",\"item\":\"https:\\\/\\\/globe-europe.nl\\\/\"},{\"@type\":\"ListItem\",\"position\":2,\"name\":\"Winkel\",\"item\":\"https:\\\/\\\/globe-europe.nl\\\/winkel\\\/\"},{\"@type\":\"ListItem\",\"position\":3,\"name\":\"Eggenberg 7dlg tappenset HSS Co5% M35 &#8211; M3-12\"}]},{\"@type\":\"WebSite\",\"@id\":\"https:\\\/\\\/globe-europe.nl\\\/#website\",\"url\":\"https:\\\/\\\/globe-europe.nl\\\/\",\"name\":\"Globe Europe\",\"description\":\"\",\"publisher\":{\"@id\":\"https:\\\/\\\/globe-europe.nl\\\/#organization\"},\"potentialAction\":[{\"@type\":\"SearchAction\",\"target\":{\"@type\":\"EntryPoint\",\"urlTemplate\":\"https:\\\/\\\/globe-europe.nl\\\/?s={search_term_string}\"},\"query-input\":{\"@type\":\"PropertyValueSpecification\",\"valueRequired\":true,\"valueName\":\"search_term_string\"}}],\"inLanguage\":\"de\"},{\"@type\":\"Organization\",\"@id\":\"https:\\\/\\\/globe-europe.nl\\\/#organization\",\"name\":\"Globe Europe\",\"url\":\"https:\\\/\\\/globe-europe.nl\\\/\",\"logo\":{\"@type\":\"ImageObject\",\"inLanguage\":\"de\",\"@id\":\"https:\\\/\\\/globe-europe.nl\\\/#\\\/schema\\\/logo\\\/image\\\/\",\"url\":\"https:\\\/\\\/globe-europe.nl\\\/wp-content\\\/uploads\\\/2025\\\/02\\\/GLOBE-LOGO-WEB-GROOT.png\",\"contentUrl\":\"https:\\\/\\\/globe-europe.nl\\\/wp-content\\\/uploads\\\/2025\\\/02\\\/GLOBE-LOGO-WEB-GROOT.png\",\"width\":938,\"height\":404,\"caption\":\"Globe Europe\"},\"image\":{\"@id\":\"https:\\\/\\\/globe-europe.nl\\\/#\\\/schema\\\/logo\\\/image\\\/\"}}]}<\/script>\n<!-- \/ Yoast SEO plugin. -->","yoast_head_json":{"title":"Eggenberg 7-teiliger Bolzensatz HSS Co5% M35 | M3-M12 - Globus Europa","description":"Eggenberg 7-teiliger HSS Co5% M35 Gewindeschneidsatz f\u00fcr legierte und schwer zerspanbare St\u00e4hle. Hohe Pr\u00e4zision, lange Lebensdauer und geeignet f\u00fcr rostfreien Stahl.","robots":{"index":"index","follow":"follow","max-snippet":"max-snippet:-1","max-image-preview":"max-image-preview:large","max-video-preview":"max-video-preview:-1"},"canonical":"https:\/\/globe-europe.nl\/de\/produkt\/eggenberg-7tlg-gewindebohrer-set-hss-co5-m35-m3-12\/","og_locale":"de_DE","og_type":"article","og_title":"Eggenberg 7-delige Tappenset HSS Co5% M35 | M3-M12 - Globe Europe","og_description":"Eggenberg 7-delige HSS Co5% M35 tappenset voor gelegeerde en moeilijk te verspanen staalsoorten. Hoge precisie, lange levensduur en geschikt voor RVS.","og_url":"https:\/\/globe-europe.nl\/de\/produkt\/eggenberg-7tlg-gewindebohrer-set-hss-co5-m35-m3-12\/","og_site_name":"Globe Europe","article_modified_time":"2025-10-10T11:00:11+00:00","og_image":[{"width":700,"height":700,"url":"https:\/\/globe-europe.nl\/wp-content\/uploads\/2025\/02\/123.png","type":"image\/png"}],"twitter_card":"summary_large_image","twitter_misc":{"Gesch\u00e4tzte Lesezeit":"1\u00a0Minute"},"schema":{"@context":"https:\/\/schema.org","@graph":[{"@type":"WebPage","@id":"https:\/\/globe-europe.nl\/product\/eggenberg-7dlg-tappenset-hss-co5-m35-m3-12\/","url":"https:\/\/globe-europe.nl\/product\/eggenberg-7dlg-tappenset-hss-co5-m35-m3-12\/","name":"Eggenberg 7-teiliger Bolzensatz HSS Co5% M35 | M3-M12 - Globus Europa","isPartOf":{"@id":"https:\/\/globe-europe.nl\/#website"},"primaryImageOfPage":{"@id":"https:\/\/globe-europe.nl\/product\/eggenberg-7dlg-tappenset-hss-co5-m35-m3-12\/#primaryimage"},"image":{"@id":"https:\/\/globe-europe.nl\/product\/eggenberg-7dlg-tappenset-hss-co5-m35-m3-12\/#primaryimage"},"thumbnailUrl":"https:\/\/globe-europe.nl\/wp-content\/uploads\/2025\/02\/123.png","datePublished":"2025-02-04T09:43:58+00:00","dateModified":"2025-10-10T11:00:11+00:00","description":"Eggenberg 7-teiliger HSS Co5% M35 Gewindeschneidsatz f\u00fcr legierte und schwer zerspanbare St\u00e4hle. Hohe Pr\u00e4zision, lange Lebensdauer und geeignet f\u00fcr rostfreien Stahl.","breadcrumb":{"@id":"https:\/\/globe-europe.nl\/product\/eggenberg-7dlg-tappenset-hss-co5-m35-m3-12\/#breadcrumb"},"inLanguage":"de","potentialAction":[{"@type":"ReadAction","target":["https:\/\/globe-europe.nl\/product\/eggenberg-7dlg-tappenset-hss-co5-m35-m3-12\/"]}]},{"@type":"ImageObject","inLanguage":"de","@id":"https:\/\/globe-europe.nl\/product\/eggenberg-7dlg-tappenset-hss-co5-m35-m3-12\/#primaryimage","url":"https:\/\/globe-europe.nl\/wp-content\/uploads\/2025\/02\/123.png","contentUrl":"https:\/\/globe-europe.nl\/wp-content\/uploads\/2025\/02\/123.png","width":700,"height":700},{"@type":"BreadcrumbList","@id":"https:\/\/globe-europe.nl\/product\/eggenberg-7dlg-tappenset-hss-co5-m35-m3-12\/#breadcrumb","itemListElement":[{"@type":"ListItem","position":1,"name":"Home","item":"https:\/\/globe-europe.nl\/"},{"@type":"ListItem","position":2,"name":"Winkel","item":"https:\/\/globe-europe.nl\/winkel\/"},{"@type":"ListItem","position":3,"name":"Eggenberg 7dlg tappenset HSS Co5% M35 &#8211; M3-12"}]},{"@type":"WebSite","@id":"https:\/\/globe-europe.nl\/#website","url":"https:\/\/globe-europe.nl\/","name":"Globe Europe","description":"","publisher":{"@id":"https:\/\/globe-europe.nl\/#organization"},"potentialAction":[{"@type":"SearchAction","target":{"@type":"EntryPoint","urlTemplate":"https:\/\/globe-europe.nl\/?s={search_term_string}"},"query-input":{"@type":"PropertyValueSpecification","valueRequired":true,"valueName":"search_term_string"}}],"inLanguage":"de"},{"@type":"Organization","@id":"https:\/\/globe-europe.nl\/#organization","name":"Globe Europe","url":"https:\/\/globe-europe.nl\/","logo":{"@type":"ImageObject","inLanguage":"de","@id":"https:\/\/globe-europe.nl\/#\/schema\/logo\/image\/","url":"https:\/\/globe-europe.nl\/wp-content\/uploads\/2025\/02\/GLOBE-LOGO-WEB-GROOT.png","contentUrl":"https:\/\/globe-europe.nl\/wp-content\/uploads\/2025\/02\/GLOBE-LOGO-WEB-GROOT.png","width":938,"height":404,"caption":"Globe Europe"},"image":{"@id":"https:\/\/globe-europe.nl\/#\/schema\/logo\/image\/"}}]}},"_links":{"self":[{"href":"https:\/\/globe-europe.nl\/de\/wp-json\/wp\/v2\/product\/453","targetHints":{"allow":["GET"]}}],"collection":[{"href":"https:\/\/globe-europe.nl\/de\/wp-json\/wp\/v2\/product"}],"about":[{"href":"https:\/\/globe-europe.nl\/de\/wp-json\/wp\/v2\/types\/product"}],"replies":[{"embeddable":true,"href":"https:\/\/globe-europe.nl\/de\/wp-json\/wp\/v2\/comments?post=453"}],"wp:featuredmedia":[{"embeddable":true,"href":"https:\/\/globe-europe.nl\/de\/wp-json\/wp\/v2\/media\/452"}],"wp:attachment":[{"href":"https:\/\/globe-europe.nl\/de\/wp-json\/wp\/v2\/media?parent=453"}],"wp:term":[{"taxonomy":"product_brand","embeddable":true,"href":"https:\/\/globe-europe.nl\/de\/wp-json\/wp\/v2\/product_brand?post=453"},{"taxonomy":"product_cat","embeddable":true,"href":"https:\/\/globe-europe.nl\/de\/wp-json\/wp\/v2\/product_cat?post=453"},{"taxonomy":"product_tag","embeddable":true,"href":"https:\/\/globe-europe.nl\/de\/wp-json\/wp\/v2\/product_tag?post=453"}],"curies":[{"name":"wp","href":"https:\/\/api.w.org\/{rel}","templated":true}]}}