{"id":464,"date":"2025-02-04T09:44:07","date_gmt":"2025-02-04T09:44:07","guid":{"rendered":"https:\/\/globe-europe.nl\/product\/eggenberg-af-non-woven-schuurrol-100-x-10000-mm-af\/"},"modified":"2026-02-27T10:24:54","modified_gmt":"2026-02-27T10:24:54","slug":"eggenberg-af-vlies-schleifrolle-100-x-10000-mm","status":"publish","type":"product","link":"https:\/\/globe-europe.nl\/de\/product\/eggenberg-af-non-woven-schuurrol-100-x-10000-mm-af\/","title":{"rendered":"Eggenberg AF Vlies-Schleifwalze - 100 x 10000 mm - AF"},"content":{"rendered":"<p><strong>Eigenschaften Eggenberg AF Vlies-Schleifwalze - 100 x 10000 mm - AF<\/strong><\/p>\n<ul>\n<li>Die Nylonfasern werden mit einem w\u00e4rmeh\u00e4rtenden Harz zu einer dreidimensionalen Vliesstruktur verbunden und sind in verschiedenen K\u00f6rnungen mit Aluminiumoxidkorn erh\u00e4ltlich. Das Ergebnis ist ein federndes Schleifmaterial mit offener Struktur, das sehr komfortabel arbeitet und ein gleichm\u00e4\u00dfiges und konsistentes Ergebnis liefert. Das Tex-Material beeintr\u00e4chtigt die geometrische Form der Werkst\u00fccke nicht. A\/O erzielt ein gutes Finish bei langer Standzeit.<\/li>\n<li style=\"list-style-type: none;\">\n<ul>\n<li>AF - Aluminiumoxid Fein<\/li>\n<\/ul>\n<\/li>\n<\/ul>\n<p><strong>Technische Daten<\/strong><\/p>\n<ul>\n<li>Abmessungen - 100 x 10000 mm<\/li>\n<li>K\u00f6rner - AF<\/li>\n<\/ul>\n<p><strong>Umfang der Lieferung<\/strong><\/p>\n<ul>\n<li>Eggenberg Non Woven Rolle - 100 x 10000 mm - AF<\/li>\n<\/ul>","protected":false},"excerpt":{"rendered":"<p>Kenmerken Eggenberg AF Non Woven Schuurrol &#8211; 100 x 10000 mm &#8211; AF De nylonvezels zijn met een thermohardende hars samengevoegd tot een driedimensionale webstructuur en zijn beschikbaar in diverse korrelgroftes met een\u00a0aluminiumoxide korrel. Het resultaat is een verend schuurmateriaal met een open structuur dat heel comfortabel werkt en een uniforme en constante finish geeft. [&hellip;]<\/p>\n","protected":false},"featured_media":463,"comment_status":"open","ping_status":"closed","template":"","meta":[],"product_brand":[22],"product_cat":[37,335,41],"product_tag":[],"class_list":{"0":"post-464","1":"product","2":"type-product","3":"status-publish","4":"has-post-thumbnail","6":"product_brand-eggenberg","7":"product_cat-schuur-slijpmiddelen","8":"product_cat-schuurrol","9":"product_cat-verbruiksartikelen","11":"first","12":"instock","13":"shipping-taxable","14":"product-type-simple"},"ct_brands":[{"id":22,"name":"EGGENBERG","slug":"eggenberg"}],"yoast_head":"<!-- This site is optimized with the Yoast SEO plugin v27.3 - https:\/\/yoast.com\/product\/yoast-seo-wordpress\/ -->\n<title>Eggenberg AF Non Woven Schuurrol - 100 x 10000 mm - AF - Globe Europe<\/title>\n<meta name=\"robots\" content=\"index, follow, max-snippet:-1, max-image-preview:large, max-video-preview:-1\" \/>\n<link rel=\"canonical\" href=\"https:\/\/globe-europe.nl\/de\/produkt\/eggenberg-af-vlies-schleifrolle-100-x-10000-mm\/\" \/>\n<meta property=\"og:locale\" content=\"de_DE\" \/>\n<meta property=\"og:type\" content=\"article\" \/>\n<meta property=\"og:title\" content=\"Eggenberg AF Non Woven Schuurrol - 100 x 10000 mm - AF - Globe Europe\" \/>\n<meta property=\"og:description\" content=\"Kenmerken Eggenberg AF Non Woven Schuurrol &#8211; 100 x 10000 mm &#8211; AF De nylonvezels zijn met een thermohardende hars samengevoegd tot een driedimensionale webstructuur en zijn beschikbaar in diverse korrelgroftes met een\u00a0aluminiumoxide korrel. Het resultaat is een verend schuurmateriaal met een open structuur dat heel comfortabel werkt en een uniforme en constante finish geeft. [&hellip;]\" \/>\n<meta property=\"og:url\" content=\"https:\/\/globe-europe.nl\/de\/produkt\/eggenberg-af-vlies-schleifrolle-100-x-10000-mm\/\" \/>\n<meta property=\"og:site_name\" content=\"Globe Europe\" \/>\n<meta property=\"article:modified_time\" content=\"2026-02-27T10:24:54+00:00\" \/>\n<meta property=\"og:image\" content=\"https:\/\/globe-europe.nl\/wp-content\/uploads\/2025\/02\/225.jpg\" \/>\n\t<meta property=\"og:image:width\" content=\"700\" \/>\n\t<meta property=\"og:image:height\" content=\"700\" \/>\n\t<meta property=\"og:image:type\" content=\"image\/jpeg\" \/>\n<meta name=\"twitter:card\" content=\"summary_large_image\" \/>\n<meta name=\"twitter:label1\" content=\"Gesch\u00e4tzte Lesezeit\" \/>\n\t<meta name=\"twitter:data1\" content=\"1\u00a0Minute\" \/>\n<script type=\"application\/ld+json\" class=\"yoast-schema-graph\">{\"@context\":\"https:\\\/\\\/schema.org\",\"@graph\":[{\"@type\":\"WebPage\",\"@id\":\"https:\\\/\\\/globe-europe.nl\\\/product\\\/eggenberg-af-non-woven-schuurrol-100-x-10000-mm-af\\\/\",\"url\":\"https:\\\/\\\/globe-europe.nl\\\/product\\\/eggenberg-af-non-woven-schuurrol-100-x-10000-mm-af\\\/\",\"name\":\"Eggenberg AF Non Woven Schuurrol - 100 x 10000 mm - AF - Globe Europe\",\"isPartOf\":{\"@id\":\"https:\\\/\\\/globe-europe.nl\\\/#website\"},\"primaryImageOfPage\":{\"@id\":\"https:\\\/\\\/globe-europe.nl\\\/product\\\/eggenberg-af-non-woven-schuurrol-100-x-10000-mm-af\\\/#primaryimage\"},\"image\":{\"@id\":\"https:\\\/\\\/globe-europe.nl\\\/product\\\/eggenberg-af-non-woven-schuurrol-100-x-10000-mm-af\\\/#primaryimage\"},\"thumbnailUrl\":\"https:\\\/\\\/globe-europe.nl\\\/wp-content\\\/uploads\\\/2025\\\/02\\\/225.jpg\",\"datePublished\":\"2025-02-04T09:44:07+00:00\",\"dateModified\":\"2026-02-27T10:24:54+00:00\",\"breadcrumb\":{\"@id\":\"https:\\\/\\\/globe-europe.nl\\\/product\\\/eggenberg-af-non-woven-schuurrol-100-x-10000-mm-af\\\/#breadcrumb\"},\"inLanguage\":\"de\",\"potentialAction\":[{\"@type\":\"ReadAction\",\"target\":[\"https:\\\/\\\/globe-europe.nl\\\/product\\\/eggenberg-af-non-woven-schuurrol-100-x-10000-mm-af\\\/\"]}]},{\"@type\":\"ImageObject\",\"inLanguage\":\"de\",\"@id\":\"https:\\\/\\\/globe-europe.nl\\\/product\\\/eggenberg-af-non-woven-schuurrol-100-x-10000-mm-af\\\/#primaryimage\",\"url\":\"https:\\\/\\\/globe-europe.nl\\\/wp-content\\\/uploads\\\/2025\\\/02\\\/225.jpg\",\"contentUrl\":\"https:\\\/\\\/globe-europe.nl\\\/wp-content\\\/uploads\\\/2025\\\/02\\\/225.jpg\",\"width\":700,\"height\":700},{\"@type\":\"BreadcrumbList\",\"@id\":\"https:\\\/\\\/globe-europe.nl\\\/product\\\/eggenberg-af-non-woven-schuurrol-100-x-10000-mm-af\\\/#breadcrumb\",\"itemListElement\":[{\"@type\":\"ListItem\",\"position\":1,\"name\":\"Home\",\"item\":\"https:\\\/\\\/globe-europe.nl\\\/\"},{\"@type\":\"ListItem\",\"position\":2,\"name\":\"Winkel\",\"item\":\"https:\\\/\\\/globe-europe.nl\\\/winkel\\\/\"},{\"@type\":\"ListItem\",\"position\":3,\"name\":\"Eggenberg AF Non Woven Schuurrol &#8211; 100 x 10000 mm &#8211; AF\"}]},{\"@type\":\"WebSite\",\"@id\":\"https:\\\/\\\/globe-europe.nl\\\/#website\",\"url\":\"https:\\\/\\\/globe-europe.nl\\\/\",\"name\":\"Globe Europe\",\"description\":\"\",\"publisher\":{\"@id\":\"https:\\\/\\\/globe-europe.nl\\\/#organization\"},\"potentialAction\":[{\"@type\":\"SearchAction\",\"target\":{\"@type\":\"EntryPoint\",\"urlTemplate\":\"https:\\\/\\\/globe-europe.nl\\\/?s={search_term_string}\"},\"query-input\":{\"@type\":\"PropertyValueSpecification\",\"valueRequired\":true,\"valueName\":\"search_term_string\"}}],\"inLanguage\":\"de\"},{\"@type\":\"Organization\",\"@id\":\"https:\\\/\\\/globe-europe.nl\\\/#organization\",\"name\":\"Globe Europe\",\"url\":\"https:\\\/\\\/globe-europe.nl\\\/\",\"logo\":{\"@type\":\"ImageObject\",\"inLanguage\":\"de\",\"@id\":\"https:\\\/\\\/globe-europe.nl\\\/#\\\/schema\\\/logo\\\/image\\\/\",\"url\":\"https:\\\/\\\/globe-europe.nl\\\/wp-content\\\/uploads\\\/2025\\\/02\\\/GLOBE-LOGO-WEB-GROOT.png\",\"contentUrl\":\"https:\\\/\\\/globe-europe.nl\\\/wp-content\\\/uploads\\\/2025\\\/02\\\/GLOBE-LOGO-WEB-GROOT.png\",\"width\":938,\"height\":404,\"caption\":\"Globe Europe\"},\"image\":{\"@id\":\"https:\\\/\\\/globe-europe.nl\\\/#\\\/schema\\\/logo\\\/image\\\/\"}}]}<\/script>\n<!-- \/ Yoast SEO plugin. -->","yoast_head_json":{"title":"Eggenberg AF Schleifvliesrolle - 100 x 10000 mm - AF - Globus Europa","robots":{"index":"index","follow":"follow","max-snippet":"max-snippet:-1","max-image-preview":"max-image-preview:large","max-video-preview":"max-video-preview:-1"},"canonical":"https:\/\/globe-europe.nl\/de\/produkt\/eggenberg-af-vlies-schleifrolle-100-x-10000-mm\/","og_locale":"de_DE","og_type":"article","og_title":"Eggenberg AF Non Woven Schuurrol - 100 x 10000 mm - AF - Globe Europe","og_description":"Kenmerken Eggenberg AF Non Woven Schuurrol &#8211; 100 x 10000 mm &#8211; AF De nylonvezels zijn met een thermohardende hars samengevoegd tot een driedimensionale webstructuur en zijn beschikbaar in diverse korrelgroftes met een\u00a0aluminiumoxide korrel. Het resultaat is een verend schuurmateriaal met een open structuur dat heel comfortabel werkt en een uniforme en constante finish geeft. [&hellip;]","og_url":"https:\/\/globe-europe.nl\/de\/produkt\/eggenberg-af-vlies-schleifrolle-100-x-10000-mm\/","og_site_name":"Globe Europe","article_modified_time":"2026-02-27T10:24:54+00:00","og_image":[{"width":700,"height":700,"url":"https:\/\/globe-europe.nl\/wp-content\/uploads\/2025\/02\/225.jpg","type":"image\/jpeg"}],"twitter_card":"summary_large_image","twitter_misc":{"Gesch\u00e4tzte Lesezeit":"1\u00a0Minute"},"schema":{"@context":"https:\/\/schema.org","@graph":[{"@type":"WebPage","@id":"https:\/\/globe-europe.nl\/product\/eggenberg-af-non-woven-schuurrol-100-x-10000-mm-af\/","url":"https:\/\/globe-europe.nl\/product\/eggenberg-af-non-woven-schuurrol-100-x-10000-mm-af\/","name":"Eggenberg AF Schleifvliesrolle - 100 x 10000 mm - AF - Globus Europa","isPartOf":{"@id":"https:\/\/globe-europe.nl\/#website"},"primaryImageOfPage":{"@id":"https:\/\/globe-europe.nl\/product\/eggenberg-af-non-woven-schuurrol-100-x-10000-mm-af\/#primaryimage"},"image":{"@id":"https:\/\/globe-europe.nl\/product\/eggenberg-af-non-woven-schuurrol-100-x-10000-mm-af\/#primaryimage"},"thumbnailUrl":"https:\/\/globe-europe.nl\/wp-content\/uploads\/2025\/02\/225.jpg","datePublished":"2025-02-04T09:44:07+00:00","dateModified":"2026-02-27T10:24:54+00:00","breadcrumb":{"@id":"https:\/\/globe-europe.nl\/product\/eggenberg-af-non-woven-schuurrol-100-x-10000-mm-af\/#breadcrumb"},"inLanguage":"de","potentialAction":[{"@type":"ReadAction","target":["https:\/\/globe-europe.nl\/product\/eggenberg-af-non-woven-schuurrol-100-x-10000-mm-af\/"]}]},{"@type":"ImageObject","inLanguage":"de","@id":"https:\/\/globe-europe.nl\/product\/eggenberg-af-non-woven-schuurrol-100-x-10000-mm-af\/#primaryimage","url":"https:\/\/globe-europe.nl\/wp-content\/uploads\/2025\/02\/225.jpg","contentUrl":"https:\/\/globe-europe.nl\/wp-content\/uploads\/2025\/02\/225.jpg","width":700,"height":700},{"@type":"BreadcrumbList","@id":"https:\/\/globe-europe.nl\/product\/eggenberg-af-non-woven-schuurrol-100-x-10000-mm-af\/#breadcrumb","itemListElement":[{"@type":"ListItem","position":1,"name":"Home","item":"https:\/\/globe-europe.nl\/"},{"@type":"ListItem","position":2,"name":"Winkel","item":"https:\/\/globe-europe.nl\/winkel\/"},{"@type":"ListItem","position":3,"name":"Eggenberg AF Non Woven Schuurrol &#8211; 100 x 10000 mm &#8211; AF"}]},{"@type":"WebSite","@id":"https:\/\/globe-europe.nl\/#website","url":"https:\/\/globe-europe.nl\/","name":"Globe Europe","description":"","publisher":{"@id":"https:\/\/globe-europe.nl\/#organization"},"potentialAction":[{"@type":"SearchAction","target":{"@type":"EntryPoint","urlTemplate":"https:\/\/globe-europe.nl\/?s={search_term_string}"},"query-input":{"@type":"PropertyValueSpecification","valueRequired":true,"valueName":"search_term_string"}}],"inLanguage":"de"},{"@type":"Organization","@id":"https:\/\/globe-europe.nl\/#organization","name":"Globe Europe","url":"https:\/\/globe-europe.nl\/","logo":{"@type":"ImageObject","inLanguage":"de","@id":"https:\/\/globe-europe.nl\/#\/schema\/logo\/image\/","url":"https:\/\/globe-europe.nl\/wp-content\/uploads\/2025\/02\/GLOBE-LOGO-WEB-GROOT.png","contentUrl":"https:\/\/globe-europe.nl\/wp-content\/uploads\/2025\/02\/GLOBE-LOGO-WEB-GROOT.png","width":938,"height":404,"caption":"Globe Europe"},"image":{"@id":"https:\/\/globe-europe.nl\/#\/schema\/logo\/image\/"}}]}},"_links":{"self":[{"href":"https:\/\/globe-europe.nl\/de\/wp-json\/wp\/v2\/product\/464","targetHints":{"allow":["GET"]}}],"collection":[{"href":"https:\/\/globe-europe.nl\/de\/wp-json\/wp\/v2\/product"}],"about":[{"href":"https:\/\/globe-europe.nl\/de\/wp-json\/wp\/v2\/types\/product"}],"replies":[{"embeddable":true,"href":"https:\/\/globe-europe.nl\/de\/wp-json\/wp\/v2\/comments?post=464"}],"wp:featuredmedia":[{"embeddable":true,"href":"https:\/\/globe-europe.nl\/de\/wp-json\/wp\/v2\/media\/463"}],"wp:attachment":[{"href":"https:\/\/globe-europe.nl\/de\/wp-json\/wp\/v2\/media?parent=464"}],"wp:term":[{"taxonomy":"product_brand","embeddable":true,"href":"https:\/\/globe-europe.nl\/de\/wp-json\/wp\/v2\/product_brand?post=464"},{"taxonomy":"product_cat","embeddable":true,"href":"https:\/\/globe-europe.nl\/de\/wp-json\/wp\/v2\/product_cat?post=464"},{"taxonomy":"product_tag","embeddable":true,"href":"https:\/\/globe-europe.nl\/de\/wp-json\/wp\/v2\/product_tag?post=464"}],"curies":[{"name":"wp","href":"https:\/\/api.w.org\/{rel}","templated":true}]}}