{"id":619,"date":"2025-02-04T09:45:12","date_gmt":"2025-02-04T09:45:12","guid":{"rendered":"https:\/\/globe-europe.nl\/product\/eggenberg-hss-kernboor-weldon-19-47x30-mm\/"},"modified":"2025-02-04T11:35:05","modified_gmt":"2025-02-04T11:35:05","slug":"eggenberg-hss-kernbohrer-weldon-19-47x30-mm","status":"publish","type":"product","link":"https:\/\/globe-europe.nl\/de\/product\/eggenberg-hss-kernboor-weldon-19-47x30-mm\/","title":{"rendered":"Eggenberg HSS Kernbohrer Weldon 19 - 47\u00d730 mm"},"content":{"rendered":"<p><strong>Merkmale Eggenberg HSS-Kernbohrer Weldon 19 - 47\u00d730 mm<\/strong><\/p>\n<ul>\n<li>Vollst\u00e4ndig geschliffene, klare Version<\/li>\n<li>Stufengeh\u00e4rteter Kernbohrer mit sehr harten (bis zu 68 HRc) und verschlei\u00dffesten Z\u00e4hnen<\/li>\n<li>Robuster und starker Bohrerk\u00f6rper, der Anwendungen mit Drehmoment\u00fcbertragung erm\u00f6glicht<\/li>\n<li>Weldon 19mm (3\/4\u2033) Einlass<\/li>\n<li>Geeignet f\u00fcr:\n<ul>\n<li>Bohren von allen Baust\u00e4hlen<\/li>\n<li>Bohren von niedriglegierten St\u00e4hlen und Stahlguss bis ca. 750 N\/mm\u00b2<\/li>\n<li>Werkstoffgruppen: 1.1 - 1.3<\/li>\n<\/ul>\n<\/li>\n<\/ul>\n<p><strong>Technische Daten<\/strong><\/p>\n<ul>\n<li>Durchmesser (d1) - 47 mm<\/li>\n<li>Bohrtiefe (Tmax) - 30 mm<\/li>\n<li>Aufzeichnung (d2) - WLD 19<\/li>\n<li>Werkstoff - HSS<\/li>\n<li>Oberfl\u00e4che - Klar<\/li>\n<\/ul>\n<p><strong>Umfang der Lieferung<\/strong><\/p>\n<ul>\n<li>Eggenberg HSS Kernbohrer Weldon 19 - 47\u00d730 mm<\/li>\n<\/ul>","protected":false},"excerpt":{"rendered":"<p>Kenmerken Eggenberg HSS Kernboor Weldon 19 \u2013 47\u00d730 mm Volledig geslepen, blanke uitvoering Trapsgewijs geharde kernboor met zeer harde(tot wel 68 HRc) en slijtvaste tanden Taai en sterk boorlichaam, wat toepassingen met koppeloverdrachten mogelijk maakt Weldon 19mm (3\/4\u2033) opname Geschikt voor: Boren van alle constructiestalen Boren van laag gelegeerde staalsoorten en gietstaal tot ca. 750 [&hellip;]<\/p>\n","protected":false},"featured_media":618,"comment_status":"open","ping_status":"closed","template":"","meta":[],"product_brand":[22],"product_cat":[44,41],"product_tag":[],"class_list":{"0":"post-619","1":"product","2":"type-product","3":"status-publish","4":"has-post-thumbnail","6":"product_brand-eggenberg","7":"product_cat-kernboor","8":"product_cat-verbruiksartikelen","10":"first","11":"instock","12":"shipping-taxable","13":"product-type-simple"},"ct_brands":[{"id":22,"name":"EGGENBERG","slug":"eggenberg"}],"yoast_head":"<!-- This site is optimized with the Yoast SEO plugin v27.3 - https:\/\/yoast.com\/product\/yoast-seo-wordpress\/ -->\n<title>Eggenberg HSS Kernboor Weldon 19 \u2013 47\u00d730 mm - Globe Europe<\/title>\n<meta name=\"robots\" content=\"index, follow, max-snippet:-1, max-image-preview:large, max-video-preview:-1\" \/>\n<link rel=\"canonical\" href=\"https:\/\/globe-europe.nl\/de\/produkt\/eggenberg-hss-kernbohrer-weldon-19-47x30-mm\/\" \/>\n<meta property=\"og:locale\" content=\"de_DE\" \/>\n<meta property=\"og:type\" content=\"article\" \/>\n<meta property=\"og:title\" content=\"Eggenberg HSS Kernboor Weldon 19 \u2013 47\u00d730 mm - Globe Europe\" \/>\n<meta property=\"og:description\" content=\"Kenmerken Eggenberg HSS Kernboor Weldon 19 \u2013 47\u00d730 mm Volledig geslepen, blanke uitvoering Trapsgewijs geharde kernboor met zeer harde(tot wel 68 HRc) en slijtvaste tanden Taai en sterk boorlichaam, wat toepassingen met koppeloverdrachten mogelijk maakt Weldon 19mm (3\/4\u2033) opname Geschikt voor: Boren van alle constructiestalen Boren van laag gelegeerde staalsoorten en gietstaal tot ca. 750 [&hellip;]\" \/>\n<meta property=\"og:url\" content=\"https:\/\/globe-europe.nl\/de\/produkt\/eggenberg-hss-kernbohrer-weldon-19-47x30-mm\/\" \/>\n<meta property=\"og:site_name\" content=\"Globe Europe\" \/>\n<meta property=\"article:modified_time\" content=\"2025-02-04T11:35:05+00:00\" \/>\n<meta property=\"og:image\" content=\"https:\/\/globe-europe.nl\/wp-content\/uploads\/2025\/02\/BJC-Tools-HSS-Kernboor-Weldon-19.jpg\" \/>\n\t<meta property=\"og:image:width\" content=\"700\" \/>\n\t<meta property=\"og:image:height\" content=\"700\" \/>\n\t<meta property=\"og:image:type\" content=\"image\/jpeg\" \/>\n<meta name=\"twitter:card\" content=\"summary_large_image\" \/>\n<meta name=\"twitter:label1\" content=\"Gesch\u00e4tzte Lesezeit\" \/>\n\t<meta name=\"twitter:data1\" content=\"1\u00a0Minute\" \/>\n<script type=\"application\/ld+json\" class=\"yoast-schema-graph\">{\"@context\":\"https:\\\/\\\/schema.org\",\"@graph\":[{\"@type\":\"WebPage\",\"@id\":\"https:\\\/\\\/globe-europe.nl\\\/product\\\/eggenberg-hss-kernboor-weldon-19-47x30-mm\\\/\",\"url\":\"https:\\\/\\\/globe-europe.nl\\\/product\\\/eggenberg-hss-kernboor-weldon-19-47x30-mm\\\/\",\"name\":\"Eggenberg HSS Kernboor Weldon 19 \u2013 47\u00d730 mm - Globe Europe\",\"isPartOf\":{\"@id\":\"https:\\\/\\\/globe-europe.nl\\\/#website\"},\"primaryImageOfPage\":{\"@id\":\"https:\\\/\\\/globe-europe.nl\\\/product\\\/eggenberg-hss-kernboor-weldon-19-47x30-mm\\\/#primaryimage\"},\"image\":{\"@id\":\"https:\\\/\\\/globe-europe.nl\\\/product\\\/eggenberg-hss-kernboor-weldon-19-47x30-mm\\\/#primaryimage\"},\"thumbnailUrl\":\"https:\\\/\\\/globe-europe.nl\\\/wp-content\\\/uploads\\\/2025\\\/02\\\/BJC-Tools-HSS-Kernboor-Weldon-19.jpg\",\"datePublished\":\"2025-02-04T09:45:12+00:00\",\"dateModified\":\"2025-02-04T11:35:05+00:00\",\"breadcrumb\":{\"@id\":\"https:\\\/\\\/globe-europe.nl\\\/product\\\/eggenberg-hss-kernboor-weldon-19-47x30-mm\\\/#breadcrumb\"},\"inLanguage\":\"de\",\"potentialAction\":[{\"@type\":\"ReadAction\",\"target\":[\"https:\\\/\\\/globe-europe.nl\\\/product\\\/eggenberg-hss-kernboor-weldon-19-47x30-mm\\\/\"]}]},{\"@type\":\"ImageObject\",\"inLanguage\":\"de\",\"@id\":\"https:\\\/\\\/globe-europe.nl\\\/product\\\/eggenberg-hss-kernboor-weldon-19-47x30-mm\\\/#primaryimage\",\"url\":\"https:\\\/\\\/globe-europe.nl\\\/wp-content\\\/uploads\\\/2025\\\/02\\\/BJC-Tools-HSS-Kernboor-Weldon-19.jpg\",\"contentUrl\":\"https:\\\/\\\/globe-europe.nl\\\/wp-content\\\/uploads\\\/2025\\\/02\\\/BJC-Tools-HSS-Kernboor-Weldon-19.jpg\",\"width\":700,\"height\":700},{\"@type\":\"BreadcrumbList\",\"@id\":\"https:\\\/\\\/globe-europe.nl\\\/product\\\/eggenberg-hss-kernboor-weldon-19-47x30-mm\\\/#breadcrumb\",\"itemListElement\":[{\"@type\":\"ListItem\",\"position\":1,\"name\":\"Home\",\"item\":\"https:\\\/\\\/globe-europe.nl\\\/\"},{\"@type\":\"ListItem\",\"position\":2,\"name\":\"Winkel\",\"item\":\"https:\\\/\\\/globe-europe.nl\\\/winkel\\\/\"},{\"@type\":\"ListItem\",\"position\":3,\"name\":\"Eggenberg HSS Kernboor Weldon 19 \u2013 47\u00d730 mm\"}]},{\"@type\":\"WebSite\",\"@id\":\"https:\\\/\\\/globe-europe.nl\\\/#website\",\"url\":\"https:\\\/\\\/globe-europe.nl\\\/\",\"name\":\"Globe Europe\",\"description\":\"\",\"publisher\":{\"@id\":\"https:\\\/\\\/globe-europe.nl\\\/#organization\"},\"potentialAction\":[{\"@type\":\"SearchAction\",\"target\":{\"@type\":\"EntryPoint\",\"urlTemplate\":\"https:\\\/\\\/globe-europe.nl\\\/?s={search_term_string}\"},\"query-input\":{\"@type\":\"PropertyValueSpecification\",\"valueRequired\":true,\"valueName\":\"search_term_string\"}}],\"inLanguage\":\"de\"},{\"@type\":\"Organization\",\"@id\":\"https:\\\/\\\/globe-europe.nl\\\/#organization\",\"name\":\"Globe Europe\",\"url\":\"https:\\\/\\\/globe-europe.nl\\\/\",\"logo\":{\"@type\":\"ImageObject\",\"inLanguage\":\"de\",\"@id\":\"https:\\\/\\\/globe-europe.nl\\\/#\\\/schema\\\/logo\\\/image\\\/\",\"url\":\"https:\\\/\\\/globe-europe.nl\\\/wp-content\\\/uploads\\\/2025\\\/02\\\/GLOBE-LOGO-WEB-GROOT.png\",\"contentUrl\":\"https:\\\/\\\/globe-europe.nl\\\/wp-content\\\/uploads\\\/2025\\\/02\\\/GLOBE-LOGO-WEB-GROOT.png\",\"width\":938,\"height\":404,\"caption\":\"Globe Europe\"},\"image\":{\"@id\":\"https:\\\/\\\/globe-europe.nl\\\/#\\\/schema\\\/logo\\\/image\\\/\"}}]}<\/script>\n<!-- \/ Yoast SEO plugin. -->","yoast_head_json":{"title":"Eggenberg HSS Kernbohrer Weldon 19 - 47\u00d730 mm - Globus Europa","robots":{"index":"index","follow":"follow","max-snippet":"max-snippet:-1","max-image-preview":"max-image-preview:large","max-video-preview":"max-video-preview:-1"},"canonical":"https:\/\/globe-europe.nl\/de\/produkt\/eggenberg-hss-kernbohrer-weldon-19-47x30-mm\/","og_locale":"de_DE","og_type":"article","og_title":"Eggenberg HSS Kernboor Weldon 19 \u2013 47\u00d730 mm - Globe Europe","og_description":"Kenmerken Eggenberg HSS Kernboor Weldon 19 \u2013 47\u00d730 mm Volledig geslepen, blanke uitvoering Trapsgewijs geharde kernboor met zeer harde(tot wel 68 HRc) en slijtvaste tanden Taai en sterk boorlichaam, wat toepassingen met koppeloverdrachten mogelijk maakt Weldon 19mm (3\/4\u2033) opname Geschikt voor: Boren van alle constructiestalen Boren van laag gelegeerde staalsoorten en gietstaal tot ca. 750 [&hellip;]","og_url":"https:\/\/globe-europe.nl\/de\/produkt\/eggenberg-hss-kernbohrer-weldon-19-47x30-mm\/","og_site_name":"Globe Europe","article_modified_time":"2025-02-04T11:35:05+00:00","og_image":[{"width":700,"height":700,"url":"https:\/\/globe-europe.nl\/wp-content\/uploads\/2025\/02\/BJC-Tools-HSS-Kernboor-Weldon-19.jpg","type":"image\/jpeg"}],"twitter_card":"summary_large_image","twitter_misc":{"Gesch\u00e4tzte Lesezeit":"1\u00a0Minute"},"schema":{"@context":"https:\/\/schema.org","@graph":[{"@type":"WebPage","@id":"https:\/\/globe-europe.nl\/product\/eggenberg-hss-kernboor-weldon-19-47x30-mm\/","url":"https:\/\/globe-europe.nl\/product\/eggenberg-hss-kernboor-weldon-19-47x30-mm\/","name":"Eggenberg HSS Kernbohrer Weldon 19 - 47\u00d730 mm - Globus Europa","isPartOf":{"@id":"https:\/\/globe-europe.nl\/#website"},"primaryImageOfPage":{"@id":"https:\/\/globe-europe.nl\/product\/eggenberg-hss-kernboor-weldon-19-47x30-mm\/#primaryimage"},"image":{"@id":"https:\/\/globe-europe.nl\/product\/eggenberg-hss-kernboor-weldon-19-47x30-mm\/#primaryimage"},"thumbnailUrl":"https:\/\/globe-europe.nl\/wp-content\/uploads\/2025\/02\/BJC-Tools-HSS-Kernboor-Weldon-19.jpg","datePublished":"2025-02-04T09:45:12+00:00","dateModified":"2025-02-04T11:35:05+00:00","breadcrumb":{"@id":"https:\/\/globe-europe.nl\/product\/eggenberg-hss-kernboor-weldon-19-47x30-mm\/#breadcrumb"},"inLanguage":"de","potentialAction":[{"@type":"ReadAction","target":["https:\/\/globe-europe.nl\/product\/eggenberg-hss-kernboor-weldon-19-47x30-mm\/"]}]},{"@type":"ImageObject","inLanguage":"de","@id":"https:\/\/globe-europe.nl\/product\/eggenberg-hss-kernboor-weldon-19-47x30-mm\/#primaryimage","url":"https:\/\/globe-europe.nl\/wp-content\/uploads\/2025\/02\/BJC-Tools-HSS-Kernboor-Weldon-19.jpg","contentUrl":"https:\/\/globe-europe.nl\/wp-content\/uploads\/2025\/02\/BJC-Tools-HSS-Kernboor-Weldon-19.jpg","width":700,"height":700},{"@type":"BreadcrumbList","@id":"https:\/\/globe-europe.nl\/product\/eggenberg-hss-kernboor-weldon-19-47x30-mm\/#breadcrumb","itemListElement":[{"@type":"ListItem","position":1,"name":"Home","item":"https:\/\/globe-europe.nl\/"},{"@type":"ListItem","position":2,"name":"Winkel","item":"https:\/\/globe-europe.nl\/winkel\/"},{"@type":"ListItem","position":3,"name":"Eggenberg HSS Kernboor Weldon 19 \u2013 47\u00d730 mm"}]},{"@type":"WebSite","@id":"https:\/\/globe-europe.nl\/#website","url":"https:\/\/globe-europe.nl\/","name":"Globe Europe","description":"","publisher":{"@id":"https:\/\/globe-europe.nl\/#organization"},"potentialAction":[{"@type":"SearchAction","target":{"@type":"EntryPoint","urlTemplate":"https:\/\/globe-europe.nl\/?s={search_term_string}"},"query-input":{"@type":"PropertyValueSpecification","valueRequired":true,"valueName":"search_term_string"}}],"inLanguage":"de"},{"@type":"Organization","@id":"https:\/\/globe-europe.nl\/#organization","name":"Globe Europe","url":"https:\/\/globe-europe.nl\/","logo":{"@type":"ImageObject","inLanguage":"de","@id":"https:\/\/globe-europe.nl\/#\/schema\/logo\/image\/","url":"https:\/\/globe-europe.nl\/wp-content\/uploads\/2025\/02\/GLOBE-LOGO-WEB-GROOT.png","contentUrl":"https:\/\/globe-europe.nl\/wp-content\/uploads\/2025\/02\/GLOBE-LOGO-WEB-GROOT.png","width":938,"height":404,"caption":"Globe Europe"},"image":{"@id":"https:\/\/globe-europe.nl\/#\/schema\/logo\/image\/"}}]}},"_links":{"self":[{"href":"https:\/\/globe-europe.nl\/de\/wp-json\/wp\/v2\/product\/619","targetHints":{"allow":["GET"]}}],"collection":[{"href":"https:\/\/globe-europe.nl\/de\/wp-json\/wp\/v2\/product"}],"about":[{"href":"https:\/\/globe-europe.nl\/de\/wp-json\/wp\/v2\/types\/product"}],"replies":[{"embeddable":true,"href":"https:\/\/globe-europe.nl\/de\/wp-json\/wp\/v2\/comments?post=619"}],"wp:featuredmedia":[{"embeddable":true,"href":"https:\/\/globe-europe.nl\/de\/wp-json\/wp\/v2\/media\/618"}],"wp:attachment":[{"href":"https:\/\/globe-europe.nl\/de\/wp-json\/wp\/v2\/media?parent=619"}],"wp:term":[{"taxonomy":"product_brand","embeddable":true,"href":"https:\/\/globe-europe.nl\/de\/wp-json\/wp\/v2\/product_brand?post=619"},{"taxonomy":"product_cat","embeddable":true,"href":"https:\/\/globe-europe.nl\/de\/wp-json\/wp\/v2\/product_cat?post=619"},{"taxonomy":"product_tag","embeddable":true,"href":"https:\/\/globe-europe.nl\/de\/wp-json\/wp\/v2\/product_tag?post=619"}],"curies":[{"name":"wp","href":"https:\/\/api.w.org\/{rel}","templated":true}]}}